{"id":1241,"date":"2020-08-05T12:12:06","date_gmt":"2020-08-05T12:12:06","guid":{"rendered":"https:\/\/floridareprofreedom.org\/?page_id=1241"},"modified":"2020-08-05T17:02:58","modified_gmt":"2020-08-05T17:02:58","slug":"%d8%ac-%d8%a8-3","status":"publish","type":"page","link":"https:\/\/floridareprofreedom.org\/ar\/jb3\/","title":{"rendered":"\u00bfQu\u00e9 formarios necesito?"},"content":{"rendered":"<p><b>\u0642\u0645 \u0628\u0625\u0643\u0645\u0627\u0644 \u0627\u0644\u0635\u064a\u063a \u0627\u0644\u062a\u0627\u0644\u064a\u0629 (<\/b><a href=\"https:\/\/drive.google.com\/open?id=1viS619hMmAFomyK2ANCK1TPd-l4qF18E\"><b>\u0642\u0645 \u0628\u062a\u0646\u0632\u064a\u0644 \u0627\u0644\u0637\u0644\u0628 \u0628\u0635\u064a\u063a\u0629 PDF \u0647\u0646\u0627<\/b><\/a><b>)<\/b><\/p>\n<p><span style=\"font-weight: 400;\">\u0641\u064a \u0627\u0644\u0639\u062f\u064a\u062f \u0645\u0646 \u0627\u0644\u0634\u0642\u0642\u060c \u064a\u0645\u0643\u0646 \u0625\u0643\u0645\u0627\u0644 \u0647\u0630\u0647 \u0627\u0644\u0648\u0635\u0641\u0627\u062a \u0645\u0639 \u0627\u0644\u062a\u0631\u0642\u0628. \u0641\u064a \u062d\u0627\u0644\u0627\u062a \u0623\u062e\u0631\u0649\u060c \u064a\u0645\u0643\u0646 \u0644\u0644\u0645\u0633\u0624\u0648\u0644 \u0623\u0646 \u064a\u0633\u0627\u0639\u062f \u0641\u064a \u0645\u0633\u0627\u0639\u062f\u0629 \u0627\u0644\u0623\u0634\u062e\u0627\u0635\u060c \u0628\u064a\u0646\u0645\u0627 \u064a\u0645\u0643\u0646 \u0644\u0644\u0645\u0633\u0624\u0648\u0644\u064a\u0646 \u0627\u0644\u0622\u062e\u0631\u064a\u0646 \u0627\u0644\u0645\u0639\u064a\u0646\u064a\u0646 \u0644\u0644\u0642\u0635 \u0623\u0646 \u064a\u0633\u0627\u0639\u062f\u0648\u0627 \u0623\u0648 \u062d\u062a\u0649 \u0641\u064a \u0627\u0644\u0642\u064a\u0627\u0645 \u0628\u0630\u0644\u0643 \u0628\u0639\u062f \u0627\u0644\u062a\u062d\u062f\u062b \u0639\u0646 \u0647\u0630\u0627 \u0627\u0644\u0623\u0645\u0631. \u0627\u0644\u0645\u0632\u064a\u062f \u0645\u0646 \u0627\u0644\u0645\u0639\u0644\u0648\u0645\u0627\u062a \u062d\u0648\u0644 \u0643\u064a\u0641\u064a\u0629 \u0625\u062f\u0627\u0631\u0629 \u0647\u0630\u0647 \u0627\u0644\u0637\u0644\u0628\u0627\u062a \u0641\u064a \u0645\u0646\u0632\u0644\u0643 \u0648\u064a\u0645\u0643\u0646\u0643 \u0627\u0644\u0639\u062b\u0648\u0631 \u0639\u0644\u064a\u0647\u0627 \u0641\u064a \u0627\u0644\u0635\u0641\u062d\u0629: \u00bf<\/span><a href=\"https:\/\/floridareprofreedom.org\/ar\/%d8%a3%d9%8a%d9%86\/\"><span style=\"font-weight: 400;\">\u0647\u0644 \u064a\u0645\u0643\u0646\u0643 \u0627\u0644\u062d\u0635\u0648\u0644 \u0639\u0644\u0649 \u0628\u062f\u064a\u0644 \u0642\u0636\u0627\u0626\u064a\u061f\u00a0<\/span><\/a><\/p>\n<ol>\n<li style=\"font-weight: 400;\"><span style=\"font-weight: 400;\">&quot;\u0628\u064a\u0627\u0646 \u0645\u062d\u0644\u0641 \u0628\u0627\u0644\u0627\u0633\u0645 \u0627\u0644\u062d\u0642\u064a\u0642\u064a \u0648\u0627\u0644\u0627\u0633\u0645 \u0627\u0644\u0645\u0633\u062a\u0639\u0627\u0631&quot; - (Declaraci\u00f3n Jurada de Nombre Verdadero o Pseud\u00f3nimo) \u0647\u0630\u0627 \u0627\u0644\u0645\u0633\u062a\u0646\u062f \u064a\u062d\u0645\u064a \u0647\u0648\u064a\u062a\u0643 \u0648\u064a\u0636\u0645\u0646 \u0644\u0643 \u0623\u0646 \u062a\u0628\u062f\u0623 \u0645\u0646 \u062c\u062f\u064a\u062f \u0628\u0639\u062f \u0623\u0646 \u062a\u0642\u0648\u0645 \u0628\u0642\u0635 \u0647\u0630\u0627 \u0627\u0644\u062a\u0646\u0641\u064a\u0630. \u064a\u0645\u0643\u0646\u0643 \u0627\u0644\u062a\u0639\u0631\u0641 \u0639\u0644\u0649 \u0627\u0633\u0645 \u0622\u062e\u0631 \u0644\u0627\u0633\u062a\u062e\u062f\u0627\u0645\u0647 \u0641\u064a \u0627\u0644\u0630\u0628\u062d \u0641\u064a \u0645\u0643\u0627\u0646 \u0627\u0633\u0645 \u0645\u064a\u0644\u0627\u062f\u0643. \u0641\u064a \u0625\u062d\u062f\u0649 \u0627\u0644\u0645\u0631\u0627\u062a\u060c \u062a\u0634\u064a\u0631 \u0647\u0630\u0647 \u0627\u0644\u0639\u0631\u064a\u0636\u0629 \u0625\u0644\u0649 \u0627\u0633\u062a\u062e\u062f\u0627\u0645\u0643 \u0644\u0644\u0623\u062d\u0631\u0641 \u0627\u0644\u0623\u0648\u0644\u0649 \u0623\u0648 \u0627\u0644\u0635\u0648\u0631\u0629 \u0627\u0644\u0632\u0627\u0626\u0641\u0629 \u0627\u0644\u062a\u064a \u062a\u0631\u064a\u062f\u0647\u0627. \u0647\u0630\u0627 \u0647\u0648 \u062d\u0642 \u0627\u0644\u062d\u0635\u0648\u0644 \u0639\u0644\u0649 \u0627\u0644\u0625\u062c\u0647\u0627\u0636 \u0628\u062f\u0648\u0646 \u062f\u062e\u0648\u0644 \u0627\u0644\u0622\u0628\u0627\u0621 \u0623\u0648 \u0627\u0644\u062d\u0631\u0627\u0633.\u00a0<\/span><\/li>\n<li style=\"font-weight: 400;\"><span style=\"font-weight: 400;\">&quot;\u0627\u0644\u062a\u0645\u0627\u0633 \u0627\u0644\u062a\u062c\u0627\u0648\u0632 \u0627\u0644\u0642\u0636\u0627\u0626\u064a&quot; - \u0627\u0644\u062a\u0645\u0627\u0633 \u0628\u062f\u064a\u0644 \u0642\u0636\u0627\u0626\u064a: \u0647\u0630\u0647 \u0627\u0644\u0648\u062b\u064a\u0642\u0629 \u0647\u064a \u0627\u0644\u062a\u0645\u0627\u0633 \u0645\u0646 \u0647\u0630\u0627 \u0627\u0644\u0642\u0628\u064a\u0644. \u064a\u0645\u0643\u0646\u0643 \u0627\u0644\u0627\u0634\u062a\u0631\u0627\u0643 \u0623\u0648 \u0643\u062a\u0627\u0628\u0629 \u0627\u0644\u062a\u0645\u0627\u0633\u0643 \u0627\u0644\u062e\u0627\u0635 \u0623\u0648 \u0625\u0631\u0633\u0627\u0644 \u0631\u0633\u0627\u0644\u062a\u0643 \u0623\u0648 \u064a\u0645\u0643\u0646\u0643 \u0642\u0631\u0627\u0621\u0629 \u0647\u0630\u0627 \u0627\u0644\u0627\u0644\u062a\u0645\u0627\u0633. \u064a\u062a\u0636\u0645\u0646 \u0647\u0630\u0627 \u0627\u0644\u0639\u0646\u0635\u0631:\u00a0<\/span>\n<ol>\n<li style=\"font-weight: 400;\"><span style=\"font-weight: 400;\">Tu seud\u00f3nimo o iniciales (qualquiera que escojas en tu Declaracion Jurada de Nombre Verdadero o pseud\u00f3nimo.<\/span><\/li>\n<li style=\"font-weight: 400;\"><span style=\"font-weight: 400;\">\u00a0\u0639\u064a\u062f<\/span><\/li>\n<li style=\"font-weight: 400;\"><span style=\"font-weight: 400;\">\u0625\u0639\u0644\u0627\u0646 \u0628\u0623\u0646\u0643 \u0645\u062d\u0631\u062c \u0648\u0623\u0646 \u0648\u0627\u0644\u062f\u0643 \u0644\u0627 \u064a\u0639\u0631\u0641 \u0634\u064a\u0626\u064b\u0627 \u0639\u0646 \u0627\u0644\u0625\u062c\u0647\u0627\u0636 \u0648\u0623\u0646\u0647 \u0644\u0645 \u064a\u0623\u0630\u0646 \u0644\u0643 \u0628\u0645\u0645\u0627\u0631\u0633\u0629 \u0627\u0644\u0625\u062c\u0647\u0627\u0636.\u00a0<\/span><\/li>\n<li style=\"font-weight: 400;\"><span style=\"font-weight: 400;\">\u0625\u0639\u0644\u0627\u0646 \u062d\u0648\u0644 \u0645\u0627 \u062a\u0631\u064a\u062f \u0625\u0646\u0647\u0627\u0621\u0647 \u0645\u0639 \u0639\u062f\u0645 \u0627\u0644\u0633\u0645\u0627\u062d \u0644\u0643 \u0628\u0627\u0644\u0631\u062d\u064a\u0644 \u0639\u0646 \u0622\u0628\u0627\u0626\u0643 \u0623\u0648 \u062d\u0631\u0627\u0633\u0643. \u062a\u0623\u0643\u062f \u0645\u0646 \u0642\u0628\u0648\u0644 &quot;\u0627\u0644\u0645\u0648\u0627\u0641\u0642\u0629 \u0648\u0627\u0644\u0625\u0634\u0639\u0627\u0631&quot; \u0641\u064a \u0647\u0630\u0647 \u0627\u0644\u0645\u0642\u0627\u0644\u0629.<\/span><\/li>\n<li style=\"font-weight: 400;\"><span style=\"font-weight: 400;\">\u062a\u0641\u0633\u064a\u0631 \u0644\u0645\u0627\u0630\u0627 \u062a\u0631\u064a\u062f \u0645\u0642\u0627\u0637\u0639\u0629 \u0625\u062d\u0631\u0627\u062c\u0643. \u0647\u0646\u0627\u0643 \u062b\u0644\u0627\u062b \u0637\u0631\u0642 \u064a\u0645\u0643\u0646\u0643 \u0645\u0646 \u062e\u0644\u0627\u0644\u0647\u0627 \u0627\u0644\u062d\u0635\u0648\u0644 \u0639\u0644\u0649 \u0628\u062f\u064a\u0644 \u0642\u0636\u0627\u0626\u064a. \u064a\u062c\u0628 \u0623\u0646 \u0646\u062e\u062a\u0628\u0631 \u0648\u0627\u062d\u062f\u0629 \u0645\u0646 \u0647\u0630\u0647 \u0627\u0644\u0623\u0633\u0628\u0627\u0628 \u0627\u0644\u062b\u0644\u0627\u062b\u0629. \u0625\u0630\u0627 \u0643\u0646\u062a \u062a\u0633\u062a\u062e\u062f\u0645 \u0623\u062d\u062f \u0627\u0644\u0628\u062f\u0627\u0626\u0644 \u0627\u0644\u0645\u0637\u0628\u0642\u0629\u060c \u0641\u064a\u062c\u0628 \u0639\u0644\u064a\u0643 \u0634\u0631\u062d \u0643\u0644 \u0633\u0628\u0628 \u064a\u062a\u0645 \u062a\u0637\u0628\u064a\u0642\u0647. \u0627\u0644\u0623\u0633\u0628\u0627\u0628 \u0627\u0644\u062b\u0644\u0627\u062b\u0629 \u0647\u064a: 1) \u0623\u0646\u0647\u0627 \u0646\u0636\u0631\u0629 \u0623\u0648 (\u0645\u0627\u062f\u0648\u0631\u0648) \u0643\u0627\u0641\u064a\u0629 \u0644\u062a\u0642\u0631\u0631 \u0645\u0627 \u0625\u0630\u0627 \u0643\u0646\u062a \u0633\u062a\u0642\u0648\u0645 \u0628\u0627\u0644\u0625\u062c\u0647\u0627\u0636 2) \u0623\u0646\u0647\u0627 \u0636\u062d\u064a\u0629 \u0644\u0644\u0639\u0646\u0641 \u0627\u0644\u0645\u0646\u0632\u0644\u064a \u0623\u0648 \u0627\u0644\u062c\u0646\u0633\u064a \u0645\u0646 \u062c\u0627\u0646\u0628 \u0627\u0644\u0623\u0628\u0648\u064a\u0646 \u0623\u0648 \u0627\u0644\u0648\u0635\u064a \u0623\u0648 3) \u0625\u062e\u0637\u0627\u0631 \u0623\u062d\u062f \u0627\u0644\u0623\u0628\u0648\u064a\u0646 \u0623\u0648 \u0627\u0644\u062d\u0636\u0627\u0646\u0629 \u0644\u064a\u0633 \u0628\u062f\u064a\u0644\u0627\u064b \u0645\u062a\u0627\u062d\u064b\u0627 \u0644\u0643 \u0623\u0641\u0636\u0644 \u0627\u0644\u0627\u0647\u062a\u0645\u0627\u0645\u0627\u062a.<\/span><\/li>\n<\/ol>\n<\/li>\n<\/ol>\n<p style=\"text-align: center;\"><a href=\"https:\/\/floridareprofreedom.org\/ar\/%d8%a7%d9%84%d8%a8%d8%af%d9%8a%d9%84-%d8%a7%d9%84%d9%82%d8%b6%d8%a7%d8%a6%d9%8a-%d9%81%d9%8a-%d9%81%d9%84%d9%88%d8%b1%d9%8a%d8%af%d8%a7\/\">Regresar al inicio<\/a>\u00a0 |\u00a0\u00a0<a href=\"https:\/\/floridareprofreedom.org\/ar\/jb2\/\">\u0627\u0644\u0633\u0624\u0627\u0644 \u0627\u0644\u0633\u0627\u0628\u0642<\/a>\u00a0 \u00a0 |\u00a0 <a href=\"https:\/\/floridareprofreedom.org\/ar\/%d8%ac-%d8%a8-4\/\">\u0627\u0644\u0635\u0641\u062d\u0629 \u0627\u0644\u062a\u0627\u0644\u064a\u0629<\/a><\/p>\n<p><b>Preguntas Relacionadas<\/b><\/p>\n<ol>\n<li style=\"font-weight: 400;\"><span style=\"font-weight: 400;\"><a href=\"https:\/\/floridareprofreedom.org\/ar\/%d8%ac-%d8%a8-1\/\">\u00bf<\/a><a href=\"https:\/\/floridareprofreedom.org\/ar\/%d8%ac-%d8%a8-1\/\">\u0645\u0627 \u0647\u0648 \u0627\u0644\u0628\u062f\u064a\u0644 \u0627\u0644\u0642\u0636\u0627\u0626\u064a \u0641\u064a \u062d\u0627\u0644\u0629 \u0627\u0644\u062d\u0627\u062c\u0629 \u0625\u0644\u0649 \u0627\u0644\u0625\u062c\u0647\u0627\u0636\u061f<\/a><\/span><\/li>\n<li style=\"font-weight: 400;\"><a href=\"https:\/\/floridareprofreedom.org\/ar\/jb2\/\"><span style=\"font-weight: 400;\">\u00bf<\/span><span style=\"font-weight: 400;\">\u0647\u0644 \u062a\u0631\u063a\u0628 \u0641\u064a \u0625\u062c\u0631\u0627\u0621 \u0639\u0645\u0644\u064a\u0629 \u0625\u062c\u0647\u0627\u0636\u061f<\/span><\/a><\/li>\n<li style=\"font-weight: 400;\"><a href=\"https:\/\/floridareprofreedom.org\/ar\/%d8%ac-%d8%a8-3\/\"><span style=\"font-weight: 400;\">\u00bf<\/span><span style=\"font-weight: 400;\">\u0645\u0627 \u0646\u0648\u0639 \u0627\u0644\u0635\u064a\u063a\u0629 \u062f\u064a\u0628\u0648 \u0644\u064a\u0646\u0627\u0631<\/span><span style=\"font-weight: 400;\">?<\/span><\/a><\/li>\n<li style=\"font-weight: 400;\"><a href=\"https:\/\/floridareprofreedom.org\/ar\/%d8%ac-%d8%a8-4\/\"><span style=\"font-weight: 400;\">\u0647\u0644 \u062a\u0641\u0643\u0631 \u0641\u064a \u0627\u0644\u0644\u0639\u0628\u0629 \u0644\u0627\u062a\u062e\u0627\u0630 \u0642\u0631\u0627\u0631\u061f<\/span><\/a><\/li>\n<li style=\"font-weight: 400;\"><a href=\"https:\/\/floridareprofreedom.org\/ar\/%d8%ac-%d8%a8-5\/\"><span style=\"font-weight: 400;\">\u00bfNecesito un abogado?<\/span><\/a><\/li>\n<li style=\"font-weight: 400;\"><a href=\"https:\/\/floridareprofreedom.org\/ar\/%d8%ac-%d8%a8-6\/\"><span style=\"font-weight: 400;\">\u00bf<\/span><span style=\"font-weight: 400;\">\u0645\u062a\u0649 \u062a\u062a\u0648\u0635\u0644 \u0625\u0644\u0649 \u0628\u062f\u064a\u0644 \u0642\u0636\u0627\u0626\u064a\u061f<\/span><\/a><\/li>\n<li style=\"font-weight: 400;\"><a href=\"https:\/\/floridareprofreedom.org\/ar\/%d8%ac-%d8%a8-7\/\"><span style=\"font-weight: 400;\">\u00bf<\/span><span style=\"font-weight: 400;\">\u0645\u062a\u0649 \u062a\u0631\u064a\u062f \u0627\u0644\u062d\u0635\u0648\u0644 \u0639\u0644\u0649 \u0628\u062f\u064a\u0644 \u0642\u0636\u0627\u0626\u064a\u061f<\/span><\/a><\/li>\n<li style=\"font-weight: 400;\"><a href=\"https:\/\/floridareprofreedom.org\/ar\/%d8%ac-%d8%a8-8\/\"><span style=\"font-weight: 400;\">\u00bf<\/span><span style=\"font-weight: 400;\">\u0645\u0646 \u064a\u0639\u0644\u0645 \u0625\u0630\u0627 \u062d\u0635\u0644 \u0639\u0644\u0649 \u0628\u062f\u064a\u0644 \u0642\u0636\u0627\u0626\u064a\u061f<\/span><\/a><\/li>\n<li style=\"font-weight: 400;\"><a href=\"https:\/\/floridareprofreedom.org\/ar\/%d8%ac-%d8%a8-9\/\"><span style=\"font-weight: 400;\">\u00bf<\/span><span style=\"font-weight: 400;\">\u0645\u0627 \u0646\u0648\u0639 \u0627\u0644\u0623\u0633\u0626\u0644\u0629 \u0627\u0644\u062a\u064a \u0623\u0637\u0631\u062d\u0647\u0627 \u0639\u0644\u0649 \u0627\u0644\u0644\u0639\u0628\u0629\u061f<\/span><\/a><\/li>\n<li style=\"font-weight: 400;\"><a href=\"https:\/\/floridareprofreedom.org\/ar\/jb10\/\"><span style=\"font-weight: 400;\">\u00bf<\/span><span style=\"font-weight: 400;\">\u0645\u0627 \u0647\u064a \u0627\u0644\u0645\u0644\u0627\u0628\u0633 \u0627\u0644\u062a\u064a \u064a\u0645\u0643\u0646 \u0627\u0633\u062a\u062e\u062f\u0627\u0645\u0647\u0627 \u0644\u0644\u0627\u0631\u062a\u062f\u0627\u0621 \u0641\u064a \u0627\u0644\u0645\u0644\u0627\u0628\u0633\u061f<\/span><\/a><\/li>\n<li style=\"font-weight: 400;\"><a href=\"https:\/\/floridareprofreedom.org\/ar\/%d8%ac-%d8%a8-11\/\"><span style=\"font-weight: 400;\">\u00bf<\/span><span style=\"font-weight: 400;\">Qu\u00e9 suceder\u00eda si mi audiencia est \u0645\u0628\u0631\u0645\u062c \u0644\u064a\u0648\u0645 \u0645\u062f\u0631\u0633\u064a<\/span><span style=\"font-weight: 400;\">?<\/span><\/a><\/li>\n<li style=\"font-weight: 400;\"><a href=\"https:\/\/floridareprofreedom.org\/ar\/jb12\/\"><span style=\"font-weight: 400;\">\u00bf<\/span><span style=\"font-weight: 400;\">\u064a\u0645\u0643\u0646 \u0644\u0644\u0634\u062e\u0635 \u0627\u0644\u0645\u0639\u0646\u064a \u0628\u0627\u0644\u062d\u0631\u062c \u0623\u0646 \u064a\u0642\u0631\u0631 \u0645\u0627 \u0625\u0630\u0627 \u0643\u0627\u0646 \u0633\u064a\u0641\u0639\u0644 \u0630\u0644\u0643 \u0623\u0645 \u0644\u0627 \u064a\u0645\u0627\u0631\u0633 \u0627\u0644\u0625\u062c\u0647\u0627\u0636<\/span><\/a><span style=\"font-weight: 400;\">?\u00a0<\/span><\/li>\n<li style=\"font-weight: 400;\"><a href=\"https:\/\/floridareprofreedom.org\/ar\/%d9%8a-%d8%a8-13\/\"><span style=\"font-weight: 400;\">\u00a0<\/span><span style=\"font-weight: 400;\">\u00bf<\/span><span style=\"font-weight: 400;\">\u0647\u0644 \u062a\u0631\u064a\u062f \u0623\u0646 \u062a\u0643\u0648\u0646 \u0645\u0648\u0627\u0637\u0646\u064b\u0627 \u0623\u0645\u0631\u064a\u0643\u064a\u064b\u0627 \u0644\u0645\u0645\u0627\u0631\u0633\u0629 \u0627\u0644\u0625\u062c\u0647\u0627\u0636\u061f <\/span><span style=\"font-weight: 400;\">\u00bf<\/span><span style=\"font-weight: 400;\">\u0647\u0644 \u0644\u0627 \u064a\u0645\u0643\u0646\u0643 \u0627\u0644\u062a\u0648\u0627\u0635\u0644 \u0628\u0627\u0644\u0644\u063a\u0629 \u0627\u0644\u0625\u0646\u062c\u0644\u064a\u0632\u064a\u0629\u061f\u00a0<\/span><\/a><\/li>\n<li style=\"font-weight: 400;\"><a href=\"https:\/\/floridareprofreedom.org\/ar\/%d9%8a-%d8%a8-14\/\"><span style=\"font-weight: 400;\">\u00bf<\/span><span style=\"font-weight: 400;\">\u0647\u0644 \u064a\u0645\u0643\u0646\u0643 \u062a\u063a\u064a\u064a\u0631 \u0627\u0644\u0642\u0631\u0627\u0631 \u0628\u0639\u062f \u0627\u0644\u0644\u062c\u0648\u0621 \u0625\u0644\u0649 \u0628\u062f\u064a\u0644 \u0642\u0636\u0627\u0626\u064a\u061f<\/span><\/a><\/li>\n<li><a href=\"https:\/\/floridareprofreedom.org\/ar\/%d9%8a-%d8%a8-15\/\"><span style=\"font-weight: 400;\">\u00bf<\/span><span style=\"font-weight: 400;\">Qu\u00e9 pasa si el juez niega mi petici\u00f3n<\/span><span style=\"font-weight: 400;\">?<\/span><\/a><\/li>\n<\/ol>","protected":false},"excerpt":{"rendered":"<p>Debes completar los siguientes formularios (descarga la solicitud en PDF aqu\u00ed) En muchos condados, estos formularios pueden completarse con anticipaci\u00f3n. En otros condados, un oficinista puede asistirte llen\u00e1ndolos, mientras que en otros un abogado asignado por la corte te puede ayudar o incluso hacerlos por ti despu\u00e9s de hablar contigo. M\u00e1s informaci\u00f3n sobre c\u00f3mo estas [&hellip;]<\/p>\n","protected":false},"author":4,"featured_media":0,"parent":0,"menu_order":0,"comment_status":"closed","ping_status":"closed","template":"","meta":{"footnotes":""},"folder":[9],"class_list":["post-1241","page","type-page","status-publish","hentry"],"yoast_head":"<!-- This site is optimized with the Yoast SEO plugin v27.3 - https:\/\/yoast.com\/product\/yoast-seo-wordpress\/ -->\n<title>\u00bfQu\u00e9 formularios necesito? - Floridians For Reproductive Freedom<\/title>\n<meta name=\"robots\" content=\"index, follow, max-snippet:-1, max-image-preview:large, max-video-preview:-1\" \/>\n<link rel=\"canonical\" href=\"https:\/\/floridareprofreedom.org\/ar\/\u062c-\u0628-3\/\" \/>\n<meta property=\"og:locale\" content=\"ar_AR\" \/>\n<meta property=\"og:type\" content=\"article\" \/>\n<meta property=\"og:title\" content=\"\u00bfQu\u00e9 formularios necesito? - Floridians For Reproductive Freedom\" \/>\n<meta property=\"og:description\" content=\"Debes completar los siguientes formularios (descarga la solicitud en PDF aqu\u00ed) En muchos condados, estos formularios pueden completarse con anticipaci\u00f3n. En otros condados, un oficinista puede asistirte llen\u00e1ndolos, mientras que en otros un abogado asignado por la corte te puede ayudar o incluso hacerlos por ti despu\u00e9s de hablar contigo. M\u00e1s informaci\u00f3n sobre c\u00f3mo estas [&hellip;]\" \/>\n<meta property=\"og:url\" content=\"https:\/\/floridareprofreedom.org\/ar\/\u062c-\u0628-3\/\" \/>\n<meta property=\"og:site_name\" content=\"Floridians For Reproductive Freedom\" \/>\n<meta property=\"article:publisher\" content=\"https:\/\/www.facebook.com\/FloridaReproFreedom\/\" \/>\n<meta property=\"article:modified_time\" content=\"2020-08-05T17:02:58+00:00\" \/>\n<meta name=\"twitter:card\" content=\"summary_large_image\" \/>\n<meta name=\"twitter:site\" content=\"@FLReproFreedom\" \/>\n<meta name=\"twitter:label1\" content=\"\u0648\u0642\u062a \u0627\u0644\u0642\u0631\u0627\u0621\u0629 \u0627\u0644\u0645\u064f\u0642\u062f\u0651\u0631\" \/>\n\t<meta name=\"twitter:data1\" content=\"3 \u062f\u0642\u0627\u0626\u0642\" \/>\n<script type=\"application\/ld+json\" class=\"yoast-schema-graph\">{\"@context\":\"https:\\\/\\\/schema.org\",\"@graph\":[{\"@type\":\"WebPage\",\"@id\":\"https:\\\/\\\/floridareprofreedom.org\\\/jb3\\\/\",\"url\":\"https:\\\/\\\/floridareprofreedom.org\\\/jb3\\\/\",\"name\":\"\u00bfQu\u00e9 formularios necesito? - Floridians For Reproductive Freedom\",\"isPartOf\":{\"@id\":\"https:\\\/\\\/floridareprofreedom.org\\\/#website\"},\"datePublished\":\"2020-08-05T12:12:06+00:00\",\"dateModified\":\"2020-08-05T17:02:58+00:00\",\"breadcrumb\":{\"@id\":\"https:\\\/\\\/floridareprofreedom.org\\\/jb3\\\/#breadcrumb\"},\"inLanguage\":\"ar\",\"potentialAction\":[{\"@type\":\"ReadAction\",\"target\":[\"https:\\\/\\\/floridareprofreedom.org\\\/jb3\\\/\"]}]},{\"@type\":\"BreadcrumbList\",\"@id\":\"https:\\\/\\\/floridareprofreedom.org\\\/jb3\\\/#breadcrumb\",\"itemListElement\":[{\"@type\":\"ListItem\",\"position\":1,\"name\":\"Home\",\"item\":\"https:\\\/\\\/floridareprofreedom.org\\\/\"},{\"@type\":\"ListItem\",\"position\":2,\"name\":\"\u00bfQu\u00e9 formularios necesito?\"}]},{\"@type\":\"WebSite\",\"@id\":\"https:\\\/\\\/floridareprofreedom.org\\\/#website\",\"url\":\"https:\\\/\\\/floridareprofreedom.org\\\/\",\"name\":\"Floridians For Reproductive Freedom\",\"description\":\"Advocating for convenient, affordable, and safe access to reproductive health care, including abortion.\",\"publisher\":{\"@id\":\"https:\\\/\\\/floridareprofreedom.org\\\/#organization\"},\"potentialAction\":[{\"@type\":\"SearchAction\",\"target\":{\"@type\":\"EntryPoint\",\"urlTemplate\":\"https:\\\/\\\/floridareprofreedom.org\\\/?s={search_term_string}\"},\"query-input\":{\"@type\":\"PropertyValueSpecification\",\"valueRequired\":true,\"valueName\":\"search_term_string\"}}],\"inLanguage\":\"ar\"},{\"@type\":\"Organization\",\"@id\":\"https:\\\/\\\/floridareprofreedom.org\\\/#organization\",\"name\":\"Floridians for Reproductive Freedom\",\"url\":\"https:\\\/\\\/floridareprofreedom.org\\\/\",\"logo\":{\"@type\":\"ImageObject\",\"inLanguage\":\"ar\",\"@id\":\"https:\\\/\\\/floridareprofreedom.org\\\/#\\\/schema\\\/logo\\\/image\\\/\",\"url\":\"https:\\\/\\\/floridareprofreedom.org\\\/wp-content\\\/uploads\\\/2019\\\/05\\\/Untitled.jpg\",\"contentUrl\":\"https:\\\/\\\/floridareprofreedom.org\\\/wp-content\\\/uploads\\\/2019\\\/05\\\/Untitled.jpg\",\"width\":174,\"height\":180,\"caption\":\"Floridians for Reproductive Freedom\"},\"image\":{\"@id\":\"https:\\\/\\\/floridareprofreedom.org\\\/#\\\/schema\\\/logo\\\/image\\\/\"},\"sameAs\":[\"https:\\\/\\\/www.facebook.com\\\/FloridaReproFreedom\\\/\",\"https:\\\/\\\/x.com\\\/FLReproFreedom\",\"https:\\\/\\\/www.instagram.com\\\/floridareprofreedom\\\/\"]}]}<\/script>\n<!-- \/ Yoast SEO plugin. -->","yoast_head_json":{"title":"\u00bfQu\u00e9 Formularios necesito\u061f - \u0633\u0643\u0627\u0646 \u0641\u0644\u0648\u0631\u064a\u062f\u0627 \u0645\u0646 \u0623\u062c\u0644 \u0627\u0644\u062d\u0631\u064a\u0629 \u0627\u0644\u0625\u0646\u062c\u0627\u0628\u064a\u0629","robots":{"index":"index","follow":"follow","max-snippet":"max-snippet:-1","max-image-preview":"max-image-preview:large","max-video-preview":"max-video-preview:-1"},"canonical":"https:\/\/floridareprofreedom.org\/ar\/\u062c-\u0628-3\/","og_locale":"ar_AR","og_type":"article","og_title":"\u00bfQu\u00e9 formularios necesito? - Floridians For Reproductive Freedom","og_description":"Debes completar los siguientes formularios (descarga la solicitud en PDF aqu\u00ed) En muchos condados, estos formularios pueden completarse con anticipaci\u00f3n. En otros condados, un oficinista puede asistirte llen\u00e1ndolos, mientras que en otros un abogado asignado por la corte te puede ayudar o incluso hacerlos por ti despu\u00e9s de hablar contigo. M\u00e1s informaci\u00f3n sobre c\u00f3mo estas [&hellip;]","og_url":"https:\/\/floridareprofreedom.org\/ar\/\u062c-\u0628-3\/","og_site_name":"Floridians For Reproductive Freedom","article_publisher":"https:\/\/www.facebook.com\/FloridaReproFreedom\/","article_modified_time":"2020-08-05T17:02:58+00:00","twitter_card":"summary_large_image","twitter_site":"@FLReproFreedom","twitter_misc":{"\u0648\u0642\u062a \u0627\u0644\u0642\u0631\u0627\u0621\u0629 \u0627\u0644\u0645\u064f\u0642\u062f\u0651\u0631":"3 \u062f\u0642\u0627\u0626\u0642"},"schema":{"@context":"https:\/\/schema.org","@graph":[{"@type":"WebPage","@id":"https:\/\/floridareprofreedom.org\/jb3\/","url":"https:\/\/floridareprofreedom.org\/jb3\/","name":"\u00bfQu\u00e9 Formularios necesito\u061f - \u0633\u0643\u0627\u0646 \u0641\u0644\u0648\u0631\u064a\u062f\u0627 \u0645\u0646 \u0623\u062c\u0644 \u0627\u0644\u062d\u0631\u064a\u0629 \u0627\u0644\u0625\u0646\u062c\u0627\u0628\u064a\u0629","isPartOf":{"@id":"https:\/\/floridareprofreedom.org\/#website"},"datePublished":"2020-08-05T12:12:06+00:00","dateModified":"2020-08-05T17:02:58+00:00","breadcrumb":{"@id":"https:\/\/floridareprofreedom.org\/jb3\/#breadcrumb"},"inLanguage":"ar","potentialAction":[{"@type":"ReadAction","target":["https:\/\/floridareprofreedom.org\/jb3\/"]}]},{"@type":"BreadcrumbList","@id":"https:\/\/floridareprofreedom.org\/jb3\/#breadcrumb","itemListElement":[{"@type":"ListItem","position":1,"name":"Home","item":"https:\/\/floridareprofreedom.org\/"},{"@type":"ListItem","position":2,"name":"\u00bfQu\u00e9 formularios necesito?"}]},{"@type":"WebSite","@id":"https:\/\/floridareprofreedom.org\/#website","url":"https:\/\/floridareprofreedom.org\/","name":"\u0641\u0644\u0648\u0631\u064a\u062f\u0627 \u0645\u0646 \u0623\u062c\u0644 \u0627\u0644\u062d\u0631\u064a\u0629 \u0627\u0644\u0625\u0646\u062c\u0627\u0628\u064a\u0629","description":"\u0627\u0644\u062f\u0639\u0648\u0629 \u0625\u0644\u0649 \u062a\u0648\u0641\u064a\u0631 \u0625\u0645\u0643\u0627\u0646\u064a\u0629 \u0627\u0644\u0648\u0635\u0648\u0644 \u0627\u0644\u0645\u0631\u064a\u062d \u0648\u0627\u0644\u0645\u064a\u0633\u0648\u0631 \u0648\u0627\u0644\u0622\u0645\u0646 \u0625\u0644\u0649 \u0627\u0644\u0631\u0639\u0627\u064a\u0629 \u0627\u0644\u0635\u062d\u064a\u0629 \u0627\u0644\u0625\u0646\u062c\u0627\u0628\u064a\u0629\u060c \u0628\u0645\u0627 \u0641\u064a \u0630\u0644\u0643 \u0627\u0644\u0625\u062c\u0647\u0627\u0636.","publisher":{"@id":"https:\/\/floridareprofreedom.org\/#organization"},"potentialAction":[{"@type":"SearchAction","target":{"@type":"EntryPoint","urlTemplate":"https:\/\/floridareprofreedom.org\/?s={search_term_string}"},"query-input":{"@type":"PropertyValueSpecification","valueRequired":true,"valueName":"search_term_string"}}],"inLanguage":"ar"},{"@type":"Organization","@id":"https:\/\/floridareprofreedom.org\/#organization","name":"\u0641\u0644\u0648\u0631\u064a\u062f\u0627 \u0645\u0646 \u0623\u062c\u0644 \u0627\u0644\u062d\u0631\u064a\u0629 \u0627\u0644\u0625\u0646\u062c\u0627\u0628\u064a\u0629","url":"https:\/\/floridareprofreedom.org\/","logo":{"@type":"ImageObject","inLanguage":"ar","@id":"https:\/\/floridareprofreedom.org\/#\/schema\/logo\/image\/","url":"https:\/\/floridareprofreedom.org\/wp-content\/uploads\/2019\/05\/Untitled.jpg","contentUrl":"https:\/\/floridareprofreedom.org\/wp-content\/uploads\/2019\/05\/Untitled.jpg","width":174,"height":180,"caption":"Floridians for Reproductive Freedom"},"image":{"@id":"https:\/\/floridareprofreedom.org\/#\/schema\/logo\/image\/"},"sameAs":["https:\/\/www.facebook.com\/FloridaReproFreedom\/","https:\/\/x.com\/FLReproFreedom","https:\/\/www.instagram.com\/floridareprofreedom\/"]}]}},"_links":{"self":[{"href":"https:\/\/floridareprofreedom.org\/ar\/wp-json\/wp\/v2\/pages\/1241","targetHints":{"allow":["GET"]}}],"collection":[{"href":"https:\/\/floridareprofreedom.org\/ar\/wp-json\/wp\/v2\/pages"}],"about":[{"href":"https:\/\/floridareprofreedom.org\/ar\/wp-json\/wp\/v2\/types\/page"}],"author":[{"embeddable":true,"href":"https:\/\/floridareprofreedom.org\/ar\/wp-json\/wp\/v2\/users\/4"}],"replies":[{"embeddable":true,"href":"https:\/\/floridareprofreedom.org\/ar\/wp-json\/wp\/v2\/comments?post=1241"}],"version-history":[{"count":14,"href":"https:\/\/floridareprofreedom.org\/ar\/wp-json\/wp\/v2\/pages\/1241\/revisions"}],"predecessor-version":[{"id":1315,"href":"https:\/\/floridareprofreedom.org\/ar\/wp-json\/wp\/v2\/pages\/1241\/revisions\/1315"}],"wp:attachment":[{"href":"https:\/\/floridareprofreedom.org\/ar\/wp-json\/wp\/v2\/media?parent=1241"}],"wp:term":[{"taxonomy":"folder","embeddable":true,"href":"https:\/\/floridareprofreedom.org\/ar\/wp-json\/wp\/v2\/folder?post=1241"}],"curies":[{"name":"\u0648\u0648\u0631\u062f\u0628\u0631\u064a\u0633","href":"https:\/\/api.w.org\/{rel}","templated":true}]}}