{"id":1263,"date":"2020-08-05T12:25:57","date_gmt":"2020-08-05T12:25:57","guid":{"rendered":"https:\/\/floridareprofreedom.org\/?page_id=1263"},"modified":"2020-08-05T12:26:20","modified_gmt":"2020-08-05T12:26:20","slug":"%d8%ac-%d8%a8-7","status":"publish","type":"page","link":"https:\/\/floridareprofreedom.org\/ar\/jb7\/","title":{"rendered":"\u0645\u062a\u0649 \u062a\u062d\u0635\u0644 \u0639\u0644\u0649 \u0628\u062f\u064a\u0644 \u0642\u0636\u0627\u0626\u064a \u0628\u0639\u062f \u0641\u0648\u0627\u062a \u0627\u0644\u0623\u0648\u0627\u0646\u061f"},"content":{"rendered":"<p><span style=\"font-weight: 400;\">\u0627\u0644\u0631\u062f \u0647\u0648 \u0644\u0627. \u0644\u0627 \u062f\u0627\u0639\u064a \u0644\u062f\u0641\u0639 \u0623\u062a\u0639\u0627\u0628 \u0642\u0627\u0646\u0648\u0646\u064a\u0629 \u0644\u0644\u062d\u0635\u0648\u0644 \u0639\u0644\u0649 \u0628\u062f\u064a\u0644 \u0642\u0627\u0646\u0648\u0646\u064a \u064a\u0633\u0645\u062d \u0644\u0643 \u0628\u0627\u0644\u0625\u062c\u0647\u0627\u0636 \u0641\u064a \u0641\u0644\u0648\u0631\u064a\u062f\u0627. \u0625\u0630\u0627 \u0643\u0646\u062a \u062a\u0631\u063a\u0628 \u0641\u064a \u062a\u062e\u0635\u064a\u0635 \u0645\u0628\u0644\u063a \u0644\u0644\u0645\u0633\u0627\u0639\u062f\u0629\u060c \u0641\u0644\u0646 \u064a\u0643\u0644\u0641\u0643 \u0630\u0644\u0643 \u0633\u0646\u062a\u064b\u0627 \u0648\u0627\u062d\u062f\u064b\u0627. \u0641\u064a\u0627\u060c <\/span><a href=\"https:\/\/docs.google.com\/document\/d\/1B4AdYdocQAyBSCz2_Jl0nJHqr3P7ZelheUsQ0whwSQU\/edit?usp=sharing\"><span style=\"font-weight: 400;\">necesito un abogado<\/span><\/a><span style=\"font-weight: 400;\"> para m\u00e1s informaci\u00f3n.<\/span><\/p>\n<p><span style=\"font-weight: 400;\">\u0641\u064a \u0628\u0639\u0636 \u0627\u0644\u0623\u062d\u064a\u0627\u0646\u060c \u0639\u0644\u064a\u0643 \u0623\u0646 \u062a\u062f\u0641\u0639 \u062b\u0645\u0646 \u0627\u0644\u0627\u0633\u062a\u0631\u0627\u062d\u0629. \u0639\u0634\u0631\u0629 \u0645\u0646 \u0627\u0644\u0623\u0634\u062e\u0627\u0635 \u0627\u0644\u0630\u064a\u0646 \u064a\u0631\u063a\u0628\u0648\u0646 \u0641\u064a \u0627\u0644\u062f\u0641\u0639 \u0645\u0642\u0627\u0628\u0644 \u0627\u0644\u0627\u0642\u062a\u0628\u0627\u0633\u0627\u062a \u0645\u0646 \u0627\u0644\u0639\u064a\u0627\u062f\u0627\u062a \u0627\u0644\u0645\u0631\u062a\u0628\u0637\u0629 \u0628\u0647\u0630\u0627 \u0627\u0644\u0625\u062c\u0631\u0627\u0621. \u0625\u0630\u0627 \u0644\u0645 \u064a\u0643\u0646 \u0628\u0625\u0645\u0643\u0627\u0646\u0643 \u0627\u0644\u062f\u0641\u0639 \u0644\u0625\u062c\u0647\u0627\u0636\u0643\u060c \u0641\u0647\u0646\u0627\u0643 \u0645\u0646\u0638\u0645\u0627\u062a \u0645\u062d\u0644\u064a\u0629 \u0648\u0648\u0637\u0646\u064a\u0629 \u064a\u0645\u0643\u0646\u0647\u0627 \u0645\u0633\u0627\u0639\u062f\u062a\u0643. \u0627\u0644\u0622\u0646 \u0642\u0645 \u0628\u0645\u0634\u0627\u0631\u0643\u062a\u0646\u0627 \u0642\u0627\u0626\u0645\u0629. \u064a\u062c\u0628 \u0639\u0644\u064a\u0643 \u0623\u064a\u0636\u064b\u0627 \u0623\u0646 \u062a\u0637\u0644\u0628 \u0645\u0646 \u0645\u064f\u062c\u0647\u0632 \u0627\u0644\u0625\u062c\u0647\u0627\u0636 \u0623\u0646 \u064a\u0633\u0627\u0639\u062f\u0643 \u0641\u064a \u062a\u0645\u0648\u064a\u0644 \u0627\u0644\u0625\u062c\u0631\u0627\u0621 \u0627\u0644\u0637\u0628\u064a.<\/span><\/p>\n<ul>\n<li><a href=\"https:\/\/www.prochoice.org\/\">\u0627\u0644\u0627\u062a\u062d\u0627\u062f \u0627\u0644\u0648\u0637\u0646\u064a \u0644\u0644\u0625\u062c\u0647\u0627\u0636<\/a>: 1-800-772-9100<\/li>\n<li><a href=\"https:\/\/www.plannedparenthood.org\/teens\">\u062a\u0646\u0638\u064a\u0645 \u0627\u0644\u0623\u0633\u0631\u0629<\/a>: 1-800-230-7526<\/li>\n<li><a href=\"http:\/\/www.flaccessnetwork.org\/\">\u0634\u0628\u0643\u0629 \u0627\u0644\u0648\u0635\u0648\u0644 \u0625\u0644\u0649 \u0641\u0644\u0648\u0631\u064a\u062f\u0627<\/a>:\u0627\u0644\u062f\u0639\u0645 \u0639\u0644\u0649 \u0645\u0633\u062a\u0648\u0649 \u0641\u0644\u0648\u0631\u064a\u062f\u0627<\/li>\n<li><a href=\"https:\/\/emawpb.org\/\">\u0634\u0631\u0643\u0629 \u0627\u0644\u0645\u0633\u0627\u0639\u062f\u0629 \u0627\u0644\u0637\u0628\u064a\u0629 \u0627\u0644\u0637\u0627\u0631\u0626\u0629<\/a>:\u0634\u0648\u0627\u0637\u0626 \u0627\u0644\u0646\u062e\u064a\u0644 \u0648\u0633\u0627\u062d\u0644 \u0627\u0644\u0643\u0646\u0632<\/li>\n<li><a href=\"https:\/\/bwefund.org\/site\/\">\u0645\u0631\u062d \u0627\u0644\u0637\u0648\u0627\u0631\u0626 \u0627\u0644\u0646\u0633\u0627\u0626\u064a \u0641\u064a \u0628\u0631\u0648\u0627\u0631\u062f<\/a>\u062f: \u0645\u0642\u0627\u0637\u0639\u0629 \u0628\u0631\u0648\u0627\u0631\u062f<\/li>\n<li><a href=\"https:\/\/abortionfunds.org\/fund\/womens-emergency-network\/\">\u0634\u0628\u0643\u0629 \u0627\u0644\u0637\u0648\u0627\u0631\u0626 \u0627\u0644\u0646\u0633\u0627\u0626\u064a\u0629<\/a>:\u0645\u0642\u0627\u0637\u0639\u0627\u062a \u0645\u064a\u0627\u0645\u064a \u062f\u064a\u062f\u060c \u0648\u0628\u0631\u0648\u0627\u0631\u062f\u060c \u0648\u0645\u0648\u0646\u0631\u0648<\/li>\n<li><a href=\"https:\/\/abortionfunds.org\/fund\/tampa-bay-abortion-fund\/\">\u0635\u0646\u062f\u0648\u0642 \u0627\u0644\u0625\u062c\u0647\u0627\u0636 \u0641\u064a \u062e\u0644\u064a\u062c \u062a\u0627\u0645\u0628\u0627<\/a>:\u0645\u0642\u0627\u0637\u0639\u0627\u062a \u0628\u064a\u0646\u064a\u0644\u0627\u0633\u060c \u0647\u064a\u0644\u0632\u0628\u0648\u0631\u0648\u060c \u0628\u0627\u0633\u0643\u0648\u060c \u0628\u0648\u0644\u0643<\/li>\n<\/ul>\n<p style=\"text-align: center;\"><a href=\"https:\/\/floridareprofreedom.org\/ar\/%d8%a7%d9%84%d8%a8%d8%af%d9%8a%d9%84-%d8%a7%d9%84%d9%82%d8%b6%d8%a7%d8%a6%d9%8a-%d9%81%d9%8a-%d9%81%d9%84%d9%88%d8%b1%d9%8a%d8%af%d8%a7\/\">Regresar al inicio<\/a>\u00a0 |\u00a0 <a href=\"https:\/\/floridareprofreedom.org\/ar\/%d8%ac-%d8%a8-6\/\">\u0627\u0644\u0633\u0624\u0627\u0644 \u0627\u0644\u0633\u0627\u0628\u0642<\/a>\u00a0\u00a0 |\u00a0 <a href=\"https:\/\/floridareprofreedom.org\/ar\/%d8%ac-%d8%a8-8\/\">\u0627\u0644\u0635\u0641\u062d\u0629 \u0627\u0644\u062a\u0627\u0644\u064a\u0629<\/a><\/p>\n<p><b>Preguntas Relacionadas<\/b><\/p>\n<ol>\n<li style=\"font-weight: 400;\"><span style=\"font-weight: 400;\"><a href=\"https:\/\/floridareprofreedom.org\/ar\/%d8%ac-%d8%a8-1\/\">\u00bf<\/a><a href=\"https:\/\/floridareprofreedom.org\/ar\/%d8%ac-%d8%a8-1\/\">\u0645\u0627 \u0647\u0648 \u0627\u0644\u0628\u062f\u064a\u0644 \u0627\u0644\u0642\u0636\u0627\u0626\u064a \u0641\u064a \u062d\u0627\u0644\u0629 \u0627\u0644\u062d\u0627\u062c\u0629 \u0625\u0644\u0649 \u0627\u0644\u0625\u062c\u0647\u0627\u0636\u061f<\/a><\/span><\/li>\n<li style=\"font-weight: 400;\"><a href=\"https:\/\/floridareprofreedom.org\/ar\/jb2\/\"><span style=\"font-weight: 400;\">\u00bf<\/span><span style=\"font-weight: 400;\">\u0647\u0644 \u062a\u0631\u063a\u0628 \u0641\u064a \u0625\u062c\u0631\u0627\u0621 \u0639\u0645\u0644\u064a\u0629 \u0625\u062c\u0647\u0627\u0636\u061f<\/span><\/a><\/li>\n<li style=\"font-weight: 400;\"><a href=\"https:\/\/floridareprofreedom.org\/ar\/%d8%ac-%d8%a8-3\/\"><span style=\"font-weight: 400;\">\u00bf<\/span><span style=\"font-weight: 400;\">\u0645\u0627 \u0646\u0648\u0639 \u0627\u0644\u0635\u064a\u063a\u0629 \u062f\u064a\u0628\u0648 \u0644\u064a\u0646\u0627\u0631<\/span><span style=\"font-weight: 400;\">?<\/span><\/a><\/li>\n<li style=\"font-weight: 400;\"><a href=\"https:\/\/floridareprofreedom.org\/ar\/%d8%ac-%d8%a8-4\/\"><span style=\"font-weight: 400;\">\u0647\u0644 \u062a\u0641\u0643\u0631 \u0641\u064a \u0627\u0644\u0644\u0639\u0628\u0629 \u0644\u0627\u062a\u062e\u0627\u0630 \u0642\u0631\u0627\u0631\u061f<\/span><\/a><\/li>\n<li style=\"font-weight: 400;\"><a href=\"https:\/\/floridareprofreedom.org\/ar\/%d8%ac-%d8%a8-5\/\"><span style=\"font-weight: 400;\">\u00bfNecesito un abogado?<\/span><\/a><\/li>\n<li style=\"font-weight: 400;\"><a href=\"https:\/\/floridareprofreedom.org\/ar\/%d8%ac-%d8%a8-6\/\"><span style=\"font-weight: 400;\">\u00bf<\/span><span style=\"font-weight: 400;\">\u0645\u062a\u0649 \u062a\u062a\u0648\u0635\u0644 \u0625\u0644\u0649 \u0628\u062f\u064a\u0644 \u0642\u0636\u0627\u0626\u064a\u061f<\/span><\/a><\/li>\n<li style=\"font-weight: 400;\"><a href=\"https:\/\/floridareprofreedom.org\/ar\/%d8%ac-%d8%a8-7\/\"><span style=\"font-weight: 400;\">\u00bf<\/span><span style=\"font-weight: 400;\">\u0645\u062a\u0649 \u062a\u0631\u064a\u062f \u0627\u0644\u062d\u0635\u0648\u0644 \u0639\u0644\u0649 \u0628\u062f\u064a\u0644 \u0642\u0636\u0627\u0626\u064a\u061f<\/span><\/a><\/li>\n<li style=\"font-weight: 400;\"><a href=\"https:\/\/floridareprofreedom.org\/ar\/%d8%ac-%d8%a8-8\/\"><span style=\"font-weight: 400;\">\u00bf<\/span><span style=\"font-weight: 400;\">\u0645\u0646 \u064a\u0639\u0644\u0645 \u0625\u0630\u0627 \u062d\u0635\u0644 \u0639\u0644\u0649 \u0628\u062f\u064a\u0644 \u0642\u0636\u0627\u0626\u064a\u061f<\/span><\/a><\/li>\n<li style=\"font-weight: 400;\"><a href=\"https:\/\/floridareprofreedom.org\/ar\/%d8%ac-%d8%a8-9\/\"><span style=\"font-weight: 400;\">\u00bf<\/span><span style=\"font-weight: 400;\">\u0645\u0627 \u0646\u0648\u0639 \u0627\u0644\u0623\u0633\u0626\u0644\u0629 \u0627\u0644\u062a\u064a \u0623\u0637\u0631\u062d\u0647\u0627 \u0639\u0644\u0649 \u0627\u0644\u0644\u0639\u0628\u0629\u061f<\/span><\/a><\/li>\n<li style=\"font-weight: 400;\"><a href=\"https:\/\/floridareprofreedom.org\/ar\/jb10\/\"><span style=\"font-weight: 400;\">\u00bf<\/span><span style=\"font-weight: 400;\">\u0645\u0627 \u0647\u064a \u0627\u0644\u0645\u0644\u0627\u0628\u0633 \u0627\u0644\u062a\u064a \u064a\u0645\u0643\u0646 \u0627\u0633\u062a\u062e\u062f\u0627\u0645\u0647\u0627 \u0644\u0644\u0627\u0631\u062a\u062f\u0627\u0621 \u0641\u064a \u0627\u0644\u0645\u0644\u0627\u0628\u0633\u061f<\/span><\/a><\/li>\n<li style=\"font-weight: 400;\"><a href=\"https:\/\/floridareprofreedom.org\/ar\/%d8%ac-%d8%a8-11\/\"><span style=\"font-weight: 400;\">\u00bf<\/span><span style=\"font-weight: 400;\">Qu\u00e9 suceder\u00eda si mi audiencia est \u0645\u0628\u0631\u0645\u062c \u0644\u064a\u0648\u0645 \u0645\u062f\u0631\u0633\u064a<\/span><span style=\"font-weight: 400;\">?<\/span><\/a><\/li>\n<li style=\"font-weight: 400;\"><a href=\"https:\/\/floridareprofreedom.org\/ar\/jb12\/\"><span style=\"font-weight: 400;\">\u00bf<\/span><span style=\"font-weight: 400;\">\u064a\u0645\u0643\u0646 \u0644\u0644\u0634\u062e\u0635 \u0627\u0644\u0645\u0639\u0646\u064a \u0628\u0627\u0644\u062d\u0631\u062c \u0623\u0646 \u064a\u0642\u0631\u0631 \u0645\u0627 \u0625\u0630\u0627 \u0643\u0627\u0646 \u0633\u064a\u0641\u0639\u0644 \u0630\u0644\u0643 \u0623\u0645 \u0644\u0627 \u064a\u0645\u0627\u0631\u0633 \u0627\u0644\u0625\u062c\u0647\u0627\u0636<\/span><\/a><span style=\"font-weight: 400;\">?\u00a0<\/span><\/li>\n<li style=\"font-weight: 400;\"><a href=\"https:\/\/floridareprofreedom.org\/ar\/%d9%8a-%d8%a8-13\/\"><span style=\"font-weight: 400;\">\u00a0<\/span><span style=\"font-weight: 400;\">\u00bf<\/span><span style=\"font-weight: 400;\">\u0647\u0644 \u062a\u0631\u064a\u062f \u0623\u0646 \u062a\u0643\u0648\u0646 \u0645\u0648\u0627\u0637\u0646\u064b\u0627 \u0623\u0645\u0631\u064a\u0643\u064a\u064b\u0627 \u0644\u0645\u0645\u0627\u0631\u0633\u0629 \u0627\u0644\u0625\u062c\u0647\u0627\u0636\u061f <\/span><span style=\"font-weight: 400;\">\u00bf<\/span><span style=\"font-weight: 400;\">\u0647\u0644 \u0644\u0627 \u064a\u0645\u0643\u0646\u0643 \u0627\u0644\u062a\u0648\u0627\u0635\u0644 \u0628\u0627\u0644\u0644\u063a\u0629 \u0627\u0644\u0625\u0646\u062c\u0644\u064a\u0632\u064a\u0629\u061f\u00a0<\/span><\/a><\/li>\n<li style=\"font-weight: 400;\"><a href=\"https:\/\/floridareprofreedom.org\/ar\/%d9%8a-%d8%a8-14\/\"><span style=\"font-weight: 400;\">\u00bf<\/span><span style=\"font-weight: 400;\">\u0647\u0644 \u064a\u0645\u0643\u0646\u0643 \u062a\u063a\u064a\u064a\u0631 \u0627\u0644\u0642\u0631\u0627\u0631 \u0628\u0639\u062f \u0627\u0644\u0644\u062c\u0648\u0621 \u0625\u0644\u0649 \u0628\u062f\u064a\u0644 \u0642\u0636\u0627\u0626\u064a\u061f<\/span><\/a><\/li>\n<li><a href=\"https:\/\/floridareprofreedom.org\/ar\/%d9%8a-%d8%a8-15\/\"><span style=\"font-weight: 400;\">\u00bf<\/span><span style=\"font-weight: 400;\">Qu\u00e9 pasa si el juez niega mi petici\u00f3n<\/span><span style=\"font-weight: 400;\">?<\/span><\/a><\/li>\n<\/ol>","protected":false},"excerpt":{"rendered":"<p>La respuesta es no. No necesitas pagar honorarios legales para obtener una alternativa legal que te permita hacerte un aborto en Florida. Si quieres que la corte te asigne un abogado para ayudarte, esto no te costar\u00e1 un centavo. Vea, necesito un abogado para m\u00e1s informaci\u00f3n. En algunas cortes, vas a tener que pagar por [&hellip;]<\/p>\n","protected":false},"author":4,"featured_media":0,"parent":0,"menu_order":0,"comment_status":"closed","ping_status":"closed","template":"","meta":{"footnotes":""},"folder":[9],"class_list":["post-1263","page","type-page","status-publish","hentry"],"yoast_head":"<!-- This site is optimized with the Yoast SEO plugin v27.3 - https:\/\/yoast.com\/product\/yoast-seo-wordpress\/ -->\n<title>\u00bfCu\u00e1nto tarda obtener una alternativa judicial? - Floridians For Reproductive Freedom<\/title>\n<meta name=\"robots\" content=\"index, follow, max-snippet:-1, max-image-preview:large, max-video-preview:-1\" \/>\n<link rel=\"canonical\" href=\"https:\/\/floridareprofreedom.org\/ar\/\u062c-\u0628-7\/\" \/>\n<meta property=\"og:locale\" content=\"ar_AR\" \/>\n<meta property=\"og:type\" content=\"article\" \/>\n<meta property=\"og:title\" content=\"\u00bfCu\u00e1nto tarda obtener una alternativa judicial? - Floridians For Reproductive Freedom\" \/>\n<meta property=\"og:description\" content=\"La respuesta es no. No necesitas pagar honorarios legales para obtener una alternativa legal que te permita hacerte un aborto en Florida. Si quieres que la corte te asigne un abogado para ayudarte, esto no te costar\u00e1 un centavo. Vea, necesito un abogado para m\u00e1s informaci\u00f3n. En algunas cortes, vas a tener que pagar por [&hellip;]\" \/>\n<meta property=\"og:url\" content=\"https:\/\/floridareprofreedom.org\/ar\/\u062c-\u0628-7\/\" \/>\n<meta property=\"og:site_name\" content=\"Floridians For Reproductive Freedom\" \/>\n<meta property=\"article:publisher\" content=\"https:\/\/www.facebook.com\/FloridaReproFreedom\/\" \/>\n<meta property=\"article:modified_time\" content=\"2020-08-05T12:26:20+00:00\" \/>\n<meta name=\"twitter:card\" content=\"summary_large_image\" \/>\n<meta name=\"twitter:site\" content=\"@FLReproFreedom\" \/>\n<meta name=\"twitter:label1\" content=\"\u0648\u0642\u062a \u0627\u0644\u0642\u0631\u0627\u0621\u0629 \u0627\u0644\u0645\u064f\u0642\u062f\u0651\u0631\" \/>\n\t<meta name=\"twitter:data1\" content=\"\u062f\u0642\u064a\u0642\u062a\u0627\u0646\" \/>\n<script type=\"application\/ld+json\" class=\"yoast-schema-graph\">{\"@context\":\"https:\\\/\\\/schema.org\",\"@graph\":[{\"@type\":\"WebPage\",\"@id\":\"https:\\\/\\\/floridareprofreedom.org\\\/jb7\\\/\",\"url\":\"https:\\\/\\\/floridareprofreedom.org\\\/jb7\\\/\",\"name\":\"\u00bfCu\u00e1nto tarda obtener una alternativa judicial? - Floridians For Reproductive Freedom\",\"isPartOf\":{\"@id\":\"https:\\\/\\\/floridareprofreedom.org\\\/#website\"},\"datePublished\":\"2020-08-05T12:25:57+00:00\",\"dateModified\":\"2020-08-05T12:26:20+00:00\",\"breadcrumb\":{\"@id\":\"https:\\\/\\\/floridareprofreedom.org\\\/jb7\\\/#breadcrumb\"},\"inLanguage\":\"ar\",\"potentialAction\":[{\"@type\":\"ReadAction\",\"target\":[\"https:\\\/\\\/floridareprofreedom.org\\\/jb7\\\/\"]}]},{\"@type\":\"BreadcrumbList\",\"@id\":\"https:\\\/\\\/floridareprofreedom.org\\\/jb7\\\/#breadcrumb\",\"itemListElement\":[{\"@type\":\"ListItem\",\"position\":1,\"name\":\"Home\",\"item\":\"https:\\\/\\\/floridareprofreedom.org\\\/\"},{\"@type\":\"ListItem\",\"position\":2,\"name\":\"\u00bfCu\u00e1nto tarda obtener una alternativa judicial?\"}]},{\"@type\":\"WebSite\",\"@id\":\"https:\\\/\\\/floridareprofreedom.org\\\/#website\",\"url\":\"https:\\\/\\\/floridareprofreedom.org\\\/\",\"name\":\"Floridians For Reproductive Freedom\",\"description\":\"Advocating for convenient, affordable, and safe access to reproductive health care, including abortion.\",\"publisher\":{\"@id\":\"https:\\\/\\\/floridareprofreedom.org\\\/#organization\"},\"potentialAction\":[{\"@type\":\"SearchAction\",\"target\":{\"@type\":\"EntryPoint\",\"urlTemplate\":\"https:\\\/\\\/floridareprofreedom.org\\\/?s={search_term_string}\"},\"query-input\":{\"@type\":\"PropertyValueSpecification\",\"valueRequired\":true,\"valueName\":\"search_term_string\"}}],\"inLanguage\":\"ar\"},{\"@type\":\"Organization\",\"@id\":\"https:\\\/\\\/floridareprofreedom.org\\\/#organization\",\"name\":\"Floridians for Reproductive Freedom\",\"url\":\"https:\\\/\\\/floridareprofreedom.org\\\/\",\"logo\":{\"@type\":\"ImageObject\",\"inLanguage\":\"ar\",\"@id\":\"https:\\\/\\\/floridareprofreedom.org\\\/#\\\/schema\\\/logo\\\/image\\\/\",\"url\":\"https:\\\/\\\/floridareprofreedom.org\\\/wp-content\\\/uploads\\\/2019\\\/05\\\/Untitled.jpg\",\"contentUrl\":\"https:\\\/\\\/floridareprofreedom.org\\\/wp-content\\\/uploads\\\/2019\\\/05\\\/Untitled.jpg\",\"width\":174,\"height\":180,\"caption\":\"Floridians for Reproductive Freedom\"},\"image\":{\"@id\":\"https:\\\/\\\/floridareprofreedom.org\\\/#\\\/schema\\\/logo\\\/image\\\/\"},\"sameAs\":[\"https:\\\/\\\/www.facebook.com\\\/FloridaReproFreedom\\\/\",\"https:\\\/\\\/x.com\\\/FLReproFreedom\",\"https:\\\/\\\/www.instagram.com\\\/floridareprofreedom\\\/\"]}]}<\/script>\n<!-- \/ Yoast SEO plugin. -->","yoast_head_json":{"title":"\u0645\u062a\u0649 \u062a\u062d\u0635\u0644 \u0639\u0644\u0649 \u0628\u062f\u064a\u0644 \u0642\u0636\u0627\u0626\u064a \u0628\u0639\u062f \u0641\u0648\u0627\u062a \u0627\u0644\u0623\u0648\u0627\u0646\u061f - \u0633\u0643\u0627\u0646 \u0641\u0644\u0648\u0631\u064a\u062f\u0627 \u0645\u0646 \u0623\u062c\u0644 \u0627\u0644\u062d\u0631\u064a\u0629 \u0627\u0644\u0625\u0646\u062c\u0627\u0628\u064a\u0629","robots":{"index":"index","follow":"follow","max-snippet":"max-snippet:-1","max-image-preview":"max-image-preview:large","max-video-preview":"max-video-preview:-1"},"canonical":"https:\/\/floridareprofreedom.org\/ar\/\u062c-\u0628-7\/","og_locale":"ar_AR","og_type":"article","og_title":"\u00bfCu\u00e1nto tarda obtener una alternativa judicial? - Floridians For Reproductive Freedom","og_description":"La respuesta es no. No necesitas pagar honorarios legales para obtener una alternativa legal que te permita hacerte un aborto en Florida. Si quieres que la corte te asigne un abogado para ayudarte, esto no te costar\u00e1 un centavo. Vea, necesito un abogado para m\u00e1s informaci\u00f3n. En algunas cortes, vas a tener que pagar por [&hellip;]","og_url":"https:\/\/floridareprofreedom.org\/ar\/\u062c-\u0628-7\/","og_site_name":"Floridians For Reproductive Freedom","article_publisher":"https:\/\/www.facebook.com\/FloridaReproFreedom\/","article_modified_time":"2020-08-05T12:26:20+00:00","twitter_card":"summary_large_image","twitter_site":"@FLReproFreedom","twitter_misc":{"\u0648\u0642\u062a \u0627\u0644\u0642\u0631\u0627\u0621\u0629 \u0627\u0644\u0645\u064f\u0642\u062f\u0651\u0631":"\u062f\u0642\u064a\u0642\u062a\u0627\u0646"},"schema":{"@context":"https:\/\/schema.org","@graph":[{"@type":"WebPage","@id":"https:\/\/floridareprofreedom.org\/jb7\/","url":"https:\/\/floridareprofreedom.org\/jb7\/","name":"\u0645\u062a\u0649 \u062a\u062d\u0635\u0644 \u0639\u0644\u0649 \u0628\u062f\u064a\u0644 \u0642\u0636\u0627\u0626\u064a \u0628\u0639\u062f \u0641\u0648\u0627\u062a \u0627\u0644\u0623\u0648\u0627\u0646\u061f - \u0633\u0643\u0627\u0646 \u0641\u0644\u0648\u0631\u064a\u062f\u0627 \u0645\u0646 \u0623\u062c\u0644 \u0627\u0644\u062d\u0631\u064a\u0629 \u0627\u0644\u0625\u0646\u062c\u0627\u0628\u064a\u0629","isPartOf":{"@id":"https:\/\/floridareprofreedom.org\/#website"},"datePublished":"2020-08-05T12:25:57+00:00","dateModified":"2020-08-05T12:26:20+00:00","breadcrumb":{"@id":"https:\/\/floridareprofreedom.org\/jb7\/#breadcrumb"},"inLanguage":"ar","potentialAction":[{"@type":"ReadAction","target":["https:\/\/floridareprofreedom.org\/jb7\/"]}]},{"@type":"BreadcrumbList","@id":"https:\/\/floridareprofreedom.org\/jb7\/#breadcrumb","itemListElement":[{"@type":"ListItem","position":1,"name":"Home","item":"https:\/\/floridareprofreedom.org\/"},{"@type":"ListItem","position":2,"name":"\u00bfCu\u00e1nto tarda obtener una alternativa judicial?"}]},{"@type":"WebSite","@id":"https:\/\/floridareprofreedom.org\/#website","url":"https:\/\/floridareprofreedom.org\/","name":"\u0641\u0644\u0648\u0631\u064a\u062f\u0627 \u0645\u0646 \u0623\u062c\u0644 \u0627\u0644\u062d\u0631\u064a\u0629 \u0627\u0644\u0625\u0646\u062c\u0627\u0628\u064a\u0629","description":"\u0627\u0644\u062f\u0639\u0648\u0629 \u0625\u0644\u0649 \u062a\u0648\u0641\u064a\u0631 \u0625\u0645\u0643\u0627\u0646\u064a\u0629 \u0627\u0644\u0648\u0635\u0648\u0644 \u0627\u0644\u0645\u0631\u064a\u062d \u0648\u0627\u0644\u0645\u064a\u0633\u0648\u0631 \u0648\u0627\u0644\u0622\u0645\u0646 \u0625\u0644\u0649 \u0627\u0644\u0631\u0639\u0627\u064a\u0629 \u0627\u0644\u0635\u062d\u064a\u0629 \u0627\u0644\u0625\u0646\u062c\u0627\u0628\u064a\u0629\u060c \u0628\u0645\u0627 \u0641\u064a \u0630\u0644\u0643 \u0627\u0644\u0625\u062c\u0647\u0627\u0636.","publisher":{"@id":"https:\/\/floridareprofreedom.org\/#organization"},"potentialAction":[{"@type":"SearchAction","target":{"@type":"EntryPoint","urlTemplate":"https:\/\/floridareprofreedom.org\/?s={search_term_string}"},"query-input":{"@type":"PropertyValueSpecification","valueRequired":true,"valueName":"search_term_string"}}],"inLanguage":"ar"},{"@type":"Organization","@id":"https:\/\/floridareprofreedom.org\/#organization","name":"\u0641\u0644\u0648\u0631\u064a\u062f\u0627 \u0645\u0646 \u0623\u062c\u0644 \u0627\u0644\u062d\u0631\u064a\u0629 \u0627\u0644\u0625\u0646\u062c\u0627\u0628\u064a\u0629","url":"https:\/\/floridareprofreedom.org\/","logo":{"@type":"ImageObject","inLanguage":"ar","@id":"https:\/\/floridareprofreedom.org\/#\/schema\/logo\/image\/","url":"https:\/\/floridareprofreedom.org\/wp-content\/uploads\/2019\/05\/Untitled.jpg","contentUrl":"https:\/\/floridareprofreedom.org\/wp-content\/uploads\/2019\/05\/Untitled.jpg","width":174,"height":180,"caption":"Floridians for Reproductive Freedom"},"image":{"@id":"https:\/\/floridareprofreedom.org\/#\/schema\/logo\/image\/"},"sameAs":["https:\/\/www.facebook.com\/FloridaReproFreedom\/","https:\/\/x.com\/FLReproFreedom","https:\/\/www.instagram.com\/floridareprofreedom\/"]}]}},"_links":{"self":[{"href":"https:\/\/floridareprofreedom.org\/ar\/wp-json\/wp\/v2\/pages\/1263","targetHints":{"allow":["GET"]}}],"collection":[{"href":"https:\/\/floridareprofreedom.org\/ar\/wp-json\/wp\/v2\/pages"}],"about":[{"href":"https:\/\/floridareprofreedom.org\/ar\/wp-json\/wp\/v2\/types\/page"}],"author":[{"embeddable":true,"href":"https:\/\/floridareprofreedom.org\/ar\/wp-json\/wp\/v2\/users\/4"}],"replies":[{"embeddable":true,"href":"https:\/\/floridareprofreedom.org\/ar\/wp-json\/wp\/v2\/comments?post=1263"}],"version-history":[{"count":4,"href":"https:\/\/floridareprofreedom.org\/ar\/wp-json\/wp\/v2\/pages\/1263\/revisions"}],"predecessor-version":[{"id":1294,"href":"https:\/\/floridareprofreedom.org\/ar\/wp-json\/wp\/v2\/pages\/1263\/revisions\/1294"}],"wp:attachment":[{"href":"https:\/\/floridareprofreedom.org\/ar\/wp-json\/wp\/v2\/media?parent=1263"}],"wp:term":[{"taxonomy":"folder","embeddable":true,"href":"https:\/\/floridareprofreedom.org\/ar\/wp-json\/wp\/v2\/folder?post=1263"}],"curies":[{"name":"\u0648\u0648\u0631\u062f\u0628\u0631\u064a\u0633","href":"https:\/\/api.w.org\/{rel}","templated":true}]}}