{"id":1267,"date":"2020-08-05T12:29:57","date_gmt":"2020-08-05T12:29:57","guid":{"rendered":"https:\/\/floridareprofreedom.org\/?page_id=1267"},"modified":"2020-08-05T12:29:57","modified_gmt":"2020-08-05T12:29:57","slug":"%d8%ac-%d8%a8-9","status":"publish","type":"page","link":"https:\/\/floridareprofreedom.org\/ar\/jb9\/","title":{"rendered":"\u00bfQu\u00e9 type de questions me har\u00e1 el juez?"},"content":{"rendered":"<p><span style=\"font-weight: 400;\">\u0641\u064a \u0627\u0644\u0645\u0635\u0637\u0644\u062d\u0627\u062a \u0627\u0644\u0639\u0627\u0645\u0629\u060c \u062a\u0631\u064a\u062f \u0627\u0644\u0644\u0639\u0628\u0629 \u0623\u0646 \u062a\u0639\u0631\u0641 \u0645\u0627 \u0627\u0644\u0630\u064a \u064a\u0639\u0646\u064a\u0647 \u0627\u0644\u062e\u064a\u0627\u0631\u0627\u062a \u0627\u0644\u062a\u064a \u0644\u062f\u064a\u0643 \u0648\u0627\u0644\u062a\u064a \u062a\u0639\u062a\u0628\u0631\u0647\u0627 \u0645\u062f\u0631\u0648\u0633\u0629 \u0628\u0639\u0646\u0627\u064a\u0629 \u0644\u0642\u0631\u0627\u0631\u0643. \u0625\u0630\u0627 \u0643\u0627\u0646 \u0644\u062f\u064a\u0643 \u0645\u0623\u0648\u0649\u060c \u0625\u0630\u0627 \u0643\u0646\u062a \u062a\u0639\u062a\u0642\u062f \u0623\u0646\u0643 \u0633\u062a\u0633\u0627\u0639\u062f \u0641\u064a \u0627\u0644\u062a\u062d\u0636\u064a\u0631 \u0644\u0644\u0645 \u0627\u0644\u0634\u0645\u0644 \u0645\u0639 \u0627\u0644\u0643\u0623\u0633.\u00a0<\/span><\/p>\n<p><span style=\"font-weight: 400;\">\u0627\u0644\u0623\u0634\u064a\u0627\u0621 \u0627\u0644\u062a\u064a \u064a\u062c\u0628 \u0623\u0646 \u062a\u062a\u062d\u062f\u062b \u0639\u0646\u0647\u0627 \u0645\u0639 \u0627\u0644\u0644\u0639\u0628\u0629:\u00a0<\/span><\/p>\n<ul>\n<li style=\"font-weight: 400;\"><span style=\"font-weight: 400;\">\u00bf\u0647\u0644 \u062a\u0645 \u062a\u0623\u0643\u064a\u062f \u0627\u0644\u0625\u062d\u0631\u0627\u062c \u0628\u0635\u062d\u0628\u0629 \u0645\u0631\u0628\u064a \u0627\u0644\u0635\u062d\u0629\u061f<\/span><\/li>\n<li style=\"font-weight: 400;\"><span style=\"font-weight: 400;\">\u00bfCu\u00e1ntas Semanas llevas embarazada\u00a0<\/span><\/li>\n<li style=\"font-weight: 400;\"><span style=\"font-weight: 400;\">\u00bfPor qu\u00e9 tus pares do not pueden invlucrarse\u061f<\/span><\/li>\n<li style=\"font-weight: 400;\"><span style=\"font-weight: 400;\">\u0645\u0627 \u0627\u0644\u0630\u064a \u062a\u0639\u0631\u0641\u0647 \u0639\u0646 \u0625\u062c\u0631\u0627\u0621\u0627\u062a \u0627\u0644\u0625\u062c\u0647\u0627\u0636\u061f \u00bfCu\u00e1les son las options to interrumpir el emparazo?<\/span><\/li>\n<li style=\"font-weight: 400;\"><span style=\"font-weight: 400;\">\u0645\u0627 \u0627\u0644\u0630\u064a \u062a\u0639\u0631\u0641\u0647 \u0639\u0646 \u0627\u0644\u0645\u0634\u0627\u0643\u0644 \u0648\u0627\u0644\u0645\u0636\u0627\u0639\u0641\u0627\u062a \u0627\u0644\u0645\u062d\u062a\u0645\u0644\u0629\u061f \u0645\u0627 \u0647\u064a \u0627\u0644\u062e\u0637\u0629 \u0625\u0630\u0627 \u0643\u0627\u0646\u062a \u0627\u0644\u062a\u062c\u0627\u0631\u0628 \u0645\u0639\u0642\u062f\u0629\u061f<\/span><\/li>\n<li style=\"font-weight: 400;\"><span style=\"font-weight: 400;\">\u00bf\u0647\u0644 \u0645\u0646 \u0644\u062f\u064a\u0647 \u062e\u0628\u0631\u0647 \u0641\u064a \u0627\u0644\u0645\u062e\u0627\u0637\u0631 \u0648\u0627\u0644\u0645\u0636\u0627\u0639\u0641\u0627\u062a \u0627\u0644\u0645\u062d\u062a\u0645\u0644\u0629\u061f \u0645\u0627 \u0647\u064a \u062e\u0637\u062a\u0643 \u0641\u064a \u062d\u0627\u0644\u0629 \u062d\u062f\u0648\u062b \u0645\u0636\u0627\u0639\u0641\u0627\u062a\u061f<\/span><\/li>\n<li style=\"font-weight: 400;\"><span style=\"font-weight: 400;\">\u00bf\u0645\u0646 \u0643\u0627\u0646 \u0644\u062f\u064a\u0647 \u062e\u0628\u0631\u0647 \u0641\u064a \u0642\u0631\u0627\u0631\u0643 \u0628\u0634\u0623\u0646 \u0627\u0644\u0625\u062c\u0647\u0627\u0636\u061f<\/span><\/li>\n<li style=\"font-weight: 400;\"><span style=\"font-weight: 400;\">\u00bfHas hablado con adultos?\u00a0<\/span><\/li>\n<li style=\"font-weight: 400;\"><span style=\"font-weight: 400;\">\u0647\u0644 \u0623\u0646\u062a \u0645\u062c\u0628\u0631 \u0623\u0648 \u0645\u062c\u0628\u0631 \u0639\u0644\u0649 \u0627\u0644\u0625\u062c\u0647\u0627\u0636\u061f<\/span><\/li>\n<li style=\"font-weight: 400;\"><span style=\"font-weight: 400;\">\u00bfHas sido abusada?\u00a0<\/span><\/li>\n<li style=\"font-weight: 400;\"><span style=\"font-weight: 400;\">\u00bfC\u00f3mo pagar\u00e1s por el aborto\u061f<\/span><\/li>\n<\/ul>\n<p><span style=\"font-weight: 400;\">\u062f\u062e\u0648\u0644 <\/span><a href=\"https:\/\/drive.google.com\/open?id=1nCrUP_HmPi09CYfEQhbJkZtQPd8GJ7_u\"><span style=\"font-weight: 400;\">a este enlace<\/span><\/a><span style=\"font-weight: 400;\"> \u0644\u0645\u0631\u0627\u062c\u0639\u0629 \u0642\u0627\u0626\u0645\u0629 \u0627\u0644\u0623\u0633\u0626\u0644\u0629 \u0627\u0644\u0645\u062d\u062a\u0645\u0644\u0629 \u0627\u0644\u062a\u064a \u0633\u064a\u062a\u0645 \u0625\u0639\u062f\u0627\u062f\u0647\u0627<\/span><\/p>\n<p style=\"text-align: center;\"><a href=\"https:\/\/floridareprofreedom.org\/ar\/%d8%a7%d9%84%d8%a8%d8%af%d9%8a%d9%84-%d8%a7%d9%84%d9%82%d8%b6%d8%a7%d8%a6%d9%8a-%d9%81%d9%8a-%d9%81%d9%84%d9%88%d8%b1%d9%8a%d8%af%d8%a7\/\">Regresar al inicio<\/a>\u00a0\u00a0|\u00a0 <a href=\"https:\/\/floridareprofreedom.org\/ar\/%d8%ac-%d8%a8-8\/\">\u0627\u0644\u0633\u0624\u0627\u0644 \u0627\u0644\u0633\u0627\u0628\u0642<\/a>\u00a0 |\u00a0 <a href=\"https:\/\/floridareprofreedom.org\/ar\/jb10\/\">\u0627\u0644\u0635\u0641\u062d\u0629 \u0627\u0644\u062a\u0627\u0644\u064a\u0629<\/a><\/p>\n<p><b>Preguntas Relacionadas<\/b><\/p>\n<ol>\n<li style=\"font-weight: 400;\"><span style=\"font-weight: 400;\"><a href=\"https:\/\/floridareprofreedom.org\/ar\/%d8%ac-%d8%a8-1\/\">\u00bf<\/a><a href=\"https:\/\/floridareprofreedom.org\/ar\/%d8%ac-%d8%a8-1\/\">\u0645\u0627 \u0647\u0648 \u0627\u0644\u0628\u062f\u064a\u0644 \u0627\u0644\u0642\u0636\u0627\u0626\u064a \u0641\u064a \u062d\u0627\u0644\u0629 \u0627\u0644\u062d\u0627\u062c\u0629 \u0625\u0644\u0649 \u0627\u0644\u0625\u062c\u0647\u0627\u0636\u061f<\/a><\/span><\/li>\n<li style=\"font-weight: 400;\"><a href=\"https:\/\/floridareprofreedom.org\/ar\/jb2\/\"><span style=\"font-weight: 400;\">\u00bf<\/span><span style=\"font-weight: 400;\">\u0647\u0644 \u062a\u0631\u063a\u0628 \u0641\u064a \u0625\u062c\u0631\u0627\u0621 \u0639\u0645\u0644\u064a\u0629 \u0625\u062c\u0647\u0627\u0636\u061f<\/span><\/a><\/li>\n<li style=\"font-weight: 400;\"><a href=\"https:\/\/floridareprofreedom.org\/ar\/%d8%ac-%d8%a8-3\/\"><span style=\"font-weight: 400;\">\u00bf<\/span><span style=\"font-weight: 400;\">\u0645\u0627 \u0646\u0648\u0639 \u0627\u0644\u0635\u064a\u063a\u0629 \u062f\u064a\u0628\u0648 \u0644\u064a\u0646\u0627\u0631<\/span><span style=\"font-weight: 400;\">?<\/span><\/a><\/li>\n<li style=\"font-weight: 400;\"><a href=\"https:\/\/floridareprofreedom.org\/ar\/%d8%ac-%d8%a8-4\/\"><span style=\"font-weight: 400;\">\u0647\u0644 \u062a\u0641\u0643\u0631 \u0641\u064a \u0627\u0644\u0644\u0639\u0628\u0629 \u0644\u0627\u062a\u062e\u0627\u0630 \u0642\u0631\u0627\u0631\u061f<\/span><\/a><\/li>\n<li style=\"font-weight: 400;\"><a href=\"https:\/\/floridareprofreedom.org\/ar\/%d8%ac-%d8%a8-5\/\"><span style=\"font-weight: 400;\">\u00bfNecesito un abogado?<\/span><\/a><\/li>\n<li style=\"font-weight: 400;\"><a href=\"https:\/\/floridareprofreedom.org\/ar\/%d8%ac-%d8%a8-6\/\"><span style=\"font-weight: 400;\">\u00bf<\/span><span style=\"font-weight: 400;\">\u0645\u062a\u0649 \u062a\u062a\u0648\u0635\u0644 \u0625\u0644\u0649 \u0628\u062f\u064a\u0644 \u0642\u0636\u0627\u0626\u064a\u061f<\/span><\/a><\/li>\n<li style=\"font-weight: 400;\"><a href=\"https:\/\/floridareprofreedom.org\/ar\/%d8%ac-%d8%a8-7\/\"><span style=\"font-weight: 400;\">\u00bf<\/span><span style=\"font-weight: 400;\">\u0645\u062a\u0649 \u062a\u0631\u064a\u062f \u0627\u0644\u062d\u0635\u0648\u0644 \u0639\u0644\u0649 \u0628\u062f\u064a\u0644 \u0642\u0636\u0627\u0626\u064a\u061f<\/span><\/a><\/li>\n<li style=\"font-weight: 400;\"><a href=\"https:\/\/floridareprofreedom.org\/ar\/%d8%ac-%d8%a8-8\/\"><span style=\"font-weight: 400;\">\u00bf<\/span><span style=\"font-weight: 400;\">\u0645\u0646 \u064a\u0639\u0644\u0645 \u0625\u0630\u0627 \u062d\u0635\u0644 \u0639\u0644\u0649 \u0628\u062f\u064a\u0644 \u0642\u0636\u0627\u0626\u064a\u061f<\/span><\/a><\/li>\n<li style=\"font-weight: 400;\"><a href=\"https:\/\/floridareprofreedom.org\/ar\/%d8%ac-%d8%a8-9\/\"><span style=\"font-weight: 400;\">\u00bf<\/span><span style=\"font-weight: 400;\">\u0645\u0627 \u0646\u0648\u0639 \u0627\u0644\u0623\u0633\u0626\u0644\u0629 \u0627\u0644\u062a\u064a \u0623\u0637\u0631\u062d\u0647\u0627 \u0639\u0644\u0649 \u0627\u0644\u0644\u0639\u0628\u0629\u061f<\/span><\/a><\/li>\n<li style=\"font-weight: 400;\"><a href=\"https:\/\/floridareprofreedom.org\/ar\/jb10\/\"><span style=\"font-weight: 400;\">\u00bf<\/span><span style=\"font-weight: 400;\">\u0645\u0627 \u0647\u064a \u0627\u0644\u0645\u0644\u0627\u0628\u0633 \u0627\u0644\u062a\u064a \u064a\u0645\u0643\u0646 \u0627\u0633\u062a\u062e\u062f\u0627\u0645\u0647\u0627 \u0644\u0644\u0627\u0631\u062a\u062f\u0627\u0621 \u0641\u064a \u0627\u0644\u0645\u0644\u0627\u0628\u0633\u061f<\/span><\/a><\/li>\n<li style=\"font-weight: 400;\"><a href=\"https:\/\/floridareprofreedom.org\/ar\/%d8%ac-%d8%a8-11\/\"><span style=\"font-weight: 400;\">\u00bf<\/span><span style=\"font-weight: 400;\">Qu\u00e9 suceder\u00eda si mi audiencia est \u0645\u0628\u0631\u0645\u062c \u0644\u064a\u0648\u0645 \u0645\u062f\u0631\u0633\u064a<\/span><span style=\"font-weight: 400;\">?<\/span><\/a><\/li>\n<li style=\"font-weight: 400;\"><a href=\"https:\/\/floridareprofreedom.org\/ar\/jb12\/\"><span style=\"font-weight: 400;\">\u00bf<\/span><span style=\"font-weight: 400;\">\u064a\u0645\u0643\u0646 \u0644\u0644\u0634\u062e\u0635 \u0627\u0644\u0645\u0639\u0646\u064a \u0628\u0627\u0644\u062d\u0631\u062c \u0623\u0646 \u064a\u0642\u0631\u0631 \u0645\u0627 \u0625\u0630\u0627 \u0643\u0627\u0646 \u0633\u064a\u0641\u0639\u0644 \u0630\u0644\u0643 \u0623\u0645 \u0644\u0627 \u064a\u0645\u0627\u0631\u0633 \u0627\u0644\u0625\u062c\u0647\u0627\u0636<\/span><\/a><span style=\"font-weight: 400;\">?\u00a0<\/span><\/li>\n<li style=\"font-weight: 400;\"><a href=\"https:\/\/floridareprofreedom.org\/ar\/%d9%8a-%d8%a8-13\/\"><span style=\"font-weight: 400;\">\u00a0<\/span><span style=\"font-weight: 400;\">\u00bf<\/span><span style=\"font-weight: 400;\">\u0647\u0644 \u062a\u0631\u064a\u062f \u0623\u0646 \u062a\u0643\u0648\u0646 \u0645\u0648\u0627\u0637\u0646\u064b\u0627 \u0623\u0645\u0631\u064a\u0643\u064a\u064b\u0627 \u0644\u0645\u0645\u0627\u0631\u0633\u0629 \u0627\u0644\u0625\u062c\u0647\u0627\u0636\u061f <\/span><span style=\"font-weight: 400;\">\u00bf<\/span><span style=\"font-weight: 400;\">\u0647\u0644 \u0644\u0627 \u064a\u0645\u0643\u0646\u0643 \u0627\u0644\u062a\u0648\u0627\u0635\u0644 \u0628\u0627\u0644\u0644\u063a\u0629 \u0627\u0644\u0625\u0646\u062c\u0644\u064a\u0632\u064a\u0629\u061f\u00a0<\/span><\/a><\/li>\n<li style=\"font-weight: 400;\"><a href=\"https:\/\/floridareprofreedom.org\/ar\/%d9%8a-%d8%a8-14\/\"><span style=\"font-weight: 400;\">\u00bf<\/span><span style=\"font-weight: 400;\">\u0647\u0644 \u064a\u0645\u0643\u0646\u0643 \u062a\u063a\u064a\u064a\u0631 \u0627\u0644\u0642\u0631\u0627\u0631 \u0628\u0639\u062f \u0627\u0644\u0644\u062c\u0648\u0621 \u0625\u0644\u0649 \u0628\u062f\u064a\u0644 \u0642\u0636\u0627\u0626\u064a\u061f<\/span><\/a><\/li>\n<li><a href=\"https:\/\/floridareprofreedom.org\/ar\/%d9%8a-%d8%a8-15\/\"><span style=\"font-weight: 400;\">\u00bf<\/span><span style=\"font-weight: 400;\">Qu\u00e9 pasa si el juez niega mi petici\u00f3n<\/span><span style=\"font-weight: 400;\">?<\/span><\/a><\/li>\n<\/ol>","protected":false},"excerpt":{"rendered":"<p>En t\u00e9rminos generales, el juez querr\u00e1 saber que entiendes las opciones que tienes y que has considerado cuidadosamente tu decisi\u00f3n. Si tienes un abogado, se supone que te ayude a prepararte para la reuni\u00f3n con el juez.\u00a0 Cosas que se supone debes hablar con el juez:\u00a0 \u00bfHas confirmado el embarazo con un proveedor de salud? [&hellip;]<\/p>\n","protected":false},"author":4,"featured_media":0,"parent":0,"menu_order":0,"comment_status":"closed","ping_status":"closed","template":"","meta":{"footnotes":""},"folder":[9],"class_list":["post-1267","page","type-page","status-publish","hentry"],"yoast_head":"<!-- This site is optimized with the Yoast SEO plugin v27.3 - https:\/\/yoast.com\/product\/yoast-seo-wordpress\/ -->\n<title>\u00bfQu\u00e9 tipo de preguntas me har\u00e1 el juez? - Floridians For Reproductive Freedom<\/title>\n<meta name=\"robots\" content=\"index, follow, max-snippet:-1, max-image-preview:large, max-video-preview:-1\" \/>\n<link rel=\"canonical\" href=\"https:\/\/floridareprofreedom.org\/ar\/\u062c-\u0628-9\/\" \/>\n<meta property=\"og:locale\" content=\"ar_AR\" \/>\n<meta property=\"og:type\" content=\"article\" \/>\n<meta property=\"og:title\" content=\"\u00bfQu\u00e9 tipo de preguntas me har\u00e1 el juez? - Floridians For Reproductive Freedom\" \/>\n<meta property=\"og:description\" content=\"En t\u00e9rminos generales, el juez querr\u00e1 saber que entiendes las opciones que tienes y que has considerado cuidadosamente tu decisi\u00f3n. Si tienes un abogado, se supone que te ayude a prepararte para la reuni\u00f3n con el juez.\u00a0 Cosas que se supone debes hablar con el juez:\u00a0 \u00bfHas confirmado el embarazo con un proveedor de salud? [&hellip;]\" \/>\n<meta property=\"og:url\" content=\"https:\/\/floridareprofreedom.org\/ar\/\u062c-\u0628-9\/\" \/>\n<meta property=\"og:site_name\" content=\"Floridians For Reproductive Freedom\" \/>\n<meta property=\"article:publisher\" content=\"https:\/\/www.facebook.com\/FloridaReproFreedom\/\" \/>\n<meta name=\"twitter:card\" content=\"summary_large_image\" \/>\n<meta name=\"twitter:site\" content=\"@FLReproFreedom\" \/>\n<meta name=\"twitter:label1\" content=\"\u0648\u0642\u062a \u0627\u0644\u0642\u0631\u0627\u0621\u0629 \u0627\u0644\u0645\u064f\u0642\u062f\u0651\u0631\" \/>\n\t<meta name=\"twitter:data1\" content=\"\u062f\u0642\u064a\u0642\u062a\u0627\u0646\" \/>\n<script type=\"application\/ld+json\" class=\"yoast-schema-graph\">{\"@context\":\"https:\\\/\\\/schema.org\",\"@graph\":[{\"@type\":\"WebPage\",\"@id\":\"https:\\\/\\\/floridareprofreedom.org\\\/jb9\\\/\",\"url\":\"https:\\\/\\\/floridareprofreedom.org\\\/jb9\\\/\",\"name\":\"\u00bfQu\u00e9 tipo de preguntas me har\u00e1 el juez? - Floridians For Reproductive Freedom\",\"isPartOf\":{\"@id\":\"https:\\\/\\\/floridareprofreedom.org\\\/#website\"},\"datePublished\":\"2020-08-05T12:29:57+00:00\",\"breadcrumb\":{\"@id\":\"https:\\\/\\\/floridareprofreedom.org\\\/jb9\\\/#breadcrumb\"},\"inLanguage\":\"ar\",\"potentialAction\":[{\"@type\":\"ReadAction\",\"target\":[\"https:\\\/\\\/floridareprofreedom.org\\\/jb9\\\/\"]}]},{\"@type\":\"BreadcrumbList\",\"@id\":\"https:\\\/\\\/floridareprofreedom.org\\\/jb9\\\/#breadcrumb\",\"itemListElement\":[{\"@type\":\"ListItem\",\"position\":1,\"name\":\"Home\",\"item\":\"https:\\\/\\\/floridareprofreedom.org\\\/\"},{\"@type\":\"ListItem\",\"position\":2,\"name\":\"\u00bfQu\u00e9 tipo de preguntas me har\u00e1 el juez?\"}]},{\"@type\":\"WebSite\",\"@id\":\"https:\\\/\\\/floridareprofreedom.org\\\/#website\",\"url\":\"https:\\\/\\\/floridareprofreedom.org\\\/\",\"name\":\"Floridians For Reproductive Freedom\",\"description\":\"Advocating for convenient, affordable, and safe access to reproductive health care, including abortion.\",\"publisher\":{\"@id\":\"https:\\\/\\\/floridareprofreedom.org\\\/#organization\"},\"potentialAction\":[{\"@type\":\"SearchAction\",\"target\":{\"@type\":\"EntryPoint\",\"urlTemplate\":\"https:\\\/\\\/floridareprofreedom.org\\\/?s={search_term_string}\"},\"query-input\":{\"@type\":\"PropertyValueSpecification\",\"valueRequired\":true,\"valueName\":\"search_term_string\"}}],\"inLanguage\":\"ar\"},{\"@type\":\"Organization\",\"@id\":\"https:\\\/\\\/floridareprofreedom.org\\\/#organization\",\"name\":\"Floridians for Reproductive Freedom\",\"url\":\"https:\\\/\\\/floridareprofreedom.org\\\/\",\"logo\":{\"@type\":\"ImageObject\",\"inLanguage\":\"ar\",\"@id\":\"https:\\\/\\\/floridareprofreedom.org\\\/#\\\/schema\\\/logo\\\/image\\\/\",\"url\":\"https:\\\/\\\/floridareprofreedom.org\\\/wp-content\\\/uploads\\\/2019\\\/05\\\/Untitled.jpg\",\"contentUrl\":\"https:\\\/\\\/floridareprofreedom.org\\\/wp-content\\\/uploads\\\/2019\\\/05\\\/Untitled.jpg\",\"width\":174,\"height\":180,\"caption\":\"Floridians for Reproductive Freedom\"},\"image\":{\"@id\":\"https:\\\/\\\/floridareprofreedom.org\\\/#\\\/schema\\\/logo\\\/image\\\/\"},\"sameAs\":[\"https:\\\/\\\/www.facebook.com\\\/FloridaReproFreedom\\\/\",\"https:\\\/\\\/x.com\\\/FLReproFreedom\",\"https:\\\/\\\/www.instagram.com\\\/floridareprofreedom\\\/\"]}]}<\/script>\n<!-- \/ Yoast SEO plugin. -->","yoast_head_json":{"title":"\u00bfQu\u00e9 type de questions me har\u00e1 el juez? - \u0633\u0643\u0627\u0646 \u0641\u0644\u0648\u0631\u064a\u062f\u0627 \u0645\u0646 \u0623\u062c\u0644 \u0627\u0644\u062d\u0631\u064a\u0629 \u0627\u0644\u0625\u0646\u062c\u0627\u0628\u064a\u0629","robots":{"index":"index","follow":"follow","max-snippet":"max-snippet:-1","max-image-preview":"max-image-preview:large","max-video-preview":"max-video-preview:-1"},"canonical":"https:\/\/floridareprofreedom.org\/ar\/\u062c-\u0628-9\/","og_locale":"ar_AR","og_type":"article","og_title":"\u00bfQu\u00e9 tipo de preguntas me har\u00e1 el juez? - Floridians For Reproductive Freedom","og_description":"En t\u00e9rminos generales, el juez querr\u00e1 saber que entiendes las opciones que tienes y que has considerado cuidadosamente tu decisi\u00f3n. Si tienes un abogado, se supone que te ayude a prepararte para la reuni\u00f3n con el juez.\u00a0 Cosas que se supone debes hablar con el juez:\u00a0 \u00bfHas confirmado el embarazo con un proveedor de salud? [&hellip;]","og_url":"https:\/\/floridareprofreedom.org\/ar\/\u062c-\u0628-9\/","og_site_name":"Floridians For Reproductive Freedom","article_publisher":"https:\/\/www.facebook.com\/FloridaReproFreedom\/","twitter_card":"summary_large_image","twitter_site":"@FLReproFreedom","twitter_misc":{"\u0648\u0642\u062a \u0627\u0644\u0642\u0631\u0627\u0621\u0629 \u0627\u0644\u0645\u064f\u0642\u062f\u0651\u0631":"\u062f\u0642\u064a\u0642\u062a\u0627\u0646"},"schema":{"@context":"https:\/\/schema.org","@graph":[{"@type":"WebPage","@id":"https:\/\/floridareprofreedom.org\/jb9\/","url":"https:\/\/floridareprofreedom.org\/jb9\/","name":"\u00bfQu\u00e9 type de questions me har\u00e1 el juez? - \u0633\u0643\u0627\u0646 \u0641\u0644\u0648\u0631\u064a\u062f\u0627 \u0645\u0646 \u0623\u062c\u0644 \u0627\u0644\u062d\u0631\u064a\u0629 \u0627\u0644\u0625\u0646\u062c\u0627\u0628\u064a\u0629","isPartOf":{"@id":"https:\/\/floridareprofreedom.org\/#website"},"datePublished":"2020-08-05T12:29:57+00:00","breadcrumb":{"@id":"https:\/\/floridareprofreedom.org\/jb9\/#breadcrumb"},"inLanguage":"ar","potentialAction":[{"@type":"ReadAction","target":["https:\/\/floridareprofreedom.org\/jb9\/"]}]},{"@type":"BreadcrumbList","@id":"https:\/\/floridareprofreedom.org\/jb9\/#breadcrumb","itemListElement":[{"@type":"ListItem","position":1,"name":"Home","item":"https:\/\/floridareprofreedom.org\/"},{"@type":"ListItem","position":2,"name":"\u00bfQu\u00e9 tipo de preguntas me har\u00e1 el juez?"}]},{"@type":"WebSite","@id":"https:\/\/floridareprofreedom.org\/#website","url":"https:\/\/floridareprofreedom.org\/","name":"\u0641\u0644\u0648\u0631\u064a\u062f\u0627 \u0645\u0646 \u0623\u062c\u0644 \u0627\u0644\u062d\u0631\u064a\u0629 \u0627\u0644\u0625\u0646\u062c\u0627\u0628\u064a\u0629","description":"\u0627\u0644\u062f\u0639\u0648\u0629 \u0625\u0644\u0649 \u062a\u0648\u0641\u064a\u0631 \u0625\u0645\u0643\u0627\u0646\u064a\u0629 \u0627\u0644\u0648\u0635\u0648\u0644 \u0627\u0644\u0645\u0631\u064a\u062d \u0648\u0627\u0644\u0645\u064a\u0633\u0648\u0631 \u0648\u0627\u0644\u0622\u0645\u0646 \u0625\u0644\u0649 \u0627\u0644\u0631\u0639\u0627\u064a\u0629 \u0627\u0644\u0635\u062d\u064a\u0629 \u0627\u0644\u0625\u0646\u062c\u0627\u0628\u064a\u0629\u060c \u0628\u0645\u0627 \u0641\u064a \u0630\u0644\u0643 \u0627\u0644\u0625\u062c\u0647\u0627\u0636.","publisher":{"@id":"https:\/\/floridareprofreedom.org\/#organization"},"potentialAction":[{"@type":"SearchAction","target":{"@type":"EntryPoint","urlTemplate":"https:\/\/floridareprofreedom.org\/?s={search_term_string}"},"query-input":{"@type":"PropertyValueSpecification","valueRequired":true,"valueName":"search_term_string"}}],"inLanguage":"ar"},{"@type":"Organization","@id":"https:\/\/floridareprofreedom.org\/#organization","name":"\u0641\u0644\u0648\u0631\u064a\u062f\u0627 \u0645\u0646 \u0623\u062c\u0644 \u0627\u0644\u062d\u0631\u064a\u0629 \u0627\u0644\u0625\u0646\u062c\u0627\u0628\u064a\u0629","url":"https:\/\/floridareprofreedom.org\/","logo":{"@type":"ImageObject","inLanguage":"ar","@id":"https:\/\/floridareprofreedom.org\/#\/schema\/logo\/image\/","url":"https:\/\/floridareprofreedom.org\/wp-content\/uploads\/2019\/05\/Untitled.jpg","contentUrl":"https:\/\/floridareprofreedom.org\/wp-content\/uploads\/2019\/05\/Untitled.jpg","width":174,"height":180,"caption":"Floridians for Reproductive Freedom"},"image":{"@id":"https:\/\/floridareprofreedom.org\/#\/schema\/logo\/image\/"},"sameAs":["https:\/\/www.facebook.com\/FloridaReproFreedom\/","https:\/\/x.com\/FLReproFreedom","https:\/\/www.instagram.com\/floridareprofreedom\/"]}]}},"_links":{"self":[{"href":"https:\/\/floridareprofreedom.org\/ar\/wp-json\/wp\/v2\/pages\/1267","targetHints":{"allow":["GET"]}}],"collection":[{"href":"https:\/\/floridareprofreedom.org\/ar\/wp-json\/wp\/v2\/pages"}],"about":[{"href":"https:\/\/floridareprofreedom.org\/ar\/wp-json\/wp\/v2\/types\/page"}],"author":[{"embeddable":true,"href":"https:\/\/floridareprofreedom.org\/ar\/wp-json\/wp\/v2\/users\/4"}],"replies":[{"embeddable":true,"href":"https:\/\/floridareprofreedom.org\/ar\/wp-json\/wp\/v2\/comments?post=1267"}],"version-history":[{"count":2,"href":"https:\/\/floridareprofreedom.org\/ar\/wp-json\/wp\/v2\/pages\/1267\/revisions"}],"predecessor-version":[{"id":1297,"href":"https:\/\/floridareprofreedom.org\/ar\/wp-json\/wp\/v2\/pages\/1267\/revisions\/1297"}],"wp:attachment":[{"href":"https:\/\/floridareprofreedom.org\/ar\/wp-json\/wp\/v2\/media?parent=1267"}],"wp:term":[{"taxonomy":"folder","embeddable":true,"href":"https:\/\/floridareprofreedom.org\/ar\/wp-json\/wp\/v2\/folder?post=1267"}],"curies":[{"name":"\u0648\u0648\u0631\u062f\u0628\u0631\u064a\u0633","href":"https:\/\/api.w.org\/{rel}","templated":true}]}}