{"id":1981,"date":"2021-05-18T20:27:30","date_gmt":"2021-05-18T20:27:30","guid":{"rendered":"https:\/\/floridareprofreedom.org\/?page_id=1981"},"modified":"2021-05-19T18:58:01","modified_gmt":"2021-05-19T18:58:01","slug":"%d8%a5%d8%af%d8%a7%d8%b1%d8%a7%d8%aa-%d8%a7%d9%84%d8%b5%d8%ad%d8%a9","status":"publish","type":"page","link":"https:\/\/floridareprofreedom.org\/ar\/departamentos-de-salud\/","title":{"rendered":"Departamentos de Salud del Condado"},"content":{"rendered":"<p><span style=\"font-weight: 400;\">\u062a\u062a\u0648\u0641\u0631 \u062e\u062f\u0645\u0627\u062a \u0627\u0644\u062a\u062e\u0637\u064a\u0637 \u0627\u0644\u0645\u0623\u0644\u0648\u0641\u0629 \u0648\u0627\u0644\u0635\u062d\u0629 \u0627\u0644\u0648\u0642\u0627\u0626\u064a\u0629 \u0641\u064a \u0641\u0644\u0648\u0631\u064a\u062f\u0627 \u0644\u062c\u0645\u064a\u0639 \u0633\u0643\u0627\u0646 \u0627\u0644\u0648\u0644\u0627\u064a\u0629\u060c \u0628\u0645\u0627 \u0641\u064a \u0630\u0644\u0643 \u0627\u0644\u0634\u0628\u0627\u0628\u060c \u0641\u064a 67 \u0634\u0642\u0629 \u0645\u0646 \u062e\u0644\u0627\u0644 \u0623\u0642\u0633\u0627\u0645 \u0627\u0644\u0635\u062d\u0629 \u0645\u0646 \u0643\u0644 \u0634\u0642\u0629 \u0645\u062d\u0644\u064a\u0629 \u0623\u0648 \u0645\u0646 \u0627\u0644\u0648\u0643\u0627\u0644\u0627\u062a \u0627\u0644\u0645\u062a\u0639\u0627\u0642\u062f \u0639\u0644\u064a\u0647\u0627. \u062e\u062f\u0645\u0627\u062a \u0627\u0644\u062a\u062e\u0637\u064a\u0637 \u0627\u0644\u0645\u0623\u0644\u0648\u0641\u0629 \u062a\u0643\u0648\u0646 \u0637\u0648\u0639\u064a\u0629 \u0648\u0633\u0631\u064a\u0629 \u0625\u0644\u0649 \u062d\u062f \u0645\u0627. \u0625\u0646\u0647\u0627 \u062a\u0642\u062f\u0645 \u0645\u0639\u0644\u0648\u0645\u0627\u062a \u062b\u0642\u0627\u0641\u064a\u0629 \u0645\u0639\u0642\u0648\u0644\u0629 \u0648\u0639\u0646 \u0623\u0647\u0645\u064a\u0629 \u0627\u0644\u062a\u062e\u0637\u064a\u0637 \u0644\u0644\u062d\u0645\u0644 \u0641\u064a \u0646\u0647\u0627\u064a\u0629 \u0627\u0644\u0645\u0633\u0627\u0639\u062f\u0629 \u0648\u062a\u062a\u062e\u0630 \u0642\u0631\u0627\u0631\u064b\u0627 \u0645\u0633\u062a\u0646\u064a\u0631\u064b\u0627 \u0628\u0634\u0623\u0646 \u0627\u0633\u062a\u062e\u062f\u0627\u0645 \u0645\u0636\u0627\u062f\u0627\u062a \u0627\u0644\u062d\u0645\u0644.<\/span><\/p>\n<p><span style=\"font-weight: 400;\">\u0631\u0627\u062c\u0639 \u0627\u0644\u062c\u062f\u0648\u0644 \u0627\u0644\u062a\u0627\u0644\u064a \u0644\u0644\u062a\u0639\u0631\u0641 \u0639\u0644\u0649 \u0645\u064a\u0632\u0627\u062a\u0646\u0627 \u0627\u0644\u0645\u0645\u064a\u0632\u0629 \u062d\u0648\u0644 \u0627\u0644\u062e\u062f\u0645\u0627\u062a \u0627\u0644\u0645\u062a\u0627\u062d\u0629 \u0641\u064a \u0643\u0644 \u0634\u0642\u0629. \u0644\u0644\u062d\u0635\u0648\u0644 \u0639\u0644\u0649 \u0645\u0632\u064a\u062f \u0645\u0646 \u0627\u0644\u0645\u0639\u0644\u0648\u0645\u0627\u062a\u060c \u0642\u0645 \u0628\u0632\u064a\u0627\u0631\u0629 \u0627\u0644\u0645\u0648\u0642\u0639 \u0627\u0644\u0631\u0626\u064a\u0633\u064a \u0644\u0644\u0648\u064a\u0628\u00a0<\/span><a href=\"http:\/\/www.floridahealth.gov\/programs-and-services\/womens-health\/family-planning\/index.html\"><span style=\"font-weight: 400;\">\u0628\u0631\u0646\u0627\u0645\u062c \u0627\u0644\u062a\u062e\u0637\u064a\u0637 \u0627\u0644\u0645\u0623\u0644\u0648\u0641 \u0644\u0642\u0633\u0645 \u0627\u0644\u0635\u062d\u0629 \u0641\u064a \u0641\u0644\u0648\u0631\u064a\u062f\u0627<\/span><\/a>.<\/p>\n<p style=\"text-align: center;\"><a href=\"https:\/\/floridareprofreedom.org\/ar\/%d9%85%d8%b6%d8%a7%d8%af-%d9%84%d9%84%d8%ad%d9%85%d9%84\/\">Regresar al inicio<\/a><\/p>\n<p><iframe src=\"https:\/\/docs.google.com\/spreadsheets\/d\/e\/2PACX-1vTcbuEGnB0yJaX_Umj-wcaRiRxPAF0GUey58bYTg8ZWroY7tmqgGXl-5Xp_LeCDKwe5K0zPElxegQ8R\/pubhtml?gid=2004341484&amp;single=true&amp;amp\" width=\"850\" height=\"1200\"><\/iframe><\/p>\n<p style=\"text-align: center;\"><a href=\"https:\/\/floridareprofreedom.org\/ar\/%d9%85%d8%b6%d8%a7%d8%af-%d9%84%d9%84%d8%ad%d9%85%d9%84\/\">Regresar al inicio<\/a><\/p>","protected":false},"excerpt":{"rendered":"<p>Los servicios de planificaci\u00f3n familiar y los de salud preventiva de Florida est\u00e1n disponibles para todos los residentes del estado, incluyendo los j\u00f3venes, en los 67 condados a trav\u00e9s de los departamentos de salud de cada condado local o de agencias contratadas. Los servicios de planificaci\u00f3n familiar se prestan de forma voluntaria y de manera [&hellip;]<\/p>\n","protected":false},"author":3,"featured_media":0,"parent":0,"menu_order":0,"comment_status":"closed","ping_status":"closed","template":"","meta":{"footnotes":""},"folder":[20,10],"class_list":["post-1981","page","type-page","status-publish","hentry"],"yoast_head":"<!-- This site is optimized with the Yoast SEO plugin v27.4 - https:\/\/yoast.com\/product\/yoast-seo-wordpress\/ -->\n<title>Departamentos de Salud del Condado - Floridians For Reproductive Freedom<\/title>\n<meta name=\"robots\" content=\"index, follow, max-snippet:-1, max-image-preview:large, max-video-preview:-1\" \/>\n<link rel=\"canonical\" href=\"https:\/\/floridareprofreedom.org\/ar\/\u0625\u062f\u0627\u0631\u0627\u062a-\u0627\u0644\u0635\u062d\u0629\/\" \/>\n<meta property=\"og:locale\" content=\"ar_AR\" \/>\n<meta property=\"og:type\" content=\"article\" \/>\n<meta property=\"og:title\" content=\"Departamentos de Salud del Condado - Floridians For Reproductive Freedom\" \/>\n<meta property=\"og:description\" content=\"Los servicios de planificaci\u00f3n familiar y los de salud preventiva de Florida est\u00e1n disponibles para todos los residentes del estado, incluyendo los j\u00f3venes, en los 67 condados a trav\u00e9s de los departamentos de salud de cada condado local o de agencias contratadas. Los servicios de planificaci\u00f3n familiar se prestan de forma voluntaria y de manera [&hellip;]\" \/>\n<meta property=\"og:url\" content=\"https:\/\/floridareprofreedom.org\/ar\/\u0625\u062f\u0627\u0631\u0627\u062a-\u0627\u0644\u0635\u062d\u0629\/\" \/>\n<meta property=\"og:site_name\" content=\"Floridians For Reproductive Freedom\" \/>\n<meta property=\"article:publisher\" content=\"https:\/\/www.facebook.com\/FloridaReproFreedom\/\" \/>\n<meta property=\"article:modified_time\" content=\"2021-05-19T18:58:01+00:00\" \/>\n<meta name=\"twitter:card\" content=\"summary_large_image\" \/>\n<meta name=\"twitter:site\" content=\"@FLReproFreedom\" \/>\n<meta name=\"twitter:label1\" content=\"\u0648\u0642\u062a \u0627\u0644\u0642\u0631\u0627\u0621\u0629 \u0627\u0644\u0645\u064f\u0642\u062f\u0651\u0631\" \/>\n\t<meta name=\"twitter:data1\" content=\"\u062f\u0642\u064a\u0642\u0629 \u0648\u0627\u062d\u062f\u0629\" \/>\n<script type=\"application\/ld+json\" class=\"yoast-schema-graph\">{\"@context\":\"https:\\\/\\\/schema.org\",\"@graph\":[{\"@type\":\"WebPage\",\"@id\":\"https:\\\/\\\/floridareprofreedom.org\\\/departamentos-de-salud\\\/\",\"url\":\"https:\\\/\\\/floridareprofreedom.org\\\/departamentos-de-salud\\\/\",\"name\":\"Departamentos de Salud del Condado - Floridians For Reproductive Freedom\",\"isPartOf\":{\"@id\":\"https:\\\/\\\/floridareprofreedom.org\\\/#website\"},\"datePublished\":\"2021-05-18T20:27:30+00:00\",\"dateModified\":\"2021-05-19T18:58:01+00:00\",\"breadcrumb\":{\"@id\":\"https:\\\/\\\/floridareprofreedom.org\\\/departamentos-de-salud\\\/#breadcrumb\"},\"inLanguage\":\"ar\",\"potentialAction\":[{\"@type\":\"ReadAction\",\"target\":[\"https:\\\/\\\/floridareprofreedom.org\\\/departamentos-de-salud\\\/\"]}]},{\"@type\":\"BreadcrumbList\",\"@id\":\"https:\\\/\\\/floridareprofreedom.org\\\/departamentos-de-salud\\\/#breadcrumb\",\"itemListElement\":[{\"@type\":\"ListItem\",\"position\":1,\"name\":\"Home\",\"item\":\"https:\\\/\\\/floridareprofreedom.org\\\/\"},{\"@type\":\"ListItem\",\"position\":2,\"name\":\"Departamentos de Salud del Condado\"}]},{\"@type\":\"WebSite\",\"@id\":\"https:\\\/\\\/floridareprofreedom.org\\\/#website\",\"url\":\"https:\\\/\\\/floridareprofreedom.org\\\/\",\"name\":\"Floridians For Reproductive Freedom\",\"description\":\"Advocating for convenient, affordable, and safe access to reproductive health care, including abortion.\",\"publisher\":{\"@id\":\"https:\\\/\\\/floridareprofreedom.org\\\/#organization\"},\"potentialAction\":[{\"@type\":\"SearchAction\",\"target\":{\"@type\":\"EntryPoint\",\"urlTemplate\":\"https:\\\/\\\/floridareprofreedom.org\\\/?s={search_term_string}\"},\"query-input\":{\"@type\":\"PropertyValueSpecification\",\"valueRequired\":true,\"valueName\":\"search_term_string\"}}],\"inLanguage\":\"ar\"},{\"@type\":\"Organization\",\"@id\":\"https:\\\/\\\/floridareprofreedom.org\\\/#organization\",\"name\":\"Floridians for Reproductive Freedom\",\"url\":\"https:\\\/\\\/floridareprofreedom.org\\\/\",\"logo\":{\"@type\":\"ImageObject\",\"inLanguage\":\"ar\",\"@id\":\"https:\\\/\\\/floridareprofreedom.org\\\/#\\\/schema\\\/logo\\\/image\\\/\",\"url\":\"https:\\\/\\\/floridareprofreedom.org\\\/wp-content\\\/uploads\\\/2019\\\/05\\\/Untitled.jpg\",\"contentUrl\":\"https:\\\/\\\/floridareprofreedom.org\\\/wp-content\\\/uploads\\\/2019\\\/05\\\/Untitled.jpg\",\"width\":174,\"height\":180,\"caption\":\"Floridians for Reproductive Freedom\"},\"image\":{\"@id\":\"https:\\\/\\\/floridareprofreedom.org\\\/#\\\/schema\\\/logo\\\/image\\\/\"},\"sameAs\":[\"https:\\\/\\\/www.facebook.com\\\/FloridaReproFreedom\\\/\",\"https:\\\/\\\/x.com\\\/FLReproFreedom\",\"https:\\\/\\\/www.instagram.com\\\/floridareprofreedom\\\/\"]}]}<\/script>\n<!-- \/ Yoast SEO plugin. -->","yoast_head_json":{"title":"Departamentos de Salud del Condado - \u0633\u0643\u0627\u0646 \u0641\u0644\u0648\u0631\u064a\u062f\u0627 \u0645\u0646 \u0623\u062c\u0644 \u0627\u0644\u062d\u0631\u064a\u0629 \u0627\u0644\u0625\u0646\u062c\u0627\u0628\u064a\u0629","robots":{"index":"index","follow":"follow","max-snippet":"max-snippet:-1","max-image-preview":"max-image-preview:large","max-video-preview":"max-video-preview:-1"},"canonical":"https:\/\/floridareprofreedom.org\/ar\/\u0625\u062f\u0627\u0631\u0627\u062a-\u0627\u0644\u0635\u062d\u0629\/","og_locale":"ar_AR","og_type":"article","og_title":"Departamentos de Salud del Condado - Floridians For Reproductive Freedom","og_description":"Los servicios de planificaci\u00f3n familiar y los de salud preventiva de Florida est\u00e1n disponibles para todos los residentes del estado, incluyendo los j\u00f3venes, en los 67 condados a trav\u00e9s de los departamentos de salud de cada condado local o de agencias contratadas. Los servicios de planificaci\u00f3n familiar se prestan de forma voluntaria y de manera [&hellip;]","og_url":"https:\/\/floridareprofreedom.org\/ar\/\u0625\u062f\u0627\u0631\u0627\u062a-\u0627\u0644\u0635\u062d\u0629\/","og_site_name":"Floridians For Reproductive Freedom","article_publisher":"https:\/\/www.facebook.com\/FloridaReproFreedom\/","article_modified_time":"2021-05-19T18:58:01+00:00","twitter_card":"summary_large_image","twitter_site":"@FLReproFreedom","twitter_misc":{"\u0648\u0642\u062a \u0627\u0644\u0642\u0631\u0627\u0621\u0629 \u0627\u0644\u0645\u064f\u0642\u062f\u0651\u0631":"\u062f\u0642\u064a\u0642\u0629 \u0648\u0627\u062d\u062f\u0629"},"schema":{"@context":"https:\/\/schema.org","@graph":[{"@type":"WebPage","@id":"https:\/\/floridareprofreedom.org\/departamentos-de-salud\/","url":"https:\/\/floridareprofreedom.org\/departamentos-de-salud\/","name":"Departamentos de Salud del Condado - \u0633\u0643\u0627\u0646 \u0641\u0644\u0648\u0631\u064a\u062f\u0627 \u0645\u0646 \u0623\u062c\u0644 \u0627\u0644\u062d\u0631\u064a\u0629 \u0627\u0644\u0625\u0646\u062c\u0627\u0628\u064a\u0629","isPartOf":{"@id":"https:\/\/floridareprofreedom.org\/#website"},"datePublished":"2021-05-18T20:27:30+00:00","dateModified":"2021-05-19T18:58:01+00:00","breadcrumb":{"@id":"https:\/\/floridareprofreedom.org\/departamentos-de-salud\/#breadcrumb"},"inLanguage":"ar","potentialAction":[{"@type":"ReadAction","target":["https:\/\/floridareprofreedom.org\/departamentos-de-salud\/"]}]},{"@type":"BreadcrumbList","@id":"https:\/\/floridareprofreedom.org\/departamentos-de-salud\/#breadcrumb","itemListElement":[{"@type":"ListItem","position":1,"name":"Home","item":"https:\/\/floridareprofreedom.org\/"},{"@type":"ListItem","position":2,"name":"Departamentos de Salud del Condado"}]},{"@type":"WebSite","@id":"https:\/\/floridareprofreedom.org\/#website","url":"https:\/\/floridareprofreedom.org\/","name":"\u0641\u0644\u0648\u0631\u064a\u062f\u0627 \u0645\u0646 \u0623\u062c\u0644 \u0627\u0644\u062d\u0631\u064a\u0629 \u0627\u0644\u0625\u0646\u062c\u0627\u0628\u064a\u0629","description":"\u0627\u0644\u062f\u0639\u0648\u0629 \u0625\u0644\u0649 \u062a\u0648\u0641\u064a\u0631 \u0625\u0645\u0643\u0627\u0646\u064a\u0629 \u0627\u0644\u0648\u0635\u0648\u0644 \u0627\u0644\u0645\u0631\u064a\u062d \u0648\u0627\u0644\u0645\u064a\u0633\u0648\u0631 \u0648\u0627\u0644\u0622\u0645\u0646 \u0625\u0644\u0649 \u0627\u0644\u0631\u0639\u0627\u064a\u0629 \u0627\u0644\u0635\u062d\u064a\u0629 \u0627\u0644\u0625\u0646\u062c\u0627\u0628\u064a\u0629\u060c \u0628\u0645\u0627 \u0641\u064a \u0630\u0644\u0643 \u0627\u0644\u0625\u062c\u0647\u0627\u0636.","publisher":{"@id":"https:\/\/floridareprofreedom.org\/#organization"},"potentialAction":[{"@type":"SearchAction","target":{"@type":"EntryPoint","urlTemplate":"https:\/\/floridareprofreedom.org\/?s={search_term_string}"},"query-input":{"@type":"PropertyValueSpecification","valueRequired":true,"valueName":"search_term_string"}}],"inLanguage":"ar"},{"@type":"Organization","@id":"https:\/\/floridareprofreedom.org\/#organization","name":"\u0641\u0644\u0648\u0631\u064a\u062f\u0627 \u0645\u0646 \u0623\u062c\u0644 \u0627\u0644\u062d\u0631\u064a\u0629 \u0627\u0644\u0625\u0646\u062c\u0627\u0628\u064a\u0629","url":"https:\/\/floridareprofreedom.org\/","logo":{"@type":"ImageObject","inLanguage":"ar","@id":"https:\/\/floridareprofreedom.org\/#\/schema\/logo\/image\/","url":"https:\/\/floridareprofreedom.org\/wp-content\/uploads\/2019\/05\/Untitled.jpg","contentUrl":"https:\/\/floridareprofreedom.org\/wp-content\/uploads\/2019\/05\/Untitled.jpg","width":174,"height":180,"caption":"Floridians for Reproductive Freedom"},"image":{"@id":"https:\/\/floridareprofreedom.org\/#\/schema\/logo\/image\/"},"sameAs":["https:\/\/www.facebook.com\/FloridaReproFreedom\/","https:\/\/x.com\/FLReproFreedom","https:\/\/www.instagram.com\/floridareprofreedom\/"]}]}},"_links":{"self":[{"href":"https:\/\/floridareprofreedom.org\/ar\/wp-json\/wp\/v2\/pages\/1981","targetHints":{"allow":["GET"]}}],"collection":[{"href":"https:\/\/floridareprofreedom.org\/ar\/wp-json\/wp\/v2\/pages"}],"about":[{"href":"https:\/\/floridareprofreedom.org\/ar\/wp-json\/wp\/v2\/types\/page"}],"author":[{"embeddable":true,"href":"https:\/\/floridareprofreedom.org\/ar\/wp-json\/wp\/v2\/users\/3"}],"replies":[{"embeddable":true,"href":"https:\/\/floridareprofreedom.org\/ar\/wp-json\/wp\/v2\/comments?post=1981"}],"version-history":[{"count":4,"href":"https:\/\/floridareprofreedom.org\/ar\/wp-json\/wp\/v2\/pages\/1981\/revisions"}],"predecessor-version":[{"id":2000,"href":"https:\/\/floridareprofreedom.org\/ar\/wp-json\/wp\/v2\/pages\/1981\/revisions\/2000"}],"wp:attachment":[{"href":"https:\/\/floridareprofreedom.org\/ar\/wp-json\/wp\/v2\/media?parent=1981"}],"wp:term":[{"taxonomy":"folder","embeddable":true,"href":"https:\/\/floridareprofreedom.org\/ar\/wp-json\/wp\/v2\/folder?post=1981"}],"curies":[{"name":"\u0648\u0648\u0631\u062f\u0628\u0631\u064a\u0633","href":"https:\/\/api.w.org\/{rel}","templated":true}]}}