{"id":2071,"date":"2021-08-18T19:05:07","date_gmt":"2021-08-18T19:05:07","guid":{"rendered":"https:\/\/floridareprofreedom.org\/?page_id=2071"},"modified":"2021-08-18T19:05:07","modified_gmt":"2021-08-18T19:05:07","slug":"%d8%a8%d8%b1%d8%a7%d9%85%d8%ac-%d9%85%d8%b3%d8%a7%d8%b9%d8%af%d8%a9-%d8%a7%d9%84%d9%85%d8%b1%d8%b6%d9%89-%d9%81%d9%8a-%d8%a7%d9%84%d8%b5%d9%8a%d8%af%d9%84%d9%8a%d8%a7%d8%aa-%d8%a7%d9%84%d9%85%d8%ae","status":"publish","type":"page","link":"https:\/\/floridareprofreedom.org\/ar\/discount-pharmacies-and-pharmaceutical-company-patient-assistance-programs-hc\/","title":{"rendered":"\u0627\u0633\u062a\u0645\u062a\u0639 \u0628\u0645\u0633\u0627\u0639\u062f\u064a \u0627\u0644\u0628\u0631\u0646\u0627\u0645\u062c \u0641\u064a \u0627\u0644\u062a\u0639\u0627\u0645\u0644 \u0645\u0639 \u0645\u0634\u0643\u0644\u0627\u062a\u0643"},"content":{"rendered":"<h2>Pwogram Rab\u00e8 Medikaman<\/h2>\n<p><span style=\"font-weight: 400;\">\u0642\u0645 \u0628\u062f\u0641\u0639 \u062c\u0645\u064a\u0639 \u0639\u0627\u0626\u0644\u0627\u062a\u0643\u060c \u0648\u0627\u0631\u062c\u0639 \u0625\u0644\u0649 \u0645\u0643\u0627\u0646\u0643\u060c \u0648\u0627\u0635\u0646\u0639 \u0648\u0633\u0627\u0626\u0644 \u0645\u0646\u0639 \u0627\u0644\u062d\u0645\u0644 \u0627\u0644\u0627\u0646\u062a\u0642\u0627\u0626\u064a\u0629 \u0627\u0644\u062a\u064a \u062a\u0646\u0627\u0633\u0628 \u0627\u0644\u062c\u0645\u064a\u0639. \u064a\u0645\u0643\u0646 \u0644\u0623\u064a \u0639\u0627\u0626\u0644\u0629 \u0623\u0646 \u062a\u0646\u0642\u0631 \u0639\u0644\u064a\u0647\u0627 \u0648\u062a\u0633\u062c\u0644 \u0641\u064a\u0647\u0627 \u0645\u0646 \u062c\u062f\u064a\u062f. \u0644\u0627 \u062f\u0627\u0639\u064a \u0644\u0644\u0642\u0644\u0642 \u0628\u0634\u0623\u0646 \u0627\u0644\u0648\u0635\u0641\u0629 \u0627\u0644\u0637\u0628\u064a\u0629. \u0645\u0646 \u0627\u0644\u0645\u0624\u0643\u062f \u0623\u0646 \u0627\u0644\u0627\u0646\u062a\u0633\u0627\u0628 \u0633\u064a\u062a\u0637\u0644\u0628 \u062a\u062c\u062f\u064a\u062f\u064b\u0627 \u0643\u0644 \u0639\u0627\u0645\u060c \u0645\u0645\u0627 \u0633\u064a\u0633\u0645\u062d \u0644\u0643 \u0628\u0627\u0633\u062a\u0639\u0627\u062f\u0629 \u0646\u0634\u0627\u0637\u0643. \u064a\u0645\u0643\u0646 \u0623\u0646 \u064a\u0643\u0648\u0646 \u0647\u0646\u0627\u0643 \u062a\u0641\u0627\u0635\u064a\u0644 \u0643\u062b\u064a\u0631\u0629 \u0641\u064a \u0648\u0642\u062a \u0648\u0627\u062d\u062f \u0623\u0648 \u064a\u062c\u0628 \u0639\u0644\u064a\u0643 \u062a\u0646\u0641\u064a\u0630 \u0648\u0635\u0641\u0629 \u0637\u0628\u064a\u0629\u060c \u0623\u0648 \u0627\u0644\u0642\u064a\u0627\u0645 \u0628\u0627\u0644\u062a\u0633\u062c\u064a\u0644 \u0641\u064a \u0627\u0644\u0648\u0635\u0641\u0629 \u0627\u0644\u0637\u0628\u064a\u0629 \u0623\u0648 \u062a\u062e\u0637\u064a\u0647\u0627.<\/span><\/p>\n<h2>Pwogram Asistans Pasyan yo<\/h2>\n<p><span data-sheets-value=\"{&quot;1&quot;:2,&quot;2&quot;:&quot;-Patient Assistance Programs (PAP) are designed to support low-income US residents with free or low cost prescriptions\\n-PAP programs usually cover brand name drugs only and are administered individually by pharmaceutical companies that manufacture the drugs&quot;}\" data-sheets-userformat=\"{&quot;2&quot;:11203,&quot;3&quot;:{&quot;1&quot;:0},&quot;4&quot;:{&quot;1&quot;:2,&quot;2&quot;:16777215},&quot;9&quot;:0,&quot;10&quot;:0,&quot;11&quot;:4,&quot;12&quot;:0,&quot;14&quot;:{&quot;1&quot;:2,&quot;2&quot;:0},&quot;16&quot;:10}\"><span style=\"font-weight: 400;\">\u0628\u0631\u0646\u0627\u0645\u062c \u0627\u0644\u0645\u0633\u0627\u0639\u062f\u0629 \u0627\u0644\u0637\u0628\u064a\u0629 \u064a\u0645\u0643\u0646\u0643 \u0645\u0646 \u0627\u0644\u062d\u0635\u0648\u0644 \u0639\u0644\u0649 Etazini \u0645\u0646 \u062e\u0644\u0627\u0644 \u0648\u0635\u0641\u0629 \u0637\u0628\u064a\u0629 \u0645\u062c\u0627\u0646\u064a\u0629. \u064a\u0648\u0641\u0631 \u0644\u0643 \u0628\u0631\u0646\u0627\u0645\u062c Angeneral \u0628\u0631\u0646\u0627\u0645\u062c\u064b\u0627 \u062c\u062f\u064a\u062f\u064b\u0627 \u0644\u0625\u062f\u0627\u0631\u0629 \u0627\u0644\u0623\u062f\u0648\u064a\u0629 \u0645\u0646 \u062e\u0644\u0627\u0644 \u0625\u062f\u0627\u0631\u0629 \u0627\u0644\u0623\u062f\u0648\u064a\u0629 \u0627\u0644\u062a\u064a \u062a\u0646\u062a\u062c\u0647\u0627.<\/span><\/span><\/p>\n<p><iframe src=\"https:\/\/docs.google.com\/spreadsheets\/d\/e\/2PACX-1vTy6Xrb7sJ746xOaPjaiOcYPTAHmcH7uKjVGS0KgEKOG4rWVRcHQea38atZSRMA1RIbpEgecIeCRYf9\/pubhtml?gid=0&amp;single=true&amp;widget=true&amp;headers=false\" width=\"850\" height=\"1200\"><span data-mce-type=\"bookmark\" style=\"display: inline-block; width: 0px; overflow: hidden; line-height: 0;\" class=\"mce_SELRES_start\"><\/span><span data-mce-type=\"bookmark\" style=\"display: inline-block; width: 0px; overflow: hidden; line-height: 0;\" class=\"mce_SELRES_start\"><\/span><span data-mce-type=\"bookmark\" style=\"display: inline-block; width: 0px; overflow: hidden; line-height: 0;\" class=\"mce_SELRES_start\"><\/span><\/iframe><\/p>\n<p>&nbsp;<\/p>","protected":false},"excerpt":{"rendered":"<p>Pwogram Rab\u00e8 Medikaman Pr\u00e8ske tout ch\u00e8n famasi, revand\u00e8 an gwo, ak mak\u00e8t nan tout peyi yo vann kontraseptif selektif nan yon pri ki pwofondman a rab\u00e8. Gen k\u00e8k famasi ki mande pou kliyan yo enskri k\u00f2m yon manm oswa peye yon fr\u00e8 chak ane. L\u00f2t anit f\u00e8 demann pou preskripsyon dokt\u00e8 s\u00e8lman. Gen k\u00e8k afilyasyon [&hellip;]<\/p>\n","protected":false},"author":3,"featured_media":0,"parent":0,"menu_order":0,"comment_status":"closed","ping_status":"closed","template":"","meta":{"footnotes":""},"folder":[21,10],"class_list":["post-2071","page","type-page","status-publish","hentry"],"yoast_head":"<!-- This site is optimized with the Yoast SEO plugin v27.4 - https:\/\/yoast.com\/product\/yoast-seo-wordpress\/ -->\n<title>Rab\u00e8 Famasi ak Pwogram Asistans Pasyan nan Konpayi Famasetik yo - Floridians For Reproductive Freedom<\/title>\n<meta name=\"robots\" content=\"index, follow, max-snippet:-1, max-image-preview:large, max-video-preview:-1\" \/>\n<link rel=\"canonical\" href=\"https:\/\/floridareprofreedom.org\/ar\/\u0628\u0631\u0627\u0645\u062c-\u0645\u0633\u0627\u0639\u062f\u0629-\u0627\u0644\u0645\u0631\u0636\u0649-\u0641\u064a-\u0627\u0644\u0635\u064a\u062f\u0644\u064a\u0627\u062a-\u0627\u0644\u0645\u062e\/\" \/>\n<meta property=\"og:locale\" content=\"ar_AR\" \/>\n<meta property=\"og:type\" content=\"article\" \/>\n<meta property=\"og:title\" content=\"Rab\u00e8 Famasi ak Pwogram Asistans Pasyan nan Konpayi Famasetik yo - Floridians For Reproductive Freedom\" \/>\n<meta property=\"og:description\" content=\"Pwogram Rab\u00e8 Medikaman Pr\u00e8ske tout ch\u00e8n famasi, revand\u00e8 an gwo, ak mak\u00e8t nan tout peyi yo vann kontraseptif selektif nan yon pri ki pwofondman a rab\u00e8. Gen k\u00e8k famasi ki mande pou kliyan yo enskri k\u00f2m yon manm oswa peye yon fr\u00e8 chak ane. L\u00f2t anit f\u00e8 demann pou preskripsyon dokt\u00e8 s\u00e8lman. Gen k\u00e8k afilyasyon [&hellip;]\" \/>\n<meta property=\"og:url\" content=\"https:\/\/floridareprofreedom.org\/ar\/\u0628\u0631\u0627\u0645\u062c-\u0645\u0633\u0627\u0639\u062f\u0629-\u0627\u0644\u0645\u0631\u0636\u0649-\u0641\u064a-\u0627\u0644\u0635\u064a\u062f\u0644\u064a\u0627\u062a-\u0627\u0644\u0645\u062e\/\" \/>\n<meta property=\"og:site_name\" content=\"Floridians For Reproductive Freedom\" \/>\n<meta property=\"article:publisher\" content=\"https:\/\/www.facebook.com\/FloridaReproFreedom\/\" \/>\n<meta name=\"twitter:card\" content=\"summary_large_image\" \/>\n<meta name=\"twitter:site\" content=\"@FLReproFreedom\" \/>\n<meta name=\"twitter:label1\" content=\"\u0648\u0642\u062a \u0627\u0644\u0642\u0631\u0627\u0621\u0629 \u0627\u0644\u0645\u064f\u0642\u062f\u0651\u0631\" \/>\n\t<meta name=\"twitter:data1\" content=\"\u062f\u0642\u064a\u0642\u0629 \u0648\u0627\u062d\u062f\u0629\" \/>\n<script type=\"application\/ld+json\" class=\"yoast-schema-graph\">{\"@context\":\"https:\\\/\\\/schema.org\",\"@graph\":[{\"@type\":\"WebPage\",\"@id\":\"https:\\\/\\\/floridareprofreedom.org\\\/discount-pharmacies-and-pharmaceutical-company-patient-assistance-programs-hc\\\/\",\"url\":\"https:\\\/\\\/floridareprofreedom.org\\\/discount-pharmacies-and-pharmaceutical-company-patient-assistance-programs-hc\\\/\",\"name\":\"Rab\u00e8 Famasi ak Pwogram Asistans Pasyan nan Konpayi Famasetik yo - Floridians For Reproductive Freedom\",\"isPartOf\":{\"@id\":\"https:\\\/\\\/floridareprofreedom.org\\\/#website\"},\"datePublished\":\"2021-08-18T19:05:07+00:00\",\"breadcrumb\":{\"@id\":\"https:\\\/\\\/floridareprofreedom.org\\\/discount-pharmacies-and-pharmaceutical-company-patient-assistance-programs-hc\\\/#breadcrumb\"},\"inLanguage\":\"ar\",\"potentialAction\":[{\"@type\":\"ReadAction\",\"target\":[\"https:\\\/\\\/floridareprofreedom.org\\\/discount-pharmacies-and-pharmaceutical-company-patient-assistance-programs-hc\\\/\"]}]},{\"@type\":\"BreadcrumbList\",\"@id\":\"https:\\\/\\\/floridareprofreedom.org\\\/discount-pharmacies-and-pharmaceutical-company-patient-assistance-programs-hc\\\/#breadcrumb\",\"itemListElement\":[{\"@type\":\"ListItem\",\"position\":1,\"name\":\"Home\",\"item\":\"https:\\\/\\\/floridareprofreedom.org\\\/\"},{\"@type\":\"ListItem\",\"position\":2,\"name\":\"Rab\u00e8 Famasi ak Pwogram Asistans Pasyan nan Konpayi Famasetik yo\"}]},{\"@type\":\"WebSite\",\"@id\":\"https:\\\/\\\/floridareprofreedom.org\\\/#website\",\"url\":\"https:\\\/\\\/floridareprofreedom.org\\\/\",\"name\":\"Floridians For Reproductive Freedom\",\"description\":\"Advocating for convenient, affordable, and safe access to reproductive health care, including abortion.\",\"publisher\":{\"@id\":\"https:\\\/\\\/floridareprofreedom.org\\\/#organization\"},\"potentialAction\":[{\"@type\":\"SearchAction\",\"target\":{\"@type\":\"EntryPoint\",\"urlTemplate\":\"https:\\\/\\\/floridareprofreedom.org\\\/?s={search_term_string}\"},\"query-input\":{\"@type\":\"PropertyValueSpecification\",\"valueRequired\":true,\"valueName\":\"search_term_string\"}}],\"inLanguage\":\"ar\"},{\"@type\":\"Organization\",\"@id\":\"https:\\\/\\\/floridareprofreedom.org\\\/#organization\",\"name\":\"Floridians for Reproductive Freedom\",\"url\":\"https:\\\/\\\/floridareprofreedom.org\\\/\",\"logo\":{\"@type\":\"ImageObject\",\"inLanguage\":\"ar\",\"@id\":\"https:\\\/\\\/floridareprofreedom.org\\\/#\\\/schema\\\/logo\\\/image\\\/\",\"url\":\"https:\\\/\\\/floridareprofreedom.org\\\/wp-content\\\/uploads\\\/2019\\\/05\\\/Untitled.jpg\",\"contentUrl\":\"https:\\\/\\\/floridareprofreedom.org\\\/wp-content\\\/uploads\\\/2019\\\/05\\\/Untitled.jpg\",\"width\":174,\"height\":180,\"caption\":\"Floridians for Reproductive Freedom\"},\"image\":{\"@id\":\"https:\\\/\\\/floridareprofreedom.org\\\/#\\\/schema\\\/logo\\\/image\\\/\"},\"sameAs\":[\"https:\\\/\\\/www.facebook.com\\\/FloridaReproFreedom\\\/\",\"https:\\\/\\\/x.com\\\/FLReproFreedom\",\"https:\\\/\\\/www.instagram.com\\\/floridareprofreedom\\\/\"]}]}<\/script>\n<!-- \/ Yoast SEO plugin. -->","yoast_head_json":{"title":"Rab\u00e8 Famasi ak Pwogram Asistans Pasyan nan Konpayi Famasetik yo - \u0633\u0643\u0627\u0646 \u0641\u0644\u0648\u0631\u064a\u062f\u0627 \u0645\u0646 \u0623\u062c\u0644 \u0627\u0644\u062d\u0631\u064a\u0629 \u0627\u0644\u0625\u0646\u062c\u0627\u0628\u064a\u0629","robots":{"index":"index","follow":"follow","max-snippet":"max-snippet:-1","max-image-preview":"max-image-preview:large","max-video-preview":"max-video-preview:-1"},"canonical":"https:\/\/floridareprofreedom.org\/ar\/\u0628\u0631\u0627\u0645\u062c-\u0645\u0633\u0627\u0639\u062f\u0629-\u0627\u0644\u0645\u0631\u0636\u0649-\u0641\u064a-\u0627\u0644\u0635\u064a\u062f\u0644\u064a\u0627\u062a-\u0627\u0644\u0645\u062e\/","og_locale":"ar_AR","og_type":"article","og_title":"Rab\u00e8 Famasi ak Pwogram Asistans Pasyan nan Konpayi Famasetik yo - Floridians For Reproductive Freedom","og_description":"Pwogram Rab\u00e8 Medikaman Pr\u00e8ske tout ch\u00e8n famasi, revand\u00e8 an gwo, ak mak\u00e8t nan tout peyi yo vann kontraseptif selektif nan yon pri ki pwofondman a rab\u00e8. Gen k\u00e8k famasi ki mande pou kliyan yo enskri k\u00f2m yon manm oswa peye yon fr\u00e8 chak ane. L\u00f2t anit f\u00e8 demann pou preskripsyon dokt\u00e8 s\u00e8lman. Gen k\u00e8k afilyasyon [&hellip;]","og_url":"https:\/\/floridareprofreedom.org\/ar\/\u0628\u0631\u0627\u0645\u062c-\u0645\u0633\u0627\u0639\u062f\u0629-\u0627\u0644\u0645\u0631\u0636\u0649-\u0641\u064a-\u0627\u0644\u0635\u064a\u062f\u0644\u064a\u0627\u062a-\u0627\u0644\u0645\u062e\/","og_site_name":"Floridians For Reproductive Freedom","article_publisher":"https:\/\/www.facebook.com\/FloridaReproFreedom\/","twitter_card":"summary_large_image","twitter_site":"@FLReproFreedom","twitter_misc":{"\u0648\u0642\u062a \u0627\u0644\u0642\u0631\u0627\u0621\u0629 \u0627\u0644\u0645\u064f\u0642\u062f\u0651\u0631":"\u062f\u0642\u064a\u0642\u0629 \u0648\u0627\u062d\u062f\u0629"},"schema":{"@context":"https:\/\/schema.org","@graph":[{"@type":"WebPage","@id":"https:\/\/floridareprofreedom.org\/discount-pharmacies-and-pharmaceutical-company-patient-assistance-programs-hc\/","url":"https:\/\/floridareprofreedom.org\/discount-pharmacies-and-pharmaceutical-company-patient-assistance-programs-hc\/","name":"Rab\u00e8 Famasi ak Pwogram Asistans Pasyan nan Konpayi Famasetik yo - \u0633\u0643\u0627\u0646 \u0641\u0644\u0648\u0631\u064a\u062f\u0627 \u0645\u0646 \u0623\u062c\u0644 \u0627\u0644\u062d\u0631\u064a\u0629 \u0627\u0644\u0625\u0646\u062c\u0627\u0628\u064a\u0629","isPartOf":{"@id":"https:\/\/floridareprofreedom.org\/#website"},"datePublished":"2021-08-18T19:05:07+00:00","breadcrumb":{"@id":"https:\/\/floridareprofreedom.org\/discount-pharmacies-and-pharmaceutical-company-patient-assistance-programs-hc\/#breadcrumb"},"inLanguage":"ar","potentialAction":[{"@type":"ReadAction","target":["https:\/\/floridareprofreedom.org\/discount-pharmacies-and-pharmaceutical-company-patient-assistance-programs-hc\/"]}]},{"@type":"BreadcrumbList","@id":"https:\/\/floridareprofreedom.org\/discount-pharmacies-and-pharmaceutical-company-patient-assistance-programs-hc\/#breadcrumb","itemListElement":[{"@type":"ListItem","position":1,"name":"Home","item":"https:\/\/floridareprofreedom.org\/"},{"@type":"ListItem","position":2,"name":"Rab\u00e8 Famasi ak Pwogram Asistans Pasyan nan Konpayi Famasetik yo"}]},{"@type":"WebSite","@id":"https:\/\/floridareprofreedom.org\/#website","url":"https:\/\/floridareprofreedom.org\/","name":"\u0641\u0644\u0648\u0631\u064a\u062f\u0627 \u0645\u0646 \u0623\u062c\u0644 \u0627\u0644\u062d\u0631\u064a\u0629 \u0627\u0644\u0625\u0646\u062c\u0627\u0628\u064a\u0629","description":"\u0627\u0644\u062f\u0639\u0648\u0629 \u0625\u0644\u0649 \u062a\u0648\u0641\u064a\u0631 \u0625\u0645\u0643\u0627\u0646\u064a\u0629 \u0627\u0644\u0648\u0635\u0648\u0644 \u0627\u0644\u0645\u0631\u064a\u062d \u0648\u0627\u0644\u0645\u064a\u0633\u0648\u0631 \u0648\u0627\u0644\u0622\u0645\u0646 \u0625\u0644\u0649 \u0627\u0644\u0631\u0639\u0627\u064a\u0629 \u0627\u0644\u0635\u062d\u064a\u0629 \u0627\u0644\u0625\u0646\u062c\u0627\u0628\u064a\u0629\u060c \u0628\u0645\u0627 \u0641\u064a \u0630\u0644\u0643 \u0627\u0644\u0625\u062c\u0647\u0627\u0636.","publisher":{"@id":"https:\/\/floridareprofreedom.org\/#organization"},"potentialAction":[{"@type":"SearchAction","target":{"@type":"EntryPoint","urlTemplate":"https:\/\/floridareprofreedom.org\/?s={search_term_string}"},"query-input":{"@type":"PropertyValueSpecification","valueRequired":true,"valueName":"search_term_string"}}],"inLanguage":"ar"},{"@type":"Organization","@id":"https:\/\/floridareprofreedom.org\/#organization","name":"\u0641\u0644\u0648\u0631\u064a\u062f\u0627 \u0645\u0646 \u0623\u062c\u0644 \u0627\u0644\u062d\u0631\u064a\u0629 \u0627\u0644\u0625\u0646\u062c\u0627\u0628\u064a\u0629","url":"https:\/\/floridareprofreedom.org\/","logo":{"@type":"ImageObject","inLanguage":"ar","@id":"https:\/\/floridareprofreedom.org\/#\/schema\/logo\/image\/","url":"https:\/\/floridareprofreedom.org\/wp-content\/uploads\/2019\/05\/Untitled.jpg","contentUrl":"https:\/\/floridareprofreedom.org\/wp-content\/uploads\/2019\/05\/Untitled.jpg","width":174,"height":180,"caption":"Floridians for Reproductive Freedom"},"image":{"@id":"https:\/\/floridareprofreedom.org\/#\/schema\/logo\/image\/"},"sameAs":["https:\/\/www.facebook.com\/FloridaReproFreedom\/","https:\/\/x.com\/FLReproFreedom","https:\/\/www.instagram.com\/floridareprofreedom\/"]}]}},"_links":{"self":[{"href":"https:\/\/floridareprofreedom.org\/ar\/wp-json\/wp\/v2\/pages\/2071","targetHints":{"allow":["GET"]}}],"collection":[{"href":"https:\/\/floridareprofreedom.org\/ar\/wp-json\/wp\/v2\/pages"}],"about":[{"href":"https:\/\/floridareprofreedom.org\/ar\/wp-json\/wp\/v2\/types\/page"}],"author":[{"embeddable":true,"href":"https:\/\/floridareprofreedom.org\/ar\/wp-json\/wp\/v2\/users\/3"}],"replies":[{"embeddable":true,"href":"https:\/\/floridareprofreedom.org\/ar\/wp-json\/wp\/v2\/comments?post=2071"}],"version-history":[{"count":2,"href":"https:\/\/floridareprofreedom.org\/ar\/wp-json\/wp\/v2\/pages\/2071\/revisions"}],"predecessor-version":[{"id":2085,"href":"https:\/\/floridareprofreedom.org\/ar\/wp-json\/wp\/v2\/pages\/2071\/revisions\/2085"}],"wp:attachment":[{"href":"https:\/\/floridareprofreedom.org\/ar\/wp-json\/wp\/v2\/media?parent=2071"}],"wp:term":[{"taxonomy":"folder","embeddable":true,"href":"https:\/\/floridareprofreedom.org\/ar\/wp-json\/wp\/v2\/folder?post=2071"}],"curies":[{"name":"\u0648\u0648\u0631\u062f\u0628\u0631\u064a\u0633","href":"https:\/\/api.w.org\/{rel}","templated":true}]}}