{"id":2073,"date":"2021-08-18T18:30:40","date_gmt":"2021-08-18T18:30:40","guid":{"rendered":"https:\/\/floridareprofreedom.org\/?page_id=2073"},"modified":"2021-08-18T19:02:40","modified_gmt":"2021-08-18T19:02:40","slug":"%d8%a5%d8%af%d8%a7%d8%b1%d8%a7%d8%aa-%d8%a7%d9%84%d8%b5%d8%ad%d8%a9-%d8%a8%d8%a7%d9%84%d9%85%d9%82%d8%a7%d8%b7%d8%b9%d8%a9","status":"publish","type":"page","link":"https:\/\/floridareprofreedom.org\/ar\/county-health-departments-hc\/","title":{"rendered":"Depatman Sante Konte Yo"},"content":{"rendered":"<p><span style=\"font-weight: 400;\">\u0627\u0644\u062a\u062e\u0637\u064a\u0637 \u0644\u0639\u0634\u0627\u0642 Florid \u0647\u0648 \u0643\u0644 \u0645\u0627 \u0647\u0648 \u0645\u0648\u062c\u0648\u062f \u0641\u064a \u0641\u0644\u0648\u0631\u064a\u062f\u0627 \u062d\u064a\u062b \u064a\u0645\u0643\u0646\u0643 \u062a\u0648\u0641\u064a\u0631\u0647 \u0644\u062c\u0645\u064a\u0639 \u0633\u0643\u0627\u0646 \u0641\u0644\u0648\u0631\u064a\u062f\u0627\u060c \u062d\u064a\u062b \u064a\u0628\u0644\u063a \u0639\u062f\u062f\u0647\u0645 67 \u0634\u062e\u0635\u064b\u0627 \u0648\u064a\u062d\u0633\u0628\u0648\u0646 \u062d\u0633\u0627\u0628\u0627\u062a\u0647\u0645 \u0627\u0644\u0645\u062d\u0644\u064a\u0629\u060c \u0645\u0645\u0627 \u064a\u0645\u0643\u0651\u0646\u0647\u0645 \u0645\u0646 \u0645\u0648\u0627\u062c\u0647\u062a\u0643. \u0633\u062a\u0633\u0627\u0639\u062f\u0643 \u062c\u0645\u064a\u0639 \u062e\u0637\u0637 \u0627\u0644\u0645\u0639\u062c\u0628\u064a\u0646 \u0639\u0644\u0649 \u0627\u0644\u062a\u0637\u0648\u0639 \u0639\u0644\u0649 \u0623\u0633\u0627\u0633 \u0627\u0644\u062b\u0642\u0629 \u0628\u0627\u0644\u0646\u0641\u0633. \u0625\u0646 \u0627\u0644\u0645\u0639\u0644\u0648\u0645\u0627\u062a \u0627\u0644\u0645\u062a\u0646\u0648\u0639\u0629 \u0627\u0644\u062a\u064a \u064a\u0645\u0643\u0646 \u0623\u0646 \u062a\u0643\u0648\u0646 \u0630\u0627\u062a \u0642\u064a\u0645\u0629 \u0643\u0628\u064a\u0631\u0629 \u0641\u064a \u0627\u0644\u062a\u062e\u0637\u064a\u0637 \u0627\u0644\u0645\u062a\u0627\u062d \u064a\u0645\u0643\u0646 \u0623\u0646 \u062a\u0643\u0648\u0646 \u0628\u0645\u062b\u0627\u0628\u0629 \u062a\u0635\u0645\u064a\u0645 \u0645\u0646\u0627\u0633\u0628 \u0644\u0627\u0633\u062a\u062e\u062f\u0627\u0645 \u0627\u0644\u062a\u062e\u0637\u064a\u0637.<\/span><\/p>\n<p><span style=\"font-weight: 400;\">\u0644\u0642\u062f \u0642\u0645\u062a \u0628\u062a\u0632\u0648\u064a\u062f\u0643 \u0628\u0644\u0648\u062d\u0629 \u062c\u062f\u064a\u062f\u0629 \u0644\u062a\u062a\u0645\u0643\u0646 \u0645\u0646 \u062a\u0648\u0641\u064a\u0631\u0647\u0627 \u0641\u064a \u062d\u0633\u0627\u0628\u0643. \u064a\u0645\u0643\u0646\u0643 \u0627\u0644\u0627\u0633\u062a\u0645\u062a\u0627\u0639 \u0628\u0627\u0644\u0645\u0639\u0644\u0648\u0645\u0627\u062a\u060c <a href=\"http:\/\/www.floridahealth.gov\/programs-and-services\/womens-health\/family-planning\/index.html\">\u062a\u0641\u0636\u0644 \u0628\u0632\u064a\u0627\u0631\u0629 \u0628\u0631\u0646\u0627\u0645\u062c Depatman Planifikasyon Sante Fanmi Florid la<\/a>.<\/span><\/p>\n<p><iframe src=\"https:\/\/docs.google.com\/spreadsheets\/d\/e\/2PACX-1vTy6Xrb7sJ746xOaPjaiOcYPTAHmcH7uKjVGS0KgEKOG4rWVRcHQea38atZSRMA1RIbpEgecIeCRYf9\/pubhtml?gid=2004341484&amp;single=true&amp;widget=true&amp;headers=false\" width=\"850\" height=\"1200\"><span data-mce-type=\"bookmark\" style=\"display: inline-block; width: 0px; overflow: hidden; line-height: 0;\" class=\"mce_SELRES_start\"><\/span><span data-mce-type=\"bookmark\" style=\"display: inline-block; width: 0px; overflow: hidden; line-height: 0;\" class=\"mce_SELRES_start\"><\/span><span data-mce-type=\"bookmark\" style=\"display: inline-block; width: 0px; overflow: hidden; line-height: 0;\" class=\"mce_SELRES_start\"><\/span><\/iframe><\/p>\n<p>&nbsp;<\/p>","protected":false},"excerpt":{"rendered":"<p>Planifikasyon fanmi Florid la ak s\u00e8vis sante prevantif ki gen rap\u00f2 ak sa yo disponib pou tout Floridyen, ki enkli j\u00e8n moun, nan tout 67 konte yo nan depatman sante konte lokal yo, oswa ajans kontra yo. S\u00e8vis planifikasyon fanmi yo bay sou yon baz volont\u00e8man nan yon fason ki konfidansy\u00e8l. Enf\u00f2masyon kiltir\u00e8l ki sansib [&hellip;]<\/p>\n","protected":false},"author":3,"featured_media":0,"parent":0,"menu_order":0,"comment_status":"closed","ping_status":"closed","template":"","meta":{"footnotes":""},"folder":[21,10],"class_list":["post-2073","page","type-page","status-publish","hentry"],"yoast_head":"<!-- This site is optimized with the Yoast SEO plugin v27.4 - https:\/\/yoast.com\/product\/yoast-seo-wordpress\/ -->\n<title>Depatman Sante Konte Yo - Floridians For Reproductive Freedom<\/title>\n<meta name=\"robots\" content=\"index, follow, max-snippet:-1, max-image-preview:large, max-video-preview:-1\" \/>\n<link rel=\"canonical\" href=\"https:\/\/floridareprofreedom.org\/ar\/\u0625\u062f\u0627\u0631\u0627\u062a-\u0627\u0644\u0635\u062d\u0629-\u0628\u0627\u0644\u0645\u0642\u0627\u0637\u0639\u0629\/\" \/>\n<meta property=\"og:locale\" content=\"ar_AR\" \/>\n<meta property=\"og:type\" content=\"article\" \/>\n<meta property=\"og:title\" content=\"Depatman Sante Konte Yo - Floridians For Reproductive Freedom\" \/>\n<meta property=\"og:description\" content=\"Planifikasyon fanmi Florid la ak s\u00e8vis sante prevantif ki gen rap\u00f2 ak sa yo disponib pou tout Floridyen, ki enkli j\u00e8n moun, nan tout 67 konte yo nan depatman sante konte lokal yo, oswa ajans kontra yo. S\u00e8vis planifikasyon fanmi yo bay sou yon baz volont\u00e8man nan yon fason ki konfidansy\u00e8l. Enf\u00f2masyon kiltir\u00e8l ki sansib [&hellip;]\" \/>\n<meta property=\"og:url\" content=\"https:\/\/floridareprofreedom.org\/ar\/\u0625\u062f\u0627\u0631\u0627\u062a-\u0627\u0644\u0635\u062d\u0629-\u0628\u0627\u0644\u0645\u0642\u0627\u0637\u0639\u0629\/\" \/>\n<meta property=\"og:site_name\" content=\"Floridians For Reproductive Freedom\" \/>\n<meta property=\"article:publisher\" content=\"https:\/\/www.facebook.com\/FloridaReproFreedom\/\" \/>\n<meta property=\"article:modified_time\" content=\"2021-08-18T19:02:40+00:00\" \/>\n<meta name=\"twitter:card\" content=\"summary_large_image\" \/>\n<meta name=\"twitter:site\" content=\"@FLReproFreedom\" \/>\n<meta name=\"twitter:label1\" content=\"\u0648\u0642\u062a \u0627\u0644\u0642\u0631\u0627\u0621\u0629 \u0627\u0644\u0645\u064f\u0642\u062f\u0651\u0631\" \/>\n\t<meta name=\"twitter:data1\" content=\"\u062f\u0642\u064a\u0642\u0629 \u0648\u0627\u062d\u062f\u0629\" \/>\n<script type=\"application\/ld+json\" class=\"yoast-schema-graph\">{\"@context\":\"https:\\\/\\\/schema.org\",\"@graph\":[{\"@type\":\"WebPage\",\"@id\":\"https:\\\/\\\/floridareprofreedom.org\\\/county-health-departments-hc\\\/\",\"url\":\"https:\\\/\\\/floridareprofreedom.org\\\/county-health-departments-hc\\\/\",\"name\":\"Depatman Sante Konte Yo - Floridians For Reproductive Freedom\",\"isPartOf\":{\"@id\":\"https:\\\/\\\/floridareprofreedom.org\\\/#website\"},\"datePublished\":\"2021-08-18T18:30:40+00:00\",\"dateModified\":\"2021-08-18T19:02:40+00:00\",\"breadcrumb\":{\"@id\":\"https:\\\/\\\/floridareprofreedom.org\\\/county-health-departments-hc\\\/#breadcrumb\"},\"inLanguage\":\"ar\",\"potentialAction\":[{\"@type\":\"ReadAction\",\"target\":[\"https:\\\/\\\/floridareprofreedom.org\\\/county-health-departments-hc\\\/\"]}]},{\"@type\":\"BreadcrumbList\",\"@id\":\"https:\\\/\\\/floridareprofreedom.org\\\/county-health-departments-hc\\\/#breadcrumb\",\"itemListElement\":[{\"@type\":\"ListItem\",\"position\":1,\"name\":\"Home\",\"item\":\"https:\\\/\\\/floridareprofreedom.org\\\/\"},{\"@type\":\"ListItem\",\"position\":2,\"name\":\"Depatman Sante Konte Yo\"}]},{\"@type\":\"WebSite\",\"@id\":\"https:\\\/\\\/floridareprofreedom.org\\\/#website\",\"url\":\"https:\\\/\\\/floridareprofreedom.org\\\/\",\"name\":\"Floridians For Reproductive Freedom\",\"description\":\"Advocating for convenient, affordable, and safe access to reproductive health care, including abortion.\",\"publisher\":{\"@id\":\"https:\\\/\\\/floridareprofreedom.org\\\/#organization\"},\"potentialAction\":[{\"@type\":\"SearchAction\",\"target\":{\"@type\":\"EntryPoint\",\"urlTemplate\":\"https:\\\/\\\/floridareprofreedom.org\\\/?s={search_term_string}\"},\"query-input\":{\"@type\":\"PropertyValueSpecification\",\"valueRequired\":true,\"valueName\":\"search_term_string\"}}],\"inLanguage\":\"ar\"},{\"@type\":\"Organization\",\"@id\":\"https:\\\/\\\/floridareprofreedom.org\\\/#organization\",\"name\":\"Floridians for Reproductive Freedom\",\"url\":\"https:\\\/\\\/floridareprofreedom.org\\\/\",\"logo\":{\"@type\":\"ImageObject\",\"inLanguage\":\"ar\",\"@id\":\"https:\\\/\\\/floridareprofreedom.org\\\/#\\\/schema\\\/logo\\\/image\\\/\",\"url\":\"https:\\\/\\\/floridareprofreedom.org\\\/wp-content\\\/uploads\\\/2019\\\/05\\\/Untitled.jpg\",\"contentUrl\":\"https:\\\/\\\/floridareprofreedom.org\\\/wp-content\\\/uploads\\\/2019\\\/05\\\/Untitled.jpg\",\"width\":174,\"height\":180,\"caption\":\"Floridians for Reproductive Freedom\"},\"image\":{\"@id\":\"https:\\\/\\\/floridareprofreedom.org\\\/#\\\/schema\\\/logo\\\/image\\\/\"},\"sameAs\":[\"https:\\\/\\\/www.facebook.com\\\/FloridaReproFreedom\\\/\",\"https:\\\/\\\/x.com\\\/FLReproFreedom\",\"https:\\\/\\\/www.instagram.com\\\/floridareprofreedom\\\/\"]}]}<\/script>\n<!-- \/ Yoast SEO plugin. -->","yoast_head_json":{"title":"\u062f\u064a\u0628\u0627\u062a\u0645\u0627\u0646 \u0633\u0627\u0646\u062a\u064a \u0643\u0648\u0646\u062a\u064a \u064a\u0648 - \u0633\u0643\u0627\u0646 \u0641\u0644\u0648\u0631\u064a\u062f\u0627 \u0645\u0646 \u0623\u062c\u0644 \u0627\u0644\u062d\u0631\u064a\u0629 \u0627\u0644\u0625\u0646\u062c\u0627\u0628\u064a\u0629","robots":{"index":"index","follow":"follow","max-snippet":"max-snippet:-1","max-image-preview":"max-image-preview:large","max-video-preview":"max-video-preview:-1"},"canonical":"https:\/\/floridareprofreedom.org\/ar\/\u0625\u062f\u0627\u0631\u0627\u062a-\u0627\u0644\u0635\u062d\u0629-\u0628\u0627\u0644\u0645\u0642\u0627\u0637\u0639\u0629\/","og_locale":"ar_AR","og_type":"article","og_title":"Depatman Sante Konte Yo - Floridians For Reproductive Freedom","og_description":"Planifikasyon fanmi Florid la ak s\u00e8vis sante prevantif ki gen rap\u00f2 ak sa yo disponib pou tout Floridyen, ki enkli j\u00e8n moun, nan tout 67 konte yo nan depatman sante konte lokal yo, oswa ajans kontra yo. S\u00e8vis planifikasyon fanmi yo bay sou yon baz volont\u00e8man nan yon fason ki konfidansy\u00e8l. Enf\u00f2masyon kiltir\u00e8l ki sansib [&hellip;]","og_url":"https:\/\/floridareprofreedom.org\/ar\/\u0625\u062f\u0627\u0631\u0627\u062a-\u0627\u0644\u0635\u062d\u0629-\u0628\u0627\u0644\u0645\u0642\u0627\u0637\u0639\u0629\/","og_site_name":"Floridians For Reproductive Freedom","article_publisher":"https:\/\/www.facebook.com\/FloridaReproFreedom\/","article_modified_time":"2021-08-18T19:02:40+00:00","twitter_card":"summary_large_image","twitter_site":"@FLReproFreedom","twitter_misc":{"\u0648\u0642\u062a \u0627\u0644\u0642\u0631\u0627\u0621\u0629 \u0627\u0644\u0645\u064f\u0642\u062f\u0651\u0631":"\u062f\u0642\u064a\u0642\u0629 \u0648\u0627\u062d\u062f\u0629"},"schema":{"@context":"https:\/\/schema.org","@graph":[{"@type":"WebPage","@id":"https:\/\/floridareprofreedom.org\/county-health-departments-hc\/","url":"https:\/\/floridareprofreedom.org\/county-health-departments-hc\/","name":"\u062f\u064a\u0628\u0627\u062a\u0645\u0627\u0646 \u0633\u0627\u0646\u062a\u064a \u0643\u0648\u0646\u062a\u064a \u064a\u0648 - \u0633\u0643\u0627\u0646 \u0641\u0644\u0648\u0631\u064a\u062f\u0627 \u0645\u0646 \u0623\u062c\u0644 \u0627\u0644\u062d\u0631\u064a\u0629 \u0627\u0644\u0625\u0646\u062c\u0627\u0628\u064a\u0629","isPartOf":{"@id":"https:\/\/floridareprofreedom.org\/#website"},"datePublished":"2021-08-18T18:30:40+00:00","dateModified":"2021-08-18T19:02:40+00:00","breadcrumb":{"@id":"https:\/\/floridareprofreedom.org\/county-health-departments-hc\/#breadcrumb"},"inLanguage":"ar","potentialAction":[{"@type":"ReadAction","target":["https:\/\/floridareprofreedom.org\/county-health-departments-hc\/"]}]},{"@type":"BreadcrumbList","@id":"https:\/\/floridareprofreedom.org\/county-health-departments-hc\/#breadcrumb","itemListElement":[{"@type":"ListItem","position":1,"name":"Home","item":"https:\/\/floridareprofreedom.org\/"},{"@type":"ListItem","position":2,"name":"Depatman Sante Konte Yo"}]},{"@type":"WebSite","@id":"https:\/\/floridareprofreedom.org\/#website","url":"https:\/\/floridareprofreedom.org\/","name":"\u0641\u0644\u0648\u0631\u064a\u062f\u0627 \u0645\u0646 \u0623\u062c\u0644 \u0627\u0644\u062d\u0631\u064a\u0629 \u0627\u0644\u0625\u0646\u062c\u0627\u0628\u064a\u0629","description":"\u0627\u0644\u062f\u0639\u0648\u0629 \u0625\u0644\u0649 \u062a\u0648\u0641\u064a\u0631 \u0625\u0645\u0643\u0627\u0646\u064a\u0629 \u0627\u0644\u0648\u0635\u0648\u0644 \u0627\u0644\u0645\u0631\u064a\u062d \u0648\u0627\u0644\u0645\u064a\u0633\u0648\u0631 \u0648\u0627\u0644\u0622\u0645\u0646 \u0625\u0644\u0649 \u0627\u0644\u0631\u0639\u0627\u064a\u0629 \u0627\u0644\u0635\u062d\u064a\u0629 \u0627\u0644\u0625\u0646\u062c\u0627\u0628\u064a\u0629\u060c \u0628\u0645\u0627 \u0641\u064a \u0630\u0644\u0643 \u0627\u0644\u0625\u062c\u0647\u0627\u0636.","publisher":{"@id":"https:\/\/floridareprofreedom.org\/#organization"},"potentialAction":[{"@type":"SearchAction","target":{"@type":"EntryPoint","urlTemplate":"https:\/\/floridareprofreedom.org\/?s={search_term_string}"},"query-input":{"@type":"PropertyValueSpecification","valueRequired":true,"valueName":"search_term_string"}}],"inLanguage":"ar"},{"@type":"Organization","@id":"https:\/\/floridareprofreedom.org\/#organization","name":"\u0641\u0644\u0648\u0631\u064a\u062f\u0627 \u0645\u0646 \u0623\u062c\u0644 \u0627\u0644\u062d\u0631\u064a\u0629 \u0627\u0644\u0625\u0646\u062c\u0627\u0628\u064a\u0629","url":"https:\/\/floridareprofreedom.org\/","logo":{"@type":"ImageObject","inLanguage":"ar","@id":"https:\/\/floridareprofreedom.org\/#\/schema\/logo\/image\/","url":"https:\/\/floridareprofreedom.org\/wp-content\/uploads\/2019\/05\/Untitled.jpg","contentUrl":"https:\/\/floridareprofreedom.org\/wp-content\/uploads\/2019\/05\/Untitled.jpg","width":174,"height":180,"caption":"Floridians for Reproductive Freedom"},"image":{"@id":"https:\/\/floridareprofreedom.org\/#\/schema\/logo\/image\/"},"sameAs":["https:\/\/www.facebook.com\/FloridaReproFreedom\/","https:\/\/x.com\/FLReproFreedom","https:\/\/www.instagram.com\/floridareprofreedom\/"]}]}},"_links":{"self":[{"href":"https:\/\/floridareprofreedom.org\/ar\/wp-json\/wp\/v2\/pages\/2073","targetHints":{"allow":["GET"]}}],"collection":[{"href":"https:\/\/floridareprofreedom.org\/ar\/wp-json\/wp\/v2\/pages"}],"about":[{"href":"https:\/\/floridareprofreedom.org\/ar\/wp-json\/wp\/v2\/types\/page"}],"author":[{"embeddable":true,"href":"https:\/\/floridareprofreedom.org\/ar\/wp-json\/wp\/v2\/users\/3"}],"replies":[{"embeddable":true,"href":"https:\/\/floridareprofreedom.org\/ar\/wp-json\/wp\/v2\/comments?post=2073"}],"version-history":[{"count":5,"href":"https:\/\/floridareprofreedom.org\/ar\/wp-json\/wp\/v2\/pages\/2073\/revisions"}],"predecessor-version":[{"id":2083,"href":"https:\/\/floridareprofreedom.org\/ar\/wp-json\/wp\/v2\/pages\/2073\/revisions\/2083"}],"wp:attachment":[{"href":"https:\/\/floridareprofreedom.org\/ar\/wp-json\/wp\/v2\/media?parent=2073"}],"wp:term":[{"taxonomy":"folder","embeddable":true,"href":"https:\/\/floridareprofreedom.org\/ar\/wp-json\/wp\/v2\/folder?post=2073"}],"curies":[{"name":"\u0648\u0648\u0631\u062f\u0628\u0631\u064a\u0633","href":"https:\/\/api.w.org\/{rel}","templated":true}]}}