{"id":3181,"date":"2024-01-02T22:39:21","date_gmt":"2024-01-02T22:39:21","guid":{"rendered":"https:\/\/floridareprofreedom.org\/?page_id=3181"},"modified":"2024-01-02T22:39:21","modified_gmt":"2024-01-02T22:39:21","slug":"eske-sa-koute-kob-pou-mwen-applike-pou-yon-egzansyon-jidisye","status":"publish","type":"page","link":"https:\/\/floridareprofreedom.org\/ar\/judicialbypass\/egzansyon-jidisye-an-florid\/eske-sa-koute-kob-pou-mwen-applike-pou-yon-egzansyon-jidisye\/","title":{"rendered":"\u0647\u0644 \u062a\u0631\u064a\u062f \u0634\u0631\u0627\u0621 \u0623\u064a \u0634\u064a\u0621 \u064a\u0645\u0643\u0646 \u062a\u0637\u0628\u064a\u0642\u0647 \u0639\u0644\u0649 \u0647\u0630\u0647 \u0627\u0644\u0644\u0639\u0628\u0629 \u0627\u0644\u0631\u0627\u0626\u0639\u0629\u061f"},"content":{"rendered":"<p><span style=\"font-weight: 400;\">Pa gen kenn fr\u00e8 legal l\u00e8 wap applike pou egzansyon jidisy\u00e8 nan florid. \u0625\u0630\u0627 \u0643\u0646\u062a \u062a\u0631\u063a\u0628 \u0641\u064a \u0627\u0644\u062d\u0635\u0648\u0644 \u0639\u0644\u0649 \u0642\u0628\u064a\u0644\u0629 \u0644\u0627 \u062a\u0634\u0648\u0627\u0632\u064a \u0628\u0648 \u0625\u062f\u064a\u0648\u060c \u0623\u0648 \u0628\u0627\u0628\u0627 \u0628\u064a \u0628\u0648 \u0633\u0627. (<a href=\"https:\/\/floridareprofreedom.org\/ar\/%d8%aa%d8%ac%d8%a7%d9%88%d8%b2-%d9%82%d8%b6%d8%a7%d8%a6%d9%8a\/egzansyon-jidisye-an-florid\/eske-mwen-bezwen-yon-avoka\/\">\u0647\u0644 \u062a\u0631\u064a\u062f \u0623\u0646 \u062a\u0643\u0648\u0646 \u0642\u0627\u062f\u0631\u064b\u0627 \u0639\u0644\u0649 \u0630\u0644\u0643\u061f \u064a\u0645\u0643\u0646\u0643 \u0627\u0644\u062a\u0639\u0631\u0641 \u0639\u0644\u0649 \u0627\u0644\u0645\u0632\u064a\u062f<\/a>).<\/span><\/p>\n<p><span style=\"font-weight: 400;\">\u0646\u0627\u0646 \u0643\u064a\u0643 \u0642\u0628\u0644\u064a \u0623\u0648 \u0643\u0627 bezwen Peye pouw pake.<\/span><\/p>\n<p><span style=\"font-weight: 400;\">Wap gen pouw peye Randevou klinik la pou posedi a. \u0625\u0630\u0627 \u0643\u0627\u0646 \u0645\u0646 \u0627\u0644\u0645\u0645\u0643\u0646 \u0623\u0646 \u062a\u0633\u062a\u0623\u062c\u0631 \u0633\u064a\u0627\u0631\u0629 \u0623\u0648 \u0633\u064a\u0627\u0631\u0629\u060c \u0641\u0633\u062a\u062d\u0635\u0644 \u0639\u0644\u0649 \u062a\u0645\u0648\u064a\u0644 \u0645\u062d\u0644\u064a \u0645\u0646 \u0627\u0644\u0645\u0646\u0632\u0644 \u0627\u0644\u0648\u0637\u0646\u064a. (\u062c\u0627\u062f \u0644\u064a\u0633 \u0643\u064a \u0623\u0646\u0628\u0627 \u0623).<\/span><\/p>\n<p><span style=\"font-weight: 400;\">Oubyen tou ou kapab mande klinik oubyen moun kap f\u00e8 av\u00f2tman an pou ou a, si yo kapab edew peye pou li .\u00a0<\/span><\/p>\n<ul>\n<li style=\"font-weight: 400;\" aria-level=\"1\"><a href=\"https:\/\/www.prochoice.org\/\"><span style=\"font-weight: 400;\">\u0627\u0644\u0627\u062a\u062d\u0627\u062f \u0627\u0644\u0648\u0637\u0646\u064a \u0644\u0644\u0625\u062c\u0647\u0627\u0636<\/span><\/a><span style=\"font-weight: 400;\">: 1-800-772-9100<\/span><\/li>\n<li style=\"font-weight: 400;\" aria-level=\"1\"><a href=\"https:\/\/www.plannedparenthood.org\/teens\"><span style=\"font-weight: 400;\">\u062a\u0646\u0638\u064a\u0645 \u0627\u0644\u0623\u0633\u0631\u0629<\/span><\/a><span style=\"font-weight: 400;\">: 1-800-230-7526<\/span><\/li>\n<li style=\"font-weight: 400;\" aria-level=\"1\"><a href=\"http:\/\/www.flaccessnetwork.org\/\"><span style=\"font-weight: 400;\">\u0634\u0628\u0643\u0629 \u0627\u0644\u0648\u0635\u0648\u0644 \u0625\u0644\u0649 \u0641\u0644\u0648\u0631\u064a\u062f\u0627<\/span><\/a><span style=\"font-weight: 400;\">:\u0627\u0644\u062f\u0639\u0645 \u0639\u0644\u0649 \u0645\u0633\u062a\u0648\u0649 \u0641\u0644\u0648\u0631\u064a\u062f\u0627<\/span><\/li>\n<li style=\"font-weight: 400;\" aria-level=\"1\"><a href=\"https:\/\/emawpb.org\/\"><span style=\"font-weight: 400;\">\u0634\u0631\u0643\u0629 \u0627\u0644\u0645\u0633\u0627\u0639\u062f\u0629 \u0627\u0644\u0637\u0628\u064a\u0629 \u0627\u0644\u0637\u0627\u0631\u0626\u0629<\/span><\/a><span style=\"font-weight: 400;\">:\u0634\u0648\u0627\u0637\u0626 \u0627\u0644\u0646\u062e\u064a\u0644 \u0648\u0633\u0627\u062d\u0644 \u0627\u0644\u0643\u0646\u0632<\/span><\/li>\n<li style=\"font-weight: 400;\" aria-level=\"1\"><a href=\"https:\/\/bwefund.org\/site\/\"><span style=\"font-weight: 400;\">\u0645\u0631\u062d \u0627\u0644\u0637\u0648\u0627\u0631\u0626 \u0627\u0644\u0646\u0633\u0627\u0626\u064a \u0641\u064a \u0628\u0631\u0648\u0627\u0631\u062f<\/span><\/a><span style=\"font-weight: 400;\">\u062f: \u0645\u0642\u0627\u0637\u0639\u0629 \u0628\u0631\u0648\u0627\u0631\u062f<\/span><\/li>\n<li style=\"font-weight: 400;\" aria-level=\"1\"><a href=\"https:\/\/abortionfunds.org\/fund\/womens-emergency-network\/\"><span style=\"font-weight: 400;\">\u0634\u0628\u0643\u0629 \u0627\u0644\u0637\u0648\u0627\u0631\u0626 \u0627\u0644\u0646\u0633\u0627\u0626\u064a\u0629<\/span><\/a><span style=\"font-weight: 400;\">:\u0645\u0642\u0627\u0637\u0639\u0627\u062a \u0645\u064a\u0627\u0645\u064a \u062f\u064a\u062f\u060c \u0648\u0628\u0631\u0648\u0627\u0631\u062f\u060c \u0648\u0645\u0648\u0646\u0631\u0648<\/span><\/li>\n<li style=\"font-weight: 400;\" aria-level=\"1\"><a href=\"https:\/\/abortionfunds.org\/fund\/tampa-bay-abortion-fund\/\"><span style=\"font-weight: 400;\">\u0635\u0646\u062f\u0648\u0642 \u0627\u0644\u0625\u062c\u0647\u0627\u0636 \u0641\u064a \u062e\u0644\u064a\u062c \u062a\u0627\u0645\u0628\u0627<\/span><\/a><span style=\"font-weight: 400;\">:\u0645\u0642\u0627\u0637\u0639\u0627\u062a \u0628\u064a\u0646\u064a\u0644\u0627\u0633\u060c \u0647\u064a\u0644\u0632\u0628\u0648\u0631\u0648\u060c \u0628\u0627\u0633\u0643\u0648\u060c \u0628\u0648\u0644\u0643<\/span><\/li>\n<\/ul>","protected":false},"excerpt":{"rendered":"<p>Pa gen okenn fr\u00e8 legal l\u00e8 wap applike pou egzansyon jidisy\u00e8 nan florid. Si ou vle yon avoka tribinal la chwazi pou edew, Ou pap peye pou sa. (Gade \u00e8ske mwen bezwen yon avoka? Pou plis enf\u00f2masyon). Nan k\u00e8k tribinal Ou ka bezwen Peye pouw pake. Wap gen pouw peye randevou klinik la pou pwosedi [&hellip;]<\/p>\n","protected":false},"author":7,"featured_media":0,"parent":3142,"menu_order":0,"comment_status":"closed","ping_status":"closed","template":"","meta":{"footnotes":""},"folder":[35,8],"class_list":["post-3181","page","type-page","status-publish","hentry"],"yoast_head":"<!-- This site is optimized with the Yoast SEO plugin v27.3 - https:\/\/yoast.com\/product\/yoast-seo-wordpress\/ -->\n<title>\u00c8ske sa koute k\u00f2b pou mwen applike pou yon egzansyon jidisy\u00e8? - Floridians For Reproductive Freedom<\/title>\n<meta name=\"description\" content=\"Si ou pa gen mwayen pouw peye pou av\u00f2tman ou an, gen k\u00e8k rezo finansman lokal ak nasyonal ki kapab edew.\" \/>\n<meta name=\"robots\" content=\"index, follow, max-snippet:-1, max-image-preview:large, max-video-preview:-1\" \/>\n<link rel=\"canonical\" href=\"https:\/\/floridareprofreedom.org\/ar\/\u062a\u062c\u0627\u0648\u0632-\u0642\u0636\u0627\u0626\u064a\/egzansyon-jidisye-an-florid\/eske-sa-koute-kob-pou-mwen-applike-pou-yon-egzansyon-jidisye\/\" \/>\n<meta property=\"og:locale\" content=\"ar_AR\" \/>\n<meta property=\"og:type\" content=\"article\" \/>\n<meta property=\"og:title\" content=\"\u00c8ske sa koute k\u00f2b pou mwen applike pou yon egzansyon jidisy\u00e8? - Floridians For Reproductive Freedom\" \/>\n<meta property=\"og:description\" content=\"Si ou pa gen mwayen pouw peye pou av\u00f2tman ou an, gen k\u00e8k rezo finansman lokal ak nasyonal ki kapab edew.\" \/>\n<meta property=\"og:url\" content=\"https:\/\/floridareprofreedom.org\/ar\/\u062a\u062c\u0627\u0648\u0632-\u0642\u0636\u0627\u0626\u064a\/egzansyon-jidisye-an-florid\/eske-sa-koute-kob-pou-mwen-applike-pou-yon-egzansyon-jidisye\/\" \/>\n<meta property=\"og:site_name\" content=\"Floridians For Reproductive Freedom\" \/>\n<meta property=\"article:publisher\" content=\"https:\/\/www.facebook.com\/FloridaReproFreedom\/\" \/>\n<meta name=\"twitter:card\" content=\"summary_large_image\" \/>\n<meta name=\"twitter:site\" content=\"@FLReproFreedom\" \/>\n<meta name=\"twitter:label1\" content=\"\u0648\u0642\u062a \u0627\u0644\u0642\u0631\u0627\u0621\u0629 \u0627\u0644\u0645\u064f\u0642\u062f\u0651\u0631\" \/>\n\t<meta name=\"twitter:data1\" content=\"\u062f\u0642\u064a\u0642\u0629 \u0648\u0627\u062d\u062f\u0629\" \/>\n<script type=\"application\/ld+json\" class=\"yoast-schema-graph\">{\"@context\":\"https:\\\/\\\/schema.org\",\"@graph\":[{\"@type\":\"WebPage\",\"@id\":\"https:\\\/\\\/floridareprofreedom.org\\\/judicialbypass\\\/egzansyon-jidisye-an-florid\\\/eske-sa-koute-kob-pou-mwen-applike-pou-yon-egzansyon-jidisye\\\/\",\"url\":\"https:\\\/\\\/floridareprofreedom.org\\\/judicialbypass\\\/egzansyon-jidisye-an-florid\\\/eske-sa-koute-kob-pou-mwen-applike-pou-yon-egzansyon-jidisye\\\/\",\"name\":\"\u00c8ske sa koute k\u00f2b pou mwen applike pou yon egzansyon jidisy\u00e8? - Floridians For Reproductive Freedom\",\"isPartOf\":{\"@id\":\"https:\\\/\\\/floridareprofreedom.org\\\/#website\"},\"datePublished\":\"2024-01-02T22:39:21+00:00\",\"description\":\"Si ou pa gen mwayen pouw peye pou av\u00f2tman ou an, gen k\u00e8k rezo finansman lokal ak nasyonal ki kapab edew.\",\"breadcrumb\":{\"@id\":\"https:\\\/\\\/floridareprofreedom.org\\\/judicialbypass\\\/egzansyon-jidisye-an-florid\\\/eske-sa-koute-kob-pou-mwen-applike-pou-yon-egzansyon-jidisye\\\/#breadcrumb\"},\"inLanguage\":\"ar\",\"potentialAction\":[{\"@type\":\"ReadAction\",\"target\":[\"https:\\\/\\\/floridareprofreedom.org\\\/judicialbypass\\\/egzansyon-jidisye-an-florid\\\/eske-sa-koute-kob-pou-mwen-applike-pou-yon-egzansyon-jidisye\\\/\"]}]},{\"@type\":\"BreadcrumbList\",\"@id\":\"https:\\\/\\\/floridareprofreedom.org\\\/judicialbypass\\\/egzansyon-jidisye-an-florid\\\/eske-sa-koute-kob-pou-mwen-applike-pou-yon-egzansyon-jidisye\\\/#breadcrumb\",\"itemListElement\":[{\"@type\":\"ListItem\",\"position\":1,\"name\":\"Home\",\"item\":\"https:\\\/\\\/floridareprofreedom.org\\\/\"},{\"@type\":\"ListItem\",\"position\":2,\"name\":\"Judicial Bypass in Florida\",\"item\":\"https:\\\/\\\/floridareprofreedom.org\\\/judicialbypass\\\/\"},{\"@type\":\"ListItem\",\"position\":3,\"name\":\"Egzansyon Jidisy\u00e8 an Florid\",\"item\":\"https:\\\/\\\/floridareprofreedom.org\\\/judicialbypass\\\/egzansyon-jidisye-an-florid\\\/\"},{\"@type\":\"ListItem\",\"position\":4,\"name\":\"\u00c8ske sa koute k\u00f2b pou mwen applike pou yon egzansyon jidisy\u00e8?\"}]},{\"@type\":\"WebSite\",\"@id\":\"https:\\\/\\\/floridareprofreedom.org\\\/#website\",\"url\":\"https:\\\/\\\/floridareprofreedom.org\\\/\",\"name\":\"Floridians For Reproductive Freedom\",\"description\":\"Advocating for convenient, affordable, and safe access to reproductive health care, including abortion.\",\"publisher\":{\"@id\":\"https:\\\/\\\/floridareprofreedom.org\\\/#organization\"},\"potentialAction\":[{\"@type\":\"SearchAction\",\"target\":{\"@type\":\"EntryPoint\",\"urlTemplate\":\"https:\\\/\\\/floridareprofreedom.org\\\/?s={search_term_string}\"},\"query-input\":{\"@type\":\"PropertyValueSpecification\",\"valueRequired\":true,\"valueName\":\"search_term_string\"}}],\"inLanguage\":\"ar\"},{\"@type\":\"Organization\",\"@id\":\"https:\\\/\\\/floridareprofreedom.org\\\/#organization\",\"name\":\"Floridians for Reproductive Freedom\",\"url\":\"https:\\\/\\\/floridareprofreedom.org\\\/\",\"logo\":{\"@type\":\"ImageObject\",\"inLanguage\":\"ar\",\"@id\":\"https:\\\/\\\/floridareprofreedom.org\\\/#\\\/schema\\\/logo\\\/image\\\/\",\"url\":\"https:\\\/\\\/floridareprofreedom.org\\\/wp-content\\\/uploads\\\/2019\\\/05\\\/Untitled.jpg\",\"contentUrl\":\"https:\\\/\\\/floridareprofreedom.org\\\/wp-content\\\/uploads\\\/2019\\\/05\\\/Untitled.jpg\",\"width\":174,\"height\":180,\"caption\":\"Floridians for Reproductive Freedom\"},\"image\":{\"@id\":\"https:\\\/\\\/floridareprofreedom.org\\\/#\\\/schema\\\/logo\\\/image\\\/\"},\"sameAs\":[\"https:\\\/\\\/www.facebook.com\\\/FloridaReproFreedom\\\/\",\"https:\\\/\\\/x.com\\\/FLReproFreedom\",\"https:\\\/\\\/www.instagram.com\\\/floridareprofreedom\\\/\"]}]}<\/script>\n<!-- \/ Yoast SEO plugin. -->","yoast_head_json":{"title":"\u0647\u0644 \u062a\u0631\u064a\u062f \u0634\u0631\u0627\u0621 \u0623\u064a \u0634\u064a\u0621 \u064a\u0645\u0643\u0646 \u062a\u0637\u0628\u064a\u0642\u0647 \u0639\u0644\u0649 \u0647\u0630\u0647 \u0627\u0644\u0644\u0639\u0628\u0629 \u0627\u0644\u0631\u0627\u0626\u0639\u0629\u061f - \u0633\u0643\u0627\u0646 \u0641\u0644\u0648\u0631\u064a\u062f\u0627 \u0645\u0646 \u0623\u062c\u0644 \u0627\u0644\u062d\u0631\u064a\u0629 \u0627\u0644\u0625\u0646\u062c\u0627\u0628\u064a\u0629","description":"\u0625\u0630\u0627 \u0643\u0627\u0646 \u0645\u0646 \u0627\u0644\u0645\u0645\u0643\u0646 \u0623\u0646 \u062a\u0633\u062a\u0623\u062c\u0631 \u0633\u064a\u0627\u0631\u0629 \u0623\u0648 \u0633\u064a\u0627\u0631\u0629\u060c \u0641\u0633\u062a\u062d\u0635\u0644 \u0639\u0644\u0649 \u062a\u0645\u0648\u064a\u0644 \u0645\u062d\u0644\u064a \u0645\u0646 \u0627\u0644\u0645\u0646\u0632\u0644 \u0627\u0644\u0648\u0637\u0646\u064a.","robots":{"index":"index","follow":"follow","max-snippet":"max-snippet:-1","max-image-preview":"max-image-preview:large","max-video-preview":"max-video-preview:-1"},"canonical":"https:\/\/floridareprofreedom.org\/ar\/\u062a\u062c\u0627\u0648\u0632-\u0642\u0636\u0627\u0626\u064a\/egzansyon-jidisye-an-florid\/eske-sa-koute-kob-pou-mwen-applike-pou-yon-egzansyon-jidisye\/","og_locale":"ar_AR","og_type":"article","og_title":"\u00c8ske sa koute k\u00f2b pou mwen applike pou yon egzansyon jidisy\u00e8? - Floridians For Reproductive Freedom","og_description":"Si ou pa gen mwayen pouw peye pou av\u00f2tman ou an, gen k\u00e8k rezo finansman lokal ak nasyonal ki kapab edew.","og_url":"https:\/\/floridareprofreedom.org\/ar\/\u062a\u062c\u0627\u0648\u0632-\u0642\u0636\u0627\u0626\u064a\/egzansyon-jidisye-an-florid\/eske-sa-koute-kob-pou-mwen-applike-pou-yon-egzansyon-jidisye\/","og_site_name":"Floridians For Reproductive Freedom","article_publisher":"https:\/\/www.facebook.com\/FloridaReproFreedom\/","twitter_card":"summary_large_image","twitter_site":"@FLReproFreedom","twitter_misc":{"\u0648\u0642\u062a \u0627\u0644\u0642\u0631\u0627\u0621\u0629 \u0627\u0644\u0645\u064f\u0642\u062f\u0651\u0631":"\u062f\u0642\u064a\u0642\u0629 \u0648\u0627\u062d\u062f\u0629"},"schema":{"@context":"https:\/\/schema.org","@graph":[{"@type":"WebPage","@id":"https:\/\/floridareprofreedom.org\/judicialbypass\/egzansyon-jidisye-an-florid\/eske-sa-koute-kob-pou-mwen-applike-pou-yon-egzansyon-jidisye\/","url":"https:\/\/floridareprofreedom.org\/judicialbypass\/egzansyon-jidisye-an-florid\/eske-sa-koute-kob-pou-mwen-applike-pou-yon-egzansyon-jidisye\/","name":"\u0647\u0644 \u062a\u0631\u064a\u062f \u0634\u0631\u0627\u0621 \u0623\u064a \u0634\u064a\u0621 \u064a\u0645\u0643\u0646 \u062a\u0637\u0628\u064a\u0642\u0647 \u0639\u0644\u0649 \u0647\u0630\u0647 \u0627\u0644\u0644\u0639\u0628\u0629 \u0627\u0644\u0631\u0627\u0626\u0639\u0629\u061f - \u0633\u0643\u0627\u0646 \u0641\u0644\u0648\u0631\u064a\u062f\u0627 \u0645\u0646 \u0623\u062c\u0644 \u0627\u0644\u062d\u0631\u064a\u0629 \u0627\u0644\u0625\u0646\u062c\u0627\u0628\u064a\u0629","isPartOf":{"@id":"https:\/\/floridareprofreedom.org\/#website"},"datePublished":"2024-01-02T22:39:21+00:00","description":"\u0625\u0630\u0627 \u0643\u0627\u0646 \u0645\u0646 \u0627\u0644\u0645\u0645\u0643\u0646 \u0623\u0646 \u062a\u0633\u062a\u0623\u062c\u0631 \u0633\u064a\u0627\u0631\u0629 \u0623\u0648 \u0633\u064a\u0627\u0631\u0629\u060c \u0641\u0633\u062a\u062d\u0635\u0644 \u0639\u0644\u0649 \u062a\u0645\u0648\u064a\u0644 \u0645\u062d\u0644\u064a \u0645\u0646 \u0627\u0644\u0645\u0646\u0632\u0644 \u0627\u0644\u0648\u0637\u0646\u064a.","breadcrumb":{"@id":"https:\/\/floridareprofreedom.org\/judicialbypass\/egzansyon-jidisye-an-florid\/eske-sa-koute-kob-pou-mwen-applike-pou-yon-egzansyon-jidisye\/#breadcrumb"},"inLanguage":"ar","potentialAction":[{"@type":"ReadAction","target":["https:\/\/floridareprofreedom.org\/judicialbypass\/egzansyon-jidisye-an-florid\/eske-sa-koute-kob-pou-mwen-applike-pou-yon-egzansyon-jidisye\/"]}]},{"@type":"BreadcrumbList","@id":"https:\/\/floridareprofreedom.org\/judicialbypass\/egzansyon-jidisye-an-florid\/eske-sa-koute-kob-pou-mwen-applike-pou-yon-egzansyon-jidisye\/#breadcrumb","itemListElement":[{"@type":"ListItem","position":1,"name":"Home","item":"https:\/\/floridareprofreedom.org\/"},{"@type":"ListItem","position":2,"name":"Judicial Bypass in Florida","item":"https:\/\/floridareprofreedom.org\/judicialbypass\/"},{"@type":"ListItem","position":3,"name":"Egzansyon Jidisy\u00e8 an Florid","item":"https:\/\/floridareprofreedom.org\/judicialbypass\/egzansyon-jidisye-an-florid\/"},{"@type":"ListItem","position":4,"name":"\u00c8ske sa koute k\u00f2b pou mwen applike pou yon egzansyon jidisy\u00e8?"}]},{"@type":"WebSite","@id":"https:\/\/floridareprofreedom.org\/#website","url":"https:\/\/floridareprofreedom.org\/","name":"\u0641\u0644\u0648\u0631\u064a\u062f\u0627 \u0645\u0646 \u0623\u062c\u0644 \u0627\u0644\u062d\u0631\u064a\u0629 \u0627\u0644\u0625\u0646\u062c\u0627\u0628\u064a\u0629","description":"\u0627\u0644\u062f\u0639\u0648\u0629 \u0625\u0644\u0649 \u062a\u0648\u0641\u064a\u0631 \u0625\u0645\u0643\u0627\u0646\u064a\u0629 \u0627\u0644\u0648\u0635\u0648\u0644 \u0627\u0644\u0645\u0631\u064a\u062d \u0648\u0627\u0644\u0645\u064a\u0633\u0648\u0631 \u0648\u0627\u0644\u0622\u0645\u0646 \u0625\u0644\u0649 \u0627\u0644\u0631\u0639\u0627\u064a\u0629 \u0627\u0644\u0635\u062d\u064a\u0629 \u0627\u0644\u0625\u0646\u062c\u0627\u0628\u064a\u0629\u060c \u0628\u0645\u0627 \u0641\u064a \u0630\u0644\u0643 \u0627\u0644\u0625\u062c\u0647\u0627\u0636.","publisher":{"@id":"https:\/\/floridareprofreedom.org\/#organization"},"potentialAction":[{"@type":"SearchAction","target":{"@type":"EntryPoint","urlTemplate":"https:\/\/floridareprofreedom.org\/?s={search_term_string}"},"query-input":{"@type":"PropertyValueSpecification","valueRequired":true,"valueName":"search_term_string"}}],"inLanguage":"ar"},{"@type":"Organization","@id":"https:\/\/floridareprofreedom.org\/#organization","name":"\u0641\u0644\u0648\u0631\u064a\u062f\u0627 \u0645\u0646 \u0623\u062c\u0644 \u0627\u0644\u062d\u0631\u064a\u0629 \u0627\u0644\u0625\u0646\u062c\u0627\u0628\u064a\u0629","url":"https:\/\/floridareprofreedom.org\/","logo":{"@type":"ImageObject","inLanguage":"ar","@id":"https:\/\/floridareprofreedom.org\/#\/schema\/logo\/image\/","url":"https:\/\/floridareprofreedom.org\/wp-content\/uploads\/2019\/05\/Untitled.jpg","contentUrl":"https:\/\/floridareprofreedom.org\/wp-content\/uploads\/2019\/05\/Untitled.jpg","width":174,"height":180,"caption":"Floridians for Reproductive Freedom"},"image":{"@id":"https:\/\/floridareprofreedom.org\/#\/schema\/logo\/image\/"},"sameAs":["https:\/\/www.facebook.com\/FloridaReproFreedom\/","https:\/\/x.com\/FLReproFreedom","https:\/\/www.instagram.com\/floridareprofreedom\/"]}]}},"_links":{"self":[{"href":"https:\/\/floridareprofreedom.org\/ar\/wp-json\/wp\/v2\/pages\/3181","targetHints":{"allow":["GET"]}}],"collection":[{"href":"https:\/\/floridareprofreedom.org\/ar\/wp-json\/wp\/v2\/pages"}],"about":[{"href":"https:\/\/floridareprofreedom.org\/ar\/wp-json\/wp\/v2\/types\/page"}],"author":[{"embeddable":true,"href":"https:\/\/floridareprofreedom.org\/ar\/wp-json\/wp\/v2\/users\/7"}],"replies":[{"embeddable":true,"href":"https:\/\/floridareprofreedom.org\/ar\/wp-json\/wp\/v2\/comments?post=3181"}],"version-history":[{"count":1,"href":"https:\/\/floridareprofreedom.org\/ar\/wp-json\/wp\/v2\/pages\/3181\/revisions"}],"predecessor-version":[{"id":3182,"href":"https:\/\/floridareprofreedom.org\/ar\/wp-json\/wp\/v2\/pages\/3181\/revisions\/3182"}],"up":[{"embeddable":true,"href":"https:\/\/floridareprofreedom.org\/ar\/wp-json\/wp\/v2\/pages\/3142"}],"wp:attachment":[{"href":"https:\/\/floridareprofreedom.org\/ar\/wp-json\/wp\/v2\/media?parent=3181"}],"wp:term":[{"taxonomy":"folder","embeddable":true,"href":"https:\/\/floridareprofreedom.org\/ar\/wp-json\/wp\/v2\/folder?post=3181"}],"curies":[{"name":"\u0648\u0648\u0631\u062f\u0628\u0631\u064a\u0633","href":"https:\/\/api.w.org\/{rel}","templated":true}]}}