{"id":3185,"date":"2024-01-02T22:56:55","date_gmt":"2024-01-02T22:56:55","guid":{"rendered":"https:\/\/floridareprofreedom.org\/?page_id=3185"},"modified":"2024-01-02T22:56:55","modified_gmt":"2024-01-02T22:56:55","slug":"ki-kalite-kesyon-jij-la-ap-poze-mwen","status":"publish","type":"page","link":"https:\/\/floridareprofreedom.org\/ar\/judicialbypass\/egzansyon-jidisye-an-florid\/ki-kalite-kesyon-jij-la-ap-poze-mwen\/","title":{"rendered":"Ki kalite kesyon jij la ap poze mwen?"},"content":{"rendered":"<p><span style=\"font-weight: 400;\">\u0628\u0634\u0643\u0644 \u0639\u0627\u0645\u060c jij la ap vle konnen ke ou konprann opsyon ou yo e ke ou te ak anpil atansyon \u062a\u0641\u0643\u0631 \u0641\u064a \u0631\u063a\u0628\u062a\u0643 ou. \u0625\u0630\u0627 \u0642\u0645\u062a \u0628\u0630\u0644\u0643 \u0623\u0648 \u0642\u0645\u062a \u0628\u0630\u0644\u0643\u060c \u064a\u0645\u0643\u0646\u0643 \u0627\u0644\u0642\u064a\u0627\u0645 \u0628\u0630\u0644\u0643 \u0628\u0627\u0633\u062a\u062e\u062f\u0627\u0645 \u0632\u0648\u062c\u062a\u0643 \u0645\u0646 \u062e\u0644\u0627\u0644 \u0627\u0644\u0627\u0633\u062a\u0639\u0627\u0646\u0629 \u0628\u0647\u0627.<\/span><\/p>\n<p><b>\u0627\u062f\u0641\u0639 \u0623\u0648 \u0627\u0641\u0639\u0644 \u0645\u0627 \u0628\u0648\u0633\u0639\u0643 \u0645\u0646 \u0623\u062c\u0644 \u0627\u0644\u062d\u0635\u0648\u0644 \u0639\u0644\u0649 \u0645\u0627 \u062a\u0631\u064a\u062f<\/b><\/p>\n<ul>\n<li><span style=\"font-weight: 400;\">\u0647\u0644 \u062a\u0631\u063a\u0628 \u0641\u064a \u0627\u0644\u062a\u0639\u0631\u0641 \u0639\u0644\u0649 \u0627\u062d\u062a\u064a\u0627\u062c\u0627\u062a\u0643 \u0623\u0648 \u0627\u0644\u062d\u0635\u0648\u0644 \u0639\u0644\u0649 \u0648\u0638\u064a\u0641\u0629 \u0637\u0628\u064a\u0629\u061f<\/span><\/li>\n<li><span style=\"font-weight: 400;\">Pou konbyen semenn ou ansent?<\/span><\/li>\n<li><span style=\"font-weight: 400;\"> Poukisa yon paran pa ka patisipe?<\/span><\/li>\n<li><span style=\"font-weight: 400;\">\u0647\u0644 \u064a\u0645\u0643\u0646\u0643 \u0645\u0639\u0631\u0641\u0629 \u0645\u0627 \u0647\u0648 \u0645\u0637\u0644\u0648\u0628 \u0645\u0646\u0643\u061f \u0645\u0627 \u0647\u0648 \u0627\u0644\u062e\u064a\u0627\u0631 \u0627\u0644\u0630\u064a \u064a\u0645\u0643\u0646\u0643 \u0623\u0646 \u062a\u0641\u0639\u0644\u0647 \u0645\u0646 \u062e\u0644\u0627\u0644 \u0623\u0642\u0648\u0627\u0644\u0643 \u0623\u0648\u061f<\/span><\/li>\n<li><span style=\"font-weight: 400;\">\u0647\u0644 \u062a\u0639\u0631\u0641 \u0645\u0627 \u0647\u064a \u0627\u0644\u0645\u062e\u0627\u0637\u0631 \u0648\u0627\u0644\u0645\u0636\u0627\u0639\u0641\u0629\u061f \u0647\u0644 \u062a\u062e\u0637\u0637 \u0625\u0630\u0627 \u0643\u0646\u062a \u062a\u0631\u063a\u0628 \u0641\u064a \u0627\u0644\u0627\u0646\u0636\u0645\u0627\u0645 \u0625\u0644\u0649 \u0627\u0644\u062e\u0628\u0631\u0627\u0621\u061f<\/span><\/li>\n<li><span style=\"font-weight: 400;\">\u0647\u0644 \u0644\u062f\u064a\u0643 \u0631\u063a\u0628\u0629 \u0623\u0648 \u0634\u063a\u0641 \u0641\u064a \u0627\u0644\u062a\u0641\u0643\u064a\u0631 \u0641\u064a \u0627\u0644\u0623\u0645\u0631\u061f \u00c8ske ou te \u0634\u0627\u062d\u0628 ak yon granmoun\u061f<\/span><\/li>\n<li><span style=\"font-weight: 400;\">\u0647\u0644 \u0645\u0646 \u0627\u0644\u0645\u0645\u0643\u0646 \u0623\u0646 \u062a\u0636\u063a\u0637 \u0639\u0644\u0649 \u0646\u0641\u0633\u0643 \u0623\u0648 \u062a\u0636\u063a\u0637 \u0639\u0644\u0649 \u0646\u0641\u0633\u0643\u061f<\/span><\/li>\n<li><span style=\"font-weight: 400;\">\u00c8ske ou te abize?<\/span><\/li>\n<li><span style=\"font-weight: 400;\">Kijan ou pral peye pou av\u00f2tman an?<\/span><\/li>\n<\/ul>\n<p><a href=\"https:\/\/drive.google.com\/open?id=1nCrUP_HmPi09CYfEQhbJkZtQPd8GJ7_u\"><b>\u0627\u0646\u0642\u0631 \u0647\u0646\u0627<\/b><\/a><a href=\"https:\/\/drive.google.com\/open?id=1nCrUP_HmPi09CYfEQhbJkZtQPd8GJ7_u\"><span style=\"font-weight: 400;\"> \u0644\u0639\u0631\u0636 \u0642\u0627\u0626\u0645\u0629 \u0623\u062e\u0631\u0649 (\u0623\u0637\u0648\u0644) \u0645\u0646 \u0627\u0644\u0623\u0633\u0626\u0644\u0629 \u0627\u0644\u0645\u062d\u062a\u0645\u0644\u0629 \u0627\u0644\u062a\u064a \u0642\u062f \u062a\u064f\u0637\u0631\u062d \u0639\u0644\u064a\u0643.<\/span><\/a><b><i> \u0644\u0627 \u064a\u0633\u0623\u0644 \u0623\u064a \u0642\u0627\u0636\u064d \u0643\u0644 \u0647\u0630\u0647 \u0627\u0644\u0623\u0633\u0626\u0644\u0629.\u00a0<\/i><\/b><\/p>\n<p><span style=\"font-weight: 400;\">Gade tou \u201c<strong><a href=\"https:\/\/floridareprofreedom.org\/ar\/%d8%aa%d8%ac%d8%a7%d9%88%d8%b2-%d9%82%d8%b6%d8%a7%d8%a6%d9%8a\/egzansyon-jidisye-an-florid\/kisa-jij-la-pral-konsidere\/\">Kisa jij la pral konsidere\u201d\u061f<\/a><\/strong><\/span><\/p>","protected":false},"excerpt":{"rendered":"<p>An jeneral, jij la ap vle konnen ke ou konprann opsyon ou yo e ke ou te ak anpil atansyon konsidere desizyon ou. Si ou gen yon avoka, y ap ede w pare pou reyinyon an av\u00e8k jij la. Bagay ou ta dwe anmezi pou pataje av\u00e8k jij la \u00c8ske ou te konfime gwos\u00e8s ou [&hellip;]<\/p>\n","protected":false},"author":7,"featured_media":0,"parent":3142,"menu_order":0,"comment_status":"closed","ping_status":"closed","template":"","meta":{"footnotes":""},"folder":[35,8],"class_list":["post-3185","page","type-page","status-publish","hentry"],"yoast_head":"<!-- This site is optimized with the Yoast SEO plugin v27.3 - https:\/\/yoast.com\/product\/yoast-seo-wordpress\/ -->\n<title>Ki kalite kesyon jij la ap poze mwen? - Floridians For Reproductive Freedom<\/title>\n<meta name=\"description\" content=\"An jeneral, jij la ap vle konnen ke ou konprann opsyon ou yo e ke ou te ak anpil atansyon konsidere desizyon ou.\" \/>\n<meta name=\"robots\" content=\"index, follow, max-snippet:-1, max-image-preview:large, max-video-preview:-1\" \/>\n<link rel=\"canonical\" href=\"https:\/\/floridareprofreedom.org\/ar\/\u062a\u062c\u0627\u0648\u0632-\u0642\u0636\u0627\u0626\u064a\/egzansyon-jidisye-an-florid\/ki-kalite-kesyon-jij-la-ap-poze-mwen\/\" \/>\n<meta property=\"og:locale\" content=\"ar_AR\" \/>\n<meta property=\"og:type\" content=\"article\" \/>\n<meta property=\"og:title\" content=\"Ki kalite kesyon jij la ap poze mwen? - Floridians For Reproductive Freedom\" \/>\n<meta property=\"og:description\" content=\"An jeneral, jij la ap vle konnen ke ou konprann opsyon ou yo e ke ou te ak anpil atansyon konsidere desizyon ou.\" \/>\n<meta property=\"og:url\" content=\"https:\/\/floridareprofreedom.org\/ar\/\u062a\u062c\u0627\u0648\u0632-\u0642\u0636\u0627\u0626\u064a\/egzansyon-jidisye-an-florid\/ki-kalite-kesyon-jij-la-ap-poze-mwen\/\" \/>\n<meta property=\"og:site_name\" content=\"Floridians For Reproductive Freedom\" \/>\n<meta property=\"article:publisher\" content=\"https:\/\/www.facebook.com\/FloridaReproFreedom\/\" \/>\n<meta name=\"twitter:card\" content=\"summary_large_image\" \/>\n<meta name=\"twitter:site\" content=\"@FLReproFreedom\" \/>\n<meta name=\"twitter:label1\" content=\"\u0648\u0642\u062a \u0627\u0644\u0642\u0631\u0627\u0621\u0629 \u0627\u0644\u0645\u064f\u0642\u062f\u0651\u0631\" \/>\n\t<meta name=\"twitter:data1\" content=\"\u062f\u0642\u064a\u0642\u0629 \u0648\u0627\u062d\u062f\u0629\" \/>\n<script type=\"application\/ld+json\" class=\"yoast-schema-graph\">{\"@context\":\"https:\\\/\\\/schema.org\",\"@graph\":[{\"@type\":\"WebPage\",\"@id\":\"https:\\\/\\\/floridareprofreedom.org\\\/judicialbypass\\\/egzansyon-jidisye-an-florid\\\/ki-kalite-kesyon-jij-la-ap-poze-mwen\\\/\",\"url\":\"https:\\\/\\\/floridareprofreedom.org\\\/judicialbypass\\\/egzansyon-jidisye-an-florid\\\/ki-kalite-kesyon-jij-la-ap-poze-mwen\\\/\",\"name\":\"Ki kalite kesyon jij la ap poze mwen? - Floridians For Reproductive Freedom\",\"isPartOf\":{\"@id\":\"https:\\\/\\\/floridareprofreedom.org\\\/#website\"},\"datePublished\":\"2024-01-02T22:56:55+00:00\",\"description\":\"An jeneral, jij la ap vle konnen ke ou konprann opsyon ou yo e ke ou te ak anpil atansyon konsidere desizyon ou.\",\"breadcrumb\":{\"@id\":\"https:\\\/\\\/floridareprofreedom.org\\\/judicialbypass\\\/egzansyon-jidisye-an-florid\\\/ki-kalite-kesyon-jij-la-ap-poze-mwen\\\/#breadcrumb\"},\"inLanguage\":\"ar\",\"potentialAction\":[{\"@type\":\"ReadAction\",\"target\":[\"https:\\\/\\\/floridareprofreedom.org\\\/judicialbypass\\\/egzansyon-jidisye-an-florid\\\/ki-kalite-kesyon-jij-la-ap-poze-mwen\\\/\"]}]},{\"@type\":\"BreadcrumbList\",\"@id\":\"https:\\\/\\\/floridareprofreedom.org\\\/judicialbypass\\\/egzansyon-jidisye-an-florid\\\/ki-kalite-kesyon-jij-la-ap-poze-mwen\\\/#breadcrumb\",\"itemListElement\":[{\"@type\":\"ListItem\",\"position\":1,\"name\":\"Home\",\"item\":\"https:\\\/\\\/floridareprofreedom.org\\\/\"},{\"@type\":\"ListItem\",\"position\":2,\"name\":\"Judicial Bypass in Florida\",\"item\":\"https:\\\/\\\/floridareprofreedom.org\\\/judicialbypass\\\/\"},{\"@type\":\"ListItem\",\"position\":3,\"name\":\"Egzansyon Jidisy\u00e8 an Florid\",\"item\":\"https:\\\/\\\/floridareprofreedom.org\\\/judicialbypass\\\/egzansyon-jidisye-an-florid\\\/\"},{\"@type\":\"ListItem\",\"position\":4,\"name\":\"Ki kalite kesyon jij la ap poze mwen?\"}]},{\"@type\":\"WebSite\",\"@id\":\"https:\\\/\\\/floridareprofreedom.org\\\/#website\",\"url\":\"https:\\\/\\\/floridareprofreedom.org\\\/\",\"name\":\"Floridians For Reproductive Freedom\",\"description\":\"Advocating for convenient, affordable, and safe access to reproductive health care, including abortion.\",\"publisher\":{\"@id\":\"https:\\\/\\\/floridareprofreedom.org\\\/#organization\"},\"potentialAction\":[{\"@type\":\"SearchAction\",\"target\":{\"@type\":\"EntryPoint\",\"urlTemplate\":\"https:\\\/\\\/floridareprofreedom.org\\\/?s={search_term_string}\"},\"query-input\":{\"@type\":\"PropertyValueSpecification\",\"valueRequired\":true,\"valueName\":\"search_term_string\"}}],\"inLanguage\":\"ar\"},{\"@type\":\"Organization\",\"@id\":\"https:\\\/\\\/floridareprofreedom.org\\\/#organization\",\"name\":\"Floridians for Reproductive Freedom\",\"url\":\"https:\\\/\\\/floridareprofreedom.org\\\/\",\"logo\":{\"@type\":\"ImageObject\",\"inLanguage\":\"ar\",\"@id\":\"https:\\\/\\\/floridareprofreedom.org\\\/#\\\/schema\\\/logo\\\/image\\\/\",\"url\":\"https:\\\/\\\/floridareprofreedom.org\\\/wp-content\\\/uploads\\\/2019\\\/05\\\/Untitled.jpg\",\"contentUrl\":\"https:\\\/\\\/floridareprofreedom.org\\\/wp-content\\\/uploads\\\/2019\\\/05\\\/Untitled.jpg\",\"width\":174,\"height\":180,\"caption\":\"Floridians for Reproductive Freedom\"},\"image\":{\"@id\":\"https:\\\/\\\/floridareprofreedom.org\\\/#\\\/schema\\\/logo\\\/image\\\/\"},\"sameAs\":[\"https:\\\/\\\/www.facebook.com\\\/FloridaReproFreedom\\\/\",\"https:\\\/\\\/x.com\\\/FLReproFreedom\",\"https:\\\/\\\/www.instagram.com\\\/floridareprofreedom\\\/\"]}]}<\/script>\n<!-- \/ Yoast SEO plugin. -->","yoast_head_json":{"title":"Ki kalite kesyon jij la ap poze mwen? - \u0633\u0643\u0627\u0646 \u0641\u0644\u0648\u0631\u064a\u062f\u0627 \u0645\u0646 \u0623\u062c\u0644 \u0627\u0644\u062d\u0631\u064a\u0629 \u0627\u0644\u0625\u0646\u062c\u0627\u0628\u064a\u0629","description":"\u0628\u0634\u0643\u0644 \u0639\u0627\u0645\u060c jij la ap vle konnen ke ou konprann opsyon ou yo e ke ou te ak anpil atansyon \u062a\u0641\u0643\u0631 \u0641\u064a \u0631\u063a\u0628\u062a\u0643 ou.","robots":{"index":"index","follow":"follow","max-snippet":"max-snippet:-1","max-image-preview":"max-image-preview:large","max-video-preview":"max-video-preview:-1"},"canonical":"https:\/\/floridareprofreedom.org\/ar\/\u062a\u062c\u0627\u0648\u0632-\u0642\u0636\u0627\u0626\u064a\/egzansyon-jidisye-an-florid\/ki-kalite-kesyon-jij-la-ap-poze-mwen\/","og_locale":"ar_AR","og_type":"article","og_title":"Ki kalite kesyon jij la ap poze mwen? - Floridians For Reproductive Freedom","og_description":"An jeneral, jij la ap vle konnen ke ou konprann opsyon ou yo e ke ou te ak anpil atansyon konsidere desizyon ou.","og_url":"https:\/\/floridareprofreedom.org\/ar\/\u062a\u062c\u0627\u0648\u0632-\u0642\u0636\u0627\u0626\u064a\/egzansyon-jidisye-an-florid\/ki-kalite-kesyon-jij-la-ap-poze-mwen\/","og_site_name":"Floridians For Reproductive Freedom","article_publisher":"https:\/\/www.facebook.com\/FloridaReproFreedom\/","twitter_card":"summary_large_image","twitter_site":"@FLReproFreedom","twitter_misc":{"\u0648\u0642\u062a \u0627\u0644\u0642\u0631\u0627\u0621\u0629 \u0627\u0644\u0645\u064f\u0642\u062f\u0651\u0631":"\u062f\u0642\u064a\u0642\u0629 \u0648\u0627\u062d\u062f\u0629"},"schema":{"@context":"https:\/\/schema.org","@graph":[{"@type":"WebPage","@id":"https:\/\/floridareprofreedom.org\/judicialbypass\/egzansyon-jidisye-an-florid\/ki-kalite-kesyon-jij-la-ap-poze-mwen\/","url":"https:\/\/floridareprofreedom.org\/judicialbypass\/egzansyon-jidisye-an-florid\/ki-kalite-kesyon-jij-la-ap-poze-mwen\/","name":"Ki kalite kesyon jij la ap poze mwen? - \u0633\u0643\u0627\u0646 \u0641\u0644\u0648\u0631\u064a\u062f\u0627 \u0645\u0646 \u0623\u062c\u0644 \u0627\u0644\u062d\u0631\u064a\u0629 \u0627\u0644\u0625\u0646\u062c\u0627\u0628\u064a\u0629","isPartOf":{"@id":"https:\/\/floridareprofreedom.org\/#website"},"datePublished":"2024-01-02T22:56:55+00:00","description":"\u0628\u0634\u0643\u0644 \u0639\u0627\u0645\u060c jij la ap vle konnen ke ou konprann opsyon ou yo e ke ou te ak anpil atansyon \u062a\u0641\u0643\u0631 \u0641\u064a \u0631\u063a\u0628\u062a\u0643 ou.","breadcrumb":{"@id":"https:\/\/floridareprofreedom.org\/judicialbypass\/egzansyon-jidisye-an-florid\/ki-kalite-kesyon-jij-la-ap-poze-mwen\/#breadcrumb"},"inLanguage":"ar","potentialAction":[{"@type":"ReadAction","target":["https:\/\/floridareprofreedom.org\/judicialbypass\/egzansyon-jidisye-an-florid\/ki-kalite-kesyon-jij-la-ap-poze-mwen\/"]}]},{"@type":"BreadcrumbList","@id":"https:\/\/floridareprofreedom.org\/judicialbypass\/egzansyon-jidisye-an-florid\/ki-kalite-kesyon-jij-la-ap-poze-mwen\/#breadcrumb","itemListElement":[{"@type":"ListItem","position":1,"name":"Home","item":"https:\/\/floridareprofreedom.org\/"},{"@type":"ListItem","position":2,"name":"Judicial Bypass in Florida","item":"https:\/\/floridareprofreedom.org\/judicialbypass\/"},{"@type":"ListItem","position":3,"name":"Egzansyon Jidisy\u00e8 an Florid","item":"https:\/\/floridareprofreedom.org\/judicialbypass\/egzansyon-jidisye-an-florid\/"},{"@type":"ListItem","position":4,"name":"Ki kalite kesyon jij la ap poze mwen?"}]},{"@type":"WebSite","@id":"https:\/\/floridareprofreedom.org\/#website","url":"https:\/\/floridareprofreedom.org\/","name":"\u0641\u0644\u0648\u0631\u064a\u062f\u0627 \u0645\u0646 \u0623\u062c\u0644 \u0627\u0644\u062d\u0631\u064a\u0629 \u0627\u0644\u0625\u0646\u062c\u0627\u0628\u064a\u0629","description":"\u0627\u0644\u062f\u0639\u0648\u0629 \u0625\u0644\u0649 \u062a\u0648\u0641\u064a\u0631 \u0625\u0645\u0643\u0627\u0646\u064a\u0629 \u0627\u0644\u0648\u0635\u0648\u0644 \u0627\u0644\u0645\u0631\u064a\u062d \u0648\u0627\u0644\u0645\u064a\u0633\u0648\u0631 \u0648\u0627\u0644\u0622\u0645\u0646 \u0625\u0644\u0649 \u0627\u0644\u0631\u0639\u0627\u064a\u0629 \u0627\u0644\u0635\u062d\u064a\u0629 \u0627\u0644\u0625\u0646\u062c\u0627\u0628\u064a\u0629\u060c \u0628\u0645\u0627 \u0641\u064a \u0630\u0644\u0643 \u0627\u0644\u0625\u062c\u0647\u0627\u0636.","publisher":{"@id":"https:\/\/floridareprofreedom.org\/#organization"},"potentialAction":[{"@type":"SearchAction","target":{"@type":"EntryPoint","urlTemplate":"https:\/\/floridareprofreedom.org\/?s={search_term_string}"},"query-input":{"@type":"PropertyValueSpecification","valueRequired":true,"valueName":"search_term_string"}}],"inLanguage":"ar"},{"@type":"Organization","@id":"https:\/\/floridareprofreedom.org\/#organization","name":"\u0641\u0644\u0648\u0631\u064a\u062f\u0627 \u0645\u0646 \u0623\u062c\u0644 \u0627\u0644\u062d\u0631\u064a\u0629 \u0627\u0644\u0625\u0646\u062c\u0627\u0628\u064a\u0629","url":"https:\/\/floridareprofreedom.org\/","logo":{"@type":"ImageObject","inLanguage":"ar","@id":"https:\/\/floridareprofreedom.org\/#\/schema\/logo\/image\/","url":"https:\/\/floridareprofreedom.org\/wp-content\/uploads\/2019\/05\/Untitled.jpg","contentUrl":"https:\/\/floridareprofreedom.org\/wp-content\/uploads\/2019\/05\/Untitled.jpg","width":174,"height":180,"caption":"Floridians for Reproductive Freedom"},"image":{"@id":"https:\/\/floridareprofreedom.org\/#\/schema\/logo\/image\/"},"sameAs":["https:\/\/www.facebook.com\/FloridaReproFreedom\/","https:\/\/x.com\/FLReproFreedom","https:\/\/www.instagram.com\/floridareprofreedom\/"]}]}},"_links":{"self":[{"href":"https:\/\/floridareprofreedom.org\/ar\/wp-json\/wp\/v2\/pages\/3185","targetHints":{"allow":["GET"]}}],"collection":[{"href":"https:\/\/floridareprofreedom.org\/ar\/wp-json\/wp\/v2\/pages"}],"about":[{"href":"https:\/\/floridareprofreedom.org\/ar\/wp-json\/wp\/v2\/types\/page"}],"author":[{"embeddable":true,"href":"https:\/\/floridareprofreedom.org\/ar\/wp-json\/wp\/v2\/users\/7"}],"replies":[{"embeddable":true,"href":"https:\/\/floridareprofreedom.org\/ar\/wp-json\/wp\/v2\/comments?post=3185"}],"version-history":[{"count":1,"href":"https:\/\/floridareprofreedom.org\/ar\/wp-json\/wp\/v2\/pages\/3185\/revisions"}],"predecessor-version":[{"id":3186,"href":"https:\/\/floridareprofreedom.org\/ar\/wp-json\/wp\/v2\/pages\/3185\/revisions\/3186"}],"up":[{"embeddable":true,"href":"https:\/\/floridareprofreedom.org\/ar\/wp-json\/wp\/v2\/pages\/3142"}],"wp:attachment":[{"href":"https:\/\/floridareprofreedom.org\/ar\/wp-json\/wp\/v2\/media?parent=3185"}],"wp:term":[{"taxonomy":"folder","embeddable":true,"href":"https:\/\/floridareprofreedom.org\/ar\/wp-json\/wp\/v2\/folder?post=3185"}],"curies":[{"name":"\u0648\u0648\u0631\u062f\u0628\u0631\u064a\u0633","href":"https:\/\/api.w.org\/{rel}","templated":true}]}}