{"id":3194,"date":"2024-01-02T23:09:09","date_gmt":"2024-01-02T23:09:09","guid":{"rendered":"https:\/\/floridareprofreedom.org\/?page_id=3194"},"modified":"2024-01-02T23:09:09","modified_gmt":"2024-01-02T23:09:09","slug":"%d8%b3%d9%8a%d8%aa%d9%88%d8%a7%d9%8a%d9%86-%d8%a3%d9%85%d8%b1%d9%8a%d9%83%d8%a7%d9%86","status":"publish","type":"page","link":"https:\/\/floridareprofreedom.org\/ar\/judicialbypass\/egzansyon-jidisye-an-florid\/sitwayen-ameriken\/","title":{"rendered":"\u0647\u0644 \u062a\u0631\u063a\u0628 \u0641\u064a \u0627\u0644\u062c\u0644\u0648\u0633 \u0639\u0644\u0649 \u0645\u0642\u0639\u062f \u0623\u0645\u0631\u064a\u0643\u064a \u064a\u0645\u0643\u0646\u0643 \u0645\u0646 \u062e\u0644\u0627\u0644\u0647 \u0627\u0644\u0627\u0633\u062a\u0645\u062a\u0627\u0639 \u0628\u0645\u0646\u0632\u0644\u0643\u061f \u0647\u0644 \u0644\u062f\u064a\u0643 \u0632\u0627\u0648\u064a\u0629 \u0634\u0627\u062d\u0628\u0629\u061f"},"content":{"rendered":"<p><span style=\"font-weight: 400;\">\u064a\u062c\u0628 \u0639\u0644\u064a\u0643 \u0623\u0646 \u062a\u062c\u0644\u0633 \u0641\u064a \u0623\u0645\u0631\u064a\u0643\u0627 \u0644\u062a\u062a\u0645\u0643\u0646 \u0645\u0646 \u0627\u0644\u0627\u062a\u0635\u0627\u0644 \u0628\u0627\u0644\u0647\u062c\u0631\u0629 \u0627\u0644\u0623\u0645\u0631\u064a\u0643\u064a\u0629. \u0647\u0646\u0627\u0643 \u0623\u0634\u062e\u0627\u0635 \u0642\u0628\u0644\u064a\u0648\u0646 \u0644\u062f\u064a\u0647\u0645 \u0627\u0644\u0642\u062f\u0631\u0629 \u0639\u0644\u0649 \u0627\u0644\u062d\u0635\u0648\u0644 \u0639\u0644\u0649 \u0647\u0648\u064a\u0629 \u062e\u0627\u0635\u0629 \u0628\u0647\u0645\u060c \u0643\u0645\u0627 \u0623\u0646\u0647\u0645 \u064a\u0643\u0633\u0628\u0648\u0646 \u0631\u0632\u0642\u0647\u0645. Si ou pa gen papye epi ou pa gen yon kat idantite gouv\u00e8nman, asire w ke ou gen yon Bagay ki ka pwove idantite w.<\/span><\/p>\n<p><span style=\"font-weight: 400;\">\u0623\u0648 ka jwenn yon jidisy\u00e8 egzansyon k\u00e8lkeswa si ou papal angle oswa ou pa pale angle a byen. \u0627\u0644\u062a\u0642\u0627\u0644\u064a\u062f \u0627\u0644\u0639\u0627\u0645\u0629 \u0645\u062a\u0627\u062d\u0629.<\/span><\/p>","protected":false},"excerpt":{"rendered":"<p>Ou pa oblije yon sitwayen Ameriken pou jwenn yon av\u00f2tman et yo pap kontakte imigrasyon Ameriken an. Gen k\u00e8k tribinal ki mande w pou yon kat idantite e nan menm fason an genyen ki pa mande. Si ou pa gen papye epi ou pa gen yon kat idantite gouv\u00e8nman, asire w ke ou gen yon [&hellip;]<\/p>\n","protected":false},"author":7,"featured_media":0,"parent":3142,"menu_order":0,"comment_status":"closed","ping_status":"closed","template":"","meta":{"footnotes":""},"folder":[35,8],"class_list":["post-3194","page","type-page","status-publish","hentry"],"yoast_head":"<!-- This site is optimized with the Yoast SEO plugin v27.3 - https:\/\/yoast.com\/product\/yoast-seo-wordpress\/ -->\n<title>\u00c8ske mwen dwe yon sitwayen Ameriken pou mwen fe yon av\u00f2tman? E si mwen pa pale angl\u00e8 byen? - Floridians For Reproductive Freedom<\/title>\n<meta name=\"description\" content=\"Ou pa oblije yon sitwayen Ameriken pou jwenn yon av\u00f2tman et yo pap kontakte imigrasyon Ameriken an.\" \/>\n<meta name=\"robots\" content=\"index, follow, max-snippet:-1, max-image-preview:large, max-video-preview:-1\" \/>\n<link rel=\"canonical\" href=\"https:\/\/floridareprofreedom.org\/ar\/\u062a\u062c\u0627\u0648\u0632-\u0642\u0636\u0627\u0626\u064a\/egzansyon-jidisye-an-florid\/\u0633\u064a\u062a\u0648\u0627\u064a\u0646-\u0623\u0645\u0631\u064a\u0643\u0627\u0646\/\" \/>\n<meta property=\"og:locale\" content=\"ar_AR\" \/>\n<meta property=\"og:type\" content=\"article\" \/>\n<meta property=\"og:title\" content=\"\u00c8ske mwen dwe yon sitwayen Ameriken pou mwen fe yon av\u00f2tman? E si mwen pa pale angl\u00e8 byen? - Floridians For Reproductive Freedom\" \/>\n<meta property=\"og:description\" content=\"Ou pa oblije yon sitwayen Ameriken pou jwenn yon av\u00f2tman et yo pap kontakte imigrasyon Ameriken an.\" \/>\n<meta property=\"og:url\" content=\"https:\/\/floridareprofreedom.org\/ar\/\u062a\u062c\u0627\u0648\u0632-\u0642\u0636\u0627\u0626\u064a\/egzansyon-jidisye-an-florid\/\u0633\u064a\u062a\u0648\u0627\u064a\u0646-\u0623\u0645\u0631\u064a\u0643\u0627\u0646\/\" \/>\n<meta property=\"og:site_name\" content=\"Floridians For Reproductive Freedom\" \/>\n<meta property=\"article:publisher\" content=\"https:\/\/www.facebook.com\/FloridaReproFreedom\/\" \/>\n<meta name=\"twitter:card\" content=\"summary_large_image\" \/>\n<meta name=\"twitter:site\" content=\"@FLReproFreedom\" \/>\n<meta name=\"twitter:label1\" content=\"\u0648\u0642\u062a \u0627\u0644\u0642\u0631\u0627\u0621\u0629 \u0627\u0644\u0645\u064f\u0642\u062f\u0651\u0631\" \/>\n\t<meta name=\"twitter:data1\" content=\"\u062f\u0642\u064a\u0642\u0629 \u0648\u0627\u062d\u062f\u0629\" \/>\n<script type=\"application\/ld+json\" class=\"yoast-schema-graph\">{\"@context\":\"https:\\\/\\\/schema.org\",\"@graph\":[{\"@type\":\"WebPage\",\"@id\":\"https:\\\/\\\/floridareprofreedom.org\\\/judicialbypass\\\/egzansyon-jidisye-an-florid\\\/sitwayen-ameriken\\\/\",\"url\":\"https:\\\/\\\/floridareprofreedom.org\\\/judicialbypass\\\/egzansyon-jidisye-an-florid\\\/sitwayen-ameriken\\\/\",\"name\":\"\u00c8ske mwen dwe yon sitwayen Ameriken pou mwen fe yon av\u00f2tman? E si mwen pa pale angl\u00e8 byen? - Floridians For Reproductive Freedom\",\"isPartOf\":{\"@id\":\"https:\\\/\\\/floridareprofreedom.org\\\/#website\"},\"datePublished\":\"2024-01-02T23:09:09+00:00\",\"description\":\"Ou pa oblije yon sitwayen Ameriken pou jwenn yon av\u00f2tman et yo pap kontakte imigrasyon Ameriken an.\",\"breadcrumb\":{\"@id\":\"https:\\\/\\\/floridareprofreedom.org\\\/judicialbypass\\\/egzansyon-jidisye-an-florid\\\/sitwayen-ameriken\\\/#breadcrumb\"},\"inLanguage\":\"ar\",\"potentialAction\":[{\"@type\":\"ReadAction\",\"target\":[\"https:\\\/\\\/floridareprofreedom.org\\\/judicialbypass\\\/egzansyon-jidisye-an-florid\\\/sitwayen-ameriken\\\/\"]}]},{\"@type\":\"BreadcrumbList\",\"@id\":\"https:\\\/\\\/floridareprofreedom.org\\\/judicialbypass\\\/egzansyon-jidisye-an-florid\\\/sitwayen-ameriken\\\/#breadcrumb\",\"itemListElement\":[{\"@type\":\"ListItem\",\"position\":1,\"name\":\"Home\",\"item\":\"https:\\\/\\\/floridareprofreedom.org\\\/\"},{\"@type\":\"ListItem\",\"position\":2,\"name\":\"Judicial Bypass in Florida\",\"item\":\"https:\\\/\\\/floridareprofreedom.org\\\/judicialbypass\\\/\"},{\"@type\":\"ListItem\",\"position\":3,\"name\":\"Egzansyon Jidisy\u00e8 an Florid\",\"item\":\"https:\\\/\\\/floridareprofreedom.org\\\/judicialbypass\\\/egzansyon-jidisye-an-florid\\\/\"},{\"@type\":\"ListItem\",\"position\":4,\"name\":\"\u00c8ske mwen dwe yon sitwayen Ameriken pou mwen fe yon av\u00f2tman? E si mwen pa pale angl\u00e8 byen?\"}]},{\"@type\":\"WebSite\",\"@id\":\"https:\\\/\\\/floridareprofreedom.org\\\/#website\",\"url\":\"https:\\\/\\\/floridareprofreedom.org\\\/\",\"name\":\"Floridians For Reproductive Freedom\",\"description\":\"Advocating for convenient, affordable, and safe access to reproductive health care, including abortion.\",\"publisher\":{\"@id\":\"https:\\\/\\\/floridareprofreedom.org\\\/#organization\"},\"potentialAction\":[{\"@type\":\"SearchAction\",\"target\":{\"@type\":\"EntryPoint\",\"urlTemplate\":\"https:\\\/\\\/floridareprofreedom.org\\\/?s={search_term_string}\"},\"query-input\":{\"@type\":\"PropertyValueSpecification\",\"valueRequired\":true,\"valueName\":\"search_term_string\"}}],\"inLanguage\":\"ar\"},{\"@type\":\"Organization\",\"@id\":\"https:\\\/\\\/floridareprofreedom.org\\\/#organization\",\"name\":\"Floridians for Reproductive Freedom\",\"url\":\"https:\\\/\\\/floridareprofreedom.org\\\/\",\"logo\":{\"@type\":\"ImageObject\",\"inLanguage\":\"ar\",\"@id\":\"https:\\\/\\\/floridareprofreedom.org\\\/#\\\/schema\\\/logo\\\/image\\\/\",\"url\":\"https:\\\/\\\/floridareprofreedom.org\\\/wp-content\\\/uploads\\\/2019\\\/05\\\/Untitled.jpg\",\"contentUrl\":\"https:\\\/\\\/floridareprofreedom.org\\\/wp-content\\\/uploads\\\/2019\\\/05\\\/Untitled.jpg\",\"width\":174,\"height\":180,\"caption\":\"Floridians for Reproductive Freedom\"},\"image\":{\"@id\":\"https:\\\/\\\/floridareprofreedom.org\\\/#\\\/schema\\\/logo\\\/image\\\/\"},\"sameAs\":[\"https:\\\/\\\/www.facebook.com\\\/FloridaReproFreedom\\\/\",\"https:\\\/\\\/x.com\\\/FLReproFreedom\",\"https:\\\/\\\/www.instagram.com\\\/floridareprofreedom\\\/\"]}]}<\/script>\n<!-- \/ Yoast SEO plugin. -->","yoast_head_json":{"title":"\u0647\u0644 \u062a\u0631\u063a\u0628 \u0641\u064a \u0627\u0644\u062c\u0644\u0648\u0633 \u0639\u0644\u0649 \u0645\u0642\u0639\u062f \u0623\u0645\u0631\u064a\u0643\u064a \u064a\u0645\u0643\u0646\u0643 \u0645\u0646 \u062e\u0644\u0627\u0644\u0647 \u0627\u0644\u0627\u0633\u062a\u0645\u062a\u0627\u0639 \u0628\u0645\u0646\u0632\u0644\u0643\u061f \u0647\u0644 \u0644\u062f\u064a\u0643 \u0632\u0627\u0648\u064a\u0629 \u0634\u0627\u062d\u0628\u0629\u061f - \u0633\u0643\u0627\u0646 \u0641\u0644\u0648\u0631\u064a\u062f\u0627 \u0645\u0646 \u0623\u062c\u0644 \u0627\u0644\u062d\u0631\u064a\u0629 \u0627\u0644\u0625\u0646\u062c\u0627\u0628\u064a\u0629","description":"\u064a\u062c\u0628 \u0639\u0644\u064a\u0643 \u0623\u0646 \u062a\u062c\u0644\u0633 \u0641\u064a \u0623\u0645\u0631\u064a\u0643\u0627 \u0644\u062a\u062a\u0645\u0643\u0646 \u0645\u0646 \u0627\u0644\u0627\u062a\u0635\u0627\u0644 \u0628\u0627\u0644\u0647\u062c\u0631\u0629 \u0627\u0644\u0623\u0645\u0631\u064a\u0643\u064a\u0629.","robots":{"index":"index","follow":"follow","max-snippet":"max-snippet:-1","max-image-preview":"max-image-preview:large","max-video-preview":"max-video-preview:-1"},"canonical":"https:\/\/floridareprofreedom.org\/ar\/\u062a\u062c\u0627\u0648\u0632-\u0642\u0636\u0627\u0626\u064a\/egzansyon-jidisye-an-florid\/\u0633\u064a\u062a\u0648\u0627\u064a\u0646-\u0623\u0645\u0631\u064a\u0643\u0627\u0646\/","og_locale":"ar_AR","og_type":"article","og_title":"\u00c8ske mwen dwe yon sitwayen Ameriken pou mwen fe yon av\u00f2tman? E si mwen pa pale angl\u00e8 byen? - Floridians For Reproductive Freedom","og_description":"Ou pa oblije yon sitwayen Ameriken pou jwenn yon av\u00f2tman et yo pap kontakte imigrasyon Ameriken an.","og_url":"https:\/\/floridareprofreedom.org\/ar\/\u062a\u062c\u0627\u0648\u0632-\u0642\u0636\u0627\u0626\u064a\/egzansyon-jidisye-an-florid\/\u0633\u064a\u062a\u0648\u0627\u064a\u0646-\u0623\u0645\u0631\u064a\u0643\u0627\u0646\/","og_site_name":"Floridians For Reproductive Freedom","article_publisher":"https:\/\/www.facebook.com\/FloridaReproFreedom\/","twitter_card":"summary_large_image","twitter_site":"@FLReproFreedom","twitter_misc":{"\u0648\u0642\u062a \u0627\u0644\u0642\u0631\u0627\u0621\u0629 \u0627\u0644\u0645\u064f\u0642\u062f\u0651\u0631":"\u062f\u0642\u064a\u0642\u0629 \u0648\u0627\u062d\u062f\u0629"},"schema":{"@context":"https:\/\/schema.org","@graph":[{"@type":"WebPage","@id":"https:\/\/floridareprofreedom.org\/judicialbypass\/egzansyon-jidisye-an-florid\/sitwayen-ameriken\/","url":"https:\/\/floridareprofreedom.org\/judicialbypass\/egzansyon-jidisye-an-florid\/sitwayen-ameriken\/","name":"\u0647\u0644 \u062a\u0631\u063a\u0628 \u0641\u064a \u0627\u0644\u062c\u0644\u0648\u0633 \u0639\u0644\u0649 \u0645\u0642\u0639\u062f \u0623\u0645\u0631\u064a\u0643\u064a \u064a\u0645\u0643\u0646\u0643 \u0645\u0646 \u062e\u0644\u0627\u0644\u0647 \u0627\u0644\u0627\u0633\u062a\u0645\u062a\u0627\u0639 \u0628\u0645\u0646\u0632\u0644\u0643\u061f \u0647\u0644 \u0644\u062f\u064a\u0643 \u0632\u0627\u0648\u064a\u0629 \u0634\u0627\u062d\u0628\u0629\u061f - \u0633\u0643\u0627\u0646 \u0641\u0644\u0648\u0631\u064a\u062f\u0627 \u0645\u0646 \u0623\u062c\u0644 \u0627\u0644\u062d\u0631\u064a\u0629 \u0627\u0644\u0625\u0646\u062c\u0627\u0628\u064a\u0629","isPartOf":{"@id":"https:\/\/floridareprofreedom.org\/#website"},"datePublished":"2024-01-02T23:09:09+00:00","description":"\u064a\u062c\u0628 \u0639\u0644\u064a\u0643 \u0623\u0646 \u062a\u062c\u0644\u0633 \u0641\u064a \u0623\u0645\u0631\u064a\u0643\u0627 \u0644\u062a\u062a\u0645\u0643\u0646 \u0645\u0646 \u0627\u0644\u0627\u062a\u0635\u0627\u0644 \u0628\u0627\u0644\u0647\u062c\u0631\u0629 \u0627\u0644\u0623\u0645\u0631\u064a\u0643\u064a\u0629.","breadcrumb":{"@id":"https:\/\/floridareprofreedom.org\/judicialbypass\/egzansyon-jidisye-an-florid\/sitwayen-ameriken\/#breadcrumb"},"inLanguage":"ar","potentialAction":[{"@type":"ReadAction","target":["https:\/\/floridareprofreedom.org\/judicialbypass\/egzansyon-jidisye-an-florid\/sitwayen-ameriken\/"]}]},{"@type":"BreadcrumbList","@id":"https:\/\/floridareprofreedom.org\/judicialbypass\/egzansyon-jidisye-an-florid\/sitwayen-ameriken\/#breadcrumb","itemListElement":[{"@type":"ListItem","position":1,"name":"Home","item":"https:\/\/floridareprofreedom.org\/"},{"@type":"ListItem","position":2,"name":"Judicial Bypass in Florida","item":"https:\/\/floridareprofreedom.org\/judicialbypass\/"},{"@type":"ListItem","position":3,"name":"Egzansyon Jidisy\u00e8 an Florid","item":"https:\/\/floridareprofreedom.org\/judicialbypass\/egzansyon-jidisye-an-florid\/"},{"@type":"ListItem","position":4,"name":"\u00c8ske mwen dwe yon sitwayen Ameriken pou mwen fe yon av\u00f2tman? E si mwen pa pale angl\u00e8 byen?"}]},{"@type":"WebSite","@id":"https:\/\/floridareprofreedom.org\/#website","url":"https:\/\/floridareprofreedom.org\/","name":"\u0641\u0644\u0648\u0631\u064a\u062f\u0627 \u0645\u0646 \u0623\u062c\u0644 \u0627\u0644\u062d\u0631\u064a\u0629 \u0627\u0644\u0625\u0646\u062c\u0627\u0628\u064a\u0629","description":"\u0627\u0644\u062f\u0639\u0648\u0629 \u0625\u0644\u0649 \u062a\u0648\u0641\u064a\u0631 \u0625\u0645\u0643\u0627\u0646\u064a\u0629 \u0627\u0644\u0648\u0635\u0648\u0644 \u0627\u0644\u0645\u0631\u064a\u062d \u0648\u0627\u0644\u0645\u064a\u0633\u0648\u0631 \u0648\u0627\u0644\u0622\u0645\u0646 \u0625\u0644\u0649 \u0627\u0644\u0631\u0639\u0627\u064a\u0629 \u0627\u0644\u0635\u062d\u064a\u0629 \u0627\u0644\u0625\u0646\u062c\u0627\u0628\u064a\u0629\u060c \u0628\u0645\u0627 \u0641\u064a \u0630\u0644\u0643 \u0627\u0644\u0625\u062c\u0647\u0627\u0636.","publisher":{"@id":"https:\/\/floridareprofreedom.org\/#organization"},"potentialAction":[{"@type":"SearchAction","target":{"@type":"EntryPoint","urlTemplate":"https:\/\/floridareprofreedom.org\/?s={search_term_string}"},"query-input":{"@type":"PropertyValueSpecification","valueRequired":true,"valueName":"search_term_string"}}],"inLanguage":"ar"},{"@type":"Organization","@id":"https:\/\/floridareprofreedom.org\/#organization","name":"\u0641\u0644\u0648\u0631\u064a\u062f\u0627 \u0645\u0646 \u0623\u062c\u0644 \u0627\u0644\u062d\u0631\u064a\u0629 \u0627\u0644\u0625\u0646\u062c\u0627\u0628\u064a\u0629","url":"https:\/\/floridareprofreedom.org\/","logo":{"@type":"ImageObject","inLanguage":"ar","@id":"https:\/\/floridareprofreedom.org\/#\/schema\/logo\/image\/","url":"https:\/\/floridareprofreedom.org\/wp-content\/uploads\/2019\/05\/Untitled.jpg","contentUrl":"https:\/\/floridareprofreedom.org\/wp-content\/uploads\/2019\/05\/Untitled.jpg","width":174,"height":180,"caption":"Floridians for Reproductive Freedom"},"image":{"@id":"https:\/\/floridareprofreedom.org\/#\/schema\/logo\/image\/"},"sameAs":["https:\/\/www.facebook.com\/FloridaReproFreedom\/","https:\/\/x.com\/FLReproFreedom","https:\/\/www.instagram.com\/floridareprofreedom\/"]}]}},"_links":{"self":[{"href":"https:\/\/floridareprofreedom.org\/ar\/wp-json\/wp\/v2\/pages\/3194","targetHints":{"allow":["GET"]}}],"collection":[{"href":"https:\/\/floridareprofreedom.org\/ar\/wp-json\/wp\/v2\/pages"}],"about":[{"href":"https:\/\/floridareprofreedom.org\/ar\/wp-json\/wp\/v2\/types\/page"}],"author":[{"embeddable":true,"href":"https:\/\/floridareprofreedom.org\/ar\/wp-json\/wp\/v2\/users\/7"}],"replies":[{"embeddable":true,"href":"https:\/\/floridareprofreedom.org\/ar\/wp-json\/wp\/v2\/comments?post=3194"}],"version-history":[{"count":1,"href":"https:\/\/floridareprofreedom.org\/ar\/wp-json\/wp\/v2\/pages\/3194\/revisions"}],"predecessor-version":[{"id":3195,"href":"https:\/\/floridareprofreedom.org\/ar\/wp-json\/wp\/v2\/pages\/3194\/revisions\/3195"}],"up":[{"embeddable":true,"href":"https:\/\/floridareprofreedom.org\/ar\/wp-json\/wp\/v2\/pages\/3142"}],"wp:attachment":[{"href":"https:\/\/floridareprofreedom.org\/ar\/wp-json\/wp\/v2\/media?parent=3194"}],"wp:term":[{"taxonomy":"folder","embeddable":true,"href":"https:\/\/floridareprofreedom.org\/ar\/wp-json\/wp\/v2\/folder?post=3194"}],"curies":[{"name":"\u0648\u0648\u0631\u062f\u0628\u0631\u064a\u0633","href":"https:\/\/api.w.org\/{rel}","templated":true}]}}