{"id":104,"date":"2018-09-07T20:08:36","date_gmt":"2018-09-07T20:08:36","guid":{"rendered":"http:\/\/frf.rayseaman.com\/?page_id=104"},"modified":"2023-09-13T16:39:39","modified_gmt":"2023-09-13T16:39:39","slug":"compsexado","status":"publish","type":"page","link":"https:\/\/floridareprofreedom.org\/es\/compsexed\/","title":{"rendered":"Educaci\u00f3n sexual integral"},"content":{"rendered":"<figure id=\"attachment_105\" aria-describedby=\"caption-attachment-105\" style=\"width: 546px\" class=\"wp-caption alignright\"><img fetchpriority=\"high\" decoding=\"async\" class=\"size-full wp-image-105\" src=\"https:\/\/floridareprofreedom.org\/wp-content\/uploads\/2018\/09\/Sex-Ed-United-States.png\" alt=\"\" width=\"546\" height=\"570\" srcset=\"https:\/\/floridareprofreedom.org\/wp-content\/uploads\/2018\/09\/Sex-Ed-United-States.png 546w, https:\/\/floridareprofreedom.org\/wp-content\/uploads\/2018\/09\/Sex-Ed-United-States-287x300.png 287w\" sizes=\"(max-width: 546px) 100vw, 546px\" \/><figcaption id=\"caption-attachment-105\" class=\"wp-caption-text\">Florida no est\u00e1 sola. En muchos estados, los j\u00f3venes no tienen acceso a educaci\u00f3n sexual integral en las escuelas p\u00fablicas.<\/figcaption><\/figure>\n<p class=\"zfr3Q\">Proporcionar a los adolescentes y j\u00f3venes la informaci\u00f3n que necesitan para tomar decisiones responsables sobre su salud sexual es la soluci\u00f3n sensata para reducir los embarazos no deseados en adolescentes y las infecciones de transmisi\u00f3n sexual. Sin embargo, actualmente, la educaci\u00f3n sexual integral dista mucho de ser la norma en las escuelas p\u00fablicas de Florida, ya que el estado no la exige (v\u00e9ase <a href=\"http:\/\/www.leg.state.fl.us\/statutes\/index.cfm?App_mode=Display_Statute&amp;Search_String=&amp;URL=1000-1099\/1003\/Sections\/1003.46.html\">Estatuto de Florida de 2018, T\u00edtulo XLVIII, Cap\u00edtulo 1003.46<\/a>). Generalmente, en las aulas de Florida se utiliza exclusivamente material de abstinencia, con el enfoque principal en no tener relaciones sexuales fuera del matrimonio heterosexual y sin incluir material sobre anticonceptivos ni sexo seguro. En 2023, el gobernador Ron DeSantis firm\u00f3 un proyecto de ley que invalida la educaci\u00f3n sexual y exige que todo el contenido sea aprobado previamente por el Departamento de Educaci\u00f3n. La instrucci\u00f3n en el aula sobre identidad de g\u00e9nero y orientaci\u00f3n sexual est\u00e1 prohibida hasta el 12.\u00ba grado.<\/p>\n<p class=\"zfr3Q\">De acuerdo a <a href=\"http:\/\/www.advocatesforyouth.org\/\">Defensores de la juventud<\/a>Las encuestas de opini\u00f3n p\u00fablica muestran consistentemente que m\u00e1s del 80 % de los estadounidenses apoyan la ense\u00f1anza de educaci\u00f3n sexual integral en las escuelas secundarias, preparatorias y preparatorias. En una encuesta, el 85 % cre\u00eda que se deber\u00eda ense\u00f1ar a los adolescentes sobre m\u00e9todos anticonceptivos y la prevenci\u00f3n del embarazo; en otra, siete de cada diez se opusieron a la financiaci\u00f3n gubernamental de programas centrados exclusivamente en la abstinencia. El apoyo a la educaci\u00f3n sexual integral tambi\u00e9n trasciende las l\u00edneas partidistas. En una encuesta a 1000 personas que se identifican como republicanas e independientes, el 60 % de los republicanos y el 81 % de los independientes creen que las escuelas p\u00fablicas deber\u00edan impartir educaci\u00f3n sexual integral.<\/p>\n<p><b>Complicarse<\/b><\/p>\n<p>Muchos de los miembros de nuestra coalici\u00f3n son parte de la <strong>Alianza de J\u00f3venes Saludables de Florida<\/strong> \u2014 una iniciativa estatal emocionante y muy necesaria de profesionales de la salud y defensores comprometidos. La Alianza apoya una educaci\u00f3n en salud sexual inclusiva y m\u00e9dicamente precisa para los estudiantes de Florida.<strong>.<\/strong>\u00a0Conozca la Alianza <a href=\"https:\/\/drive.google.com\/file\/d\/1ecmj8xj9UEkTws-dn4lwoehO_HQdBTfX\/view?usp=sharing\"><strong>hoja informativa<\/strong> con puntos clave que respaldan que las escuelas de Florida ofrezcan educaci\u00f3n sobre salud sexual<\/a> y enviar organizador, <a href=\"mailto:ebarr@unf.edu\">Dra. Elissa Barr<\/a>, un correo electr\u00f3nico para agregarse a la lista de distribuci\u00f3n de correo electr\u00f3nico de Alliance y recibir informaci\u00f3n sobre reuniones y eventos.<\/p>\n<p><strong>Otra informaci\u00f3n y\u00a0<\/strong><b>recursos<\/b><\/p>\n<ul>\n<li><a href=\"https:\/\/drive.google.com\/file\/d\/1ecmj8xj9UEkTws-dn4lwoehO_HQdBTfX\/view?usp=sharing\">Resumen de 2 p\u00e1ginas sobre el apoyo a la educaci\u00f3n sobre salud sexual en toda Florida<\/a><\/li>\n<li id=\"h.p_h5euOFUwYGmW\" class=\"zfr3Q\"><a href=\"http:\/\/www.siecus.org\/_data\/global\/images\/FL%20Report%20-%20Sex%20Education%20in%20the%20Sunshine%20State.pdf\">Educaci\u00f3n sexual en Florida: c\u00f3mo los programas de abstinencia hasta el matrimonio mantienen a los j\u00f3venes en la oscuridad<\/a><\/li>\n<li id=\"h.p_CnSz78vXaTiT\" class=\"zfr3Q\"><a href=\"http:\/\/news.ufl.edu\/archive\/2007\/11\/sex-education-in-florida-schools-varies-widely-not-available-to-all-students.html\">La educaci\u00f3n sexual en las escuelas de Florida var\u00eda mucho y no est\u00e1 disponible para todos los estudiantes.<\/a><\/li>\n<li id=\"h.p_IiSIDC6jYgpD\" class=\"zfr3Q\"><a href=\"http:\/\/www.cltampa.com\/news-views\/article\/20762458\/abstaining-from-the-facts-floridas-lack-of-a-sex-ed-policy-may-be-screwing-its-students\">Abstenerse de los hechos: la falta de una pol\u00edtica de educaci\u00f3n sexual en Florida puede estar perjudicando a sus estudiantes.<\/a><\/li>\n<li id=\"h.p_AEschQ9_YKyR\" class=\"zfr3Q\"><a href=\"http:\/\/www.jahonline.org\/article\/S1054-139X(16)30004-0\/pdf\">El estado de la educaci\u00f3n sexual en Estados Unidos: Revista de salud adolescente<\/a><\/li>\n<li><a href=\"https:\/\/www.abcactionnews.com\/news\/region-pinellas\/parents-fuming-over-pinellas-co-sex-ed-program-in-schools\">\u00bfPato, pato, clamidia? Padres indignados por el programa de educaci\u00f3n sexual en las escuelas del condado de Pinellas.<\/a><\/li>\n<li><a href=\"https:\/\/www.pnj.com\/story\/news\/education\/2017\/09\/25\/santa-rosa-county-sex-education-abstinence-pregnancy-resource-center\/699473001\/\">Grupo de abstinencia dirigir\u00e1 la educaci\u00f3n sexual en las escuelas secundarias del condado de Santa Rosa<\/a><\/li>\n<\/ul>","protected":false},"excerpt":{"rendered":"<p>Providing teens and young people with the information they need to make responsible decisions about their sexual health is the common sense solution to reducing unintended teen pregnancy and sexually transmitted infections. Currently, however, comprehensive sex education is far from the norm in Florida public schools as the State does not require it (see 2018 [&hellip;]<\/p>\n","protected":false},"author":3,"featured_media":0,"parent":0,"menu_order":0,"comment_status":"closed","ping_status":"closed","template":"","meta":{"footnotes":""},"folder":[],"class_list":["post-104","page","type-page","status-publish","hentry"],"yoast_head":"<!-- This site is optimized with the Yoast SEO plugin v27.4 - https:\/\/yoast.com\/product\/yoast-seo-wordpress\/ -->\n<title>Comprehensive Sex Education - Floridians For Reproductive Freedom<\/title>\n<meta name=\"robots\" content=\"index, follow, max-snippet:-1, max-image-preview:large, max-video-preview:-1\" \/>\n<link rel=\"canonical\" href=\"https:\/\/floridareprofreedom.org\/es\/compsexado\/\" \/>\n<meta property=\"og:locale\" content=\"es_ES\" \/>\n<meta property=\"og:type\" content=\"article\" \/>\n<meta property=\"og:title\" content=\"Comprehensive Sex Education - Floridians For Reproductive Freedom\" \/>\n<meta property=\"og:description\" content=\"Providing teens and young people with the information they need to make responsible decisions about their sexual health is the common sense solution to reducing unintended teen pregnancy and sexually transmitted infections. Currently, however, comprehensive sex education is far from the norm in Florida public schools as the State does not require it (see 2018 [&hellip;]\" \/>\n<meta property=\"og:url\" content=\"https:\/\/floridareprofreedom.org\/es\/compsexado\/\" \/>\n<meta property=\"og:site_name\" content=\"Floridians For Reproductive Freedom\" \/>\n<meta property=\"article:publisher\" content=\"https:\/\/www.facebook.com\/FloridaReproFreedom\/\" \/>\n<meta property=\"article:modified_time\" content=\"2023-09-13T16:39:39+00:00\" \/>\n<meta property=\"og:image\" content=\"https:\/\/floridareprofreedom.org\/wp-content\/uploads\/2018\/09\/Sex-Ed-United-States.png\" \/>\n<meta name=\"twitter:card\" content=\"summary_large_image\" \/>\n<meta name=\"twitter:site\" content=\"@FLReproFreedom\" \/>\n<meta name=\"twitter:label1\" content=\"Est. reading time\" \/>\n\t<meta name=\"twitter:data1\" content=\"3 minutos\" \/>\n<script type=\"application\/ld+json\" class=\"yoast-schema-graph\">{\"@context\":\"https:\\\/\\\/schema.org\",\"@graph\":[{\"@type\":\"WebPage\",\"@id\":\"https:\\\/\\\/floridareprofreedom.org\\\/compsexed\\\/\",\"url\":\"https:\\\/\\\/floridareprofreedom.org\\\/compsexed\\\/\",\"name\":\"Comprehensive Sex Education - Floridians For Reproductive Freedom\",\"isPartOf\":{\"@id\":\"https:\\\/\\\/floridareprofreedom.org\\\/#website\"},\"primaryImageOfPage\":{\"@id\":\"https:\\\/\\\/floridareprofreedom.org\\\/compsexed\\\/#primaryimage\"},\"image\":{\"@id\":\"https:\\\/\\\/floridareprofreedom.org\\\/compsexed\\\/#primaryimage\"},\"thumbnailUrl\":\"https:\\\/\\\/floridareprofreedom.org\\\/wp-content\\\/uploads\\\/2018\\\/09\\\/Sex-Ed-United-States.png\",\"datePublished\":\"2018-09-07T20:08:36+00:00\",\"dateModified\":\"2023-09-13T16:39:39+00:00\",\"breadcrumb\":{\"@id\":\"https:\\\/\\\/floridareprofreedom.org\\\/compsexed\\\/#breadcrumb\"},\"inLanguage\":\"es\",\"potentialAction\":[{\"@type\":\"ReadAction\",\"target\":[\"https:\\\/\\\/floridareprofreedom.org\\\/compsexed\\\/\"]}]},{\"@type\":\"ImageObject\",\"inLanguage\":\"es\",\"@id\":\"https:\\\/\\\/floridareprofreedom.org\\\/compsexed\\\/#primaryimage\",\"url\":\"https:\\\/\\\/floridareprofreedom.org\\\/wp-content\\\/uploads\\\/2018\\\/09\\\/Sex-Ed-United-States.png\",\"contentUrl\":\"https:\\\/\\\/floridareprofreedom.org\\\/wp-content\\\/uploads\\\/2018\\\/09\\\/Sex-Ed-United-States.png\"},{\"@type\":\"BreadcrumbList\",\"@id\":\"https:\\\/\\\/floridareprofreedom.org\\\/compsexed\\\/#breadcrumb\",\"itemListElement\":[{\"@type\":\"ListItem\",\"position\":1,\"name\":\"Home\",\"item\":\"https:\\\/\\\/floridareprofreedom.org\\\/\"},{\"@type\":\"ListItem\",\"position\":2,\"name\":\"Comprehensive Sex Education\"}]},{\"@type\":\"WebSite\",\"@id\":\"https:\\\/\\\/floridareprofreedom.org\\\/#website\",\"url\":\"https:\\\/\\\/floridareprofreedom.org\\\/\",\"name\":\"Floridians For Reproductive Freedom\",\"description\":\"Advocating for convenient, affordable, and safe access to reproductive health care, including abortion.\",\"publisher\":{\"@id\":\"https:\\\/\\\/floridareprofreedom.org\\\/#organization\"},\"potentialAction\":[{\"@type\":\"SearchAction\",\"target\":{\"@type\":\"EntryPoint\",\"urlTemplate\":\"https:\\\/\\\/floridareprofreedom.org\\\/?s={search_term_string}\"},\"query-input\":{\"@type\":\"PropertyValueSpecification\",\"valueRequired\":true,\"valueName\":\"search_term_string\"}}],\"inLanguage\":\"es\"},{\"@type\":\"Organization\",\"@id\":\"https:\\\/\\\/floridareprofreedom.org\\\/#organization\",\"name\":\"Floridians for Reproductive Freedom\",\"url\":\"https:\\\/\\\/floridareprofreedom.org\\\/\",\"logo\":{\"@type\":\"ImageObject\",\"inLanguage\":\"es\",\"@id\":\"https:\\\/\\\/floridareprofreedom.org\\\/#\\\/schema\\\/logo\\\/image\\\/\",\"url\":\"https:\\\/\\\/floridareprofreedom.org\\\/wp-content\\\/uploads\\\/2019\\\/05\\\/Untitled.jpg\",\"contentUrl\":\"https:\\\/\\\/floridareprofreedom.org\\\/wp-content\\\/uploads\\\/2019\\\/05\\\/Untitled.jpg\",\"width\":174,\"height\":180,\"caption\":\"Floridians for Reproductive Freedom\"},\"image\":{\"@id\":\"https:\\\/\\\/floridareprofreedom.org\\\/#\\\/schema\\\/logo\\\/image\\\/\"},\"sameAs\":[\"https:\\\/\\\/www.facebook.com\\\/FloridaReproFreedom\\\/\",\"https:\\\/\\\/x.com\\\/FLReproFreedom\",\"https:\\\/\\\/www.instagram.com\\\/floridareprofreedom\\\/\"]}]}<\/script>\n<!-- \/ Yoast SEO plugin. -->","yoast_head_json":{"title":"Educaci\u00f3n sexual integral - Floridanos por la libertad reproductiva","robots":{"index":"index","follow":"follow","max-snippet":"max-snippet:-1","max-image-preview":"max-image-preview:large","max-video-preview":"max-video-preview:-1"},"canonical":"https:\/\/floridareprofreedom.org\/es\/compsexado\/","og_locale":"es_ES","og_type":"article","og_title":"Comprehensive Sex Education - Floridians For Reproductive Freedom","og_description":"Providing teens and young people with the information they need to make responsible decisions about their sexual health is the common sense solution to reducing unintended teen pregnancy and sexually transmitted infections. Currently, however, comprehensive sex education is far from the norm in Florida public schools as the State does not require it (see 2018 [&hellip;]","og_url":"https:\/\/floridareprofreedom.org\/es\/compsexado\/","og_site_name":"Floridians For Reproductive Freedom","article_publisher":"https:\/\/www.facebook.com\/FloridaReproFreedom\/","article_modified_time":"2023-09-13T16:39:39+00:00","og_image":[{"url":"https:\/\/floridareprofreedom.org\/wp-content\/uploads\/2018\/09\/Sex-Ed-United-States.png","type":"","width":"","height":""}],"twitter_card":"summary_large_image","twitter_site":"@FLReproFreedom","twitter_misc":{"Est. reading time":"3 minutos"},"schema":{"@context":"https:\/\/schema.org","@graph":[{"@type":"WebPage","@id":"https:\/\/floridareprofreedom.org\/compsexed\/","url":"https:\/\/floridareprofreedom.org\/compsexed\/","name":"Educaci\u00f3n sexual integral - Floridanos por la libertad reproductiva","isPartOf":{"@id":"https:\/\/floridareprofreedom.org\/#website"},"primaryImageOfPage":{"@id":"https:\/\/floridareprofreedom.org\/compsexed\/#primaryimage"},"image":{"@id":"https:\/\/floridareprofreedom.org\/compsexed\/#primaryimage"},"thumbnailUrl":"https:\/\/floridareprofreedom.org\/wp-content\/uploads\/2018\/09\/Sex-Ed-United-States.png","datePublished":"2018-09-07T20:08:36+00:00","dateModified":"2023-09-13T16:39:39+00:00","breadcrumb":{"@id":"https:\/\/floridareprofreedom.org\/compsexed\/#breadcrumb"},"inLanguage":"es","potentialAction":[{"@type":"ReadAction","target":["https:\/\/floridareprofreedom.org\/compsexed\/"]}]},{"@type":"ImageObject","inLanguage":"es","@id":"https:\/\/floridareprofreedom.org\/compsexed\/#primaryimage","url":"https:\/\/floridareprofreedom.org\/wp-content\/uploads\/2018\/09\/Sex-Ed-United-States.png","contentUrl":"https:\/\/floridareprofreedom.org\/wp-content\/uploads\/2018\/09\/Sex-Ed-United-States.png"},{"@type":"BreadcrumbList","@id":"https:\/\/floridareprofreedom.org\/compsexed\/#breadcrumb","itemListElement":[{"@type":"ListItem","position":1,"name":"Home","item":"https:\/\/floridareprofreedom.org\/"},{"@type":"ListItem","position":2,"name":"Comprehensive Sex Education"}]},{"@type":"WebSite","@id":"https:\/\/floridareprofreedom.org\/#website","url":"https:\/\/floridareprofreedom.org\/","name":"Floridanos por la Libertad Reproductiva","description":"Abogando por un acceso conveniente, asequible y seguro a la atenci\u00f3n de la salud reproductiva, incluido el aborto.","publisher":{"@id":"https:\/\/floridareprofreedom.org\/#organization"},"potentialAction":[{"@type":"SearchAction","target":{"@type":"EntryPoint","urlTemplate":"https:\/\/floridareprofreedom.org\/?s={search_term_string}"},"query-input":{"@type":"PropertyValueSpecification","valueRequired":true,"valueName":"search_term_string"}}],"inLanguage":"es"},{"@type":"Organization","@id":"https:\/\/floridareprofreedom.org\/#organization","name":"Floridanos por la Libertad Reproductiva","url":"https:\/\/floridareprofreedom.org\/","logo":{"@type":"ImageObject","inLanguage":"es","@id":"https:\/\/floridareprofreedom.org\/#\/schema\/logo\/image\/","url":"https:\/\/floridareprofreedom.org\/wp-content\/uploads\/2019\/05\/Untitled.jpg","contentUrl":"https:\/\/floridareprofreedom.org\/wp-content\/uploads\/2019\/05\/Untitled.jpg","width":174,"height":180,"caption":"Floridians for Reproductive Freedom"},"image":{"@id":"https:\/\/floridareprofreedom.org\/#\/schema\/logo\/image\/"},"sameAs":["https:\/\/www.facebook.com\/FloridaReproFreedom\/","https:\/\/x.com\/FLReproFreedom","https:\/\/www.instagram.com\/floridareprofreedom\/"]}]}},"_links":{"self":[{"href":"https:\/\/floridareprofreedom.org\/es\/wp-json\/wp\/v2\/pages\/104","targetHints":{"allow":["GET"]}}],"collection":[{"href":"https:\/\/floridareprofreedom.org\/es\/wp-json\/wp\/v2\/pages"}],"about":[{"href":"https:\/\/floridareprofreedom.org\/es\/wp-json\/wp\/v2\/types\/page"}],"author":[{"embeddable":true,"href":"https:\/\/floridareprofreedom.org\/es\/wp-json\/wp\/v2\/users\/3"}],"replies":[{"embeddable":true,"href":"https:\/\/floridareprofreedom.org\/es\/wp-json\/wp\/v2\/comments?post=104"}],"version-history":[{"count":20,"href":"https:\/\/floridareprofreedom.org\/es\/wp-json\/wp\/v2\/pages\/104\/revisions"}],"predecessor-version":[{"id":2939,"href":"https:\/\/floridareprofreedom.org\/es\/wp-json\/wp\/v2\/pages\/104\/revisions\/2939"}],"wp:attachment":[{"href":"https:\/\/floridareprofreedom.org\/es\/wp-json\/wp\/v2\/media?parent=104"}],"wp:term":[{"taxonomy":"folder","embeddable":true,"href":"https:\/\/floridareprofreedom.org\/es\/wp-json\/wp\/v2\/folder?post=104"}],"curies":[{"name":"wp","href":"https:\/\/api.w.org\/{rel}","templated":true}]}}