{"id":1051,"date":"2020-06-01T13:03:43","date_gmt":"2020-06-01T13:03:43","guid":{"rendered":"https:\/\/floridareprofreedom.org\/?page_id=1051"},"modified":"2025-10-06T16:27:40","modified_gmt":"2025-10-06T16:27:40","slug":"donde","status":"publish","type":"page","link":"https:\/\/floridareprofreedom.org\/es\/where\/","title":{"rendered":"\u00bfA d\u00f3nde puedo acudir para obtener un bypass judicial?"},"content":{"rendered":"<p><img fetchpriority=\"high\" decoding=\"async\" class=\"size-medium wp-image-2731 alignright\" src=\"https:\/\/floridareprofreedom.org\/wp-content\/uploads\/2023\/05\/Jane.Network-240x300.jpg\" alt=\"\" width=\"240\" height=\"300\" srcset=\"https:\/\/floridareprofreedom.org\/wp-content\/uploads\/2023\/05\/Jane.Network-240x300.jpg 240w, https:\/\/floridareprofreedom.org\/wp-content\/uploads\/2023\/05\/Jane.Network-819x1024.jpg 819w, https:\/\/floridareprofreedom.org\/wp-content\/uploads\/2023\/05\/Jane.Network-768x960.jpg 768w, https:\/\/floridareprofreedom.org\/wp-content\/uploads\/2023\/05\/Jane.Network.jpg 1080w\" sizes=\"(max-width: 240px) 100vw, 240px\" \/><\/p>\n<p><span style=\"font-weight: 400;\">Si desea una exenci\u00f3n judicial para abortar, primero debe solicitarla personalmente en un juzgado. A continuaci\u00f3n, encontrar\u00e1 una lista de juzgados del condado e informaci\u00f3n sobre d\u00f3nde acudir.<\/span><\/p>\n<p>Para obtener asistencia legal gratuita, visite <strong><a href=\"http:\/\/janenetworkfl.org\">janenetworkfl.org<\/a><\/strong>.<\/p>\n<p><strong>Residentes de Florida:<\/strong> Si le preocupa la privacidad, puede acudir a un tribunal en otro condado, pero debe estar en el<span style=\"font-weight: 400;\">\u00a0<strong>circuito<\/strong> donde vives. Los condados de Florida se agrupan para formar 20 <strong>circuitos<\/strong>, busque su condado en el mapa o la lista a continuaci\u00f3n para determinar en qu\u00e9 circuito vive.<\/span><\/p>\n<p><strong><a href=\"https:\/\/floridareprofreedom.org\/es\/no-de-florida\/\">Residentes no residentes de Florida<\/a><\/strong><\/p>\n<p><img decoding=\"async\" class=\"alignnone size-full wp-image-1001\" src=\"https:\/\/floridareprofreedom.org\/wp-content\/uploads\/2020\/05\/flcircuitmap.jpeg\" alt=\"\" width=\"465\" height=\"390\" srcset=\"https:\/\/floridareprofreedom.org\/wp-content\/uploads\/2020\/05\/flcircuitmap.jpeg 465w, https:\/\/floridareprofreedom.org\/wp-content\/uploads\/2020\/05\/flcircuitmap-300x252.jpeg 300w\" sizes=\"(max-width: 465px) 100vw, 465px\" \/><\/p>\n<p><strong><em>Nota: La siguiente informaci\u00f3n se recopil\u00f3 ANTES de la decisi\u00f3n judicial de 2025 que limit\u00f3 la elegibilidad para una exenci\u00f3n judicial en Florida. Para saber si su caso cumple los requisitos, visite janenetworkfl.org.<\/em><\/strong><\/p>\n<p><iframe src=\"https:\/\/docs.google.com\/spreadsheets\/d\/e\/2PACX-1vQB6krgtRma-96mkc9NufqrFn2t3gYItPYTXhaTc_euzRTZEXyRs9x90T-YutHr6CS_eNVijuyheuHR\/pubhtml?gid=1415876535&amp;single=true&amp;widget=true&amp;headers=false\" width=\"850\" height=\"1200\"><\/iframe><\/p>\n<p style=\"text-align: center;\"><a href=\"https:\/\/floridareprofreedom.org\/es\/derivacion-judicial-2\/\"><img decoding=\"async\" class=\"alignnone size-full wp-image-1014\" src=\"https:\/\/floridareprofreedom.org\/wp-content\/uploads\/2020\/05\/previous.gif\" alt=\"\" width=\"231\" height=\"32\" \/><\/a>\u00a0 \u00a0<a href=\"https:\/\/floridareprofreedom.org\/es\/formularios\/\"><img loading=\"lazy\" decoding=\"async\" class=\"alignnone wp-image-1015 size-full\" src=\"https:\/\/floridareprofreedom.org\/wp-content\/uploads\/2020\/05\/next.gif\" alt=\"\" width=\"231\" height=\"32\" \/><\/a><\/p>\n<p><b>Preguntas relacionadas<\/b><\/p>\n<ul>\n<li><a href=\"https:\/\/floridareprofreedom.org\/es\/donde\/\" data-saferedirecturl=\"https:\/\/www.google.com\/url?q=https:\/\/floridareprofreedom.org\/where\/&amp;source=gmail&amp;ust=1683906476472000&amp;usg=AOvVaw3mu6YVFgqkD4Pez6NjG8ld\">\u00bfA d\u00f3nde puedo acudir para obtener un bypass judicial?<\/a><\/li>\n<li><a href=\"https:\/\/floridareprofreedom.org\/es\/formularios\/\" data-saferedirecturl=\"https:\/\/www.google.com\/url?q=https:\/\/floridareprofreedom.org\/forms\/&amp;source=gmail&amp;ust=1683906476472000&amp;usg=AOvVaw136dOx90JsVdnnw2DC-2w-\">\u00bfQu\u00e9 formularios necesito?<\/a><\/li>\n<li><a href=\"https:\/\/floridareprofreedom.org\/es\/juez\/\" data-saferedirecturl=\"https:\/\/www.google.com\/url?q=https:\/\/floridareprofreedom.org\/judge\/&amp;source=gmail&amp;ust=1683906476472000&amp;usg=AOvVaw2P7ymQUJRCzhqMXd4UNaJ7\">\u00bfQu\u00e9 tendr\u00e1 en cuenta el juez?<\/a><\/li>\n<li><a href=\"https:\/\/floridareprofreedom.org\/es\/abogado\/\" data-saferedirecturl=\"https:\/\/www.google.com\/url?q=https:\/\/floridareprofreedom.org\/lawyer\/&amp;source=gmail&amp;ust=1683906476472000&amp;usg=AOvVaw1VWcwoUhzhE3Mgd7GYDccH\">\u00bfNecesito un abogado?<\/a><\/li>\n<li><a href=\"https:\/\/floridareprofreedom.org\/es\/cuanto-tiempo\/\" data-saferedirecturl=\"https:\/\/www.google.com\/url?q=https:\/\/floridareprofreedom.org\/howlong\/&amp;source=gmail&amp;ust=1683906476472000&amp;usg=AOvVaw1e3sl8iXIwNIDxaizz5i5g\">\u00bfCu\u00e1nto tiempo se tarda en conseguir un bypass judicial?<\/a><\/li>\n<li><a href=\"https:\/\/floridareprofreedom.org\/es\/costo\/\" data-saferedirecturl=\"https:\/\/www.google.com\/url?q=https:\/\/floridareprofreedom.org\/cost\/&amp;source=gmail&amp;ust=1683906476472000&amp;usg=AOvVaw1fuUIxBoSRoq3s7dK2V5gQ\">\u00bfCuesta dinero obtener un bypass judicial?<\/a><\/li>\n<li><a href=\"https:\/\/floridareprofreedom.org\/es\/alguien-sabe\/\" data-saferedirecturl=\"https:\/\/www.google.com\/url?q=https:\/\/floridareprofreedom.org\/anyoneknow\/&amp;source=gmail&amp;ust=1683906476472000&amp;usg=AOvVaw37ej9zAF1sjNn2VvNU32l7\">\u00bfAlguien sabr\u00e1 si puedo obtener un bypass judicial para abortar?<\/a><\/li>\n<li><a href=\"https:\/\/floridareprofreedom.org\/es\/preguntasjuez\/\" data-saferedirecturl=\"https:\/\/www.google.com\/url?q=https:\/\/floridareprofreedom.org\/questionsjudge\/&amp;source=gmail&amp;ust=1683906476472000&amp;usg=AOvVaw3dAjcFd4rHWPQLnuW5luOy\">\u00bfQu\u00e9 tipo de preguntas me har\u00e1 el juez?<\/a><\/li>\n<li><a href=\"https:\/\/floridareprofreedom.org\/es\/tener-puesto\/\" data-saferedirecturl=\"https:\/\/www.google.com\/url?q=https:\/\/floridareprofreedom.org\/wear\/&amp;source=gmail&amp;ust=1683906476472000&amp;usg=AOvVaw1DZMIlo7hGRfuHrMBramoR\">\u00bfQu\u00e9 me pongo para ir a la corte?<\/a><\/li>\n<li><a href=\"https:\/\/floridareprofreedom.org\/es\/programado\/\" data-saferedirecturl=\"https:\/\/www.google.com\/url?q=https:\/\/floridareprofreedom.org\/scheduled\/&amp;source=gmail&amp;ust=1683906476472000&amp;usg=AOvVaw1xn17zmaHRp-mTJeGEMVJJ\">\u00bfQu\u00e9 sucede si mi audiencia est\u00e1 programada durante un d\u00eda escolar?<\/a><\/li>\n<li><a href=\"https:\/\/floridareprofreedom.org\/es\/otra-persona\/\" data-saferedirecturl=\"https:\/\/www.google.com\/url?q=https:\/\/floridareprofreedom.org\/otherperson\/&amp;source=gmail&amp;ust=1683906476472000&amp;usg=AOvVaw3uTwbO2--bonngguSJ12xd\">\u00bfLa otra persona involucrada en mi embarazo tiene voz y voto sobre si decido abortar?<\/a><\/li>\n<li><a href=\"https:\/\/floridareprofreedom.org\/es\/ciudadano\/\" data-saferedirecturl=\"https:\/\/www.google.com\/url?q=https:\/\/floridareprofreedom.org\/citizen\/&amp;source=gmail&amp;ust=1683906476472000&amp;usg=AOvVaw1Y2l43i6aWQo-5DlHJx17Y\">\u00bfTengo que ser ciudadana estadounidense para abortar? \u00bfQu\u00e9 pasa si no hablo bien ingl\u00e9s?<\/a><\/li>\n<li><a href=\"https:\/\/floridareprofreedom.org\/es\/cambiar\/\" data-saferedirecturl=\"https:\/\/www.google.com\/url?q=https:\/\/floridareprofreedom.org\/change\/&amp;source=gmail&amp;ust=1683906476472000&amp;usg=AOvVaw2NLUMPBzAbIB4_0_AwaxUX\">\u00bfPuedo cambiar de opini\u00f3n despu\u00e9s de hacerme el bypass?<\/a><\/li>\n<li><a href=\"https:\/\/floridareprofreedom.org\/es\/niega\/\" data-saferedirecturl=\"https:\/\/www.google.com\/url?q=https:\/\/floridareprofreedom.org\/denies\/&amp;source=gmail&amp;ust=1683906476472000&amp;usg=AOvVaw3bGAnbvux63X3E7mPLosTY\">\u00bfQu\u00e9 pasa si el juez niega mi solicitud de bypass?<\/a><\/li>\n<\/ul>","protected":false},"excerpt":{"rendered":"<p>If you want a judicial bypass to get an abortion, you must first apply in person at a courthouse. Please find below a list of county courthouses and details on where to go below. For free legal support, go to janenetworkfl.org. Florida residents: If you are concerned about privacy you can go to a courthouse [&hellip;]<\/p>\n","protected":false},"author":3,"featured_media":0,"parent":0,"menu_order":0,"comment_status":"closed","ping_status":"closed","template":"","meta":{"footnotes":""},"folder":[8],"class_list":["post-1051","page","type-page","status-publish","hentry"],"yoast_head":"<!-- This site is optimized with the Yoast SEO plugin v27.4 - https:\/\/yoast.com\/product\/yoast-seo-wordpress\/ -->\n<title>Where do I go to get a judicial bypass? - Floridians For Reproductive Freedom<\/title>\n<meta name=\"robots\" content=\"index, follow, max-snippet:-1, max-image-preview:large, max-video-preview:-1\" \/>\n<link rel=\"canonical\" href=\"https:\/\/floridareprofreedom.org\/es\/donde\/\" \/>\n<meta property=\"og:locale\" content=\"es_ES\" \/>\n<meta property=\"og:type\" content=\"article\" \/>\n<meta property=\"og:title\" content=\"Where do I go to get a judicial bypass? - Floridians For Reproductive Freedom\" \/>\n<meta property=\"og:description\" content=\"If you want a judicial bypass to get an abortion, you must first apply in person at a courthouse. Please find below a list of county courthouses and details on where to go below. For free legal support, go to janenetworkfl.org. Florida residents: If you are concerned about privacy you can go to a courthouse [&hellip;]\" \/>\n<meta property=\"og:url\" content=\"https:\/\/floridareprofreedom.org\/es\/donde\/\" \/>\n<meta property=\"og:site_name\" content=\"Floridians For Reproductive Freedom\" \/>\n<meta property=\"article:publisher\" content=\"https:\/\/www.facebook.com\/FloridaReproFreedom\/\" \/>\n<meta property=\"article:modified_time\" content=\"2025-10-06T16:27:40+00:00\" \/>\n<meta property=\"og:image\" content=\"https:\/\/floridareprofreedom.org\/wp-content\/uploads\/2023\/05\/Jane.Network.jpg\" \/>\n\t<meta property=\"og:image:width\" content=\"1080\" \/>\n\t<meta property=\"og:image:height\" content=\"1350\" \/>\n\t<meta property=\"og:image:type\" content=\"image\/jpeg\" \/>\n<meta name=\"twitter:card\" content=\"summary_large_image\" \/>\n<meta name=\"twitter:site\" content=\"@FLReproFreedom\" \/>\n<meta name=\"twitter:label1\" content=\"Est. reading time\" \/>\n\t<meta name=\"twitter:data1\" content=\"2 minutos\" \/>\n<script type=\"application\/ld+json\" class=\"yoast-schema-graph\">{\"@context\":\"https:\\\/\\\/schema.org\",\"@graph\":[{\"@type\":\"WebPage\",\"@id\":\"https:\\\/\\\/floridareprofreedom.org\\\/where\\\/\",\"url\":\"https:\\\/\\\/floridareprofreedom.org\\\/where\\\/\",\"name\":\"Where do I go to get a judicial bypass? - Floridians For Reproductive Freedom\",\"isPartOf\":{\"@id\":\"https:\\\/\\\/floridareprofreedom.org\\\/#website\"},\"primaryImageOfPage\":{\"@id\":\"https:\\\/\\\/floridareprofreedom.org\\\/where\\\/#primaryimage\"},\"image\":{\"@id\":\"https:\\\/\\\/floridareprofreedom.org\\\/where\\\/#primaryimage\"},\"thumbnailUrl\":\"https:\\\/\\\/floridareprofreedom.org\\\/wp-content\\\/uploads\\\/2023\\\/05\\\/Jane.Network-240x300.jpg\",\"datePublished\":\"2020-06-01T13:03:43+00:00\",\"dateModified\":\"2025-10-06T16:27:40+00:00\",\"breadcrumb\":{\"@id\":\"https:\\\/\\\/floridareprofreedom.org\\\/where\\\/#breadcrumb\"},\"inLanguage\":\"es\",\"potentialAction\":[{\"@type\":\"ReadAction\",\"target\":[\"https:\\\/\\\/floridareprofreedom.org\\\/where\\\/\"]}]},{\"@type\":\"ImageObject\",\"inLanguage\":\"es\",\"@id\":\"https:\\\/\\\/floridareprofreedom.org\\\/where\\\/#primaryimage\",\"url\":\"https:\\\/\\\/floridareprofreedom.org\\\/wp-content\\\/uploads\\\/2023\\\/05\\\/Jane.Network-240x300.jpg\",\"contentUrl\":\"https:\\\/\\\/floridareprofreedom.org\\\/wp-content\\\/uploads\\\/2023\\\/05\\\/Jane.Network-240x300.jpg\"},{\"@type\":\"BreadcrumbList\",\"@id\":\"https:\\\/\\\/floridareprofreedom.org\\\/where\\\/#breadcrumb\",\"itemListElement\":[{\"@type\":\"ListItem\",\"position\":1,\"name\":\"Home\",\"item\":\"https:\\\/\\\/floridareprofreedom.org\\\/\"},{\"@type\":\"ListItem\",\"position\":2,\"name\":\"Where do I go to get a judicial bypass?\"}]},{\"@type\":\"WebSite\",\"@id\":\"https:\\\/\\\/floridareprofreedom.org\\\/#website\",\"url\":\"https:\\\/\\\/floridareprofreedom.org\\\/\",\"name\":\"Floridians For Reproductive Freedom\",\"description\":\"Advocating for convenient, affordable, and safe access to reproductive health care, including abortion.\",\"publisher\":{\"@id\":\"https:\\\/\\\/floridareprofreedom.org\\\/#organization\"},\"potentialAction\":[{\"@type\":\"SearchAction\",\"target\":{\"@type\":\"EntryPoint\",\"urlTemplate\":\"https:\\\/\\\/floridareprofreedom.org\\\/?s={search_term_string}\"},\"query-input\":{\"@type\":\"PropertyValueSpecification\",\"valueRequired\":true,\"valueName\":\"search_term_string\"}}],\"inLanguage\":\"es\"},{\"@type\":\"Organization\",\"@id\":\"https:\\\/\\\/floridareprofreedom.org\\\/#organization\",\"name\":\"Floridians for Reproductive Freedom\",\"url\":\"https:\\\/\\\/floridareprofreedom.org\\\/\",\"logo\":{\"@type\":\"ImageObject\",\"inLanguage\":\"es\",\"@id\":\"https:\\\/\\\/floridareprofreedom.org\\\/#\\\/schema\\\/logo\\\/image\\\/\",\"url\":\"https:\\\/\\\/floridareprofreedom.org\\\/wp-content\\\/uploads\\\/2019\\\/05\\\/Untitled.jpg\",\"contentUrl\":\"https:\\\/\\\/floridareprofreedom.org\\\/wp-content\\\/uploads\\\/2019\\\/05\\\/Untitled.jpg\",\"width\":174,\"height\":180,\"caption\":\"Floridians for Reproductive Freedom\"},\"image\":{\"@id\":\"https:\\\/\\\/floridareprofreedom.org\\\/#\\\/schema\\\/logo\\\/image\\\/\"},\"sameAs\":[\"https:\\\/\\\/www.facebook.com\\\/FloridaReproFreedom\\\/\",\"https:\\\/\\\/x.com\\\/FLReproFreedom\",\"https:\\\/\\\/www.instagram.com\\\/floridareprofreedom\\\/\"]}]}<\/script>\n<!-- \/ Yoast SEO plugin. -->","yoast_head_json":{"title":"\u00bfD\u00f3nde puedo obtener una exenci\u00f3n judicial? - Floridanos por la Libertad Reproductiva","robots":{"index":"index","follow":"follow","max-snippet":"max-snippet:-1","max-image-preview":"max-image-preview:large","max-video-preview":"max-video-preview:-1"},"canonical":"https:\/\/floridareprofreedom.org\/es\/donde\/","og_locale":"es_ES","og_type":"article","og_title":"Where do I go to get a judicial bypass? - Floridians For Reproductive Freedom","og_description":"If you want a judicial bypass to get an abortion, you must first apply in person at a courthouse. Please find below a list of county courthouses and details on where to go below. For free legal support, go to janenetworkfl.org. Florida residents: If you are concerned about privacy you can go to a courthouse [&hellip;]","og_url":"https:\/\/floridareprofreedom.org\/es\/donde\/","og_site_name":"Floridians For Reproductive Freedom","article_publisher":"https:\/\/www.facebook.com\/FloridaReproFreedom\/","article_modified_time":"2025-10-06T16:27:40+00:00","og_image":[{"width":1080,"height":1350,"url":"https:\/\/floridareprofreedom.org\/wp-content\/uploads\/2023\/05\/Jane.Network.jpg","type":"image\/jpeg"}],"twitter_card":"summary_large_image","twitter_site":"@FLReproFreedom","twitter_misc":{"Est. reading time":"2 minutos"},"schema":{"@context":"https:\/\/schema.org","@graph":[{"@type":"WebPage","@id":"https:\/\/floridareprofreedom.org\/where\/","url":"https:\/\/floridareprofreedom.org\/where\/","name":"\u00bfD\u00f3nde puedo obtener una exenci\u00f3n judicial? - Floridanos por la Libertad Reproductiva","isPartOf":{"@id":"https:\/\/floridareprofreedom.org\/#website"},"primaryImageOfPage":{"@id":"https:\/\/floridareprofreedom.org\/where\/#primaryimage"},"image":{"@id":"https:\/\/floridareprofreedom.org\/where\/#primaryimage"},"thumbnailUrl":"https:\/\/floridareprofreedom.org\/wp-content\/uploads\/2023\/05\/Jane.Network-240x300.jpg","datePublished":"2020-06-01T13:03:43+00:00","dateModified":"2025-10-06T16:27:40+00:00","breadcrumb":{"@id":"https:\/\/floridareprofreedom.org\/where\/#breadcrumb"},"inLanguage":"es","potentialAction":[{"@type":"ReadAction","target":["https:\/\/floridareprofreedom.org\/where\/"]}]},{"@type":"ImageObject","inLanguage":"es","@id":"https:\/\/floridareprofreedom.org\/where\/#primaryimage","url":"https:\/\/floridareprofreedom.org\/wp-content\/uploads\/2023\/05\/Jane.Network-240x300.jpg","contentUrl":"https:\/\/floridareprofreedom.org\/wp-content\/uploads\/2023\/05\/Jane.Network-240x300.jpg"},{"@type":"BreadcrumbList","@id":"https:\/\/floridareprofreedom.org\/where\/#breadcrumb","itemListElement":[{"@type":"ListItem","position":1,"name":"Home","item":"https:\/\/floridareprofreedom.org\/"},{"@type":"ListItem","position":2,"name":"Where do I go to get a judicial bypass?"}]},{"@type":"WebSite","@id":"https:\/\/floridareprofreedom.org\/#website","url":"https:\/\/floridareprofreedom.org\/","name":"Floridanos por la Libertad Reproductiva","description":"Abogando por un acceso conveniente, asequible y seguro a la atenci\u00f3n de la salud reproductiva, incluido el aborto.","publisher":{"@id":"https:\/\/floridareprofreedom.org\/#organization"},"potentialAction":[{"@type":"SearchAction","target":{"@type":"EntryPoint","urlTemplate":"https:\/\/floridareprofreedom.org\/?s={search_term_string}"},"query-input":{"@type":"PropertyValueSpecification","valueRequired":true,"valueName":"search_term_string"}}],"inLanguage":"es"},{"@type":"Organization","@id":"https:\/\/floridareprofreedom.org\/#organization","name":"Floridanos por la Libertad Reproductiva","url":"https:\/\/floridareprofreedom.org\/","logo":{"@type":"ImageObject","inLanguage":"es","@id":"https:\/\/floridareprofreedom.org\/#\/schema\/logo\/image\/","url":"https:\/\/floridareprofreedom.org\/wp-content\/uploads\/2019\/05\/Untitled.jpg","contentUrl":"https:\/\/floridareprofreedom.org\/wp-content\/uploads\/2019\/05\/Untitled.jpg","width":174,"height":180,"caption":"Floridians for Reproductive Freedom"},"image":{"@id":"https:\/\/floridareprofreedom.org\/#\/schema\/logo\/image\/"},"sameAs":["https:\/\/www.facebook.com\/FloridaReproFreedom\/","https:\/\/x.com\/FLReproFreedom","https:\/\/www.instagram.com\/floridareprofreedom\/"]}]}},"_links":{"self":[{"href":"https:\/\/floridareprofreedom.org\/es\/wp-json\/wp\/v2\/pages\/1051","targetHints":{"allow":["GET"]}}],"collection":[{"href":"https:\/\/floridareprofreedom.org\/es\/wp-json\/wp\/v2\/pages"}],"about":[{"href":"https:\/\/floridareprofreedom.org\/es\/wp-json\/wp\/v2\/types\/page"}],"author":[{"embeddable":true,"href":"https:\/\/floridareprofreedom.org\/es\/wp-json\/wp\/v2\/users\/3"}],"replies":[{"embeddable":true,"href":"https:\/\/floridareprofreedom.org\/es\/wp-json\/wp\/v2\/comments?post=1051"}],"version-history":[{"count":20,"href":"https:\/\/floridareprofreedom.org\/es\/wp-json\/wp\/v2\/pages\/1051\/revisions"}],"predecessor-version":[{"id":4264,"href":"https:\/\/floridareprofreedom.org\/es\/wp-json\/wp\/v2\/pages\/1051\/revisions\/4264"}],"wp:attachment":[{"href":"https:\/\/floridareprofreedom.org\/es\/wp-json\/wp\/v2\/media?parent=1051"}],"wp:term":[{"taxonomy":"folder","embeddable":true,"href":"https:\/\/floridareprofreedom.org\/es\/wp-json\/wp\/v2\/folder?post=1051"}],"curies":[{"name":"wp","href":"https:\/\/api.w.org\/{rel}","templated":true}]}}