{"id":1081,"date":"2020-06-02T17:29:45","date_gmt":"2020-06-02T17:29:45","guid":{"rendered":"https:\/\/floridareprofreedom.org\/?page_id=1081"},"modified":"2025-10-06T16:29:20","modified_gmt":"2025-10-06T16:29:20","slug":"formularios","status":"publish","type":"page","link":"https:\/\/floridareprofreedom.org\/es\/forms\/","title":{"rendered":"\u00bfQu\u00e9 formularios necesito?"},"content":{"rendered":"<p><img fetchpriority=\"high\" decoding=\"async\" class=\"size-medium wp-image-2731 alignright\" src=\"https:\/\/floridareprofreedom.org\/wp-content\/uploads\/2023\/05\/Jane.Network-240x300.jpg\" alt=\"\" width=\"240\" height=\"300\" srcset=\"https:\/\/floridareprofreedom.org\/wp-content\/uploads\/2023\/05\/Jane.Network-240x300.jpg 240w, https:\/\/floridareprofreedom.org\/wp-content\/uploads\/2023\/05\/Jane.Network-819x1024.jpg 819w, https:\/\/floridareprofreedom.org\/wp-content\/uploads\/2023\/05\/Jane.Network-768x960.jpg 768w, https:\/\/floridareprofreedom.org\/wp-content\/uploads\/2023\/05\/Jane.Network.jpg 1080w\" sizes=\"(max-width: 240px) 100vw, 240px\" \/><\/p>\n<p><span style=\"font-weight: 400;\">Preg\u00fantele al secretario del tribunal sobre los formularios. <a href=\"https:\/\/floridareprofreedom.org\/es\/donde\/\">Encuentre la informaci\u00f3n de contacto del secretario de cada condado en el cuadro de esta p\u00e1gina<\/a>.<\/span><\/p>\n<p>Para obtener asistencia legal gratuita de un abogado comprensivo, visite <a href=\"http:\/\/janenetworkfl.org\"><strong>janenetworkfl.org<\/strong><\/a>.<\/p>\n<p><span style=\"font-weight: 400;\">En algunos condados, el secretario judicial se los entregar\u00e1 al adolescente para que los complete por su cuenta. En otros condados, un secretario judicial le ayudar\u00e1 a completar los formularios. Y en algunos condados, un abogado de oficio le ayudar\u00e1 o incluso lo har\u00e1 en su nombre despu\u00e9s de hablar con \u00e9l. <\/span><\/p>\n<p><span style=\"font-weight: 400;\">M\u00e1s informaci\u00f3n sobre c\u00f3mo se manejan los formularios en cada condado est\u00e1 disponible en el cuadro de la p\u00e1gina. <\/span><a href=\"https:\/\/floridareprofreedom.org\/es\/donde\/\">\u201c\u00bfD\u00f3nde puedo ir para obtener un bypass judicial?\u201d<\/a><\/p>\n<p>Los dos formularios que debe completar y firmar el adolescente son:<\/p>\n<ol>\n<li style=\"font-weight: 400;\"><span style=\"font-weight: 400;\">\u201c<\/span><b>Declaraci\u00f3n Jurada de Nombre Verdadero y Seud\u00f3nimo<\/b><span style=\"font-weight: 400;\">Este documento garantiza que nadie se entere de tu solicitud ante el Tribunal para obtener esta exenci\u00f3n. Te permite elegir un nombre diferente para que el Tribunal lo use, en lugar de tu nombre real. Una vez presentado, el Tribunal se referir\u00e1 a ti por las iniciales o el seud\u00f3nimo que hayas elegido. Protege tu derecho a abortar sin que tus padres o tutores lo sepan.\u00a0<\/span><\/li>\n<li style=\"font-weight: 400;\"><span style=\"font-weight: 400;\"><span style=\"font-weight: 400;\">\u201c<strong>Petici\u00f3n de exenci\u00f3n judicial del consentimiento de los padres o de la notificaci\u00f3n y consentimiento para la interrupci\u00f3n del embarazo<\/strong><\/span><\/span><span style=\"font-weight: 400;\">&quot; \u2013 Este documento es una solicitud del juez. Puede optar por redactar su propia petici\u00f3n y traerla consigo, o puede completarla. <\/span><span style=\"font-weight: 400;\">este formulario<\/span><span style=\"font-weight: 400;\">Su petici\u00f3n debe incluir:<\/span>\n<ul>\n<li style=\"font-weight: 400;\"><span style=\"font-weight: 400;\">Su seud\u00f3nimo o iniciales (el que haya elegido utilizar en su Declaraci\u00f3n Jurada de Nombre Verdadero y Seud\u00f3nimo)<\/span><\/li>\n<li style=\"font-weight: 400;\"><span style=\"font-weight: 400;\">Su edad<\/span><\/li>\n<li style=\"font-weight: 400;\"><span style=\"font-weight: 400;\">Una declaraci\u00f3n de que est\u00e1 embarazada y que sus padres no saben sobre su aborto y no han aceptado permitirle abortar.<\/span><\/li>\n<li style=\"font-weight: 400;\"><span style=\"font-weight: 400;\">Una declaraci\u00f3n de que desea interrumpir su embarazo (hacerse un aborto)\u00a0<\/span><span style=\"font-weight: 400;\">sin decirle a tus padres o tutores legales.\u00a0<\/span>Aseg\u00farese de marcar \u201c<strong>consentimiento y notificaci\u00f3n<\/strong>\u201c.<\/li>\n<li style=\"font-weight: 400;\"><span style=\"font-weight: 400;\">Una explicaci\u00f3n de por qu\u00e9 desea interrumpir su embarazo. Hay tres maneras de obtener una exenci\u00f3n judicial. Debe demostrar al menos una de estas tres razones. Si se aplica m\u00e1s de una, debe explicar cada una. Las tres razones son:<\/span>\n<ul>\n<li style=\"font-weight: 400;\"><span style=\"font-weight: 400;\">usted es lo suficientemente madura para decidir por s\u00ed misma si desea abortar;<\/span><\/li>\n<li style=\"font-weight: 400;\"><span style=\"font-weight: 400;\">usted es v\u00edctima de abuso infantil o abuso sexual por parte de uno o ambos padres o tutores; o<\/span><\/li>\n<li style=\"font-weight: 400;\"><span style=\"font-weight: 400;\">Notificar a un padre o tutor legal no ser\u00eda lo mejor para usted.\u00a0<\/span><\/li>\n<\/ul>\n<\/li>\n<\/ul>\n<\/li>\n<\/ol>\n<p style=\"text-align: center;\"><a href=\"https:\/\/floridareprofreedom.org\/es\/donde\/\"><img decoding=\"async\" class=\"alignnone size-full wp-image-1014\" src=\"https:\/\/floridareprofreedom.org\/wp-content\/uploads\/2020\/05\/previous.gif\" alt=\"\" width=\"231\" height=\"32\" \/><\/a>\u00a0 <a href=\"https:\/\/floridareprofreedom.org\/es\/juez\/\"><img decoding=\"async\" class=\"alignnone wp-image-1015 size-full\" src=\"https:\/\/floridareprofreedom.org\/wp-content\/uploads\/2020\/05\/next.gif\" alt=\"\" width=\"231\" height=\"32\" \/><\/a><\/p>\n<p><b>Preguntas relacionadas<\/b><\/p>\n<ul>\n<li><a href=\"https:\/\/floridareprofreedom.org\/es\/donde\/\" data-saferedirecturl=\"https:\/\/www.google.com\/url?q=https:\/\/floridareprofreedom.org\/where\/&amp;source=gmail&amp;ust=1683906476472000&amp;usg=AOvVaw3mu6YVFgqkD4Pez6NjG8ld\">\u00bfA d\u00f3nde puedo acudir para obtener un bypass judicial?<\/a><\/li>\n<li><a href=\"https:\/\/floridareprofreedom.org\/es\/formularios\/\" data-saferedirecturl=\"https:\/\/www.google.com\/url?q=https:\/\/floridareprofreedom.org\/forms\/&amp;source=gmail&amp;ust=1683906476472000&amp;usg=AOvVaw136dOx90JsVdnnw2DC-2w-\">\u00bfQu\u00e9 formularios necesito?<\/a><\/li>\n<li><a href=\"https:\/\/floridareprofreedom.org\/es\/juez\/\" data-saferedirecturl=\"https:\/\/www.google.com\/url?q=https:\/\/floridareprofreedom.org\/judge\/&amp;source=gmail&amp;ust=1683906476472000&amp;usg=AOvVaw2P7ymQUJRCzhqMXd4UNaJ7\">\u00bfQu\u00e9 tendr\u00e1 en cuenta el juez?<\/a><\/li>\n<li><a href=\"https:\/\/floridareprofreedom.org\/es\/abogado\/\" data-saferedirecturl=\"https:\/\/www.google.com\/url?q=https:\/\/floridareprofreedom.org\/lawyer\/&amp;source=gmail&amp;ust=1683906476472000&amp;usg=AOvVaw1VWcwoUhzhE3Mgd7GYDccH\">\u00bfNecesito un abogado?<\/a><\/li>\n<li><a href=\"https:\/\/floridareprofreedom.org\/es\/cuanto-tiempo\/\" data-saferedirecturl=\"https:\/\/www.google.com\/url?q=https:\/\/floridareprofreedom.org\/howlong\/&amp;source=gmail&amp;ust=1683906476472000&amp;usg=AOvVaw1e3sl8iXIwNIDxaizz5i5g\">\u00bfCu\u00e1nto tiempo se tarda en conseguir un bypass judicial?<\/a><\/li>\n<li><a href=\"https:\/\/floridareprofreedom.org\/es\/costo\/\" data-saferedirecturl=\"https:\/\/www.google.com\/url?q=https:\/\/floridareprofreedom.org\/cost\/&amp;source=gmail&amp;ust=1683906476472000&amp;usg=AOvVaw1fuUIxBoSRoq3s7dK2V5gQ\">\u00bfCuesta dinero obtener un bypass judicial?<\/a><\/li>\n<li><a href=\"https:\/\/floridareprofreedom.org\/es\/alguien-sabe\/\" data-saferedirecturl=\"https:\/\/www.google.com\/url?q=https:\/\/floridareprofreedom.org\/anyoneknow\/&amp;source=gmail&amp;ust=1683906476472000&amp;usg=AOvVaw37ej9zAF1sjNn2VvNU32l7\">\u00bfAlguien sabr\u00e1 si puedo obtener un bypass judicial para abortar?<\/a><\/li>\n<li><a href=\"https:\/\/floridareprofreedom.org\/es\/preguntasjuez\/\" data-saferedirecturl=\"https:\/\/www.google.com\/url?q=https:\/\/floridareprofreedom.org\/questionsjudge\/&amp;source=gmail&amp;ust=1683906476472000&amp;usg=AOvVaw3dAjcFd4rHWPQLnuW5luOy\">\u00bfQu\u00e9 tipo de preguntas me har\u00e1 el juez?<\/a><\/li>\n<li><a href=\"https:\/\/floridareprofreedom.org\/es\/tener-puesto\/\" data-saferedirecturl=\"https:\/\/www.google.com\/url?q=https:\/\/floridareprofreedom.org\/wear\/&amp;source=gmail&amp;ust=1683906476472000&amp;usg=AOvVaw1DZMIlo7hGRfuHrMBramoR\">\u00bfQu\u00e9 me pongo para ir a la corte?<\/a><\/li>\n<li><a href=\"https:\/\/floridareprofreedom.org\/es\/programado\/\" data-saferedirecturl=\"https:\/\/www.google.com\/url?q=https:\/\/floridareprofreedom.org\/scheduled\/&amp;source=gmail&amp;ust=1683906476472000&amp;usg=AOvVaw1xn17zmaHRp-mTJeGEMVJJ\">\u00bfQu\u00e9 sucede si mi audiencia est\u00e1 programada durante un d\u00eda escolar?<\/a><\/li>\n<li><a href=\"https:\/\/floridareprofreedom.org\/es\/otra-persona\/\" data-saferedirecturl=\"https:\/\/www.google.com\/url?q=https:\/\/floridareprofreedom.org\/otherperson\/&amp;source=gmail&amp;ust=1683906476472000&amp;usg=AOvVaw3uTwbO2--bonngguSJ12xd\">\u00bfLa otra persona involucrada en mi embarazo tiene voz y voto sobre si decido abortar?<\/a><\/li>\n<li><a href=\"https:\/\/floridareprofreedom.org\/es\/ciudadano\/\" data-saferedirecturl=\"https:\/\/www.google.com\/url?q=https:\/\/floridareprofreedom.org\/citizen\/&amp;source=gmail&amp;ust=1683906476472000&amp;usg=AOvVaw1Y2l43i6aWQo-5DlHJx17Y\">\u00bfTengo que ser ciudadana estadounidense para abortar? \u00bfQu\u00e9 pasa si no hablo bien ingl\u00e9s?<\/a><\/li>\n<li><a href=\"https:\/\/floridareprofreedom.org\/es\/cambiar\/\" data-saferedirecturl=\"https:\/\/www.google.com\/url?q=https:\/\/floridareprofreedom.org\/change\/&amp;source=gmail&amp;ust=1683906476472000&amp;usg=AOvVaw2NLUMPBzAbIB4_0_AwaxUX\">\u00bfPuedo cambiar de opini\u00f3n despu\u00e9s de hacerme el bypass?<\/a><\/li>\n<li><a href=\"https:\/\/floridareprofreedom.org\/es\/niega\/\" data-saferedirecturl=\"https:\/\/www.google.com\/url?q=https:\/\/floridareprofreedom.org\/denies\/&amp;source=gmail&amp;ust=1683906476472000&amp;usg=AOvVaw3bGAnbvux63X3E7mPLosTY\">\u00bfQu\u00e9 pasa si el juez niega mi solicitud de bypass?<\/a><\/li>\n<\/ul>","protected":false},"excerpt":{"rendered":"<p>Ask the clerk at the court house about the forms. Find contact info for each county&#8217;s clerk on the chart on this page. For free legal support from a supportive attorney, visit janenetworkfl.org. In some counties, the clerk will hand them to the teen to complete on their own. In other counties, a clerk will [&hellip;]<\/p>\n","protected":false},"author":3,"featured_media":0,"parent":0,"menu_order":0,"comment_status":"closed","ping_status":"closed","template":"","meta":{"footnotes":""},"folder":[8],"class_list":["post-1081","page","type-page","status-publish","hentry"],"yoast_head":"<!-- This site is optimized with the Yoast SEO plugin v27.3 - https:\/\/yoast.com\/product\/yoast-seo-wordpress\/ -->\n<title>What forms do I need? - Floridians For Reproductive Freedom<\/title>\n<meta name=\"robots\" content=\"index, follow, max-snippet:-1, max-image-preview:large, max-video-preview:-1\" \/>\n<link rel=\"canonical\" href=\"https:\/\/floridareprofreedom.org\/es\/formularios\/\" \/>\n<meta property=\"og:locale\" content=\"es_ES\" \/>\n<meta property=\"og:type\" content=\"article\" \/>\n<meta property=\"og:title\" content=\"What forms do I need? - Floridians For Reproductive Freedom\" \/>\n<meta property=\"og:description\" content=\"Ask the clerk at the court house about the forms. Find contact info for each county&#8217;s clerk on the chart on this page. For free legal support from a supportive attorney, visit janenetworkfl.org. In some counties, the clerk will hand them to the teen to complete on their own. In other counties, a clerk will [&hellip;]\" \/>\n<meta property=\"og:url\" content=\"https:\/\/floridareprofreedom.org\/es\/formularios\/\" \/>\n<meta property=\"og:site_name\" content=\"Floridians For Reproductive Freedom\" \/>\n<meta property=\"article:publisher\" content=\"https:\/\/www.facebook.com\/FloridaReproFreedom\/\" \/>\n<meta property=\"article:modified_time\" content=\"2025-10-06T16:29:20+00:00\" \/>\n<meta property=\"og:image\" content=\"https:\/\/floridareprofreedom.org\/wp-content\/uploads\/2023\/05\/Jane.Network.jpg\" \/>\n\t<meta property=\"og:image:width\" content=\"1080\" \/>\n\t<meta property=\"og:image:height\" content=\"1350\" \/>\n\t<meta property=\"og:image:type\" content=\"image\/jpeg\" \/>\n<meta name=\"twitter:card\" content=\"summary_large_image\" \/>\n<meta name=\"twitter:site\" content=\"@FLReproFreedom\" \/>\n<meta name=\"twitter:label1\" content=\"Est. reading time\" \/>\n\t<meta name=\"twitter:data1\" content=\"4 minutos\" \/>\n<script type=\"application\/ld+json\" class=\"yoast-schema-graph\">{\"@context\":\"https:\\\/\\\/schema.org\",\"@graph\":[{\"@type\":\"WebPage\",\"@id\":\"https:\\\/\\\/floridareprofreedom.org\\\/forms\\\/\",\"url\":\"https:\\\/\\\/floridareprofreedom.org\\\/forms\\\/\",\"name\":\"What forms do I need? - Floridians For Reproductive Freedom\",\"isPartOf\":{\"@id\":\"https:\\\/\\\/floridareprofreedom.org\\\/#website\"},\"primaryImageOfPage\":{\"@id\":\"https:\\\/\\\/floridareprofreedom.org\\\/forms\\\/#primaryimage\"},\"image\":{\"@id\":\"https:\\\/\\\/floridareprofreedom.org\\\/forms\\\/#primaryimage\"},\"thumbnailUrl\":\"https:\\\/\\\/floridareprofreedom.org\\\/wp-content\\\/uploads\\\/2023\\\/05\\\/Jane.Network-240x300.jpg\",\"datePublished\":\"2020-06-02T17:29:45+00:00\",\"dateModified\":\"2025-10-06T16:29:20+00:00\",\"breadcrumb\":{\"@id\":\"https:\\\/\\\/floridareprofreedom.org\\\/forms\\\/#breadcrumb\"},\"inLanguage\":\"es\",\"potentialAction\":[{\"@type\":\"ReadAction\",\"target\":[\"https:\\\/\\\/floridareprofreedom.org\\\/forms\\\/\"]}]},{\"@type\":\"ImageObject\",\"inLanguage\":\"es\",\"@id\":\"https:\\\/\\\/floridareprofreedom.org\\\/forms\\\/#primaryimage\",\"url\":\"https:\\\/\\\/floridareprofreedom.org\\\/wp-content\\\/uploads\\\/2023\\\/05\\\/Jane.Network-240x300.jpg\",\"contentUrl\":\"https:\\\/\\\/floridareprofreedom.org\\\/wp-content\\\/uploads\\\/2023\\\/05\\\/Jane.Network-240x300.jpg\"},{\"@type\":\"BreadcrumbList\",\"@id\":\"https:\\\/\\\/floridareprofreedom.org\\\/forms\\\/#breadcrumb\",\"itemListElement\":[{\"@type\":\"ListItem\",\"position\":1,\"name\":\"Home\",\"item\":\"https:\\\/\\\/floridareprofreedom.org\\\/\"},{\"@type\":\"ListItem\",\"position\":2,\"name\":\"What forms do I need?\"}]},{\"@type\":\"WebSite\",\"@id\":\"https:\\\/\\\/floridareprofreedom.org\\\/#website\",\"url\":\"https:\\\/\\\/floridareprofreedom.org\\\/\",\"name\":\"Floridians For Reproductive Freedom\",\"description\":\"Advocating for convenient, affordable, and safe access to reproductive health care, including abortion.\",\"publisher\":{\"@id\":\"https:\\\/\\\/floridareprofreedom.org\\\/#organization\"},\"potentialAction\":[{\"@type\":\"SearchAction\",\"target\":{\"@type\":\"EntryPoint\",\"urlTemplate\":\"https:\\\/\\\/floridareprofreedom.org\\\/?s={search_term_string}\"},\"query-input\":{\"@type\":\"PropertyValueSpecification\",\"valueRequired\":true,\"valueName\":\"search_term_string\"}}],\"inLanguage\":\"es\"},{\"@type\":\"Organization\",\"@id\":\"https:\\\/\\\/floridareprofreedom.org\\\/#organization\",\"name\":\"Floridians for Reproductive Freedom\",\"url\":\"https:\\\/\\\/floridareprofreedom.org\\\/\",\"logo\":{\"@type\":\"ImageObject\",\"inLanguage\":\"es\",\"@id\":\"https:\\\/\\\/floridareprofreedom.org\\\/#\\\/schema\\\/logo\\\/image\\\/\",\"url\":\"https:\\\/\\\/floridareprofreedom.org\\\/wp-content\\\/uploads\\\/2019\\\/05\\\/Untitled.jpg\",\"contentUrl\":\"https:\\\/\\\/floridareprofreedom.org\\\/wp-content\\\/uploads\\\/2019\\\/05\\\/Untitled.jpg\",\"width\":174,\"height\":180,\"caption\":\"Floridians for Reproductive Freedom\"},\"image\":{\"@id\":\"https:\\\/\\\/floridareprofreedom.org\\\/#\\\/schema\\\/logo\\\/image\\\/\"},\"sameAs\":[\"https:\\\/\\\/www.facebook.com\\\/FloridaReproFreedom\\\/\",\"https:\\\/\\\/x.com\\\/FLReproFreedom\",\"https:\\\/\\\/www.instagram.com\\\/floridareprofreedom\\\/\"]}]}<\/script>\n<!-- \/ Yoast SEO plugin. -->","yoast_head_json":{"title":"\u00bfQu\u00e9 formularios necesito? - Floridanos por la Libertad Reproductiva","robots":{"index":"index","follow":"follow","max-snippet":"max-snippet:-1","max-image-preview":"max-image-preview:large","max-video-preview":"max-video-preview:-1"},"canonical":"https:\/\/floridareprofreedom.org\/es\/formularios\/","og_locale":"es_ES","og_type":"article","og_title":"What forms do I need? - Floridians For Reproductive Freedom","og_description":"Ask the clerk at the court house about the forms. Find contact info for each county&#8217;s clerk on the chart on this page. For free legal support from a supportive attorney, visit janenetworkfl.org. In some counties, the clerk will hand them to the teen to complete on their own. In other counties, a clerk will [&hellip;]","og_url":"https:\/\/floridareprofreedom.org\/es\/formularios\/","og_site_name":"Floridians For Reproductive Freedom","article_publisher":"https:\/\/www.facebook.com\/FloridaReproFreedom\/","article_modified_time":"2025-10-06T16:29:20+00:00","og_image":[{"width":1080,"height":1350,"url":"https:\/\/floridareprofreedom.org\/wp-content\/uploads\/2023\/05\/Jane.Network.jpg","type":"image\/jpeg"}],"twitter_card":"summary_large_image","twitter_site":"@FLReproFreedom","twitter_misc":{"Est. reading time":"4 minutos"},"schema":{"@context":"https:\/\/schema.org","@graph":[{"@type":"WebPage","@id":"https:\/\/floridareprofreedom.org\/forms\/","url":"https:\/\/floridareprofreedom.org\/forms\/","name":"\u00bfQu\u00e9 formularios necesito? - Floridanos por la Libertad Reproductiva","isPartOf":{"@id":"https:\/\/floridareprofreedom.org\/#website"},"primaryImageOfPage":{"@id":"https:\/\/floridareprofreedom.org\/forms\/#primaryimage"},"image":{"@id":"https:\/\/floridareprofreedom.org\/forms\/#primaryimage"},"thumbnailUrl":"https:\/\/floridareprofreedom.org\/wp-content\/uploads\/2023\/05\/Jane.Network-240x300.jpg","datePublished":"2020-06-02T17:29:45+00:00","dateModified":"2025-10-06T16:29:20+00:00","breadcrumb":{"@id":"https:\/\/floridareprofreedom.org\/forms\/#breadcrumb"},"inLanguage":"es","potentialAction":[{"@type":"ReadAction","target":["https:\/\/floridareprofreedom.org\/forms\/"]}]},{"@type":"ImageObject","inLanguage":"es","@id":"https:\/\/floridareprofreedom.org\/forms\/#primaryimage","url":"https:\/\/floridareprofreedom.org\/wp-content\/uploads\/2023\/05\/Jane.Network-240x300.jpg","contentUrl":"https:\/\/floridareprofreedom.org\/wp-content\/uploads\/2023\/05\/Jane.Network-240x300.jpg"},{"@type":"BreadcrumbList","@id":"https:\/\/floridareprofreedom.org\/forms\/#breadcrumb","itemListElement":[{"@type":"ListItem","position":1,"name":"Home","item":"https:\/\/floridareprofreedom.org\/"},{"@type":"ListItem","position":2,"name":"What forms do I need?"}]},{"@type":"WebSite","@id":"https:\/\/floridareprofreedom.org\/#website","url":"https:\/\/floridareprofreedom.org\/","name":"Floridanos por la Libertad Reproductiva","description":"Abogando por un acceso conveniente, asequible y seguro a la atenci\u00f3n de la salud reproductiva, incluido el aborto.","publisher":{"@id":"https:\/\/floridareprofreedom.org\/#organization"},"potentialAction":[{"@type":"SearchAction","target":{"@type":"EntryPoint","urlTemplate":"https:\/\/floridareprofreedom.org\/?s={search_term_string}"},"query-input":{"@type":"PropertyValueSpecification","valueRequired":true,"valueName":"search_term_string"}}],"inLanguage":"es"},{"@type":"Organization","@id":"https:\/\/floridareprofreedom.org\/#organization","name":"Floridanos por la Libertad Reproductiva","url":"https:\/\/floridareprofreedom.org\/","logo":{"@type":"ImageObject","inLanguage":"es","@id":"https:\/\/floridareprofreedom.org\/#\/schema\/logo\/image\/","url":"https:\/\/floridareprofreedom.org\/wp-content\/uploads\/2019\/05\/Untitled.jpg","contentUrl":"https:\/\/floridareprofreedom.org\/wp-content\/uploads\/2019\/05\/Untitled.jpg","width":174,"height":180,"caption":"Floridians for Reproductive Freedom"},"image":{"@id":"https:\/\/floridareprofreedom.org\/#\/schema\/logo\/image\/"},"sameAs":["https:\/\/www.facebook.com\/FloridaReproFreedom\/","https:\/\/x.com\/FLReproFreedom","https:\/\/www.instagram.com\/floridareprofreedom\/"]}]}},"_links":{"self":[{"href":"https:\/\/floridareprofreedom.org\/es\/wp-json\/wp\/v2\/pages\/1081","targetHints":{"allow":["GET"]}}],"collection":[{"href":"https:\/\/floridareprofreedom.org\/es\/wp-json\/wp\/v2\/pages"}],"about":[{"href":"https:\/\/floridareprofreedom.org\/es\/wp-json\/wp\/v2\/types\/page"}],"author":[{"embeddable":true,"href":"https:\/\/floridareprofreedom.org\/es\/wp-json\/wp\/v2\/users\/3"}],"replies":[{"embeddable":true,"href":"https:\/\/floridareprofreedom.org\/es\/wp-json\/wp\/v2\/comments?post=1081"}],"version-history":[{"count":20,"href":"https:\/\/floridareprofreedom.org\/es\/wp-json\/wp\/v2\/pages\/1081\/revisions"}],"predecessor-version":[{"id":4266,"href":"https:\/\/floridareprofreedom.org\/es\/wp-json\/wp\/v2\/pages\/1081\/revisions\/4266"}],"wp:attachment":[{"href":"https:\/\/floridareprofreedom.org\/es\/wp-json\/wp\/v2\/media?parent=1081"}],"wp:term":[{"taxonomy":"folder","embeddable":true,"href":"https:\/\/floridareprofreedom.org\/es\/wp-json\/wp\/v2\/folder?post=1081"}],"curies":[{"name":"wp","href":"https:\/\/api.w.org\/{rel}","templated":true}]}}