{"id":112,"date":"2018-09-10T13:36:01","date_gmt":"2018-09-10T13:36:01","guid":{"rendered":"http:\/\/frf.rayseaman.com\/?page_id=112"},"modified":"2025-10-06T17:42:44","modified_gmt":"2025-10-06T17:42:44","slug":"clinicas-falsas","status":"publish","type":"page","link":"https:\/\/floridareprofreedom.org\/es\/fakeclinics\/","title":{"rendered":"Cuidado con los centros antiaborto: #EndTheLies"},"content":{"rendered":"<p><strong>Advertencia: Los centros antiaborto perjudican a las embarazadas floridanas.<\/strong><\/p>\n<p><em>Mujeres de Florida describen haber sido acosadas, intimidadas y recibir informaci\u00f3n descaradamente falsa en cl\u00ednicas falsas. Estas cl\u00ednicas falsas socavan la confianza fundamental de la relaci\u00f3n paciente-proveedor haci\u00e9ndose pasar por profesionales de la salud y difundiendo informaci\u00f3n m\u00e9dica inexacta. \u2013 Dra. Nicole Fanarjian, ginec\u00f3loga obstetra<\/em><\/p>\n<p>Cualquier raz\u00f3n por la que desees un aborto es v\u00e1lida. Inf\u00f3rmate sobre tus opciones y encuentra un proveedor leg\u00edtimo en <a href=\"http:\/\/ineedana.com\">ineedana.com<\/a>.<\/p>\n<p><strong><a href=\"http:\/\/fakeclinicsrealstories.com\/\">\u00bfHas visitado un centro antiaborto? Cu\u00e9ntanos tu historia aqu\u00ed.<\/a><\/strong><\/p>\n<p><strong><iframe src=\"https:\/\/www.youtube.com\/embed\/F4-ZvuAuxIw\" width=\"560\" height=\"315\" frameborder=\"0\" allowfullscreen=\"allowfullscreen\" data-mce-fragment=\"1\"><span data-mce-type=\"bookmark\" style=\"display: inline-block; width: 0px; overflow: hidden; line-height: 0;\" class=\"mce_SELRES_start\"><\/span><\/iframe><br \/>\n<\/strong><\/p>\n<p><span style=\"font-weight: 400;\">\u00bfSab\u00edas que hay 192 centros de embarazo antiaborto en Florida? A veces se hacen llamar &quot;<\/span><span style=\"font-weight: 400;\">centros de crisis de embarazo\u201d, estos centros de embarazo antiaborto <strong>enga\u00f1ar y avergonzar a los floridanos<\/strong> que buscan atenci\u00f3n integral de salud reproductiva, incluyendo la atenci\u00f3n del aborto. Muchos de estos son <strong>financiado por el estado con d\u00f3lares de los contribuyentes<\/strong>:en el presupuesto 2025-2026, el gobernador Ron DeSantis asign\u00f3 <strong>$30,1 millones<\/strong>\u00a0hacia estos centros.\u00a0 \u00a0<\/span><\/p>\n<figure id=\"attachment_124\" aria-describedby=\"caption-attachment-124\" style=\"width: 300px\" class=\"wp-caption alignright\"><a href=\"https:\/\/floridareprofreedom.org\/wp-content\/uploads\/2020\/11\/Anti-Abortion-Pregnancy-Centers-Ob-Gyns-Distribution-map3.pdf\"><img fetchpriority=\"high\" decoding=\"async\" class=\"wp-image-124 size-medium\" src=\"https:\/\/floridareprofreedom.org\/wp-content\/uploads\/2018\/09\/Florida-map-fake-clinics-ob-gyns-300x264.png\" alt=\"El mapa muestra la ubicaci\u00f3n de los centros de embarazo antiaborto y la densidad de obstetras y ginec\u00f3logos en Florida.\" width=\"300\" height=\"264\" srcset=\"https:\/\/floridareprofreedom.org\/wp-content\/uploads\/2018\/09\/Florida-map-fake-clinics-ob-gyns-300x264.png 300w, https:\/\/floridareprofreedom.org\/wp-content\/uploads\/2018\/09\/Florida-map-fake-clinics-ob-gyns-768x676.png 768w, https:\/\/floridareprofreedom.org\/wp-content\/uploads\/2018\/09\/Florida-map-fake-clinics-ob-gyns.png 1002w\" sizes=\"(max-width: 300px) 100vw, 300px\" \/><\/a><figcaption id=\"caption-attachment-124\" class=\"wp-caption-text\">Los centros de embarazo antiaborto superan con creces a los profesionales de la salud femenina. Haga clic en la imagen para descargar un mapa m\u00e1s grande.<\/figcaption><\/figure>\n<p><span style=\"font-weight: 400;\">Cuando alguien decide abortar, debe recibir apoyo y respeto, y su experiencia debe ser sin verg\u00fcenza ni presi\u00f3n. Desafortunadamente, los centros de embarazo antiaborto crean la experiencia exactamente opuesta para las personas, ya que... <\/span>Existen para disuadir a las mujeres de abortar. Impulsadas por una f\u00e9rrea agenda antiabortista, utilizan pruebas de embarazo y ecograf\u00edas gratuitas para... <strong><em>persuasi\u00f3n<\/em><\/strong> en lugar de <strong><em>diagn\u00f3stico m\u00e9dico<\/em><\/strong>Los centros de embarazo antiaborto se han convertido en la fuerza organizadora local del movimiento antiaborto. <a href=\"https:\/\/docs.google.com\/spreadsheets\/d\/19P4yukoGvpESkmI8Kw0KrtuhMI8t74QtHhQnpDdePNE\/edit?usp=sharing\">Encuentre una lista de \u201ccentros de crisis de embarazo\u201d de Florida aqu\u00ed<\/a>.<\/p>\n<p>Los centros de embarazo antiaborto afirman ofrecer atenci\u00f3n m\u00e9dica y servicios m\u00e9dicos relacionados con el embarazo, pero no brindan atenci\u00f3n m\u00e9dica integral y basada en la evidencia. Mediante mentiras y pr\u00e1cticas manipuladoras, buscan avergonzar a las mujeres para que no accedan a la atenci\u00f3n reproductiva, en particular a la anticoncepci\u00f3n y el aborto.<\/p>\n<ul>\n<li>No tienen est\u00e1ndares m\u00e9dicos ni de seguridad. \u00bfEl equipo que usan? No hay forma de saber si lo desinfectan entre pacientes.<\/li>\n<li>No obtendr\u00e1s ayuda para abortar ni tampoco anticonceptivos en una cl\u00ednica falsa.<\/li>\n<li>La publicidad enga\u00f1osa es su modus operandi, ya que adoptan nombres que suenan como verdaderos centros de salud reproductiva.<\/li>\n<li>Se ubican intencionalmente en la misma cuadra, a veces incluso en el mismo edificio, que los verdaderos proveedores de abortos.<\/li>\n<li>Colocan anuncios enga\u00f1osos bajo las b\u00fasquedas en Internet de \u201caborto\u201d.<\/li>\n<li>Mienten sobre los riesgos asociados al procedimiento de aborto, vincul\u00e1ndolo con un mayor riesgo de infertilidad y c\u00e1ncer de mama.<\/li>\n<li>Su personal y voluntarios pueden hacerse pasar por profesionales m\u00e9dicos vestidos con uniformes o batas blancas.<\/li>\n<li>A menudo programan citas con la mayor antelaci\u00f3n posible porque saben que el tiempo es crucial en cualquier embarazo. Las pacientes que esperan pueden enfrentar costos prohibitivos o estar demasiado avanzadas para abortar.<\/li>\n<\/ul>\n<p>Enga\u00f1ar, avergonzar y asustar a pacientes que podr\u00edan estar embarazadas es injusto. Los floridanos merecen acceso oportuno y una gama completa de opciones de atenci\u00f3n, no informaci\u00f3n m\u00e9dicamente inexacta que les imponen los centros de embarazo antiaborto.<\/p>\n<p>Los extremistas en la Legislatura de Florida han atacado repetidamente la atenci\u00f3n de la salud reproductiva, en particular el acceso al aborto seguro y legal. Una v\u00eda de ataque ha sido la legitimaci\u00f3n de los centros de embarazo antiaborto mediante legislaci\u00f3n. En 2018, <span style=\"font-weight: 400;\">Luego, el gobernador Rick Scott firm\u00f3 una ley que requer\u00eda que los contribuyentes de Florida financiaran permanentemente los centros de embarazo antiaborto y, en 2023, el gobernador Ron DeSantis firm\u00f3 un proyecto de ley para aumentar la financiaci\u00f3n a $25 millones anuales. <\/span>A pesar de la necesidad comprobada de salud p\u00fablica de que las mujeres y pacientes puedan acceder a una gama completa de servicios de salud reproductiva oportunos y asequibles, nuestro gobierno estatal financia centros de embarazo antiaborto que hacen exactamente lo contrario. Obtenga m\u00e1s informaci\u00f3n en <a href=\"https:\/\/floridareprofreedom.org\/es\/informe\/\">Nuestra exposici\u00f3n de 2021<\/a> que descubre una proliferaci\u00f3n de informaci\u00f3n m\u00e9dica falsa y enga\u00f1osa, tasas de reembolso infladas y gastos innecesarios.<\/p>\n<header class=\"entry-header\"><\/header>\n<h2>Estamos contraatacando.<\/h2>\n<figure id=\"attachment_114\" aria-describedby=\"caption-attachment-114\" style=\"width: 300px\" class=\"wp-caption alignleft\"><a href=\"https:\/\/www.youtube.com\/watch?v=J17nsDBTLnA&amp;feature=youtu.be\"><img decoding=\"async\" class=\"wp-image-114 size-medium\" src=\"http:\/\/frf.rayseaman.com\/wp-content\/uploads\/2018\/09\/Amy.news_-300x167.png\" alt=\"\" width=\"300\" height=\"167\" srcset=\"https:\/\/floridareprofreedom.org\/wp-content\/uploads\/2018\/09\/Amy.news_-300x167.png 300w, https:\/\/floridareprofreedom.org\/wp-content\/uploads\/2018\/09\/Amy.news_.png 490w\" sizes=\"(max-width: 300px) 100vw, 300px\" \/><\/a><figcaption id=\"caption-attachment-114\" class=\"wp-caption-text\">Cobertura televisiva de la entrega de la petici\u00f3n en el Capitolio estatal<\/figcaption><\/figure>\n<p><strong>Publicaci\u00f3n de evidencia.\u00a0<\/strong>La evidencia recopilada de documentos del Departamento de Salud de Florida obtenidos mediante la Ley de Transparencia de Florida, as\u00ed como de sitios web y correos electr\u00f3nicos de centros de embarazo antiaborto, condujo a la publicaci\u00f3n de un informe revelador. Consulte nuestros hallazgos, que revelan la proliferaci\u00f3n de informaci\u00f3n m\u00e9dica falsa y enga\u00f1osa, tasas de reembolso infladas y gastos innecesarios en nuestro informe. <a href=\"https:\/\/floridareprofreedom.org\/es\/informe\/\">La ineficiencia y la ideolog\u00eda del Programa de Servicios de Apoyo al Embarazo de Florida desperdician millones de d\u00f3lares de los contribuyentes.<\/a>.<\/p>\n<p><strong>Decirle la verdad al poder<\/strong>El Grupo de Trabajo sobre Cl\u00ednicas Falsas de Floridanos por la Libertad Reproductiva (FRF) exige que el Departamento de Salud rinda cuentas a los centros de embarazo antiaborto y trabaja para exponerlos en nuestras propias comunidades. En julio de 2018, realizamos una... <a href=\"https:\/\/news.wfsu.org\/state-news\/2018-07-31\/5-500-signature-petition-for-tighter-regulation-on-crisis-pregnancy-centers-lands-on-scotts-desk\">petici\u00f3n<\/a> firmada por m\u00e1s de 5.500 floridanos exigiendo m\u00e1s supervisi\u00f3n del DOH sobre la red de centros de embarazo antiaborto y sus operaciones locales.<\/p>\n<p><strong>Actuando localmente.\u00a0<\/strong> Los miembros de nuestro grupo de trabajo organizan peri\u00f3dicamente eventos comunitarios para crear conciencia sobre las operaciones de los centros locales de embarazo antiaborto y el hecho de que no son centros de salud para mujeres genuinos.<\/p>\n<p><strong>Llegar a los candidatos<\/strong>Los miembros trabajan para que las preguntas sobre los centros de embarazo antiaborto lleguen a los organizadores de futuros foros o cuestionarios para candidatos. Esto sirve para informar a los funcionarios electos y al p\u00fablico en general sobre la existencia de centros de embarazo antiaborto en las comunidades de Florida.<\/p>\n<p><strong>C\u00f3mo eliminar las cl\u00ednicas falsas de las escuelas p\u00fablicas<\/strong>Las juntas escolares en Florida son <a href=\"https:\/\/www.abcactionnews.com\/news\/region-pinellas\/parents-fuming-over-pinellas-co-sex-ed-program-in-schools\">Permitir que el personal de centros de embarazo antiaborto se inscriba en listas de oradores invitados aprobados<\/a> para que los profesores inviten a sus aulas para abordar temas relacionados con la salud sexual.\u00a0 <a href=\"https:\/\/www.pnj.com\/story\/news\/education\/2017\/09\/25\/santa-rosa-county-sex-education-abstinence-pregnancy-resource-center\/699473001\/\">Algunos condados incluso est\u00e1n contratando centros de embarazo antiaborto.<\/a>\u00a0Brindar educaci\u00f3n sobre salud sexual. Nuestro grupo de trabajo est\u00e1 estudiando este tema mientras desarrollamos la estrategia.<\/p>\n<h2>Invol\u00facrate. Pasos a seguir ahora.<\/h2>\n<ul>\n<li><strong>Imprima nuestro folleto<\/strong> y pedir a los negocios locales que los exhiban. <a href=\"https:\/\/drive.google.com\/drive\/folders\/1ZC5pdN5P3d81uo7tCgrctTwqX1wLJ9Qs?usp=sharing\">Accede a ellos en ingl\u00e9s y espa\u00f1ol aqu\u00ed.<\/a><\/li>\n<li>Publicaci\u00f3n sobre nuestro informe de exposici\u00f3n y <a href=\"http:\/\/fakeclinicsrealstories.com\">Nuestro formulario de recopilaci\u00f3n de historias<\/a> en <strong>redes sociales<\/strong>.<\/li>\n<li>Imprimir, recortar y enviar\u00a0<strong>postales<\/strong> a los funcionarios electos. <a href=\"https:\/\/floridareprofreedom.org\/es\/postales-de-clinicas-falsas\/\">Obtenga instrucciones y descargue aqu\u00ed.<\/a><\/li>\n<li>Escribe una\u00a0<strong>carta al editor<\/strong> de su peri\u00f3dico local.<\/li>\n<li><span style=\"font-weight: 400;\"><strong>Publicar advertencias en l\u00ednea<\/strong>.\u00a0<\/span>Deje rese\u00f1as negativas, pero precisas y honestas en Google Maps.<span style=\"font-weight: 400;\"> Yelp, Reddit y otros sitios de rese\u00f1as sobre centros de embarazo antiaborto problem\u00e1ticos en su comunidad. El Grupo de Trabajo de Cl\u00ednicas Falsas de FRF, en colaboraci\u00f3n con su socio nacional, <a href=\"https:\/\/exposefakeclinics.squarespace.com\/\">ExposeFakeClinics.com,<\/a> El objetivo es fomentar revisiones honestas que proporcionen evidencia obtenida del propio sitio web del centro de embarazo antiaborto o de llamadas telef\u00f3nicas o visitas, que aclaren los servicios de la operaci\u00f3n para pacientes potenciales desconocidos.<\/span><\/li>\n<\/ul>\n<p>Ya sea que est\u00e9 interesado en trabajar por un cambio de pol\u00edticas a nivel estatal o en exponer un centro de embarazo antiaborto en su propia ciudad, el Grupo de Trabajo de Cl\u00ednicas Falsas de FRF le da la bienvenida a su participaci\u00f3n. <a href=\"\/es\/Cheyenne@progressflorida.org\/\">Cheyenne@progressflorida.org<\/a> Para saber m\u00e1s.<\/p>\n<p><a href=\"https:\/\/actionnetwork.org\/forms\/join-floridians-for-reproductive-freedom-2?&amp;source=direct_link\" target=\"_blank\" rel=\"noopener\"><button>Reg\u00edstrate para recibir alertas de acci\u00f3n<\/button><\/a><\/p>\n<p><strong><a href=\"http:\/\/fakeclinicsrealstories.com\/\">\u00bfHas visitado un centro antiaborto? Cu\u00e9ntanos tu historia aqu\u00ed.<\/a><\/strong><\/p>","protected":false},"excerpt":{"rendered":"<p>Warning: Anti-abortion centers harm pregnant Floridians. \u201cFlorida women describe being harassed, bullied, and given blatantly false information at fake clinics. These fake clinics undermine the trust at the foundation of the patient-provider relationship by posing as health care providers and peddling inaccurate medical information.\u201d \u2013 Dr. Nicole Fanarjian, OB\/GYN Any reason you may seek an [&hellip;]<\/p>\n","protected":false},"author":3,"featured_media":0,"parent":0,"menu_order":0,"comment_status":"closed","ping_status":"closed","template":"","meta":{"footnotes":""},"folder":[],"class_list":["post-112","page","type-page","status-publish","hentry"],"yoast_head":"<!-- This site is optimized with the Yoast SEO plugin v27.3 - https:\/\/yoast.com\/product\/yoast-seo-wordpress\/ -->\n<title>Beware of Anti-Abortion Centers: #EndTheLies - Floridians For Reproductive Freedom<\/title>\n<meta name=\"description\" content=\"Abortion is still legal in FL! Anti-abortion pregnancy centers do NOT offer legitimate health care. Learn how to avoid them in your community\" \/>\n<meta name=\"robots\" content=\"index, follow, max-snippet:-1, max-image-preview:large, max-video-preview:-1\" \/>\n<link rel=\"canonical\" href=\"https:\/\/floridareprofreedom.org\/es\/clinicas-falsas\/\" \/>\n<meta property=\"og:locale\" content=\"es_ES\" \/>\n<meta property=\"og:type\" content=\"article\" \/>\n<meta property=\"og:title\" content=\"Beware of Anti-Abortion Centers: #EndTheLies - Floridians For Reproductive Freedom\" \/>\n<meta property=\"og:description\" content=\"Abortion is still legal in FL! Anti-abortion pregnancy centers do NOT offer legitimate health care. Learn how to avoid them in your community\" \/>\n<meta property=\"og:url\" content=\"https:\/\/floridareprofreedom.org\/es\/clinicas-falsas\/\" \/>\n<meta property=\"og:site_name\" content=\"Floridians For Reproductive Freedom\" \/>\n<meta property=\"article:publisher\" content=\"https:\/\/www.facebook.com\/FloridaReproFreedom\/\" \/>\n<meta property=\"article:modified_time\" content=\"2025-10-06T17:42:44+00:00\" \/>\n<meta property=\"og:image\" content=\"https:\/\/floridareprofreedom.org\/wp-content\/uploads\/2018\/09\/Florida-map-fake-clinics-ob-gyns.png\" \/>\n\t<meta property=\"og:image:width\" content=\"1002\" \/>\n\t<meta property=\"og:image:height\" content=\"882\" \/>\n\t<meta property=\"og:image:type\" content=\"image\/png\" \/>\n<meta name=\"twitter:card\" content=\"summary_large_image\" \/>\n<meta name=\"twitter:site\" content=\"@FLReproFreedom\" \/>\n<meta name=\"twitter:label1\" content=\"Est. reading time\" \/>\n\t<meta name=\"twitter:data1\" content=\"6 minutos\" \/>\n<script type=\"application\/ld+json\" class=\"yoast-schema-graph\">{\"@context\":\"https:\\\/\\\/schema.org\",\"@graph\":[{\"@type\":\"WebPage\",\"@id\":\"https:\\\/\\\/floridareprofreedom.org\\\/fakeclinics\\\/\",\"url\":\"https:\\\/\\\/floridareprofreedom.org\\\/fakeclinics\\\/\",\"name\":\"Beware of Anti-Abortion Centers: #EndTheLies - Floridians For Reproductive Freedom\",\"isPartOf\":{\"@id\":\"https:\\\/\\\/floridareprofreedom.org\\\/#website\"},\"primaryImageOfPage\":{\"@id\":\"https:\\\/\\\/floridareprofreedom.org\\\/fakeclinics\\\/#primaryimage\"},\"image\":{\"@id\":\"https:\\\/\\\/floridareprofreedom.org\\\/fakeclinics\\\/#primaryimage\"},\"thumbnailUrl\":\"https:\\\/\\\/floridareprofreedom.org\\\/wp-content\\\/uploads\\\/2018\\\/09\\\/Florida-map-fake-clinics-ob-gyns-300x264.png\",\"datePublished\":\"2018-09-10T13:36:01+00:00\",\"dateModified\":\"2025-10-06T17:42:44+00:00\",\"description\":\"Abortion is still legal in FL! Anti-abortion pregnancy centers do NOT offer legitimate health care. Learn how to avoid them in your community\",\"breadcrumb\":{\"@id\":\"https:\\\/\\\/floridareprofreedom.org\\\/fakeclinics\\\/#breadcrumb\"},\"inLanguage\":\"es\",\"potentialAction\":[{\"@type\":\"ReadAction\",\"target\":[\"https:\\\/\\\/floridareprofreedom.org\\\/fakeclinics\\\/\"]}]},{\"@type\":\"ImageObject\",\"inLanguage\":\"es\",\"@id\":\"https:\\\/\\\/floridareprofreedom.org\\\/fakeclinics\\\/#primaryimage\",\"url\":\"https:\\\/\\\/floridareprofreedom.org\\\/wp-content\\\/uploads\\\/2018\\\/09\\\/Florida-map-fake-clinics-ob-gyns-300x264.png\",\"contentUrl\":\"https:\\\/\\\/floridareprofreedom.org\\\/wp-content\\\/uploads\\\/2018\\\/09\\\/Florida-map-fake-clinics-ob-gyns-300x264.png\"},{\"@type\":\"BreadcrumbList\",\"@id\":\"https:\\\/\\\/floridareprofreedom.org\\\/fakeclinics\\\/#breadcrumb\",\"itemListElement\":[{\"@type\":\"ListItem\",\"position\":1,\"name\":\"Home\",\"item\":\"https:\\\/\\\/floridareprofreedom.org\\\/\"},{\"@type\":\"ListItem\",\"position\":2,\"name\":\"Beware of Anti-Abortion Centers: #EndTheLies\"}]},{\"@type\":\"WebSite\",\"@id\":\"https:\\\/\\\/floridareprofreedom.org\\\/#website\",\"url\":\"https:\\\/\\\/floridareprofreedom.org\\\/\",\"name\":\"Floridians For Reproductive Freedom\",\"description\":\"Advocating for convenient, affordable, and safe access to reproductive health care, including abortion.\",\"publisher\":{\"@id\":\"https:\\\/\\\/floridareprofreedom.org\\\/#organization\"},\"potentialAction\":[{\"@type\":\"SearchAction\",\"target\":{\"@type\":\"EntryPoint\",\"urlTemplate\":\"https:\\\/\\\/floridareprofreedom.org\\\/?s={search_term_string}\"},\"query-input\":{\"@type\":\"PropertyValueSpecification\",\"valueRequired\":true,\"valueName\":\"search_term_string\"}}],\"inLanguage\":\"es\"},{\"@type\":\"Organization\",\"@id\":\"https:\\\/\\\/floridareprofreedom.org\\\/#organization\",\"name\":\"Floridians for Reproductive Freedom\",\"url\":\"https:\\\/\\\/floridareprofreedom.org\\\/\",\"logo\":{\"@type\":\"ImageObject\",\"inLanguage\":\"es\",\"@id\":\"https:\\\/\\\/floridareprofreedom.org\\\/#\\\/schema\\\/logo\\\/image\\\/\",\"url\":\"https:\\\/\\\/floridareprofreedom.org\\\/wp-content\\\/uploads\\\/2019\\\/05\\\/Untitled.jpg\",\"contentUrl\":\"https:\\\/\\\/floridareprofreedom.org\\\/wp-content\\\/uploads\\\/2019\\\/05\\\/Untitled.jpg\",\"width\":174,\"height\":180,\"caption\":\"Floridians for Reproductive Freedom\"},\"image\":{\"@id\":\"https:\\\/\\\/floridareprofreedom.org\\\/#\\\/schema\\\/logo\\\/image\\\/\"},\"sameAs\":[\"https:\\\/\\\/www.facebook.com\\\/FloridaReproFreedom\\\/\",\"https:\\\/\\\/x.com\\\/FLReproFreedom\",\"https:\\\/\\\/www.instagram.com\\\/floridareprofreedom\\\/\"]}]}<\/script>\n<!-- \/ Yoast SEO plugin. -->","yoast_head_json":{"title":"Cuidado con los centros antiaborto: #EndTheLies - Floridanos por la Libertad Reproductiva","description":"\u00a1El aborto sigue siendo legal en Florida! Los centros de embarazo antiaborto NO ofrecen atenci\u00f3n m\u00e9dica leg\u00edtima. Aprende a evitarlos en tu comunidad.","robots":{"index":"index","follow":"follow","max-snippet":"max-snippet:-1","max-image-preview":"max-image-preview:large","max-video-preview":"max-video-preview:-1"},"canonical":"https:\/\/floridareprofreedom.org\/es\/clinicas-falsas\/","og_locale":"es_ES","og_type":"article","og_title":"Beware of Anti-Abortion Centers: #EndTheLies - Floridians For Reproductive Freedom","og_description":"Abortion is still legal in FL! Anti-abortion pregnancy centers do NOT offer legitimate health care. Learn how to avoid them in your community","og_url":"https:\/\/floridareprofreedom.org\/es\/clinicas-falsas\/","og_site_name":"Floridians For Reproductive Freedom","article_publisher":"https:\/\/www.facebook.com\/FloridaReproFreedom\/","article_modified_time":"2025-10-06T17:42:44+00:00","og_image":[{"width":1002,"height":882,"url":"https:\/\/floridareprofreedom.org\/wp-content\/uploads\/2018\/09\/Florida-map-fake-clinics-ob-gyns.png","type":"image\/png"}],"twitter_card":"summary_large_image","twitter_site":"@FLReproFreedom","twitter_misc":{"Est. reading time":"6 minutos"},"schema":{"@context":"https:\/\/schema.org","@graph":[{"@type":"WebPage","@id":"https:\/\/floridareprofreedom.org\/fakeclinics\/","url":"https:\/\/floridareprofreedom.org\/fakeclinics\/","name":"Cuidado con los centros antiaborto: #EndTheLies - Floridanos por la Libertad Reproductiva","isPartOf":{"@id":"https:\/\/floridareprofreedom.org\/#website"},"primaryImageOfPage":{"@id":"https:\/\/floridareprofreedom.org\/fakeclinics\/#primaryimage"},"image":{"@id":"https:\/\/floridareprofreedom.org\/fakeclinics\/#primaryimage"},"thumbnailUrl":"https:\/\/floridareprofreedom.org\/wp-content\/uploads\/2018\/09\/Florida-map-fake-clinics-ob-gyns-300x264.png","datePublished":"2018-09-10T13:36:01+00:00","dateModified":"2025-10-06T17:42:44+00:00","description":"\u00a1El aborto sigue siendo legal en Florida! Los centros de embarazo antiaborto NO ofrecen atenci\u00f3n m\u00e9dica leg\u00edtima. Aprende a evitarlos en tu comunidad.","breadcrumb":{"@id":"https:\/\/floridareprofreedom.org\/fakeclinics\/#breadcrumb"},"inLanguage":"es","potentialAction":[{"@type":"ReadAction","target":["https:\/\/floridareprofreedom.org\/fakeclinics\/"]}]},{"@type":"ImageObject","inLanguage":"es","@id":"https:\/\/floridareprofreedom.org\/fakeclinics\/#primaryimage","url":"https:\/\/floridareprofreedom.org\/wp-content\/uploads\/2018\/09\/Florida-map-fake-clinics-ob-gyns-300x264.png","contentUrl":"https:\/\/floridareprofreedom.org\/wp-content\/uploads\/2018\/09\/Florida-map-fake-clinics-ob-gyns-300x264.png"},{"@type":"BreadcrumbList","@id":"https:\/\/floridareprofreedom.org\/fakeclinics\/#breadcrumb","itemListElement":[{"@type":"ListItem","position":1,"name":"Home","item":"https:\/\/floridareprofreedom.org\/"},{"@type":"ListItem","position":2,"name":"Beware of Anti-Abortion Centers: #EndTheLies"}]},{"@type":"WebSite","@id":"https:\/\/floridareprofreedom.org\/#website","url":"https:\/\/floridareprofreedom.org\/","name":"Floridanos por la Libertad Reproductiva","description":"Abogando por un acceso conveniente, asequible y seguro a la atenci\u00f3n de la salud reproductiva, incluido el aborto.","publisher":{"@id":"https:\/\/floridareprofreedom.org\/#organization"},"potentialAction":[{"@type":"SearchAction","target":{"@type":"EntryPoint","urlTemplate":"https:\/\/floridareprofreedom.org\/?s={search_term_string}"},"query-input":{"@type":"PropertyValueSpecification","valueRequired":true,"valueName":"search_term_string"}}],"inLanguage":"es"},{"@type":"Organization","@id":"https:\/\/floridareprofreedom.org\/#organization","name":"Floridanos por la Libertad Reproductiva","url":"https:\/\/floridareprofreedom.org\/","logo":{"@type":"ImageObject","inLanguage":"es","@id":"https:\/\/floridareprofreedom.org\/#\/schema\/logo\/image\/","url":"https:\/\/floridareprofreedom.org\/wp-content\/uploads\/2019\/05\/Untitled.jpg","contentUrl":"https:\/\/floridareprofreedom.org\/wp-content\/uploads\/2019\/05\/Untitled.jpg","width":174,"height":180,"caption":"Floridians for Reproductive Freedom"},"image":{"@id":"https:\/\/floridareprofreedom.org\/#\/schema\/logo\/image\/"},"sameAs":["https:\/\/www.facebook.com\/FloridaReproFreedom\/","https:\/\/x.com\/FLReproFreedom","https:\/\/www.instagram.com\/floridareprofreedom\/"]}]}},"_links":{"self":[{"href":"https:\/\/floridareprofreedom.org\/es\/wp-json\/wp\/v2\/pages\/112","targetHints":{"allow":["GET"]}}],"collection":[{"href":"https:\/\/floridareprofreedom.org\/es\/wp-json\/wp\/v2\/pages"}],"about":[{"href":"https:\/\/floridareprofreedom.org\/es\/wp-json\/wp\/v2\/types\/page"}],"author":[{"embeddable":true,"href":"https:\/\/floridareprofreedom.org\/es\/wp-json\/wp\/v2\/users\/3"}],"replies":[{"embeddable":true,"href":"https:\/\/floridareprofreedom.org\/es\/wp-json\/wp\/v2\/comments?post=112"}],"version-history":[{"count":59,"href":"https:\/\/floridareprofreedom.org\/es\/wp-json\/wp\/v2\/pages\/112\/revisions"}],"predecessor-version":[{"id":4278,"href":"https:\/\/floridareprofreedom.org\/es\/wp-json\/wp\/v2\/pages\/112\/revisions\/4278"}],"wp:attachment":[{"href":"https:\/\/floridareprofreedom.org\/es\/wp-json\/wp\/v2\/media?parent=112"}],"wp:term":[{"taxonomy":"folder","embeddable":true,"href":"https:\/\/floridareprofreedom.org\/es\/wp-json\/wp\/v2\/folder?post=112"}],"curies":[{"name":"wp","href":"https:\/\/api.w.org\/{rel}","templated":true}]}}