{"id":1233,"date":"2020-08-04T19:00:16","date_gmt":"2020-08-04T19:00:16","guid":{"rendered":"https:\/\/floridareprofreedom.org\/?page_id=1233"},"modified":"2025-06-09T16:08:38","modified_gmt":"2025-06-09T16:08:38","slug":"alternativa-judicial-en-florida","status":"publish","type":"page","link":"https:\/\/floridareprofreedom.org\/es\/alternativa-judicial-en-florida\/","title":{"rendered":"Alternativa Judicial para un aborto en Florida"},"content":{"rendered":"<h3>\u27a1\ufe0f<a href=\"https:\/\/floridareprofreedom.org\/es\/derivacion-judicial\/\">Ingl\u00e9s<\/a><br \/>\n\u27a1\ufe0f<a href=\"https:\/\/floridareprofreedom.org\/es\/derivacion-judicial\/egzansyon-jidisye-an-florid\/\">criollo<\/a><\/h3>\n<h1><b><i>Puedes hacerte un aborto sin la intervenci\u00f3n de tus padres<\/i><\/b><\/h1>\n<p><b>La ley de Florida exige que los padres otorguen el permiso a una persona menor de 18 a\u00f1os que desee abortar. <\/b><span style=\"font-weight: 400;\">(M\u00e1s informaci\u00f3n sobre las leyes de <a href=\"https:\/\/reprolegalhelpline.org\/es\/legislacion-sobre-el-aborto-por-estado\/florida\/\">Florida aqu\u00ed<\/a>). Sabemos que la mayor\u00eda de los j\u00f3venes hablan con sus padres cuando necesitan un aborto, pero algunos no pueden, por su propia seguridad o por dificultades log\u00edsticas. Todas las personas, independientemente de su edad o circunstancias, deben poder acceder a la atenci\u00f3n reproductiva, incluido el aborto.<\/span><\/p>\n<p><b>Si no puedes obtener el permiso de tus padres o no puedes ped\u00edrselo, <a href=\"https:\/\/share.hsforms.com\/1jrl5GO2gThWo8Cl3yE7nUgnq4ky\">podr\u00edas abortar sin la intervenci\u00f3n de tus padres si acudes<\/a> a los tribunales y se te concede una \u201cexenci\u00f3n judicial\u201d.<\/b><\/p>\n<p><span style=\"font-weight: 400;\">Esto se trata de una exenci\u00f3n judicial que te permitir\u00e1 abortar sin la intervenci\u00f3n de tus padres en ciertas situaciones, incluyendo, entre otras, si:<\/span><\/p>\n<ul>\n<li style=\"font-weight: 400;\" aria-level=\"1\"><span style=\"font-weight: 400;\">Est\u00e1s en un sistema de acogida o bajo custodia estatal tras la intervenci\u00f3n del Departamento de Ni\u00f1os y Familias de Florida.<\/span><\/li>\n<li style=\"font-weight: 400;\" aria-level=\"1\"><span style=\"font-weight: 400;\">Est\u00e1s sufriendo abuso o abuso sexual por parte de tus padres o tutor legal.<\/span><\/li>\n<\/ul>\n<p><span style=\"font-weight: 400;\"><br \/>\n<\/span> Debido a las restricciones al aborto en Florida, este plazo avanza r\u00e1pidamente. Si crees que podr\u00edas necesitar una excepci\u00f3n judicial o no est\u00e1s seguro de si tu situaci\u00f3n cumple los requisitos, <b>Contacta con <a href=\"https:\/\/share.hsforms.com\/1jrl5GO2gThWo8Cl3yE7nUgnq4ky\">La red Jane<\/a> para obtener asistencia legal gratuita. <\/b><span style=\"font-weight: 400;\">Una decisi\u00f3n reciente de un tribunal de Florida limita el acceso al proceso de excepci\u00f3n judicial, pero The Jane Network puede ayudarle a comprender si le corresponde y c\u00f3mo. (Para m\u00e1s informaci\u00f3n sobre The Jane Network, <\/span><a href=\"https:\/\/www.janenetworkfl.org\/\"><span style=\"font-weight: 400;\">Haga clic aqu\u00ed<\/span><\/a><span style=\"font-weight: 400;\">).<\/span><\/p>\n<p><b>Es posible que <\/b><b>No <\/b><b>necesitas un padre, madre, tutor legal ni una exenci\u00f3n judicial para abortar si te encuentras en alguna de las siguientes circunstancias.<\/b><span style=\"font-weight: 400;\"> En otras palabras, podr\u00edas abortar sin la intervenci\u00f3n de un padre o madre o sin pasar por el proceso de exenci\u00f3n judicial si:<\/span><\/p>\n<ul>\n<li style=\"font-weight: 400;\" aria-level=\"1\"><span style=\"font-weight: 400;\">Has estado o est\u00e1s casada.<\/span><\/li>\n<li style=\"font-weight: 400;\" aria-level=\"1\"><span style=\"font-weight: 400;\">Ya tienes hijos.<\/span><\/li>\n<li style=\"font-weight: 400;\" aria-level=\"1\"><span style=\"font-weight: 400;\">Te emancipaste (removieron tu incapacidad de decidir por no ser mayor de edad) seg\u00fan la ley estatal.<\/span><\/li>\n<\/ul>\n<pre id=\"tw-target-text\" class=\"tw-data-text tw-text-large tw-ta\" data-placeholder=\"Translation\" aria-label=\"Texto traducido: preguntas\" data-ved=\"2ahUKEwjtyrD1ytONAxVmRDABHaAoGjkQ3ewLegQIChAW\"><strong><span class=\"Y2IQFc\" lang=\"es\">Preguntas:<\/span><\/strong><\/pre>\n<ol>\n<li style=\"font-weight: 400;\"><a href=\"https:\/\/floridareprofreedom.org\/es\/jb1\/\"><span style=\"font-weight: 400;\">\u00bfQu\u00e9 es una alternativa judicial en caso de que necesite un aborto?<\/span><\/a><\/li>\n<li style=\"font-weight: 400;\"><a href=\"https:\/\/floridareprofreedom.org\/es\/jb2\/\"><span style=\"font-weight: 400;\">\u00bf<\/span><span style=\"font-weight: 400;\">\u00bfA d\u00f3nde debo acudir para poder hacerme un aborto?<\/span><\/a><\/li>\n<li style=\"font-weight: 400;\"><a href=\"https:\/\/floridareprofreedom.org\/es\/jb3\/\"><span style=\"font-weight: 400;\">\u00bf<\/span><span style=\"font-weight: 400;\">Qu\u00e9 tipo de formulario debe llenar<\/span><span style=\"font-weight: 400;\">?<\/span><\/a><\/li>\n<li style=\"font-weight: 400;\"><a href=\"https:\/\/floridareprofreedom.org\/es\/jb4\/\"><span style=\"font-weight: 400;\">\u00bfQu\u00e9 consider\u00f3 el juez para tomar una decisi\u00f3n?<\/span><\/a><\/li>\n<li style=\"font-weight: 400;\"><a href=\"https:\/\/floridareprofreedom.org\/es\/jb5\/\"><span style=\"font-weight: 400;\">\u00bfNecesito un abogado?<\/span><\/a><\/li>\n<li style=\"font-weight: 400;\"><a href=\"https:\/\/floridareprofreedom.org\/es\/jb6\/\"><span style=\"font-weight: 400;\">\u00bf<\/span><span style=\"font-weight: 400;\">\u00bfCu\u00e1nto tarda en conseguir una alternativa judicial?<\/span><\/a><\/li>\n<li style=\"font-weight: 400;\"><a href=\"https:\/\/floridareprofreedom.org\/es\/jb7\/\"><span style=\"font-weight: 400;\">\u00bf<\/span><span style=\"font-weight: 400;\">\u00bfCu\u00e1nto cuesta conseguir una alternativa judicial?<\/span><\/a><\/li>\n<li style=\"font-weight: 400;\"><a href=\"https:\/\/floridareprofreedom.org\/es\/jb8\/\"><span style=\"font-weight: 400;\">\u00bf<\/span><span style=\"font-weight: 400;\">\u00bfQui\u00e9n sabr\u00e1 si logr\u00f3 obtener una alternativa judicial?<\/span><\/a><\/li>\n<li style=\"font-weight: 400;\"><a href=\"https:\/\/floridareprofreedom.org\/es\/jb9\/\"><span style=\"font-weight: 400;\">\u00bf<\/span><span style=\"font-weight: 400;\">\u00bfQu\u00e9 tipo de preguntas me har\u00e1 el juez?<\/span><\/a><\/li>\n<li style=\"font-weight: 400;\"><a href=\"https:\/\/floridareprofreedom.org\/es\/jb10\/\"><span style=\"font-weight: 400;\">\u00bf<\/span><span style=\"font-weight: 400;\">\u00bfQu\u00e9 vestimenta debes usar para ir a la corte?<\/span><\/a><\/li>\n<li style=\"font-weight: 400;\"><a href=\"https:\/\/floridareprofreedom.org\/es\/jb11\/\"><span style=\"font-weight: 400;\">\u00bf<\/span><span style=\"font-weight: 400;\">Qu\u00e9 suceder\u00eda si mi audiencia est\u00e1 programada para un d\u00eda escolar<\/span><span style=\"font-weight: 400;\">?<\/span><\/a><\/li>\n<li style=\"font-weight: 400;\"><a href=\"https:\/\/floridareprofreedom.org\/es\/jb12\/\"><span style=\"font-weight: 400;\">\u00bf<\/span><span style=\"font-weight: 400;\">La persona involucrada en mi embarazo tiene potestad para decidir sobre si debo o no practicarme un aborto.<\/span><\/a><span style=\"font-weight: 400;\">?\u00a0<\/span><\/li>\n<li style=\"font-weight: 400;\"><a href=\"https:\/\/floridareprofreedom.org\/es\/jb13\/\"><span style=\"font-weight: 400;\">\u00a0<\/span><span style=\"font-weight: 400;\">\u00bf<\/span><span style=\"font-weight: 400;\">\u00bfTengo que ser ciudadana americana para practicarme un aborto? <\/span><span style=\"font-weight: 400;\">\u00bf<\/span><span style=\"font-weight: 400;\">\u00bfY si no puedo comunicarme en ingl\u00e9s?\u00a0<\/span><\/a><\/li>\n<li style=\"font-weight: 400;\"><a href=\"https:\/\/floridareprofreedom.org\/es\/jb14\/\"><span style=\"font-weight: 400;\">\u00bf<\/span><span style=\"font-weight: 400;\">\u00bfPuedo cambiar de decisi\u00f3n despu\u00e9s de una alternativa judicial?<\/span><\/a><\/li>\n<li><a href=\"https:\/\/floridareprofreedom.org\/es\/jb15\/\"><span style=\"font-weight: 400;\">\u00bf<\/span><span style=\"font-weight: 400;\">Qu\u00e9 pasa si el juez niega mi petici\u00f3n<\/span><span style=\"font-weight: 400;\">?<\/span><\/a><\/li>\n<\/ol>\n<p><strong><br \/>\n\u00bfEst\u00e1s buscando informaci\u00f3n sobre una alternativa judicial fuera del estado de Florida? <\/strong><a href=\"https:\/\/reprolegalhelpline.org\/es\/\"><span style=\"font-weight: 400;\">Visita a nuestros aliados de If\/When\/How para asistencia.<\/span><\/a><\/p>\n<p><a href=\"https:\/\/www.janenetworkfl.org\/\"><img fetchpriority=\"high\" decoding=\"async\" class=\"alignnone size-full wp-image-1141\" src=\"https:\/\/floridareprofreedom.org\/wp-content\/uploads\/2020\/06\/webpage-image-JB-website-1.png\" alt=\"Las adolescentes en Florida pueden obtener un aborto sin la participaci\u00f3n de sus padres y con la aprobaci\u00f3n del tribunal.\" width=\"820\" height=\"312\" srcset=\"https:\/\/floridareprofreedom.org\/wp-content\/uploads\/2020\/06\/webpage-image-JB-website-1.png 820w, https:\/\/floridareprofreedom.org\/wp-content\/uploads\/2020\/06\/webpage-image-JB-website-1-300x114.png 300w, https:\/\/floridareprofreedom.org\/wp-content\/uploads\/2020\/06\/webpage-image-JB-website-1-768x292.png 768w\" sizes=\"(max-width: 820px) 100vw, 820px\" \/><\/a><\/p>","protected":false},"excerpt":{"rendered":"<p>\u27a1\ufe0fEnglish \u27a1\ufe0fCreole Puedes hacerte un aborto sin la intervenci\u00f3n de tus padres La ley de Florida exige que los padres otorguen el permiso a una persona menor de 18 a\u00f1os que desee abortar. (M\u00e1s informaci\u00f3n sobre las leyes de Florida aqu\u00ed). Sabemos que la mayor\u00eda de los j\u00f3venes hablan con sus padres cuando necesitan un [&hellip;]<\/p>\n","protected":false},"author":3,"featured_media":0,"parent":0,"menu_order":0,"comment_status":"closed","ping_status":"closed","template":"","meta":{"footnotes":""},"folder":[9],"class_list":["post-1233","page","type-page","status-publish","hentry"],"yoast_head":"<!-- This site is optimized with the Yoast SEO plugin v27.3 - https:\/\/yoast.com\/product\/yoast-seo-wordpress\/ -->\n<title>Alternativa Judicial para un aborto en Florida - Floridians For Reproductive Freedom<\/title>\n<meta name=\"description\" content=\"Si no puedes obtener el permiso de tus padres o no puedes ped\u00edrselo, podr\u00edas abortar sin la intervenci\u00f3n de tus padres si acudes a los tribunales y se te concede una &quot;exenci\u00f3n judicial&quot;.\" \/>\n<meta name=\"robots\" content=\"index, follow, max-snippet:-1, max-image-preview:large, max-video-preview:-1\" \/>\n<link rel=\"canonical\" href=\"https:\/\/floridareprofreedom.org\/es\/alternativa-judicial-en-florida\/\" \/>\n<meta property=\"og:locale\" content=\"es_ES\" \/>\n<meta property=\"og:type\" content=\"article\" \/>\n<meta property=\"og:title\" content=\"Alternativa Judicial para un aborto en Florida - Floridians For Reproductive Freedom\" \/>\n<meta property=\"og:description\" content=\"Si no puedes obtener el permiso de tus padres o no puedes ped\u00edrselo, podr\u00edas abortar sin la intervenci\u00f3n de tus padres si acudes a los tribunales y se te concede una &quot;exenci\u00f3n judicial&quot;.\" \/>\n<meta property=\"og:url\" content=\"https:\/\/floridareprofreedom.org\/es\/alternativa-judicial-en-florida\/\" \/>\n<meta property=\"og:site_name\" content=\"Floridians For Reproductive Freedom\" \/>\n<meta property=\"article:publisher\" content=\"https:\/\/www.facebook.com\/FloridaReproFreedom\/\" \/>\n<meta property=\"article:modified_time\" content=\"2025-06-09T16:08:38+00:00\" \/>\n<meta property=\"og:image\" content=\"https:\/\/floridareprofreedom.org\/wp-content\/uploads\/2020\/06\/webpage-image-JB-website-1.png\" \/>\n\t<meta property=\"og:image:width\" content=\"820\" \/>\n\t<meta property=\"og:image:height\" content=\"312\" \/>\n\t<meta property=\"og:image:type\" content=\"image\/png\" \/>\n<meta name=\"twitter:card\" content=\"summary_large_image\" \/>\n<meta name=\"twitter:site\" content=\"@FLReproFreedom\" \/>\n<meta name=\"twitter:label1\" content=\"Est. reading time\" \/>\n\t<meta name=\"twitter:data1\" content=\"3 minutos\" \/>\n<script type=\"application\/ld+json\" class=\"yoast-schema-graph\">{\"@context\":\"https:\\\/\\\/schema.org\",\"@graph\":[{\"@type\":\"WebPage\",\"@id\":\"https:\\\/\\\/floridareprofreedom.org\\\/alternativa-judicial-en-florida\\\/\",\"url\":\"https:\\\/\\\/floridareprofreedom.org\\\/alternativa-judicial-en-florida\\\/\",\"name\":\"Alternativa Judicial para un aborto en Florida - Floridians For Reproductive Freedom\",\"isPartOf\":{\"@id\":\"https:\\\/\\\/floridareprofreedom.org\\\/#website\"},\"primaryImageOfPage\":{\"@id\":\"https:\\\/\\\/floridareprofreedom.org\\\/alternativa-judicial-en-florida\\\/#primaryimage\"},\"image\":{\"@id\":\"https:\\\/\\\/floridareprofreedom.org\\\/alternativa-judicial-en-florida\\\/#primaryimage\"},\"thumbnailUrl\":\"https:\\\/\\\/floridareprofreedom.org\\\/wp-content\\\/uploads\\\/2020\\\/06\\\/webpage-image-JB-website-1.png\",\"datePublished\":\"2020-08-04T19:00:16+00:00\",\"dateModified\":\"2025-06-09T16:08:38+00:00\",\"description\":\"Si no puedes obtener el permiso de tus padres o no puedes ped\u00edrselo, podr\u00edas abortar sin la intervenci\u00f3n de tus padres si acudes a los tribunales y se te concede una \\\"exenci\u00f3n judicial\\\".\",\"breadcrumb\":{\"@id\":\"https:\\\/\\\/floridareprofreedom.org\\\/alternativa-judicial-en-florida\\\/#breadcrumb\"},\"inLanguage\":\"es\",\"potentialAction\":[{\"@type\":\"ReadAction\",\"target\":[\"https:\\\/\\\/floridareprofreedom.org\\\/alternativa-judicial-en-florida\\\/\"]}]},{\"@type\":\"ImageObject\",\"inLanguage\":\"es\",\"@id\":\"https:\\\/\\\/floridareprofreedom.org\\\/alternativa-judicial-en-florida\\\/#primaryimage\",\"url\":\"https:\\\/\\\/floridareprofreedom.org\\\/wp-content\\\/uploads\\\/2020\\\/06\\\/webpage-image-JB-website-1.png\",\"contentUrl\":\"https:\\\/\\\/floridareprofreedom.org\\\/wp-content\\\/uploads\\\/2020\\\/06\\\/webpage-image-JB-website-1.png\"},{\"@type\":\"BreadcrumbList\",\"@id\":\"https:\\\/\\\/floridareprofreedom.org\\\/alternativa-judicial-en-florida\\\/#breadcrumb\",\"itemListElement\":[{\"@type\":\"ListItem\",\"position\":1,\"name\":\"Home\",\"item\":\"https:\\\/\\\/floridareprofreedom.org\\\/\"},{\"@type\":\"ListItem\",\"position\":2,\"name\":\"Alternativa Judicial para un aborto en Florida\"}]},{\"@type\":\"WebSite\",\"@id\":\"https:\\\/\\\/floridareprofreedom.org\\\/#website\",\"url\":\"https:\\\/\\\/floridareprofreedom.org\\\/\",\"name\":\"Floridians For Reproductive Freedom\",\"description\":\"Advocating for convenient, affordable, and safe access to reproductive health care, including abortion.\",\"publisher\":{\"@id\":\"https:\\\/\\\/floridareprofreedom.org\\\/#organization\"},\"potentialAction\":[{\"@type\":\"SearchAction\",\"target\":{\"@type\":\"EntryPoint\",\"urlTemplate\":\"https:\\\/\\\/floridareprofreedom.org\\\/?s={search_term_string}\"},\"query-input\":{\"@type\":\"PropertyValueSpecification\",\"valueRequired\":true,\"valueName\":\"search_term_string\"}}],\"inLanguage\":\"es\"},{\"@type\":\"Organization\",\"@id\":\"https:\\\/\\\/floridareprofreedom.org\\\/#organization\",\"name\":\"Floridians for Reproductive Freedom\",\"url\":\"https:\\\/\\\/floridareprofreedom.org\\\/\",\"logo\":{\"@type\":\"ImageObject\",\"inLanguage\":\"es\",\"@id\":\"https:\\\/\\\/floridareprofreedom.org\\\/#\\\/schema\\\/logo\\\/image\\\/\",\"url\":\"https:\\\/\\\/floridareprofreedom.org\\\/wp-content\\\/uploads\\\/2019\\\/05\\\/Untitled.jpg\",\"contentUrl\":\"https:\\\/\\\/floridareprofreedom.org\\\/wp-content\\\/uploads\\\/2019\\\/05\\\/Untitled.jpg\",\"width\":174,\"height\":180,\"caption\":\"Floridians for Reproductive Freedom\"},\"image\":{\"@id\":\"https:\\\/\\\/floridareprofreedom.org\\\/#\\\/schema\\\/logo\\\/image\\\/\"},\"sameAs\":[\"https:\\\/\\\/www.facebook.com\\\/FloridaReproFreedom\\\/\",\"https:\\\/\\\/x.com\\\/FLReproFreedom\",\"https:\\\/\\\/www.instagram.com\\\/floridareprofreedom\\\/\"]}]}<\/script>\n<!-- \/ Yoast SEO plugin. -->","yoast_head_json":{"title":"Alternativa Judicial para un aborto en Florida - Floridians For Reproductive Freedom","description":"Si no puedes obtener el permiso de tus padres o no puedes ped\u00edrselo, podr\u00edas abortar sin la intervenci\u00f3n de tus padres si acudes a los tribunales y se te concede una &quot;exenci\u00f3n judicial&quot;.","robots":{"index":"index","follow":"follow","max-snippet":"max-snippet:-1","max-image-preview":"max-image-preview:large","max-video-preview":"max-video-preview:-1"},"canonical":"https:\/\/floridareprofreedom.org\/es\/alternativa-judicial-en-florida\/","og_locale":"es_ES","og_type":"article","og_title":"Alternativa Judicial para un aborto en Florida - Floridians For Reproductive Freedom","og_description":"Si no puedes obtener el permiso de tus padres o no puedes ped\u00edrselo, podr\u00edas abortar sin la intervenci\u00f3n de tus padres si acudes a los tribunales y se te concede una \"exenci\u00f3n judicial\".","og_url":"https:\/\/floridareprofreedom.org\/es\/alternativa-judicial-en-florida\/","og_site_name":"Floridians For Reproductive Freedom","article_publisher":"https:\/\/www.facebook.com\/FloridaReproFreedom\/","article_modified_time":"2025-06-09T16:08:38+00:00","og_image":[{"width":820,"height":312,"url":"https:\/\/floridareprofreedom.org\/wp-content\/uploads\/2020\/06\/webpage-image-JB-website-1.png","type":"image\/png"}],"twitter_card":"summary_large_image","twitter_site":"@FLReproFreedom","twitter_misc":{"Est. reading time":"3 minutos"},"schema":{"@context":"https:\/\/schema.org","@graph":[{"@type":"WebPage","@id":"https:\/\/floridareprofreedom.org\/alternativa-judicial-en-florida\/","url":"https:\/\/floridareprofreedom.org\/alternativa-judicial-en-florida\/","name":"Alternativa Judicial para un aborto en Florida - Floridians For Reproductive Freedom","isPartOf":{"@id":"https:\/\/floridareprofreedom.org\/#website"},"primaryImageOfPage":{"@id":"https:\/\/floridareprofreedom.org\/alternativa-judicial-en-florida\/#primaryimage"},"image":{"@id":"https:\/\/floridareprofreedom.org\/alternativa-judicial-en-florida\/#primaryimage"},"thumbnailUrl":"https:\/\/floridareprofreedom.org\/wp-content\/uploads\/2020\/06\/webpage-image-JB-website-1.png","datePublished":"2020-08-04T19:00:16+00:00","dateModified":"2025-06-09T16:08:38+00:00","description":"Si no puedes obtener el permiso de tus padres o no puedes ped\u00edrselo, podr\u00edas abortar sin la intervenci\u00f3n de tus padres si acudes a los tribunales y se te concede una &quot;exenci\u00f3n judicial&quot;.","breadcrumb":{"@id":"https:\/\/floridareprofreedom.org\/alternativa-judicial-en-florida\/#breadcrumb"},"inLanguage":"es","potentialAction":[{"@type":"ReadAction","target":["https:\/\/floridareprofreedom.org\/alternativa-judicial-en-florida\/"]}]},{"@type":"ImageObject","inLanguage":"es","@id":"https:\/\/floridareprofreedom.org\/alternativa-judicial-en-florida\/#primaryimage","url":"https:\/\/floridareprofreedom.org\/wp-content\/uploads\/2020\/06\/webpage-image-JB-website-1.png","contentUrl":"https:\/\/floridareprofreedom.org\/wp-content\/uploads\/2020\/06\/webpage-image-JB-website-1.png"},{"@type":"BreadcrumbList","@id":"https:\/\/floridareprofreedom.org\/alternativa-judicial-en-florida\/#breadcrumb","itemListElement":[{"@type":"ListItem","position":1,"name":"Home","item":"https:\/\/floridareprofreedom.org\/"},{"@type":"ListItem","position":2,"name":"Alternativa Judicial para un aborto en Florida"}]},{"@type":"WebSite","@id":"https:\/\/floridareprofreedom.org\/#website","url":"https:\/\/floridareprofreedom.org\/","name":"Floridanos por la Libertad Reproductiva","description":"Abogando por un acceso conveniente, asequible y seguro a la atenci\u00f3n de la salud reproductiva, incluido el aborto.","publisher":{"@id":"https:\/\/floridareprofreedom.org\/#organization"},"potentialAction":[{"@type":"SearchAction","target":{"@type":"EntryPoint","urlTemplate":"https:\/\/floridareprofreedom.org\/?s={search_term_string}"},"query-input":{"@type":"PropertyValueSpecification","valueRequired":true,"valueName":"search_term_string"}}],"inLanguage":"es"},{"@type":"Organization","@id":"https:\/\/floridareprofreedom.org\/#organization","name":"Floridanos por la Libertad Reproductiva","url":"https:\/\/floridareprofreedom.org\/","logo":{"@type":"ImageObject","inLanguage":"es","@id":"https:\/\/floridareprofreedom.org\/#\/schema\/logo\/image\/","url":"https:\/\/floridareprofreedom.org\/wp-content\/uploads\/2019\/05\/Untitled.jpg","contentUrl":"https:\/\/floridareprofreedom.org\/wp-content\/uploads\/2019\/05\/Untitled.jpg","width":174,"height":180,"caption":"Floridians for Reproductive Freedom"},"image":{"@id":"https:\/\/floridareprofreedom.org\/#\/schema\/logo\/image\/"},"sameAs":["https:\/\/www.facebook.com\/FloridaReproFreedom\/","https:\/\/x.com\/FLReproFreedom","https:\/\/www.instagram.com\/floridareprofreedom\/"]}]}},"_links":{"self":[{"href":"https:\/\/floridareprofreedom.org\/es\/wp-json\/wp\/v2\/pages\/1233","targetHints":{"allow":["GET"]}}],"collection":[{"href":"https:\/\/floridareprofreedom.org\/es\/wp-json\/wp\/v2\/pages"}],"about":[{"href":"https:\/\/floridareprofreedom.org\/es\/wp-json\/wp\/v2\/types\/page"}],"author":[{"embeddable":true,"href":"https:\/\/floridareprofreedom.org\/es\/wp-json\/wp\/v2\/users\/3"}],"replies":[{"embeddable":true,"href":"https:\/\/floridareprofreedom.org\/es\/wp-json\/wp\/v2\/comments?post=1233"}],"version-history":[{"count":14,"href":"https:\/\/floridareprofreedom.org\/es\/wp-json\/wp\/v2\/pages\/1233\/revisions"}],"predecessor-version":[{"id":4086,"href":"https:\/\/floridareprofreedom.org\/es\/wp-json\/wp\/v2\/pages\/1233\/revisions\/4086"}],"wp:attachment":[{"href":"https:\/\/floridareprofreedom.org\/es\/wp-json\/wp\/v2\/media?parent=1233"}],"wp:term":[{"taxonomy":"folder","embeddable":true,"href":"https:\/\/floridareprofreedom.org\/es\/wp-json\/wp\/v2\/folder?post=1233"}],"curies":[{"name":"wp","href":"https:\/\/api.w.org\/{rel}","templated":true}]}}