{"id":1241,"date":"2020-08-05T12:12:06","date_gmt":"2020-08-05T12:12:06","guid":{"rendered":"https:\/\/floridareprofreedom.org\/?page_id=1241"},"modified":"2020-08-05T17:02:58","modified_gmt":"2020-08-05T17:02:58","slug":"jb3","status":"publish","type":"page","link":"https:\/\/floridareprofreedom.org\/es\/jb3\/","title":{"rendered":"\u00bfQu\u00e9 formularios necesito?"},"content":{"rendered":"<p><b>Debes completar los siguientes formularios (<\/b><a href=\"https:\/\/drive.google.com\/open?id=1viS619hMmAFomyK2ANCK1TPd-l4qF18E\"><b>descarga la solicitud en PDF aqu\u00ed<\/b><\/a><b>)<\/b><\/p>\n<p><span style=\"font-weight: 400;\">En muchos condados, estos formularios pueden completarse con anticipaci\u00f3n. En otros condados, un oficinista puede asistirte llen\u00e1ndolos, mientras que en otros un abogado asignado por la corte te puede ayudar o incluso hacerlos por ti despu\u00e9s de hablar contigo. M\u00e1s informaci\u00f3n sobre c\u00f3mo estas solicitudes son administradas en tu condado puedes encontrarlas en la p\u00e1gina: \u00bf<\/span><a href=\"https:\/\/floridareprofreedom.org\/es\/donde\/\"><span style=\"font-weight: 400;\">\u00bfD\u00f3nde puedo conseguir una alternativa judicial?\u00a0<\/span><\/a><\/p>\n<ol>\n<li style=\"font-weight: 400;\"><span style=\"font-weight: 400;\">\u201cDeclaraci\u00f3n Jurada de Nombre Verdadero y Seud\u00f3nimo\u201d \u2013 (Declaraci\u00f3n Jurada de Nombre Verdadero o Pseud\u00f3nimo) Este documento protege tu identidad y asegura que nadie sepa que fuiste a la corte a pedir esta exenci\u00f3n. Puedes identificarte con otro nombre para uso de la corte en lugar de tu nombre de nacimiento. Una vez llena esta petici\u00f3n la corte se referir\u00e1 a ti usando iniciales o el pseud\u00f3nimo que escojas. Esto te da el derecho de obtener un aborto sin que tus padres o custodios se enteren.\u00a0<\/span><\/li>\n<li style=\"font-weight: 400;\"><span style=\"font-weight: 400;\">\u201cPetici\u00f3n de omisi\u00f3n judicial\u201d \u2013 Petici\u00f3n de Alternativa Judicial: Este documento es una petici\u00f3n del juez. Puedes elegir ya sea escribir tu propia petici\u00f3n o traerla contigo o puedes llenar esta petici\u00f3n. La misma incluye:\u00a0<\/span>\n<ol>\n<li style=\"font-weight: 400;\"><span style=\"font-weight: 400;\">Tu seud\u00f3nimo o iniciales (cualquiera que escojas en tu Declaraci\u00f3n Jurada de Nombre Verdadero o seud\u00f3nimo.<\/span><\/li>\n<li style=\"font-weight: 400;\"><span style=\"font-weight: 400;\">\u00a0Edad<\/span><\/li>\n<li style=\"font-weight: 400;\"><span style=\"font-weight: 400;\">Una declaraci\u00f3n de que est\u00e1s embarazada y de que tus padres no saben sobre tu aborto y que no han autorizado que te practiquen un aborto.\u00a0<\/span><\/li>\n<li style=\"font-weight: 400;\"><span style=\"font-weight: 400;\">Una declaraci\u00f3n de que quieres terminar con tu embarazo sin decirle a tus padres o custodios. Aseg\u00farense de aver aceptado \u201cConsentimiento y Aviso\u201d en este art\u00edculo.<\/span><\/li>\n<li style=\"font-weight: 400;\"><span style=\"font-weight: 400;\">Una explicaci\u00f3n de por qu\u00e9 quieres interrumpir tu embarazo. Hay tres maneras en que puedes conseguir una alternativa judicial. Debes probar una de esas tres razones. Si m\u00e1s de una de las alternativas aplica, debes explicar cada raz\u00f3n que aplica. Las tres razones son: 1) eres suficiente madura o (maduro) para decidir si te haces un aborto 2) eres v\u00edctima de abuso dom\u00e9stico o sexual de parte de tus padres o custodios o 3) notificar a uno de tus padres o custodios no es una alternativa que velar\u00e1 por tus mejores intereses.<\/span><\/li>\n<\/ol>\n<\/li>\n<\/ol>\n<p style=\"text-align: center;\"><a href=\"https:\/\/floridareprofreedom.org\/es\/alternativa-judicial-en-florida\/\">Regresar al inicio<\/a>\u00a0 |\u00a0\u00a0<a href=\"https:\/\/floridareprofreedom.org\/es\/jb2\/\">Pregunta anterior<\/a>\u00a0 \u00a0 |\u00a0 <a href=\"https:\/\/floridareprofreedom.org\/es\/jb4\/\">Siguiente p\u00e1gina<\/a><\/p>\n<p><b>Preguntas relacionadas<\/b><\/p>\n<ol>\n<li style=\"font-weight: 400;\"><span style=\"font-weight: 400;\"><a href=\"https:\/\/floridareprofreedom.org\/es\/jb1\/\">\u00bf<\/a><a href=\"https:\/\/floridareprofreedom.org\/es\/jb1\/\">\u00bfQu\u00e9 es una alternativa judicial en caso de que necesite un aborto?<\/a><\/span><\/li>\n<li style=\"font-weight: 400;\"><a href=\"https:\/\/floridareprofreedom.org\/es\/jb2\/\"><span style=\"font-weight: 400;\">\u00bf<\/span><span style=\"font-weight: 400;\">\u00bfA d\u00f3nde debo acudir para poder hacerme un aborto?<\/span><\/a><\/li>\n<li style=\"font-weight: 400;\"><a href=\"https:\/\/floridareprofreedom.org\/es\/jb3\/\"><span style=\"font-weight: 400;\">\u00bf<\/span><span style=\"font-weight: 400;\">Qu\u00e9 tipo de formulario debe llenar<\/span><span style=\"font-weight: 400;\">?<\/span><\/a><\/li>\n<li style=\"font-weight: 400;\"><a href=\"https:\/\/floridareprofreedom.org\/es\/jb4\/\"><span style=\"font-weight: 400;\">\u00bfQu\u00e9 consider\u00f3 el juez para tomar una decisi\u00f3n?<\/span><\/a><\/li>\n<li style=\"font-weight: 400;\"><a href=\"https:\/\/floridareprofreedom.org\/es\/jb5\/\"><span style=\"font-weight: 400;\">\u00bfNecesito un abogado?<\/span><\/a><\/li>\n<li style=\"font-weight: 400;\"><a href=\"https:\/\/floridareprofreedom.org\/es\/jb6\/\"><span style=\"font-weight: 400;\">\u00bf<\/span><span style=\"font-weight: 400;\">\u00bfCu\u00e1nto tarda en conseguir una alternativa judicial?<\/span><\/a><\/li>\n<li style=\"font-weight: 400;\"><a href=\"https:\/\/floridareprofreedom.org\/es\/jb7\/\"><span style=\"font-weight: 400;\">\u00bf<\/span><span style=\"font-weight: 400;\">\u00bfCu\u00e1nto cuesta conseguir una alternativa judicial?<\/span><\/a><\/li>\n<li style=\"font-weight: 400;\"><a href=\"https:\/\/floridareprofreedom.org\/es\/jb8\/\"><span style=\"font-weight: 400;\">\u00bf<\/span><span style=\"font-weight: 400;\">\u00bfQui\u00e9n sabr\u00e1 si logr\u00f3 obtener una alternativa judicial?<\/span><\/a><\/li>\n<li style=\"font-weight: 400;\"><a href=\"https:\/\/floridareprofreedom.org\/es\/jb9\/\"><span style=\"font-weight: 400;\">\u00bf<\/span><span style=\"font-weight: 400;\">\u00bfQu\u00e9 tipo de preguntas me har\u00e1 el juez?<\/span><\/a><\/li>\n<li style=\"font-weight: 400;\"><a href=\"https:\/\/floridareprofreedom.org\/es\/jb10\/\"><span style=\"font-weight: 400;\">\u00bf<\/span><span style=\"font-weight: 400;\">\u00bfQu\u00e9 vestimenta debes usar para ir a la corte?<\/span><\/a><\/li>\n<li style=\"font-weight: 400;\"><a href=\"https:\/\/floridareprofreedom.org\/es\/jb11\/\"><span style=\"font-weight: 400;\">\u00bf<\/span><span style=\"font-weight: 400;\">Qu\u00e9 suceder\u00eda si mi audiencia est\u00e1 programada para un d\u00eda escolar<\/span><span style=\"font-weight: 400;\">?<\/span><\/a><\/li>\n<li style=\"font-weight: 400;\"><a href=\"https:\/\/floridareprofreedom.org\/es\/jb12\/\"><span style=\"font-weight: 400;\">\u00bf<\/span><span style=\"font-weight: 400;\">La persona involucrada en mi embarazo tiene potestad para decidir sobre si debo o no practicarme un aborto.<\/span><\/a><span style=\"font-weight: 400;\">?\u00a0<\/span><\/li>\n<li style=\"font-weight: 400;\"><a href=\"https:\/\/floridareprofreedom.org\/es\/jb13\/\"><span style=\"font-weight: 400;\">\u00a0<\/span><span style=\"font-weight: 400;\">\u00bf<\/span><span style=\"font-weight: 400;\">\u00bfTengo que ser ciudadana americana para practicarme un aborto? <\/span><span style=\"font-weight: 400;\">\u00bf<\/span><span style=\"font-weight: 400;\">\u00bfY si no puedo comunicarme en ingl\u00e9s?\u00a0<\/span><\/a><\/li>\n<li style=\"font-weight: 400;\"><a href=\"https:\/\/floridareprofreedom.org\/es\/jb14\/\"><span style=\"font-weight: 400;\">\u00bf<\/span><span style=\"font-weight: 400;\">\u00bfPuedo cambiar de decisi\u00f3n despu\u00e9s de una alternativa judicial?<\/span><\/a><\/li>\n<li><a href=\"https:\/\/floridareprofreedom.org\/es\/jb15\/\"><span style=\"font-weight: 400;\">\u00bf<\/span><span style=\"font-weight: 400;\">Qu\u00e9 pasa si el juez niega mi petici\u00f3n<\/span><span style=\"font-weight: 400;\">?<\/span><\/a><\/li>\n<\/ol>","protected":false},"excerpt":{"rendered":"<p>Debes completar los siguientes formularios (descarga la solicitud en PDF aqu\u00ed) En muchos condados, estos formularios pueden completarse con anticipaci\u00f3n. En otros condados, un oficinista puede asistirte llen\u00e1ndolos, mientras que en otros un abogado asignado por la corte te puede ayudar o incluso hacerlos por ti despu\u00e9s de hablar contigo. M\u00e1s informaci\u00f3n sobre c\u00f3mo estas [&hellip;]<\/p>\n","protected":false},"author":4,"featured_media":0,"parent":0,"menu_order":0,"comment_status":"closed","ping_status":"closed","template":"","meta":{"footnotes":""},"folder":[9],"class_list":["post-1241","page","type-page","status-publish","hentry"],"yoast_head":"<!-- This site is optimized with the Yoast SEO plugin v27.3 - https:\/\/yoast.com\/product\/yoast-seo-wordpress\/ -->\n<title>\u00bfQu\u00e9 formularios necesito? - Floridians For Reproductive Freedom<\/title>\n<meta name=\"robots\" content=\"index, follow, max-snippet:-1, max-image-preview:large, max-video-preview:-1\" \/>\n<link rel=\"canonical\" href=\"https:\/\/floridareprofreedom.org\/es\/jb3\/\" \/>\n<meta property=\"og:locale\" content=\"es_ES\" \/>\n<meta property=\"og:type\" content=\"article\" \/>\n<meta property=\"og:title\" content=\"\u00bfQu\u00e9 formularios necesito? - Floridians For Reproductive Freedom\" \/>\n<meta property=\"og:description\" content=\"Debes completar los siguientes formularios (descarga la solicitud en PDF aqu\u00ed) En muchos condados, estos formularios pueden completarse con anticipaci\u00f3n. En otros condados, un oficinista puede asistirte llen\u00e1ndolos, mientras que en otros un abogado asignado por la corte te puede ayudar o incluso hacerlos por ti despu\u00e9s de hablar contigo. M\u00e1s informaci\u00f3n sobre c\u00f3mo estas [&hellip;]\" \/>\n<meta property=\"og:url\" content=\"https:\/\/floridareprofreedom.org\/es\/jb3\/\" \/>\n<meta property=\"og:site_name\" content=\"Floridians For Reproductive Freedom\" \/>\n<meta property=\"article:publisher\" content=\"https:\/\/www.facebook.com\/FloridaReproFreedom\/\" \/>\n<meta property=\"article:modified_time\" content=\"2020-08-05T17:02:58+00:00\" \/>\n<meta name=\"twitter:card\" content=\"summary_large_image\" \/>\n<meta name=\"twitter:site\" content=\"@FLReproFreedom\" \/>\n<meta name=\"twitter:label1\" content=\"Est. reading time\" \/>\n\t<meta name=\"twitter:data1\" content=\"3 minutos\" \/>\n<script type=\"application\/ld+json\" class=\"yoast-schema-graph\">{\"@context\":\"https:\\\/\\\/schema.org\",\"@graph\":[{\"@type\":\"WebPage\",\"@id\":\"https:\\\/\\\/floridareprofreedom.org\\\/jb3\\\/\",\"url\":\"https:\\\/\\\/floridareprofreedom.org\\\/jb3\\\/\",\"name\":\"\u00bfQu\u00e9 formularios necesito? - Floridians For Reproductive Freedom\",\"isPartOf\":{\"@id\":\"https:\\\/\\\/floridareprofreedom.org\\\/#website\"},\"datePublished\":\"2020-08-05T12:12:06+00:00\",\"dateModified\":\"2020-08-05T17:02:58+00:00\",\"breadcrumb\":{\"@id\":\"https:\\\/\\\/floridareprofreedom.org\\\/jb3\\\/#breadcrumb\"},\"inLanguage\":\"es\",\"potentialAction\":[{\"@type\":\"ReadAction\",\"target\":[\"https:\\\/\\\/floridareprofreedom.org\\\/jb3\\\/\"]}]},{\"@type\":\"BreadcrumbList\",\"@id\":\"https:\\\/\\\/floridareprofreedom.org\\\/jb3\\\/#breadcrumb\",\"itemListElement\":[{\"@type\":\"ListItem\",\"position\":1,\"name\":\"Home\",\"item\":\"https:\\\/\\\/floridareprofreedom.org\\\/\"},{\"@type\":\"ListItem\",\"position\":2,\"name\":\"\u00bfQu\u00e9 formularios necesito?\"}]},{\"@type\":\"WebSite\",\"@id\":\"https:\\\/\\\/floridareprofreedom.org\\\/#website\",\"url\":\"https:\\\/\\\/floridareprofreedom.org\\\/\",\"name\":\"Floridians For Reproductive Freedom\",\"description\":\"Advocating for convenient, affordable, and safe access to reproductive health care, including abortion.\",\"publisher\":{\"@id\":\"https:\\\/\\\/floridareprofreedom.org\\\/#organization\"},\"potentialAction\":[{\"@type\":\"SearchAction\",\"target\":{\"@type\":\"EntryPoint\",\"urlTemplate\":\"https:\\\/\\\/floridareprofreedom.org\\\/?s={search_term_string}\"},\"query-input\":{\"@type\":\"PropertyValueSpecification\",\"valueRequired\":true,\"valueName\":\"search_term_string\"}}],\"inLanguage\":\"es\"},{\"@type\":\"Organization\",\"@id\":\"https:\\\/\\\/floridareprofreedom.org\\\/#organization\",\"name\":\"Floridians for Reproductive Freedom\",\"url\":\"https:\\\/\\\/floridareprofreedom.org\\\/\",\"logo\":{\"@type\":\"ImageObject\",\"inLanguage\":\"es\",\"@id\":\"https:\\\/\\\/floridareprofreedom.org\\\/#\\\/schema\\\/logo\\\/image\\\/\",\"url\":\"https:\\\/\\\/floridareprofreedom.org\\\/wp-content\\\/uploads\\\/2019\\\/05\\\/Untitled.jpg\",\"contentUrl\":\"https:\\\/\\\/floridareprofreedom.org\\\/wp-content\\\/uploads\\\/2019\\\/05\\\/Untitled.jpg\",\"width\":174,\"height\":180,\"caption\":\"Floridians for Reproductive Freedom\"},\"image\":{\"@id\":\"https:\\\/\\\/floridareprofreedom.org\\\/#\\\/schema\\\/logo\\\/image\\\/\"},\"sameAs\":[\"https:\\\/\\\/www.facebook.com\\\/FloridaReproFreedom\\\/\",\"https:\\\/\\\/x.com\\\/FLReproFreedom\",\"https:\\\/\\\/www.instagram.com\\\/floridareprofreedom\\\/\"]}]}<\/script>\n<!-- \/ Yoast SEO plugin. -->","yoast_head_json":{"title":"\u00bfQu\u00e9 formularios necesito? - Floridanos por la libertad reproductiva","robots":{"index":"index","follow":"follow","max-snippet":"max-snippet:-1","max-image-preview":"max-image-preview:large","max-video-preview":"max-video-preview:-1"},"canonical":"https:\/\/floridareprofreedom.org\/es\/jb3\/","og_locale":"es_ES","og_type":"article","og_title":"\u00bfQu\u00e9 formularios necesito? - Floridians For Reproductive Freedom","og_description":"Debes completar los siguientes formularios (descarga la solicitud en PDF aqu\u00ed) En muchos condados, estos formularios pueden completarse con anticipaci\u00f3n. En otros condados, un oficinista puede asistirte llen\u00e1ndolos, mientras que en otros un abogado asignado por la corte te puede ayudar o incluso hacerlos por ti despu\u00e9s de hablar contigo. M\u00e1s informaci\u00f3n sobre c\u00f3mo estas [&hellip;]","og_url":"https:\/\/floridareprofreedom.org\/es\/jb3\/","og_site_name":"Floridians For Reproductive Freedom","article_publisher":"https:\/\/www.facebook.com\/FloridaReproFreedom\/","article_modified_time":"2020-08-05T17:02:58+00:00","twitter_card":"summary_large_image","twitter_site":"@FLReproFreedom","twitter_misc":{"Est. reading time":"3 minutos"},"schema":{"@context":"https:\/\/schema.org","@graph":[{"@type":"WebPage","@id":"https:\/\/floridareprofreedom.org\/jb3\/","url":"https:\/\/floridareprofreedom.org\/jb3\/","name":"\u00bfQu\u00e9 formularios necesito? - Floridanos por la libertad reproductiva","isPartOf":{"@id":"https:\/\/floridareprofreedom.org\/#website"},"datePublished":"2020-08-05T12:12:06+00:00","dateModified":"2020-08-05T17:02:58+00:00","breadcrumb":{"@id":"https:\/\/floridareprofreedom.org\/jb3\/#breadcrumb"},"inLanguage":"es","potentialAction":[{"@type":"ReadAction","target":["https:\/\/floridareprofreedom.org\/jb3\/"]}]},{"@type":"BreadcrumbList","@id":"https:\/\/floridareprofreedom.org\/jb3\/#breadcrumb","itemListElement":[{"@type":"ListItem","position":1,"name":"Home","item":"https:\/\/floridareprofreedom.org\/"},{"@type":"ListItem","position":2,"name":"\u00bfQu\u00e9 formularios necesito?"}]},{"@type":"WebSite","@id":"https:\/\/floridareprofreedom.org\/#website","url":"https:\/\/floridareprofreedom.org\/","name":"Floridanos por la Libertad Reproductiva","description":"Abogando por un acceso conveniente, asequible y seguro a la atenci\u00f3n de la salud reproductiva, incluido el aborto.","publisher":{"@id":"https:\/\/floridareprofreedom.org\/#organization"},"potentialAction":[{"@type":"SearchAction","target":{"@type":"EntryPoint","urlTemplate":"https:\/\/floridareprofreedom.org\/?s={search_term_string}"},"query-input":{"@type":"PropertyValueSpecification","valueRequired":true,"valueName":"search_term_string"}}],"inLanguage":"es"},{"@type":"Organization","@id":"https:\/\/floridareprofreedom.org\/#organization","name":"Floridanos por la Libertad Reproductiva","url":"https:\/\/floridareprofreedom.org\/","logo":{"@type":"ImageObject","inLanguage":"es","@id":"https:\/\/floridareprofreedom.org\/#\/schema\/logo\/image\/","url":"https:\/\/floridareprofreedom.org\/wp-content\/uploads\/2019\/05\/Untitled.jpg","contentUrl":"https:\/\/floridareprofreedom.org\/wp-content\/uploads\/2019\/05\/Untitled.jpg","width":174,"height":180,"caption":"Floridians for Reproductive Freedom"},"image":{"@id":"https:\/\/floridareprofreedom.org\/#\/schema\/logo\/image\/"},"sameAs":["https:\/\/www.facebook.com\/FloridaReproFreedom\/","https:\/\/x.com\/FLReproFreedom","https:\/\/www.instagram.com\/floridareprofreedom\/"]}]}},"_links":{"self":[{"href":"https:\/\/floridareprofreedom.org\/es\/wp-json\/wp\/v2\/pages\/1241","targetHints":{"allow":["GET"]}}],"collection":[{"href":"https:\/\/floridareprofreedom.org\/es\/wp-json\/wp\/v2\/pages"}],"about":[{"href":"https:\/\/floridareprofreedom.org\/es\/wp-json\/wp\/v2\/types\/page"}],"author":[{"embeddable":true,"href":"https:\/\/floridareprofreedom.org\/es\/wp-json\/wp\/v2\/users\/4"}],"replies":[{"embeddable":true,"href":"https:\/\/floridareprofreedom.org\/es\/wp-json\/wp\/v2\/comments?post=1241"}],"version-history":[{"count":14,"href":"https:\/\/floridareprofreedom.org\/es\/wp-json\/wp\/v2\/pages\/1241\/revisions"}],"predecessor-version":[{"id":1315,"href":"https:\/\/floridareprofreedom.org\/es\/wp-json\/wp\/v2\/pages\/1241\/revisions\/1315"}],"wp:attachment":[{"href":"https:\/\/floridareprofreedom.org\/es\/wp-json\/wp\/v2\/media?parent=1241"}],"wp:term":[{"taxonomy":"folder","embeddable":true,"href":"https:\/\/floridareprofreedom.org\/es\/wp-json\/wp\/v2\/folder?post=1241"}],"curies":[{"name":"wp","href":"https:\/\/api.w.org\/{rel}","templated":true}]}}