{"id":1361,"date":"2020-10-29T16:53:30","date_gmt":"2020-10-29T16:53:30","guid":{"rendered":"https:\/\/floridareprofreedom.org\/?page_id=1361"},"modified":"2020-11-19T15:25:47","modified_gmt":"2020-11-19T15:25:47","slug":"postales-electronicas","status":"publish","type":"page","link":"https:\/\/floridareprofreedom.org\/es\/ecpostcards\/","title":{"rendered":"\u00a1Hola, Publix! Campa\u00f1a de postales &quot;No te escondas&quot; de EC"},"content":{"rendered":"<p><strong>\u00a1Hola, Publix! #DontHideEC<\/strong> es un proyecto de defensa para ayudar a que las voces de los consumidores sean escuchadas por Publix, un minorista presente en casi todas las comunidades de Florida.\u00a0 <strong>Gracias<\/strong> por participar en el proyecto Hey, Publix! #DontHideEC.<\/p>\n<p style=\"text-align: center;\"><a href=\"https:\/\/floridareprofreedom.org\/wp-content\/uploads\/2020\/11\/Postcards-Publix.pdf\"><img fetchpriority=\"high\" decoding=\"async\" class=\"alignnone wp-image-1374\" src=\"https:\/\/floridareprofreedom.org\/wp-content\/uploads\/2020\/10\/2-1-1024x791.png\" alt=\"\" width=\"532\" height=\"411\" srcset=\"https:\/\/floridareprofreedom.org\/wp-content\/uploads\/2020\/10\/2-1-1024x791.png 1024w, https:\/\/floridareprofreedom.org\/wp-content\/uploads\/2020\/10\/2-1-300x232.png 300w, https:\/\/floridareprofreedom.org\/wp-content\/uploads\/2020\/10\/2-1-768x593.png 768w, https:\/\/floridareprofreedom.org\/wp-content\/uploads\/2020\/10\/2-1-1536x1187.png 1536w, https:\/\/floridareprofreedom.org\/wp-content\/uploads\/2020\/10\/2-1.png 1650w\" sizes=\"(max-width: 532px) 100vw, 532px\" \/><\/a><\/p>\n<p><a href=\"https:\/\/floridareprofreedom.org\/wp-content\/uploads\/2020\/11\/Postcards-Publix.pdf\"><img decoding=\"async\" class=\"alignnone size-full wp-image-1533 aligncenter\" src=\"https:\/\/floridareprofreedom.org\/wp-content\/uploads\/2020\/11\/play-1.png\" alt=\"\" width=\"536\" height=\"352\" \/><\/a><\/p>\n<p style=\"text-align: center;\"><img decoding=\"async\" class=\"alignnone wp-image-1544\" src=\"https:\/\/floridareprofreedom.org\/wp-content\/uploads\/2020\/11\/postcard-side-2.png\" alt=\"\" width=\"532\" height=\"358\" srcset=\"https:\/\/floridareprofreedom.org\/wp-content\/uploads\/2020\/11\/postcard-side-2.png 558w, https:\/\/floridareprofreedom.org\/wp-content\/uploads\/2020\/11\/postcard-side-2-300x202.png 300w\" sizes=\"(max-width: 532px) 100vw, 532px\" \/><\/p>\n<p><a href=\"https:\/\/floridareprofreedom.org\/wp-content\/uploads\/2020\/11\/Postcards-Publix.pdf\">Descargar este PDF<\/a> Para imprimir su propio juego de postales dirigidas a cuatro altos funcionarios de Publix en cartulina. O bien, para imprimir varios juegos, env\u00edelos a su imprenta local.<\/p>\n<p>Agregar su nombre y al menos su c\u00f3digo postal le da credibilidad a su mensaje. El correo an\u00f3nimo se descarta f\u00e1cilmente. Por favor, aseg\u00farese de incluir su nombre y c\u00f3digo postal al escribir a Publix. Aseg\u00farese de que su voz sea escuchada.<\/p>\n<p>\u00a1Ay\u00fadanos a difundir este proyecto! Toma fotos de tus tarjetas terminadas y comp\u00e1rtelas en redes sociales con nuestro hashtag #DontHideEC, etiqueta a @Publix y comparte nuestro sitio web: FloridaReproFreedom.org<\/p>\n<p>Como se indic\u00f3 anteriormente, algunos participantes en la campa\u00f1a de postales #DontHideEC est\u00e1n enviando el PDF a sus <strong>imprenta local<\/strong> Para impresi\u00f3n a doble cara en cartulina. Algunos cortan ellos mismos, mientras que otros pagan a la imprenta para que corte la cartulina en cuatro partes. Cualquiera de las dos opciones est\u00e1 bien.<\/p>\n<h3 style=\"text-align: center;\"><strong>Consejos de impresi\u00f3n y configuraci\u00f3n para utilizar su propia impresora en casa<\/strong><\/h3>\n<p>La mayor\u00eda de las impresoras de escritorio deber\u00edan funcionar para esto, siempre y cuando la cartulina pase.<\/p>\n<p><strong>Configuraci\u00f3n de la impresora<\/strong><\/p>\n<ul>\n<li>No escalar para ajustar ni encoger para ajustar<\/li>\n<li>Imprimir en 100%<\/li>\n<\/ul>\n<p><strong>Impresi\u00f3n de AMBOS lados de la postal<\/strong><\/p>\n<ul>\n<li>Cada ficha tiene un reverso. \u00a1Imprime ambos lados! El reverso contiene la direcci\u00f3n.<\/li>\n<li>Lo mejor es imprimir la portada y la contraportada en pasadas separadas. (Imprima solo la p\u00e1gina con los dise\u00f1os seleccionando &quot;Rango&quot; de p\u00e1ginas, no &quot;Todas&quot;).<\/li>\n<li>Tome nota de c\u00f3mo se alimenta el papel en la impresora (coloque un peque\u00f1o punto en un lado para que pueda probar y ver c\u00f3mo se alimenta el papel en su impresora)<\/li>\n<li>Es posible que su impresora tenga una opci\u00f3n para imprimir a doble cara. Si sabe c\u00f3mo ajustar la segunda cara, int\u00e9ntelo. A veces, la configuraci\u00f3n predeterminada coloca el reverso de la tarjeta boca abajo.<\/li>\n<\/ul>\n<p><strong>\u00bfQu\u00e9 tipo de papel utilizar?<\/strong><\/p>\n<ul>\n<li>Las postales deben imprimirse en cartulina.<\/li>\n<li>Elija cartulina de 80 lb a 110 lb para cumplir con las regulaciones de USPS<\/li>\n<li>Se pueden comprar resmas de este papel en cualquier tienda de art\u00edculos de oficina.<\/li>\n<li>La tarjeta se imprime en blanco y negro, por lo que cualquier cartulina de color servir\u00e1 (considere un color brillante).<\/li>\n<\/ul>\n<p><strong>\u00bfQu\u00e9 franqueo se requiere?<\/strong><\/p>\n<ul>\n<li>Las tarjetas \u201cpeque\u00f1as\u201d requieren una estampilla de 35 centavos de USPS.<\/li>\n<\/ul>\n<p>&nbsp;<\/p>","protected":false},"excerpt":{"rendered":"<p>Hey, Publix! #DontHideEC is an advocacy project to help consumers&#8217; voices be heard by Publix, a retailer in nearly every Florida community.\u00a0 Thank you for participating in the Hey, Publix! #DontHideEC project. Download this PDF to print your own set of postcards addressed to four Publix senior officials onto cardstock. Or, to print multiple sets, [&hellip;]<\/p>\n","protected":false},"author":3,"featured_media":0,"parent":0,"menu_order":0,"comment_status":"closed","ping_status":"closed","template":"","meta":{"footnotes":""},"folder":[10],"class_list":["post-1361","page","type-page","status-publish","hentry"],"yoast_head":"<!-- This site is optimized with the Yoast SEO plugin v27.4 - https:\/\/yoast.com\/product\/yoast-seo-wordpress\/ -->\n<title>Hey, Publix! Don&#039;t hide EC postcard campaign - Floridians For Reproductive Freedom<\/title>\n<meta name=\"robots\" content=\"index, follow, max-snippet:-1, max-image-preview:large, max-video-preview:-1\" \/>\n<link rel=\"canonical\" href=\"https:\/\/floridareprofreedom.org\/es\/postales-electronicas\/\" \/>\n<meta property=\"og:locale\" content=\"es_ES\" \/>\n<meta property=\"og:type\" content=\"article\" \/>\n<meta property=\"og:title\" content=\"Hey, Publix! Don&#039;t hide EC postcard campaign - Floridians For Reproductive Freedom\" \/>\n<meta property=\"og:description\" content=\"Hey, Publix! #DontHideEC is an advocacy project to help consumers&#8217; voices be heard by Publix, a retailer in nearly every Florida community.\u00a0 Thank you for participating in the Hey, Publix! #DontHideEC project. Download this PDF to print your own set of postcards addressed to four Publix senior officials onto cardstock. Or, to print multiple sets, [&hellip;]\" \/>\n<meta property=\"og:url\" content=\"https:\/\/floridareprofreedom.org\/es\/postales-electronicas\/\" \/>\n<meta property=\"og:site_name\" content=\"Floridians For Reproductive Freedom\" \/>\n<meta property=\"article:publisher\" content=\"https:\/\/www.facebook.com\/FloridaReproFreedom\/\" \/>\n<meta property=\"article:modified_time\" content=\"2020-11-19T15:25:47+00:00\" \/>\n<meta property=\"og:image\" content=\"https:\/\/floridareprofreedom.org\/wp-content\/uploads\/2020\/10\/2-1-1024x791.png\" \/>\n<meta name=\"twitter:card\" content=\"summary_large_image\" \/>\n<meta name=\"twitter:site\" content=\"@FLReproFreedom\" \/>\n<meta name=\"twitter:label1\" content=\"Est. reading time\" \/>\n\t<meta name=\"twitter:data1\" content=\"2 minutos\" \/>\n<script type=\"application\/ld+json\" class=\"yoast-schema-graph\">{\"@context\":\"https:\\\/\\\/schema.org\",\"@graph\":[{\"@type\":\"WebPage\",\"@id\":\"https:\\\/\\\/floridareprofreedom.org\\\/ecpostcards\\\/\",\"url\":\"https:\\\/\\\/floridareprofreedom.org\\\/ecpostcards\\\/\",\"name\":\"Hey, Publix! Don't hide EC postcard campaign - Floridians For Reproductive Freedom\",\"isPartOf\":{\"@id\":\"https:\\\/\\\/floridareprofreedom.org\\\/#website\"},\"primaryImageOfPage\":{\"@id\":\"https:\\\/\\\/floridareprofreedom.org\\\/ecpostcards\\\/#primaryimage\"},\"image\":{\"@id\":\"https:\\\/\\\/floridareprofreedom.org\\\/ecpostcards\\\/#primaryimage\"},\"thumbnailUrl\":\"https:\\\/\\\/floridareprofreedom.org\\\/wp-content\\\/uploads\\\/2020\\\/10\\\/2-1-1024x791.png\",\"datePublished\":\"2020-10-29T16:53:30+00:00\",\"dateModified\":\"2020-11-19T15:25:47+00:00\",\"breadcrumb\":{\"@id\":\"https:\\\/\\\/floridareprofreedom.org\\\/ecpostcards\\\/#breadcrumb\"},\"inLanguage\":\"es\",\"potentialAction\":[{\"@type\":\"ReadAction\",\"target\":[\"https:\\\/\\\/floridareprofreedom.org\\\/ecpostcards\\\/\"]}]},{\"@type\":\"ImageObject\",\"inLanguage\":\"es\",\"@id\":\"https:\\\/\\\/floridareprofreedom.org\\\/ecpostcards\\\/#primaryimage\",\"url\":\"https:\\\/\\\/floridareprofreedom.org\\\/wp-content\\\/uploads\\\/2020\\\/10\\\/2-1-1024x791.png\",\"contentUrl\":\"https:\\\/\\\/floridareprofreedom.org\\\/wp-content\\\/uploads\\\/2020\\\/10\\\/2-1-1024x791.png\"},{\"@type\":\"BreadcrumbList\",\"@id\":\"https:\\\/\\\/floridareprofreedom.org\\\/ecpostcards\\\/#breadcrumb\",\"itemListElement\":[{\"@type\":\"ListItem\",\"position\":1,\"name\":\"Home\",\"item\":\"https:\\\/\\\/floridareprofreedom.org\\\/\"},{\"@type\":\"ListItem\",\"position\":2,\"name\":\"Hey, Publix! Don&#8217;t hide EC postcard campaign\"}]},{\"@type\":\"WebSite\",\"@id\":\"https:\\\/\\\/floridareprofreedom.org\\\/#website\",\"url\":\"https:\\\/\\\/floridareprofreedom.org\\\/\",\"name\":\"Floridians For Reproductive Freedom\",\"description\":\"Advocating for convenient, affordable, and safe access to reproductive health care, including abortion.\",\"publisher\":{\"@id\":\"https:\\\/\\\/floridareprofreedom.org\\\/#organization\"},\"potentialAction\":[{\"@type\":\"SearchAction\",\"target\":{\"@type\":\"EntryPoint\",\"urlTemplate\":\"https:\\\/\\\/floridareprofreedom.org\\\/?s={search_term_string}\"},\"query-input\":{\"@type\":\"PropertyValueSpecification\",\"valueRequired\":true,\"valueName\":\"search_term_string\"}}],\"inLanguage\":\"es\"},{\"@type\":\"Organization\",\"@id\":\"https:\\\/\\\/floridareprofreedom.org\\\/#organization\",\"name\":\"Floridians for Reproductive Freedom\",\"url\":\"https:\\\/\\\/floridareprofreedom.org\\\/\",\"logo\":{\"@type\":\"ImageObject\",\"inLanguage\":\"es\",\"@id\":\"https:\\\/\\\/floridareprofreedom.org\\\/#\\\/schema\\\/logo\\\/image\\\/\",\"url\":\"https:\\\/\\\/floridareprofreedom.org\\\/wp-content\\\/uploads\\\/2019\\\/05\\\/Untitled.jpg\",\"contentUrl\":\"https:\\\/\\\/floridareprofreedom.org\\\/wp-content\\\/uploads\\\/2019\\\/05\\\/Untitled.jpg\",\"width\":174,\"height\":180,\"caption\":\"Floridians for Reproductive Freedom\"},\"image\":{\"@id\":\"https:\\\/\\\/floridareprofreedom.org\\\/#\\\/schema\\\/logo\\\/image\\\/\"},\"sameAs\":[\"https:\\\/\\\/www.facebook.com\\\/FloridaReproFreedom\\\/\",\"https:\\\/\\\/x.com\\\/FLReproFreedom\",\"https:\\\/\\\/www.instagram.com\\\/floridareprofreedom\\\/\"]}]}<\/script>\n<!-- \/ Yoast SEO plugin. -->","yoast_head_json":{"title":"\u00a1Hola Publix! Campa\u00f1a de postales &quot;No escondas la CE&quot; - Floridanos por la Libertad Reproductiva","robots":{"index":"index","follow":"follow","max-snippet":"max-snippet:-1","max-image-preview":"max-image-preview:large","max-video-preview":"max-video-preview:-1"},"canonical":"https:\/\/floridareprofreedom.org\/es\/postales-electronicas\/","og_locale":"es_ES","og_type":"article","og_title":"Hey, Publix! Don't hide EC postcard campaign - Floridians For Reproductive Freedom","og_description":"Hey, Publix! #DontHideEC is an advocacy project to help consumers&#8217; voices be heard by Publix, a retailer in nearly every Florida community.\u00a0 Thank you for participating in the Hey, Publix! #DontHideEC project. Download this PDF to print your own set of postcards addressed to four Publix senior officials onto cardstock. Or, to print multiple sets, [&hellip;]","og_url":"https:\/\/floridareprofreedom.org\/es\/postales-electronicas\/","og_site_name":"Floridians For Reproductive Freedom","article_publisher":"https:\/\/www.facebook.com\/FloridaReproFreedom\/","article_modified_time":"2020-11-19T15:25:47+00:00","og_image":[{"url":"https:\/\/floridareprofreedom.org\/wp-content\/uploads\/2020\/10\/2-1-1024x791.png","type":"","width":"","height":""}],"twitter_card":"summary_large_image","twitter_site":"@FLReproFreedom","twitter_misc":{"Est. reading time":"2 minutos"},"schema":{"@context":"https:\/\/schema.org","@graph":[{"@type":"WebPage","@id":"https:\/\/floridareprofreedom.org\/ecpostcards\/","url":"https:\/\/floridareprofreedom.org\/ecpostcards\/","name":"\u00a1Hola Publix! Campa\u00f1a de postales &quot;No escondas la CE&quot; - Floridanos por la Libertad Reproductiva","isPartOf":{"@id":"https:\/\/floridareprofreedom.org\/#website"},"primaryImageOfPage":{"@id":"https:\/\/floridareprofreedom.org\/ecpostcards\/#primaryimage"},"image":{"@id":"https:\/\/floridareprofreedom.org\/ecpostcards\/#primaryimage"},"thumbnailUrl":"https:\/\/floridareprofreedom.org\/wp-content\/uploads\/2020\/10\/2-1-1024x791.png","datePublished":"2020-10-29T16:53:30+00:00","dateModified":"2020-11-19T15:25:47+00:00","breadcrumb":{"@id":"https:\/\/floridareprofreedom.org\/ecpostcards\/#breadcrumb"},"inLanguage":"es","potentialAction":[{"@type":"ReadAction","target":["https:\/\/floridareprofreedom.org\/ecpostcards\/"]}]},{"@type":"ImageObject","inLanguage":"es","@id":"https:\/\/floridareprofreedom.org\/ecpostcards\/#primaryimage","url":"https:\/\/floridareprofreedom.org\/wp-content\/uploads\/2020\/10\/2-1-1024x791.png","contentUrl":"https:\/\/floridareprofreedom.org\/wp-content\/uploads\/2020\/10\/2-1-1024x791.png"},{"@type":"BreadcrumbList","@id":"https:\/\/floridareprofreedom.org\/ecpostcards\/#breadcrumb","itemListElement":[{"@type":"ListItem","position":1,"name":"Home","item":"https:\/\/floridareprofreedom.org\/"},{"@type":"ListItem","position":2,"name":"Hey, Publix! Don&#8217;t hide EC postcard campaign"}]},{"@type":"WebSite","@id":"https:\/\/floridareprofreedom.org\/#website","url":"https:\/\/floridareprofreedom.org\/","name":"Floridanos por la Libertad Reproductiva","description":"Abogando por un acceso conveniente, asequible y seguro a la atenci\u00f3n de la salud reproductiva, incluido el aborto.","publisher":{"@id":"https:\/\/floridareprofreedom.org\/#organization"},"potentialAction":[{"@type":"SearchAction","target":{"@type":"EntryPoint","urlTemplate":"https:\/\/floridareprofreedom.org\/?s={search_term_string}"},"query-input":{"@type":"PropertyValueSpecification","valueRequired":true,"valueName":"search_term_string"}}],"inLanguage":"es"},{"@type":"Organization","@id":"https:\/\/floridareprofreedom.org\/#organization","name":"Floridanos por la Libertad Reproductiva","url":"https:\/\/floridareprofreedom.org\/","logo":{"@type":"ImageObject","inLanguage":"es","@id":"https:\/\/floridareprofreedom.org\/#\/schema\/logo\/image\/","url":"https:\/\/floridareprofreedom.org\/wp-content\/uploads\/2019\/05\/Untitled.jpg","contentUrl":"https:\/\/floridareprofreedom.org\/wp-content\/uploads\/2019\/05\/Untitled.jpg","width":174,"height":180,"caption":"Floridians for Reproductive Freedom"},"image":{"@id":"https:\/\/floridareprofreedom.org\/#\/schema\/logo\/image\/"},"sameAs":["https:\/\/www.facebook.com\/FloridaReproFreedom\/","https:\/\/x.com\/FLReproFreedom","https:\/\/www.instagram.com\/floridareprofreedom\/"]}]}},"_links":{"self":[{"href":"https:\/\/floridareprofreedom.org\/es\/wp-json\/wp\/v2\/pages\/1361","targetHints":{"allow":["GET"]}}],"collection":[{"href":"https:\/\/floridareprofreedom.org\/es\/wp-json\/wp\/v2\/pages"}],"about":[{"href":"https:\/\/floridareprofreedom.org\/es\/wp-json\/wp\/v2\/types\/page"}],"author":[{"embeddable":true,"href":"https:\/\/floridareprofreedom.org\/es\/wp-json\/wp\/v2\/users\/3"}],"replies":[{"embeddable":true,"href":"https:\/\/floridareprofreedom.org\/es\/wp-json\/wp\/v2\/comments?post=1361"}],"version-history":[{"count":9,"href":"https:\/\/floridareprofreedom.org\/es\/wp-json\/wp\/v2\/pages\/1361\/revisions"}],"predecessor-version":[{"id":1545,"href":"https:\/\/floridareprofreedom.org\/es\/wp-json\/wp\/v2\/pages\/1361\/revisions\/1545"}],"wp:attachment":[{"href":"https:\/\/floridareprofreedom.org\/es\/wp-json\/wp\/v2\/media?parent=1361"}],"wp:term":[{"taxonomy":"folder","embeddable":true,"href":"https:\/\/floridareprofreedom.org\/es\/wp-json\/wp\/v2\/folder?post=1361"}],"curies":[{"name":"wp","href":"https:\/\/api.w.org\/{rel}","templated":true}]}}