{"id":1366,"date":"2020-10-29T16:51:35","date_gmt":"2020-10-29T16:51:35","guid":{"rendered":"https:\/\/floridareprofreedom.org\/?page_id=1366"},"modified":"2023-08-02T22:56:05","modified_gmt":"2023-08-02T22:56:05","slug":"ce","status":"publish","type":"page","link":"https:\/\/floridareprofreedom.org\/es\/ec\/","title":{"rendered":"\u00a1Oye, Publix! No escondas el EC"},"content":{"rendered":"<p><em><span style=\"font-weight: 400;\">La anticoncepci\u00f3n de emergencia (AE) es una forma segura y eficaz de prevenir el embarazo. Por ello, la Administraci\u00f3n de Alimentos y Medicamentos (FDA) permite, desde 2013, que los minoristas vendan anticonceptivos de emergencia en sus tiendas a cualquier persona, independientemente de su edad o sexo, sin necesidad de presentar identificaci\u00f3n. En ninguna de las directrices de la FDA se sugiere que las personas necesiten ayuda del personal de farmacia para comprar anticonceptivos de emergencia autorizados para su venta en tiendas.<\/span><\/em><\/p>\n<h3><b>Publix, una cadena minorista esencial en las comunidades de Florida, <\/b><b>tiene una pol\u00edtica corporativa que inhibe el acceso de los clientes a la anticoncepci\u00f3n de emergencia<\/b><b>\u00a0<\/b><\/h3>\n<p><span style=\"font-weight: 400;\">En visitas a m\u00e1s de 100 tiendas Publix, voluntarios de la coalici\u00f3n Floridanos por la Libertad Reproductiva descubrieron que la \u00fanica manera de acceder a la AE era a trav\u00e9s del mostrador de la farmacia. Otras tiendas con farmacias, como CVS, Walgreens, Target y Walmart, la ofrecen sin receta, en el pasillo de la secci\u00f3n de planificaci\u00f3n familiar. (Un estudio de la Sociedad Americana de Anticoncepci\u00f3n de Emergencia revel\u00f3 que el 76 % de las cadenas minoristas ya ofrecen anticonceptivos de emergencia en sus estantes).<\/span><\/p>\n<p><span style=\"font-weight: 400;\">Publix exige que los clientes soliciten anticonceptivos de emergencia (AE), como Plan B One Step, al personal de la farmacia para comprarlos, a pesar de estar autorizados para su venta en tiendas. Este requisito crea barreras innecesarias para los clientes de Publix, muchos de los cuales pueden ser j\u00f3venes y vulnerables, que necesitan productos esenciales para la salud reproductiva. Esto no solo dificulta y dificulta el acceso a la anticoncepci\u00f3n de emergencia, sino que tambi\u00e9n resulta condescendiente con los clientes y estigmatiza la atenci\u00f3n de la salud reproductiva.<\/span><\/p>\n<p><span style=\"font-weight: 400;\">Las personas necesitan acceder f\u00e1cilmente a la anticoncepci\u00f3n de emergencia, ya que se trata de un medicamento urgente que es m\u00e1s efectivo cuanto antes se toma. Exigir a los clientes que esperen a que la farmacia abra o que soliciten la anticoncepci\u00f3n de emergencia a un empleado de la farmacia son obst\u00e1culos innecesarios. La pr\u00e1ctica de Publix de distinguir a los clientes que compran anticonceptivos de emergencia de todos los dem\u00e1s clientes que compran medicamentos seguros y eficaces sin receta perjudica a nuestras comunidades.<\/span><\/p>\n<p><span style=\"font-weight: 400;\">Es hora de poner la anticoncepci\u00f3n de emergencia directamente en los estantes, donde corresponde. Con m\u00e1s de 1200 tiendas en seis estados, innumerables clientes dependen de Publix para acceder a sus medicamentos de manera oportuna. Ay\u00fadenos a impulsar a Publix para que mejore su servicio a sus comunidades y clientes; colabore con nosotros para garantizar que Publix tenga anticonceptivos de emergencia en sus estantes, como lo hacen otros minoristas.<\/span><\/p>\n<h3><strong>Pasos de acci\u00f3n:<\/strong><\/h3>\n<ul>\n<li>Publique sobre ello en <strong>redes sociales<\/strong>. <a href=\"https:\/\/docs.google.com\/document\/d\/16rs7cWD3s-qcWDpc9XPwCgRpAKmL1mkzE0EiWODcU0U\/edit?usp=sharing\">Acceda al kit de herramientas de redes sociales aqu\u00ed<\/a>.<\/li>\n<li>Imprimir, recortar y enviar <strong>postales<\/strong> a la sede corporativa de Publix. <a href=\"https:\/\/floridareprofreedom.org\/es\/postales-electronicas\/\">Obtenga instrucciones y descargue aqu\u00ed.<\/a><\/li>\n<li>Escribe una <strong>carta al editor<\/strong> de su peri\u00f3dico local; env\u00ede una copia a los gerentes de farmacias y supermercados locales de Publix. <a href=\"https:\/\/drive.google.com\/file\/d\/1E6-4ORBM-347cbTA5PgtPjW_qcRUrIkh\/view?usp=sharing\">Hoja de consejos sobre LTE aqu\u00ed<\/a>.<\/li>\n<li>Enviar una <strong>comentar en l\u00ednea<\/strong> hacia <a href=\"https:\/\/www.publix.com\/contact\/contact-us\">Departamento de relaciones con el cliente de Publix<\/a>!<\/li>\n<\/ul>\n<p style=\"text-align: center;\"><a href=\"https:\/\/floridareprofreedom.org\/es\/postales-electronicas\/\"><img fetchpriority=\"high\" decoding=\"async\" class=\"alignnone size-large wp-image-1374\" src=\"https:\/\/floridareprofreedom.org\/wp-content\/uploads\/2020\/10\/2-1-1024x791.png\" alt=\"\" width=\"800\" height=\"618\" srcset=\"https:\/\/floridareprofreedom.org\/wp-content\/uploads\/2020\/10\/2-1-1024x791.png 1024w, https:\/\/floridareprofreedom.org\/wp-content\/uploads\/2020\/10\/2-1-300x232.png 300w, https:\/\/floridareprofreedom.org\/wp-content\/uploads\/2020\/10\/2-1-768x593.png 768w, https:\/\/floridareprofreedom.org\/wp-content\/uploads\/2020\/10\/2-1-1536x1187.png 1536w, https:\/\/floridareprofreedom.org\/wp-content\/uploads\/2020\/10\/2-1.png 1650w\" sizes=\"(max-width: 800px) 100vw, 800px\" \/><\/a><\/p>","protected":false},"excerpt":{"rendered":"<p>Emergency contraception (EC) is a safe and effective way to prevent pregnancy, which is why the Food and Drug Administration (FDA) has, since 2013, allowed retailers to sell emergency contraception products on the shelf to anyone regardless of age or gender, and without a requirement to present identification. Nowhere in FDA guidelines is it suggested [&hellip;]<\/p>\n","protected":false},"author":3,"featured_media":0,"parent":0,"menu_order":0,"comment_status":"closed","ping_status":"closed","template":"","meta":{"footnotes":""},"folder":[10],"class_list":["post-1366","page","type-page","status-publish","hentry"],"yoast_head":"<!-- This site is optimized with the Yoast SEO plugin v27.4 - https:\/\/yoast.com\/product\/yoast-seo-wordpress\/ -->\n<title>Hey, Publix! Don&#039;t hide EC - Floridians For Reproductive Freedom<\/title>\n<meta name=\"robots\" content=\"index, follow, max-snippet:-1, max-image-preview:large, max-video-preview:-1\" \/>\n<link rel=\"canonical\" href=\"https:\/\/floridareprofreedom.org\/es\/ce\/\" \/>\n<meta property=\"og:locale\" content=\"es_ES\" \/>\n<meta property=\"og:type\" content=\"article\" \/>\n<meta property=\"og:title\" content=\"Hey, Publix! Don&#039;t hide EC - Floridians For Reproductive Freedom\" \/>\n<meta property=\"og:description\" content=\"Emergency contraception (EC) is a safe and effective way to prevent pregnancy, which is why the Food and Drug Administration (FDA) has, since 2013, allowed retailers to sell emergency contraception products on the shelf to anyone regardless of age or gender, and without a requirement to present identification. Nowhere in FDA guidelines is it suggested [&hellip;]\" \/>\n<meta property=\"og:url\" content=\"https:\/\/floridareprofreedom.org\/es\/ce\/\" \/>\n<meta property=\"og:site_name\" content=\"Floridians For Reproductive Freedom\" \/>\n<meta property=\"article:publisher\" content=\"https:\/\/www.facebook.com\/FloridaReproFreedom\/\" \/>\n<meta property=\"article:modified_time\" content=\"2023-08-02T22:56:05+00:00\" \/>\n<meta property=\"og:image\" content=\"https:\/\/floridareprofreedom.org\/wp-content\/uploads\/2020\/10\/2-1-1024x791.png\" \/>\n<meta name=\"twitter:card\" content=\"summary_large_image\" \/>\n<meta name=\"twitter:site\" content=\"@FLReproFreedom\" \/>\n<meta name=\"twitter:label1\" content=\"Est. reading time\" \/>\n\t<meta name=\"twitter:data1\" content=\"3 minutos\" \/>\n<script type=\"application\/ld+json\" class=\"yoast-schema-graph\">{\"@context\":\"https:\\\/\\\/schema.org\",\"@graph\":[{\"@type\":\"WebPage\",\"@id\":\"https:\\\/\\\/floridareprofreedom.org\\\/ec\\\/\",\"url\":\"https:\\\/\\\/floridareprofreedom.org\\\/ec\\\/\",\"name\":\"Hey, Publix! Don't hide EC - Floridians For Reproductive Freedom\",\"isPartOf\":{\"@id\":\"https:\\\/\\\/floridareprofreedom.org\\\/#website\"},\"primaryImageOfPage\":{\"@id\":\"https:\\\/\\\/floridareprofreedom.org\\\/ec\\\/#primaryimage\"},\"image\":{\"@id\":\"https:\\\/\\\/floridareprofreedom.org\\\/ec\\\/#primaryimage\"},\"thumbnailUrl\":\"https:\\\/\\\/floridareprofreedom.org\\\/wp-content\\\/uploads\\\/2020\\\/10\\\/2-1-1024x791.png\",\"datePublished\":\"2020-10-29T16:51:35+00:00\",\"dateModified\":\"2023-08-02T22:56:05+00:00\",\"breadcrumb\":{\"@id\":\"https:\\\/\\\/floridareprofreedom.org\\\/ec\\\/#breadcrumb\"},\"inLanguage\":\"es\",\"potentialAction\":[{\"@type\":\"ReadAction\",\"target\":[\"https:\\\/\\\/floridareprofreedom.org\\\/ec\\\/\"]}]},{\"@type\":\"ImageObject\",\"inLanguage\":\"es\",\"@id\":\"https:\\\/\\\/floridareprofreedom.org\\\/ec\\\/#primaryimage\",\"url\":\"https:\\\/\\\/floridareprofreedom.org\\\/wp-content\\\/uploads\\\/2020\\\/10\\\/2-1-1024x791.png\",\"contentUrl\":\"https:\\\/\\\/floridareprofreedom.org\\\/wp-content\\\/uploads\\\/2020\\\/10\\\/2-1-1024x791.png\"},{\"@type\":\"BreadcrumbList\",\"@id\":\"https:\\\/\\\/floridareprofreedom.org\\\/ec\\\/#breadcrumb\",\"itemListElement\":[{\"@type\":\"ListItem\",\"position\":1,\"name\":\"Home\",\"item\":\"https:\\\/\\\/floridareprofreedom.org\\\/\"},{\"@type\":\"ListItem\",\"position\":2,\"name\":\"Hey, Publix! Don&#8217;t hide EC\"}]},{\"@type\":\"WebSite\",\"@id\":\"https:\\\/\\\/floridareprofreedom.org\\\/#website\",\"url\":\"https:\\\/\\\/floridareprofreedom.org\\\/\",\"name\":\"Floridians For Reproductive Freedom\",\"description\":\"Advocating for convenient, affordable, and safe access to reproductive health care, including abortion.\",\"publisher\":{\"@id\":\"https:\\\/\\\/floridareprofreedom.org\\\/#organization\"},\"potentialAction\":[{\"@type\":\"SearchAction\",\"target\":{\"@type\":\"EntryPoint\",\"urlTemplate\":\"https:\\\/\\\/floridareprofreedom.org\\\/?s={search_term_string}\"},\"query-input\":{\"@type\":\"PropertyValueSpecification\",\"valueRequired\":true,\"valueName\":\"search_term_string\"}}],\"inLanguage\":\"es\"},{\"@type\":\"Organization\",\"@id\":\"https:\\\/\\\/floridareprofreedom.org\\\/#organization\",\"name\":\"Floridians for Reproductive Freedom\",\"url\":\"https:\\\/\\\/floridareprofreedom.org\\\/\",\"logo\":{\"@type\":\"ImageObject\",\"inLanguage\":\"es\",\"@id\":\"https:\\\/\\\/floridareprofreedom.org\\\/#\\\/schema\\\/logo\\\/image\\\/\",\"url\":\"https:\\\/\\\/floridareprofreedom.org\\\/wp-content\\\/uploads\\\/2019\\\/05\\\/Untitled.jpg\",\"contentUrl\":\"https:\\\/\\\/floridareprofreedom.org\\\/wp-content\\\/uploads\\\/2019\\\/05\\\/Untitled.jpg\",\"width\":174,\"height\":180,\"caption\":\"Floridians for Reproductive Freedom\"},\"image\":{\"@id\":\"https:\\\/\\\/floridareprofreedom.org\\\/#\\\/schema\\\/logo\\\/image\\\/\"},\"sameAs\":[\"https:\\\/\\\/www.facebook.com\\\/FloridaReproFreedom\\\/\",\"https:\\\/\\\/x.com\\\/FLReproFreedom\",\"https:\\\/\\\/www.instagram.com\\\/floridareprofreedom\\\/\"]}]}<\/script>\n<!-- \/ Yoast SEO plugin. -->","yoast_head_json":{"title":"\u00a1Hola, Publix! No escondas la EC - Floridanos por la Libertad Reproductiva","robots":{"index":"index","follow":"follow","max-snippet":"max-snippet:-1","max-image-preview":"max-image-preview:large","max-video-preview":"max-video-preview:-1"},"canonical":"https:\/\/floridareprofreedom.org\/es\/ce\/","og_locale":"es_ES","og_type":"article","og_title":"Hey, Publix! Don't hide EC - Floridians For Reproductive Freedom","og_description":"Emergency contraception (EC) is a safe and effective way to prevent pregnancy, which is why the Food and Drug Administration (FDA) has, since 2013, allowed retailers to sell emergency contraception products on the shelf to anyone regardless of age or gender, and without a requirement to present identification. Nowhere in FDA guidelines is it suggested [&hellip;]","og_url":"https:\/\/floridareprofreedom.org\/es\/ce\/","og_site_name":"Floridians For Reproductive Freedom","article_publisher":"https:\/\/www.facebook.com\/FloridaReproFreedom\/","article_modified_time":"2023-08-02T22:56:05+00:00","og_image":[{"url":"https:\/\/floridareprofreedom.org\/wp-content\/uploads\/2020\/10\/2-1-1024x791.png","type":"","width":"","height":""}],"twitter_card":"summary_large_image","twitter_site":"@FLReproFreedom","twitter_misc":{"Est. reading time":"3 minutos"},"schema":{"@context":"https:\/\/schema.org","@graph":[{"@type":"WebPage","@id":"https:\/\/floridareprofreedom.org\/ec\/","url":"https:\/\/floridareprofreedom.org\/ec\/","name":"\u00a1Hola, Publix! No escondas la EC - Floridanos por la Libertad Reproductiva","isPartOf":{"@id":"https:\/\/floridareprofreedom.org\/#website"},"primaryImageOfPage":{"@id":"https:\/\/floridareprofreedom.org\/ec\/#primaryimage"},"image":{"@id":"https:\/\/floridareprofreedom.org\/ec\/#primaryimage"},"thumbnailUrl":"https:\/\/floridareprofreedom.org\/wp-content\/uploads\/2020\/10\/2-1-1024x791.png","datePublished":"2020-10-29T16:51:35+00:00","dateModified":"2023-08-02T22:56:05+00:00","breadcrumb":{"@id":"https:\/\/floridareprofreedom.org\/ec\/#breadcrumb"},"inLanguage":"es","potentialAction":[{"@type":"ReadAction","target":["https:\/\/floridareprofreedom.org\/ec\/"]}]},{"@type":"ImageObject","inLanguage":"es","@id":"https:\/\/floridareprofreedom.org\/ec\/#primaryimage","url":"https:\/\/floridareprofreedom.org\/wp-content\/uploads\/2020\/10\/2-1-1024x791.png","contentUrl":"https:\/\/floridareprofreedom.org\/wp-content\/uploads\/2020\/10\/2-1-1024x791.png"},{"@type":"BreadcrumbList","@id":"https:\/\/floridareprofreedom.org\/ec\/#breadcrumb","itemListElement":[{"@type":"ListItem","position":1,"name":"Home","item":"https:\/\/floridareprofreedom.org\/"},{"@type":"ListItem","position":2,"name":"Hey, Publix! Don&#8217;t hide EC"}]},{"@type":"WebSite","@id":"https:\/\/floridareprofreedom.org\/#website","url":"https:\/\/floridareprofreedom.org\/","name":"Floridanos por la Libertad Reproductiva","description":"Abogando por un acceso conveniente, asequible y seguro a la atenci\u00f3n de la salud reproductiva, incluido el aborto.","publisher":{"@id":"https:\/\/floridareprofreedom.org\/#organization"},"potentialAction":[{"@type":"SearchAction","target":{"@type":"EntryPoint","urlTemplate":"https:\/\/floridareprofreedom.org\/?s={search_term_string}"},"query-input":{"@type":"PropertyValueSpecification","valueRequired":true,"valueName":"search_term_string"}}],"inLanguage":"es"},{"@type":"Organization","@id":"https:\/\/floridareprofreedom.org\/#organization","name":"Floridanos por la Libertad Reproductiva","url":"https:\/\/floridareprofreedom.org\/","logo":{"@type":"ImageObject","inLanguage":"es","@id":"https:\/\/floridareprofreedom.org\/#\/schema\/logo\/image\/","url":"https:\/\/floridareprofreedom.org\/wp-content\/uploads\/2019\/05\/Untitled.jpg","contentUrl":"https:\/\/floridareprofreedom.org\/wp-content\/uploads\/2019\/05\/Untitled.jpg","width":174,"height":180,"caption":"Floridians for Reproductive Freedom"},"image":{"@id":"https:\/\/floridareprofreedom.org\/#\/schema\/logo\/image\/"},"sameAs":["https:\/\/www.facebook.com\/FloridaReproFreedom\/","https:\/\/x.com\/FLReproFreedom","https:\/\/www.instagram.com\/floridareprofreedom\/"]}]}},"_links":{"self":[{"href":"https:\/\/floridareprofreedom.org\/es\/wp-json\/wp\/v2\/pages\/1366","targetHints":{"allow":["GET"]}}],"collection":[{"href":"https:\/\/floridareprofreedom.org\/es\/wp-json\/wp\/v2\/pages"}],"about":[{"href":"https:\/\/floridareprofreedom.org\/es\/wp-json\/wp\/v2\/types\/page"}],"author":[{"embeddable":true,"href":"https:\/\/floridareprofreedom.org\/es\/wp-json\/wp\/v2\/users\/3"}],"replies":[{"embeddable":true,"href":"https:\/\/floridareprofreedom.org\/es\/wp-json\/wp\/v2\/comments?post=1366"}],"version-history":[{"count":7,"href":"https:\/\/floridareprofreedom.org\/es\/wp-json\/wp\/v2\/pages\/1366\/revisions"}],"predecessor-version":[{"id":2850,"href":"https:\/\/floridareprofreedom.org\/es\/wp-json\/wp\/v2\/pages\/1366\/revisions\/2850"}],"wp:attachment":[{"href":"https:\/\/floridareprofreedom.org\/es\/wp-json\/wp\/v2\/media?parent=1366"}],"wp:term":[{"taxonomy":"folder","embeddable":true,"href":"https:\/\/floridareprofreedom.org\/es\/wp-json\/wp\/v2\/folder?post=1366"}],"curies":[{"name":"wp","href":"https:\/\/api.w.org\/{rel}","templated":true}]}}