{"id":1400,"date":"2020-11-12T20:39:58","date_gmt":"2020-11-12T20:39:58","guid":{"rendered":"https:\/\/floridareprofreedom.org\/?page_id=1400"},"modified":"2020-11-12T21:23:30","modified_gmt":"2020-11-12T21:23:30","slug":"descuento","status":"publish","type":"page","link":"https:\/\/floridareprofreedom.org\/es\/discount\/","title":{"rendered":"Farmacias de descuento y programas de asistencia al paciente de compa\u00f1\u00edas farmac\u00e9uticas"},"content":{"rendered":"<h2>Programas de descuento en medicamentos<\/h2>\n<p>Casi todas las cadenas de farmacias, grandes superficies y supermercados del pa\u00eds venden anticonceptivos selectos con grandes descuentos. Algunas farmacias requieren que los clientes se registren o paguen una cuota anual. Otras solo requieren una receta m\u00e9dica. Algunas membres\u00edas deben renovarse anualmente, mientras que otras son indefinidas. Inf\u00f3rmese bien antes de surtir una receta, por si el proceso de inscripci\u00f3n tarda m\u00e1s de lo previsto.<\/p>\n<h2><span data-sheets-value=\"{&quot;1&quot;:2,&quot;2&quot;:&quot;-Patient Assistance Programs (PAP) are designed to support low-income US residents with free or low cost prescriptions\\n-PAP programs usually cover brand name drugs only and are administered individually by pharmaceutical companies that manufacture the drugs&quot;}\" data-sheets-userformat=\"{&quot;2&quot;:11203,&quot;3&quot;:{&quot;1&quot;:0},&quot;4&quot;:{&quot;1&quot;:2,&quot;2&quot;:16777215},&quot;9&quot;:0,&quot;10&quot;:0,&quot;11&quot;:4,&quot;12&quot;:0,&quot;14&quot;:{&quot;1&quot;:2,&quot;2&quot;:0},&quot;16&quot;:10}\">Programas de asistencia al paciente<\/span><\/h2>\n<p><span data-sheets-value=\"{&quot;1&quot;:2,&quot;2&quot;:&quot;-Patient Assistance Programs (PAP) are designed to support low-income US residents with free or low cost prescriptions\\n-PAP programs usually cover brand name drugs only and are administered individually by pharmaceutical companies that manufacture the drugs&quot;}\" data-sheets-userformat=\"{&quot;2&quot;:11203,&quot;3&quot;:{&quot;1&quot;:0},&quot;4&quot;:{&quot;1&quot;:2,&quot;2&quot;:16777215},&quot;9&quot;:0,&quot;10&quot;:0,&quot;11&quot;:4,&quot;12&quot;:0,&quot;14&quot;:{&quot;1&quot;:2,&quot;2&quot;:0},&quot;16&quot;:10}\">Los programas de asistencia al paciente est\u00e1n dise\u00f1ados para apoyar a los residentes estadounidenses de bajos ingresos con recetas gratuitas o de bajo costo. <\/span><span data-sheets-value=\"{&quot;1&quot;:2,&quot;2&quot;:&quot;-Patient Assistance Programs (PAP) are designed to support low-income US residents with free or low cost prescriptions\\n-PAP programs usually cover brand name drugs only and are administered individually by pharmaceutical companies that manufacture the drugs&quot;}\" data-sheets-userformat=\"{&quot;2&quot;:11203,&quot;3&quot;:{&quot;1&quot;:0},&quot;4&quot;:{&quot;1&quot;:2,&quot;2&quot;:16777215},&quot;9&quot;:0,&quot;10&quot;:0,&quot;11&quot;:4,&quot;12&quot;:0,&quot;14&quot;:{&quot;1&quot;:2,&quot;2&quot;:0},&quot;16&quot;:10}\">Estos programas generalmente cubren s\u00f3lo medicamentos de marca y son administrados individualmente por las compa\u00f1\u00edas farmac\u00e9uticas que fabrican los medicamentos.<\/span><\/p>\n<p><iframe src=\"https:\/\/docs.google.com\/spreadsheets\/d\/e\/2PACX-1vQREPoAsDLfW6Kjk3qoT5pbhdrwjzmHFplPITVfSsvvNRlW8oLm-5XUv6QaVWlGUAOK_YhJMNi7wBEB\/pubhtml?gid=0&amp;single=true&amp;widget=true&amp;headers=false\" width=\"850\" height=\"1200\"><span data-mce-type=\"bookmark\" style=\"display: inline-block; width: 0px; overflow: hidden; line-height: 0;\" class=\"mce_SELRES_start\"><\/span><span data-mce-type=\"bookmark\" style=\"display: inline-block; width: 0px; overflow: hidden; line-height: 0;\" class=\"mce_SELRES_start\"><\/span><span data-mce-type=\"bookmark\" style=\"display: inline-block; width: 0px; overflow: hidden; line-height: 0;\" class=\"mce_SELRES_start\"><\/span><\/iframe><\/p>\n<p>&nbsp;<\/p>","protected":false},"excerpt":{"rendered":"<p>Discount Drug Programs Nearly all chain pharmacies, mass retailers, and grocery stores nationwide sell select contraceptives at deeply discounted prices.\u00a0 Some pharmacies require customers to sign up for membership or pay an annual fee. Others require only a doctor\u2019s prescription. Some memberships need to be renewed annually, while others are open-ended. Find out all the [&hellip;]<\/p>\n","protected":false},"author":3,"featured_media":0,"parent":0,"menu_order":0,"comment_status":"closed","ping_status":"closed","template":"","meta":{"footnotes":""},"folder":[10],"class_list":["post-1400","page","type-page","status-publish","hentry"],"yoast_head":"<!-- This site is optimized with the Yoast SEO plugin v27.4 - https:\/\/yoast.com\/product\/yoast-seo-wordpress\/ -->\n<title>Discount Pharmacies and pharmaceutical company Patient Assistance Programs - Floridians For Reproductive Freedom<\/title>\n<meta name=\"robots\" content=\"index, follow, max-snippet:-1, max-image-preview:large, max-video-preview:-1\" \/>\n<link rel=\"canonical\" href=\"https:\/\/floridareprofreedom.org\/es\/descuento\/\" \/>\n<meta property=\"og:locale\" content=\"es_ES\" \/>\n<meta property=\"og:type\" content=\"article\" \/>\n<meta property=\"og:title\" content=\"Discount Pharmacies and pharmaceutical company Patient Assistance Programs - Floridians For Reproductive Freedom\" \/>\n<meta property=\"og:description\" content=\"Discount Drug Programs Nearly all chain pharmacies, mass retailers, and grocery stores nationwide sell select contraceptives at deeply discounted prices.\u00a0 Some pharmacies require customers to sign up for membership or pay an annual fee. Others require only a doctor\u2019s prescription. Some memberships need to be renewed annually, while others are open-ended. Find out all the [&hellip;]\" \/>\n<meta property=\"og:url\" content=\"https:\/\/floridareprofreedom.org\/es\/descuento\/\" \/>\n<meta property=\"og:site_name\" content=\"Floridians For Reproductive Freedom\" \/>\n<meta property=\"article:publisher\" content=\"https:\/\/www.facebook.com\/FloridaReproFreedom\/\" \/>\n<meta property=\"article:modified_time\" content=\"2020-11-12T21:23:30+00:00\" \/>\n<meta name=\"twitter:card\" content=\"summary_large_image\" \/>\n<meta name=\"twitter:site\" content=\"@FLReproFreedom\" \/>\n<meta name=\"twitter:label1\" content=\"Est. reading time\" \/>\n\t<meta name=\"twitter:data1\" content=\"1 minuto\" \/>\n<script type=\"application\/ld+json\" class=\"yoast-schema-graph\">{\"@context\":\"https:\\\/\\\/schema.org\",\"@graph\":[{\"@type\":\"WebPage\",\"@id\":\"https:\\\/\\\/floridareprofreedom.org\\\/discount\\\/\",\"url\":\"https:\\\/\\\/floridareprofreedom.org\\\/discount\\\/\",\"name\":\"Discount Pharmacies and pharmaceutical company Patient Assistance Programs - Floridians For Reproductive Freedom\",\"isPartOf\":{\"@id\":\"https:\\\/\\\/floridareprofreedom.org\\\/#website\"},\"datePublished\":\"2020-11-12T20:39:58+00:00\",\"dateModified\":\"2020-11-12T21:23:30+00:00\",\"breadcrumb\":{\"@id\":\"https:\\\/\\\/floridareprofreedom.org\\\/discount\\\/#breadcrumb\"},\"inLanguage\":\"es\",\"potentialAction\":[{\"@type\":\"ReadAction\",\"target\":[\"https:\\\/\\\/floridareprofreedom.org\\\/discount\\\/\"]}]},{\"@type\":\"BreadcrumbList\",\"@id\":\"https:\\\/\\\/floridareprofreedom.org\\\/discount\\\/#breadcrumb\",\"itemListElement\":[{\"@type\":\"ListItem\",\"position\":1,\"name\":\"Home\",\"item\":\"https:\\\/\\\/floridareprofreedom.org\\\/\"},{\"@type\":\"ListItem\",\"position\":2,\"name\":\"Discount Pharmacies and pharmaceutical company Patient Assistance Programs\"}]},{\"@type\":\"WebSite\",\"@id\":\"https:\\\/\\\/floridareprofreedom.org\\\/#website\",\"url\":\"https:\\\/\\\/floridareprofreedom.org\\\/\",\"name\":\"Floridians For Reproductive Freedom\",\"description\":\"Advocating for convenient, affordable, and safe access to reproductive health care, including abortion.\",\"publisher\":{\"@id\":\"https:\\\/\\\/floridareprofreedom.org\\\/#organization\"},\"potentialAction\":[{\"@type\":\"SearchAction\",\"target\":{\"@type\":\"EntryPoint\",\"urlTemplate\":\"https:\\\/\\\/floridareprofreedom.org\\\/?s={search_term_string}\"},\"query-input\":{\"@type\":\"PropertyValueSpecification\",\"valueRequired\":true,\"valueName\":\"search_term_string\"}}],\"inLanguage\":\"es\"},{\"@type\":\"Organization\",\"@id\":\"https:\\\/\\\/floridareprofreedom.org\\\/#organization\",\"name\":\"Floridians for Reproductive Freedom\",\"url\":\"https:\\\/\\\/floridareprofreedom.org\\\/\",\"logo\":{\"@type\":\"ImageObject\",\"inLanguage\":\"es\",\"@id\":\"https:\\\/\\\/floridareprofreedom.org\\\/#\\\/schema\\\/logo\\\/image\\\/\",\"url\":\"https:\\\/\\\/floridareprofreedom.org\\\/wp-content\\\/uploads\\\/2019\\\/05\\\/Untitled.jpg\",\"contentUrl\":\"https:\\\/\\\/floridareprofreedom.org\\\/wp-content\\\/uploads\\\/2019\\\/05\\\/Untitled.jpg\",\"width\":174,\"height\":180,\"caption\":\"Floridians for Reproductive Freedom\"},\"image\":{\"@id\":\"https:\\\/\\\/floridareprofreedom.org\\\/#\\\/schema\\\/logo\\\/image\\\/\"},\"sameAs\":[\"https:\\\/\\\/www.facebook.com\\\/FloridaReproFreedom\\\/\",\"https:\\\/\\\/x.com\\\/FLReproFreedom\",\"https:\\\/\\\/www.instagram.com\\\/floridareprofreedom\\\/\"]}]}<\/script>\n<!-- \/ Yoast SEO plugin. -->","yoast_head_json":{"title":"Farmacias de descuento y programas de asistencia al paciente de compa\u00f1\u00edas farmac\u00e9uticas - Floridanos por la libertad reproductiva","robots":{"index":"index","follow":"follow","max-snippet":"max-snippet:-1","max-image-preview":"max-image-preview:large","max-video-preview":"max-video-preview:-1"},"canonical":"https:\/\/floridareprofreedom.org\/es\/descuento\/","og_locale":"es_ES","og_type":"article","og_title":"Discount Pharmacies and pharmaceutical company Patient Assistance Programs - Floridians For Reproductive Freedom","og_description":"Discount Drug Programs Nearly all chain pharmacies, mass retailers, and grocery stores nationwide sell select contraceptives at deeply discounted prices.\u00a0 Some pharmacies require customers to sign up for membership or pay an annual fee. Others require only a doctor\u2019s prescription. Some memberships need to be renewed annually, while others are open-ended. Find out all the [&hellip;]","og_url":"https:\/\/floridareprofreedom.org\/es\/descuento\/","og_site_name":"Floridians For Reproductive Freedom","article_publisher":"https:\/\/www.facebook.com\/FloridaReproFreedom\/","article_modified_time":"2020-11-12T21:23:30+00:00","twitter_card":"summary_large_image","twitter_site":"@FLReproFreedom","twitter_misc":{"Est. reading time":"1 minuto"},"schema":{"@context":"https:\/\/schema.org","@graph":[{"@type":"WebPage","@id":"https:\/\/floridareprofreedom.org\/discount\/","url":"https:\/\/floridareprofreedom.org\/discount\/","name":"Farmacias de descuento y programas de asistencia al paciente de compa\u00f1\u00edas farmac\u00e9uticas - Floridanos por la libertad reproductiva","isPartOf":{"@id":"https:\/\/floridareprofreedom.org\/#website"},"datePublished":"2020-11-12T20:39:58+00:00","dateModified":"2020-11-12T21:23:30+00:00","breadcrumb":{"@id":"https:\/\/floridareprofreedom.org\/discount\/#breadcrumb"},"inLanguage":"es","potentialAction":[{"@type":"ReadAction","target":["https:\/\/floridareprofreedom.org\/discount\/"]}]},{"@type":"BreadcrumbList","@id":"https:\/\/floridareprofreedom.org\/discount\/#breadcrumb","itemListElement":[{"@type":"ListItem","position":1,"name":"Home","item":"https:\/\/floridareprofreedom.org\/"},{"@type":"ListItem","position":2,"name":"Discount Pharmacies and pharmaceutical company Patient Assistance Programs"}]},{"@type":"WebSite","@id":"https:\/\/floridareprofreedom.org\/#website","url":"https:\/\/floridareprofreedom.org\/","name":"Floridanos por la Libertad Reproductiva","description":"Abogando por un acceso conveniente, asequible y seguro a la atenci\u00f3n de la salud reproductiva, incluido el aborto.","publisher":{"@id":"https:\/\/floridareprofreedom.org\/#organization"},"potentialAction":[{"@type":"SearchAction","target":{"@type":"EntryPoint","urlTemplate":"https:\/\/floridareprofreedom.org\/?s={search_term_string}"},"query-input":{"@type":"PropertyValueSpecification","valueRequired":true,"valueName":"search_term_string"}}],"inLanguage":"es"},{"@type":"Organization","@id":"https:\/\/floridareprofreedom.org\/#organization","name":"Floridanos por la Libertad Reproductiva","url":"https:\/\/floridareprofreedom.org\/","logo":{"@type":"ImageObject","inLanguage":"es","@id":"https:\/\/floridareprofreedom.org\/#\/schema\/logo\/image\/","url":"https:\/\/floridareprofreedom.org\/wp-content\/uploads\/2019\/05\/Untitled.jpg","contentUrl":"https:\/\/floridareprofreedom.org\/wp-content\/uploads\/2019\/05\/Untitled.jpg","width":174,"height":180,"caption":"Floridians for Reproductive Freedom"},"image":{"@id":"https:\/\/floridareprofreedom.org\/#\/schema\/logo\/image\/"},"sameAs":["https:\/\/www.facebook.com\/FloridaReproFreedom\/","https:\/\/x.com\/FLReproFreedom","https:\/\/www.instagram.com\/floridareprofreedom\/"]}]}},"_links":{"self":[{"href":"https:\/\/floridareprofreedom.org\/es\/wp-json\/wp\/v2\/pages\/1400","targetHints":{"allow":["GET"]}}],"collection":[{"href":"https:\/\/floridareprofreedom.org\/es\/wp-json\/wp\/v2\/pages"}],"about":[{"href":"https:\/\/floridareprofreedom.org\/es\/wp-json\/wp\/v2\/types\/page"}],"author":[{"embeddable":true,"href":"https:\/\/floridareprofreedom.org\/es\/wp-json\/wp\/v2\/users\/3"}],"replies":[{"embeddable":true,"href":"https:\/\/floridareprofreedom.org\/es\/wp-json\/wp\/v2\/comments?post=1400"}],"version-history":[{"count":3,"href":"https:\/\/floridareprofreedom.org\/es\/wp-json\/wp\/v2\/pages\/1400\/revisions"}],"predecessor-version":[{"id":1406,"href":"https:\/\/floridareprofreedom.org\/es\/wp-json\/wp\/v2\/pages\/1400\/revisions\/1406"}],"wp:attachment":[{"href":"https:\/\/floridareprofreedom.org\/es\/wp-json\/wp\/v2\/media?parent=1400"}],"wp:term":[{"taxonomy":"folder","embeddable":true,"href":"https:\/\/floridareprofreedom.org\/es\/wp-json\/wp\/v2\/folder?post=1400"}],"curies":[{"name":"wp","href":"https:\/\/api.w.org\/{rel}","templated":true}]}}