{"id":1414,"date":"2020-11-13T14:32:29","date_gmt":"2020-11-13T14:32:29","guid":{"rendered":"https:\/\/floridareprofreedom.org\/?page_id=1414"},"modified":"2026-01-27T18:51:15","modified_gmt":"2026-01-27T18:51:15","slug":"aborto-es-legal-en-florida","status":"publish","type":"page","link":"https:\/\/floridareprofreedom.org\/es\/abortionislegalinflorida-old\/","title":{"rendered":"\u00a1S\u00ed! El aborto sigue siendo legal en Florida \u2013 ANTIGUO"},"content":{"rendered":"<p><a href=\"https:\/\/floridareprofreedom.org\/es\/el-aborto-es-legal\/\"><img decoding=\"async\" class=\"alignnone\" src=\"https:\/\/floridareprofreedom.org\/wp-content\/uploads\/2020\/08\/Espanol-Button.png\" alt=\"En espa\u00f1ol\" width=\"132\" height=\"33\" \/><\/a><\/p>\n<p><span style=\"font-weight: 400;\">Las personas quieren y merecen tomar sus propias decisiones m\u00e9dicas personales y privadas, y nosotros lo haremos. <em>nunca<\/em> Dejemos de luchar por nuestra libertad de controlar nuestros cuerpos y nuestras vidas.<br \/>\n<\/span><\/p>\n<p>El aborto es seguro y com\u00fan, y usted puede obtener esta atenci\u00f3n si la necesita.<\/p>\n<h3><strong>Restricciones y requisitos actuales para el aborto:<\/strong><\/h3>\n<ul>\n<li><strong>Lo \u00faltimo:<\/strong> <span style=\"font-weight: 400;\">A partir del 1 de mayo de 2024, el aborto est\u00e1 prohibido despu\u00e9s de las 6 semanas de gestaci\u00f3n en Florida. Sabemos que esto dificulta enormemente el acceso a la atenci\u00f3n m\u00e9dica para muchas personas, pero, en cualquier caso, a\u00fan hay opciones y organizaciones dispuestas a ayudar.<\/span>\n<ul>\n<li style=\"list-style-type: none;\">\n<ul>\n<li><strong><span class=\"OYPEnA text-decoration-none text-strikethrough-none\">Menos de 6 semanas de embarazo: <\/span><\/strong><span class=\"OYPEnA text-decoration-none text-strikethrough-none\">Se puede acceder a un aborto dentro del estado. (Se requieren dos citas).<\/span><\/li>\n<li><strong><span class=\"OYPEnA text-decoration-none text-strikethrough-none\">M\u00e1s de 6 semanas de embarazo: <\/span><\/strong><span class=\"OYPEnA text-decoration-none text-strikethrough-none\">Es posible que una persona necesite salir del estado para recibir atenci\u00f3n. Cada vez m\u00e1s personas acceden a... <\/span><strong><a class=\"OYPEnA text-decoration-underline text-strikethrough-none\" draggable=\"false\" href=\"http:\/\/plancpills.org\" target=\"_blank\" rel=\"noopener\">PlanCPills.org<\/a><\/strong><span class=\"OYPEnA text-decoration-none text-strikethrough-none\"> para aprender sobre las pastillas abortivas por correo y el aborto autogestionado.<\/span><\/li>\n<\/ul>\n<\/li>\n<\/ul>\n<ul>\n<li><strong>Periodo de espera requerido:<\/strong> Florida exige un retraso obligatorio de 24 horas, lo que significa que una paciente debe recibir asesoramiento obligatorio por el estado al menos 24 horas antes de acceder a un aborto.<\/li>\n<li><strong>Como menor de edad:<\/strong> Se requiere la notificaci\u00f3n y el consentimiento de los padres para que una persona menor de 18 a\u00f1os acceda a un aborto. Si no puede involucrar a uno de sus padres, hay ayuda disponible, pero este proceso se ha vuelto mucho m\u00e1s dif\u00edcil desde una decisi\u00f3n judicial emitida en mayo de 2025. Si necesita ayuda para encontrar un abogado gratuito o tiene preguntas legales, comun\u00edquese con <strong><a href=\"https:\/\/www.janenetworkfl.org\/\">La red Jane<\/a><\/strong>.<\/li>\n<li><strong>\u00bfNecesitas hablar por correo sobre tus opciones de aborto, incluyendo las pastillas abortivas? Visita <a href=\"https:\/\/www.chatwithcharley.org\/florida\/\">ChatWithCharley.org\/florida<\/a><\/strong> (o haga clic en el cuadro de chat en la esquina de su pantalla actual) para acceder a un chatbot privado y completo que lo guiar\u00e1 a trav\u00e9s del acceso al aborto con p\u00edldoras, la programaci\u00f3n de un procedimiento y c\u00f3mo navegar por la log\u00edstica y las restricciones legales. <span style=\"font-weight: 400;\">Para hablar sobre el riesgo legal, las personas pueden consultar If\/When\/How&#039;s <\/span><a href=\"https:\/\/www.reprolegalhelpline.org\/\"><span style=\"font-weight: 400;\">L\u00ednea de ayuda legal de Repro<\/span><\/a><span style=\"font-weight: 400;\">.<\/span><\/li>\n<li>La gente todav\u00eda est\u00e1 recibiendo\u00a0<strong>pastillas abortivas por correo<\/strong>\u00a0en\u00a0<em>todo<\/em> 50 estados. Ya sea para una necesidad inmediata o &quot;por si acaso&quot;, se utilizan tarifas de escala m\u00f3vil para las p\u00edldoras abortivas en<strong>\u00a0<a href=\"https:\/\/plancpills.org\/\">PlanCPills.org<\/a>.<\/strong><\/li>\n<li>\u00bfC\u00f3mo puede mi estatus migratorio afectar el acceso al aborto? <strong><a href=\"https:\/\/www.ineedana.com\/blog\/how-can-my-immigration-status-affect-abortion-access\">Una gu\u00eda para los no ciudadanos y nuestras comunidades.<\/a><\/strong><\/li>\n<\/ul>\n<h3><strong>Visita <a href=\"https:\/\/www.abortionfinder.org\/\">Buscador de abortos.org<\/a> y <a href=\"http:\/\/IneedanA.com\">IneedanA.com<\/a> para encontrar informaci\u00f3n segura, confidencial y actualizada sobre d\u00f3nde puede realizarse un aborto.<\/strong><\/h3>\n<p><a href=\"https:\/\/www.abortionfinder.org\/\"><img fetchpriority=\"high\" decoding=\"async\" src=\"https:\/\/floridareprofreedom.org\/wp-content\/uploads\/2020\/11\/play-300x284.png\" alt=\"Mapa de Florida: Proveedores de servicios de aborto\" width=\"300\" height=\"284\" \/><\/a><\/p>\n<ul>\n<li><strong>Cuidado con los centros antiaborto<\/strong> que se hacen pasar por cl\u00ednicas de aborto, pero averg\u00fcenzan y enga\u00f1an a las embarazadas floridanas. <a href=\"https:\/\/floridareprofreedom.org\/es\/clinicas-falsas\/\">Obtenga m\u00e1s informaci\u00f3n aqu\u00ed.<\/a><\/li>\n<\/ul>\n<h2><strong>\u00bfNecesitas apoyo para pagar tu aborto?<\/strong><\/h2>\n<p>Las organizaciones y cl\u00ednicas pueden ayudar con <strong><a href=\"https:\/\/floridaabortionfunds.com\/\">apoyo financiero y log\u00edstico<\/a><\/strong> Para quienes buscan un aborto en Florida. Haga clic a continuaci\u00f3n para obtener m\u00e1s informaci\u00f3n o consulte directamente con una cl\u00ednica de abortos si ofrecen asistencia financiera. <strong>Para calcular sus costos esperados, <a href=\"https:\/\/www.ineedana.com\/estimate-abortion-costs\">haga clic aqu\u00ed<\/a>.<\/strong><\/p>\n<ul>\n<li><a href=\"https:\/\/bwefund.org\/site\/\" target=\"_blank\" rel=\"noopener noreferrer\"><strong>Fondo de Emergencia para Mujeres de Broward<\/strong><\/a> \u2013 Condado de Broward<\/li>\n<li><strong><a href=\"https:\/\/emawpb.org\/\" target=\"_blank\" rel=\"noopener noreferrer\">Asistencia M\u00e9dica de Emergencia Inc.<\/a><\/strong> \u2013 Palm Beaches y Treasure Coast<\/li>\n<li><a href=\"https:\/\/www.flaccessnetwork.org\/\" target=\"_blank\" rel=\"noopener noreferrer\"><strong>Red de Acceso de Florida (FAN)<\/strong><\/a> \u2013 A nivel estatal<\/li>\n<li><strong><a href=\"http:\/\/tbafund.com\/\" target=\"_blank\" rel=\"noopener noreferrer\">Fondo para el Aborto de Tampa Bay<\/a><\/strong> \u2013 Regi\u00f3n de la Bah\u00eda de Tampa<\/li>\n<li><strong><a href=\"http:\/\/www.wen-online.org\/get-help-1.html\" target=\"_blank\" rel=\"noopener noreferrer\">Red de Emergencia de Mujeres<\/a><\/strong> \u2013 Sur de Florida<\/li>\n<li><strong><a href=\"https:\/\/arc-southeast.org\/\">Acceso a Atenci\u00f3n Reproductiva del Sureste (ARC)<\/a><\/strong>\u00a0\u2013 Multiestatal<\/li>\n<li><a href=\"https:\/\/brigidalliance.org\/getcare-fl\/\"><strong>La Alianza Br\u00edgida<\/strong><\/a> \u2013 Multiestatal, prioriza a pacientes mayores de 15 semanas de embarazo<\/li>\n<li><a href=\"https:\/\/abortionfunds.org\/need-abortion\/\"><strong>Red Nacional de Fondos para el Aborto<\/strong><\/a> \u2013 A nivel nacional<\/li>\n<\/ul>\n<h2><strong>Tome medidas para restablecer el acceso al aborto:<\/strong><\/h2>\n<p>\u00danase a nosotros mientras luchamos por el espectro completo de opciones de salud reproductiva. <strong><a href=\"https:\/\/actionnetwork.org\/forms\/join-floridians-for-reproductive-freedom-2?&amp;source=direct_link\">Reg\u00edstrese aqu\u00ed para recibir el bolet\u00edn semanal y alertas de acci\u00f3n de Floridians for Reproductive Freedom.<\/a><\/strong><\/li>\n<\/ul>","protected":false},"excerpt":{"rendered":"<p>People want and deserve to make their own personal, private, medical decisions, and we will never stop fighting for our freedom to control our bodies and our lives. Abortion is safe and common, and you can get this care if you need it. Current Abortion Restrictions &amp; Requirements: The Latest: As of May 1st, 2024, [&hellip;]<\/p>\n","protected":false},"author":3,"featured_media":1415,"parent":0,"menu_order":0,"comment_status":"closed","ping_status":"closed","template":"","meta":{"footnotes":""},"folder":[],"class_list":["post-1414","page","type-page","status-publish","has-post-thumbnail","hentry"],"yoast_head":"<!-- This site is optimized with the Yoast SEO plugin v27.3 - https:\/\/yoast.com\/product\/yoast-seo-wordpress\/ -->\n<title>Yes! Abortion is still legal in Florida - OLD - Floridians For Reproductive Freedom<\/title>\n<meta name=\"description\" content=\"As of today, abortion is legal up the 15 weeks and 6 days in Florida. Search for the closest abortion provider &amp; get links to Florida abortion funds who can help cover costs.\" \/>\n<meta name=\"robots\" content=\"index, follow, max-snippet:-1, max-image-preview:large, max-video-preview:-1\" \/>\n<link rel=\"canonical\" href=\"https:\/\/floridareprofreedom.org\/es\/aborto-es-legal-en-florida\/\" \/>\n<meta property=\"og:locale\" content=\"es_ES\" \/>\n<meta property=\"og:type\" content=\"article\" \/>\n<meta property=\"og:title\" content=\"Yes! Abortion is still legal in Florida - OLD - Floridians For Reproductive Freedom\" \/>\n<meta property=\"og:description\" content=\"As of today, abortion is legal up the 15 weeks and 6 days in Florida. Search for the closest abortion provider &amp; get links to Florida abortion funds who can help cover costs.\" \/>\n<meta property=\"og:url\" content=\"https:\/\/floridareprofreedom.org\/es\/aborto-es-legal-en-florida\/\" \/>\n<meta property=\"og:site_name\" content=\"Floridians For Reproductive Freedom\" \/>\n<meta property=\"article:publisher\" content=\"https:\/\/www.facebook.com\/FloridaReproFreedom\/\" \/>\n<meta property=\"article:modified_time\" content=\"2026-01-27T18:51:15+00:00\" \/>\n<meta property=\"og:image\" content=\"https:\/\/floridareprofreedom.org\/wp-content\/uploads\/2020\/11\/play.png\" \/>\n\t<meta property=\"og:image:width\" content=\"750\" \/>\n\t<meta property=\"og:image:height\" content=\"711\" \/>\n\t<meta property=\"og:image:type\" content=\"image\/png\" \/>\n<meta name=\"twitter:card\" content=\"summary_large_image\" \/>\n<meta name=\"twitter:site\" content=\"@FLReproFreedom\" \/>\n<meta name=\"twitter:label1\" content=\"Est. reading time\" \/>\n\t<meta name=\"twitter:data1\" content=\"3 minutos\" \/>\n<script type=\"application\/ld+json\" class=\"yoast-schema-graph\">{\"@context\":\"https:\\\/\\\/schema.org\",\"@graph\":[{\"@type\":\"WebPage\",\"@id\":\"https:\\\/\\\/floridareprofreedom.org\\\/abortionislegalinflorida-old\\\/\",\"url\":\"https:\\\/\\\/floridareprofreedom.org\\\/abortionislegalinflorida-old\\\/\",\"name\":\"Yes! Abortion is still legal in Florida - OLD - Floridians For Reproductive Freedom\",\"isPartOf\":{\"@id\":\"https:\\\/\\\/floridareprofreedom.org\\\/#website\"},\"primaryImageOfPage\":{\"@id\":\"https:\\\/\\\/floridareprofreedom.org\\\/abortionislegalinflorida-old\\\/#primaryimage\"},\"image\":{\"@id\":\"https:\\\/\\\/floridareprofreedom.org\\\/abortionislegalinflorida-old\\\/#primaryimage\"},\"thumbnailUrl\":\"https:\\\/\\\/floridareprofreedom.org\\\/wp-content\\\/uploads\\\/2020\\\/11\\\/play.png\",\"datePublished\":\"2020-11-13T14:32:29+00:00\",\"dateModified\":\"2026-01-27T18:51:15+00:00\",\"description\":\"As of today, abortion is legal up the 15 weeks and 6 days in Florida. Search for the closest abortion provider & get links to Florida abortion funds who can help cover costs.\",\"breadcrumb\":{\"@id\":\"https:\\\/\\\/floridareprofreedom.org\\\/abortionislegalinflorida-old\\\/#breadcrumb\"},\"inLanguage\":\"es\",\"potentialAction\":[{\"@type\":\"ReadAction\",\"target\":[\"https:\\\/\\\/floridareprofreedom.org\\\/abortionislegalinflorida-old\\\/\"]}]},{\"@type\":\"ImageObject\",\"inLanguage\":\"es\",\"@id\":\"https:\\\/\\\/floridareprofreedom.org\\\/abortionislegalinflorida-old\\\/#primaryimage\",\"url\":\"https:\\\/\\\/floridareprofreedom.org\\\/wp-content\\\/uploads\\\/2020\\\/11\\\/play.png\",\"contentUrl\":\"https:\\\/\\\/floridareprofreedom.org\\\/wp-content\\\/uploads\\\/2020\\\/11\\\/play.png\",\"width\":750,\"height\":711,\"caption\":\"FL Map: Abortion Providers\"},{\"@type\":\"BreadcrumbList\",\"@id\":\"https:\\\/\\\/floridareprofreedom.org\\\/abortionislegalinflorida-old\\\/#breadcrumb\",\"itemListElement\":[{\"@type\":\"ListItem\",\"position\":1,\"name\":\"Home\",\"item\":\"https:\\\/\\\/floridareprofreedom.org\\\/\"},{\"@type\":\"ListItem\",\"position\":2,\"name\":\"Yes! Abortion is still legal in Florida &#8211; OLD\"}]},{\"@type\":\"WebSite\",\"@id\":\"https:\\\/\\\/floridareprofreedom.org\\\/#website\",\"url\":\"https:\\\/\\\/floridareprofreedom.org\\\/\",\"name\":\"Floridians For Reproductive Freedom\",\"description\":\"Advocating for convenient, affordable, and safe access to reproductive health care, including abortion.\",\"publisher\":{\"@id\":\"https:\\\/\\\/floridareprofreedom.org\\\/#organization\"},\"potentialAction\":[{\"@type\":\"SearchAction\",\"target\":{\"@type\":\"EntryPoint\",\"urlTemplate\":\"https:\\\/\\\/floridareprofreedom.org\\\/?s={search_term_string}\"},\"query-input\":{\"@type\":\"PropertyValueSpecification\",\"valueRequired\":true,\"valueName\":\"search_term_string\"}}],\"inLanguage\":\"es\"},{\"@type\":\"Organization\",\"@id\":\"https:\\\/\\\/floridareprofreedom.org\\\/#organization\",\"name\":\"Floridians for Reproductive Freedom\",\"url\":\"https:\\\/\\\/floridareprofreedom.org\\\/\",\"logo\":{\"@type\":\"ImageObject\",\"inLanguage\":\"es\",\"@id\":\"https:\\\/\\\/floridareprofreedom.org\\\/#\\\/schema\\\/logo\\\/image\\\/\",\"url\":\"https:\\\/\\\/floridareprofreedom.org\\\/wp-content\\\/uploads\\\/2019\\\/05\\\/Untitled.jpg\",\"contentUrl\":\"https:\\\/\\\/floridareprofreedom.org\\\/wp-content\\\/uploads\\\/2019\\\/05\\\/Untitled.jpg\",\"width\":174,\"height\":180,\"caption\":\"Floridians for Reproductive Freedom\"},\"image\":{\"@id\":\"https:\\\/\\\/floridareprofreedom.org\\\/#\\\/schema\\\/logo\\\/image\\\/\"},\"sameAs\":[\"https:\\\/\\\/www.facebook.com\\\/FloridaReproFreedom\\\/\",\"https:\\\/\\\/x.com\\\/FLReproFreedom\",\"https:\\\/\\\/www.instagram.com\\\/floridareprofreedom\\\/\"]}]}<\/script>\n<!-- \/ Yoast SEO plugin. -->","yoast_head_json":{"title":"\u00a1S\u00ed! El aborto sigue siendo legal en Florida - OLD - Floridanos por la Libertad Reproductiva","description":"A partir de hoy, el aborto es legal hasta las 15 semanas y 6 d\u00edas de gestaci\u00f3n en Florida. Busca el proveedor de abortos m\u00e1s cercano y obt\u00e9n enlaces a fondos de aborto en Florida que pueden ayudarte a cubrir los costos.","robots":{"index":"index","follow":"follow","max-snippet":"max-snippet:-1","max-image-preview":"max-image-preview:large","max-video-preview":"max-video-preview:-1"},"canonical":"https:\/\/floridareprofreedom.org\/es\/aborto-es-legal-en-florida\/","og_locale":"es_ES","og_type":"article","og_title":"Yes! Abortion is still legal in Florida - OLD - Floridians For Reproductive Freedom","og_description":"As of today, abortion is legal up the 15 weeks and 6 days in Florida. Search for the closest abortion provider & get links to Florida abortion funds who can help cover costs.","og_url":"https:\/\/floridareprofreedom.org\/es\/aborto-es-legal-en-florida\/","og_site_name":"Floridians For Reproductive Freedom","article_publisher":"https:\/\/www.facebook.com\/FloridaReproFreedom\/","article_modified_time":"2026-01-27T18:51:15+00:00","og_image":[{"width":750,"height":711,"url":"https:\/\/floridareprofreedom.org\/wp-content\/uploads\/2020\/11\/play.png","type":"image\/png"}],"twitter_card":"summary_large_image","twitter_site":"@FLReproFreedom","twitter_misc":{"Est. reading time":"3 minutos"},"schema":{"@context":"https:\/\/schema.org","@graph":[{"@type":"WebPage","@id":"https:\/\/floridareprofreedom.org\/abortionislegalinflorida-old\/","url":"https:\/\/floridareprofreedom.org\/abortionislegalinflorida-old\/","name":"\u00a1S\u00ed! El aborto sigue siendo legal en Florida - OLD - Floridanos por la Libertad Reproductiva","isPartOf":{"@id":"https:\/\/floridareprofreedom.org\/#website"},"primaryImageOfPage":{"@id":"https:\/\/floridareprofreedom.org\/abortionislegalinflorida-old\/#primaryimage"},"image":{"@id":"https:\/\/floridareprofreedom.org\/abortionislegalinflorida-old\/#primaryimage"},"thumbnailUrl":"https:\/\/floridareprofreedom.org\/wp-content\/uploads\/2020\/11\/play.png","datePublished":"2020-11-13T14:32:29+00:00","dateModified":"2026-01-27T18:51:15+00:00","description":"A partir de hoy, el aborto es legal hasta las 15 semanas y 6 d\u00edas de gestaci\u00f3n en Florida. Busca el proveedor de abortos m\u00e1s cercano y obt\u00e9n enlaces a fondos de aborto en Florida que pueden ayudarte a cubrir los costos.","breadcrumb":{"@id":"https:\/\/floridareprofreedom.org\/abortionislegalinflorida-old\/#breadcrumb"},"inLanguage":"es","potentialAction":[{"@type":"ReadAction","target":["https:\/\/floridareprofreedom.org\/abortionislegalinflorida-old\/"]}]},{"@type":"ImageObject","inLanguage":"es","@id":"https:\/\/floridareprofreedom.org\/abortionislegalinflorida-old\/#primaryimage","url":"https:\/\/floridareprofreedom.org\/wp-content\/uploads\/2020\/11\/play.png","contentUrl":"https:\/\/floridareprofreedom.org\/wp-content\/uploads\/2020\/11\/play.png","width":750,"height":711,"caption":"FL Map: Abortion Providers"},{"@type":"BreadcrumbList","@id":"https:\/\/floridareprofreedom.org\/abortionislegalinflorida-old\/#breadcrumb","itemListElement":[{"@type":"ListItem","position":1,"name":"Home","item":"https:\/\/floridareprofreedom.org\/"},{"@type":"ListItem","position":2,"name":"Yes! Abortion is still legal in Florida &#8211; OLD"}]},{"@type":"WebSite","@id":"https:\/\/floridareprofreedom.org\/#website","url":"https:\/\/floridareprofreedom.org\/","name":"Floridanos por la Libertad Reproductiva","description":"Abogando por un acceso conveniente, asequible y seguro a la atenci\u00f3n de la salud reproductiva, incluido el aborto.","publisher":{"@id":"https:\/\/floridareprofreedom.org\/#organization"},"potentialAction":[{"@type":"SearchAction","target":{"@type":"EntryPoint","urlTemplate":"https:\/\/floridareprofreedom.org\/?s={search_term_string}"},"query-input":{"@type":"PropertyValueSpecification","valueRequired":true,"valueName":"search_term_string"}}],"inLanguage":"es"},{"@type":"Organization","@id":"https:\/\/floridareprofreedom.org\/#organization","name":"Floridanos por la Libertad Reproductiva","url":"https:\/\/floridareprofreedom.org\/","logo":{"@type":"ImageObject","inLanguage":"es","@id":"https:\/\/floridareprofreedom.org\/#\/schema\/logo\/image\/","url":"https:\/\/floridareprofreedom.org\/wp-content\/uploads\/2019\/05\/Untitled.jpg","contentUrl":"https:\/\/floridareprofreedom.org\/wp-content\/uploads\/2019\/05\/Untitled.jpg","width":174,"height":180,"caption":"Floridians for Reproductive Freedom"},"image":{"@id":"https:\/\/floridareprofreedom.org\/#\/schema\/logo\/image\/"},"sameAs":["https:\/\/www.facebook.com\/FloridaReproFreedom\/","https:\/\/x.com\/FLReproFreedom","https:\/\/www.instagram.com\/floridareprofreedom\/"]}]}},"_links":{"self":[{"href":"https:\/\/floridareprofreedom.org\/es\/wp-json\/wp\/v2\/pages\/1414","targetHints":{"allow":["GET"]}}],"collection":[{"href":"https:\/\/floridareprofreedom.org\/es\/wp-json\/wp\/v2\/pages"}],"about":[{"href":"https:\/\/floridareprofreedom.org\/es\/wp-json\/wp\/v2\/types\/page"}],"author":[{"embeddable":true,"href":"https:\/\/floridareprofreedom.org\/es\/wp-json\/wp\/v2\/users\/3"}],"replies":[{"embeddable":true,"href":"https:\/\/floridareprofreedom.org\/es\/wp-json\/wp\/v2\/comments?post=1414"}],"version-history":[{"count":67,"href":"https:\/\/floridareprofreedom.org\/es\/wp-json\/wp\/v2\/pages\/1414\/revisions"}],"predecessor-version":[{"id":4754,"href":"https:\/\/floridareprofreedom.org\/es\/wp-json\/wp\/v2\/pages\/1414\/revisions\/4754"}],"wp:featuredmedia":[{"embeddable":true,"href":"https:\/\/floridareprofreedom.org\/es\/wp-json\/wp\/v2\/media\/1415"}],"wp:attachment":[{"href":"https:\/\/floridareprofreedom.org\/es\/wp-json\/wp\/v2\/media?parent=1414"}],"wp:term":[{"taxonomy":"folder","embeddable":true,"href":"https:\/\/floridareprofreedom.org\/es\/wp-json\/wp\/v2\/folder?post=1414"}],"curies":[{"name":"wp","href":"https:\/\/api.w.org\/{rel}","templated":true}]}}