{"id":1529,"date":"2020-11-16T15:41:45","date_gmt":"2020-11-16T15:41:45","guid":{"rendered":"https:\/\/floridareprofreedom.org\/?page_id=1529"},"modified":"2025-08-19T19:19:23","modified_gmt":"2025-08-19T19:19:23","slug":"el-aborto-es-legal","status":"publish","type":"page","link":"https:\/\/floridareprofreedom.org\/es\/el-aborto-es-legal\/","title":{"rendered":"\u00a1Si! El aborto sigue siendo legal en Florida."},"content":{"rendered":"<p><a href=\"https:\/\/floridareprofreedom.org\/es\/el-aborto-es-legal-en-florida\/\"><span style=\"font-weight: 400;\"><img decoding=\"async\" class=\"wp-image-3435 alignleft\" src=\"https:\/\/floridareprofreedom.org\/wp-content\/uploads\/2024\/04\/ENGLISH-2-e1713905338368-300x82.png\" alt=\"\" width=\"117\" height=\"32\" srcset=\"https:\/\/floridareprofreedom.org\/wp-content\/uploads\/2024\/04\/ENGLISH-2-e1713905338368-300x82.png 300w, https:\/\/floridareprofreedom.org\/wp-content\/uploads\/2024\/04\/ENGLISH-2-e1713905338368.png 532w\" sizes=\"(max-width: 117px) 100vw, 117px\" \/><\/span><\/a><\/p>\n<p>&nbsp;<\/p>\n<p><span style=\"font-weight: 400;\">Las personas quieren y merecen tomar sus propias decisiones personales, privadas y m\u00e9dicas, y <\/span><i><span style=\"font-weight: 400;\">nunca <\/span><\/i><span style=\"font-weight: 400;\">dejaremos de luchar por nuestra libertad para controlar nuestros cuerpos y nuestras vidas.<\/span><\/p>\n<p><span style=\"font-weight: 400;\">El aborto es seguro y com\u00fan, y puedes obtener esta atenci\u00f3n si la necesitas.<\/span><\/p>\n<p><b>Restricciones y requisitos actuales sobre el aborto<\/b><span style=\"font-weight: 400;\">:<\/span><\/p>\n<ul>\n<li style=\"font-weight: 400;\" aria-level=\"1\"><b>Lo \u00faltimo:<\/b><span style=\"font-weight: 400;\"><span style=\"font-weight: 400;\"> A partir del 1 de mayo, el aborto estar\u00e1 prohibido en Florida despu\u00e9s de las seis semanas.<\/span><\/span>\n<ul>\n<li style=\"font-weight: 400;\" aria-level=\"1\"><span style=\"font-weight: 400;\"><span style=\"font-weight: 400;\"><strong>Embarazo de menos de 6 semanas:<\/strong> <span class=\"OYPEnA text-decoration-none text-strikethrough-none\">Una persona puede acceder a un aborto en el estado. (Se solicitar\u00e1n 2 citas) <\/span><\/span><\/span><\/li>\n<li style=\"font-weight: 400;\" aria-level=\"1\"><span style=\"font-weight: 400;\"><span style=\"font-weight: 400;\"><strong><span class=\"OYPEnA text-decoration-none text-strikethrough-none\">M\u00e1s de 6 semanas: <\/span><\/strong><span class=\"OYPEnA text-decoration-none text-strikethrough-none\">Una persona puede salir del estado para recibir atenci\u00f3n m\u00e9dica, o puede acceder a <\/span><strong><a class=\"OYPEnA text-decoration-underline text-strikethrough-none\" draggable=\"false\" href=\"http:\/\/es.plancpills.org\" target=\"_blank\" rel=\"noopener\">es.PlanCPills.org<\/a><\/strong><span class=\"OYPEnA text-decoration-none text-strikethrough-none\"> para obtener pastillas abortivas por correo.<\/span><\/span><\/span><\/li>\n<\/ul>\n<\/li>\n<li><b>Per\u00edodo de espera requerido:<\/b><span style=\"font-weight: 400;\"> Florida requiere una espera obligatoria de 24 horas, lo que significa que un paciente debe recibir asesoramiento exigido por el estado al menos 24 horas antes de acceder a un aborto.<\/span><\/li>\n<li style=\"font-weight: 400;\" aria-level=\"1\"><b>Como menor de edad<\/b><span style=\"font-weight: 400;\">: Se requiere la notificaci\u00f3n y el consentimiento de los padres para que una persona menor de 18 a\u00f1os pueda acceder a un aborto. <a href=\"https:\/\/floridareprofreedom.org\/es\/alternativa-judicial-en-florida\/\">Si no puedes involucrar a uno de sus padres, hay ayuda<\/a>. Haga clic aqu\u00ed para obtener informaci\u00f3n sobre c\u00f3mo obtener una derivaci\u00f3n judicial para acceder a la atenci\u00f3n sin la participaci\u00f3n de sus padres.<\/span><\/li>\n<li style=\"font-weight: 400;\" aria-level=\"1\"><b>\u00bfNecesitas conversar sobre tus opciones de aborto, por ejeplo como conservar las pastillas abortivas por correo?<\/b><span style=\"font-weight: 400;\"> Vaya a <strong><a href=\"https:\/\/www.chatwithcharley.org\/es\/florida\/\">ChatWithCharley.org\/florida<\/a><\/strong> para acceder a un chatbot privado y completo que te guiar\u00e1 a trav\u00e9s del acceso al aborto con pastillas, la programaci\u00f3n de un procedimiento y c\u00f3mo navegar por la log\u00edstica y las restricciones legales.<\/span><\/li>\n<li aria-level=\"1\">\u00bfC\u00f3mo puede mi estatus migratorio afectar el acceso al aborto? <strong><a href=\"https:\/\/www.ineedana.com\/es\/blog\/how-can-my-immigration-status-affect-abortion-access\">Una gu\u00eda para personas no ciudadanas y nuestras comunidades.<\/a><\/strong><\/li>\n<\/ul>\n<p><b>Visita <a href=\"https:\/\/www.abortionfinder.org\/es\">Buscador de abortos.org<\/a> y <a href=\"https:\/\/www.ineedana.com\/es\">IneedanA.com<\/a> para encontrar informaci\u00f3n segura, confidencial y actualizada sobre d\u00f3nde puede cancelar.<\/b><\/p>\n<p><a href=\"https:\/\/www.abortionfinder.org\/es\"><img decoding=\"async\" src=\"https:\/\/floridareprofreedom.org\/wp-content\/uploads\/2020\/11\/play-300x284.png\" alt=\"Mapa de Florida: Proveedores de servicios de aborto\" \/><\/a><\/p>\n<ul>\n<li style=\"font-weight: 400;\" aria-level=\"1\"><b>Tenga cuidado con los centros antiaborto. <\/b><span style=\"font-weight: 400;\">que se hacen pasar por cl\u00ednicas de aborto, pero averg\u00fcenzan y enga\u00f1an a las floridanas embarazadas. <a href=\"https:\/\/floridareprofreedom.org\/es\/clinicas-falsas\/\">M\u00e1s informaci\u00f3n aqu\u00ed.<\/a><\/span><\/li>\n<\/ul>\n<h2><span style=\"font-weight: 400;\">\u00bfNecesitas ayuda para pagar tu aborto?<\/span><\/h2>\n<p><span style=\"font-weight: 400;\">Organizaciones y cl\u00ednicas pueden ayudar con apoyo financiero y log\u00edsticas para las personas que buscan abortos en Florida. Haga clic a continuaci\u00f3n para obtener m\u00e1s informaci\u00f3n o pregunte directamente con una cl\u00ednica de abortos si tienen asistencia financiera. <strong><a href=\"https:\/\/www.ineedana.com\/es\/estimar-aborto-costos\">\u00bfCu\u00e1nto cuesta un aborto?<\/a><\/strong><br \/>\n<\/span><\/p>\n<ul>\n<li style=\"font-weight: 400;\" aria-level=\"1\"><span style=\"font-weight: 400;\"><a href=\"https:\/\/bwefund.org\/site\/\"><strong>Fondo de Emergencia para Mujeres de Broward<\/strong><\/a> \u2013 Condado de Broward<\/span><\/li>\n<li style=\"font-weight: 400;\" aria-level=\"1\"><span style=\"font-weight: 400;\"><strong><a href=\"https:\/\/emawpb.org\/\">Asistencia M\u00e9dica de Emergencia Inc.<\/a><\/strong> \u2013 Palm Beaches y Treasure Coast<\/span><\/li>\n<li style=\"font-weight: 400;\" aria-level=\"1\"><span style=\"font-weight: 400;\"><a href=\"https:\/\/www.flaccessnetwork.org\/\"><strong>Red de Acceso de Florida<\/strong><\/a> \u2013 En todo el estado<\/span><\/li>\n<li style=\"font-weight: 400;\" aria-level=\"1\"><span style=\"font-weight: 400;\"><a href=\"http:\/\/tbafund.com\/\"><strong>Fondo de Aborto de la Bah\u00eda de Tampa<\/strong><\/a> \u2013 Regi\u00f3n de la Bah\u00eda de Tampa<\/span><\/li>\n<li style=\"font-weight: 400;\" aria-level=\"1\"><span style=\"font-weight: 400;\"><strong><a href=\"http:\/\/www.wen-online.org\/get-help-1.html\">Red de Emergencia de Mujeres<\/a> <\/strong>\u2013 Sur de la Florida<\/span><\/li>\n<li style=\"font-weight: 400;\" aria-level=\"1\"><span style=\"font-weight: 400;\"><strong><a href=\"https:\/\/arc-southeast.org\/\">Acceso a la Atenci\u00f3n Reproductiva del Sureste<\/a> <\/strong>\u2013 Multiestatal<\/span><\/li>\n<li style=\"font-weight: 400;\" aria-level=\"1\"><span style=\"font-weight: 400;\"><strong><a href=\"https:\/\/abortionfunds.org\/need-abortion\/\">Red Nacional de Fondos para el Aborto<\/a> <\/strong>\u2013 En todo el pa\u00eds<\/span><\/li>\n<\/ul>\n<p><span style=\"font-weight: 400;\">La gente sigue recibiendo <\/span><b>pastillas abortivas por correo <\/b><span style=\"font-weight: 400;\">en<\/span><i><span style=\"font-weight: 400;\"> los 50 estados.<\/span><\/i><span style=\"font-weight: 400;\"> Ya sea para una necesidad inmediata o \u201cpor si acaso\u201d, las tarifas de escala m\u00f3vil est\u00e1n disponibles para las p\u00edldoras abortivas en <strong><a href=\"https:\/\/es.plancpills.org\/\">PlanCPills.org<\/a>.<\/strong><\/span><\/p>\n<p><b>Tom\u00e9 medidas para que el aborto siga siendo legal:<\/b><\/p>\n<ul>\n<li style=\"font-weight: 400;\" aria-level=\"1\"><span style=\"font-weight: 400;\">\u00danase a nosotros mientras luchamos por el acceso completo a la salud reproductiva.<\/span><a href=\"https:\/\/bit.ly\/reproinfl\"><b> Reg\u00edstrese aqu\u00ed para recibir el bolet\u00edn semanal de Floridanos por la Libertad Reproductiva y alertas de acci\u00f3n.<\/b><\/a><\/li>\n<\/ul>","protected":false},"excerpt":{"rendered":"<p>&nbsp; Las personas quieren y merecen tomar sus propias decisiones personales, privadas y m\u00e9dicas, y nunca dejaremos de luchar por nuestra libertad para controlar nuestros cuerpos y nuestras vidas. El aborto es seguro y com\u00fan, y puedes obtener esta atenci\u00f3n si la necesitas. Restricciones y requisitos actuales sobre el aborto: Lo \u00faltimo: A partir del [&hellip;]<\/p>\n","protected":false},"author":3,"featured_media":1415,"parent":0,"menu_order":0,"comment_status":"closed","ping_status":"closed","template":"","meta":{"footnotes":""},"folder":[11],"class_list":["post-1529","page","type-page","status-publish","has-post-thumbnail","hentry"],"yoast_head":"<!-- This site is optimized with the Yoast SEO plugin v27.4 - https:\/\/yoast.com\/product\/yoast-seo-wordpress\/ -->\n<title>\u00a1S\u00ed! El aborto sigue siendo legal en Florida. - Floridians For Reproductive Freedom<\/title>\n<meta name=\"description\" content=\"Ahora mismo, el aborto es legal en Florida hasta las 15 semanas. Os mantendremos informados.\" \/>\n<meta name=\"robots\" content=\"index, follow, max-snippet:-1, max-image-preview:large, max-video-preview:-1\" \/>\n<link rel=\"canonical\" href=\"https:\/\/floridareprofreedom.org\/es\/el-aborto-es-legal\/\" \/>\n<meta property=\"og:locale\" content=\"es_ES\" \/>\n<meta property=\"og:type\" content=\"article\" \/>\n<meta property=\"og:title\" content=\"\u00a1S\u00ed! El aborto sigue siendo legal en Florida. - Floridians For Reproductive Freedom\" \/>\n<meta property=\"og:description\" content=\"Ahora mismo, el aborto es legal en Florida hasta las 15 semanas. Os mantendremos informados.\" \/>\n<meta property=\"og:url\" content=\"https:\/\/floridareprofreedom.org\/es\/el-aborto-es-legal\/\" \/>\n<meta property=\"og:site_name\" content=\"Floridians For Reproductive Freedom\" \/>\n<meta property=\"article:publisher\" content=\"https:\/\/www.facebook.com\/FloridaReproFreedom\/\" \/>\n<meta property=\"article:modified_time\" content=\"2025-08-19T19:19:23+00:00\" \/>\n<meta property=\"og:image\" content=\"https:\/\/floridareprofreedom.org\/wp-content\/uploads\/2020\/11\/play.png\" \/>\n\t<meta property=\"og:image:width\" content=\"750\" \/>\n\t<meta property=\"og:image:height\" content=\"711\" \/>\n\t<meta property=\"og:image:type\" content=\"image\/png\" \/>\n<meta name=\"twitter:card\" content=\"summary_large_image\" \/>\n<meta name=\"twitter:site\" content=\"@FLReproFreedom\" \/>\n<meta name=\"twitter:label1\" content=\"Est. reading time\" \/>\n\t<meta name=\"twitter:data1\" content=\"3 minutos\" \/>\n<script type=\"application\/ld+json\" class=\"yoast-schema-graph\">{\"@context\":\"https:\\\/\\\/schema.org\",\"@graph\":[{\"@type\":\"WebPage\",\"@id\":\"https:\\\/\\\/floridareprofreedom.org\\\/el-aborto-es-legal\\\/\",\"url\":\"https:\\\/\\\/floridareprofreedom.org\\\/el-aborto-es-legal\\\/\",\"name\":\"\u00a1S\u00ed! El aborto sigue siendo legal en Florida. - Floridians For Reproductive Freedom\",\"isPartOf\":{\"@id\":\"https:\\\/\\\/floridareprofreedom.org\\\/#website\"},\"primaryImageOfPage\":{\"@id\":\"https:\\\/\\\/floridareprofreedom.org\\\/el-aborto-es-legal\\\/#primaryimage\"},\"image\":{\"@id\":\"https:\\\/\\\/floridareprofreedom.org\\\/el-aborto-es-legal\\\/#primaryimage\"},\"thumbnailUrl\":\"https:\\\/\\\/floridareprofreedom.org\\\/wp-content\\\/uploads\\\/2020\\\/11\\\/play.png\",\"datePublished\":\"2020-11-16T15:41:45+00:00\",\"dateModified\":\"2025-08-19T19:19:23+00:00\",\"description\":\"Ahora mismo, el aborto es legal en Florida hasta las 15 semanas. Os mantendremos informados.\",\"breadcrumb\":{\"@id\":\"https:\\\/\\\/floridareprofreedom.org\\\/el-aborto-es-legal\\\/#breadcrumb\"},\"inLanguage\":\"es\",\"potentialAction\":[{\"@type\":\"ReadAction\",\"target\":[\"https:\\\/\\\/floridareprofreedom.org\\\/el-aborto-es-legal\\\/\"]}]},{\"@type\":\"ImageObject\",\"inLanguage\":\"es\",\"@id\":\"https:\\\/\\\/floridareprofreedom.org\\\/el-aborto-es-legal\\\/#primaryimage\",\"url\":\"https:\\\/\\\/floridareprofreedom.org\\\/wp-content\\\/uploads\\\/2020\\\/11\\\/play.png\",\"contentUrl\":\"https:\\\/\\\/floridareprofreedom.org\\\/wp-content\\\/uploads\\\/2020\\\/11\\\/play.png\",\"width\":750,\"height\":711,\"caption\":\"FL Map: Abortion Providers\"},{\"@type\":\"BreadcrumbList\",\"@id\":\"https:\\\/\\\/floridareprofreedom.org\\\/el-aborto-es-legal\\\/#breadcrumb\",\"itemListElement\":[{\"@type\":\"ListItem\",\"position\":1,\"name\":\"Home\",\"item\":\"https:\\\/\\\/floridareprofreedom.org\\\/\"},{\"@type\":\"ListItem\",\"position\":2,\"name\":\"\u00a1S\u00ed! El aborto sigue siendo legal en Florida.\"}]},{\"@type\":\"WebSite\",\"@id\":\"https:\\\/\\\/floridareprofreedom.org\\\/#website\",\"url\":\"https:\\\/\\\/floridareprofreedom.org\\\/\",\"name\":\"Floridians For Reproductive Freedom\",\"description\":\"Advocating for convenient, affordable, and safe access to reproductive health care, including abortion.\",\"publisher\":{\"@id\":\"https:\\\/\\\/floridareprofreedom.org\\\/#organization\"},\"potentialAction\":[{\"@type\":\"SearchAction\",\"target\":{\"@type\":\"EntryPoint\",\"urlTemplate\":\"https:\\\/\\\/floridareprofreedom.org\\\/?s={search_term_string}\"},\"query-input\":{\"@type\":\"PropertyValueSpecification\",\"valueRequired\":true,\"valueName\":\"search_term_string\"}}],\"inLanguage\":\"es\"},{\"@type\":\"Organization\",\"@id\":\"https:\\\/\\\/floridareprofreedom.org\\\/#organization\",\"name\":\"Floridians for Reproductive Freedom\",\"url\":\"https:\\\/\\\/floridareprofreedom.org\\\/\",\"logo\":{\"@type\":\"ImageObject\",\"inLanguage\":\"es\",\"@id\":\"https:\\\/\\\/floridareprofreedom.org\\\/#\\\/schema\\\/logo\\\/image\\\/\",\"url\":\"https:\\\/\\\/floridareprofreedom.org\\\/wp-content\\\/uploads\\\/2019\\\/05\\\/Untitled.jpg\",\"contentUrl\":\"https:\\\/\\\/floridareprofreedom.org\\\/wp-content\\\/uploads\\\/2019\\\/05\\\/Untitled.jpg\",\"width\":174,\"height\":180,\"caption\":\"Floridians for Reproductive Freedom\"},\"image\":{\"@id\":\"https:\\\/\\\/floridareprofreedom.org\\\/#\\\/schema\\\/logo\\\/image\\\/\"},\"sameAs\":[\"https:\\\/\\\/www.facebook.com\\\/FloridaReproFreedom\\\/\",\"https:\\\/\\\/x.com\\\/FLReproFreedom\",\"https:\\\/\\\/www.instagram.com\\\/floridareprofreedom\\\/\"]}]}<\/script>\n<!-- \/ Yoast SEO plugin. -->","yoast_head_json":{"title":"\u00a1Si! El aborto sigue siendo legal en Florida. - Floridanos por la libertad reproductiva","description":"Ahora mismo, el aborto es legal en Florida hasta las 15 semanas. Os mantendremos informados.","robots":{"index":"index","follow":"follow","max-snippet":"max-snippet:-1","max-image-preview":"max-image-preview:large","max-video-preview":"max-video-preview:-1"},"canonical":"https:\/\/floridareprofreedom.org\/es\/el-aborto-es-legal\/","og_locale":"es_ES","og_type":"article","og_title":"\u00a1S\u00ed! El aborto sigue siendo legal en Florida. - Floridians For Reproductive Freedom","og_description":"Ahora mismo, el aborto es legal en Florida hasta las 15 semanas. Os mantendremos informados.","og_url":"https:\/\/floridareprofreedom.org\/es\/el-aborto-es-legal\/","og_site_name":"Floridians For Reproductive Freedom","article_publisher":"https:\/\/www.facebook.com\/FloridaReproFreedom\/","article_modified_time":"2025-08-19T19:19:23+00:00","og_image":[{"width":750,"height":711,"url":"https:\/\/floridareprofreedom.org\/wp-content\/uploads\/2020\/11\/play.png","type":"image\/png"}],"twitter_card":"summary_large_image","twitter_site":"@FLReproFreedom","twitter_misc":{"Est. reading time":"3 minutos"},"schema":{"@context":"https:\/\/schema.org","@graph":[{"@type":"WebPage","@id":"https:\/\/floridareprofreedom.org\/el-aborto-es-legal\/","url":"https:\/\/floridareprofreedom.org\/el-aborto-es-legal\/","name":"\u00a1Si! El aborto sigue siendo legal en Florida. - Floridanos por la libertad reproductiva","isPartOf":{"@id":"https:\/\/floridareprofreedom.org\/#website"},"primaryImageOfPage":{"@id":"https:\/\/floridareprofreedom.org\/el-aborto-es-legal\/#primaryimage"},"image":{"@id":"https:\/\/floridareprofreedom.org\/el-aborto-es-legal\/#primaryimage"},"thumbnailUrl":"https:\/\/floridareprofreedom.org\/wp-content\/uploads\/2020\/11\/play.png","datePublished":"2020-11-16T15:41:45+00:00","dateModified":"2025-08-19T19:19:23+00:00","description":"Ahora mismo, el aborto es legal en Florida hasta las 15 semanas. Os mantendremos informados.","breadcrumb":{"@id":"https:\/\/floridareprofreedom.org\/el-aborto-es-legal\/#breadcrumb"},"inLanguage":"es","potentialAction":[{"@type":"ReadAction","target":["https:\/\/floridareprofreedom.org\/el-aborto-es-legal\/"]}]},{"@type":"ImageObject","inLanguage":"es","@id":"https:\/\/floridareprofreedom.org\/el-aborto-es-legal\/#primaryimage","url":"https:\/\/floridareprofreedom.org\/wp-content\/uploads\/2020\/11\/play.png","contentUrl":"https:\/\/floridareprofreedom.org\/wp-content\/uploads\/2020\/11\/play.png","width":750,"height":711,"caption":"FL Map: Abortion Providers"},{"@type":"BreadcrumbList","@id":"https:\/\/floridareprofreedom.org\/el-aborto-es-legal\/#breadcrumb","itemListElement":[{"@type":"ListItem","position":1,"name":"Home","item":"https:\/\/floridareprofreedom.org\/"},{"@type":"ListItem","position":2,"name":"\u00a1S\u00ed! El aborto sigue siendo legal en Florida."}]},{"@type":"WebSite","@id":"https:\/\/floridareprofreedom.org\/#website","url":"https:\/\/floridareprofreedom.org\/","name":"Floridanos por la Libertad Reproductiva","description":"Abogando por un acceso conveniente, asequible y seguro a la atenci\u00f3n de la salud reproductiva, incluido el aborto.","publisher":{"@id":"https:\/\/floridareprofreedom.org\/#organization"},"potentialAction":[{"@type":"SearchAction","target":{"@type":"EntryPoint","urlTemplate":"https:\/\/floridareprofreedom.org\/?s={search_term_string}"},"query-input":{"@type":"PropertyValueSpecification","valueRequired":true,"valueName":"search_term_string"}}],"inLanguage":"es"},{"@type":"Organization","@id":"https:\/\/floridareprofreedom.org\/#organization","name":"Floridanos por la Libertad Reproductiva","url":"https:\/\/floridareprofreedom.org\/","logo":{"@type":"ImageObject","inLanguage":"es","@id":"https:\/\/floridareprofreedom.org\/#\/schema\/logo\/image\/","url":"https:\/\/floridareprofreedom.org\/wp-content\/uploads\/2019\/05\/Untitled.jpg","contentUrl":"https:\/\/floridareprofreedom.org\/wp-content\/uploads\/2019\/05\/Untitled.jpg","width":174,"height":180,"caption":"Floridians for Reproductive Freedom"},"image":{"@id":"https:\/\/floridareprofreedom.org\/#\/schema\/logo\/image\/"},"sameAs":["https:\/\/www.facebook.com\/FloridaReproFreedom\/","https:\/\/x.com\/FLReproFreedom","https:\/\/www.instagram.com\/floridareprofreedom\/"]}]}},"_links":{"self":[{"href":"https:\/\/floridareprofreedom.org\/es\/wp-json\/wp\/v2\/pages\/1529","targetHints":{"allow":["GET"]}}],"collection":[{"href":"https:\/\/floridareprofreedom.org\/es\/wp-json\/wp\/v2\/pages"}],"about":[{"href":"https:\/\/floridareprofreedom.org\/es\/wp-json\/wp\/v2\/types\/page"}],"author":[{"embeddable":true,"href":"https:\/\/floridareprofreedom.org\/es\/wp-json\/wp\/v2\/users\/3"}],"replies":[{"embeddable":true,"href":"https:\/\/floridareprofreedom.org\/es\/wp-json\/wp\/v2\/comments?post=1529"}],"version-history":[{"count":18,"href":"https:\/\/floridareprofreedom.org\/es\/wp-json\/wp\/v2\/pages\/1529\/revisions"}],"predecessor-version":[{"id":4221,"href":"https:\/\/floridareprofreedom.org\/es\/wp-json\/wp\/v2\/pages\/1529\/revisions\/4221"}],"wp:featuredmedia":[{"embeddable":true,"href":"https:\/\/floridareprofreedom.org\/es\/wp-json\/wp\/v2\/media\/1415"}],"wp:attachment":[{"href":"https:\/\/floridareprofreedom.org\/es\/wp-json\/wp\/v2\/media?parent=1529"}],"wp:term":[{"taxonomy":"folder","embeddable":true,"href":"https:\/\/floridareprofreedom.org\/es\/wp-json\/wp\/v2\/folder?post=1529"}],"curies":[{"name":"wp","href":"https:\/\/api.w.org\/{rel}","templated":true}]}}