{"id":1553,"date":"2020-12-18T17:27:34","date_gmt":"2020-12-18T17:27:34","guid":{"rendered":"https:\/\/floridareprofreedom.org\/?page_id=1553"},"modified":"2021-01-04T20:16:47","modified_gmt":"2021-01-04T20:16:47","slug":"no-de-florida","status":"publish","type":"page","link":"https:\/\/floridareprofreedom.org\/es\/not-from-florida\/","title":{"rendered":"\u00bfNo eres de Florida?"},"content":{"rendered":"<p><span style=\"font-weight: 400;\">Las j\u00f3venes de otros estados que buscan servicios de aborto en Florida pueden solicitar una exenci\u00f3n judicial en cualquier tribunal de circuito de Florida (ver mapa y lista a continuaci\u00f3n). Las personas que no residen en Florida no est\u00e1n limitadas a ning\u00fan circuito espec\u00edfico. Esto es diferente de las personas residentes de Florida, que deben presentar la solicitud en un tribunal del circuito donde residen.<\/span><\/p>\n<p><span style=\"font-weight: 400;\"><strong>Descripci\u00f3n general del caso de 2008 del Tribunal de Apelaciones del Primer Distrito de Florida:<\/strong>\u00a0<\/span><span style=\"font-weight: 400;\">Un tribunal de circuito determin\u00f3 que no ten\u00eda jurisdicci\u00f3n porque el menor no resid\u00eda dentro de su jurisdicci\u00f3n. El apelante argument\u00f3 que el tribunal de circuito incurri\u00f3 en un error de derecho al determinar que carec\u00eda de jurisdicci\u00f3n para conocer de la petici\u00f3n. <strong>La apelante afirm\u00f3 que, cuando una menor no resid\u00eda en el estado, la ley de Florida le obligaba a concluir que pod\u00eda presentar una solicitud de exenci\u00f3n judicial ante cualquier tribunal de circuito del estado. El tribunal de apelaciones coincidi\u00f3.<\/strong> Contrariamente a la decisi\u00f3n del tribunal de circuito, <\/span><a href=\"https:\/\/tracking.cirrusinsight.com\/2feb9f3e-8738-4724-99da-9356f28fa287\/advance-lexis-com-document\"><span style=\"font-weight: 400;\">\u00a7 390.01114(4)(a)<\/span><\/a><span style=\"font-weight: 400;\"> Era una ley de jurisdicci\u00f3n, no de competencia. Dado que la ley no especificaba la jurisdicci\u00f3n en la que una parte de otro estado deb\u00eda presentar una petici\u00f3n, no se prefiri\u00f3 una jurisdicci\u00f3n espec\u00edfica, y la decisi\u00f3n del tribunal de circuito fue err\u00f3nea. Sin embargo, con base en los plazos establecidos en la Ley, no se autoriz\u00f3 la devoluci\u00f3n para una nueva audiencia ante el tribunal de circuito. En consecuencia, el tribunal de apelaciones, antes de emitir su dictamen escrito, hab\u00eda ordenado que el tribunal de circuito emitiera inmediatamente una orden que admitiera la petici\u00f3n.<\/span><\/p>\n<p><span style=\"font-weight: 400;\">Caso completo: \u00a0<a href=\"https:\/\/floridareprofreedom.org\/wp-content\/uploads\/2020\/12\/In-re-Doe-07-B_-973-So.-2d-627.pdf\">En re Doe 07-B_ 973 So. 2d 627<\/a><\/span><\/p>\n<p><img fetchpriority=\"high\" decoding=\"async\" class=\"alignnone size-full wp-image-1001\" src=\"https:\/\/floridareprofreedom.org\/wp-content\/uploads\/2020\/05\/flcircuitmap.jpeg\" alt=\"\" width=\"465\" height=\"390\" srcset=\"https:\/\/floridareprofreedom.org\/wp-content\/uploads\/2020\/05\/flcircuitmap.jpeg 465w, https:\/\/floridareprofreedom.org\/wp-content\/uploads\/2020\/05\/flcircuitmap-300x252.jpeg 300w\" sizes=\"(max-width: 465px) 100vw, 465px\" \/><\/p>\n<p><iframe src=\"https:\/\/docs.google.com\/spreadsheets\/d\/e\/2PACX-1vQB6krgtRma-96mkc9NufqrFn2t3gYItPYTXhaTc_euzRTZEXyRs9x90T-YutHr6CS_eNVijuyheuHR\/pubhtml?gid=1415876535&amp;single=true&amp;widget=true&amp;headers=false\" width=\"850\" height=\"1200\"><\/iframe><\/p>\n<p style=\"text-align: center;\"><a href=\"https:\/\/floridareprofreedom.org\/es\/donde\/\"><img decoding=\"async\" class=\"alignnone wp-image-1014 size-full\" src=\"https:\/\/floridareprofreedom.org\/wp-content\/uploads\/2020\/05\/previous.gif\" alt=\"\" width=\"231\" height=\"32\" \/><\/a>\u00a0 \u00a0<a href=\"https:\/\/floridareprofreedom.org\/es\/formularios\/\"><img decoding=\"async\" class=\"alignnone wp-image-1015 size-full\" src=\"https:\/\/floridareprofreedom.org\/wp-content\/uploads\/2020\/05\/next.gif\" alt=\"\" width=\"231\" height=\"32\" \/><\/a><\/p>\n<p><b>Preguntas relacionadas<\/b><\/p>\n<ul>\n<li style=\"font-weight: 400;\"><a href=\"https:\/\/floridareprofreedom.org\/es\/derivacion-judicial-2\/\"><span style=\"font-weight: 400;\">\u00bfQu\u00e9 es un bypass judicial para el aborto?<\/span><\/a><\/li>\n<li><a href=\"https:\/\/floridareprofreedom.org\/es\/donde\/\">\u00bfA d\u00f3nde puedo acudir para obtener un bypass judicial?<\/a><\/li>\n<li><a href=\"https:\/\/floridareprofreedom.org\/es\/formularios\/\">\u00bfQu\u00e9 formularios necesito?<\/a><\/li>\n<li><a href=\"https:\/\/floridareprofreedom.org\/es\/juez\/\"><span style=\"font-weight: 400;\">\u00bfQu\u00e9 tendr\u00e1 en cuenta el juez?<\/span><\/a><\/li>\n<li style=\"font-weight: 400;\"><a href=\"https:\/\/floridareprofreedom.org\/es\/abogado\/\"><span style=\"font-weight: 400;\">\u00bfNecesito un abogado?<\/span><\/a><\/li>\n<li style=\"font-weight: 400;\"><a href=\"https:\/\/floridareprofreedom.org\/es\/cuanto-tiempo\/\"><span style=\"font-weight: 400;\">\u00bfCu\u00e1nto tiempo se tarda en conseguir un bypass judicial?<\/span><\/a><\/li>\n<li style=\"font-weight: 400;\"><a href=\"https:\/\/floridareprofreedom.org\/es\/costo\/\"><span style=\"font-weight: 400;\">\u00bfCuesta dinero obtener un bypass judicial?<\/span><\/a><\/li>\n<li style=\"font-weight: 400;\"><a href=\"https:\/\/floridareprofreedom.org\/es\/alguien-sabe\/\"><span style=\"font-weight: 400;\">\u00bfAlguien sabr\u00e1 si puedo obtener un bypass judicial para abortar?<\/span><\/a><\/li>\n<li style=\"font-weight: 400;\"><a href=\"https:\/\/floridareprofreedom.org\/es\/preguntasjuez\/\"><span style=\"font-weight: 400;\">\u00bfQu\u00e9 tipo de preguntas me har\u00e1 el juez?<\/span><\/a><\/li>\n<li style=\"font-weight: 400;\"><a href=\"https:\/\/floridareprofreedom.org\/es\/tener-puesto\/\"><span style=\"font-weight: 400;\">\u00bfQu\u00e9 me pongo para ir a la corte?<\/span><\/a><\/li>\n<li style=\"font-weight: 400;\"><a href=\"https:\/\/floridareprofreedom.org\/es\/programado\/\"><span style=\"font-weight: 400;\">\u00bfQu\u00e9 sucede si mi audiencia est\u00e1 programada durante un d\u00eda escolar?<\/span><\/a><\/li>\n<li style=\"font-weight: 400;\"><a href=\"https:\/\/floridareprofreedom.org\/es\/otra-persona\/\"><span style=\"font-weight: 400;\">\u00bfLa otra persona involucrada en mi embarazo tiene voz y voto sobre si decido abortar?<\/span><\/a><\/li>\n<li style=\"font-weight: 400;\"><a href=\"https:\/\/floridareprofreedom.org\/es\/ciudadano\/\"><span style=\"font-weight: 400;\">\u00bfTengo que ser ciudadana estadounidense para abortar? \u00bfQu\u00e9 pasa si no hablo bien ingl\u00e9s?<\/span><\/a><\/li>\n<li style=\"font-weight: 400;\"><a href=\"https:\/\/floridareprofreedom.org\/es\/cambiar\/\"><span style=\"font-weight: 400;\">\u00bfPuedo cambiar de opini\u00f3n despu\u00e9s de hacerme el bypass?<\/span><\/a><\/li>\n<li><a href=\"https:\/\/floridareprofreedom.org\/es\/niega\/\">\u00bfQu\u00e9 pasa si el juez niega mi solicitud de bypass?<\/a><\/li>\n<\/ul>","protected":false},"excerpt":{"rendered":"<p>Young people who are from other states who are seeking abortion care in Florida can file for a judicial bypass in any circuit court in Florida (see map and list below). Non-Florida residents are not restricted to any specific circuit. This is different from Florida residents who are to file in a court within the [&hellip;]<\/p>\n","protected":false},"author":3,"featured_media":0,"parent":0,"menu_order":0,"comment_status":"closed","ping_status":"closed","template":"","meta":{"footnotes":""},"folder":[8],"class_list":["post-1553","page","type-page","status-publish","hentry"],"yoast_head":"<!-- This site is optimized with the Yoast SEO plugin v27.3 - https:\/\/yoast.com\/product\/yoast-seo-wordpress\/ -->\n<title>Not from Florida? - Floridians For Reproductive Freedom<\/title>\n<meta name=\"robots\" content=\"index, follow, max-snippet:-1, max-image-preview:large, max-video-preview:-1\" \/>\n<link rel=\"canonical\" href=\"https:\/\/floridareprofreedom.org\/es\/no-de-florida\/\" \/>\n<meta property=\"og:locale\" content=\"es_ES\" \/>\n<meta property=\"og:type\" content=\"article\" \/>\n<meta property=\"og:title\" content=\"Not from Florida? - Floridians For Reproductive Freedom\" \/>\n<meta property=\"og:description\" content=\"Young people who are from other states who are seeking abortion care in Florida can file for a judicial bypass in any circuit court in Florida (see map and list below). Non-Florida residents are not restricted to any specific circuit. This is different from Florida residents who are to file in a court within the [&hellip;]\" \/>\n<meta property=\"og:url\" content=\"https:\/\/floridareprofreedom.org\/es\/no-de-florida\/\" \/>\n<meta property=\"og:site_name\" content=\"Floridians For Reproductive Freedom\" \/>\n<meta property=\"article:publisher\" content=\"https:\/\/www.facebook.com\/FloridaReproFreedom\/\" \/>\n<meta property=\"article:modified_time\" content=\"2021-01-04T20:16:47+00:00\" \/>\n<meta property=\"og:image\" content=\"https:\/\/floridareprofreedom.org\/wp-content\/uploads\/2020\/05\/flcircuitmap.jpeg\" \/>\n<meta name=\"twitter:card\" content=\"summary_large_image\" \/>\n<meta name=\"twitter:site\" content=\"@FLReproFreedom\" \/>\n<meta name=\"twitter:label1\" content=\"Est. reading time\" \/>\n\t<meta name=\"twitter:data1\" content=\"2 minutos\" \/>\n<script type=\"application\/ld+json\" class=\"yoast-schema-graph\">{\"@context\":\"https:\\\/\\\/schema.org\",\"@graph\":[{\"@type\":\"WebPage\",\"@id\":\"https:\\\/\\\/floridareprofreedom.org\\\/not-from-florida\\\/\",\"url\":\"https:\\\/\\\/floridareprofreedom.org\\\/not-from-florida\\\/\",\"name\":\"Not from Florida? - Floridians For Reproductive Freedom\",\"isPartOf\":{\"@id\":\"https:\\\/\\\/floridareprofreedom.org\\\/#website\"},\"primaryImageOfPage\":{\"@id\":\"https:\\\/\\\/floridareprofreedom.org\\\/not-from-florida\\\/#primaryimage\"},\"image\":{\"@id\":\"https:\\\/\\\/floridareprofreedom.org\\\/not-from-florida\\\/#primaryimage\"},\"thumbnailUrl\":\"https:\\\/\\\/floridareprofreedom.org\\\/wp-content\\\/uploads\\\/2020\\\/05\\\/flcircuitmap.jpeg\",\"datePublished\":\"2020-12-18T17:27:34+00:00\",\"dateModified\":\"2021-01-04T20:16:47+00:00\",\"breadcrumb\":{\"@id\":\"https:\\\/\\\/floridareprofreedom.org\\\/not-from-florida\\\/#breadcrumb\"},\"inLanguage\":\"es\",\"potentialAction\":[{\"@type\":\"ReadAction\",\"target\":[\"https:\\\/\\\/floridareprofreedom.org\\\/not-from-florida\\\/\"]}]},{\"@type\":\"ImageObject\",\"inLanguage\":\"es\",\"@id\":\"https:\\\/\\\/floridareprofreedom.org\\\/not-from-florida\\\/#primaryimage\",\"url\":\"https:\\\/\\\/floridareprofreedom.org\\\/wp-content\\\/uploads\\\/2020\\\/05\\\/flcircuitmap.jpeg\",\"contentUrl\":\"https:\\\/\\\/floridareprofreedom.org\\\/wp-content\\\/uploads\\\/2020\\\/05\\\/flcircuitmap.jpeg\"},{\"@type\":\"BreadcrumbList\",\"@id\":\"https:\\\/\\\/floridareprofreedom.org\\\/not-from-florida\\\/#breadcrumb\",\"itemListElement\":[{\"@type\":\"ListItem\",\"position\":1,\"name\":\"Home\",\"item\":\"https:\\\/\\\/floridareprofreedom.org\\\/\"},{\"@type\":\"ListItem\",\"position\":2,\"name\":\"Not from Florida?\"}]},{\"@type\":\"WebSite\",\"@id\":\"https:\\\/\\\/floridareprofreedom.org\\\/#website\",\"url\":\"https:\\\/\\\/floridareprofreedom.org\\\/\",\"name\":\"Floridians For Reproductive Freedom\",\"description\":\"Advocating for convenient, affordable, and safe access to reproductive health care, including abortion.\",\"publisher\":{\"@id\":\"https:\\\/\\\/floridareprofreedom.org\\\/#organization\"},\"potentialAction\":[{\"@type\":\"SearchAction\",\"target\":{\"@type\":\"EntryPoint\",\"urlTemplate\":\"https:\\\/\\\/floridareprofreedom.org\\\/?s={search_term_string}\"},\"query-input\":{\"@type\":\"PropertyValueSpecification\",\"valueRequired\":true,\"valueName\":\"search_term_string\"}}],\"inLanguage\":\"es\"},{\"@type\":\"Organization\",\"@id\":\"https:\\\/\\\/floridareprofreedom.org\\\/#organization\",\"name\":\"Floridians for Reproductive Freedom\",\"url\":\"https:\\\/\\\/floridareprofreedom.org\\\/\",\"logo\":{\"@type\":\"ImageObject\",\"inLanguage\":\"es\",\"@id\":\"https:\\\/\\\/floridareprofreedom.org\\\/#\\\/schema\\\/logo\\\/image\\\/\",\"url\":\"https:\\\/\\\/floridareprofreedom.org\\\/wp-content\\\/uploads\\\/2019\\\/05\\\/Untitled.jpg\",\"contentUrl\":\"https:\\\/\\\/floridareprofreedom.org\\\/wp-content\\\/uploads\\\/2019\\\/05\\\/Untitled.jpg\",\"width\":174,\"height\":180,\"caption\":\"Floridians for Reproductive Freedom\"},\"image\":{\"@id\":\"https:\\\/\\\/floridareprofreedom.org\\\/#\\\/schema\\\/logo\\\/image\\\/\"},\"sameAs\":[\"https:\\\/\\\/www.facebook.com\\\/FloridaReproFreedom\\\/\",\"https:\\\/\\\/x.com\\\/FLReproFreedom\",\"https:\\\/\\\/www.instagram.com\\\/floridareprofreedom\\\/\"]}]}<\/script>\n<!-- \/ Yoast SEO plugin. -->","yoast_head_json":{"title":"\u00bfNo eres de Florida? - Floridanos por la Libertad Reproductiva","robots":{"index":"index","follow":"follow","max-snippet":"max-snippet:-1","max-image-preview":"max-image-preview:large","max-video-preview":"max-video-preview:-1"},"canonical":"https:\/\/floridareprofreedom.org\/es\/no-de-florida\/","og_locale":"es_ES","og_type":"article","og_title":"Not from Florida? - Floridians For Reproductive Freedom","og_description":"Young people who are from other states who are seeking abortion care in Florida can file for a judicial bypass in any circuit court in Florida (see map and list below). Non-Florida residents are not restricted to any specific circuit. This is different from Florida residents who are to file in a court within the [&hellip;]","og_url":"https:\/\/floridareprofreedom.org\/es\/no-de-florida\/","og_site_name":"Floridians For Reproductive Freedom","article_publisher":"https:\/\/www.facebook.com\/FloridaReproFreedom\/","article_modified_time":"2021-01-04T20:16:47+00:00","og_image":[{"url":"https:\/\/floridareprofreedom.org\/wp-content\/uploads\/2020\/05\/flcircuitmap.jpeg","type":"","width":"","height":""}],"twitter_card":"summary_large_image","twitter_site":"@FLReproFreedom","twitter_misc":{"Est. reading time":"2 minutos"},"schema":{"@context":"https:\/\/schema.org","@graph":[{"@type":"WebPage","@id":"https:\/\/floridareprofreedom.org\/not-from-florida\/","url":"https:\/\/floridareprofreedom.org\/not-from-florida\/","name":"\u00bfNo eres de Florida? - Floridanos por la Libertad Reproductiva","isPartOf":{"@id":"https:\/\/floridareprofreedom.org\/#website"},"primaryImageOfPage":{"@id":"https:\/\/floridareprofreedom.org\/not-from-florida\/#primaryimage"},"image":{"@id":"https:\/\/floridareprofreedom.org\/not-from-florida\/#primaryimage"},"thumbnailUrl":"https:\/\/floridareprofreedom.org\/wp-content\/uploads\/2020\/05\/flcircuitmap.jpeg","datePublished":"2020-12-18T17:27:34+00:00","dateModified":"2021-01-04T20:16:47+00:00","breadcrumb":{"@id":"https:\/\/floridareprofreedom.org\/not-from-florida\/#breadcrumb"},"inLanguage":"es","potentialAction":[{"@type":"ReadAction","target":["https:\/\/floridareprofreedom.org\/not-from-florida\/"]}]},{"@type":"ImageObject","inLanguage":"es","@id":"https:\/\/floridareprofreedom.org\/not-from-florida\/#primaryimage","url":"https:\/\/floridareprofreedom.org\/wp-content\/uploads\/2020\/05\/flcircuitmap.jpeg","contentUrl":"https:\/\/floridareprofreedom.org\/wp-content\/uploads\/2020\/05\/flcircuitmap.jpeg"},{"@type":"BreadcrumbList","@id":"https:\/\/floridareprofreedom.org\/not-from-florida\/#breadcrumb","itemListElement":[{"@type":"ListItem","position":1,"name":"Home","item":"https:\/\/floridareprofreedom.org\/"},{"@type":"ListItem","position":2,"name":"Not from Florida?"}]},{"@type":"WebSite","@id":"https:\/\/floridareprofreedom.org\/#website","url":"https:\/\/floridareprofreedom.org\/","name":"Floridanos por la Libertad Reproductiva","description":"Abogando por un acceso conveniente, asequible y seguro a la atenci\u00f3n de la salud reproductiva, incluido el aborto.","publisher":{"@id":"https:\/\/floridareprofreedom.org\/#organization"},"potentialAction":[{"@type":"SearchAction","target":{"@type":"EntryPoint","urlTemplate":"https:\/\/floridareprofreedom.org\/?s={search_term_string}"},"query-input":{"@type":"PropertyValueSpecification","valueRequired":true,"valueName":"search_term_string"}}],"inLanguage":"es"},{"@type":"Organization","@id":"https:\/\/floridareprofreedom.org\/#organization","name":"Floridanos por la Libertad Reproductiva","url":"https:\/\/floridareprofreedom.org\/","logo":{"@type":"ImageObject","inLanguage":"es","@id":"https:\/\/floridareprofreedom.org\/#\/schema\/logo\/image\/","url":"https:\/\/floridareprofreedom.org\/wp-content\/uploads\/2019\/05\/Untitled.jpg","contentUrl":"https:\/\/floridareprofreedom.org\/wp-content\/uploads\/2019\/05\/Untitled.jpg","width":174,"height":180,"caption":"Floridians for Reproductive Freedom"},"image":{"@id":"https:\/\/floridareprofreedom.org\/#\/schema\/logo\/image\/"},"sameAs":["https:\/\/www.facebook.com\/FloridaReproFreedom\/","https:\/\/x.com\/FLReproFreedom","https:\/\/www.instagram.com\/floridareprofreedom\/"]}]}},"_links":{"self":[{"href":"https:\/\/floridareprofreedom.org\/es\/wp-json\/wp\/v2\/pages\/1553","targetHints":{"allow":["GET"]}}],"collection":[{"href":"https:\/\/floridareprofreedom.org\/es\/wp-json\/wp\/v2\/pages"}],"about":[{"href":"https:\/\/floridareprofreedom.org\/es\/wp-json\/wp\/v2\/types\/page"}],"author":[{"embeddable":true,"href":"https:\/\/floridareprofreedom.org\/es\/wp-json\/wp\/v2\/users\/3"}],"replies":[{"embeddable":true,"href":"https:\/\/floridareprofreedom.org\/es\/wp-json\/wp\/v2\/comments?post=1553"}],"version-history":[{"count":5,"href":"https:\/\/floridareprofreedom.org\/es\/wp-json\/wp\/v2\/pages\/1553\/revisions"}],"predecessor-version":[{"id":1565,"href":"https:\/\/floridareprofreedom.org\/es\/wp-json\/wp\/v2\/pages\/1553\/revisions\/1565"}],"wp:attachment":[{"href":"https:\/\/floridareprofreedom.org\/es\/wp-json\/wp\/v2\/media?parent=1553"}],"wp:term":[{"taxonomy":"folder","embeddable":true,"href":"https:\/\/floridareprofreedom.org\/es\/wp-json\/wp\/v2\/folder?post=1553"}],"curies":[{"name":"wp","href":"https:\/\/api.w.org\/{rel}","templated":true}]}}