{"id":1609,"date":"2021-01-19T17:20:01","date_gmt":"2021-01-19T17:20:01","guid":{"rendered":"https:\/\/floridareprofreedom.org\/?page_id=1609"},"modified":"2025-09-03T19:22:44","modified_gmt":"2025-09-03T19:22:44","slug":"conclusion","status":"publish","type":"page","link":"https:\/\/floridareprofreedom.org\/es\/conclusion\/","title":{"rendered":"Conclusi\u00f3n"},"content":{"rendered":"<p>Al momento de redactar este informe, la Legislatura de Florida asignaba 1,4 millones de d\u00f3lares anuales de fondos p\u00fablicos al Programa de Servicios de Apoyo al Embarazo de Florida. Ahora, destina 29,5 millones de d\u00f3lares para obligar a las floridanas embarazadas a no buscar servicios de aborto. Los centros antiaborto reciben la mayor parte del dinero p\u00fablico a trav\u00e9s de este programa y, en clara contravenci\u00f3n de la ley, al parecer, estos centros hacen proselitismo mientras difunden informaci\u00f3n m\u00e9dicamente inexacta y peligrosa, todo para presionar a las embarazadas a llevar a t\u00e9rmino su embarazo.<\/p>\n<p>Hasta que los contribuyentes puedan tener la seguridad de que estos centros cumplen con los est\u00e1ndares \u00e9ticos de las instalaciones m\u00e9dicas autorizadas, ofrecen asesoramiento m\u00e9dico s\u00f3lido y no causan da\u00f1os, el estado de Florida deber\u00eda abstenerse de financiar directa o indirectamente centros de embarazo antiaborto.<\/p>\n<p style=\"text-align: center;\"><strong>Visita nuestra <a href=\"https:\/\/floridareprofreedom.org\/es\/clinicas-falsas\/\">P\u00e1gina de acci\u00f3n<\/a> para conocer las acciones espec\u00edficas que nuestra coalici\u00f3n est\u00e1 tomando para llamar la atenci\u00f3n sobre los problemas asociados con la financiaci\u00f3n p\u00fablica de los centros de embarazo antiaborto.<\/strong><\/p>\n<p><a href=\"https:\/\/floridareprofreedom.org\/es\/fpcn\/\"><img decoding=\"async\" class=\"alignnone wp-image-1625 size-full aligncenter\" src=\"https:\/\/floridareprofreedom.org\/wp-content\/uploads\/2021\/01\/previous.gif\" alt=\"\" width=\"143\" height=\"31\" \/><\/a><\/p>\n<p style=\"text-align: center;\"><a href=\"https:\/\/floridareprofreedom.org\/es\/informe\/\">Volver a la p\u00e1gina principal del informe<\/a><\/p>","protected":false},"excerpt":{"rendered":"<p>At the time of writing this report, the Florida Legislature allocated $4 million a year of taxpayer funds to the Florida Pregnancy Support Services Program. Now, they allocate $29.5 million to coerce pregnant Floridians away from seeking abortion services. Anti-abortion\u00a0 centers receive the majority of taxpayer money through this program and in direct contravention of [&hellip;]<\/p>\n","protected":false},"author":3,"featured_media":0,"parent":0,"menu_order":0,"comment_status":"closed","ping_status":"closed","template":"","meta":{"footnotes":""},"folder":[17],"class_list":["post-1609","page","type-page","status-publish","hentry"],"yoast_head":"<!-- This site is optimized with the Yoast SEO plugin v27.3 - https:\/\/yoast.com\/product\/yoast-seo-wordpress\/ -->\n<title>Conclusion - Floridians For Reproductive Freedom<\/title>\n<meta name=\"robots\" content=\"index, follow, max-snippet:-1, max-image-preview:large, max-video-preview:-1\" \/>\n<link rel=\"canonical\" href=\"https:\/\/floridareprofreedom.org\/es\/conclusion\/\" \/>\n<meta property=\"og:locale\" content=\"es_ES\" \/>\n<meta property=\"og:type\" content=\"article\" \/>\n<meta property=\"og:title\" content=\"Conclusion - Floridians For Reproductive Freedom\" \/>\n<meta property=\"og:description\" content=\"At the time of writing this report, the Florida Legislature allocated $4 million a year of taxpayer funds to the Florida Pregnancy Support Services Program. Now, they allocate $29.5 million to coerce pregnant Floridians away from seeking abortion services. Anti-abortion\u00a0 centers receive the majority of taxpayer money through this program and in direct contravention of [&hellip;]\" \/>\n<meta property=\"og:url\" content=\"https:\/\/floridareprofreedom.org\/es\/conclusion\/\" \/>\n<meta property=\"og:site_name\" content=\"Floridians For Reproductive Freedom\" \/>\n<meta property=\"article:publisher\" content=\"https:\/\/www.facebook.com\/FloridaReproFreedom\/\" \/>\n<meta property=\"article:modified_time\" content=\"2025-09-03T19:22:44+00:00\" \/>\n<meta property=\"og:image\" content=\"https:\/\/floridareprofreedom.org\/wp-content\/uploads\/2021\/01\/previous.gif\" \/>\n\t<meta property=\"og:image:width\" content=\"143\" \/>\n\t<meta property=\"og:image:height\" content=\"31\" \/>\n\t<meta property=\"og:image:type\" content=\"image\/gif\" \/>\n<meta name=\"twitter:card\" content=\"summary_large_image\" \/>\n<meta name=\"twitter:site\" content=\"@FLReproFreedom\" \/>\n<meta name=\"twitter:label1\" content=\"Est. reading time\" \/>\n\t<meta name=\"twitter:data1\" content=\"1 minuto\" \/>\n<script type=\"application\/ld+json\" class=\"yoast-schema-graph\">{\"@context\":\"https:\\\/\\\/schema.org\",\"@graph\":[{\"@type\":\"WebPage\",\"@id\":\"https:\\\/\\\/floridareprofreedom.org\\\/conclusion\\\/\",\"url\":\"https:\\\/\\\/floridareprofreedom.org\\\/conclusion\\\/\",\"name\":\"Conclusion - Floridians For Reproductive Freedom\",\"isPartOf\":{\"@id\":\"https:\\\/\\\/floridareprofreedom.org\\\/#website\"},\"primaryImageOfPage\":{\"@id\":\"https:\\\/\\\/floridareprofreedom.org\\\/conclusion\\\/#primaryimage\"},\"image\":{\"@id\":\"https:\\\/\\\/floridareprofreedom.org\\\/conclusion\\\/#primaryimage\"},\"thumbnailUrl\":\"https:\\\/\\\/floridareprofreedom.org\\\/wp-content\\\/uploads\\\/2021\\\/01\\\/previous.gif\",\"datePublished\":\"2021-01-19T17:20:01+00:00\",\"dateModified\":\"2025-09-03T19:22:44+00:00\",\"breadcrumb\":{\"@id\":\"https:\\\/\\\/floridareprofreedom.org\\\/conclusion\\\/#breadcrumb\"},\"inLanguage\":\"es\",\"potentialAction\":[{\"@type\":\"ReadAction\",\"target\":[\"https:\\\/\\\/floridareprofreedom.org\\\/conclusion\\\/\"]}]},{\"@type\":\"ImageObject\",\"inLanguage\":\"es\",\"@id\":\"https:\\\/\\\/floridareprofreedom.org\\\/conclusion\\\/#primaryimage\",\"url\":\"https:\\\/\\\/floridareprofreedom.org\\\/wp-content\\\/uploads\\\/2021\\\/01\\\/previous.gif\",\"contentUrl\":\"https:\\\/\\\/floridareprofreedom.org\\\/wp-content\\\/uploads\\\/2021\\\/01\\\/previous.gif\"},{\"@type\":\"BreadcrumbList\",\"@id\":\"https:\\\/\\\/floridareprofreedom.org\\\/conclusion\\\/#breadcrumb\",\"itemListElement\":[{\"@type\":\"ListItem\",\"position\":1,\"name\":\"Home\",\"item\":\"https:\\\/\\\/floridareprofreedom.org\\\/\"},{\"@type\":\"ListItem\",\"position\":2,\"name\":\"Conclusion\"}]},{\"@type\":\"WebSite\",\"@id\":\"https:\\\/\\\/floridareprofreedom.org\\\/#website\",\"url\":\"https:\\\/\\\/floridareprofreedom.org\\\/\",\"name\":\"Floridians For Reproductive Freedom\",\"description\":\"Advocating for convenient, affordable, and safe access to reproductive health care, including abortion.\",\"publisher\":{\"@id\":\"https:\\\/\\\/floridareprofreedom.org\\\/#organization\"},\"potentialAction\":[{\"@type\":\"SearchAction\",\"target\":{\"@type\":\"EntryPoint\",\"urlTemplate\":\"https:\\\/\\\/floridareprofreedom.org\\\/?s={search_term_string}\"},\"query-input\":{\"@type\":\"PropertyValueSpecification\",\"valueRequired\":true,\"valueName\":\"search_term_string\"}}],\"inLanguage\":\"es\"},{\"@type\":\"Organization\",\"@id\":\"https:\\\/\\\/floridareprofreedom.org\\\/#organization\",\"name\":\"Floridians for Reproductive Freedom\",\"url\":\"https:\\\/\\\/floridareprofreedom.org\\\/\",\"logo\":{\"@type\":\"ImageObject\",\"inLanguage\":\"es\",\"@id\":\"https:\\\/\\\/floridareprofreedom.org\\\/#\\\/schema\\\/logo\\\/image\\\/\",\"url\":\"https:\\\/\\\/floridareprofreedom.org\\\/wp-content\\\/uploads\\\/2019\\\/05\\\/Untitled.jpg\",\"contentUrl\":\"https:\\\/\\\/floridareprofreedom.org\\\/wp-content\\\/uploads\\\/2019\\\/05\\\/Untitled.jpg\",\"width\":174,\"height\":180,\"caption\":\"Floridians for Reproductive Freedom\"},\"image\":{\"@id\":\"https:\\\/\\\/floridareprofreedom.org\\\/#\\\/schema\\\/logo\\\/image\\\/\"},\"sameAs\":[\"https:\\\/\\\/www.facebook.com\\\/FloridaReproFreedom\\\/\",\"https:\\\/\\\/x.com\\\/FLReproFreedom\",\"https:\\\/\\\/www.instagram.com\\\/floridareprofreedom\\\/\"]}]}<\/script>\n<!-- \/ Yoast SEO plugin. -->","yoast_head_json":{"title":"Conclusi\u00f3n - Floridanos por la Libertad Reproductiva","robots":{"index":"index","follow":"follow","max-snippet":"max-snippet:-1","max-image-preview":"max-image-preview:large","max-video-preview":"max-video-preview:-1"},"canonical":"https:\/\/floridareprofreedom.org\/es\/conclusion\/","og_locale":"es_ES","og_type":"article","og_title":"Conclusion - Floridians For Reproductive Freedom","og_description":"At the time of writing this report, the Florida Legislature allocated $4 million a year of taxpayer funds to the Florida Pregnancy Support Services Program. Now, they allocate $29.5 million to coerce pregnant Floridians away from seeking abortion services. Anti-abortion\u00a0 centers receive the majority of taxpayer money through this program and in direct contravention of [&hellip;]","og_url":"https:\/\/floridareprofreedom.org\/es\/conclusion\/","og_site_name":"Floridians For Reproductive Freedom","article_publisher":"https:\/\/www.facebook.com\/FloridaReproFreedom\/","article_modified_time":"2025-09-03T19:22:44+00:00","og_image":[{"width":143,"height":31,"url":"https:\/\/floridareprofreedom.org\/wp-content\/uploads\/2021\/01\/previous.gif","type":"image\/gif"}],"twitter_card":"summary_large_image","twitter_site":"@FLReproFreedom","twitter_misc":{"Est. reading time":"1 minuto"},"schema":{"@context":"https:\/\/schema.org","@graph":[{"@type":"WebPage","@id":"https:\/\/floridareprofreedom.org\/conclusion\/","url":"https:\/\/floridareprofreedom.org\/conclusion\/","name":"Conclusi\u00f3n - Floridanos por la Libertad Reproductiva","isPartOf":{"@id":"https:\/\/floridareprofreedom.org\/#website"},"primaryImageOfPage":{"@id":"https:\/\/floridareprofreedom.org\/conclusion\/#primaryimage"},"image":{"@id":"https:\/\/floridareprofreedom.org\/conclusion\/#primaryimage"},"thumbnailUrl":"https:\/\/floridareprofreedom.org\/wp-content\/uploads\/2021\/01\/previous.gif","datePublished":"2021-01-19T17:20:01+00:00","dateModified":"2025-09-03T19:22:44+00:00","breadcrumb":{"@id":"https:\/\/floridareprofreedom.org\/conclusion\/#breadcrumb"},"inLanguage":"es","potentialAction":[{"@type":"ReadAction","target":["https:\/\/floridareprofreedom.org\/conclusion\/"]}]},{"@type":"ImageObject","inLanguage":"es","@id":"https:\/\/floridareprofreedom.org\/conclusion\/#primaryimage","url":"https:\/\/floridareprofreedom.org\/wp-content\/uploads\/2021\/01\/previous.gif","contentUrl":"https:\/\/floridareprofreedom.org\/wp-content\/uploads\/2021\/01\/previous.gif"},{"@type":"BreadcrumbList","@id":"https:\/\/floridareprofreedom.org\/conclusion\/#breadcrumb","itemListElement":[{"@type":"ListItem","position":1,"name":"Home","item":"https:\/\/floridareprofreedom.org\/"},{"@type":"ListItem","position":2,"name":"Conclusion"}]},{"@type":"WebSite","@id":"https:\/\/floridareprofreedom.org\/#website","url":"https:\/\/floridareprofreedom.org\/","name":"Floridanos por la Libertad Reproductiva","description":"Abogando por un acceso conveniente, asequible y seguro a la atenci\u00f3n de la salud reproductiva, incluido el aborto.","publisher":{"@id":"https:\/\/floridareprofreedom.org\/#organization"},"potentialAction":[{"@type":"SearchAction","target":{"@type":"EntryPoint","urlTemplate":"https:\/\/floridareprofreedom.org\/?s={search_term_string}"},"query-input":{"@type":"PropertyValueSpecification","valueRequired":true,"valueName":"search_term_string"}}],"inLanguage":"es"},{"@type":"Organization","@id":"https:\/\/floridareprofreedom.org\/#organization","name":"Floridanos por la Libertad Reproductiva","url":"https:\/\/floridareprofreedom.org\/","logo":{"@type":"ImageObject","inLanguage":"es","@id":"https:\/\/floridareprofreedom.org\/#\/schema\/logo\/image\/","url":"https:\/\/floridareprofreedom.org\/wp-content\/uploads\/2019\/05\/Untitled.jpg","contentUrl":"https:\/\/floridareprofreedom.org\/wp-content\/uploads\/2019\/05\/Untitled.jpg","width":174,"height":180,"caption":"Floridians for Reproductive Freedom"},"image":{"@id":"https:\/\/floridareprofreedom.org\/#\/schema\/logo\/image\/"},"sameAs":["https:\/\/www.facebook.com\/FloridaReproFreedom\/","https:\/\/x.com\/FLReproFreedom","https:\/\/www.instagram.com\/floridareprofreedom\/"]}]}},"_links":{"self":[{"href":"https:\/\/floridareprofreedom.org\/es\/wp-json\/wp\/v2\/pages\/1609","targetHints":{"allow":["GET"]}}],"collection":[{"href":"https:\/\/floridareprofreedom.org\/es\/wp-json\/wp\/v2\/pages"}],"about":[{"href":"https:\/\/floridareprofreedom.org\/es\/wp-json\/wp\/v2\/types\/page"}],"author":[{"embeddable":true,"href":"https:\/\/floridareprofreedom.org\/es\/wp-json\/wp\/v2\/users\/3"}],"replies":[{"embeddable":true,"href":"https:\/\/floridareprofreedom.org\/es\/wp-json\/wp\/v2\/comments?post=1609"}],"version-history":[{"count":7,"href":"https:\/\/floridareprofreedom.org\/es\/wp-json\/wp\/v2\/pages\/1609\/revisions"}],"predecessor-version":[{"id":4228,"href":"https:\/\/floridareprofreedom.org\/es\/wp-json\/wp\/v2\/pages\/1609\/revisions\/4228"}],"wp:attachment":[{"href":"https:\/\/floridareprofreedom.org\/es\/wp-json\/wp\/v2\/media?parent=1609"}],"wp:term":[{"taxonomy":"folder","embeddable":true,"href":"https:\/\/floridareprofreedom.org\/es\/wp-json\/wp\/v2\/folder?post=1609"}],"curies":[{"name":"wp","href":"https:\/\/api.w.org\/{rel}","templated":true}]}}