{"id":1696,"date":"2021-01-25T22:21:07","date_gmt":"2021-01-25T22:21:07","guid":{"rendered":"https:\/\/floridareprofreedom.org\/?page_id=1696"},"modified":"2023-08-02T23:06:57","modified_gmt":"2023-08-02T23:06:57","slug":"postales-de-clinicas-falsas","status":"publish","type":"page","link":"https:\/\/floridareprofreedom.org\/es\/fakeclinicspostcards\/","title":{"rendered":"Campa\u00f1a de postales para denunciar los centros de embarazo antiaborto"},"content":{"rendered":"<p>Exponer los Centros de Embarazo Antiaborto es un proyecto de incidencia pol\u00edtica para que los funcionarios electos escuchen la voz de la ciudadan\u00eda. En la Sesi\u00f3n Legislativa de 2023, una cantidad sin precedentes de... <strong>$25 millones<\/strong> Fue asignado a la red antiaborto de embarazo <em>por a\u00f1o<\/em>Ahora m\u00e1s que nunca, es crucial exigir a nuestro estado que DEJE de usar el dinero de los contribuyentes para financiar estos centros.<\/p>\n<p><strong>Gracias<\/strong> por participar en la campa\u00f1a y difundir la palabra para proteger nuestras comunidades.<\/p>\n<p style=\"text-align: center;\"><img fetchpriority=\"high\" decoding=\"async\" class=\"alignnone wp-image-1698\" src=\"https:\/\/floridareprofreedom.org\/wp-content\/uploads\/2021\/01\/1 card.png\" alt=\"\" width=\"505\" height=\"390\" srcset=\"https:\/\/floridareprofreedom.org\/wp-content\/uploads\/2021\/01\/1%20card.png 933w, https:\/\/floridareprofreedom.org\/wp-content\/uploads\/2021\/01\/1%20card-300x232.png 300w, https:\/\/floridareprofreedom.org\/wp-content\/uploads\/2021\/01\/1%20card-768x593.png 768w\" sizes=\"(max-width: 505px) 100vw, 505px\" \/> <img decoding=\"async\" class=\"alignnone wp-image-1699\" src=\"https:\/\/floridareprofreedom.org\/wp-content\/uploads\/2021\/01\/2-card.png\" alt=\"\" width=\"526\" height=\"395\" srcset=\"https:\/\/floridareprofreedom.org\/wp-content\/uploads\/2021\/01\/2-card.png 589w, https:\/\/floridareprofreedom.org\/wp-content\/uploads\/2021\/01\/2-card-300x226.png 300w\" sizes=\"(max-width: 526px) 100vw, 526px\" \/><\/p>\n<p><a href=\"https:\/\/floridareprofreedom.org\/wp-content\/uploads\/2021\/01\/Postcards.pdf\">Descargar este PDF<\/a> Para imprimir su propio juego de postales dirigidas a cuatro funcionarios electos. O, para imprimir varios juegos, env\u00edelos a su imprenta local. \u00bfNo est\u00e1 seguro de qui\u00e9nes son sus representantes? <a href=\"https:\/\/pluralpolicy.com\/find-your-legislator\/?nab=0\">Desc\u00fabrelo aqu\u00ed<\/a>.<\/p>\n<p>Agregar su nombre y direcci\u00f3n de remitente le da credibilidad a su mensaje. El correo an\u00f3nimo se descarta f\u00e1cilmente. Por favor, aseg\u00farese de incluir su nombre y c\u00f3digo postal al escribir a estos funcionarios. Aseg\u00farese de que su voz sea escuchada.<\/p>\n<p>\u00a1Ay\u00fadanos a difundir este proyecto! Toma fotos de tus tarjetas terminadas y comp\u00e1rtelas en redes sociales con nuestro hashtag #EndTheLies, etiqueta a tu funcionario electo y comparte nuestro sitio web: FloridaReproFreedom.org<\/p>\n<p>Como se mencion\u00f3 anteriormente, algunos participantes en la campa\u00f1a de tarjetas postales Expose Anti-Abortion Pregnancy Centers est\u00e1n enviando el PDF a sus <strong>imprenta local<\/strong> Para impresi\u00f3n a doble cara en cartulina. Algunos cortan ellos mismos, mientras que otros pagan a la imprenta para que corte la cartulina en cuatro partes. Cualquiera de las dos opciones est\u00e1 bien.<\/p>\n<h3 style=\"text-align: center;\"><strong>Consejos de impresi\u00f3n y configuraci\u00f3n para utilizar su propia impresora en casa<\/strong><\/h3>\n<p>La mayor\u00eda de las impresoras de escritorio deber\u00edan funcionar para esto, siempre y cuando la cartulina pase.<\/p>\n<p><strong>Configuraci\u00f3n de la impresora<\/strong><\/p>\n<ul>\n<li>No escalar para ajustar ni encoger para ajustar<\/li>\n<li>Imprimir en 100%<\/li>\n<\/ul>\n<p><strong>Impresi\u00f3n de AMBOS lados de la postal<\/strong><\/p>\n<ul>\n<li>Cada ficha tiene un reverso. \u00a1Imprime ambos lados! El reverso contiene la direcci\u00f3n.<\/li>\n<li>Lo mejor es imprimir la portada y la contraportada en pasadas separadas. (Imprima solo la p\u00e1gina con los dise\u00f1os seleccionando &quot;Rango&quot; de p\u00e1ginas, no &quot;Todas&quot;).<\/li>\n<li>Tome nota de c\u00f3mo se alimenta el papel en la impresora (coloque un peque\u00f1o punto en un lado para que pueda probar y ver c\u00f3mo se alimenta el papel en su impresora)<\/li>\n<li>Es posible que su impresora tenga una opci\u00f3n para imprimir a doble cara. Si sabe c\u00f3mo ajustar la segunda cara, int\u00e9ntelo. A veces, la configuraci\u00f3n predeterminada coloca el reverso de la tarjeta boca abajo.<\/li>\n<\/ul>\n<p><strong>\u00bfQu\u00e9 tipo de papel utilizar?<\/strong><\/p>\n<ul>\n<li>Las postales deben imprimirse en cartulina.<\/li>\n<li>Elija cartulina de 80 lb a 110 lb para cumplir con las regulaciones de USPS<\/li>\n<li>Se pueden comprar resmas de este papel en cualquier tienda de art\u00edculos de oficina.<\/li>\n<li>La tarjeta se imprime en blanco y negro, por lo que cualquier cartulina de color servir\u00e1 (considere un color brillante).<\/li>\n<\/ul>\n<p><strong>\u00bfQu\u00e9 franqueo se requiere?<\/strong><\/p>\n<ul>\n<li>Las tarjetas \u201cpeque\u00f1as\u201d requieren una estampilla de 35 centavos de USPS.<\/li>\n<\/ul>\n<p>&nbsp;<\/p>","protected":false},"excerpt":{"rendered":"<p>Expose Anti-Abortion Pregnancy Centers is an advocacy project to help citizens&#8217; voices be heard by elected officials. In the 2023 Legislative Session, an unprecedented amount of $25 million was allocated to the anti-abortion pregnancy network per year. Now more than ever, it&#8217;s crucial to demand our state STOP using taxpayer dollars to fund these centers. [&hellip;]<\/p>\n","protected":false},"author":3,"featured_media":0,"parent":0,"menu_order":0,"comment_status":"closed","ping_status":"closed","template":"","meta":{"footnotes":""},"folder":[18],"class_list":["post-1696","page","type-page","status-publish","hentry"],"yoast_head":"<!-- This site is optimized with the Yoast SEO plugin v27.4 - https:\/\/yoast.com\/product\/yoast-seo-wordpress\/ -->\n<title>Expose Anti-Abortion Pregnancy Centers postcard campaign - Floridians For Reproductive Freedom<\/title>\n<meta name=\"robots\" content=\"index, follow, max-snippet:-1, max-image-preview:large, max-video-preview:-1\" \/>\n<link rel=\"canonical\" href=\"https:\/\/floridareprofreedom.org\/es\/postales-de-clinicas-falsas\/\" \/>\n<meta property=\"og:locale\" content=\"es_ES\" \/>\n<meta property=\"og:type\" content=\"article\" \/>\n<meta property=\"og:title\" content=\"Expose Anti-Abortion Pregnancy Centers postcard campaign - Floridians For Reproductive Freedom\" \/>\n<meta property=\"og:description\" content=\"Expose Anti-Abortion Pregnancy Centers is an advocacy project to help citizens&#8217; voices be heard by elected officials. In the 2023 Legislative Session, an unprecedented amount of $25 million was allocated to the anti-abortion pregnancy network per year. Now more than ever, it&#8217;s crucial to demand our state STOP using taxpayer dollars to fund these centers. [&hellip;]\" \/>\n<meta property=\"og:url\" content=\"https:\/\/floridareprofreedom.org\/es\/postales-de-clinicas-falsas\/\" \/>\n<meta property=\"og:site_name\" content=\"Floridians For Reproductive Freedom\" \/>\n<meta property=\"article:publisher\" content=\"https:\/\/www.facebook.com\/FloridaReproFreedom\/\" \/>\n<meta property=\"article:modified_time\" content=\"2023-08-02T23:06:57+00:00\" \/>\n<meta property=\"og:image\" content=\"https:\/\/floridareprofreedom.org\/wp-content\/uploads\/2021\/01\/2-card.png\" \/>\n<meta name=\"twitter:card\" content=\"summary_large_image\" \/>\n<meta name=\"twitter:site\" content=\"@FLReproFreedom\" \/>\n<meta name=\"twitter:label1\" content=\"Est. reading time\" \/>\n\t<meta name=\"twitter:data1\" content=\"3 minutos\" \/>\n<script type=\"application\/ld+json\" class=\"yoast-schema-graph\">{\"@context\":\"https:\\\/\\\/schema.org\",\"@graph\":[{\"@type\":\"WebPage\",\"@id\":\"https:\\\/\\\/floridareprofreedom.org\\\/fakeclinicspostcards\\\/\",\"url\":\"https:\\\/\\\/floridareprofreedom.org\\\/fakeclinicspostcards\\\/\",\"name\":\"Expose Anti-Abortion Pregnancy Centers postcard campaign - Floridians For Reproductive Freedom\",\"isPartOf\":{\"@id\":\"https:\\\/\\\/floridareprofreedom.org\\\/#website\"},\"primaryImageOfPage\":{\"@id\":\"https:\\\/\\\/floridareprofreedom.org\\\/fakeclinicspostcards\\\/#primaryimage\"},\"image\":{\"@id\":\"https:\\\/\\\/floridareprofreedom.org\\\/fakeclinicspostcards\\\/#primaryimage\"},\"thumbnailUrl\":\"https:\\\/\\\/floridareprofreedom.org\\\/wp-content\\\/uploads\\\/2021\\\/01\\\/2-card.png\",\"datePublished\":\"2021-01-25T22:21:07+00:00\",\"dateModified\":\"2023-08-02T23:06:57+00:00\",\"breadcrumb\":{\"@id\":\"https:\\\/\\\/floridareprofreedom.org\\\/fakeclinicspostcards\\\/#breadcrumb\"},\"inLanguage\":\"es\",\"potentialAction\":[{\"@type\":\"ReadAction\",\"target\":[\"https:\\\/\\\/floridareprofreedom.org\\\/fakeclinicspostcards\\\/\"]}]},{\"@type\":\"ImageObject\",\"inLanguage\":\"es\",\"@id\":\"https:\\\/\\\/floridareprofreedom.org\\\/fakeclinicspostcards\\\/#primaryimage\",\"url\":\"https:\\\/\\\/floridareprofreedom.org\\\/wp-content\\\/uploads\\\/2021\\\/01\\\/2-card.png\",\"contentUrl\":\"https:\\\/\\\/floridareprofreedom.org\\\/wp-content\\\/uploads\\\/2021\\\/01\\\/2-card.png\"},{\"@type\":\"BreadcrumbList\",\"@id\":\"https:\\\/\\\/floridareprofreedom.org\\\/fakeclinicspostcards\\\/#breadcrumb\",\"itemListElement\":[{\"@type\":\"ListItem\",\"position\":1,\"name\":\"Home\",\"item\":\"https:\\\/\\\/floridareprofreedom.org\\\/\"},{\"@type\":\"ListItem\",\"position\":2,\"name\":\"Expose Anti-Abortion Pregnancy Centers postcard campaign\"}]},{\"@type\":\"WebSite\",\"@id\":\"https:\\\/\\\/floridareprofreedom.org\\\/#website\",\"url\":\"https:\\\/\\\/floridareprofreedom.org\\\/\",\"name\":\"Floridians For Reproductive Freedom\",\"description\":\"Advocating for convenient, affordable, and safe access to reproductive health care, including abortion.\",\"publisher\":{\"@id\":\"https:\\\/\\\/floridareprofreedom.org\\\/#organization\"},\"potentialAction\":[{\"@type\":\"SearchAction\",\"target\":{\"@type\":\"EntryPoint\",\"urlTemplate\":\"https:\\\/\\\/floridareprofreedom.org\\\/?s={search_term_string}\"},\"query-input\":{\"@type\":\"PropertyValueSpecification\",\"valueRequired\":true,\"valueName\":\"search_term_string\"}}],\"inLanguage\":\"es\"},{\"@type\":\"Organization\",\"@id\":\"https:\\\/\\\/floridareprofreedom.org\\\/#organization\",\"name\":\"Floridians for Reproductive Freedom\",\"url\":\"https:\\\/\\\/floridareprofreedom.org\\\/\",\"logo\":{\"@type\":\"ImageObject\",\"inLanguage\":\"es\",\"@id\":\"https:\\\/\\\/floridareprofreedom.org\\\/#\\\/schema\\\/logo\\\/image\\\/\",\"url\":\"https:\\\/\\\/floridareprofreedom.org\\\/wp-content\\\/uploads\\\/2019\\\/05\\\/Untitled.jpg\",\"contentUrl\":\"https:\\\/\\\/floridareprofreedom.org\\\/wp-content\\\/uploads\\\/2019\\\/05\\\/Untitled.jpg\",\"width\":174,\"height\":180,\"caption\":\"Floridians for Reproductive Freedom\"},\"image\":{\"@id\":\"https:\\\/\\\/floridareprofreedom.org\\\/#\\\/schema\\\/logo\\\/image\\\/\"},\"sameAs\":[\"https:\\\/\\\/www.facebook.com\\\/FloridaReproFreedom\\\/\",\"https:\\\/\\\/x.com\\\/FLReproFreedom\",\"https:\\\/\\\/www.instagram.com\\\/floridareprofreedom\\\/\"]}]}<\/script>\n<!-- \/ Yoast SEO plugin. -->","yoast_head_json":{"title":"Campa\u00f1a de postales para denunciar los centros de embarazo antiaborto - Floridanos por la Libertad Reproductiva","robots":{"index":"index","follow":"follow","max-snippet":"max-snippet:-1","max-image-preview":"max-image-preview:large","max-video-preview":"max-video-preview:-1"},"canonical":"https:\/\/floridareprofreedom.org\/es\/postales-de-clinicas-falsas\/","og_locale":"es_ES","og_type":"article","og_title":"Expose Anti-Abortion Pregnancy Centers postcard campaign - Floridians For Reproductive Freedom","og_description":"Expose Anti-Abortion Pregnancy Centers is an advocacy project to help citizens&#8217; voices be heard by elected officials. In the 2023 Legislative Session, an unprecedented amount of $25 million was allocated to the anti-abortion pregnancy network per year. Now more than ever, it&#8217;s crucial to demand our state STOP using taxpayer dollars to fund these centers. [&hellip;]","og_url":"https:\/\/floridareprofreedom.org\/es\/postales-de-clinicas-falsas\/","og_site_name":"Floridians For Reproductive Freedom","article_publisher":"https:\/\/www.facebook.com\/FloridaReproFreedom\/","article_modified_time":"2023-08-02T23:06:57+00:00","og_image":[{"url":"https:\/\/floridareprofreedom.org\/wp-content\/uploads\/2021\/01\/2-card.png","type":"","width":"","height":""}],"twitter_card":"summary_large_image","twitter_site":"@FLReproFreedom","twitter_misc":{"Est. reading time":"3 minutos"},"schema":{"@context":"https:\/\/schema.org","@graph":[{"@type":"WebPage","@id":"https:\/\/floridareprofreedom.org\/fakeclinicspostcards\/","url":"https:\/\/floridareprofreedom.org\/fakeclinicspostcards\/","name":"Campa\u00f1a de postales para denunciar los centros de embarazo antiaborto - Floridanos por la Libertad Reproductiva","isPartOf":{"@id":"https:\/\/floridareprofreedom.org\/#website"},"primaryImageOfPage":{"@id":"https:\/\/floridareprofreedom.org\/fakeclinicspostcards\/#primaryimage"},"image":{"@id":"https:\/\/floridareprofreedom.org\/fakeclinicspostcards\/#primaryimage"},"thumbnailUrl":"https:\/\/floridareprofreedom.org\/wp-content\/uploads\/2021\/01\/2-card.png","datePublished":"2021-01-25T22:21:07+00:00","dateModified":"2023-08-02T23:06:57+00:00","breadcrumb":{"@id":"https:\/\/floridareprofreedom.org\/fakeclinicspostcards\/#breadcrumb"},"inLanguage":"es","potentialAction":[{"@type":"ReadAction","target":["https:\/\/floridareprofreedom.org\/fakeclinicspostcards\/"]}]},{"@type":"ImageObject","inLanguage":"es","@id":"https:\/\/floridareprofreedom.org\/fakeclinicspostcards\/#primaryimage","url":"https:\/\/floridareprofreedom.org\/wp-content\/uploads\/2021\/01\/2-card.png","contentUrl":"https:\/\/floridareprofreedom.org\/wp-content\/uploads\/2021\/01\/2-card.png"},{"@type":"BreadcrumbList","@id":"https:\/\/floridareprofreedom.org\/fakeclinicspostcards\/#breadcrumb","itemListElement":[{"@type":"ListItem","position":1,"name":"Home","item":"https:\/\/floridareprofreedom.org\/"},{"@type":"ListItem","position":2,"name":"Expose Anti-Abortion Pregnancy Centers postcard campaign"}]},{"@type":"WebSite","@id":"https:\/\/floridareprofreedom.org\/#website","url":"https:\/\/floridareprofreedom.org\/","name":"Floridanos por la Libertad Reproductiva","description":"Abogando por un acceso conveniente, asequible y seguro a la atenci\u00f3n de la salud reproductiva, incluido el aborto.","publisher":{"@id":"https:\/\/floridareprofreedom.org\/#organization"},"potentialAction":[{"@type":"SearchAction","target":{"@type":"EntryPoint","urlTemplate":"https:\/\/floridareprofreedom.org\/?s={search_term_string}"},"query-input":{"@type":"PropertyValueSpecification","valueRequired":true,"valueName":"search_term_string"}}],"inLanguage":"es"},{"@type":"Organization","@id":"https:\/\/floridareprofreedom.org\/#organization","name":"Floridanos por la Libertad Reproductiva","url":"https:\/\/floridareprofreedom.org\/","logo":{"@type":"ImageObject","inLanguage":"es","@id":"https:\/\/floridareprofreedom.org\/#\/schema\/logo\/image\/","url":"https:\/\/floridareprofreedom.org\/wp-content\/uploads\/2019\/05\/Untitled.jpg","contentUrl":"https:\/\/floridareprofreedom.org\/wp-content\/uploads\/2019\/05\/Untitled.jpg","width":174,"height":180,"caption":"Floridians for Reproductive Freedom"},"image":{"@id":"https:\/\/floridareprofreedom.org\/#\/schema\/logo\/image\/"},"sameAs":["https:\/\/www.facebook.com\/FloridaReproFreedom\/","https:\/\/x.com\/FLReproFreedom","https:\/\/www.instagram.com\/floridareprofreedom\/"]}]}},"_links":{"self":[{"href":"https:\/\/floridareprofreedom.org\/es\/wp-json\/wp\/v2\/pages\/1696","targetHints":{"allow":["GET"]}}],"collection":[{"href":"https:\/\/floridareprofreedom.org\/es\/wp-json\/wp\/v2\/pages"}],"about":[{"href":"https:\/\/floridareprofreedom.org\/es\/wp-json\/wp\/v2\/types\/page"}],"author":[{"embeddable":true,"href":"https:\/\/floridareprofreedom.org\/es\/wp-json\/wp\/v2\/users\/3"}],"replies":[{"embeddable":true,"href":"https:\/\/floridareprofreedom.org\/es\/wp-json\/wp\/v2\/comments?post=1696"}],"version-history":[{"count":8,"href":"https:\/\/floridareprofreedom.org\/es\/wp-json\/wp\/v2\/pages\/1696\/revisions"}],"predecessor-version":[{"id":2854,"href":"https:\/\/floridareprofreedom.org\/es\/wp-json\/wp\/v2\/pages\/1696\/revisions\/2854"}],"wp:attachment":[{"href":"https:\/\/floridareprofreedom.org\/es\/wp-json\/wp\/v2\/media?parent=1696"}],"wp:term":[{"taxonomy":"folder","embeddable":true,"href":"https:\/\/floridareprofreedom.org\/es\/wp-json\/wp\/v2\/folder?post=1696"}],"curies":[{"name":"wp","href":"https:\/\/api.w.org\/{rel}","templated":true}]}}