{"id":186,"date":"2018-09-17T19:01:47","date_gmt":"2018-09-17T19:01:47","guid":{"rendered":"http:\/\/frf.rayseaman.com\/?page_id=186"},"modified":"2025-07-18T14:39:42","modified_gmt":"2025-07-18T14:39:42","slug":"oficina-de-oradores","status":"publish","type":"page","link":"https:\/\/floridareprofreedom.org\/es\/speakersbureau\/","title":{"rendered":"Lista de contactos de la Oficina de Oradores y Medios de Comunicaci\u00f3n"},"content":{"rendered":"<div data-elementor-type=\"wp-page\" data-elementor-id=\"186\" class=\"elementor elementor-186\" data-elementor-post-type=\"page\">\n\t\t\t\t\t\t<section class=\"elementor-section elementor-top-section elementor-element elementor-element-5fd540da elementor-section-boxed elementor-section-height-default elementor-section-height-default\" data-id=\"5fd540da\" data-element_type=\"section\" data-e-type=\"section\">\n\t\t\t\t\t\t<div class=\"elementor-container elementor-column-gap-default\">\n\t\t\t\t\t<div class=\"elementor-column elementor-col-100 elementor-top-column elementor-element elementor-element-426cd9e2\" data-id=\"426cd9e2\" data-element_type=\"column\" data-e-type=\"column\">\n\t\t\t<div class=\"elementor-widget-wrap elementor-element-populated\">\n\t\t\t\t\t\t<div class=\"elementor-element elementor-element-3a956690 elementor-widget elementor-widget-text-editor\" data-id=\"3a956690\" data-element_type=\"widget\" data-e-type=\"widget\" data-widget_type=\"text-editor.default\">\n\t\t\t\t<div class=\"elementor-widget-container\">\n\t\t\t\t\t\t\t\t\t<p><a href=\"https:\/\/floridareprofreedom.org\/es\/espanol\/\"><em>Presione aqu\u00ed para tener acceso a una lista de portavoces de habla hispana en nuestro bur\u00f3 de oradores as\u00ed como a una lista de contactos de medios.<\/em><\/a><\/p><p>Este\u00a0<strong>Oradores<\/strong><strong>\u00a0Lista de contactos de la oficina y los medios de comunicaci\u00f3n<\/strong> Es un recurso fundamental para grupos c\u00edvicos, profesores\/instructores y medios de comunicaci\u00f3n. Utilice la lista a continuaci\u00f3n para identificar a quienes pueden ofrecer presentaciones expertas, participar en mesas redondas o ser entrevistados sobre salud reproductiva, derechos reproductivos y justicia reproductiva en representaci\u00f3n de sus propias organizaciones. No representan a la coalici\u00f3n Floridanos por la Libertad Reproductiva. Se indica el \u00e1rea geogr\u00e1fica que abarca cada persona.<\/p><div role=\"listitem\"><div data-required=\"true\" data-item-id=\"542460998\"><div><div><div><strong><strong>La elecci\u00f3n de una mujer de Jacksonville<\/strong><\/strong><figure id=\"attachment_4154\" aria-describedby=\"caption-attachment-4154\" style=\"width: 131px\" class=\"wp-caption alignright\"><img decoding=\"async\" src=\"https:\/\/floridareprofreedom.org\/wp-content\/uploads\/2025\/07\/Amber_Gavin_0157_web-Amber-Gavin-240x300.jpg\" alt=\"\" width=\"131\" height=\"164\" \/><figcaption id=\"caption-attachment-4154\" class=\"wp-caption-text\">\u00c1mbar Gavin<\/figcaption><\/figure><a href=\"\/es\/amber.gavin@awomanschoiceinc.com\/\">\u00c1mbar Gavin<\/a>, Vicepresidente de Defensa y Operaciones<br \/><em>Jacksonville (condado de Duval), sur de Florida (condados de Broward, West Palm Beach y Miami-Dade), centro de Florida (condados de Orange y Osceola), Tallahassee<br \/><\/em>Acceso al aborto, Salud reproductiva adolescente, Organizaci\u00f3n de base\/Movilizaci\u00f3n pol\u00edtica, Salud y derechos LGBTQ, Justicia reproductiva\/Interseccionalidad, Movimiento por los derechos reproductivos, Educaci\u00f3n sexual (defensa), Educaci\u00f3n sexual (instrucci\u00f3n\/curr\u00edculo), Sexo y sexualidad, Enfermedades\/infecciones de transmisi\u00f3n sexual, Derechos de las personas transg\u00e9nero y salud\/derechos reproductivos, Asuntos juveniles<\/div><\/div><\/div><\/div><\/div><p><strong>Red de acceso de Florida<br \/><\/strong><!--StartFragment --><a href=\"mailto:stephanie@flaccessnetwork.org\">Stephanie Loraine<\/a>, Director ejecutivo<br \/><em>Florida Central<br \/><\/em>Acceso al aborto, Provisi\u00f3n de aborto \/ M\u00e9todos de aborto, Defensa \/ Proceso legislativo, Anticoncepci\u00f3n, Anticoncepci\u00f3n de emergencia, Centros de embarazo antiaborto \/ Cl\u00ednicas falsas \/ CPC, Organizaci\u00f3n de base \/ Movilizaci\u00f3n pol\u00edtica, Salud y derechos LGBTQ, Justicia reproductiva \/ Interseccionalidad, Movimiento por los derechos reproductivos, Educaci\u00f3n sexual - Defensa, Sexo y sexualidad, Leyes de aborto y otras barreras legales, Derechos de las mujeres<\/p><p><strong>Red de acceso de Florida<br \/><\/strong><a href=\"mailto:ysabella@flaccessnetwork\">Ysabella M. Osses<\/a>, Director de Defensa y Organizaci\u00f3n en Florida Access Network<br \/><em>Sur de Florida, Broward, Miami<br \/><\/em>Acceso al aborto, Provisi\u00f3n de aborto \/ M\u00e9todos de aborto, Defensa \/ Proceso legislativo, Anticoncepci\u00f3n, Anticoncepci\u00f3n de emergencia, Centros de embarazo antiaborto \/ Cl\u00ednicas falsas \/ CPC, Organizaci\u00f3n de base \/ Movilizaci\u00f3n pol\u00edtica, Salud y derechos LGBTQ, Justicia reproductiva \/ Interseccionalidad, Movimiento por los derechos reproductivos, Educaci\u00f3n sexual - Defensa, Sexo y sexualidad, Leyes de aborto y otras barreras legales, Derechos de las mujeres<\/p><p><strong>Vigilancia de Florida<\/strong><\/p><figure id=\"attachment_4157\" aria-describedby=\"caption-attachment-4157\" style=\"width: 138px\" class=\"wp-caption alignright\"><img decoding=\"async\" class=\"wp-image-4157\" src=\"https:\/\/floridareprofreedom.org\/wp-content\/uploads\/2025\/07\/DSC09434edit-1-Natasha-Sutherland-225x300.jpg\" alt=\"\" width=\"138\" height=\"184\" srcset=\"https:\/\/floridareprofreedom.org\/wp-content\/uploads\/2025\/07\/DSC09434edit-1-Natasha-Sutherland-225x300.jpg 225w, https:\/\/floridareprofreedom.org\/wp-content\/uploads\/2025\/07\/DSC09434edit-1-Natasha-Sutherland-768x1024.jpg 768w\" sizes=\"(max-width: 138px) 100vw, 138px\" \/><figcaption id=\"caption-attachment-4157\" class=\"wp-caption-text\">Natasha Sutherland<\/figcaption><\/figure><p><a href=\"\/es\/natasha@floridawatch.org\/\">Natasha Sutherland<\/a>, Director ejecutivo\u00a0<br \/><em>Tallahassee, Jacksonville<br \/>Ingl\u00e9s e italiano<br \/><\/em>Acceso al aborto, Defensa \/ Proceso legislativo, Organizaci\u00f3n de base \/ Movilizaci\u00f3n pol\u00edtica, Pol\u00edticas \/ Resoluciones \/ Ordenanzas proactivas de derechos reproductivos, Justicia reproductiva \/ Interseccionalidad, Movimiento por los derechos reproductivos, Derechos de las personas transg\u00e9nero y salud reproductiva, Derechos de las mujeres, Enmienda 4, enmiendas constitucionales impulsadas por la ciudadan\u00eda.<br \/><br \/><\/p><p><strong>Proyecto de Justicia Sanitaria de Florida<br \/><\/strong><a href=\"\/es\/yager@floridahealthjustice.org\/\">Alison Yager<\/a>, Director ejecutivo<br \/><em>Miami-Dade<br \/><\/em>Acceso al aborto, Salud reproductiva adolescente, Defensa de derechos\/Proceso legislativo, Anticoncepci\u00f3n, Embarazo saludable, Justicia reproductiva\/Interseccionalidad, Educaci\u00f3n sexual y defensa de derechos<\/p><p><strong>Organizaci\u00f3n Nacional de Mujeres de Florida (NOW)<\/strong><br \/><a href=\"mailto:barbaradevane1@yahoo.com\">B\u00e1rbara DeVane<\/a>, Lobista y vicepresidente de Tallahassee NOW<br \/><em>Principalmente en el centro y norte de Florida<\/em><br \/>Defensa de derechos \/ Proceso legislativo, Organizaci\u00f3n de base, Movimiento por los derechos reproductivos, Derechos de las mujeres<\/p><figure id=\"attachment_247\" aria-describedby=\"caption-attachment-247\" style=\"width: 273px\" class=\"wp-caption alignleft\"><img decoding=\"async\" src=\"https:\/\/floridareprofreedom.org\/wp-content\/uploads\/2018\/09\/CharoPressPic-e1644444564350-1024x682.jpg\" alt=\"\" width=\"273\" height=\"182\" \/><figcaption id=\"caption-attachment-247\" class=\"wp-caption-text\">Charo Valero, del Instituto Nacional Latina para la Salud Reproductiva \u2013 FL LAN, habla en el Capitolio de Tallahassee.<\/figcaption><\/figure><p><strong>Instituto Latina para la Justicia Reproductiva FL<br \/><\/strong><a href=\"mailto:charo@latinainstitute.org\">Charo Valero<\/a>, Gerente del Estado de Florida<br \/><em>Sur de Florida<\/em><br \/>Defensa \/ Proceso legislativo; Cl\u00ednicas falsas; Organizaci\u00f3n de base; Interseccionalidad y justicia reproductiva; Salud y derechos reproductivos LGBTQ; Derechos y salud reproductiva de las personas transg\u00e9nero; Derechos de las mujeres<\/p><p><strong>Comisi\u00f3n de Mujeres de Miami-Dade<br \/><\/strong><a href=\"\/es\/monica.skoko@miamidade.gov\/\">M\u00f3nica Skoko Rodr\u00edguez,<\/a> Director ejecutivo<br \/><em>Miami-Dade, Broward<br \/><\/em>Acceso al aborto, Provisi\u00f3n de abortos \/ M\u00e9todos de aborto, Salud reproductiva adolescente, Defensa \/ Proceso legislativo, Anticoncepci\u00f3n, Anticoncepci\u00f3n de emergencia, Organizaci\u00f3n de base \/ Movilizaci\u00f3n pol\u00edtica, Embarazo saludable, Salud y derechos LGBTQ, Salud reproductiva masculina, Pol\u00edticas \/ Resoluciones \/ Ordenanzas proactivas de derechos reproductivos, Justicia reproductiva \/ Interseccionalidad, Movimiento por los derechos reproductivos, Educaci\u00f3n sexual - Defensa, Enfermedades e infecciones de transmisi\u00f3n sexual, Derechos de las mujeres<\/p><figure style=\"width: 189px\" class=\"wp-caption alignright\"><img loading=\"lazy\" decoding=\"async\" src=\"https:\/\/floridareprofreedom.org\/wp-content\/uploads\/2025\/07\/IMG_5892-Taylor-Aguilera-300x240.jpg\" alt=\"\" width=\"189\" height=\"152\" \/><figcaption class=\"wp-caption-text\">Taylor Aguilera<\/figcaption><\/figure><p><b>Planificaci\u00f3n Familiar de Florida <\/b><br \/><a href=\"\/es\/taylor.aguilera@ppswcf.org\/\">Taylor Aguilera<\/a>, Director Interino de Pol\u00edticas P\u00fablicas<br \/><i>Bah\u00eda de Tampa<br \/><\/i>Acceso al aborto, Defensa de derechos\/Proceso legislativo, Organizaci\u00f3n de base\/Movilizaci\u00f3n pol\u00edtica, Pol\u00edticas\/Resoluciones\/Ordenanzas proactivas de derechos reproductivos, Educaci\u00f3n sexual y defensa de derechos, Derechos de las personas transg\u00e9nero y salud reproductiva, Derechos de la mujer, Asuntos juveniles<\/p><p><strong>Liga de Defensa del Derecho a Decidir y POLK County NOW<\/strong><br \/><a href=\"mailto:mrswindsor2008@gmail.com\">Donna Windsor<\/a><br \/><em>Polk<\/em><br \/>Acceso al aborto, Defensa \/ Proceso legislativo, Cl\u00ednicas falsas, Organizaci\u00f3n de base, Movimiento por los derechos reproductivos, Derechos de las mujeres, Acompa\u00f1amiento de pacientes; Organizaci\u00f3n de base; Derechos de las mujeres<\/p><p><strong>Progreso Florida<\/strong><br \/><a href=\"mailto:cheyenne@progressflorida.org\">Cheyenne Drews<\/a>, Director Adjunto de Comunicaciones y Director del Programa de Libertad Reproductiva<br \/><em>Regi\u00f3n de Orlando y todo el estado a trav\u00e9s de Zoom<\/em><br \/>Acceso al aborto, Anticoncepci\u00f3n de emergencia, Centros de embarazo antiaborto\/Cl\u00ednicas falsas\/CPC, Movimiento por los derechos reproductivos, Educaci\u00f3n sexual y defensa, Leyes de aborto inducido y otras leyes que obstaculizan el aborto, Derechos de la mujer, Aborto autogestionado\/Aborto con medicamentos, Proceso legislativo\/Legislatura estatal<\/p><p><strong>Lista de Ruth Florida<br \/><\/strong><a href=\"\/es\/emma.e.collum@gmail.com\/\">Emma Collum<\/a>Presidente, Fundador, Supervisor Electo, Fundador, Ex Presidente Inmediato<br \/><em>Broward, Palm Beach, Miami, Orlando, Tampa, Tallahassee<br \/><\/em>Defensa de derechos\/Proceso legislativo, Organizaci\u00f3n de base\/Movilizaci\u00f3n pol\u00edtica, Defensa de pol\u00edticas locales antiaborto, Pol\u00edticas\/Resoluciones\/Ordenanzas proactivas de derechos reproductivos, Movimiento por los derechos reproductivos, Derechos de las mujeres<\/p><figure id=\"attachment_4156\" aria-describedby=\"caption-attachment-4156\" style=\"width: 151px\" class=\"wp-caption alignright\"><img loading=\"lazy\" decoding=\"async\" class=\"wp-image-4156\" src=\"https:\/\/floridareprofreedom.org\/wp-content\/uploads\/2025\/07\/jamarah-headshot-looking-up-SBJN-Admin-267x300.jpeg\" alt=\"\" width=\"151\" height=\"169\" srcset=\"https:\/\/floridareprofreedom.org\/wp-content\/uploads\/2025\/07\/jamarah-headshot-looking-up-SBJN-Admin-267x300.jpeg 267w, https:\/\/floridareprofreedom.org\/wp-content\/uploads\/2025\/07\/jamarah-headshot-looking-up-SBJN-Admin.jpeg 641w\" sizes=\"(max-width: 151px) 100vw, 151px\" \/><figcaption id=\"caption-attachment-4156\" class=\"wp-caption-text\">Jamarah Amani<\/figcaption><\/figure><p><strong>Red de Justicia para el Nacimiento del Sur <br \/><\/strong><a href=\"\/es\/fejamarah@gmail.com\/\">Jamarah Amani<\/a>, Director ejecutivo<br \/><em>Sur de Florida<br \/><\/em>Acceso al aborto, Fondos y apoyo pr\u00e1ctico para el aborto, Salud reproductiva adolescente, Defensa y proceso legislativo, Anticoncepci\u00f3n, Organizaci\u00f3n de base y movilizaci\u00f3n pol\u00edtica, Embarazo saludable, Salud y derechos LGBTQ, Pol\u00edticas, resoluciones y ordenanzas proactivas de derechos reproductivos, Justicia reproductiva e interseccionalidad, Movimiento por los derechos reproductivos, Educaci\u00f3n sexual y defensa, Enfermedades e infecciones de transmisi\u00f3n sexual, Derechos y salud reproductiva de las personas transg\u00e9nero, Derechos de las mujeres, Servicios de parter\u00eda y doula para personas negras.<\/p><p><strong>Fondo para el Aborto de Tampa Bay<br \/><\/strong><a href=\"\/es\/info@tbafund.com\/\">Kris Lawler,<\/a> Voluntario y presidente de la junta<br \/><em>Condados de Hillsborough y Pinellas<br \/><\/em>Acceso al aborto<\/p><p><strong>Servicio Federal de Salud de los Estados Unidos<\/strong><br \/><a href=\"mailto:mccracken@mail.usf.edu\">Jill McCracken<\/a>, Profesor adjunto<br \/><em>\u00c1rea de la Bah\u00eda de Tampa, incluidos todos los condados<\/em><br \/>Salud reproductiva adolescente, anticoncepci\u00f3n, anticoncepci\u00f3n de emergencia, organizaci\u00f3n comunitaria, salud y derechos reproductivos LGBTQ, educaci\u00f3n sexual (defensa), educaci\u00f3n sexual (instrucci\u00f3n), sexo y sexualidad, enfermedades e infecciones de transmisi\u00f3n sexual, derechos y salud reproductiva de las personas transg\u00e9nero, derechos de las mujeres, problemas juveniles, trabajo sexual, prostituci\u00f3n y trata de personas en la industria del sexo.<\/p><p><strong>Alianza de Mujeres del Suroeste de Florida<\/strong><br \/><a href=\"mailto:laf307@gmail.com\">Dra. Lisa Freund<\/a>, Director Legislativo<br \/><em>SWFL y el sur de Florida<\/em><br \/>Organizaci\u00f3n de base, redacci\u00f3n editorial (comentarios, cartas al editor)<\/p>\t\t\t\t\t\t\t\t<\/div>\n\t\t\t\t<\/div>\n\t\t\t\t\t<\/div>\n\t\t<\/div>\n\t\t\t\t\t<\/div>\n\t\t<\/section>\n\t\t\t\t<\/div>","protected":false},"excerpt":{"rendered":"<p>Presione aqu\u00ed para tener acceso a una lista portavoces de habla hispana en nuestro bur\u00f3 de oradores as\u00ed como a una lista de contactos de medios. This\u00a0Speakers\u00a0Bureau\u00a0and Media Contact List is a central resource for civic groups, professors\/instructors, and the media. Please use the list below to identify those who can provide expert presentations, serve [&hellip;]<\/p>\n","protected":false},"author":3,"featured_media":0,"parent":0,"menu_order":0,"comment_status":"closed","ping_status":"closed","template":"","meta":{"footnotes":""},"folder":[],"class_list":["post-186","page","type-page","status-publish","hentry"],"yoast_head":"<!-- This site is optimized with the Yoast SEO plugin v27.3 - https:\/\/yoast.com\/product\/yoast-seo-wordpress\/ -->\n<title>Speakers Bureau and Media Contact List - Floridians For Reproductive Freedom<\/title>\n<meta name=\"robots\" content=\"index, follow, max-snippet:-1, max-image-preview:large, max-video-preview:-1\" \/>\n<link rel=\"canonical\" href=\"https:\/\/floridareprofreedom.org\/es\/oficina-de-oradores\/\" \/>\n<meta property=\"og:locale\" content=\"es_ES\" \/>\n<meta property=\"og:type\" content=\"article\" \/>\n<meta property=\"og:title\" content=\"Speakers Bureau and Media Contact List - Floridians For Reproductive Freedom\" \/>\n<meta property=\"og:description\" content=\"Presione aqu\u00ed para tener acceso a una lista portavoces de habla hispana en nuestro bur\u00f3 de oradores as\u00ed como a una lista de contactos de medios. This\u00a0Speakers\u00a0Bureau\u00a0and Media Contact List is a central resource for civic groups, professors\/instructors, and the media. Please use the list below to identify those who can provide expert presentations, serve [&hellip;]\" \/>\n<meta property=\"og:url\" content=\"https:\/\/floridareprofreedom.org\/es\/oficina-de-oradores\/\" \/>\n<meta property=\"og:site_name\" content=\"Floridians For Reproductive Freedom\" \/>\n<meta property=\"article:publisher\" content=\"https:\/\/www.facebook.com\/FloridaReproFreedom\/\" \/>\n<meta property=\"article:modified_time\" content=\"2025-07-18T14:39:42+00:00\" \/>\n<meta property=\"og:image\" content=\"https:\/\/floridareprofreedom.org\/wp-content\/uploads\/2025\/07\/Amber_Gavin_0157_web-Amber-Gavin-240x300.jpg\" \/>\n<meta name=\"twitter:card\" content=\"summary_large_image\" \/>\n<meta name=\"twitter:site\" content=\"@FLReproFreedom\" \/>\n<meta name=\"twitter:label1\" content=\"Est. reading time\" \/>\n\t<meta name=\"twitter:data1\" content=\"5 minutos\" \/>\n<script type=\"application\/ld+json\" class=\"yoast-schema-graph\">{\"@context\":\"https:\\\/\\\/schema.org\",\"@graph\":[{\"@type\":\"WebPage\",\"@id\":\"https:\\\/\\\/floridareprofreedom.org\\\/speakersbureau\\\/\",\"url\":\"https:\\\/\\\/floridareprofreedom.org\\\/speakersbureau\\\/\",\"name\":\"Speakers Bureau and Media Contact List - Floridians For Reproductive Freedom\",\"isPartOf\":{\"@id\":\"https:\\\/\\\/floridareprofreedom.org\\\/#website\"},\"primaryImageOfPage\":{\"@id\":\"https:\\\/\\\/floridareprofreedom.org\\\/speakersbureau\\\/#primaryimage\"},\"image\":{\"@id\":\"https:\\\/\\\/floridareprofreedom.org\\\/speakersbureau\\\/#primaryimage\"},\"thumbnailUrl\":\"https:\\\/\\\/floridareprofreedom.org\\\/wp-content\\\/uploads\\\/2025\\\/07\\\/Amber_Gavin_0157_web-Amber-Gavin-240x300.jpg\",\"datePublished\":\"2018-09-17T19:01:47+00:00\",\"dateModified\":\"2025-07-18T14:39:42+00:00\",\"breadcrumb\":{\"@id\":\"https:\\\/\\\/floridareprofreedom.org\\\/speakersbureau\\\/#breadcrumb\"},\"inLanguage\":\"es\",\"potentialAction\":[{\"@type\":\"ReadAction\",\"target\":[\"https:\\\/\\\/floridareprofreedom.org\\\/speakersbureau\\\/\"]}]},{\"@type\":\"ImageObject\",\"inLanguage\":\"es\",\"@id\":\"https:\\\/\\\/floridareprofreedom.org\\\/speakersbureau\\\/#primaryimage\",\"url\":\"https:\\\/\\\/floridareprofreedom.org\\\/wp-content\\\/uploads\\\/2025\\\/07\\\/Amber_Gavin_0157_web-Amber-Gavin-240x300.jpg\",\"contentUrl\":\"https:\\\/\\\/floridareprofreedom.org\\\/wp-content\\\/uploads\\\/2025\\\/07\\\/Amber_Gavin_0157_web-Amber-Gavin-240x300.jpg\"},{\"@type\":\"BreadcrumbList\",\"@id\":\"https:\\\/\\\/floridareprofreedom.org\\\/speakersbureau\\\/#breadcrumb\",\"itemListElement\":[{\"@type\":\"ListItem\",\"position\":1,\"name\":\"Home\",\"item\":\"https:\\\/\\\/floridareprofreedom.org\\\/\"},{\"@type\":\"ListItem\",\"position\":2,\"name\":\"Speakers Bureau and Media Contact List\"}]},{\"@type\":\"WebSite\",\"@id\":\"https:\\\/\\\/floridareprofreedom.org\\\/#website\",\"url\":\"https:\\\/\\\/floridareprofreedom.org\\\/\",\"name\":\"Floridians For Reproductive Freedom\",\"description\":\"Advocating for convenient, affordable, and safe access to reproductive health care, including abortion.\",\"publisher\":{\"@id\":\"https:\\\/\\\/floridareprofreedom.org\\\/#organization\"},\"potentialAction\":[{\"@type\":\"SearchAction\",\"target\":{\"@type\":\"EntryPoint\",\"urlTemplate\":\"https:\\\/\\\/floridareprofreedom.org\\\/?s={search_term_string}\"},\"query-input\":{\"@type\":\"PropertyValueSpecification\",\"valueRequired\":true,\"valueName\":\"search_term_string\"}}],\"inLanguage\":\"es\"},{\"@type\":\"Organization\",\"@id\":\"https:\\\/\\\/floridareprofreedom.org\\\/#organization\",\"name\":\"Floridians for Reproductive Freedom\",\"url\":\"https:\\\/\\\/floridareprofreedom.org\\\/\",\"logo\":{\"@type\":\"ImageObject\",\"inLanguage\":\"es\",\"@id\":\"https:\\\/\\\/floridareprofreedom.org\\\/#\\\/schema\\\/logo\\\/image\\\/\",\"url\":\"https:\\\/\\\/floridareprofreedom.org\\\/wp-content\\\/uploads\\\/2019\\\/05\\\/Untitled.jpg\",\"contentUrl\":\"https:\\\/\\\/floridareprofreedom.org\\\/wp-content\\\/uploads\\\/2019\\\/05\\\/Untitled.jpg\",\"width\":174,\"height\":180,\"caption\":\"Floridians for Reproductive Freedom\"},\"image\":{\"@id\":\"https:\\\/\\\/floridareprofreedom.org\\\/#\\\/schema\\\/logo\\\/image\\\/\"},\"sameAs\":[\"https:\\\/\\\/www.facebook.com\\\/FloridaReproFreedom\\\/\",\"https:\\\/\\\/x.com\\\/FLReproFreedom\",\"https:\\\/\\\/www.instagram.com\\\/floridareprofreedom\\\/\"]}]}<\/script>\n<!-- \/ Yoast SEO plugin. -->","yoast_head_json":{"title":"Lista de oradores y contactos de prensa - Floridanos por la Libertad Reproductiva","robots":{"index":"index","follow":"follow","max-snippet":"max-snippet:-1","max-image-preview":"max-image-preview:large","max-video-preview":"max-video-preview:-1"},"canonical":"https:\/\/floridareprofreedom.org\/es\/oficina-de-oradores\/","og_locale":"es_ES","og_type":"article","og_title":"Speakers Bureau and Media Contact List - Floridians For Reproductive Freedom","og_description":"Presione aqu\u00ed para tener acceso a una lista portavoces de habla hispana en nuestro bur\u00f3 de oradores as\u00ed como a una lista de contactos de medios. This\u00a0Speakers\u00a0Bureau\u00a0and Media Contact List is a central resource for civic groups, professors\/instructors, and the media. Please use the list below to identify those who can provide expert presentations, serve [&hellip;]","og_url":"https:\/\/floridareprofreedom.org\/es\/oficina-de-oradores\/","og_site_name":"Floridians For Reproductive Freedom","article_publisher":"https:\/\/www.facebook.com\/FloridaReproFreedom\/","article_modified_time":"2025-07-18T14:39:42+00:00","og_image":[{"url":"https:\/\/floridareprofreedom.org\/wp-content\/uploads\/2025\/07\/Amber_Gavin_0157_web-Amber-Gavin-240x300.jpg","type":"","width":"","height":""}],"twitter_card":"summary_large_image","twitter_site":"@FLReproFreedom","twitter_misc":{"Est. reading time":"5 minutos"},"schema":{"@context":"https:\/\/schema.org","@graph":[{"@type":"WebPage","@id":"https:\/\/floridareprofreedom.org\/speakersbureau\/","url":"https:\/\/floridareprofreedom.org\/speakersbureau\/","name":"Lista de oradores y contactos de prensa - Floridanos por la Libertad Reproductiva","isPartOf":{"@id":"https:\/\/floridareprofreedom.org\/#website"},"primaryImageOfPage":{"@id":"https:\/\/floridareprofreedom.org\/speakersbureau\/#primaryimage"},"image":{"@id":"https:\/\/floridareprofreedom.org\/speakersbureau\/#primaryimage"},"thumbnailUrl":"https:\/\/floridareprofreedom.org\/wp-content\/uploads\/2025\/07\/Amber_Gavin_0157_web-Amber-Gavin-240x300.jpg","datePublished":"2018-09-17T19:01:47+00:00","dateModified":"2025-07-18T14:39:42+00:00","breadcrumb":{"@id":"https:\/\/floridareprofreedom.org\/speakersbureau\/#breadcrumb"},"inLanguage":"es","potentialAction":[{"@type":"ReadAction","target":["https:\/\/floridareprofreedom.org\/speakersbureau\/"]}]},{"@type":"ImageObject","inLanguage":"es","@id":"https:\/\/floridareprofreedom.org\/speakersbureau\/#primaryimage","url":"https:\/\/floridareprofreedom.org\/wp-content\/uploads\/2025\/07\/Amber_Gavin_0157_web-Amber-Gavin-240x300.jpg","contentUrl":"https:\/\/floridareprofreedom.org\/wp-content\/uploads\/2025\/07\/Amber_Gavin_0157_web-Amber-Gavin-240x300.jpg"},{"@type":"BreadcrumbList","@id":"https:\/\/floridareprofreedom.org\/speakersbureau\/#breadcrumb","itemListElement":[{"@type":"ListItem","position":1,"name":"Home","item":"https:\/\/floridareprofreedom.org\/"},{"@type":"ListItem","position":2,"name":"Speakers Bureau and Media Contact List"}]},{"@type":"WebSite","@id":"https:\/\/floridareprofreedom.org\/#website","url":"https:\/\/floridareprofreedom.org\/","name":"Floridanos por la Libertad Reproductiva","description":"Abogando por un acceso conveniente, asequible y seguro a la atenci\u00f3n de la salud reproductiva, incluido el aborto.","publisher":{"@id":"https:\/\/floridareprofreedom.org\/#organization"},"potentialAction":[{"@type":"SearchAction","target":{"@type":"EntryPoint","urlTemplate":"https:\/\/floridareprofreedom.org\/?s={search_term_string}"},"query-input":{"@type":"PropertyValueSpecification","valueRequired":true,"valueName":"search_term_string"}}],"inLanguage":"es"},{"@type":"Organization","@id":"https:\/\/floridareprofreedom.org\/#organization","name":"Floridanos por la Libertad Reproductiva","url":"https:\/\/floridareprofreedom.org\/","logo":{"@type":"ImageObject","inLanguage":"es","@id":"https:\/\/floridareprofreedom.org\/#\/schema\/logo\/image\/","url":"https:\/\/floridareprofreedom.org\/wp-content\/uploads\/2019\/05\/Untitled.jpg","contentUrl":"https:\/\/floridareprofreedom.org\/wp-content\/uploads\/2019\/05\/Untitled.jpg","width":174,"height":180,"caption":"Floridians for Reproductive Freedom"},"image":{"@id":"https:\/\/floridareprofreedom.org\/#\/schema\/logo\/image\/"},"sameAs":["https:\/\/www.facebook.com\/FloridaReproFreedom\/","https:\/\/x.com\/FLReproFreedom","https:\/\/www.instagram.com\/floridareprofreedom\/"]}]}},"_links":{"self":[{"href":"https:\/\/floridareprofreedom.org\/es\/wp-json\/wp\/v2\/pages\/186","targetHints":{"allow":["GET"]}}],"collection":[{"href":"https:\/\/floridareprofreedom.org\/es\/wp-json\/wp\/v2\/pages"}],"about":[{"href":"https:\/\/floridareprofreedom.org\/es\/wp-json\/wp\/v2\/types\/page"}],"author":[{"embeddable":true,"href":"https:\/\/floridareprofreedom.org\/es\/wp-json\/wp\/v2\/users\/3"}],"replies":[{"embeddable":true,"href":"https:\/\/floridareprofreedom.org\/es\/wp-json\/wp\/v2\/comments?post=186"}],"version-history":[{"count":58,"href":"https:\/\/floridareprofreedom.org\/es\/wp-json\/wp\/v2\/pages\/186\/revisions"}],"predecessor-version":[{"id":4160,"href":"https:\/\/floridareprofreedom.org\/es\/wp-json\/wp\/v2\/pages\/186\/revisions\/4160"}],"wp:attachment":[{"href":"https:\/\/floridareprofreedom.org\/es\/wp-json\/wp\/v2\/media?parent=186"}],"wp:term":[{"taxonomy":"folder","embeddable":true,"href":"https:\/\/floridareprofreedom.org\/es\/wp-json\/wp\/v2\/folder?post=186"}],"curies":[{"name":"wp","href":"https:\/\/api.w.org\/{rel}","templated":true}]}}