{"id":1880,"date":"2021-02-12T14:51:34","date_gmt":"2021-02-12T14:51:34","guid":{"rendered":"https:\/\/floridareprofreedom.org\/?page_id=1880"},"modified":"2025-08-06T17:16:40","modified_gmt":"2025-08-06T17:16:40","slug":"campanas-locales","status":"publish","type":"page","link":"https:\/\/floridareprofreedom.org\/es\/localcampaigns\/","title":{"rendered":"Campa\u00f1as locales"},"content":{"rendered":"<p><span style=\"font-weight: 400;\">A pesar de los ataques a los derechos y al acceso al aborto, tanto a nivel nacional como estatal, la coalici\u00f3n Floridanos por la Libertad Reproductiva ve muchas oportunidades para avances proactivos y apoyo a nivel <\/span><b><i>local <\/i><\/b><span style=\"font-weight: 400;\">nivel de control sobre nuestro cuerpo, nuestra familia y el camino de nuestra vida. <\/span><\/p>\n<figure id=\"attachment_1852\" aria-describedby=\"caption-attachment-1852\" style=\"width: 388px\" class=\"wp-caption alignright\"><img fetchpriority=\"high\" decoding=\"async\" class=\"wp-image-1852\" src=\"https:\/\/floridareprofreedom.org\/wp-content\/uploads\/2021\/02\/1.jpg\" alt=\"\" width=\"388\" height=\"291\" srcset=\"https:\/\/floridareprofreedom.org\/wp-content\/uploads\/2021\/02\/1.jpg 960w, https:\/\/floridareprofreedom.org\/wp-content\/uploads\/2021\/02\/1-300x225.jpg 300w, https:\/\/floridareprofreedom.org\/wp-content\/uploads\/2021\/02\/1-768x576.jpg 768w\" sizes=\"(max-width: 388px) 100vw, 388px\" \/><figcaption id=\"caption-attachment-1852\" class=\"wp-caption-text\">Los defensores de los derechos reproductivos del condado de Broward y la vicealcaldesa Sabrina Javellana (centro) sonr\u00eden tras la aprobaci\u00f3n de una resoluci\u00f3n sobre derechos reproductivos en Hallandale Beach.<\/figcaption><\/figure>\n<p><span style=\"font-weight: 400;\">Como tal, un Grupo de Trabajo de Campa\u00f1as Locales funcion\u00f3 de 2020 a 2024 con grupos e individuos locales que ahora llevan la antorcha, todos con la misi\u00f3n de colaborar con los funcionarios electos locales para aprobar resoluciones en toda Florida en <\/span>Apoyo a los derechos reproductivos y pol\u00edticas de justicia. <span style=\"font-weight: 400;\">Hasta el momento se han aprobado resoluciones por parte de las ciudades de\u00a0<\/span>Miami Beach (17\/7\/19), Hallandale Beach (19\/2\/20), St. Petersburg (4\/6\/20), Ft. Lauderdale (9\/9\/21), Wilton Manors (14\/9\/21), Junta de Conservaci\u00f3n de Suelo y Agua del Condado de Broward (16\/9\/21), North Bay Village (12\/10\/21), Lauderdale Lakes (12\/10\/21), Coral Springs (20\/10\/21), Gainesville (21\/10\/21), Tallahassee (27\/10\/21), Condado de Broward (04\/11\/21), Dania Beach (09\/11\/21), Gulfport (carta, no resoluci\u00f3n \u2013 03\/12\/21), Lauderhill (11\/7\/22).<\/p>\n<p><span style=\"font-weight: 400;\">La libertad reproductiva es un valor importante para los floridanos. Las investigaciones muestran un amplio apoyo al acceso al aborto en Florida y en todo el pa\u00eds. La mayor\u00eda cree que el aborto deber\u00eda ser legal en la mayor\u00eda de los casos (65%) y no cree que Roe v. Wade deba ser revocado (72%). El 80% coincide en que, mientras el aborto sea legal, las mujeres deber\u00edan poder acceder a servicios de aborto seguros, asequibles y de calidad en sus comunidades.\u00b9<\/span><\/p>\n<p><b>Los gobiernos a nivel estatal y federal est\u00e1n retrocediendo en materia de salud reproductiva. <\/b><span style=\"font-weight: 400;\">Durante la era Trump-Pence, se implementaron pol\u00edticas para prohibir el aborto, eliminar la cobertura de maternidad de los planes de salud, desfinanciar a Planned Parenthood y otros proveedores de planificaci\u00f3n familiar, y limitar el acceso a anticonceptivos asequibles. Aunque el nuevo gobierno de Biden y Harris... <\/span><span style=\"font-weight: 400;\">La administraci\u00f3n apoya los derechos reproductivos, <\/span><span style=\"font-weight: 400;\">El equilibrio en la Corte Suprema sigue inclinado en contra del derecho al aborto.\u00a0<\/span><\/p>\n<p><span style=\"font-weight: 400;\">La oposici\u00f3n trabaja de forma agresiva y sistem\u00e1tica para aprobar leyes antiaborto a nivel estatal con la esperanza de que la Corte Suprema, ahora con un enfoque conservador, las ratifique. En Florida, la Legislatura ha intentado aprobar numerosas leyes restrictivas para impedir el acceso al aborto. Esto incluye la regulaci\u00f3n espec\u00edfica de los proveedores de abortos, tambi\u00e9n conocidas como leyes TRAP, que son m\u00e9dicamente innecesarias y suponen una carga significativa para quienes realizan abortos, e incluso una prohibici\u00f3n total del aborto. En 2020, se aprob\u00f3 un proyecto de ley que exige el consentimiento de los padres para que una menor de edad pueda abortar, lo que restringe a\u00fan m\u00e1s el acceso de las j\u00f3venes al aborto.<\/span><\/p>\n<p><span style=\"font-weight: 400;\">Las restricciones ideol\u00f3gicas antiaborto de Tallahassee o Washington se hacen realidad a nivel local, poniendo la atenci\u00f3n de la salud reproductiva, como el aborto, fuera del alcance de personas que ya enfrentan numerosas barreras: j\u00f3venes, personas de color, personas con discapacidad, personas de bajos ingresos, inmigrantes de cualquier estatus y personas que viven en zonas rurales. El impacto es real para nuestros vecinos, nuestras comunidades y nuestras familias.<\/span><\/p>\n<p><b>En medio del continuo ataque contra la atenci\u00f3n de la salud reproductiva, <\/b><b>Muchas ciudades han reconocido tanto su responsabilidad como su capacidad para promover la libertad reproductiva.<\/b><b>. <\/b><span style=\"font-weight: 400;\">Los l\u00edderes locales pueden dejar en claro que est\u00e1n del lado de la libertad reproductiva y promover pol\u00edticas proactivas para ampliar el acceso en nuestras comunidades.<\/span><\/p>\n<p><b>Las entidades de gobierno local pueden apoyar la salud reproductiva declarando un firme compromiso con la libertad reproductiva.<\/b><span style=\"font-weight: 400;\"> Municipios y condados de todo el pa\u00eds est\u00e1n tomando medidas para proteger el derecho al aborto, la atenci\u00f3n de la salud reproductiva y el derecho de las personas a tomar decisiones reproductivas sobre sus propios cuerpos. Los gobiernos municipales y condales de todo el pa\u00eds participan en un contramovimiento nacional para proteger y promover la salud, los derechos y la justicia reproductiva. Esta medida demuestra que una comunidad valora el acceso a una atenci\u00f3n integral de la salud reproductiva y lucha contra el estigma generalizado del aborto.\u00a0<\/span><\/p>\n<p><span style=\"font-weight: 400;\">Trabajar en estas pol\u00edticas puede convertir a las comunidades en puntos fuertes para la salud y los derechos reproductivos, incluso en un lugar como Florida, con un gobierno estatal hostil. Las acciones de los gobiernos locales no solo son importantes para sus residentes, sino que repercuten m\u00e1s all\u00e1 de sus fronteras. Sabemos que en Florida, nuestras ciudades son donde la mayor\u00eda de las personas acceden a servicios de aborto, y muchas tienen acceso a todos los servicios de salud reproductiva.\u00a0<\/span><\/p>\n<p><b>El progreso comienza a nivel local. <\/b><span style=\"font-weight: 400;\">Ahora es el momento de que las ciudades y los condados hagan todo lo posible para proteger a los residentes contra las acciones da\u00f1inas de los legisladores antiaborto a nivel estatal y federal.<\/span><\/p>\n<p>***<\/p>\n<p><span style=\"font-weight: 400;\"><strong>Si est\u00e1 interesado en trabajar por un cambio de pol\u00edticas a nivel de ciudad, condado o estado, su participaci\u00f3n es bienvenida.<\/strong> <strong><a href=\"https:\/\/progressflorida.actionkit.com\/signup\/frf-grassroots-signup\/\">Suscr\u00edbete a nuestro bolet\u00edn semanal<\/a> <\/strong>que incluye formas de participar en todos los niveles de gobierno.<\/span><\/p>\n<p>\u2014\u2014<\/p>\n<p>\u00b9<span style=\"font-weight: 400;\">\u00a0Encuesta de PerryUndem\/Instituto Nacional de Salud Reproductiva, \u201cC\u00f3mo involucrar a los votantes en el aborto\u201d, realizada del 19 de agosto al 1 de septiembre de 2017. Encuesta interna; informaci\u00f3n disponible a pedido.<\/span><\/p>","protected":false},"excerpt":{"rendered":"<p>Despite attacks on abortion rights and access, at both the national and state levels, the Floridians for Reproductive Freedom coalition sees many opportunities for proactive advancements and support at the local level for control over our bodies, our families, and our life\u2019s path. As such, a Local Campaigns Work Group ran from 2020-2024 with local [&hellip;]<\/p>\n","protected":false},"author":3,"featured_media":0,"parent":0,"menu_order":0,"comment_status":"closed","ping_status":"closed","template":"","meta":{"footnotes":""},"folder":[],"class_list":["post-1880","page","type-page","status-publish","hentry"],"yoast_head":"<!-- This site is optimized with the Yoast SEO plugin v27.4 - https:\/\/yoast.com\/product\/yoast-seo-wordpress\/ -->\n<title>Local Campaigns - Floridians For Reproductive Freedom<\/title>\n<meta name=\"robots\" content=\"index, follow, max-snippet:-1, max-image-preview:large, max-video-preview:-1\" \/>\n<link rel=\"canonical\" href=\"https:\/\/floridareprofreedom.org\/es\/campanas-locales\/\" \/>\n<meta property=\"og:locale\" content=\"es_ES\" \/>\n<meta property=\"og:type\" content=\"article\" \/>\n<meta property=\"og:title\" content=\"Local Campaigns - Floridians For Reproductive Freedom\" \/>\n<meta property=\"og:description\" content=\"Despite attacks on abortion rights and access, at both the national and state levels, the Floridians for Reproductive Freedom coalition sees many opportunities for proactive advancements and support at the local level for control over our bodies, our families, and our life\u2019s path. As such, a Local Campaigns Work Group ran from 2020-2024 with local [&hellip;]\" \/>\n<meta property=\"og:url\" content=\"https:\/\/floridareprofreedom.org\/es\/campanas-locales\/\" \/>\n<meta property=\"og:site_name\" content=\"Floridians For Reproductive Freedom\" \/>\n<meta property=\"article:publisher\" content=\"https:\/\/www.facebook.com\/FloridaReproFreedom\/\" \/>\n<meta property=\"article:modified_time\" content=\"2025-08-06T17:16:40+00:00\" \/>\n<meta property=\"og:image\" content=\"https:\/\/floridareprofreedom.org\/wp-content\/uploads\/2021\/02\/1.jpg\" \/>\n\t<meta property=\"og:image:width\" content=\"960\" \/>\n\t<meta property=\"og:image:height\" content=\"720\" \/>\n\t<meta property=\"og:image:type\" content=\"image\/jpeg\" \/>\n<meta name=\"twitter:card\" content=\"summary_large_image\" \/>\n<meta name=\"twitter:site\" content=\"@FLReproFreedom\" \/>\n<meta name=\"twitter:label1\" content=\"Est. reading time\" \/>\n\t<meta name=\"twitter:data1\" content=\"4 minutos\" \/>\n<script type=\"application\/ld+json\" class=\"yoast-schema-graph\">{\"@context\":\"https:\\\/\\\/schema.org\",\"@graph\":[{\"@type\":\"WebPage\",\"@id\":\"https:\\\/\\\/floridareprofreedom.org\\\/localcampaigns\\\/\",\"url\":\"https:\\\/\\\/floridareprofreedom.org\\\/localcampaigns\\\/\",\"name\":\"Local Campaigns - Floridians For Reproductive Freedom\",\"isPartOf\":{\"@id\":\"https:\\\/\\\/floridareprofreedom.org\\\/#website\"},\"primaryImageOfPage\":{\"@id\":\"https:\\\/\\\/floridareprofreedom.org\\\/localcampaigns\\\/#primaryimage\"},\"image\":{\"@id\":\"https:\\\/\\\/floridareprofreedom.org\\\/localcampaigns\\\/#primaryimage\"},\"thumbnailUrl\":\"https:\\\/\\\/floridareprofreedom.org\\\/wp-content\\\/uploads\\\/2021\\\/02\\\/1.jpg\",\"datePublished\":\"2021-02-12T14:51:34+00:00\",\"dateModified\":\"2025-08-06T17:16:40+00:00\",\"breadcrumb\":{\"@id\":\"https:\\\/\\\/floridareprofreedom.org\\\/localcampaigns\\\/#breadcrumb\"},\"inLanguage\":\"es\",\"potentialAction\":[{\"@type\":\"ReadAction\",\"target\":[\"https:\\\/\\\/floridareprofreedom.org\\\/localcampaigns\\\/\"]}]},{\"@type\":\"ImageObject\",\"inLanguage\":\"es\",\"@id\":\"https:\\\/\\\/floridareprofreedom.org\\\/localcampaigns\\\/#primaryimage\",\"url\":\"https:\\\/\\\/floridareprofreedom.org\\\/wp-content\\\/uploads\\\/2021\\\/02\\\/1.jpg\",\"contentUrl\":\"https:\\\/\\\/floridareprofreedom.org\\\/wp-content\\\/uploads\\\/2021\\\/02\\\/1.jpg\"},{\"@type\":\"BreadcrumbList\",\"@id\":\"https:\\\/\\\/floridareprofreedom.org\\\/localcampaigns\\\/#breadcrumb\",\"itemListElement\":[{\"@type\":\"ListItem\",\"position\":1,\"name\":\"Home\",\"item\":\"https:\\\/\\\/floridareprofreedom.org\\\/\"},{\"@type\":\"ListItem\",\"position\":2,\"name\":\"Local Campaigns\"}]},{\"@type\":\"WebSite\",\"@id\":\"https:\\\/\\\/floridareprofreedom.org\\\/#website\",\"url\":\"https:\\\/\\\/floridareprofreedom.org\\\/\",\"name\":\"Floridians For Reproductive Freedom\",\"description\":\"Advocating for convenient, affordable, and safe access to reproductive health care, including abortion.\",\"publisher\":{\"@id\":\"https:\\\/\\\/floridareprofreedom.org\\\/#organization\"},\"potentialAction\":[{\"@type\":\"SearchAction\",\"target\":{\"@type\":\"EntryPoint\",\"urlTemplate\":\"https:\\\/\\\/floridareprofreedom.org\\\/?s={search_term_string}\"},\"query-input\":{\"@type\":\"PropertyValueSpecification\",\"valueRequired\":true,\"valueName\":\"search_term_string\"}}],\"inLanguage\":\"es\"},{\"@type\":\"Organization\",\"@id\":\"https:\\\/\\\/floridareprofreedom.org\\\/#organization\",\"name\":\"Floridians for Reproductive Freedom\",\"url\":\"https:\\\/\\\/floridareprofreedom.org\\\/\",\"logo\":{\"@type\":\"ImageObject\",\"inLanguage\":\"es\",\"@id\":\"https:\\\/\\\/floridareprofreedom.org\\\/#\\\/schema\\\/logo\\\/image\\\/\",\"url\":\"https:\\\/\\\/floridareprofreedom.org\\\/wp-content\\\/uploads\\\/2019\\\/05\\\/Untitled.jpg\",\"contentUrl\":\"https:\\\/\\\/floridareprofreedom.org\\\/wp-content\\\/uploads\\\/2019\\\/05\\\/Untitled.jpg\",\"width\":174,\"height\":180,\"caption\":\"Floridians for Reproductive Freedom\"},\"image\":{\"@id\":\"https:\\\/\\\/floridareprofreedom.org\\\/#\\\/schema\\\/logo\\\/image\\\/\"},\"sameAs\":[\"https:\\\/\\\/www.facebook.com\\\/FloridaReproFreedom\\\/\",\"https:\\\/\\\/x.com\\\/FLReproFreedom\",\"https:\\\/\\\/www.instagram.com\\\/floridareprofreedom\\\/\"]}]}<\/script>\n<!-- \/ Yoast SEO plugin. -->","yoast_head_json":{"title":"Campa\u00f1as locales - Floridanos por la libertad reproductiva","robots":{"index":"index","follow":"follow","max-snippet":"max-snippet:-1","max-image-preview":"max-image-preview:large","max-video-preview":"max-video-preview:-1"},"canonical":"https:\/\/floridareprofreedom.org\/es\/campanas-locales\/","og_locale":"es_ES","og_type":"article","og_title":"Local Campaigns - Floridians For Reproductive Freedom","og_description":"Despite attacks on abortion rights and access, at both the national and state levels, the Floridians for Reproductive Freedom coalition sees many opportunities for proactive advancements and support at the local level for control over our bodies, our families, and our life\u2019s path. As such, a Local Campaigns Work Group ran from 2020-2024 with local [&hellip;]","og_url":"https:\/\/floridareprofreedom.org\/es\/campanas-locales\/","og_site_name":"Floridians For Reproductive Freedom","article_publisher":"https:\/\/www.facebook.com\/FloridaReproFreedom\/","article_modified_time":"2025-08-06T17:16:40+00:00","og_image":[{"width":960,"height":720,"url":"https:\/\/floridareprofreedom.org\/wp-content\/uploads\/2021\/02\/1.jpg","type":"image\/jpeg"}],"twitter_card":"summary_large_image","twitter_site":"@FLReproFreedom","twitter_misc":{"Est. reading time":"4 minutos"},"schema":{"@context":"https:\/\/schema.org","@graph":[{"@type":"WebPage","@id":"https:\/\/floridareprofreedom.org\/localcampaigns\/","url":"https:\/\/floridareprofreedom.org\/localcampaigns\/","name":"Campa\u00f1as locales - Floridanos por la libertad reproductiva","isPartOf":{"@id":"https:\/\/floridareprofreedom.org\/#website"},"primaryImageOfPage":{"@id":"https:\/\/floridareprofreedom.org\/localcampaigns\/#primaryimage"},"image":{"@id":"https:\/\/floridareprofreedom.org\/localcampaigns\/#primaryimage"},"thumbnailUrl":"https:\/\/floridareprofreedom.org\/wp-content\/uploads\/2021\/02\/1.jpg","datePublished":"2021-02-12T14:51:34+00:00","dateModified":"2025-08-06T17:16:40+00:00","breadcrumb":{"@id":"https:\/\/floridareprofreedom.org\/localcampaigns\/#breadcrumb"},"inLanguage":"es","potentialAction":[{"@type":"ReadAction","target":["https:\/\/floridareprofreedom.org\/localcampaigns\/"]}]},{"@type":"ImageObject","inLanguage":"es","@id":"https:\/\/floridareprofreedom.org\/localcampaigns\/#primaryimage","url":"https:\/\/floridareprofreedom.org\/wp-content\/uploads\/2021\/02\/1.jpg","contentUrl":"https:\/\/floridareprofreedom.org\/wp-content\/uploads\/2021\/02\/1.jpg"},{"@type":"BreadcrumbList","@id":"https:\/\/floridareprofreedom.org\/localcampaigns\/#breadcrumb","itemListElement":[{"@type":"ListItem","position":1,"name":"Home","item":"https:\/\/floridareprofreedom.org\/"},{"@type":"ListItem","position":2,"name":"Local Campaigns"}]},{"@type":"WebSite","@id":"https:\/\/floridareprofreedom.org\/#website","url":"https:\/\/floridareprofreedom.org\/","name":"Floridanos por la Libertad Reproductiva","description":"Abogando por un acceso conveniente, asequible y seguro a la atenci\u00f3n de la salud reproductiva, incluido el aborto.","publisher":{"@id":"https:\/\/floridareprofreedom.org\/#organization"},"potentialAction":[{"@type":"SearchAction","target":{"@type":"EntryPoint","urlTemplate":"https:\/\/floridareprofreedom.org\/?s={search_term_string}"},"query-input":{"@type":"PropertyValueSpecification","valueRequired":true,"valueName":"search_term_string"}}],"inLanguage":"es"},{"@type":"Organization","@id":"https:\/\/floridareprofreedom.org\/#organization","name":"Floridanos por la Libertad Reproductiva","url":"https:\/\/floridareprofreedom.org\/","logo":{"@type":"ImageObject","inLanguage":"es","@id":"https:\/\/floridareprofreedom.org\/#\/schema\/logo\/image\/","url":"https:\/\/floridareprofreedom.org\/wp-content\/uploads\/2019\/05\/Untitled.jpg","contentUrl":"https:\/\/floridareprofreedom.org\/wp-content\/uploads\/2019\/05\/Untitled.jpg","width":174,"height":180,"caption":"Floridians for Reproductive Freedom"},"image":{"@id":"https:\/\/floridareprofreedom.org\/#\/schema\/logo\/image\/"},"sameAs":["https:\/\/www.facebook.com\/FloridaReproFreedom\/","https:\/\/x.com\/FLReproFreedom","https:\/\/www.instagram.com\/floridareprofreedom\/"]}]}},"_links":{"self":[{"href":"https:\/\/floridareprofreedom.org\/es\/wp-json\/wp\/v2\/pages\/1880","targetHints":{"allow":["GET"]}}],"collection":[{"href":"https:\/\/floridareprofreedom.org\/es\/wp-json\/wp\/v2\/pages"}],"about":[{"href":"https:\/\/floridareprofreedom.org\/es\/wp-json\/wp\/v2\/types\/page"}],"author":[{"embeddable":true,"href":"https:\/\/floridareprofreedom.org\/es\/wp-json\/wp\/v2\/users\/3"}],"replies":[{"embeddable":true,"href":"https:\/\/floridareprofreedom.org\/es\/wp-json\/wp\/v2\/comments?post=1880"}],"version-history":[{"count":7,"href":"https:\/\/floridareprofreedom.org\/es\/wp-json\/wp\/v2\/pages\/1880\/revisions"}],"predecessor-version":[{"id":4186,"href":"https:\/\/floridareprofreedom.org\/es\/wp-json\/wp\/v2\/pages\/1880\/revisions\/4186"}],"wp:attachment":[{"href":"https:\/\/floridareprofreedom.org\/es\/wp-json\/wp\/v2\/media?parent=1880"}],"wp:term":[{"taxonomy":"folder","embeddable":true,"href":"https:\/\/floridareprofreedom.org\/es\/wp-json\/wp\/v2\/folder?post=1880"}],"curies":[{"name":"wp","href":"https:\/\/api.w.org\/{rel}","templated":true}]}}