{"id":19,"date":"2018-08-19T21:20:07","date_gmt":"2018-08-19T21:20:07","guid":{"rendered":"http:\/\/frf:8888\/?page_id=19"},"modified":"2019-08-12T12:42:15","modified_gmt":"2019-08-12T12:42:15","slug":"prioridades","status":"publish","type":"page","link":"https:\/\/floridareprofreedom.org\/es\/priorities\/","title":{"rendered":"Prioridades"},"content":{"rendered":"<p>Los Grupos de Trabajo de la FRF son los principales veh\u00edculos de colaboraci\u00f3n de los miembros de la coalici\u00f3n. Actualmente contamos con tres grupos de trabajo permanentes: el Grupo de Trabajo sobre Cl\u00ednicas Falsas, el Grupo de Trabajo sobre Educaci\u00f3n Sexual Integral y el Grupo de Trabajo sobre Educaci\u00f3n Electoral. Surgir\u00e1n otros grupos de trabajo seg\u00fan sea necesario.<br \/>\n<a name=\"fake-clinics\"><\/a><\/p>\n<h4><a href=\"https:\/\/floridareprofreedom.org\/es\/clinicas-falsas\/\"><strong>Cl\u00ednicas falsas<\/strong><\/a><\/h4>\n<p>El Grupo de Trabajo de Cl\u00ednicas Falsas trabaja para concientizar al p\u00fablico sobre los centros de embarazo antiaborto, de los cuales casi 200 se encuentran en Florida, y, en \u00faltima instancia, para cambiar las leyes que legitiman y financian estas entidades antiaborto. Cl\u00ednicas falsas interceptan a mujeres con embarazos no deseados que podr\u00edan estar considerando un aborto. Su misi\u00f3n es prevenir los abortos persuadiendo a las mujeres de que la adopci\u00f3n o la crianza de hijos es una mejor opci\u00f3n, a menudo utilizando la verg\u00fcenza y la desinformaci\u00f3n.<\/p>\n<p>FRF defiende la idea de que todas las mujeres merecen un acceso oportuno y una gama completa de opciones de atenci\u00f3n, no la informaci\u00f3n m\u00e9dicamente inexacta y los juicios que les imponen los centros de embarazo antiaborto.<\/p>\n<p><a name=\"sex-ed\"><\/a><\/p>\n<h4><a href=\"https:\/\/floridareprofreedom.org\/es\/compsexado\/\"><strong>Educaci\u00f3n sexual integral<\/strong><\/a><\/h4>\n<p>El Grupo de Trabajo de Educaci\u00f3n Sexual Integral est\u00e1 trabajando para proteger a los adolescentes de Florida y crear comunidades m\u00e1s saludables al promover pol\u00edticas para que las escuelas p\u00fablicas ense\u00f1en sobre salud sexual utilizando informaci\u00f3n f\u00e1ctica completa, m\u00e9dicamente precisa y apropiada para la edad.<\/p>\n<p>Proporcionar a adolescentes y j\u00f3venes la informaci\u00f3n necesaria para tomar decisiones responsables sobre su salud sexual es la soluci\u00f3n sensata para reducir los embarazos no deseados en adolescentes y las infecciones de transmisi\u00f3n sexual. Actualmente, la educaci\u00f3n sexual integral dista mucho de ser la norma en las escuelas p\u00fablicas de Florida, ya que el estado no la exige. Generalmente, en las aulas de Florida se utiliza exclusivamente material de abstinencia, con el enfoque principal en no tener relaciones sexuales fuera del matrimonio heterosexual y sin incluir material sobre anticonceptivos ni sexo seguro.<\/p>\n<p><a name=\"amendments\"><\/a><\/p>\n<h4><strong>Asuntos legislativos \/ Pol\u00edtica estatal<\/strong><\/h4>\n<p>La coalici\u00f3n Floridanos por la Libertad Reproductiva (FRF) trabaja todo el a\u00f1o para promover pol\u00edticas que garanticen la accesibilidad, el acceso y la seguridad de todos los servicios de salud reproductiva, incluyendo el aborto, en nuestro estado. Nos oponemos a la intenci\u00f3n de la oposici\u00f3n de obstaculizar el aborto, la anticoncepci\u00f3n y la educaci\u00f3n sexual basada en la evidencia. Lo logramos denunciando las deficiencias de los programas y pol\u00edticas impulsadas por organizaciones y legisladores antiaborto. Promovemos pol\u00edticas, programas y reformas que impulsen los beneficios sociales y econ\u00f3micos de la libertad reproductiva y el acceso al aborto.<\/p>\n<p>El acceso al aborto en Florida est\u00e1 protegido por la cl\u00e1usula de privacidad de nuestra constituci\u00f3n estatal, que establece que \u00abtoda persona f\u00edsica tiene derecho a estar en paz y libre de la intromisi\u00f3n gubernamental en su vida privada\u00bb. Esta protecci\u00f3n es incluso mayor que la que otorga la Constituci\u00f3n de los Estados Unidos. FRF vigila cualquier intento de modificar la cl\u00e1usula de privacidad de la Constituci\u00f3n de Florida, por ejemplo, mediante una medida electoral.<\/p>","protected":false},"excerpt":{"rendered":"<p>The FRF Work Groups are the principal vehicles through which coalition members collaborate. We currently have three standing work groups &#8212; the Fake Clinic Work Group, the Comprehensive Sex Ed Work Group, and the Ballot Education Work Group. Other work groups will emerge as needs arise. Fake Clinics The Fake Clinics Work Group works to [&hellip;]<\/p>\n","protected":false},"author":4,"featured_media":0,"parent":0,"menu_order":0,"comment_status":"closed","ping_status":"closed","template":"","meta":{"footnotes":""},"folder":[],"class_list":["post-19","page","type-page","status-publish","hentry"],"yoast_head":"<!-- This site is optimized with the Yoast SEO plugin v27.3 - https:\/\/yoast.com\/product\/yoast-seo-wordpress\/ -->\n<title>Priorities - Floridians For Reproductive Freedom<\/title>\n<meta name=\"robots\" content=\"index, follow, max-snippet:-1, max-image-preview:large, max-video-preview:-1\" \/>\n<link rel=\"canonical\" href=\"https:\/\/floridareprofreedom.org\/es\/prioridades\/\" \/>\n<meta property=\"og:locale\" content=\"es_ES\" \/>\n<meta property=\"og:type\" content=\"article\" \/>\n<meta property=\"og:title\" content=\"Priorities - Floridians For Reproductive Freedom\" \/>\n<meta property=\"og:description\" content=\"The FRF Work Groups are the principal vehicles through which coalition members collaborate. We currently have three standing work groups &#8212; the Fake Clinic Work Group, the Comprehensive Sex Ed Work Group, and the Ballot Education Work Group. Other work groups will emerge as needs arise. Fake Clinics The Fake Clinics Work Group works to [&hellip;]\" \/>\n<meta property=\"og:url\" content=\"https:\/\/floridareprofreedom.org\/es\/prioridades\/\" \/>\n<meta property=\"og:site_name\" content=\"Floridians For Reproductive Freedom\" \/>\n<meta property=\"article:publisher\" content=\"https:\/\/www.facebook.com\/FloridaReproFreedom\/\" \/>\n<meta property=\"article:modified_time\" content=\"2019-08-12T12:42:15+00:00\" \/>\n<meta name=\"twitter:card\" content=\"summary_large_image\" \/>\n<meta name=\"twitter:site\" content=\"@FLReproFreedom\" \/>\n<meta name=\"twitter:label1\" content=\"Est. reading time\" \/>\n\t<meta name=\"twitter:data1\" content=\"2 minutos\" \/>\n<script type=\"application\/ld+json\" class=\"yoast-schema-graph\">{\"@context\":\"https:\\\/\\\/schema.org\",\"@graph\":[{\"@type\":\"WebPage\",\"@id\":\"https:\\\/\\\/floridareprofreedom.org\\\/priorities\\\/\",\"url\":\"https:\\\/\\\/floridareprofreedom.org\\\/priorities\\\/\",\"name\":\"Priorities - Floridians For Reproductive Freedom\",\"isPartOf\":{\"@id\":\"https:\\\/\\\/floridareprofreedom.org\\\/#website\"},\"datePublished\":\"2018-08-19T21:20:07+00:00\",\"dateModified\":\"2019-08-12T12:42:15+00:00\",\"breadcrumb\":{\"@id\":\"https:\\\/\\\/floridareprofreedom.org\\\/priorities\\\/#breadcrumb\"},\"inLanguage\":\"es\",\"potentialAction\":[{\"@type\":\"ReadAction\",\"target\":[\"https:\\\/\\\/floridareprofreedom.org\\\/priorities\\\/\"]}]},{\"@type\":\"BreadcrumbList\",\"@id\":\"https:\\\/\\\/floridareprofreedom.org\\\/priorities\\\/#breadcrumb\",\"itemListElement\":[{\"@type\":\"ListItem\",\"position\":1,\"name\":\"Home\",\"item\":\"https:\\\/\\\/floridareprofreedom.org\\\/\"},{\"@type\":\"ListItem\",\"position\":2,\"name\":\"Priorities\"}]},{\"@type\":\"WebSite\",\"@id\":\"https:\\\/\\\/floridareprofreedom.org\\\/#website\",\"url\":\"https:\\\/\\\/floridareprofreedom.org\\\/\",\"name\":\"Floridians For Reproductive Freedom\",\"description\":\"Advocating for convenient, affordable, and safe access to reproductive health care, including abortion.\",\"publisher\":{\"@id\":\"https:\\\/\\\/floridareprofreedom.org\\\/#organization\"},\"potentialAction\":[{\"@type\":\"SearchAction\",\"target\":{\"@type\":\"EntryPoint\",\"urlTemplate\":\"https:\\\/\\\/floridareprofreedom.org\\\/?s={search_term_string}\"},\"query-input\":{\"@type\":\"PropertyValueSpecification\",\"valueRequired\":true,\"valueName\":\"search_term_string\"}}],\"inLanguage\":\"es\"},{\"@type\":\"Organization\",\"@id\":\"https:\\\/\\\/floridareprofreedom.org\\\/#organization\",\"name\":\"Floridians for Reproductive Freedom\",\"url\":\"https:\\\/\\\/floridareprofreedom.org\\\/\",\"logo\":{\"@type\":\"ImageObject\",\"inLanguage\":\"es\",\"@id\":\"https:\\\/\\\/floridareprofreedom.org\\\/#\\\/schema\\\/logo\\\/image\\\/\",\"url\":\"https:\\\/\\\/floridareprofreedom.org\\\/wp-content\\\/uploads\\\/2019\\\/05\\\/Untitled.jpg\",\"contentUrl\":\"https:\\\/\\\/floridareprofreedom.org\\\/wp-content\\\/uploads\\\/2019\\\/05\\\/Untitled.jpg\",\"width\":174,\"height\":180,\"caption\":\"Floridians for Reproductive Freedom\"},\"image\":{\"@id\":\"https:\\\/\\\/floridareprofreedom.org\\\/#\\\/schema\\\/logo\\\/image\\\/\"},\"sameAs\":[\"https:\\\/\\\/www.facebook.com\\\/FloridaReproFreedom\\\/\",\"https:\\\/\\\/x.com\\\/FLReproFreedom\",\"https:\\\/\\\/www.instagram.com\\\/floridareprofreedom\\\/\"]}]}<\/script>\n<!-- \/ Yoast SEO plugin. -->","yoast_head_json":{"title":"Prioridades - Floridanos por la Libertad Reproductiva","robots":{"index":"index","follow":"follow","max-snippet":"max-snippet:-1","max-image-preview":"max-image-preview:large","max-video-preview":"max-video-preview:-1"},"canonical":"https:\/\/floridareprofreedom.org\/es\/prioridades\/","og_locale":"es_ES","og_type":"article","og_title":"Priorities - Floridians For Reproductive Freedom","og_description":"The FRF Work Groups are the principal vehicles through which coalition members collaborate. We currently have three standing work groups &#8212; the Fake Clinic Work Group, the Comprehensive Sex Ed Work Group, and the Ballot Education Work Group. Other work groups will emerge as needs arise. Fake Clinics The Fake Clinics Work Group works to [&hellip;]","og_url":"https:\/\/floridareprofreedom.org\/es\/prioridades\/","og_site_name":"Floridians For Reproductive Freedom","article_publisher":"https:\/\/www.facebook.com\/FloridaReproFreedom\/","article_modified_time":"2019-08-12T12:42:15+00:00","twitter_card":"summary_large_image","twitter_site":"@FLReproFreedom","twitter_misc":{"Est. reading time":"2 minutos"},"schema":{"@context":"https:\/\/schema.org","@graph":[{"@type":"WebPage","@id":"https:\/\/floridareprofreedom.org\/priorities\/","url":"https:\/\/floridareprofreedom.org\/priorities\/","name":"Prioridades - Floridanos por la Libertad Reproductiva","isPartOf":{"@id":"https:\/\/floridareprofreedom.org\/#website"},"datePublished":"2018-08-19T21:20:07+00:00","dateModified":"2019-08-12T12:42:15+00:00","breadcrumb":{"@id":"https:\/\/floridareprofreedom.org\/priorities\/#breadcrumb"},"inLanguage":"es","potentialAction":[{"@type":"ReadAction","target":["https:\/\/floridareprofreedom.org\/priorities\/"]}]},{"@type":"BreadcrumbList","@id":"https:\/\/floridareprofreedom.org\/priorities\/#breadcrumb","itemListElement":[{"@type":"ListItem","position":1,"name":"Home","item":"https:\/\/floridareprofreedom.org\/"},{"@type":"ListItem","position":2,"name":"Priorities"}]},{"@type":"WebSite","@id":"https:\/\/floridareprofreedom.org\/#website","url":"https:\/\/floridareprofreedom.org\/","name":"Floridanos por la Libertad Reproductiva","description":"Abogando por un acceso conveniente, asequible y seguro a la atenci\u00f3n de la salud reproductiva, incluido el aborto.","publisher":{"@id":"https:\/\/floridareprofreedom.org\/#organization"},"potentialAction":[{"@type":"SearchAction","target":{"@type":"EntryPoint","urlTemplate":"https:\/\/floridareprofreedom.org\/?s={search_term_string}"},"query-input":{"@type":"PropertyValueSpecification","valueRequired":true,"valueName":"search_term_string"}}],"inLanguage":"es"},{"@type":"Organization","@id":"https:\/\/floridareprofreedom.org\/#organization","name":"Floridanos por la Libertad Reproductiva","url":"https:\/\/floridareprofreedom.org\/","logo":{"@type":"ImageObject","inLanguage":"es","@id":"https:\/\/floridareprofreedom.org\/#\/schema\/logo\/image\/","url":"https:\/\/floridareprofreedom.org\/wp-content\/uploads\/2019\/05\/Untitled.jpg","contentUrl":"https:\/\/floridareprofreedom.org\/wp-content\/uploads\/2019\/05\/Untitled.jpg","width":174,"height":180,"caption":"Floridians for Reproductive Freedom"},"image":{"@id":"https:\/\/floridareprofreedom.org\/#\/schema\/logo\/image\/"},"sameAs":["https:\/\/www.facebook.com\/FloridaReproFreedom\/","https:\/\/x.com\/FLReproFreedom","https:\/\/www.instagram.com\/floridareprofreedom\/"]}]}},"_links":{"self":[{"href":"https:\/\/floridareprofreedom.org\/es\/wp-json\/wp\/v2\/pages\/19","targetHints":{"allow":["GET"]}}],"collection":[{"href":"https:\/\/floridareprofreedom.org\/es\/wp-json\/wp\/v2\/pages"}],"about":[{"href":"https:\/\/floridareprofreedom.org\/es\/wp-json\/wp\/v2\/types\/page"}],"author":[{"embeddable":true,"href":"https:\/\/floridareprofreedom.org\/es\/wp-json\/wp\/v2\/users\/4"}],"replies":[{"embeddable":true,"href":"https:\/\/floridareprofreedom.org\/es\/wp-json\/wp\/v2\/comments?post=19"}],"version-history":[{"count":33,"href":"https:\/\/floridareprofreedom.org\/es\/wp-json\/wp\/v2\/pages\/19\/revisions"}],"predecessor-version":[{"id":728,"href":"https:\/\/floridareprofreedom.org\/es\/wp-json\/wp\/v2\/pages\/19\/revisions\/728"}],"wp:attachment":[{"href":"https:\/\/floridareprofreedom.org\/es\/wp-json\/wp\/v2\/media?parent=19"}],"wp:term":[{"taxonomy":"folder","embeddable":true,"href":"https:\/\/floridareprofreedom.org\/es\/wp-json\/wp\/v2\/folder?post=19"}],"curies":[{"name":"wp","href":"https:\/\/api.w.org\/{rel}","templated":true}]}}