{"id":1956,"date":"2021-04-13T13:16:46","date_gmt":"2021-04-13T13:16:46","guid":{"rendered":"https:\/\/floridareprofreedom.org\/?page_id=1956"},"modified":"2025-05-19T16:44:10","modified_gmt":"2025-05-19T16:44:10","slug":"fondos-para-el-aborto","status":"publish","type":"page","link":"https:\/\/floridareprofreedom.org\/es\/abortion-funds\/","title":{"rendered":"Fondos para el aborto en Florida"},"content":{"rendered":"<div data-elementor-type=\"wp-page\" data-elementor-id=\"1956\" class=\"elementor elementor-1956\" data-elementor-post-type=\"page\">\n\t\t\t\t\t\t<section class=\"elementor-section elementor-top-section elementor-element elementor-element-4c50efe1 elementor-section-boxed elementor-section-height-default elementor-section-height-default\" data-id=\"4c50efe1\" data-element_type=\"section\" data-e-type=\"section\">\n\t\t\t\t\t\t<div class=\"elementor-container elementor-column-gap-default\">\n\t\t\t\t\t<div class=\"elementor-column elementor-col-100 elementor-top-column elementor-element elementor-element-6f0d7866\" data-id=\"6f0d7866\" data-element_type=\"column\" data-e-type=\"column\">\n\t\t\t<div class=\"elementor-widget-wrap elementor-element-populated\">\n\t\t\t\t\t\t<div class=\"elementor-element elementor-element-2292a868 elementor-widget elementor-widget-text-editor\" data-id=\"2292a868\" data-element_type=\"widget\" data-e-type=\"widget\" data-widget_type=\"text-editor.default\">\n\t\t\t\t<div class=\"elementor-widget-container\">\n\t\t\t\t\t\t\t\t\t<p><a href=\"http:\/\/floridareprofreedom.org\/es\/el-aborto-es-legal\/\"><img decoding=\"async\" class=\"alignright wp-image-1309\" src=\"https:\/\/floridareprofreedom.org\/wp-content\/uploads\/2020\/08\/Espanol-Button.png\" alt=\"\" width=\"104\" height=\"26\" srcset=\"https:\/\/floridareprofreedom.org\/wp-content\/uploads\/2020\/08\/Espanol-Button.png 500w, https:\/\/floridareprofreedom.org\/wp-content\/uploads\/2020\/08\/Espanol-Button-300x75.png 300w\" sizes=\"(max-width: 104px) 100vw, 104px\" \/><\/a><span style=\"font-size: 1.15em; color: inherit; font-family: inherit;\">\u00bfNecesitas ayuda para pagar tu aborto? Hay ayuda disponible. Organizaciones y cl\u00ednicas pueden brindar apoyo financiero y log\u00edstico a quienes buscan un aborto en Florida. Haz clic a continuaci\u00f3n para obtener m\u00e1s informaci\u00f3n.<\/span><\/p><div class=\"row sqs-row\"><div class=\"col sqs-col-6 span-6\"><div class=\"row sqs-row\"><div class=\"col sqs-col-5 span-5\"><div id=\"block-yui_3_17_2_1_1566564744621_6950\" class=\"sqs-block html-block sqs-block-html\" data-block-type=\"2\"><div class=\"sqs-block-content\"><div class=\"col sqs-col-5 span-5\"><div id=\"block-yui_3_17_2_1_1566564744621_7856\" class=\"sqs-block html-block sqs-block-html\" data-block-type=\"2\"><div class=\"sqs-block-content\"><ul><li><a href=\"https:\/\/bwefund.org\/site\/\" target=\"_blank\" rel=\"noopener noreferrer\"><strong>Fondo de Emergencia para Mujeres de Broward<\/strong><\/a> \u2013 Condado de Broward<\/li><li><strong><a href=\"https:\/\/emawpb.org\/\" target=\"_blank\" rel=\"noopener noreferrer\">Asistencia M\u00e9dica de Emergencia Inc.<\/a><\/strong> \u2013 Palm Beaches y Treasure Coast<\/li><li><a href=\"https:\/\/www.flaccessnetwork.org\/\" target=\"_blank\" rel=\"noopener noreferrer\"><strong>Red de Acceso de Florida (FAN)<\/strong><\/a> \u2013 A nivel estatal<\/li><li><strong><a href=\"http:\/\/tbafund.com\/\" target=\"_blank\" rel=\"noopener noreferrer\">Fondo para el Aborto de Tampa Bay<\/a><\/strong> \u2013 Regi\u00f3n de la Bah\u00eda de Tampa<\/li><li><strong><a href=\"http:\/\/www.wen-online.org\/get-help-1.html\" target=\"_blank\" rel=\"noopener noreferrer\">Red de Emergencia de Mujeres<\/a><\/strong> \u2013 Sur de Florida<\/li><li><strong><a href=\"https:\/\/arc-southeast.org\/\">Acceso a Atenci\u00f3n Reproductiva del Sureste (ARC)<\/a><\/strong> \u2013 Multiestatal<\/li><li><a href=\"https:\/\/brigidalliance.org\/getcare-fl\/\"><strong>La Alianza Br\u00edgida<\/strong><\/a> \u2013 Multiestatal, prioriza a pacientes mayores de 15 semanas de embarazo<\/li><li><a href=\"https:\/\/abortionfunds.org\/need-abortion\/\"><strong>Red Nacional de Fondos para el Aborto<\/strong><\/a> \u2013 A nivel nacional<\/li><\/ul><\/div><\/div><\/div><\/div><\/div><\/div><\/div><\/div><\/div>\t\t\t\t\t\t\t\t<\/div>\n\t\t\t\t<\/div>\n\t\t\t\t\t<\/div>\n\t\t<\/div>\n\t\t\t\t\t<\/div>\n\t\t<\/section>\n\t\t\t\t<section class=\"elementor-section elementor-top-section elementor-element elementor-element-f67c796 elementor-section-boxed elementor-section-height-default elementor-section-height-default\" data-id=\"f67c796\" data-element_type=\"section\" data-e-type=\"section\">\n\t\t\t\t\t\t<div class=\"elementor-container elementor-column-gap-default\">\n\t\t\t\t\t<div class=\"elementor-column elementor-col-100 elementor-top-column elementor-element elementor-element-57c7295\" data-id=\"57c7295\" data-element_type=\"column\" data-e-type=\"column\">\n\t\t\t<div class=\"elementor-widget-wrap elementor-element-populated\">\n\t\t\t\t\t\t<div class=\"elementor-element elementor-element-f87a054 elementor-widget elementor-widget-text-editor\" data-id=\"f87a054\" data-element_type=\"widget\" data-e-type=\"widget\" data-widget_type=\"text-editor.default\">\n\t\t\t\t<div class=\"elementor-widget-container\">\n\t\t\t\t\t\t\t\t\t<p>Para obtener informaci\u00f3n sobre el aborto autogestionado, visite\u00a0<a style=\"background-color: #ffffff; color: #0099cc;\" href=\"https:\/\/plancpills.org\/\">PlanCPills.org<\/a>.<\/p>\t\t\t\t\t\t\t\t<\/div>\n\t\t\t\t<\/div>\n\t\t\t\t\t<\/div>\n\t\t<\/div>\n\t\t\t\t\t<\/div>\n\t\t<\/section>\n\t\t\t\t<section class=\"elementor-section elementor-top-section elementor-element elementor-element-bf4af21 elementor-section-boxed elementor-section-height-default elementor-section-height-default\" data-id=\"bf4af21\" data-element_type=\"section\" data-e-type=\"section\">\n\t\t\t\t\t\t<div class=\"elementor-container elementor-column-gap-default\">\n\t\t\t\t\t<div class=\"elementor-column elementor-col-100 elementor-top-column elementor-element elementor-element-bdac39f\" data-id=\"bdac39f\" data-element_type=\"column\" data-e-type=\"column\">\n\t\t\t<div class=\"elementor-widget-wrap elementor-element-populated\">\n\t\t\t\t\t\t<div class=\"elementor-element elementor-element-a2b61f1 elementor-widget elementor-widget-heading\" data-id=\"a2b61f1\" data-element_type=\"widget\" data-e-type=\"widget\" data-widget_type=\"heading.default\">\n\t\t\t\t<div class=\"elementor-widget-container\">\n\t\t\t\t\t<h2 class=\"elementor-heading-title elementor-size-default\"><h3 style=\"font-family: franklin-gothic-urw, sans-serif\"><b>\u00bfD\u00f3nde puedo hacerme un aborto en Florida?<em>&nbsp; &nbsp;&nbsp;<\/em><\/b><span style=\"font-size: 2rem;font-weight: 600\"><\/span><\/h3><\/h2>\t\t\t\t<\/div>\n\t\t\t\t<\/div>\n\t\t\t\t\t<\/div>\n\t\t<\/div>\n\t\t\t\t\t<\/div>\n\t\t<\/section>\n\t\t\t\t<section class=\"elementor-section elementor-top-section elementor-element elementor-element-6ab2e43 elementor-section-boxed elementor-section-height-default elementor-section-height-default\" data-id=\"6ab2e43\" data-element_type=\"section\" data-e-type=\"section\">\n\t\t\t\t\t\t<div class=\"elementor-container elementor-column-gap-default\">\n\t\t\t\t\t<div class=\"elementor-column elementor-col-100 elementor-top-column elementor-element elementor-element-d93e702\" data-id=\"d93e702\" data-element_type=\"column\" data-e-type=\"column\">\n\t\t\t<div class=\"elementor-widget-wrap elementor-element-populated\">\n\t\t\t\t\t\t<div class=\"elementor-element elementor-element-7e3c4ac elementor-widget elementor-widget-text-editor\" data-id=\"7e3c4ac\" data-element_type=\"widget\" data-e-type=\"widget\" data-widget_type=\"text-editor.default\">\n\t\t\t\t<div class=\"elementor-widget-container\">\n\t\t\t\t\t\t\t\t\t<p><a style=\"background-color: #ffffff; color: #0099cc;\" href=\"https:\/\/floridareprofreedom.org\/es\/el-aborto-es-legal-en-florida\/\">Inf\u00f3rmese sobre sus opciones aqu\u00ed.<\/a><\/p>\t\t\t\t\t\t\t\t<\/div>\n\t\t\t\t<\/div>\n\t\t\t\t\t<\/div>\n\t\t<\/div>\n\t\t\t\t\t<\/div>\n\t\t<\/section>\n\t\t\t\t<\/div>","protected":false},"excerpt":{"rendered":"<p>Need helping paying for your abortion? There\u2019s help. Organizations and clinics can help with financial and logistical support for people seeking abortions in Florida. Click below to learn more. Broward Women\u2019s Emergency Fund &#8211; Broward County Emergency Medical Assistance Inc. &#8211; Palm Beaches and Treasure Coast Florida Access Network (FAN) &#8211; Statewide Tampa Bay Abortion [&hellip;]<\/p>\n","protected":false},"author":3,"featured_media":1756,"parent":0,"menu_order":0,"comment_status":"closed","ping_status":"closed","template":"","meta":{"footnotes":""},"folder":[],"class_list":["post-1956","page","type-page","status-publish","has-post-thumbnail","hentry"],"yoast_head":"<!-- This site is optimized with the Yoast SEO plugin v27.4 - https:\/\/yoast.com\/product\/yoast-seo-wordpress\/ -->\n<title>Abortion Funds in Florida - Floridians For Reproductive Freedom<\/title>\n<meta name=\"description\" content=\"Need $ for your abortion? Organizations and clinics can help with financial and logistical support for people seeking abortions in Florida.\" \/>\n<meta name=\"robots\" content=\"index, follow, max-snippet:-1, max-image-preview:large, max-video-preview:-1\" \/>\n<link rel=\"canonical\" href=\"https:\/\/floridareprofreedom.org\/es\/fondos-para-el-aborto\/\" \/>\n<meta property=\"og:locale\" content=\"es_ES\" \/>\n<meta property=\"og:type\" content=\"article\" \/>\n<meta property=\"og:title\" content=\"Abortion Funds in Florida - Floridians For Reproductive Freedom\" \/>\n<meta property=\"og:description\" content=\"Need $ for your abortion? Organizations and clinics can help with financial and logistical support for people seeking abortions in Florida.\" \/>\n<meta property=\"og:url\" content=\"https:\/\/floridareprofreedom.org\/es\/fondos-para-el-aborto\/\" \/>\n<meta property=\"og:site_name\" content=\"Floridians For Reproductive Freedom\" \/>\n<meta property=\"article:publisher\" content=\"https:\/\/www.facebook.com\/FloridaReproFreedom\/\" \/>\n<meta property=\"article:modified_time\" content=\"2025-05-19T16:44:10+00:00\" \/>\n<meta property=\"og:image\" content=\"https:\/\/floridareprofreedom.org\/wp-content\/uploads\/2021\/01\/hero.png\" \/>\n\t<meta property=\"og:image:width\" content=\"900\" \/>\n\t<meta property=\"og:image:height\" content=\"480\" \/>\n\t<meta property=\"og:image:type\" content=\"image\/png\" \/>\n<meta name=\"twitter:card\" content=\"summary_large_image\" \/>\n<meta name=\"twitter:site\" content=\"@FLReproFreedom\" \/>\n<meta name=\"twitter:label1\" content=\"Est. reading time\" \/>\n\t<meta name=\"twitter:data1\" content=\"1 minuto\" \/>\n<script type=\"application\/ld+json\" class=\"yoast-schema-graph\">{\"@context\":\"https:\\\/\\\/schema.org\",\"@graph\":[{\"@type\":\"WebPage\",\"@id\":\"https:\\\/\\\/floridareprofreedom.org\\\/abortion-funds\\\/\",\"url\":\"https:\\\/\\\/floridareprofreedom.org\\\/abortion-funds\\\/\",\"name\":\"Abortion Funds in Florida - Floridians For Reproductive Freedom\",\"isPartOf\":{\"@id\":\"https:\\\/\\\/floridareprofreedom.org\\\/#website\"},\"primaryImageOfPage\":{\"@id\":\"https:\\\/\\\/floridareprofreedom.org\\\/abortion-funds\\\/#primaryimage\"},\"image\":{\"@id\":\"https:\\\/\\\/floridareprofreedom.org\\\/abortion-funds\\\/#primaryimage\"},\"thumbnailUrl\":\"https:\\\/\\\/floridareprofreedom.org\\\/wp-content\\\/uploads\\\/2021\\\/01\\\/hero.png\",\"datePublished\":\"2021-04-13T13:16:46+00:00\",\"dateModified\":\"2025-05-19T16:44:10+00:00\",\"description\":\"Need $ for your abortion? Organizations and clinics can help with financial and logistical support for people seeking abortions in Florida.\",\"breadcrumb\":{\"@id\":\"https:\\\/\\\/floridareprofreedom.org\\\/abortion-funds\\\/#breadcrumb\"},\"inLanguage\":\"es\",\"potentialAction\":[{\"@type\":\"ReadAction\",\"target\":[\"https:\\\/\\\/floridareprofreedom.org\\\/abortion-funds\\\/\"]}]},{\"@type\":\"ImageObject\",\"inLanguage\":\"es\",\"@id\":\"https:\\\/\\\/floridareprofreedom.org\\\/abortion-funds\\\/#primaryimage\",\"url\":\"https:\\\/\\\/floridareprofreedom.org\\\/wp-content\\\/uploads\\\/2021\\\/01\\\/hero.png\",\"contentUrl\":\"https:\\\/\\\/floridareprofreedom.org\\\/wp-content\\\/uploads\\\/2021\\\/01\\\/hero.png\",\"width\":900,\"height\":480},{\"@type\":\"BreadcrumbList\",\"@id\":\"https:\\\/\\\/floridareprofreedom.org\\\/abortion-funds\\\/#breadcrumb\",\"itemListElement\":[{\"@type\":\"ListItem\",\"position\":1,\"name\":\"Home\",\"item\":\"https:\\\/\\\/floridareprofreedom.org\\\/\"},{\"@type\":\"ListItem\",\"position\":2,\"name\":\"Abortion Funds in Florida\"}]},{\"@type\":\"WebSite\",\"@id\":\"https:\\\/\\\/floridareprofreedom.org\\\/#website\",\"url\":\"https:\\\/\\\/floridareprofreedom.org\\\/\",\"name\":\"Floridians For Reproductive Freedom\",\"description\":\"Advocating for convenient, affordable, and safe access to reproductive health care, including abortion.\",\"publisher\":{\"@id\":\"https:\\\/\\\/floridareprofreedom.org\\\/#organization\"},\"potentialAction\":[{\"@type\":\"SearchAction\",\"target\":{\"@type\":\"EntryPoint\",\"urlTemplate\":\"https:\\\/\\\/floridareprofreedom.org\\\/?s={search_term_string}\"},\"query-input\":{\"@type\":\"PropertyValueSpecification\",\"valueRequired\":true,\"valueName\":\"search_term_string\"}}],\"inLanguage\":\"es\"},{\"@type\":\"Organization\",\"@id\":\"https:\\\/\\\/floridareprofreedom.org\\\/#organization\",\"name\":\"Floridians for Reproductive Freedom\",\"url\":\"https:\\\/\\\/floridareprofreedom.org\\\/\",\"logo\":{\"@type\":\"ImageObject\",\"inLanguage\":\"es\",\"@id\":\"https:\\\/\\\/floridareprofreedom.org\\\/#\\\/schema\\\/logo\\\/image\\\/\",\"url\":\"https:\\\/\\\/floridareprofreedom.org\\\/wp-content\\\/uploads\\\/2019\\\/05\\\/Untitled.jpg\",\"contentUrl\":\"https:\\\/\\\/floridareprofreedom.org\\\/wp-content\\\/uploads\\\/2019\\\/05\\\/Untitled.jpg\",\"width\":174,\"height\":180,\"caption\":\"Floridians for Reproductive Freedom\"},\"image\":{\"@id\":\"https:\\\/\\\/floridareprofreedom.org\\\/#\\\/schema\\\/logo\\\/image\\\/\"},\"sameAs\":[\"https:\\\/\\\/www.facebook.com\\\/FloridaReproFreedom\\\/\",\"https:\\\/\\\/x.com\\\/FLReproFreedom\",\"https:\\\/\\\/www.instagram.com\\\/floridareprofreedom\\\/\"]}]}<\/script>\n<!-- \/ Yoast SEO plugin. -->","yoast_head_json":{"title":"Fondos para el aborto en Florida - Floridanos por la Libertad Reproductiva","description":"\u00bfNecesitas $ para tu aborto? Organizaciones y cl\u00ednicas pueden brindar apoyo financiero y log\u00edstico a quienes buscan un aborto en Florida.","robots":{"index":"index","follow":"follow","max-snippet":"max-snippet:-1","max-image-preview":"max-image-preview:large","max-video-preview":"max-video-preview:-1"},"canonical":"https:\/\/floridareprofreedom.org\/es\/fondos-para-el-aborto\/","og_locale":"es_ES","og_type":"article","og_title":"Abortion Funds in Florida - Floridians For Reproductive Freedom","og_description":"Need $ for your abortion? Organizations and clinics can help with financial and logistical support for people seeking abortions in Florida.","og_url":"https:\/\/floridareprofreedom.org\/es\/fondos-para-el-aborto\/","og_site_name":"Floridians For Reproductive Freedom","article_publisher":"https:\/\/www.facebook.com\/FloridaReproFreedom\/","article_modified_time":"2025-05-19T16:44:10+00:00","og_image":[{"width":900,"height":480,"url":"https:\/\/floridareprofreedom.org\/wp-content\/uploads\/2021\/01\/hero.png","type":"image\/png"}],"twitter_card":"summary_large_image","twitter_site":"@FLReproFreedom","twitter_misc":{"Est. reading time":"1 minuto"},"schema":{"@context":"https:\/\/schema.org","@graph":[{"@type":"WebPage","@id":"https:\/\/floridareprofreedom.org\/abortion-funds\/","url":"https:\/\/floridareprofreedom.org\/abortion-funds\/","name":"Fondos para el aborto en Florida - Floridanos por la Libertad Reproductiva","isPartOf":{"@id":"https:\/\/floridareprofreedom.org\/#website"},"primaryImageOfPage":{"@id":"https:\/\/floridareprofreedom.org\/abortion-funds\/#primaryimage"},"image":{"@id":"https:\/\/floridareprofreedom.org\/abortion-funds\/#primaryimage"},"thumbnailUrl":"https:\/\/floridareprofreedom.org\/wp-content\/uploads\/2021\/01\/hero.png","datePublished":"2021-04-13T13:16:46+00:00","dateModified":"2025-05-19T16:44:10+00:00","description":"\u00bfNecesitas $ para tu aborto? Organizaciones y cl\u00ednicas pueden brindar apoyo financiero y log\u00edstico a quienes buscan un aborto en Florida.","breadcrumb":{"@id":"https:\/\/floridareprofreedom.org\/abortion-funds\/#breadcrumb"},"inLanguage":"es","potentialAction":[{"@type":"ReadAction","target":["https:\/\/floridareprofreedom.org\/abortion-funds\/"]}]},{"@type":"ImageObject","inLanguage":"es","@id":"https:\/\/floridareprofreedom.org\/abortion-funds\/#primaryimage","url":"https:\/\/floridareprofreedom.org\/wp-content\/uploads\/2021\/01\/hero.png","contentUrl":"https:\/\/floridareprofreedom.org\/wp-content\/uploads\/2021\/01\/hero.png","width":900,"height":480},{"@type":"BreadcrumbList","@id":"https:\/\/floridareprofreedom.org\/abortion-funds\/#breadcrumb","itemListElement":[{"@type":"ListItem","position":1,"name":"Home","item":"https:\/\/floridareprofreedom.org\/"},{"@type":"ListItem","position":2,"name":"Abortion Funds in Florida"}]},{"@type":"WebSite","@id":"https:\/\/floridareprofreedom.org\/#website","url":"https:\/\/floridareprofreedom.org\/","name":"Floridanos por la Libertad Reproductiva","description":"Abogando por un acceso conveniente, asequible y seguro a la atenci\u00f3n de la salud reproductiva, incluido el aborto.","publisher":{"@id":"https:\/\/floridareprofreedom.org\/#organization"},"potentialAction":[{"@type":"SearchAction","target":{"@type":"EntryPoint","urlTemplate":"https:\/\/floridareprofreedom.org\/?s={search_term_string}"},"query-input":{"@type":"PropertyValueSpecification","valueRequired":true,"valueName":"search_term_string"}}],"inLanguage":"es"},{"@type":"Organization","@id":"https:\/\/floridareprofreedom.org\/#organization","name":"Floridanos por la Libertad Reproductiva","url":"https:\/\/floridareprofreedom.org\/","logo":{"@type":"ImageObject","inLanguage":"es","@id":"https:\/\/floridareprofreedom.org\/#\/schema\/logo\/image\/","url":"https:\/\/floridareprofreedom.org\/wp-content\/uploads\/2019\/05\/Untitled.jpg","contentUrl":"https:\/\/floridareprofreedom.org\/wp-content\/uploads\/2019\/05\/Untitled.jpg","width":174,"height":180,"caption":"Floridians for Reproductive Freedom"},"image":{"@id":"https:\/\/floridareprofreedom.org\/#\/schema\/logo\/image\/"},"sameAs":["https:\/\/www.facebook.com\/FloridaReproFreedom\/","https:\/\/x.com\/FLReproFreedom","https:\/\/www.instagram.com\/floridareprofreedom\/"]}]}},"_links":{"self":[{"href":"https:\/\/floridareprofreedom.org\/es\/wp-json\/wp\/v2\/pages\/1956","targetHints":{"allow":["GET"]}}],"collection":[{"href":"https:\/\/floridareprofreedom.org\/es\/wp-json\/wp\/v2\/pages"}],"about":[{"href":"https:\/\/floridareprofreedom.org\/es\/wp-json\/wp\/v2\/types\/page"}],"author":[{"embeddable":true,"href":"https:\/\/floridareprofreedom.org\/es\/wp-json\/wp\/v2\/users\/3"}],"replies":[{"embeddable":true,"href":"https:\/\/floridareprofreedom.org\/es\/wp-json\/wp\/v2\/comments?post=1956"}],"version-history":[{"count":21,"href":"https:\/\/floridareprofreedom.org\/es\/wp-json\/wp\/v2\/pages\/1956\/revisions"}],"predecessor-version":[{"id":4036,"href":"https:\/\/floridareprofreedom.org\/es\/wp-json\/wp\/v2\/pages\/1956\/revisions\/4036"}],"wp:featuredmedia":[{"embeddable":true,"href":"https:\/\/floridareprofreedom.org\/es\/wp-json\/wp\/v2\/media\/1756"}],"wp:attachment":[{"href":"https:\/\/floridareprofreedom.org\/es\/wp-json\/wp\/v2\/media?parent=1956"}],"wp:term":[{"taxonomy":"folder","embeddable":true,"href":"https:\/\/floridareprofreedom.org\/es\/wp-json\/wp\/v2\/folder?post=1956"}],"curies":[{"name":"wp","href":"https:\/\/api.w.org\/{rel}","templated":true}]}}