{"id":2057,"date":"2021-08-12T16:51:07","date_gmt":"2021-08-12T16:51:07","guid":{"rendered":"https:\/\/floridareprofreedom.org\/?page_id=2057"},"modified":"2026-03-19T16:04:59","modified_gmt":"2026-03-19T16:04:59","slug":"acompanante-del-paciente","status":"publish","type":"page","link":"https:\/\/floridareprofreedom.org\/es\/patientescort\/","title":{"rendered":"Acceso al aborto: Sea voluntario como acompa\u00f1ante de pacientes."},"content":{"rendered":"<p>Una vez que alguien decide abortar, no deber\u00eda haber verg\u00fcenza ni presi\u00f3n. Sin embargo, el n\u00famero de personas que se presentan para acosar a las pacientes en las cl\u00ednicas de salud reproductiva de Florida est\u00e1 aumentando, y los acosadores se est\u00e1n volviendo m\u00e1s agresivos con las pacientes a medida que llegan y se van. La humillaci\u00f3n p\u00fablica, la intrusi\u00f3n, la filmaci\u00f3n, la creaci\u00f3n de un ambiente ca\u00f3tico y ruidoso, y la obstrucci\u00f3n y desv\u00edo del tr\u00e1fico son t\u00e1cticas t\u00edpicas.<\/p>\n<p><strong>Se necesitan urgentemente m\u00e1s acompa\u00f1antes voluntarios para los pacientes de la cl\u00ednica.<\/strong><\/p>\n<p><strong>Esto es lo que eso implica:<\/strong><\/p>\n<ul>\n<li>Usted acompa\u00f1a (con su consentimiento) a pacientes que buscan atenci\u00f3n reproductiva en la caminata desde su transporte hasta la cl\u00ednica, durante la cual es probable que el paciente se encuentre con manifestantes antiaborto que intentan avergonzarlo o disuadirlo de seguir adelante con el procedimiento.<\/li>\n<li>Apoya a su familiar, amigo o hijos y trabaja para mejorar la experiencia.<\/li>\n<li>Los acompa\u00f1antes de pacientes contribuyen a crear entornos acogedores y de apoyo para las pacientes, y desempe\u00f1an un papel esencial en la desestigmatizaci\u00f3n del aborto, una parte normal de la atenci\u00f3n sanitaria.<\/li>\n<li><strong>Los acompa\u00f1antes de pacientes NO interact\u00faan con los manifestantes. Esto no es una manifestaci\u00f3n ni un evento social; se centra plenamente en la atenci\u00f3n, la seguridad y el bienestar mental de los pacientes. <em>pacientes<\/em>.<\/strong><\/li>\n<\/ul>\n<p>Acceder a un aborto puede ser muy matizado, por lo que los acompa\u00f1antes de pacientes deben mantener el respeto por todas las experiencias y razones por las que alguien pueda acceder a la atenci\u00f3n.<\/p>\n<ul>\n<li aria-level=\"1\"><strong>Clearwater\u00a0<\/strong>Centro de Salud para Mujeres Pan y Rosas. Contacte con la coordinadora de acompa\u00f1antes Jean al <a href=\"mailto:jeanj1356@icloud.com\">jeanj1356@icloud.com<\/a> Para obtener informaci\u00f3n sobre la capacitaci\u00f3n, consulte la secci\u00f3n correspondiente. Los acompa\u00f1antes tienen turnos los s\u00e1bados, en rotaci\u00f3n mensual; aproximadamente un turno al mes.<\/li>\n<li aria-level=\"1\"><strong>Jacksonville\u00a0<\/strong>\u2013 La elecci\u00f3n de una mujer. Completa el\u00a0<a href=\"https:\/\/progressflorida.actionkit.com\/go\/256592?t=5&amp;akid=23390%2E239463%2E3EImNb\" target=\"_blank\" rel=\"noopener\" data-saferedirecturl=\"https:\/\/www.google.com\/url?q=https:\/\/progressflorida.actionkit.com\/go\/256592?t%3D5%26akid%3D23390%252E239463%252E3EImNb&amp;source=gmail&amp;ust=1628873171215000&amp;usg=AFQjCNEp3PasCH3xLnwblcoSZXiTLSbq5A\">Solicitud en l\u00ednea para acompa\u00f1ante voluntario<\/a>.<\/li>\n<li aria-level=\"1\"><strong><span class=\"il\">Lakeland<\/span>\u00a0<\/strong>\u2013\u00a0<span class=\"il\">Lakeland<\/span>\u00a0Centro de Salud de la Mujer.\u00a0<a href=\"https:\/\/progressflorida.actionkit.com\/go\/256593?t=6&amp;akid=23390%2E239463%2E3EImNb\" target=\"_blank\" rel=\"noopener\" data-saferedirecturl=\"https:\/\/www.google.com\/url?q=https:\/\/progressflorida.actionkit.com\/go\/256593?t%3D6%26akid%3D23390%252E239463%252E3EImNb&amp;source=gmail&amp;ust=1628873171215000&amp;usg=AFQjCNEU_7Ubb8VOG0JMOZ-bA_W_aWpe7w\">\u00danete al grupo de Facebook de la Liga de Defensa del Derecho a Decidir de Polk (PAL).<\/a>\u00a0donde siempre se publica un horario en la parte superior de la p\u00e1gina o contacte con los coordinadores de acompa\u00f1antes.\u00a0<a href=\"mailto:PALofPolkCounty@gmail.com\" target=\"_blank\" rel=\"noopener\">por correo electr\u00f3nico<\/a>.<\/li>\n<li aria-level=\"1\"><strong>West Palm Beach<\/strong>\u00a0\u2013 Centro Presidencial para Mujeres.\u00a0<a href=\"mailto:EBenavides@presidentialcenter.com\" target=\"_blank\" rel=\"noopener\">Contacta con la coordinadora de acompa\u00f1antes Ellen.<\/a>\u00a0Para obtener informaci\u00f3n sobre la capacitaci\u00f3n, se necesitan acompa\u00f1antes los s\u00e1bados.<\/li>\n<\/ul>\n<p>Si vives en una comunidad diferente a las mencionadas anteriormente,\u00a0<a href=\"http:\/\/ineedana.com\/\" target=\"_blank\" rel=\"noopener\" data-saferedirecturl=\"https:\/\/www.google.com\/url?q=https:\/\/progressflorida.actionkit.com\/go\/252778?t%3D7%26akid%3D23390%252E239463%252E3EImNb&amp;source=gmail&amp;ust=1628873171215000&amp;usg=AFQjCNHPOjWWsTU_jpoARQMu94P3A9QlDA\">Encuentra aqu\u00ed proveedores de servicios de aborto en tu localidad.<\/a>Luego, una vez que haya decidido uno o dos lugares donde le gustar\u00eda ser voluntario, p\u00f3ngase en contacto con el proveedor para preguntar sobre sus necesidades.<\/p>\n<p><strong>Otra forma de apoyar a las pacientes de su comunidad que necesitan un aborto es hacer donaciones al fondo local para abortos.<\/strong> \u2013 organizaciones comprometidas a eliminar las barreras financieras y log\u00edsticas para el acceso al aborto para las pacientes que lo necesitan. <a href=\"https:\/\/floridaabortionfunds.com\/\" target=\"_blank\" rel=\"noopener\" data-saferedirecturl=\"https:\/\/www.google.com\/url?q=https:\/\/progressflorida.actionkit.com\/go\/256594?t%3D9%26akid%3D23390%252E239463%252E3EImNb&amp;source=gmail&amp;ust=1628873171215000&amp;usg=AFQjCNEO_wRTIwbIxhc1PfQ3NkraBgpiIg\">Encuentre aqu\u00ed el fondo que presta servicios a pacientes en su regi\u00f3n de Florida.<\/a>.<\/p>","protected":false},"excerpt":{"rendered":"<p>Once someone has decided to have an abortion, there should be no shame or pressure. However, the number of people showing up to harass patients at reproductive health clinics in Florida is escalating and the harassers are getting more aggressive toward patients as they arrive and depart. Public shaming, trespassing, filming, creating a noisy, chaotic [&hellip;]<\/p>\n","protected":false},"author":3,"featured_media":0,"parent":0,"menu_order":0,"comment_status":"closed","ping_status":"closed","template":"","meta":{"footnotes":""},"folder":[],"class_list":["post-2057","page","type-page","status-publish","hentry"],"yoast_head":"<!-- This site is optimized with the Yoast SEO plugin v27.3 - https:\/\/yoast.com\/product\/yoast-seo-wordpress\/ -->\n<title>Abortion Access: Volunteer as a Patient Escort - Floridians For Reproductive Freedom<\/title>\n<meta name=\"robots\" content=\"index, follow, max-snippet:-1, max-image-preview:large, max-video-preview:-1\" \/>\n<link rel=\"canonical\" href=\"https:\/\/floridareprofreedom.org\/es\/acompanante-del-paciente\/\" \/>\n<meta property=\"og:locale\" content=\"es_ES\" \/>\n<meta property=\"og:type\" content=\"article\" \/>\n<meta property=\"og:title\" content=\"Abortion Access: Volunteer as a Patient Escort - Floridians For Reproductive Freedom\" \/>\n<meta property=\"og:description\" content=\"Once someone has decided to have an abortion, there should be no shame or pressure. However, the number of people showing up to harass patients at reproductive health clinics in Florida is escalating and the harassers are getting more aggressive toward patients as they arrive and depart. Public shaming, trespassing, filming, creating a noisy, chaotic [&hellip;]\" \/>\n<meta property=\"og:url\" content=\"https:\/\/floridareprofreedom.org\/es\/acompanante-del-paciente\/\" \/>\n<meta property=\"og:site_name\" content=\"Floridians For Reproductive Freedom\" \/>\n<meta property=\"article:publisher\" content=\"https:\/\/www.facebook.com\/FloridaReproFreedom\/\" \/>\n<meta property=\"article:modified_time\" content=\"2026-03-19T16:04:59+00:00\" \/>\n<meta name=\"twitter:card\" content=\"summary_large_image\" \/>\n<meta name=\"twitter:site\" content=\"@FLReproFreedom\" \/>\n<meta name=\"twitter:label1\" content=\"Est. reading time\" \/>\n\t<meta name=\"twitter:data1\" content=\"2 minutos\" \/>\n<script type=\"application\/ld+json\" class=\"yoast-schema-graph\">{\"@context\":\"https:\\\/\\\/schema.org\",\"@graph\":[{\"@type\":\"WebPage\",\"@id\":\"https:\\\/\\\/floridareprofreedom.org\\\/patientescort\\\/\",\"url\":\"https:\\\/\\\/floridareprofreedom.org\\\/patientescort\\\/\",\"name\":\"Abortion Access: Volunteer as a Patient Escort - Floridians For Reproductive Freedom\",\"isPartOf\":{\"@id\":\"https:\\\/\\\/floridareprofreedom.org\\\/#website\"},\"datePublished\":\"2021-08-12T16:51:07+00:00\",\"dateModified\":\"2026-03-19T16:04:59+00:00\",\"breadcrumb\":{\"@id\":\"https:\\\/\\\/floridareprofreedom.org\\\/patientescort\\\/#breadcrumb\"},\"inLanguage\":\"es\",\"potentialAction\":[{\"@type\":\"ReadAction\",\"target\":[\"https:\\\/\\\/floridareprofreedom.org\\\/patientescort\\\/\"]}]},{\"@type\":\"BreadcrumbList\",\"@id\":\"https:\\\/\\\/floridareprofreedom.org\\\/patientescort\\\/#breadcrumb\",\"itemListElement\":[{\"@type\":\"ListItem\",\"position\":1,\"name\":\"Home\",\"item\":\"https:\\\/\\\/floridareprofreedom.org\\\/\"},{\"@type\":\"ListItem\",\"position\":2,\"name\":\"Abortion Access: Volunteer as a Patient Escort\"}]},{\"@type\":\"WebSite\",\"@id\":\"https:\\\/\\\/floridareprofreedom.org\\\/#website\",\"url\":\"https:\\\/\\\/floridareprofreedom.org\\\/\",\"name\":\"Floridians For Reproductive Freedom\",\"description\":\"Advocating for convenient, affordable, and safe access to reproductive health care, including abortion.\",\"publisher\":{\"@id\":\"https:\\\/\\\/floridareprofreedom.org\\\/#organization\"},\"potentialAction\":[{\"@type\":\"SearchAction\",\"target\":{\"@type\":\"EntryPoint\",\"urlTemplate\":\"https:\\\/\\\/floridareprofreedom.org\\\/?s={search_term_string}\"},\"query-input\":{\"@type\":\"PropertyValueSpecification\",\"valueRequired\":true,\"valueName\":\"search_term_string\"}}],\"inLanguage\":\"es\"},{\"@type\":\"Organization\",\"@id\":\"https:\\\/\\\/floridareprofreedom.org\\\/#organization\",\"name\":\"Floridians for Reproductive Freedom\",\"url\":\"https:\\\/\\\/floridareprofreedom.org\\\/\",\"logo\":{\"@type\":\"ImageObject\",\"inLanguage\":\"es\",\"@id\":\"https:\\\/\\\/floridareprofreedom.org\\\/#\\\/schema\\\/logo\\\/image\\\/\",\"url\":\"https:\\\/\\\/floridareprofreedom.org\\\/wp-content\\\/uploads\\\/2019\\\/05\\\/Untitled.jpg\",\"contentUrl\":\"https:\\\/\\\/floridareprofreedom.org\\\/wp-content\\\/uploads\\\/2019\\\/05\\\/Untitled.jpg\",\"width\":174,\"height\":180,\"caption\":\"Floridians for Reproductive Freedom\"},\"image\":{\"@id\":\"https:\\\/\\\/floridareprofreedom.org\\\/#\\\/schema\\\/logo\\\/image\\\/\"},\"sameAs\":[\"https:\\\/\\\/www.facebook.com\\\/FloridaReproFreedom\\\/\",\"https:\\\/\\\/x.com\\\/FLReproFreedom\",\"https:\\\/\\\/www.instagram.com\\\/floridareprofreedom\\\/\"]}]}<\/script>\n<!-- \/ Yoast SEO plugin. -->","yoast_head_json":{"title":"Acceso al aborto: Sea voluntario como acompa\u00f1ante de pacientes - Floridanos por la Libertad Reproductiva","robots":{"index":"index","follow":"follow","max-snippet":"max-snippet:-1","max-image-preview":"max-image-preview:large","max-video-preview":"max-video-preview:-1"},"canonical":"https:\/\/floridareprofreedom.org\/es\/acompanante-del-paciente\/","og_locale":"es_ES","og_type":"article","og_title":"Abortion Access: Volunteer as a Patient Escort - Floridians For Reproductive Freedom","og_description":"Once someone has decided to have an abortion, there should be no shame or pressure. However, the number of people showing up to harass patients at reproductive health clinics in Florida is escalating and the harassers are getting more aggressive toward patients as they arrive and depart. Public shaming, trespassing, filming, creating a noisy, chaotic [&hellip;]","og_url":"https:\/\/floridareprofreedom.org\/es\/acompanante-del-paciente\/","og_site_name":"Floridians For Reproductive Freedom","article_publisher":"https:\/\/www.facebook.com\/FloridaReproFreedom\/","article_modified_time":"2026-03-19T16:04:59+00:00","twitter_card":"summary_large_image","twitter_site":"@FLReproFreedom","twitter_misc":{"Est. reading time":"2 minutos"},"schema":{"@context":"https:\/\/schema.org","@graph":[{"@type":"WebPage","@id":"https:\/\/floridareprofreedom.org\/patientescort\/","url":"https:\/\/floridareprofreedom.org\/patientescort\/","name":"Acceso al aborto: Sea voluntario como acompa\u00f1ante de pacientes - Floridanos por la Libertad Reproductiva","isPartOf":{"@id":"https:\/\/floridareprofreedom.org\/#website"},"datePublished":"2021-08-12T16:51:07+00:00","dateModified":"2026-03-19T16:04:59+00:00","breadcrumb":{"@id":"https:\/\/floridareprofreedom.org\/patientescort\/#breadcrumb"},"inLanguage":"es","potentialAction":[{"@type":"ReadAction","target":["https:\/\/floridareprofreedom.org\/patientescort\/"]}]},{"@type":"BreadcrumbList","@id":"https:\/\/floridareprofreedom.org\/patientescort\/#breadcrumb","itemListElement":[{"@type":"ListItem","position":1,"name":"Home","item":"https:\/\/floridareprofreedom.org\/"},{"@type":"ListItem","position":2,"name":"Abortion Access: Volunteer as a Patient Escort"}]},{"@type":"WebSite","@id":"https:\/\/floridareprofreedom.org\/#website","url":"https:\/\/floridareprofreedom.org\/","name":"Floridanos por la Libertad Reproductiva","description":"Abogando por un acceso conveniente, asequible y seguro a la atenci\u00f3n de la salud reproductiva, incluido el aborto.","publisher":{"@id":"https:\/\/floridareprofreedom.org\/#organization"},"potentialAction":[{"@type":"SearchAction","target":{"@type":"EntryPoint","urlTemplate":"https:\/\/floridareprofreedom.org\/?s={search_term_string}"},"query-input":{"@type":"PropertyValueSpecification","valueRequired":true,"valueName":"search_term_string"}}],"inLanguage":"es"},{"@type":"Organization","@id":"https:\/\/floridareprofreedom.org\/#organization","name":"Floridanos por la Libertad Reproductiva","url":"https:\/\/floridareprofreedom.org\/","logo":{"@type":"ImageObject","inLanguage":"es","@id":"https:\/\/floridareprofreedom.org\/#\/schema\/logo\/image\/","url":"https:\/\/floridareprofreedom.org\/wp-content\/uploads\/2019\/05\/Untitled.jpg","contentUrl":"https:\/\/floridareprofreedom.org\/wp-content\/uploads\/2019\/05\/Untitled.jpg","width":174,"height":180,"caption":"Floridians for Reproductive Freedom"},"image":{"@id":"https:\/\/floridareprofreedom.org\/#\/schema\/logo\/image\/"},"sameAs":["https:\/\/www.facebook.com\/FloridaReproFreedom\/","https:\/\/x.com\/FLReproFreedom","https:\/\/www.instagram.com\/floridareprofreedom\/"]}]}},"_links":{"self":[{"href":"https:\/\/floridareprofreedom.org\/es\/wp-json\/wp\/v2\/pages\/2057","targetHints":{"allow":["GET"]}}],"collection":[{"href":"https:\/\/floridareprofreedom.org\/es\/wp-json\/wp\/v2\/pages"}],"about":[{"href":"https:\/\/floridareprofreedom.org\/es\/wp-json\/wp\/v2\/types\/page"}],"author":[{"embeddable":true,"href":"https:\/\/floridareprofreedom.org\/es\/wp-json\/wp\/v2\/users\/3"}],"replies":[{"embeddable":true,"href":"https:\/\/floridareprofreedom.org\/es\/wp-json\/wp\/v2\/comments?post=2057"}],"version-history":[{"count":4,"href":"https:\/\/floridareprofreedom.org\/es\/wp-json\/wp\/v2\/pages\/2057\/revisions"}],"predecessor-version":[{"id":4999,"href":"https:\/\/floridareprofreedom.org\/es\/wp-json\/wp\/v2\/pages\/2057\/revisions\/4999"}],"wp:attachment":[{"href":"https:\/\/floridareprofreedom.org\/es\/wp-json\/wp\/v2\/media?parent=2057"}],"wp:term":[{"taxonomy":"folder","embeddable":true,"href":"https:\/\/floridareprofreedom.org\/es\/wp-json\/wp\/v2\/folder?post=2057"}],"curies":[{"name":"wp","href":"https:\/\/api.w.org\/{rel}","templated":true}]}}