{"id":2069,"date":"2021-08-18T19:07:25","date_gmt":"2021-08-18T19:07:25","guid":{"rendered":"https:\/\/floridareprofreedom.org\/?page_id=2069"},"modified":"2021-08-18T19:08:14","modified_gmt":"2021-08-18T19:08:14","slug":"acceso-a-anticonceptivos-hc","status":"publish","type":"page","link":"https:\/\/floridareprofreedom.org\/es\/contraceptives-access-hc\/","title":{"rendered":"Gwoup Travay Aks\u00e8 Kontraseptif"},"content":{"rendered":"<p><span style=\"font-weight: 400;\">\u201cNan l\u00e8 etranj sa a, plis boulv\u00e8san pase deba sou planin, se ak ki pasyon ke fanm bezwen jistifye oswa eksplike poukisa yo pran planin-rezon sante, kontwole r\u00e8g, ou konnen, tankou gen yon bagay ki mal nan pran planin tou senpleman paske ou vle f\u00e8 s\u00e8ks san s\u00e8ks sa a pa vinn lak\u00f2z gwos\u00e8s.\u201d \u2013 Roxane Gay nan Move Feminis (Harper Perennial)<\/span><\/p>\n<h2>Aks\u00e8 kontraseptif (planin)<\/h2>\n<p><span style=\"font-weight: 400;\">Tout Floridyen ta dwe gen aks\u00e8 ab\u00f2dab epi al\u00e8 sou tout seri opsyon planin yo.<\/span><\/p>\n<p><span style=\"font-weight: 400;\">Plis pase l\u00f2t tan yo, bary\u00e8 pou jwenn planeando ta dwe minimizar, pandan edikasyon egzat sou planin ak s\u00e8vis swen sante repwodiksyon konpl\u00e8 ta dwe maksimize.<\/span><\/p>\n<p><span style=\"font-weight: 400;\">Anplway\u00e8 ki pa kouvri depans pou planin, lwa ki finanse edikasyon seksy\u00e8l ki baze sou abstinans s\u00e8lman, ak \u201cdez\u00e8 kontrasepsyon\u201d yo, danjere pou byenn\u00e8t ak sekirite moun ki gen bezwen planin ki div\u00e8s epi inik.<\/span><\/p>\n<p><b>Gwoup Travay Aks\u00e8 Kontraseptif Floridyen pou Lib\u00e8te Repwodiksyon<\/b><span style=\"font-weight: 400;\"> (FRF) te kolekte enf\u00f2masyon sa yo ke nou ofri k\u00f2m yon <\/span><b>Gid Resous<\/b><span style=\"font-weight: 400;\"> sou jwenn swen pou planin nan tout eta Florid la, epi tou edikasyon adisyon\u00e8l ak enf\u00f2masyon defans (f\u00f2ma enprimab isit la):<\/span><\/p>\n<ul>\n<li style=\"font-weight: 400;\" aria-level=\"1\"><a href=\"https:\/\/floridareprofreedom.org\/es\/farmacias-de-descuento-y-programas-de-asistencia-al-paciente-de-companias-farmaceuticas-hc\/\"><span style=\"font-weight: 400;\">Rab\u00e8 Famasi ak Pwogram Asistans pou Konsomat\u00e8 ki ofri pa manifaktir\u00e8 medikaman yo<\/span><\/a><\/li>\n<li style=\"font-weight: 400;\" aria-level=\"1\"><a href=\"https:\/\/floridareprofreedom.org\/es\/control-de-la-natalidad-criollo\/\"><span style=\"font-weight: 400;\">Opsyon planin ak pri \u2013 ki nan lis lan pa met\u00f2d<\/span><\/a><\/li>\n<li style=\"font-weight: 400;\" aria-level=\"1\"><a href=\"https:\/\/floridareprofreedom.org\/es\/departamentos-de-salud-del-condado-hc\/\"><span style=\"font-weight: 400;\">Pwogram Planifikasyon Fanmi nan Depatman Sante Florid (pa konte)<\/span><\/a><\/li>\n<li style=\"font-weight: 400;\" aria-level=\"1\"><a href=\"https:\/\/floridareprofreedom.org\/es\/recursos-educativos-hc\/\"><span style=\"font-weight: 400;\">Resous Edikasyon ak Defans \u2013 pou Dokt\u00e8 ak Konsomat\u00e8<\/span><\/a><\/li>\n<li style=\"font-weight: 400;\" aria-level=\"1\"><span style=\"font-weight: 400;\"><a href=\"https:\/\/nwlc.org\/having-trouble-getting-birth-control\/\">Rezoud pwobl\u00e8m asirans: pa gen okenn kopeman ni l\u00f2t depans pou soti-nan-p\u00f2ch pou planin<\/a> (Sant Lwa Fanm Nasyonal)<\/span><\/li>\n<li style=\"font-weight: 400;\" aria-level=\"1\"><a href=\"https:\/\/floridareprofreedom.org\/es\/ce\/\"><span style=\"font-weight: 400;\">Paj Aksyon: \u00a1Hola Publix! #DontHideEC<\/span><\/a><\/li>\n<\/ul>\n<p><strong>Kons\u00e8nan Gwoup Travay Aks\u00e8 Kontraseptif yo<\/strong><\/p>\n<ul>\n<li><span style=\"font-weight: 400;\">Objektif nou yo se pou ede <\/span><b>kenbe aks\u00e8 ak kontrasepsyon<\/b><span style=\"font-weight: 400;\"> pou moun ki gen bary\u00e8 pou swen planin tankou:<\/span>\n<ul>\n<li style=\"font-weight: 400;\" aria-level=\"1\"><span style=\"font-weight: 400;\">Manke asirans sante oswa pri ki toujou wo menm av\u00e8k asirans\u00a0<\/span><\/li>\n<li style=\"font-weight: 400;\" aria-level=\"1\"><span style=\"font-weight: 400;\">Pwobl\u00e8m transp\u00f2tasyon<\/span><\/li>\n<li style=\"font-weight: 400;\" aria-level=\"1\"><span style=\"font-weight: 400;\">P\u00e8 diskriminasyon<\/span><\/li>\n<li style=\"font-weight: 400;\" aria-level=\"1\"><span style=\"font-weight: 400;\">Enkyetid sou patisipasyon paran yo<\/span><\/li>\n<li style=\"font-weight: 400;\" aria-level=\"1\"><span style=\"font-weight: 400;\">Bary\u00e8 langaj<\/span><\/li>\n<\/ul>\n<p><span style=\"font-weight: 400;\">Epi tou, nou f\u00e8 ef\u00f2 pou <\/span><b>conexiones<\/b><span style=\"font-weight: 400;\"> pasyan yo, founis\u00e8 medikal yo, \u00f2ganizasyon patn\u00e8 yo, ak resous ki ofri <\/span><b>pri ki-efikas<\/b><span style=\"font-weight: 400;\">, <\/span><b>conple<\/b><span style=\"font-weight: 400;\">, ak s\u00e8vis planin ki <\/span><b>Santre-Sou<\/b><span style=\"font-weight: 400;\"> pasyan.<\/span><span style=\"font-weight: 400;\"><br \/>\n<\/span><span style=\"font-weight: 400;\"><br \/>\n<\/span><span style=\"font-weight: 400;\">Nou sip\u00f2te ef\u00f2 <\/span><b>desaniman<\/b><span style=\"font-weight: 400;\"> ki <\/span><b>Medicaid de Elaji<\/b><span style=\"font-weight: 400;\">, <\/span><b>fon gouv\u00e8nman ak kouv\u00e8ti plan asirans prive<\/b><span style=\"font-weight: 400;\"> pou planin; bay pasyan yo ak founis\u00e8 yo <\/span><b>pouvwa<\/b><span style=\"font-weight: 400;\"> pou yo aprann <\/span><b>toda opsi\u00f3n<\/b><span style=\"font-weight: 400;\"> nan planin n\u00e8t (pi plis pase sak baze sou abstinans oswa met\u00f2d planifikasyon \u201cnatir\u00e8l\u201d pou fanmi an).<\/span><span style=\"font-weight: 400;\"><br \/>\n<\/span><span style=\"font-weight: 400;\"><br \/>\n<\/span><span style=\"font-weight: 400;\">Nou vize pou ogmante messagerie ak aks\u00e8 pou <\/span><b>contrasepsia ijans<\/b><span style=\"font-weight: 400;\"> (Plan B, Ella) ak <\/span><b>kontrasepsyon rev\u00e8sib ki aji-lontan<\/b><span style=\"font-weight: 400;\"> (LARC) tankou DIU oswa enplimant, epi <\/span><b>m\u00e9todo de planificaci\u00f3n san preskripsyon<\/b><span style=\"font-weight: 400;\"> t\u00fa.<\/span><\/p>\n<ul>\n<li style=\"font-weight: 400;\" aria-level=\"1\"><span style=\"font-weight: 400;\">Tcheke kanpay nou gen kounye a pou mande Publix pou f\u00e8 EC aksesib a kliyan li yo, pou yo vann li nan ale Planifikasyon Fanmi an olye nan d\u00e8y\u00e8 biwo famasi a: \u00a1Hola Publix! #DontHideEC<\/span>: <a href=\"https:\/\/floridareprofreedom.org\/es\/ce\/\">\u00a1Hola Publix! #DontHideEC<\/a><\/li>\n<\/ul>\n<\/li>\n<\/ul>\n<p><a href=\"https:\/\/floridareprofreedom.org\/es\/ce\/\"><img fetchpriority=\"high\" decoding=\"async\" class=\"size-large wp-image-1374 aligncenter\" src=\"https:\/\/floridareprofreedom.org\/wp-content\/uploads\/2020\/10\/2-1-1024x791.png\" alt=\"\" width=\"800\" height=\"618\" srcset=\"https:\/\/floridareprofreedom.org\/wp-content\/uploads\/2020\/10\/2-1-1024x791.png 1024w, https:\/\/floridareprofreedom.org\/wp-content\/uploads\/2020\/10\/2-1-300x232.png 300w, https:\/\/floridareprofreedom.org\/wp-content\/uploads\/2020\/10\/2-1-768x593.png 768w, https:\/\/floridareprofreedom.org\/wp-content\/uploads\/2020\/10\/2-1-1536x1187.png 1536w, https:\/\/floridareprofreedom.org\/wp-content\/uploads\/2020\/10\/2-1.png 1650w\" sizes=\"(max-width: 800px) 100vw, 800px\" \/><\/a><\/p>\n<h2>Patisipe<\/h2>\n<p><span style=\"font-weight: 400;\">Enterese nan travay pou chanjman lwa nan nivo Eta a? Gwoup Travay Aks\u00e8 Kontraseptif FRF la akeyi patisipasyon ou.<\/span><span style=\"font-weight: 400;\"><br \/>\n<\/span><span style=\"font-weight: 400;\"><br \/>\n<\/span><span style=\"font-weight: 400;\">Pataje lyen paj sa ak Gid Resous nou an sou rezo sosyal, lis s\u00e8vis imel, ak bilten lokal yo; pataje av\u00e8k \u00f2ganizasyon patn\u00e8 ou yo\/lek\u00f2l\/klinik; gendwa telechaje, enprime, ak distribye tou.<\/span><span style=\"font-weight: 400;\"><br \/>\n<\/span><span style=\"font-weight: 400;\"><br \/>\n<\/span><span style=\"font-weight: 400;\">Si o gen enf\u00f2masyon pou ajoute\/modifye, tanpri im\u00e8l T\u00e8t Komite <\/span><b>Gwoup Travay Aks\u00e8 Kontraseptif FRF<\/b><span style=\"font-weight: 400;\">, <\/span><a href=\"mailto: reerob71@gmail.com\">Reesa Roberts<\/a>.<\/p>\n<p><a href=\"https:\/\/progressflorida.actionkit.com\/signup\/frf-grassroots-signup\" target=\"_blank\" rel=\"noopener\"><button>Reg\u00edstrate para participar<\/button><\/a><\/p>","protected":false},"excerpt":{"rendered":"<p>&#8220;Nan l\u00e8 etranj sa a, plis boulv\u00e8san pase deba sou planin, se ak ki pasyon ke fanm bezwen jistifye oswa eksplike poukisa yo pran planin-rezon sante, kontwole r\u00e8g, ou konnen, tankou gen yon bagay ki mal nan pran planin tou senpleman paske ou vle f\u00e8 s\u00e8ks san s\u00e8ks sa a pa vinn lak\u00f2z gwos\u00e8s.&#8221; &#8211; [&hellip;]<\/p>\n","protected":false},"author":3,"featured_media":0,"parent":0,"menu_order":0,"comment_status":"closed","ping_status":"closed","template":"","meta":{"footnotes":""},"folder":[21,10],"class_list":["post-2069","page","type-page","status-publish","hentry"],"yoast_head":"<!-- This site is optimized with the Yoast SEO plugin v27.4 - https:\/\/yoast.com\/product\/yoast-seo-wordpress\/ -->\n<title>Gwoup Travay Aks\u00e8 Kontraseptif - Floridians For Reproductive Freedom<\/title>\n<meta name=\"robots\" content=\"index, follow, max-snippet:-1, max-image-preview:large, max-video-preview:-1\" \/>\n<link rel=\"canonical\" href=\"https:\/\/floridareprofreedom.org\/es\/acceso-a-anticonceptivos-hc\/\" \/>\n<meta property=\"og:locale\" content=\"es_ES\" \/>\n<meta property=\"og:type\" content=\"article\" \/>\n<meta property=\"og:title\" content=\"Gwoup Travay Aks\u00e8 Kontraseptif - Floridians For Reproductive Freedom\" \/>\n<meta property=\"og:description\" content=\"&#8220;Nan l\u00e8 etranj sa a, plis boulv\u00e8san pase deba sou planin, se ak ki pasyon ke fanm bezwen jistifye oswa eksplike poukisa yo pran planin-rezon sante, kontwole r\u00e8g, ou konnen, tankou gen yon bagay ki mal nan pran planin tou senpleman paske ou vle f\u00e8 s\u00e8ks san s\u00e8ks sa a pa vinn lak\u00f2z gwos\u00e8s.&#8221; &#8211; [&hellip;]\" \/>\n<meta property=\"og:url\" content=\"https:\/\/floridareprofreedom.org\/es\/acceso-a-anticonceptivos-hc\/\" \/>\n<meta property=\"og:site_name\" content=\"Floridians For Reproductive Freedom\" \/>\n<meta property=\"article:publisher\" content=\"https:\/\/www.facebook.com\/FloridaReproFreedom\/\" \/>\n<meta property=\"article:modified_time\" content=\"2021-08-18T19:08:14+00:00\" \/>\n<meta property=\"og:image\" content=\"https:\/\/floridareprofreedom.org\/wp-content\/uploads\/2020\/10\/2-1-1024x791.png\" \/>\n<meta name=\"twitter:card\" content=\"summary_large_image\" \/>\n<meta name=\"twitter:site\" content=\"@FLReproFreedom\" \/>\n<meta name=\"twitter:label1\" content=\"Est. reading time\" \/>\n\t<meta name=\"twitter:data1\" content=\"3 minutos\" \/>\n<script type=\"application\/ld+json\" class=\"yoast-schema-graph\">{\"@context\":\"https:\\\/\\\/schema.org\",\"@graph\":[{\"@type\":\"WebPage\",\"@id\":\"https:\\\/\\\/floridareprofreedom.org\\\/contraceptives-access-hc\\\/\",\"url\":\"https:\\\/\\\/floridareprofreedom.org\\\/contraceptives-access-hc\\\/\",\"name\":\"Gwoup Travay Aks\u00e8 Kontraseptif - Floridians For Reproductive Freedom\",\"isPartOf\":{\"@id\":\"https:\\\/\\\/floridareprofreedom.org\\\/#website\"},\"primaryImageOfPage\":{\"@id\":\"https:\\\/\\\/floridareprofreedom.org\\\/contraceptives-access-hc\\\/#primaryimage\"},\"image\":{\"@id\":\"https:\\\/\\\/floridareprofreedom.org\\\/contraceptives-access-hc\\\/#primaryimage\"},\"thumbnailUrl\":\"https:\\\/\\\/floridareprofreedom.org\\\/wp-content\\\/uploads\\\/2020\\\/10\\\/2-1-1024x791.png\",\"datePublished\":\"2021-08-18T19:07:25+00:00\",\"dateModified\":\"2021-08-18T19:08:14+00:00\",\"breadcrumb\":{\"@id\":\"https:\\\/\\\/floridareprofreedom.org\\\/contraceptives-access-hc\\\/#breadcrumb\"},\"inLanguage\":\"es\",\"potentialAction\":[{\"@type\":\"ReadAction\",\"target\":[\"https:\\\/\\\/floridareprofreedom.org\\\/contraceptives-access-hc\\\/\"]}]},{\"@type\":\"ImageObject\",\"inLanguage\":\"es\",\"@id\":\"https:\\\/\\\/floridareprofreedom.org\\\/contraceptives-access-hc\\\/#primaryimage\",\"url\":\"https:\\\/\\\/floridareprofreedom.org\\\/wp-content\\\/uploads\\\/2020\\\/10\\\/2-1-1024x791.png\",\"contentUrl\":\"https:\\\/\\\/floridareprofreedom.org\\\/wp-content\\\/uploads\\\/2020\\\/10\\\/2-1-1024x791.png\"},{\"@type\":\"BreadcrumbList\",\"@id\":\"https:\\\/\\\/floridareprofreedom.org\\\/contraceptives-access-hc\\\/#breadcrumb\",\"itemListElement\":[{\"@type\":\"ListItem\",\"position\":1,\"name\":\"Home\",\"item\":\"https:\\\/\\\/floridareprofreedom.org\\\/\"},{\"@type\":\"ListItem\",\"position\":2,\"name\":\"Gwoup Travay Aks\u00e8 Kontraseptif\"}]},{\"@type\":\"WebSite\",\"@id\":\"https:\\\/\\\/floridareprofreedom.org\\\/#website\",\"url\":\"https:\\\/\\\/floridareprofreedom.org\\\/\",\"name\":\"Floridians For Reproductive Freedom\",\"description\":\"Advocating for convenient, affordable, and safe access to reproductive health care, including abortion.\",\"publisher\":{\"@id\":\"https:\\\/\\\/floridareprofreedom.org\\\/#organization\"},\"potentialAction\":[{\"@type\":\"SearchAction\",\"target\":{\"@type\":\"EntryPoint\",\"urlTemplate\":\"https:\\\/\\\/floridareprofreedom.org\\\/?s={search_term_string}\"},\"query-input\":{\"@type\":\"PropertyValueSpecification\",\"valueRequired\":true,\"valueName\":\"search_term_string\"}}],\"inLanguage\":\"es\"},{\"@type\":\"Organization\",\"@id\":\"https:\\\/\\\/floridareprofreedom.org\\\/#organization\",\"name\":\"Floridians for Reproductive Freedom\",\"url\":\"https:\\\/\\\/floridareprofreedom.org\\\/\",\"logo\":{\"@type\":\"ImageObject\",\"inLanguage\":\"es\",\"@id\":\"https:\\\/\\\/floridareprofreedom.org\\\/#\\\/schema\\\/logo\\\/image\\\/\",\"url\":\"https:\\\/\\\/floridareprofreedom.org\\\/wp-content\\\/uploads\\\/2019\\\/05\\\/Untitled.jpg\",\"contentUrl\":\"https:\\\/\\\/floridareprofreedom.org\\\/wp-content\\\/uploads\\\/2019\\\/05\\\/Untitled.jpg\",\"width\":174,\"height\":180,\"caption\":\"Floridians for Reproductive Freedom\"},\"image\":{\"@id\":\"https:\\\/\\\/floridareprofreedom.org\\\/#\\\/schema\\\/logo\\\/image\\\/\"},\"sameAs\":[\"https:\\\/\\\/www.facebook.com\\\/FloridaReproFreedom\\\/\",\"https:\\\/\\\/x.com\\\/FLReproFreedom\",\"https:\\\/\\\/www.instagram.com\\\/floridareprofreedom\\\/\"]}]}<\/script>\n<!-- \/ Yoast SEO plugin. -->","yoast_head_json":{"title":"Gwoup Travay Aks\u00e8 Kontraseptif - Floridanos por la libertad reproductiva","robots":{"index":"index","follow":"follow","max-snippet":"max-snippet:-1","max-image-preview":"max-image-preview:large","max-video-preview":"max-video-preview:-1"},"canonical":"https:\/\/floridareprofreedom.org\/es\/acceso-a-anticonceptivos-hc\/","og_locale":"es_ES","og_type":"article","og_title":"Gwoup Travay Aks\u00e8 Kontraseptif - Floridians For Reproductive Freedom","og_description":"&#8220;Nan l\u00e8 etranj sa a, plis boulv\u00e8san pase deba sou planin, se ak ki pasyon ke fanm bezwen jistifye oswa eksplike poukisa yo pran planin-rezon sante, kontwole r\u00e8g, ou konnen, tankou gen yon bagay ki mal nan pran planin tou senpleman paske ou vle f\u00e8 s\u00e8ks san s\u00e8ks sa a pa vinn lak\u00f2z gwos\u00e8s.&#8221; &#8211; [&hellip;]","og_url":"https:\/\/floridareprofreedom.org\/es\/acceso-a-anticonceptivos-hc\/","og_site_name":"Floridians For Reproductive Freedom","article_publisher":"https:\/\/www.facebook.com\/FloridaReproFreedom\/","article_modified_time":"2021-08-18T19:08:14+00:00","og_image":[{"url":"https:\/\/floridareprofreedom.org\/wp-content\/uploads\/2020\/10\/2-1-1024x791.png","type":"","width":"","height":""}],"twitter_card":"summary_large_image","twitter_site":"@FLReproFreedom","twitter_misc":{"Est. reading time":"3 minutos"},"schema":{"@context":"https:\/\/schema.org","@graph":[{"@type":"WebPage","@id":"https:\/\/floridareprofreedom.org\/contraceptives-access-hc\/","url":"https:\/\/floridareprofreedom.org\/contraceptives-access-hc\/","name":"Gwoup Travay Aks\u00e8 Kontraseptif - Floridanos por la libertad reproductiva","isPartOf":{"@id":"https:\/\/floridareprofreedom.org\/#website"},"primaryImageOfPage":{"@id":"https:\/\/floridareprofreedom.org\/contraceptives-access-hc\/#primaryimage"},"image":{"@id":"https:\/\/floridareprofreedom.org\/contraceptives-access-hc\/#primaryimage"},"thumbnailUrl":"https:\/\/floridareprofreedom.org\/wp-content\/uploads\/2020\/10\/2-1-1024x791.png","datePublished":"2021-08-18T19:07:25+00:00","dateModified":"2021-08-18T19:08:14+00:00","breadcrumb":{"@id":"https:\/\/floridareprofreedom.org\/contraceptives-access-hc\/#breadcrumb"},"inLanguage":"es","potentialAction":[{"@type":"ReadAction","target":["https:\/\/floridareprofreedom.org\/contraceptives-access-hc\/"]}]},{"@type":"ImageObject","inLanguage":"es","@id":"https:\/\/floridareprofreedom.org\/contraceptives-access-hc\/#primaryimage","url":"https:\/\/floridareprofreedom.org\/wp-content\/uploads\/2020\/10\/2-1-1024x791.png","contentUrl":"https:\/\/floridareprofreedom.org\/wp-content\/uploads\/2020\/10\/2-1-1024x791.png"},{"@type":"BreadcrumbList","@id":"https:\/\/floridareprofreedom.org\/contraceptives-access-hc\/#breadcrumb","itemListElement":[{"@type":"ListItem","position":1,"name":"Home","item":"https:\/\/floridareprofreedom.org\/"},{"@type":"ListItem","position":2,"name":"Gwoup Travay Aks\u00e8 Kontraseptif"}]},{"@type":"WebSite","@id":"https:\/\/floridareprofreedom.org\/#website","url":"https:\/\/floridareprofreedom.org\/","name":"Floridanos por la Libertad Reproductiva","description":"Abogando por un acceso conveniente, asequible y seguro a la atenci\u00f3n de la salud reproductiva, incluido el aborto.","publisher":{"@id":"https:\/\/floridareprofreedom.org\/#organization"},"potentialAction":[{"@type":"SearchAction","target":{"@type":"EntryPoint","urlTemplate":"https:\/\/floridareprofreedom.org\/?s={search_term_string}"},"query-input":{"@type":"PropertyValueSpecification","valueRequired":true,"valueName":"search_term_string"}}],"inLanguage":"es"},{"@type":"Organization","@id":"https:\/\/floridareprofreedom.org\/#organization","name":"Floridanos por la Libertad Reproductiva","url":"https:\/\/floridareprofreedom.org\/","logo":{"@type":"ImageObject","inLanguage":"es","@id":"https:\/\/floridareprofreedom.org\/#\/schema\/logo\/image\/","url":"https:\/\/floridareprofreedom.org\/wp-content\/uploads\/2019\/05\/Untitled.jpg","contentUrl":"https:\/\/floridareprofreedom.org\/wp-content\/uploads\/2019\/05\/Untitled.jpg","width":174,"height":180,"caption":"Floridians for Reproductive Freedom"},"image":{"@id":"https:\/\/floridareprofreedom.org\/#\/schema\/logo\/image\/"},"sameAs":["https:\/\/www.facebook.com\/FloridaReproFreedom\/","https:\/\/x.com\/FLReproFreedom","https:\/\/www.instagram.com\/floridareprofreedom\/"]}]}},"_links":{"self":[{"href":"https:\/\/floridareprofreedom.org\/es\/wp-json\/wp\/v2\/pages\/2069","targetHints":{"allow":["GET"]}}],"collection":[{"href":"https:\/\/floridareprofreedom.org\/es\/wp-json\/wp\/v2\/pages"}],"about":[{"href":"https:\/\/floridareprofreedom.org\/es\/wp-json\/wp\/v2\/types\/page"}],"author":[{"embeddable":true,"href":"https:\/\/floridareprofreedom.org\/es\/wp-json\/wp\/v2\/users\/3"}],"replies":[{"embeddable":true,"href":"https:\/\/floridareprofreedom.org\/es\/wp-json\/wp\/v2\/comments?post=2069"}],"version-history":[{"count":4,"href":"https:\/\/floridareprofreedom.org\/es\/wp-json\/wp\/v2\/pages\/2069\/revisions"}],"predecessor-version":[{"id":2079,"href":"https:\/\/floridareprofreedom.org\/es\/wp-json\/wp\/v2\/pages\/2069\/revisions\/2079"}],"wp:attachment":[{"href":"https:\/\/floridareprofreedom.org\/es\/wp-json\/wp\/v2\/media?parent=2069"}],"wp:term":[{"taxonomy":"folder","embeddable":true,"href":"https:\/\/floridareprofreedom.org\/es\/wp-json\/wp\/v2\/folder?post=2069"}],"curies":[{"name":"wp","href":"https:\/\/api.w.org\/{rel}","templated":true}]}}