{"id":2330,"date":"2022-05-10T13:27:59","date_gmt":"2022-05-10T13:27:59","guid":{"rendered":"https:\/\/floridareprofreedom.org\/?page_id=2330"},"modified":"2022-05-10T13:27:59","modified_gmt":"2022-05-10T13:27:59","slug":"bienvenidos-a-la-rendicion-de-cuentas-corporativa","status":"publish","type":"page","link":"https:\/\/floridareprofreedom.org\/es\/welcome-corporate-accountability\/","title":{"rendered":"Bienvenidos a la Campa\u00f1a de Responsabilidad Corporativa"},"content":{"rendered":"<p>Ya est\u00e1s suscrito a nuestra lista de correo electr\u00f3nico. \u00a1Nos alegra que te est\u00e9s involucrando en la campa\u00f1a de responsabilidad corporativa de FRF!<\/p>\n<p><img fetchpriority=\"high\" decoding=\"async\" class=\"alignnone wp-image-2331 size-medium\" src=\"https:\/\/floridareprofreedom.org\/wp-content\/uploads\/2022\/05\/FRF-2022-4001-SQ-V2-300x300.jpg\" alt=\"\" width=\"300\" height=\"300\" srcset=\"https:\/\/floridareprofreedom.org\/wp-content\/uploads\/2022\/05\/FRF-2022-4001-SQ-V2-300x300.jpg 300w, https:\/\/floridareprofreedom.org\/wp-content\/uploads\/2022\/05\/FRF-2022-4001-SQ-V2-1024x1024.jpg 1024w, https:\/\/floridareprofreedom.org\/wp-content\/uploads\/2022\/05\/FRF-2022-4001-SQ-V2-150x150.jpg 150w, https:\/\/floridareprofreedom.org\/wp-content\/uploads\/2022\/05\/FRF-2022-4001-SQ-V2-768x768.jpg 768w, https:\/\/floridareprofreedom.org\/wp-content\/uploads\/2022\/05\/FRF-2022-4001-SQ-V2.jpg 1080w\" sizes=\"(max-width: 300px) 100vw, 300px\" \/><\/p>","protected":false},"excerpt":{"rendered":"<p>Ya est\u00e1s suscrito a nuestra lista de correo electr\u00f3nico. \u00a1Nos alegra que te est\u00e9s involucrando en la campa\u00f1a de responsabilidad corporativa de FRF!<\/p>","protected":false},"author":3,"featured_media":0,"parent":0,"menu_order":0,"comment_status":"closed","ping_status":"closed","template":"","meta":{"footnotes":""},"folder":[],"class_list":["post-2330","page","type-page","status-publish","hentry"],"yoast_head":"<!-- This site is optimized with the Yoast SEO plugin v27.4 - https:\/\/yoast.com\/product\/yoast-seo-wordpress\/ -->\n<title>Welcome to the Corporate Accountability Campaign - Floridians For Reproductive Freedom<\/title>\n<meta name=\"robots\" content=\"index, follow, max-snippet:-1, max-image-preview:large, max-video-preview:-1\" \/>\n<link rel=\"canonical\" href=\"https:\/\/floridareprofreedom.org\/es\/bienvenidos-a-la-rendicion-de-cuentas-corporativa\/\" \/>\n<meta property=\"og:locale\" content=\"es_ES\" \/>\n<meta property=\"og:type\" content=\"article\" \/>\n<meta property=\"og:title\" content=\"Welcome to the Corporate Accountability Campaign - Floridians For Reproductive Freedom\" \/>\n<meta property=\"og:description\" content=\"You&#8217;re now signed up for our email list. We&#8217;re glad you&#8217;re getting involved in the FRF corporate accountability campaign!\" \/>\n<meta property=\"og:url\" content=\"https:\/\/floridareprofreedom.org\/es\/bienvenidos-a-la-rendicion-de-cuentas-corporativa\/\" \/>\n<meta property=\"og:site_name\" content=\"Floridians For Reproductive Freedom\" \/>\n<meta property=\"article:publisher\" content=\"https:\/\/www.facebook.com\/FloridaReproFreedom\/\" \/>\n<meta property=\"og:image\" content=\"https:\/\/floridareprofreedom.org\/wp-content\/uploads\/2022\/05\/FRF-2022-4001-SQ-V2-300x300.jpg\" \/>\n<meta name=\"twitter:card\" content=\"summary_large_image\" \/>\n<meta name=\"twitter:site\" content=\"@FLReproFreedom\" \/>\n<meta name=\"twitter:label1\" content=\"Est. reading time\" \/>\n\t<meta name=\"twitter:data1\" content=\"1 minuto\" \/>\n<script type=\"application\/ld+json\" class=\"yoast-schema-graph\">{\"@context\":\"https:\\\/\\\/schema.org\",\"@graph\":[{\"@type\":\"WebPage\",\"@id\":\"https:\\\/\\\/floridareprofreedom.org\\\/welcome-corporate-accountability\\\/\",\"url\":\"https:\\\/\\\/floridareprofreedom.org\\\/welcome-corporate-accountability\\\/\",\"name\":\"Welcome to the Corporate Accountability Campaign - Floridians For Reproductive Freedom\",\"isPartOf\":{\"@id\":\"https:\\\/\\\/floridareprofreedom.org\\\/#website\"},\"primaryImageOfPage\":{\"@id\":\"https:\\\/\\\/floridareprofreedom.org\\\/welcome-corporate-accountability\\\/#primaryimage\"},\"image\":{\"@id\":\"https:\\\/\\\/floridareprofreedom.org\\\/welcome-corporate-accountability\\\/#primaryimage\"},\"thumbnailUrl\":\"https:\\\/\\\/floridareprofreedom.org\\\/wp-content\\\/uploads\\\/2022\\\/05\\\/FRF-2022-4001-SQ-V2-300x300.jpg\",\"datePublished\":\"2022-05-10T13:27:59+00:00\",\"breadcrumb\":{\"@id\":\"https:\\\/\\\/floridareprofreedom.org\\\/welcome-corporate-accountability\\\/#breadcrumb\"},\"inLanguage\":\"es\",\"potentialAction\":[{\"@type\":\"ReadAction\",\"target\":[\"https:\\\/\\\/floridareprofreedom.org\\\/welcome-corporate-accountability\\\/\"]}]},{\"@type\":\"ImageObject\",\"inLanguage\":\"es\",\"@id\":\"https:\\\/\\\/floridareprofreedom.org\\\/welcome-corporate-accountability\\\/#primaryimage\",\"url\":\"https:\\\/\\\/floridareprofreedom.org\\\/wp-content\\\/uploads\\\/2022\\\/05\\\/FRF-2022-4001-SQ-V2-300x300.jpg\",\"contentUrl\":\"https:\\\/\\\/floridareprofreedom.org\\\/wp-content\\\/uploads\\\/2022\\\/05\\\/FRF-2022-4001-SQ-V2-300x300.jpg\"},{\"@type\":\"BreadcrumbList\",\"@id\":\"https:\\\/\\\/floridareprofreedom.org\\\/welcome-corporate-accountability\\\/#breadcrumb\",\"itemListElement\":[{\"@type\":\"ListItem\",\"position\":1,\"name\":\"Home\",\"item\":\"https:\\\/\\\/floridareprofreedom.org\\\/\"},{\"@type\":\"ListItem\",\"position\":2,\"name\":\"Welcome to the Corporate Accountability Campaign\"}]},{\"@type\":\"WebSite\",\"@id\":\"https:\\\/\\\/floridareprofreedom.org\\\/#website\",\"url\":\"https:\\\/\\\/floridareprofreedom.org\\\/\",\"name\":\"Floridians For Reproductive Freedom\",\"description\":\"Advocating for convenient, affordable, and safe access to reproductive health care, including abortion.\",\"publisher\":{\"@id\":\"https:\\\/\\\/floridareprofreedom.org\\\/#organization\"},\"potentialAction\":[{\"@type\":\"SearchAction\",\"target\":{\"@type\":\"EntryPoint\",\"urlTemplate\":\"https:\\\/\\\/floridareprofreedom.org\\\/?s={search_term_string}\"},\"query-input\":{\"@type\":\"PropertyValueSpecification\",\"valueRequired\":true,\"valueName\":\"search_term_string\"}}],\"inLanguage\":\"es\"},{\"@type\":\"Organization\",\"@id\":\"https:\\\/\\\/floridareprofreedom.org\\\/#organization\",\"name\":\"Floridians for Reproductive Freedom\",\"url\":\"https:\\\/\\\/floridareprofreedom.org\\\/\",\"logo\":{\"@type\":\"ImageObject\",\"inLanguage\":\"es\",\"@id\":\"https:\\\/\\\/floridareprofreedom.org\\\/#\\\/schema\\\/logo\\\/image\\\/\",\"url\":\"https:\\\/\\\/floridareprofreedom.org\\\/wp-content\\\/uploads\\\/2019\\\/05\\\/Untitled.jpg\",\"contentUrl\":\"https:\\\/\\\/floridareprofreedom.org\\\/wp-content\\\/uploads\\\/2019\\\/05\\\/Untitled.jpg\",\"width\":174,\"height\":180,\"caption\":\"Floridians for Reproductive Freedom\"},\"image\":{\"@id\":\"https:\\\/\\\/floridareprofreedom.org\\\/#\\\/schema\\\/logo\\\/image\\\/\"},\"sameAs\":[\"https:\\\/\\\/www.facebook.com\\\/FloridaReproFreedom\\\/\",\"https:\\\/\\\/x.com\\\/FLReproFreedom\",\"https:\\\/\\\/www.instagram.com\\\/floridareprofreedom\\\/\"]}]}<\/script>\n<!-- \/ Yoast SEO plugin. -->","yoast_head_json":{"title":"Bienvenidos a la Campa\u00f1a de Responsabilidad Corporativa - Floridanos por la Libertad Reproductiva","robots":{"index":"index","follow":"follow","max-snippet":"max-snippet:-1","max-image-preview":"max-image-preview:large","max-video-preview":"max-video-preview:-1"},"canonical":"https:\/\/floridareprofreedom.org\/es\/bienvenidos-a-la-rendicion-de-cuentas-corporativa\/","og_locale":"es_ES","og_type":"article","og_title":"Welcome to the Corporate Accountability Campaign - Floridians For Reproductive Freedom","og_description":"You&#8217;re now signed up for our email list. We&#8217;re glad you&#8217;re getting involved in the FRF corporate accountability campaign!","og_url":"https:\/\/floridareprofreedom.org\/es\/bienvenidos-a-la-rendicion-de-cuentas-corporativa\/","og_site_name":"Floridians For Reproductive Freedom","article_publisher":"https:\/\/www.facebook.com\/FloridaReproFreedom\/","og_image":[{"url":"https:\/\/floridareprofreedom.org\/wp-content\/uploads\/2022\/05\/FRF-2022-4001-SQ-V2-300x300.jpg","type":"","width":"","height":""}],"twitter_card":"summary_large_image","twitter_site":"@FLReproFreedom","twitter_misc":{"Est. reading time":"1 minuto"},"schema":{"@context":"https:\/\/schema.org","@graph":[{"@type":"WebPage","@id":"https:\/\/floridareprofreedom.org\/welcome-corporate-accountability\/","url":"https:\/\/floridareprofreedom.org\/welcome-corporate-accountability\/","name":"Bienvenidos a la Campa\u00f1a de Responsabilidad Corporativa - Floridanos por la Libertad Reproductiva","isPartOf":{"@id":"https:\/\/floridareprofreedom.org\/#website"},"primaryImageOfPage":{"@id":"https:\/\/floridareprofreedom.org\/welcome-corporate-accountability\/#primaryimage"},"image":{"@id":"https:\/\/floridareprofreedom.org\/welcome-corporate-accountability\/#primaryimage"},"thumbnailUrl":"https:\/\/floridareprofreedom.org\/wp-content\/uploads\/2022\/05\/FRF-2022-4001-SQ-V2-300x300.jpg","datePublished":"2022-05-10T13:27:59+00:00","breadcrumb":{"@id":"https:\/\/floridareprofreedom.org\/welcome-corporate-accountability\/#breadcrumb"},"inLanguage":"es","potentialAction":[{"@type":"ReadAction","target":["https:\/\/floridareprofreedom.org\/welcome-corporate-accountability\/"]}]},{"@type":"ImageObject","inLanguage":"es","@id":"https:\/\/floridareprofreedom.org\/welcome-corporate-accountability\/#primaryimage","url":"https:\/\/floridareprofreedom.org\/wp-content\/uploads\/2022\/05\/FRF-2022-4001-SQ-V2-300x300.jpg","contentUrl":"https:\/\/floridareprofreedom.org\/wp-content\/uploads\/2022\/05\/FRF-2022-4001-SQ-V2-300x300.jpg"},{"@type":"BreadcrumbList","@id":"https:\/\/floridareprofreedom.org\/welcome-corporate-accountability\/#breadcrumb","itemListElement":[{"@type":"ListItem","position":1,"name":"Home","item":"https:\/\/floridareprofreedom.org\/"},{"@type":"ListItem","position":2,"name":"Welcome to the Corporate Accountability Campaign"}]},{"@type":"WebSite","@id":"https:\/\/floridareprofreedom.org\/#website","url":"https:\/\/floridareprofreedom.org\/","name":"Floridanos por la Libertad Reproductiva","description":"Abogando por un acceso conveniente, asequible y seguro a la atenci\u00f3n de la salud reproductiva, incluido el aborto.","publisher":{"@id":"https:\/\/floridareprofreedom.org\/#organization"},"potentialAction":[{"@type":"SearchAction","target":{"@type":"EntryPoint","urlTemplate":"https:\/\/floridareprofreedom.org\/?s={search_term_string}"},"query-input":{"@type":"PropertyValueSpecification","valueRequired":true,"valueName":"search_term_string"}}],"inLanguage":"es"},{"@type":"Organization","@id":"https:\/\/floridareprofreedom.org\/#organization","name":"Floridanos por la Libertad Reproductiva","url":"https:\/\/floridareprofreedom.org\/","logo":{"@type":"ImageObject","inLanguage":"es","@id":"https:\/\/floridareprofreedom.org\/#\/schema\/logo\/image\/","url":"https:\/\/floridareprofreedom.org\/wp-content\/uploads\/2019\/05\/Untitled.jpg","contentUrl":"https:\/\/floridareprofreedom.org\/wp-content\/uploads\/2019\/05\/Untitled.jpg","width":174,"height":180,"caption":"Floridians for Reproductive Freedom"},"image":{"@id":"https:\/\/floridareprofreedom.org\/#\/schema\/logo\/image\/"},"sameAs":["https:\/\/www.facebook.com\/FloridaReproFreedom\/","https:\/\/x.com\/FLReproFreedom","https:\/\/www.instagram.com\/floridareprofreedom\/"]}]}},"_links":{"self":[{"href":"https:\/\/floridareprofreedom.org\/es\/wp-json\/wp\/v2\/pages\/2330","targetHints":{"allow":["GET"]}}],"collection":[{"href":"https:\/\/floridareprofreedom.org\/es\/wp-json\/wp\/v2\/pages"}],"about":[{"href":"https:\/\/floridareprofreedom.org\/es\/wp-json\/wp\/v2\/types\/page"}],"author":[{"embeddable":true,"href":"https:\/\/floridareprofreedom.org\/es\/wp-json\/wp\/v2\/users\/3"}],"replies":[{"embeddable":true,"href":"https:\/\/floridareprofreedom.org\/es\/wp-json\/wp\/v2\/comments?post=2330"}],"version-history":[{"count":1,"href":"https:\/\/floridareprofreedom.org\/es\/wp-json\/wp\/v2\/pages\/2330\/revisions"}],"predecessor-version":[{"id":2332,"href":"https:\/\/floridareprofreedom.org\/es\/wp-json\/wp\/v2\/pages\/2330\/revisions\/2332"}],"wp:attachment":[{"href":"https:\/\/floridareprofreedom.org\/es\/wp-json\/wp\/v2\/media?parent=2330"}],"wp:term":[{"taxonomy":"folder","embeddable":true,"href":"https:\/\/floridareprofreedom.org\/es\/wp-json\/wp\/v2\/folder?post=2330"}],"curies":[{"name":"wp","href":"https:\/\/api.w.org\/{rel}","templated":true}]}}