{"id":2333,"date":"2022-05-10T15:09:37","date_gmt":"2022-05-10T15:09:37","guid":{"rendered":"https:\/\/floridareprofreedom.org\/?page_id=2333"},"modified":"2023-09-13T16:45:34","modified_gmt":"2023-09-13T16:45:34","slug":"corporaciones","status":"publish","type":"page","link":"https:\/\/floridareprofreedom.org\/es\/corporations\/","title":{"rendered":"Exigir responsabilidades a las corporaciones antiaborto"},"content":{"rendered":"<div class=\"elementor-element elementor-element-3e0d6f8f elementor-widget elementor-widget-theme-post-title elementor-page-title elementor-widget-heading\" data-id=\"3e0d6f8f\" data-element_type=\"widget\" data-widget_type=\"theme-post-title.default\">\n<div class=\"elementor-widget-container\">\n<h2 class=\"elementor-heading-title elementor-size-default\">Enviar una carta a los directores ejecutivos<\/h2>\n<\/div>\n<\/div>\n<div class=\"elementor-element elementor-element-3f963882 elementor-widget elementor-widget-theme-post-content\" data-id=\"3f963882\" data-element_type=\"widget\" data-widget_type=\"theme-post-content.default\">\n<div class=\"elementor-widget-container\">\n<p><img fetchpriority=\"high\" decoding=\"async\" class=\"alignnone size-medium wp-image-2534\" src=\"https:\/\/floridareprofreedom.org\/wp-content\/uploads\/2022\/08\/FRF-2022-4001-SQ-3-A-1-300x300.jpg\" sizes=\"(max-width: 300px) 100vw, 300px\" srcset=\"https:\/\/floridareprofreedom.org\/wp-content\/uploads\/2022\/08\/FRF-2022-4001-SQ-3-A-1-300x300.jpg 300w, https:\/\/floridareprofreedom.org\/wp-content\/uploads\/2022\/08\/FRF-2022-4001-SQ-3-A-1-1024x1024.jpg 1024w, https:\/\/floridareprofreedom.org\/wp-content\/uploads\/2022\/08\/FRF-2022-4001-SQ-3-A-1-150x150.jpg 150w, https:\/\/floridareprofreedom.org\/wp-content\/uploads\/2022\/08\/FRF-2022-4001-SQ-3-A-1-768x768.jpg 768w, https:\/\/floridareprofreedom.org\/wp-content\/uploads\/2022\/08\/FRF-2022-4001-SQ-3-A-1.jpg 1080w\" alt=\"\" width=\"300\" height=\"300\" \/><\/p>\n<h2><strong>Es hora de dejar de financiar a los pol\u00edticos antiaborto.<\/strong><\/h2>\n<p><strong><a href=\"https:\/\/act.progressflorida.org\/letter\/Health_Care_Corp_Accountability_Haitian\/\">criollo haitiano<\/a>\u00a0 |\u00a0\u00a0<a href=\"https:\/\/act.progressflorida.org\/letter\/Health_Care_Corp_Accountability_Spanish\">Espa\u00f1ol<\/a><\/strong><\/p>\n<p><strong>\u00bfSab\u00edas que las compa\u00f1\u00edas de seguros de salud y organizaciones hospitalarias como Florida Blue y Florida Health Association han donado m\u00e1s de 1,7 millones de d\u00f3lares a los pol\u00edticos antiaborto responsables de la prohibici\u00f3n del aborto a las 15 semanas de embarazo en Florida y otras restricciones al aborto?\u00a0<\/strong>Esto va directamente en contra de su misi\u00f3n: atender las necesidades de salud de los floridanos.<\/p>\n<p>Como en cualquier \u00e1mbito de la salud, la decisi\u00f3n de abortar es sumamente personal y deber\u00eda dejarse en manos de las propias mujeres de Florida, no de los pol\u00edticos ni de las corporaciones que los financian. Los l\u00edderes empresariales deben saber que las personas a las que sirven apoyan el acceso al aborto.<\/p>\n<h2><em><strong><a href=\"https:\/\/act.progressflorida.org\/signup\/repro-corporate-accountability\/\"><img decoding=\"async\" src=\"https:\/\/floridareprofreedom.org\/wp-content\/uploads\/2022\/05\/click-here-100.jpg\" alt=\"\" width=\"149\" height=\"74\" \/><\/a><\/strong><\/em><em><strong><a href=\"https:\/\/act.progressflorida.org\/letter\/Health_Care_Corp_Accountability\/?t=5&amp;akid=29428%2E239463%2EigH8BX\">Tome medidas ahora: exija que las corporaciones de atenci\u00f3n m\u00e9dica DEJEN de financiar a los pol\u00edticos antiaborto.\u00a0<\/a><\/strong><\/em><\/h2>\n<p>Entre el mandato arbitrario del estado de esperar 24 horas, la prohibici\u00f3n del aborto a las 15 semanas y la revocaci\u00f3n de\u00a0<em>Roe contra Wade<\/em>La salud mental y f\u00edsica de millones de personas en Florida y en todo el pa\u00eds est\u00e1 en juego.<\/p>\n<p>Lo \u00faltimo que necesitamos es que las corporaciones de las que dependemos para nuestra atenci\u00f3n m\u00e9dica pongan dinero en los bolsillos de pol\u00edticos antiaborto.<\/p>\n<h2><em><strong><a href=\"https:\/\/act.progressflorida.org\/letter\/Health_Care_Corp_Accountability\/?t=5&amp;akid=29428%2E239463%2EigH8BX\"><img decoding=\"async\" src=\"https:\/\/floridareprofreedom.org\/wp-content\/uploads\/2022\/05\/click-here-100.jpg\" alt=\"\" width=\"149\" height=\"74\" \/>S<\/a><a href=\"https:\/\/act.progressflorida.org\/letter\/Health_Care_Corp_Accountability\/?t=6&amp;akid=29428%2E239463%2EigH8BX\">Terminar un mensaje pidiendo a estas corporaciones que dejen inmediatamente de apoyar a candidatos antiabortistas que est\u00e1n trabajando para despojarnos de nuestros derechos humanos b\u00e1sicos.<\/a><\/strong><\/em><\/h2>\n<p>No dejaremos de luchar hasta que las corporaciones de Abortion Injustice Inc. escuchen el mensaje alto y claro: los floridanos apoyamos el acceso al aborto y exigimos la libertad de elegir nuestro futuro, sin interferencia pol\u00edtica.<\/p>\n<\/div>\n<\/div>","protected":false},"excerpt":{"rendered":"<p>Send a letter to the CEOs It\u2019s time to stop funding anti-abortion politicians. Haitian Krey\u00f2l\u00a0 |\u00a0\u00a0Espa\u00f1ol Did you know that health insurance companies and hospital organizations like Florida Blue and Florida Health Association have donated $1.7 MILLION+ to the anti-abortion politicians responsible for Florida\u2019s 15-week abortion ban and other abortion restrictions?\u00a0This goes directly against their [&hellip;]<\/p>\n","protected":false},"author":3,"featured_media":0,"parent":0,"menu_order":0,"comment_status":"closed","ping_status":"closed","template":"","meta":{"footnotes":""},"folder":[],"class_list":["post-2333","page","type-page","status-publish","hentry"],"yoast_head":"<!-- This site is optimized with the Yoast SEO plugin v27.4 - https:\/\/yoast.com\/product\/yoast-seo-wordpress\/ -->\n<title>Hold Anti-Abortion Corporations Accountable - Floridians For Reproductive Freedom<\/title>\n<meta name=\"description\" content=\"Send a message calling on these corporations to immediately stop supporting anti-abortion candidates who are working to strip away our basic human rights.\" \/>\n<meta name=\"robots\" content=\"index, follow, max-snippet:-1, max-image-preview:large, max-video-preview:-1\" \/>\n<link rel=\"canonical\" href=\"https:\/\/floridareprofreedom.org\/es\/corporaciones\/\" \/>\n<meta property=\"og:locale\" content=\"es_ES\" \/>\n<meta property=\"og:type\" content=\"article\" \/>\n<meta property=\"og:title\" content=\"Hold Anti-Abortion Corporations Accountable - Floridians For Reproductive Freedom\" \/>\n<meta property=\"og:description\" content=\"Send a message calling on these corporations to immediately stop supporting anti-abortion candidates who are working to strip away our basic human rights.\" \/>\n<meta property=\"og:url\" content=\"https:\/\/floridareprofreedom.org\/es\/corporaciones\/\" \/>\n<meta property=\"og:site_name\" content=\"Floridians For Reproductive Freedom\" \/>\n<meta property=\"article:publisher\" content=\"https:\/\/www.facebook.com\/FloridaReproFreedom\/\" \/>\n<meta property=\"article:modified_time\" content=\"2023-09-13T16:45:34+00:00\" \/>\n<meta property=\"og:image\" content=\"https:\/\/floridareprofreedom.org\/wp-content\/uploads\/2022\/08\/FRF-2022-4001-SQ-3-A-1-300x300.jpg\" \/>\n<meta name=\"twitter:card\" content=\"summary_large_image\" \/>\n<meta name=\"twitter:site\" content=\"@FLReproFreedom\" \/>\n<meta name=\"twitter:label1\" content=\"Est. reading time\" \/>\n\t<meta name=\"twitter:data1\" content=\"2 minutos\" \/>\n<script type=\"application\/ld+json\" class=\"yoast-schema-graph\">{\"@context\":\"https:\\\/\\\/schema.org\",\"@graph\":[{\"@type\":\"WebPage\",\"@id\":\"https:\\\/\\\/floridareprofreedom.org\\\/corporations\\\/\",\"url\":\"https:\\\/\\\/floridareprofreedom.org\\\/corporations\\\/\",\"name\":\"Hold Anti-Abortion Corporations Accountable - Floridians For Reproductive Freedom\",\"isPartOf\":{\"@id\":\"https:\\\/\\\/floridareprofreedom.org\\\/#website\"},\"primaryImageOfPage\":{\"@id\":\"https:\\\/\\\/floridareprofreedom.org\\\/corporations\\\/#primaryimage\"},\"image\":{\"@id\":\"https:\\\/\\\/floridareprofreedom.org\\\/corporations\\\/#primaryimage\"},\"thumbnailUrl\":\"https:\\\/\\\/floridareprofreedom.org\\\/wp-content\\\/uploads\\\/2022\\\/08\\\/FRF-2022-4001-SQ-3-A-1-300x300.jpg\",\"datePublished\":\"2022-05-10T15:09:37+00:00\",\"dateModified\":\"2023-09-13T16:45:34+00:00\",\"description\":\"Send a message calling on these corporations to immediately stop supporting anti-abortion candidates who are working to strip away our basic human rights.\",\"breadcrumb\":{\"@id\":\"https:\\\/\\\/floridareprofreedom.org\\\/corporations\\\/#breadcrumb\"},\"inLanguage\":\"es\",\"potentialAction\":[{\"@type\":\"ReadAction\",\"target\":[\"https:\\\/\\\/floridareprofreedom.org\\\/corporations\\\/\"]}]},{\"@type\":\"ImageObject\",\"inLanguage\":\"es\",\"@id\":\"https:\\\/\\\/floridareprofreedom.org\\\/corporations\\\/#primaryimage\",\"url\":\"https:\\\/\\\/floridareprofreedom.org\\\/wp-content\\\/uploads\\\/2022\\\/08\\\/FRF-2022-4001-SQ-3-A-1-300x300.jpg\",\"contentUrl\":\"https:\\\/\\\/floridareprofreedom.org\\\/wp-content\\\/uploads\\\/2022\\\/08\\\/FRF-2022-4001-SQ-3-A-1-300x300.jpg\"},{\"@type\":\"BreadcrumbList\",\"@id\":\"https:\\\/\\\/floridareprofreedom.org\\\/corporations\\\/#breadcrumb\",\"itemListElement\":[{\"@type\":\"ListItem\",\"position\":1,\"name\":\"Home\",\"item\":\"https:\\\/\\\/floridareprofreedom.org\\\/\"},{\"@type\":\"ListItem\",\"position\":2,\"name\":\"Hold Anti-Abortion Corporations Accountable\"}]},{\"@type\":\"WebSite\",\"@id\":\"https:\\\/\\\/floridareprofreedom.org\\\/#website\",\"url\":\"https:\\\/\\\/floridareprofreedom.org\\\/\",\"name\":\"Floridians For Reproductive Freedom\",\"description\":\"Advocating for convenient, affordable, and safe access to reproductive health care, including abortion.\",\"publisher\":{\"@id\":\"https:\\\/\\\/floridareprofreedom.org\\\/#organization\"},\"potentialAction\":[{\"@type\":\"SearchAction\",\"target\":{\"@type\":\"EntryPoint\",\"urlTemplate\":\"https:\\\/\\\/floridareprofreedom.org\\\/?s={search_term_string}\"},\"query-input\":{\"@type\":\"PropertyValueSpecification\",\"valueRequired\":true,\"valueName\":\"search_term_string\"}}],\"inLanguage\":\"es\"},{\"@type\":\"Organization\",\"@id\":\"https:\\\/\\\/floridareprofreedom.org\\\/#organization\",\"name\":\"Floridians for Reproductive Freedom\",\"url\":\"https:\\\/\\\/floridareprofreedom.org\\\/\",\"logo\":{\"@type\":\"ImageObject\",\"inLanguage\":\"es\",\"@id\":\"https:\\\/\\\/floridareprofreedom.org\\\/#\\\/schema\\\/logo\\\/image\\\/\",\"url\":\"https:\\\/\\\/floridareprofreedom.org\\\/wp-content\\\/uploads\\\/2019\\\/05\\\/Untitled.jpg\",\"contentUrl\":\"https:\\\/\\\/floridareprofreedom.org\\\/wp-content\\\/uploads\\\/2019\\\/05\\\/Untitled.jpg\",\"width\":174,\"height\":180,\"caption\":\"Floridians for Reproductive Freedom\"},\"image\":{\"@id\":\"https:\\\/\\\/floridareprofreedom.org\\\/#\\\/schema\\\/logo\\\/image\\\/\"},\"sameAs\":[\"https:\\\/\\\/www.facebook.com\\\/FloridaReproFreedom\\\/\",\"https:\\\/\\\/x.com\\\/FLReproFreedom\",\"https:\\\/\\\/www.instagram.com\\\/floridareprofreedom\\\/\"]}]}<\/script>\n<!-- \/ Yoast SEO plugin. -->","yoast_head_json":{"title":"Exigir responsabilidades a las corporaciones antiaborto - Floridanos por la Libertad Reproductiva","description":"Env\u00eda un mensaje exigiendo a estas corporaciones que dejen de apoyar inmediatamente a los candidatos antiaborto que trabajan para arrebatarnos nuestros derechos humanos b\u00e1sicos.","robots":{"index":"index","follow":"follow","max-snippet":"max-snippet:-1","max-image-preview":"max-image-preview:large","max-video-preview":"max-video-preview:-1"},"canonical":"https:\/\/floridareprofreedom.org\/es\/corporaciones\/","og_locale":"es_ES","og_type":"article","og_title":"Hold Anti-Abortion Corporations Accountable - Floridians For Reproductive Freedom","og_description":"Send a message calling on these corporations to immediately stop supporting anti-abortion candidates who are working to strip away our basic human rights.","og_url":"https:\/\/floridareprofreedom.org\/es\/corporaciones\/","og_site_name":"Floridians For Reproductive Freedom","article_publisher":"https:\/\/www.facebook.com\/FloridaReproFreedom\/","article_modified_time":"2023-09-13T16:45:34+00:00","og_image":[{"url":"https:\/\/floridareprofreedom.org\/wp-content\/uploads\/2022\/08\/FRF-2022-4001-SQ-3-A-1-300x300.jpg","type":"","width":"","height":""}],"twitter_card":"summary_large_image","twitter_site":"@FLReproFreedom","twitter_misc":{"Est. reading time":"2 minutos"},"schema":{"@context":"https:\/\/schema.org","@graph":[{"@type":"WebPage","@id":"https:\/\/floridareprofreedom.org\/corporations\/","url":"https:\/\/floridareprofreedom.org\/corporations\/","name":"Exigir responsabilidades a las corporaciones antiaborto - Floridanos por la Libertad Reproductiva","isPartOf":{"@id":"https:\/\/floridareprofreedom.org\/#website"},"primaryImageOfPage":{"@id":"https:\/\/floridareprofreedom.org\/corporations\/#primaryimage"},"image":{"@id":"https:\/\/floridareprofreedom.org\/corporations\/#primaryimage"},"thumbnailUrl":"https:\/\/floridareprofreedom.org\/wp-content\/uploads\/2022\/08\/FRF-2022-4001-SQ-3-A-1-300x300.jpg","datePublished":"2022-05-10T15:09:37+00:00","dateModified":"2023-09-13T16:45:34+00:00","description":"Env\u00eda un mensaje exigiendo a estas corporaciones que dejen de apoyar inmediatamente a los candidatos antiaborto que trabajan para arrebatarnos nuestros derechos humanos b\u00e1sicos.","breadcrumb":{"@id":"https:\/\/floridareprofreedom.org\/corporations\/#breadcrumb"},"inLanguage":"es","potentialAction":[{"@type":"ReadAction","target":["https:\/\/floridareprofreedom.org\/corporations\/"]}]},{"@type":"ImageObject","inLanguage":"es","@id":"https:\/\/floridareprofreedom.org\/corporations\/#primaryimage","url":"https:\/\/floridareprofreedom.org\/wp-content\/uploads\/2022\/08\/FRF-2022-4001-SQ-3-A-1-300x300.jpg","contentUrl":"https:\/\/floridareprofreedom.org\/wp-content\/uploads\/2022\/08\/FRF-2022-4001-SQ-3-A-1-300x300.jpg"},{"@type":"BreadcrumbList","@id":"https:\/\/floridareprofreedom.org\/corporations\/#breadcrumb","itemListElement":[{"@type":"ListItem","position":1,"name":"Home","item":"https:\/\/floridareprofreedom.org\/"},{"@type":"ListItem","position":2,"name":"Hold Anti-Abortion Corporations Accountable"}]},{"@type":"WebSite","@id":"https:\/\/floridareprofreedom.org\/#website","url":"https:\/\/floridareprofreedom.org\/","name":"Floridanos por la Libertad Reproductiva","description":"Abogando por un acceso conveniente, asequible y seguro a la atenci\u00f3n de la salud reproductiva, incluido el aborto.","publisher":{"@id":"https:\/\/floridareprofreedom.org\/#organization"},"potentialAction":[{"@type":"SearchAction","target":{"@type":"EntryPoint","urlTemplate":"https:\/\/floridareprofreedom.org\/?s={search_term_string}"},"query-input":{"@type":"PropertyValueSpecification","valueRequired":true,"valueName":"search_term_string"}}],"inLanguage":"es"},{"@type":"Organization","@id":"https:\/\/floridareprofreedom.org\/#organization","name":"Floridanos por la Libertad Reproductiva","url":"https:\/\/floridareprofreedom.org\/","logo":{"@type":"ImageObject","inLanguage":"es","@id":"https:\/\/floridareprofreedom.org\/#\/schema\/logo\/image\/","url":"https:\/\/floridareprofreedom.org\/wp-content\/uploads\/2019\/05\/Untitled.jpg","contentUrl":"https:\/\/floridareprofreedom.org\/wp-content\/uploads\/2019\/05\/Untitled.jpg","width":174,"height":180,"caption":"Floridians for Reproductive Freedom"},"image":{"@id":"https:\/\/floridareprofreedom.org\/#\/schema\/logo\/image\/"},"sameAs":["https:\/\/www.facebook.com\/FloridaReproFreedom\/","https:\/\/x.com\/FLReproFreedom","https:\/\/www.instagram.com\/floridareprofreedom\/"]}]}},"_links":{"self":[{"href":"https:\/\/floridareprofreedom.org\/es\/wp-json\/wp\/v2\/pages\/2333","targetHints":{"allow":["GET"]}}],"collection":[{"href":"https:\/\/floridareprofreedom.org\/es\/wp-json\/wp\/v2\/pages"}],"about":[{"href":"https:\/\/floridareprofreedom.org\/es\/wp-json\/wp\/v2\/types\/page"}],"author":[{"embeddable":true,"href":"https:\/\/floridareprofreedom.org\/es\/wp-json\/wp\/v2\/users\/3"}],"replies":[{"embeddable":true,"href":"https:\/\/floridareprofreedom.org\/es\/wp-json\/wp\/v2\/comments?post=2333"}],"version-history":[{"count":40,"href":"https:\/\/floridareprofreedom.org\/es\/wp-json\/wp\/v2\/pages\/2333\/revisions"}],"predecessor-version":[{"id":2941,"href":"https:\/\/floridareprofreedom.org\/es\/wp-json\/wp\/v2\/pages\/2333\/revisions\/2941"}],"wp:attachment":[{"href":"https:\/\/floridareprofreedom.org\/es\/wp-json\/wp\/v2\/media?parent=2333"}],"wp:term":[{"taxonomy":"folder","embeddable":true,"href":"https:\/\/floridareprofreedom.org\/es\/wp-json\/wp\/v2\/folder?post=2333"}],"curies":[{"name":"wp","href":"https:\/\/api.w.org\/{rel}","templated":true}]}}