{"id":2484,"date":"2022-06-08T19:38:25","date_gmt":"2022-06-08T19:38:25","guid":{"rendered":"https:\/\/floridareprofreedom.org\/?page_id=2484"},"modified":"2022-06-08T19:43:42","modified_gmt":"2022-06-08T19:43:42","slug":"corporativo-sp","status":"publish","type":"page","link":"https:\/\/floridareprofreedom.org\/es\/corporate-sp\/","title":{"rendered":"Pidamos cuentas a las corporaciones antiaborto para beneficiar de nuestros cuerpos."},"content":{"rendered":"<p><img fetchpriority=\"high\" decoding=\"async\" src=\"https:\/\/floridareprofreedom.org\/wp-content\/uploads\/2022\/05\/corporate-accountability-600-long.png\" alt=\"\" width=\"600\" height=\"193\" \/><\/p>\n<h2><span style=\"font-weight: 400;\">Las corporaciones est\u00e1n financiando prohibiciones extremistas al aborto <\/span><\/h2>\n<p><span style=\"font-weight: 400;\">Independientemente de qu\u00e9 decidan los extremistas en la corte, los servicios de aborto deben ser accesibles y estar disponibles para todos los que los necesitan, sin importar qui\u00e9nes sean y de d\u00f3nde vengan.\u00a0<\/span><\/p>\n<p><span style=\"font-weight: 400;\">Los floridanos deber\u00edan poder abortar cuando lo necesiten, donde sea que lo necesiten, sin verg\u00fcenza ni estigma. Pero sabemos que ese no es el caso.\u00a0<\/span><\/p>\n<p><b>Para empeorar una mala situaci\u00f3n, las compa\u00f1\u00edas que conocemos, desde la industria del entretenimiento hasta el cuidado de la salud y los servicios de alimentos, ya las que todos los d\u00edas damos el dinero que nos hemos ganado con nuestro arduo trabajo, son las mismas que financian a los pol\u00edticos antiaborto en Florida que nos est\u00e1n quitando nuestras libertades reproductivas y derechos colectivos.\u00a0<\/b><\/p>\n<p><span style=\"font-weight: 400;\">Desde Walt Disney World hasta Florida Power and Light, las corporaciones afirman que apoyan nuestra salud, bienestar y comunidades diversas, todo mientras canalizan millones de d\u00f3lares a funcionarios electos extremistas que aprueban leyes que restringen nuestra capacidad de determinar si, cu\u00e1ndo y c\u00f3mo construir nuestras familias en nuestros propios t\u00e9rminos. Es hora de que pongan su dinero donde est\u00e1n sus clich\u00e9s.<\/span><\/p>\n<p><b>Los pol\u00edticos y las corporaciones que los financieros no tienen cabida en nuestras decisiones m\u00e9dicas privadas. Se est\u00e1n beneficiando econ\u00f3micamente de nuestros cuerpos, y esto tiene que parar. <\/b><\/p>\n<h2 style=\"text-align: center;\"><em><strong><a href=\"https:\/\/act.progressflorida.org\/signup\/repro-corporate-accountability_sp\/\"><img decoding=\"async\" src=\"https:\/\/floridareprofreedom.org\/wp-content\/uploads\/2022\/05\/click-here-100.jpg\" alt=\"\" width=\"149\" height=\"74\" \/>Inscr\u00edbase ahora para exigirle cuentas a estas corporaciones.<\/a><\/strong><\/em><\/h2>\n<h2><span style=\"font-weight: 400;\">Conozca a Abortion Injustice Inc.<\/span><\/h2>\n<p><span style=\"font-weight: 400;\">Vea cu\u00e1nto dinero est\u00e1n dando los actores que financian a los pol\u00edticos antiaborto para prohibir el aborto y el cuidado reproductivo en Florida. Estos son los montos totales de los fondos otorgados entre los a\u00f1os 2020-2022 a los patrocinadores y copatrocinadores del proyecto de ley 5 de la C\u00e1mara de Representantes, la prohibici\u00f3n del aborto de 15 semanas de Florida.<\/span><\/p>\n<p><b>La Compa\u00f1\u00eda Walt Disney \u2013 $927,359.81<\/b><\/p>\n<p><span style=\"font-weight: 400;\">Disney, el empleador m\u00e1s grande en el \u00e1rea del centro de la Florida, afirma que apoya a las familias. Pero en los \u00faltimos dos a\u00f1os dieron a los pol\u00edticos antiaborto casi $1 mill\u00f3n. Est\u00e1n haciendo que sea m\u00e1s dif\u00edcil para las familias cuidar a los hijos que tienen, y m\u00e1s dif\u00edcil para las personas construir el futuro que desean.<\/span><\/p>\n<p><b>NBCUniversal \u2013 $204,000.00<\/b><\/p>\n<p><span style=\"font-weight: 400;\">Como una de las principales compa\u00f1\u00edas de medios de comunicaci\u00f3n y entretenimiento del mundo, que producen de todo, desde las noticias que leemos hasta los programas que vemos, los parques tem\u00e1ticos donde pasamos tiempo con nuestras familias, NBCUniversal participa en la configuraci\u00f3n de nuestra cultura. Ofrecen actividades contenido y \u201camigos para la familia\u201d, pero cuando se trata de apoyar a personas y familias reales, su dinero hace lo contrario.<\/span><\/p>\n<p><b>Publix \u2013 $422,500.00<\/b><\/p>\n<p><span style=\"font-weight: 400;\">Como el empleador m\u00e1s grande de Florida, los supermercados Publix afirman que apoyan la salud de sus 200,000 empleados y millones de familias de Florida. Pero socavan verificablemente las necesidades y libertades de sus clientes y empleados al financiar a los pol\u00edticos que trabajan para prohibir nuestro acceso al cuidado de la salud.<\/span><\/p>\n<p><b>Azul Florida \u2013 $1,036,500.00<\/b><\/p>\n<p><span style=\"font-weight: 400;\">Como una de las compa\u00f1\u00edas de seguros de salud m\u00e1s utilizadas en FL, Florida Blue afirma que apoya la equidad en la salud y combate el racismo sist\u00e9mico. \u00bfC\u00f3mo es bueno para nuestra salud o para luchar contra la opresi\u00f3n sist\u00e9mica donar m\u00e1s de $1 mill\u00f3n a los pol\u00edticos antiaborto? Sabemos que las prohibiciones al aborto afectan desproporcionadamente a las personas de color ya aquellas que experimentan barreras sist\u00e9micas al cuidado. Las acciones de Florida Blue van en contra de sus promesas.<\/span><\/p>\n<p><b>Florida Power and Light (FPL) \u2013 $685,912.52<\/b><\/p>\n<p><span style=\"font-weight: 400;\">Como la compa\u00f1\u00eda de servicios el\u00e9ctricos m\u00e1s grande de los Estados Unidos, que brinda servicios a m\u00e1s de 12 millones de personas, FPL\/NextEra nos proporciona nuestro derecho b\u00e1sico a la energ\u00eda y la calefacci\u00f3n en nuestros hogares, al tiempo que restringe preventivamente nuestro derecho a elegir si y c\u00f3mo creamos nuestras familias.<\/span><\/p>\n<p><b>Asociaci\u00f3n de Hospitales de Florida (FHA) \u2013 $541,800.00<\/b><\/p>\n<p><span style=\"font-weight: 400;\">La FHA abarca m\u00e1s de 200 hospitales en toda la Florida y afirma ser una voz l\u00edder en el cuidado de la salud. Los hospitales est\u00e1n destinados a apoyar todas las formas de atenci\u00f3n m\u00e9dica y embarazos seguros, no a restringir nuestro derecho al acceso al aborto financiando a los pol\u00edticos que proh\u00edben el cuidado de salud esencial.<\/span><\/p>\n<p><b>Grupo GEO \u2013 $457,800.00<\/b><\/p>\n<p><span style=\"font-weight: 400;\">Como la segunda compa\u00f1\u00eda de prisiones privadas m\u00e1s grande del mundo y el mayor negocio de \u201ccorreccionales en las comunidades\u201d y restricciones a la libertad por medios electr\u00f3nicos, GEO Group da dinero a los legisladores antiaborto para criminalizar nuestro cuidado de salud, para que se beneficien econ\u00f3micamente de criminalizar nuestros cuerpos y al mismo tiempo, mantener el encarcelamiento masivo. GEO Group es uno de los peores ejemplos de compa\u00f1\u00edas que se benefician econ\u00f3micamente de nuestros cuerpos.<\/span><\/p>\n<p><b>Corporaci\u00f3n Azucarera de Estados Unidos \u2013 $911,500.00<\/b><\/p>\n<p><span style=\"font-weight: 400;\">US Sugar Corporation, cuya sede abarca 230.000 acres de terrenos en Florida, es el mayor productor de ca\u00f1a de az\u00facar por volumen en los Estados Unidos. Afirman que apoyan causas c\u00edvicas, sociales y educativas, pero \u00bfc\u00f3mo es eso posible mientras apoyan a los pol\u00edticos antiaborto que hacen m\u00e1s dif\u00edcil que nos cuidemos a nosotros mismos ya nuestras familias?<\/span><\/p>\n<p><span style=\"font-weight: 400;\">No tiene por qu\u00e9 ser as\u00ed. Los floridanos merecen algo mejor. De estas corporaciones. De nuestros proveedores de cuidados de salud. De nuestros funcionarios electos. De nuestras comunidades.<\/span><\/p>\n<h2 style=\"text-align: center;\"><em><strong><a href=\"https:\/\/act.progressflorida.org\/signup\/repro-corporate-accountability\/\"><img decoding=\"async\" src=\"https:\/\/floridareprofreedom.org\/wp-content\/uploads\/2022\/05\/click-here-100.jpg\" alt=\"\" width=\"149\" height=\"74\" \/><\/a><\/strong><\/em><em><strong><a href=\"https:\/\/act.progressflorida.org\/signup\/repro-corporate-accountability_sp\/\">Inscr\u00edbase para unirse a Floridanos por la Libertad Reproductiva y exigirle cuentas a estas corporaciones.<\/a><\/strong><\/em><\/h2>","protected":false},"excerpt":{"rendered":"<p>Las corporaciones est\u00e1n financiando prohibiciones extremistas al aborto Independientemente de qu\u00e9 decidan los extremistas en la corte, los servicios de aborto deben ser accesibles y estar disponibles para todos los que los necesitan, sin importar qui\u00e9nes sean y de d\u00f3nde vengan.\u00a0 Los floridanos deber\u00edan poder abortar cuando lo necesiten, donde sea que lo necesiten, sin [&hellip;]<\/p>\n","protected":false},"author":3,"featured_media":0,"parent":0,"menu_order":0,"comment_status":"closed","ping_status":"closed","template":"","meta":{"footnotes":""},"folder":[],"class_list":["post-2484","page","type-page","status-publish","hentry"],"yoast_head":"<!-- This site is optimized with the Yoast SEO plugin v27.4 - https:\/\/yoast.com\/product\/yoast-seo-wordpress\/ -->\n<title>Pidamos cuentas a las corporaciones antiaborto por beneficiarse de nuestros cuerpos - Floridians For Reproductive Freedom<\/title>\n<meta name=\"robots\" content=\"index, follow, max-snippet:-1, max-image-preview:large, max-video-preview:-1\" \/>\n<link rel=\"canonical\" href=\"https:\/\/floridareprofreedom.org\/es\/corporativo-sp\/\" \/>\n<meta property=\"og:locale\" content=\"es_ES\" \/>\n<meta property=\"og:type\" content=\"article\" \/>\n<meta property=\"og:title\" content=\"Pidamos cuentas a las corporaciones antiaborto por beneficiarse de nuestros cuerpos - Floridians For Reproductive Freedom\" \/>\n<meta property=\"og:description\" content=\"Las corporaciones est\u00e1n financiando prohibiciones extremistas al aborto Independientemente de qu\u00e9 decidan los extremistas en la corte, los servicios de aborto deben ser accesibles y estar disponibles para todos los que los necesitan, sin importar qui\u00e9nes sean y de d\u00f3nde vengan.\u00a0 Los floridanos deber\u00edan poder abortar cuando lo necesiten, donde sea que lo necesiten, sin [&hellip;]\" \/>\n<meta property=\"og:url\" content=\"https:\/\/floridareprofreedom.org\/es\/corporativo-sp\/\" \/>\n<meta property=\"og:site_name\" content=\"Floridians For Reproductive Freedom\" \/>\n<meta property=\"article:publisher\" content=\"https:\/\/www.facebook.com\/FloridaReproFreedom\/\" \/>\n<meta property=\"article:modified_time\" content=\"2022-06-08T19:43:42+00:00\" \/>\n<meta property=\"og:image\" content=\"https:\/\/floridareprofreedom.org\/wp-content\/uploads\/2022\/05\/corporate-accountability-600-long.png\" \/>\n<meta name=\"twitter:card\" content=\"summary_large_image\" \/>\n<meta name=\"twitter:site\" content=\"@FLReproFreedom\" \/>\n<meta name=\"twitter:label1\" content=\"Est. reading time\" \/>\n\t<meta name=\"twitter:data1\" content=\"4 minutos\" \/>\n<script type=\"application\/ld+json\" class=\"yoast-schema-graph\">{\"@context\":\"https:\\\/\\\/schema.org\",\"@graph\":[{\"@type\":\"WebPage\",\"@id\":\"https:\\\/\\\/floridareprofreedom.org\\\/corporate-sp\\\/\",\"url\":\"https:\\\/\\\/floridareprofreedom.org\\\/corporate-sp\\\/\",\"name\":\"Pidamos cuentas a las corporaciones antiaborto por beneficiarse de nuestros cuerpos - Floridians For Reproductive Freedom\",\"isPartOf\":{\"@id\":\"https:\\\/\\\/floridareprofreedom.org\\\/#website\"},\"primaryImageOfPage\":{\"@id\":\"https:\\\/\\\/floridareprofreedom.org\\\/corporate-sp\\\/#primaryimage\"},\"image\":{\"@id\":\"https:\\\/\\\/floridareprofreedom.org\\\/corporate-sp\\\/#primaryimage\"},\"thumbnailUrl\":\"https:\\\/\\\/floridareprofreedom.org\\\/wp-content\\\/uploads\\\/2022\\\/05\\\/corporate-accountability-600-long.png\",\"datePublished\":\"2022-06-08T19:38:25+00:00\",\"dateModified\":\"2022-06-08T19:43:42+00:00\",\"breadcrumb\":{\"@id\":\"https:\\\/\\\/floridareprofreedom.org\\\/corporate-sp\\\/#breadcrumb\"},\"inLanguage\":\"es\",\"potentialAction\":[{\"@type\":\"ReadAction\",\"target\":[\"https:\\\/\\\/floridareprofreedom.org\\\/corporate-sp\\\/\"]}]},{\"@type\":\"ImageObject\",\"inLanguage\":\"es\",\"@id\":\"https:\\\/\\\/floridareprofreedom.org\\\/corporate-sp\\\/#primaryimage\",\"url\":\"https:\\\/\\\/floridareprofreedom.org\\\/wp-content\\\/uploads\\\/2022\\\/05\\\/corporate-accountability-600-long.png\",\"contentUrl\":\"https:\\\/\\\/floridareprofreedom.org\\\/wp-content\\\/uploads\\\/2022\\\/05\\\/corporate-accountability-600-long.png\"},{\"@type\":\"BreadcrumbList\",\"@id\":\"https:\\\/\\\/floridareprofreedom.org\\\/corporate-sp\\\/#breadcrumb\",\"itemListElement\":[{\"@type\":\"ListItem\",\"position\":1,\"name\":\"Home\",\"item\":\"https:\\\/\\\/floridareprofreedom.org\\\/\"},{\"@type\":\"ListItem\",\"position\":2,\"name\":\"Pidamos cuentas a las corporaciones antiaborto por beneficiarse de nuestros cuerpos\"}]},{\"@type\":\"WebSite\",\"@id\":\"https:\\\/\\\/floridareprofreedom.org\\\/#website\",\"url\":\"https:\\\/\\\/floridareprofreedom.org\\\/\",\"name\":\"Floridians For Reproductive Freedom\",\"description\":\"Advocating for convenient, affordable, and safe access to reproductive health care, including abortion.\",\"publisher\":{\"@id\":\"https:\\\/\\\/floridareprofreedom.org\\\/#organization\"},\"potentialAction\":[{\"@type\":\"SearchAction\",\"target\":{\"@type\":\"EntryPoint\",\"urlTemplate\":\"https:\\\/\\\/floridareprofreedom.org\\\/?s={search_term_string}\"},\"query-input\":{\"@type\":\"PropertyValueSpecification\",\"valueRequired\":true,\"valueName\":\"search_term_string\"}}],\"inLanguage\":\"es\"},{\"@type\":\"Organization\",\"@id\":\"https:\\\/\\\/floridareprofreedom.org\\\/#organization\",\"name\":\"Floridians for Reproductive Freedom\",\"url\":\"https:\\\/\\\/floridareprofreedom.org\\\/\",\"logo\":{\"@type\":\"ImageObject\",\"inLanguage\":\"es\",\"@id\":\"https:\\\/\\\/floridareprofreedom.org\\\/#\\\/schema\\\/logo\\\/image\\\/\",\"url\":\"https:\\\/\\\/floridareprofreedom.org\\\/wp-content\\\/uploads\\\/2019\\\/05\\\/Untitled.jpg\",\"contentUrl\":\"https:\\\/\\\/floridareprofreedom.org\\\/wp-content\\\/uploads\\\/2019\\\/05\\\/Untitled.jpg\",\"width\":174,\"height\":180,\"caption\":\"Floridians for Reproductive Freedom\"},\"image\":{\"@id\":\"https:\\\/\\\/floridareprofreedom.org\\\/#\\\/schema\\\/logo\\\/image\\\/\"},\"sameAs\":[\"https:\\\/\\\/www.facebook.com\\\/FloridaReproFreedom\\\/\",\"https:\\\/\\\/x.com\\\/FLReproFreedom\",\"https:\\\/\\\/www.instagram.com\\\/floridareprofreedom\\\/\"]}]}<\/script>\n<!-- \/ Yoast SEO plugin. -->","yoast_head_json":{"title":"Pidamos cuentas a las corporaciones antiaborto para beneficiar de nuestros cuerpos - Floridians For Reproductive Freedom","robots":{"index":"index","follow":"follow","max-snippet":"max-snippet:-1","max-image-preview":"max-image-preview:large","max-video-preview":"max-video-preview:-1"},"canonical":"https:\/\/floridareprofreedom.org\/es\/corporativo-sp\/","og_locale":"es_ES","og_type":"article","og_title":"Pidamos cuentas a las corporaciones antiaborto por beneficiarse de nuestros cuerpos - Floridians For Reproductive Freedom","og_description":"Las corporaciones est\u00e1n financiando prohibiciones extremistas al aborto Independientemente de qu\u00e9 decidan los extremistas en la corte, los servicios de aborto deben ser accesibles y estar disponibles para todos los que los necesitan, sin importar qui\u00e9nes sean y de d\u00f3nde vengan.\u00a0 Los floridanos deber\u00edan poder abortar cuando lo necesiten, donde sea que lo necesiten, sin [&hellip;]","og_url":"https:\/\/floridareprofreedom.org\/es\/corporativo-sp\/","og_site_name":"Floridians For Reproductive Freedom","article_publisher":"https:\/\/www.facebook.com\/FloridaReproFreedom\/","article_modified_time":"2022-06-08T19:43:42+00:00","og_image":[{"url":"https:\/\/floridareprofreedom.org\/wp-content\/uploads\/2022\/05\/corporate-accountability-600-long.png","type":"","width":"","height":""}],"twitter_card":"summary_large_image","twitter_site":"@FLReproFreedom","twitter_misc":{"Est. reading time":"4 minutos"},"schema":{"@context":"https:\/\/schema.org","@graph":[{"@type":"WebPage","@id":"https:\/\/floridareprofreedom.org\/corporate-sp\/","url":"https:\/\/floridareprofreedom.org\/corporate-sp\/","name":"Pidamos cuentas a las corporaciones antiaborto para beneficiar de nuestros cuerpos - Floridians For Reproductive Freedom","isPartOf":{"@id":"https:\/\/floridareprofreedom.org\/#website"},"primaryImageOfPage":{"@id":"https:\/\/floridareprofreedom.org\/corporate-sp\/#primaryimage"},"image":{"@id":"https:\/\/floridareprofreedom.org\/corporate-sp\/#primaryimage"},"thumbnailUrl":"https:\/\/floridareprofreedom.org\/wp-content\/uploads\/2022\/05\/corporate-accountability-600-long.png","datePublished":"2022-06-08T19:38:25+00:00","dateModified":"2022-06-08T19:43:42+00:00","breadcrumb":{"@id":"https:\/\/floridareprofreedom.org\/corporate-sp\/#breadcrumb"},"inLanguage":"es","potentialAction":[{"@type":"ReadAction","target":["https:\/\/floridareprofreedom.org\/corporate-sp\/"]}]},{"@type":"ImageObject","inLanguage":"es","@id":"https:\/\/floridareprofreedom.org\/corporate-sp\/#primaryimage","url":"https:\/\/floridareprofreedom.org\/wp-content\/uploads\/2022\/05\/corporate-accountability-600-long.png","contentUrl":"https:\/\/floridareprofreedom.org\/wp-content\/uploads\/2022\/05\/corporate-accountability-600-long.png"},{"@type":"BreadcrumbList","@id":"https:\/\/floridareprofreedom.org\/corporate-sp\/#breadcrumb","itemListElement":[{"@type":"ListItem","position":1,"name":"Home","item":"https:\/\/floridareprofreedom.org\/"},{"@type":"ListItem","position":2,"name":"Pidamos cuentas a las corporaciones antiaborto por beneficiarse de nuestros cuerpos"}]},{"@type":"WebSite","@id":"https:\/\/floridareprofreedom.org\/#website","url":"https:\/\/floridareprofreedom.org\/","name":"Floridanos por la Libertad Reproductiva","description":"Abogando por un acceso conveniente, asequible y seguro a la atenci\u00f3n de la salud reproductiva, incluido el aborto.","publisher":{"@id":"https:\/\/floridareprofreedom.org\/#organization"},"potentialAction":[{"@type":"SearchAction","target":{"@type":"EntryPoint","urlTemplate":"https:\/\/floridareprofreedom.org\/?s={search_term_string}"},"query-input":{"@type":"PropertyValueSpecification","valueRequired":true,"valueName":"search_term_string"}}],"inLanguage":"es"},{"@type":"Organization","@id":"https:\/\/floridareprofreedom.org\/#organization","name":"Floridanos por la Libertad Reproductiva","url":"https:\/\/floridareprofreedom.org\/","logo":{"@type":"ImageObject","inLanguage":"es","@id":"https:\/\/floridareprofreedom.org\/#\/schema\/logo\/image\/","url":"https:\/\/floridareprofreedom.org\/wp-content\/uploads\/2019\/05\/Untitled.jpg","contentUrl":"https:\/\/floridareprofreedom.org\/wp-content\/uploads\/2019\/05\/Untitled.jpg","width":174,"height":180,"caption":"Floridians for Reproductive Freedom"},"image":{"@id":"https:\/\/floridareprofreedom.org\/#\/schema\/logo\/image\/"},"sameAs":["https:\/\/www.facebook.com\/FloridaReproFreedom\/","https:\/\/x.com\/FLReproFreedom","https:\/\/www.instagram.com\/floridareprofreedom\/"]}]}},"_links":{"self":[{"href":"https:\/\/floridareprofreedom.org\/es\/wp-json\/wp\/v2\/pages\/2484","targetHints":{"allow":["GET"]}}],"collection":[{"href":"https:\/\/floridareprofreedom.org\/es\/wp-json\/wp\/v2\/pages"}],"about":[{"href":"https:\/\/floridareprofreedom.org\/es\/wp-json\/wp\/v2\/types\/page"}],"author":[{"embeddable":true,"href":"https:\/\/floridareprofreedom.org\/es\/wp-json\/wp\/v2\/users\/3"}],"replies":[{"embeddable":true,"href":"https:\/\/floridareprofreedom.org\/es\/wp-json\/wp\/v2\/comments?post=2484"}],"version-history":[{"count":3,"href":"https:\/\/floridareprofreedom.org\/es\/wp-json\/wp\/v2\/pages\/2484\/revisions"}],"predecessor-version":[{"id":2487,"href":"https:\/\/floridareprofreedom.org\/es\/wp-json\/wp\/v2\/pages\/2484\/revisions\/2487"}],"wp:attachment":[{"href":"https:\/\/floridareprofreedom.org\/es\/wp-json\/wp\/v2\/media?parent=2484"}],"wp:term":[{"taxonomy":"folder","embeddable":true,"href":"https:\/\/floridareprofreedom.org\/es\/wp-json\/wp\/v2\/folder?post=2484"}],"curies":[{"name":"wp","href":"https:\/\/api.w.org\/{rel}","templated":true}]}}