{"id":3174,"date":"2024-01-02T22:28:39","date_gmt":"2024-01-02T22:28:39","guid":{"rendered":"https:\/\/floridareprofreedom.org\/?page_id=3174"},"modified":"2024-01-02T22:57:54","modified_gmt":"2024-01-02T22:57:54","slug":"kisa-jij-la-pral-konsidere","status":"publish","type":"page","link":"https:\/\/floridareprofreedom.org\/es\/judicialbypass\/egzansyon-jidisye-an-florid\/kisa-jij-la-pral-konsidere\/","title":{"rendered":"Kisa jij la pral konsidere?"},"content":{"rendered":"<p><span style=\"font-weight: 400;\">Gen twa rezon diferan ke yon jij pral deside bay yon baypas jidisy\u00e8. <strong>Ou dwe ka moutre omwen youn nan twa rezon sila yo.<\/strong> Si plis pase youn nan twa rezon sila yo aplike pou ou, out ta dwe eksplike chak rezon ki aplikab yo. Twa rezon yo se:<\/span><\/p>\n<p><b>Ke ou gen ase matirite<\/b><\/p>\n<ul>\n<li style=\"font-weight: 400;\" aria-level=\"1\"><span style=\"font-weight: 400;\">Pou pwouve ke ou gen ase matirite pou ou pran desizyon sispann gwos\u00e8s ou, ou ap bezwen montre sa ak \u201d pr\u00e8v ki kl\u00e8 epi konvenkan \u201d. Sa vle di ke li dwe gen anpil chans pase paske ou gen matirite ase pou pran desizyon sa a poukont ou.<\/span><\/li>\n<li style=\"font-weight: 400;\" aria-level=\"1\"><span style=\"font-weight: 400;\">Pou det\u00e8mine si ou gen ase matirite pou pran desizyon sa a poukont ou, lalwa Florid mande pou jij la konsidere sa yo:<\/span><\/li>\n<\/ul>\n<ul>\n<li style=\"list-style-type: none;\">\n<ul>\n<li style=\"font-weight: 400;\" aria-level=\"1\"><span style=\"font-weight: 400;\">laj<\/span><\/li>\n<li style=\"font-weight: 400;\" aria-level=\"1\"><span style=\"font-weight: 400;\">ent\u00e8lijans jeneral<\/span><\/li>\n<li style=\"font-weight: 400;\" aria-level=\"1\"><span style=\"font-weight: 400;\">devlopman emosyon\u00e8l y estabilite<\/span><\/li>\n<li style=\"font-weight: 400;\" aria-level=\"1\"><span style=\"font-weight: 400;\">kredibilite ak fason ou aji<\/span><\/li>\n<li style=\"font-weight: 400;\" aria-level=\"1\"><span style=\"font-weight: 400;\">kapasite pou aksepte responsabilidad<\/span><\/li>\n<li style=\"font-weight: 400;\" aria-level=\"1\"><span style=\"font-weight: 400;\">abilite pou konsidere tou de konsekans imedyat ak alont\u00e8m nan f\u00e8 yon av\u00f2tman<\/span><\/li>\n<li style=\"font-weight: 400;\" aria-level=\"1\"><span style=\"font-weight: 400;\">kapasite pou konprann epi eksplike Risk medikal ki genyen nan sispann gwos\u00e8s ou, ak kapasite pou aplike konpreyansyon sa a nan desizyon ou.<\/span><\/li>\n<\/ul>\n<\/li>\n<\/ul>\n<ul>\n<li style=\"font-weight: 400;\" aria-level=\"1\"><span style=\"font-weight: 400;\">Lalwa egzije pou jij la deside ke pa gen okenn \u201cabi enfliyans\u201d pa yon l\u00f2t moun sou desizyon ou pou f\u00e8 yon av\u00f2tman an. Enfliyans san rezon se yon l\u00f2t moun ki f\u00f2se ou pran desizyon sa a si se pa desizyon ou vle pran an.<\/span><\/li>\n<\/ul>\n<ul>\n<li style=\"list-style-type: none;\">\n<ul>\n<li style=\"font-weight: 400;\" aria-level=\"1\"><span style=\"font-weight: 400;\">Pa egzanp, si yon menaj, yon zanmi, oswa yon l\u00f2t moun ap eseye konvenk o pou f\u00e8 yon av\u00f2tman l\u00e8 se pa sa ou vle f\u00e8 vre, Jij la ap konsidere sa l\u00e8 li deside si li ap ak\u00f2de oswa refize demand ou pou egzansyon jidisy\u00e8 a. .<\/span><\/li>\n<\/ul>\n<\/li>\n<\/ul>\n<ul>\n<li style=\"font-weight: 400;\" aria-level=\"1\"><span style=\"font-weight: 400;\">Pou ede jij la pwouve ke ou ase matirite pou ou chwazi mete fen nan gwos\u00e8s ou san ou pa enplike yon paran, ou ta dwe bay jij la enf\u00f2masyon sou lek\u00f2l ou, patisipasyon kominote ou, eksperyans travay ou, ak plan konkr\u00e8 pou lavni ou, tankou plan pou ale nan kol\u00e8j oswa pouswiv yon s\u00e8ten kary\u00e8 oswa chemen pwofesyon\u00e8l ou.<\/span><\/li>\n<li style=\"font-weight: 400;\" aria-level=\"1\"><span style=\"font-weight: 400;\">Jij la ka mande si ou te pale ak l\u00f2t granmoun ou f\u00e8 konfyans sou desizyon ou an. Jij yo anjeneral gade yon fason favorab min\u00e8 ki gen yon sist\u00e8m sip\u00f2 ki te ede yo pran desizyon sa a, moun yo ka konte sou yo si gen nenp\u00f2t konplikasyon medikal oswa mantal apr\u00e8 av\u00f2tman an, kit se yon l\u00f2t manm fanmi, yon zanmi ki granmoun oswa yon konseye.<\/span><\/li>\n<li style=\"font-weight: 400;\" aria-level=\"1\"><span style=\"font-weight: 400;\">Prepare ou pou ou eksplike kijan ou ap peye depans pou av\u00f2tman an poukont ou, san ou pa jwenn \u00e8d paran ou.<\/span><\/li>\n<li style=\"font-weight: 400;\" aria-level=\"1\"><span style=\"font-weight: 400;\">Yon jij ka vle tou pou w\u00e8 ke ou te rankingontre ak yon dokt\u00e8 epi konnen sou pwosedi ak Risk ki genyen nan f\u00e8 pwosedi a.<\/span><\/li>\n<li style=\"font-weight: 400;\" aria-level=\"1\"><span style=\"font-weight: 400;\">Pafwa jij yo konn deside ke yon min\u00e8 pa gen ase matirite pou deside f\u00e8 yon av\u00f2tman san yo pa enplike yon paran. Sa rive l\u00e8 min\u00e8 a pa t kapab demostrar:<\/span><\/li>\n<\/ul>\n<ul>\n<li style=\"list-style-type: none;\">\n<ul>\n<li style=\"font-weight: 400;\" aria-level=\"1\"><span style=\"font-weight: 400;\">nenp\u00f2t konesans kons\u00e8nan Risk espesifik fizik, emosyon\u00e8l, oswa sikolojik imedya oswa alont\u00e8m pou f\u00e8 yon av\u00f2tman,<\/span><\/li>\n<li style=\"font-weight: 400;\" aria-level=\"1\"><span style=\"font-weight: 400;\">pr\u00e8v ke yo te ch\u00e8che kons\u00e8y oswa sip\u00f2 emosyon\u00e8l nan men nenp\u00f2t adilt,<\/span><\/li>\n<li style=\"font-weight: 400;\" aria-level=\"1\"><span style=\"font-weight: 400;\">kisa li ta f\u00e8 si nenp\u00f2t konplikasyon fizik oswa emosyon\u00e8l rive nan av\u00f2tman,<\/span><\/li>\n<li style=\"font-weight: 400;\" aria-level=\"1\"><span style=\"font-weight: 400;\">konesans sou kisa eksperyans av\u00f2tman an ye oswa konplikasyon potansy\u00e8l yo.<\/span><\/li>\n<\/ul>\n<\/li>\n<\/ul>\n<ul>\n<li style=\"font-weight: 400;\" aria-level=\"1\"><span style=\"font-weight: 400;\">Tribunal Laflorid yo te det\u00e8mine matirite l\u00e8 yo tire \u201cenferans\u201d ki soti nan konpozisyon min\u00e8 a, kapasite analiz, aparans, refleksyon, ton vwa, ekspresyon, ak kapasite li pou eksprime rez\u00f2nman ak konklizyon li. Tribal yo ka konsidere tou eksperyans ou tankou eksperyans travay anvan, eksperyans l\u00e8 ou tap viv lwen kay ou, oswa eksperyans nan jere finans p\u00e8son\u00e8l.<\/span><\/li>\n<li style=\"font-weight: 400;\" aria-level=\"1\"><span style=\"font-weight: 400;\">Chak min\u00e8 diferan, epi yo ta dwe deside matirite dapre sikonstans p\u00e8son\u00e8l chak moun ak istwa lavi yo, olye yon s\u00e8l estanda matirite.<\/span><\/li>\n<\/ul>\n<p><b>\u00a0Ke ou se yon moun ki viktim abi<\/b><\/p>\n<ul>\n<li style=\"font-weight: 400;\" aria-level=\"1\"><span style=\"font-weight: 400;\">Si ou ap eseye pwouve ke yon paran oswa yon gadyen te abize ou, ou ap bezwen pwouve sa bay jij la pa yon \u201cpreponderans nan pr\u00e8v\u201d. Sa vle di jij la bezwen tande ke li gen plis chans paske ou te soufri abi sa a. Li ka difisil pou ou di jij la egzakteman ki sa abi a te ye, men li enp\u00f2tan pou ou di laverite epi bay jij la detay espesifik pou li ka konprann poukisa ou vle sispann gwos\u00e8s ou.<\/span><\/li>\n<li style=\"font-weight: 400;\" aria-level=\"1\"><span style=\"font-weight: 400;\">Remake byen ke si tribal la jwenn pr\u00e8v abi sou timoun oswa abi seksy\u00e8l pa nenp\u00f2t moun, tribal la gen obligasyon dapr\u00e8 lalwa pou rap\u00f2te pr\u00e8v abi sou timoun oswa abi seksy\u00e8l.<\/span><\/li>\n<\/ul>\n<p><b>Ke li nan pi bon enter\u00e8 ou<\/b><\/p>\n<ul>\n<li style=\"font-weight: 400;\" aria-level=\"1\"><span style=\"font-weight: 400;\">Si o ap eseye pwouve enplikasyon yon paran (oswa gadyen legal) sou gwos\u00e8s ou a pa nan pi bon enter\u00e8 ou, ou ap oblije pwouve sa bay jij la l\u00e8 l s\u00e8vi av\u00e8k pr\u00e8v kl\u00e8 ak konvenkan. Pr\u00e8v kl\u00e8 ak konvenkan vle di ke ou ap gen pou pwouve ke li gen anpil chans paske li pa nan pi bon enter\u00e8 ou pou ou enplike paran ou oswa gadyen ou.<\/span><\/li>\n<li style=\"font-weight: 400;\" aria-level=\"1\"><span style=\"font-weight: 400;\">Tribal Florid yo pa konsidere laper\u00e8z ou pou yo enplike yon paran se yon rezon ase pou jwenn sa ke ou bezwen yon egzansyon jidisy\u00e8 nan egzijans avi a. Gen yon laper\u00e8z jeneral ke yon paran pa pral konprann av\u00f2tman oswa tonbe fache sou gwos\u00e8s ou a anjeneral pa ase pou etabli ke li nan pi bon enter\u00e8 ou pa enplike paran ou oswa gadyen.<\/span><\/li>\n<li style=\"font-weight: 400;\" aria-level=\"1\"><span style=\"font-weight: 400;\">Plizy\u00e8 tribal nan Eta Florid te baze desizyon yo pou det\u00e8mine ke yon egzansyon jidisy\u00e8 se nan pi bon enter\u00e8 min\u00e8 a l\u00e8 yo konsidere fakt\u00e8 sa yo:<\/span><\/li>\n<\/ul>\n<ul>\n<li style=\"list-style-type: none;\">\n<ul>\n<li style=\"font-weight: 400;\" aria-level=\"1\"><span style=\"font-weight: 400;\">bezwen emosyon\u00e8l oswa fizik min\u00e8 a;<\/span><\/li>\n<li style=\"font-weight: 400;\" aria-level=\"1\"><span style=\"font-weight: 400;\">posiblite pou entimidasyon, l\u00f2t blesi emosyon\u00e8l, oswa danje fizik pou min\u00e8 a;<\/span><\/li>\n<li style=\"font-weight: 400;\" aria-level=\"1\"><span style=\"font-weight: 400;\">estabilite nan kay min\u00e8 ak posiblite pou notifikasyon ta lak\u00f2z domaj grav ak dirab nan estrikti fanmi an;<\/span><\/li>\n<li style=\"font-weight: 400;\" aria-level=\"1\"><span style=\"font-weight: 400;\">relasyon ant paran yo ak min\u00e8 a ak ef\u00e8 notifikasyon sou relasyon sa a, epi<\/span><\/li>\n<li style=\"font-weight: 400;\" aria-level=\"1\"><span style=\"font-weight: 400;\">posibilite ke notifikasyon ka mennen paran yo jubilar k\u00f2 yo emosyon\u00e8lman<\/span><\/li>\n<\/ul>\n<\/li>\n<\/ul>\n<p><span style=\"font-weight: 400;\"><br \/>\nGade tou \u201c<\/span><a href=\"https:\/\/floridareprofreedom.org\/es\/derivacion-judicial\/egzansyon-jidisye-an-florid\/ki-kalite-kesyon-jij-la-ap-poze-mwen\/\"><span style=\"font-weight: 400;\">Ki kalite kesyon jij la ap poze mwen<\/span><\/a><span style=\"font-weight: 400;\">?\u201d .<\/span><\/p>","protected":false},"excerpt":{"rendered":"<p>Gen twa rezon diferan ke yon jij pral deside bay yon baypas jidisy\u00e8. Ou dwe ka moutre omwen youn nan twa rezon sila yo. Si plis pase youn nan twa rezon sila yo aplike pou ou, ou ta dwe eksplike chak rezon ki aplikab yo. Twa rezon yo se: Ke ou gen ase matirite Pou [&hellip;]<\/p>\n","protected":false},"author":7,"featured_media":0,"parent":3142,"menu_order":0,"comment_status":"closed","ping_status":"closed","template":"","meta":{"footnotes":""},"folder":[35,8],"class_list":["post-3174","page","type-page","status-publish","hentry"],"yoast_head":"<!-- This site is optimized with the Yoast SEO plugin v27.3 - https:\/\/yoast.com\/product\/yoast-seo-wordpress\/ -->\n<title>Kisa jij la pral konsidere? - Floridians For Reproductive Freedom<\/title>\n<meta name=\"description\" content=\"Si w pa ka jwenn p\u00e8misyon paran w oswa mande paran w, ou ka f\u00e8 yon av\u00f2tman san okenn paran w pa enplike si w ale nan tribinal epi yo ba w yon \u201cegzansyon jidisy\u00e8\u201d.\" \/>\n<meta name=\"robots\" content=\"index, follow, max-snippet:-1, max-image-preview:large, max-video-preview:-1\" \/>\n<link rel=\"canonical\" href=\"https:\/\/floridareprofreedom.org\/es\/derivacion-judicial\/egzansyon-jidisye-an-florid\/kisa-jij-la-pral-konsidere\/\" \/>\n<meta property=\"og:locale\" content=\"es_ES\" \/>\n<meta property=\"og:type\" content=\"article\" \/>\n<meta property=\"og:title\" content=\"Kisa jij la pral konsidere? - Floridians For Reproductive Freedom\" \/>\n<meta property=\"og:description\" content=\"Si w pa ka jwenn p\u00e8misyon paran w oswa mande paran w, ou ka f\u00e8 yon av\u00f2tman san okenn paran w pa enplike si w ale nan tribinal epi yo ba w yon \u201cegzansyon jidisy\u00e8\u201d.\" \/>\n<meta property=\"og:url\" content=\"https:\/\/floridareprofreedom.org\/es\/derivacion-judicial\/egzansyon-jidisye-an-florid\/kisa-jij-la-pral-konsidere\/\" \/>\n<meta property=\"og:site_name\" content=\"Floridians For Reproductive Freedom\" \/>\n<meta property=\"article:publisher\" content=\"https:\/\/www.facebook.com\/FloridaReproFreedom\/\" \/>\n<meta property=\"article:modified_time\" content=\"2024-01-02T22:57:54+00:00\" \/>\n<meta name=\"twitter:card\" content=\"summary_large_image\" \/>\n<meta name=\"twitter:site\" content=\"@FLReproFreedom\" \/>\n<meta name=\"twitter:label1\" content=\"Est. reading time\" \/>\n\t<meta name=\"twitter:data1\" content=\"5 minutos\" \/>\n<script type=\"application\/ld+json\" class=\"yoast-schema-graph\">{\"@context\":\"https:\\\/\\\/schema.org\",\"@graph\":[{\"@type\":\"WebPage\",\"@id\":\"https:\\\/\\\/floridareprofreedom.org\\\/judicialbypass\\\/egzansyon-jidisye-an-florid\\\/kisa-jij-la-pral-konsidere\\\/\",\"url\":\"https:\\\/\\\/floridareprofreedom.org\\\/judicialbypass\\\/egzansyon-jidisye-an-florid\\\/kisa-jij-la-pral-konsidere\\\/\",\"name\":\"Kisa jij la pral konsidere? - Floridians For Reproductive Freedom\",\"isPartOf\":{\"@id\":\"https:\\\/\\\/floridareprofreedom.org\\\/#website\"},\"datePublished\":\"2024-01-02T22:28:39+00:00\",\"dateModified\":\"2024-01-02T22:57:54+00:00\",\"description\":\"Si w pa ka jwenn p\u00e8misyon paran w oswa mande paran w, ou ka f\u00e8 yon av\u00f2tman san okenn paran w pa enplike si w ale nan tribinal epi yo ba w yon \u201cegzansyon jidisy\u00e8\u201d.\",\"breadcrumb\":{\"@id\":\"https:\\\/\\\/floridareprofreedom.org\\\/judicialbypass\\\/egzansyon-jidisye-an-florid\\\/kisa-jij-la-pral-konsidere\\\/#breadcrumb\"},\"inLanguage\":\"es\",\"potentialAction\":[{\"@type\":\"ReadAction\",\"target\":[\"https:\\\/\\\/floridareprofreedom.org\\\/judicialbypass\\\/egzansyon-jidisye-an-florid\\\/kisa-jij-la-pral-konsidere\\\/\"]}]},{\"@type\":\"BreadcrumbList\",\"@id\":\"https:\\\/\\\/floridareprofreedom.org\\\/judicialbypass\\\/egzansyon-jidisye-an-florid\\\/kisa-jij-la-pral-konsidere\\\/#breadcrumb\",\"itemListElement\":[{\"@type\":\"ListItem\",\"position\":1,\"name\":\"Home\",\"item\":\"https:\\\/\\\/floridareprofreedom.org\\\/\"},{\"@type\":\"ListItem\",\"position\":2,\"name\":\"Judicial Bypass in Florida\",\"item\":\"https:\\\/\\\/floridareprofreedom.org\\\/judicialbypass\\\/\"},{\"@type\":\"ListItem\",\"position\":3,\"name\":\"Egzansyon Jidisy\u00e8 an Florid\",\"item\":\"https:\\\/\\\/floridareprofreedom.org\\\/judicialbypass\\\/egzansyon-jidisye-an-florid\\\/\"},{\"@type\":\"ListItem\",\"position\":4,\"name\":\"Kisa jij la pral konsidere?\"}]},{\"@type\":\"WebSite\",\"@id\":\"https:\\\/\\\/floridareprofreedom.org\\\/#website\",\"url\":\"https:\\\/\\\/floridareprofreedom.org\\\/\",\"name\":\"Floridians For Reproductive Freedom\",\"description\":\"Advocating for convenient, affordable, and safe access to reproductive health care, including abortion.\",\"publisher\":{\"@id\":\"https:\\\/\\\/floridareprofreedom.org\\\/#organization\"},\"potentialAction\":[{\"@type\":\"SearchAction\",\"target\":{\"@type\":\"EntryPoint\",\"urlTemplate\":\"https:\\\/\\\/floridareprofreedom.org\\\/?s={search_term_string}\"},\"query-input\":{\"@type\":\"PropertyValueSpecification\",\"valueRequired\":true,\"valueName\":\"search_term_string\"}}],\"inLanguage\":\"es\"},{\"@type\":\"Organization\",\"@id\":\"https:\\\/\\\/floridareprofreedom.org\\\/#organization\",\"name\":\"Floridians for Reproductive Freedom\",\"url\":\"https:\\\/\\\/floridareprofreedom.org\\\/\",\"logo\":{\"@type\":\"ImageObject\",\"inLanguage\":\"es\",\"@id\":\"https:\\\/\\\/floridareprofreedom.org\\\/#\\\/schema\\\/logo\\\/image\\\/\",\"url\":\"https:\\\/\\\/floridareprofreedom.org\\\/wp-content\\\/uploads\\\/2019\\\/05\\\/Untitled.jpg\",\"contentUrl\":\"https:\\\/\\\/floridareprofreedom.org\\\/wp-content\\\/uploads\\\/2019\\\/05\\\/Untitled.jpg\",\"width\":174,\"height\":180,\"caption\":\"Floridians for Reproductive Freedom\"},\"image\":{\"@id\":\"https:\\\/\\\/floridareprofreedom.org\\\/#\\\/schema\\\/logo\\\/image\\\/\"},\"sameAs\":[\"https:\\\/\\\/www.facebook.com\\\/FloridaReproFreedom\\\/\",\"https:\\\/\\\/x.com\\\/FLReproFreedom\",\"https:\\\/\\\/www.instagram.com\\\/floridareprofreedom\\\/\"]}]}<\/script>\n<!-- \/ Yoast SEO plugin. -->","yoast_head_json":{"title":"Kisa jij la pral konsidere? - Floridanos por la libertad reproductiva","description":"Si w pa ka jwenn p\u00e8misyon paran w oswa mande paran w, ou ka f\u00e8 yon av\u00f2tman san okenn paran w pa enplike si w ale nan tribunal epi yo ba w yon \u201cegzansyon jidisy\u00e8\u201d.","robots":{"index":"index","follow":"follow","max-snippet":"max-snippet:-1","max-image-preview":"max-image-preview:large","max-video-preview":"max-video-preview:-1"},"canonical":"https:\/\/floridareprofreedom.org\/es\/derivacion-judicial\/egzansyon-jidisye-an-florid\/kisa-jij-la-pral-konsidere\/","og_locale":"es_ES","og_type":"article","og_title":"Kisa jij la pral konsidere? - Floridians For Reproductive Freedom","og_description":"Si w pa ka jwenn p\u00e8misyon paran w oswa mande paran w, ou ka f\u00e8 yon av\u00f2tman san okenn paran w pa enplike si w ale nan tribinal epi yo ba w yon \u201cegzansyon jidisy\u00e8\u201d.","og_url":"https:\/\/floridareprofreedom.org\/es\/derivacion-judicial\/egzansyon-jidisye-an-florid\/kisa-jij-la-pral-konsidere\/","og_site_name":"Floridians For Reproductive Freedom","article_publisher":"https:\/\/www.facebook.com\/FloridaReproFreedom\/","article_modified_time":"2024-01-02T22:57:54+00:00","twitter_card":"summary_large_image","twitter_site":"@FLReproFreedom","twitter_misc":{"Est. reading time":"5 minutos"},"schema":{"@context":"https:\/\/schema.org","@graph":[{"@type":"WebPage","@id":"https:\/\/floridareprofreedom.org\/judicialbypass\/egzansyon-jidisye-an-florid\/kisa-jij-la-pral-konsidere\/","url":"https:\/\/floridareprofreedom.org\/judicialbypass\/egzansyon-jidisye-an-florid\/kisa-jij-la-pral-konsidere\/","name":"Kisa jij la pral konsidere? - Floridanos por la libertad reproductiva","isPartOf":{"@id":"https:\/\/floridareprofreedom.org\/#website"},"datePublished":"2024-01-02T22:28:39+00:00","dateModified":"2024-01-02T22:57:54+00:00","description":"Si w pa ka jwenn p\u00e8misyon paran w oswa mande paran w, ou ka f\u00e8 yon av\u00f2tman san okenn paran w pa enplike si w ale nan tribunal epi yo ba w yon \u201cegzansyon jidisy\u00e8\u201d.","breadcrumb":{"@id":"https:\/\/floridareprofreedom.org\/judicialbypass\/egzansyon-jidisye-an-florid\/kisa-jij-la-pral-konsidere\/#breadcrumb"},"inLanguage":"es","potentialAction":[{"@type":"ReadAction","target":["https:\/\/floridareprofreedom.org\/judicialbypass\/egzansyon-jidisye-an-florid\/kisa-jij-la-pral-konsidere\/"]}]},{"@type":"BreadcrumbList","@id":"https:\/\/floridareprofreedom.org\/judicialbypass\/egzansyon-jidisye-an-florid\/kisa-jij-la-pral-konsidere\/#breadcrumb","itemListElement":[{"@type":"ListItem","position":1,"name":"Home","item":"https:\/\/floridareprofreedom.org\/"},{"@type":"ListItem","position":2,"name":"Judicial Bypass in Florida","item":"https:\/\/floridareprofreedom.org\/judicialbypass\/"},{"@type":"ListItem","position":3,"name":"Egzansyon Jidisy\u00e8 an Florid","item":"https:\/\/floridareprofreedom.org\/judicialbypass\/egzansyon-jidisye-an-florid\/"},{"@type":"ListItem","position":4,"name":"Kisa jij la pral konsidere?"}]},{"@type":"WebSite","@id":"https:\/\/floridareprofreedom.org\/#website","url":"https:\/\/floridareprofreedom.org\/","name":"Floridanos por la Libertad Reproductiva","description":"Abogando por un acceso conveniente, asequible y seguro a la atenci\u00f3n de la salud reproductiva, incluido el aborto.","publisher":{"@id":"https:\/\/floridareprofreedom.org\/#organization"},"potentialAction":[{"@type":"SearchAction","target":{"@type":"EntryPoint","urlTemplate":"https:\/\/floridareprofreedom.org\/?s={search_term_string}"},"query-input":{"@type":"PropertyValueSpecification","valueRequired":true,"valueName":"search_term_string"}}],"inLanguage":"es"},{"@type":"Organization","@id":"https:\/\/floridareprofreedom.org\/#organization","name":"Floridanos por la Libertad Reproductiva","url":"https:\/\/floridareprofreedom.org\/","logo":{"@type":"ImageObject","inLanguage":"es","@id":"https:\/\/floridareprofreedom.org\/#\/schema\/logo\/image\/","url":"https:\/\/floridareprofreedom.org\/wp-content\/uploads\/2019\/05\/Untitled.jpg","contentUrl":"https:\/\/floridareprofreedom.org\/wp-content\/uploads\/2019\/05\/Untitled.jpg","width":174,"height":180,"caption":"Floridians for Reproductive Freedom"},"image":{"@id":"https:\/\/floridareprofreedom.org\/#\/schema\/logo\/image\/"},"sameAs":["https:\/\/www.facebook.com\/FloridaReproFreedom\/","https:\/\/x.com\/FLReproFreedom","https:\/\/www.instagram.com\/floridareprofreedom\/"]}]}},"_links":{"self":[{"href":"https:\/\/floridareprofreedom.org\/es\/wp-json\/wp\/v2\/pages\/3174","targetHints":{"allow":["GET"]}}],"collection":[{"href":"https:\/\/floridareprofreedom.org\/es\/wp-json\/wp\/v2\/pages"}],"about":[{"href":"https:\/\/floridareprofreedom.org\/es\/wp-json\/wp\/v2\/types\/page"}],"author":[{"embeddable":true,"href":"https:\/\/floridareprofreedom.org\/es\/wp-json\/wp\/v2\/users\/7"}],"replies":[{"embeddable":true,"href":"https:\/\/floridareprofreedom.org\/es\/wp-json\/wp\/v2\/comments?post=3174"}],"version-history":[{"count":3,"href":"https:\/\/floridareprofreedom.org\/es\/wp-json\/wp\/v2\/pages\/3174\/revisions"}],"predecessor-version":[{"id":3187,"href":"https:\/\/floridareprofreedom.org\/es\/wp-json\/wp\/v2\/pages\/3174\/revisions\/3187"}],"up":[{"embeddable":true,"href":"https:\/\/floridareprofreedom.org\/es\/wp-json\/wp\/v2\/pages\/3142"}],"wp:attachment":[{"href":"https:\/\/floridareprofreedom.org\/es\/wp-json\/wp\/v2\/media?parent=3174"}],"wp:term":[{"taxonomy":"folder","embeddable":true,"href":"https:\/\/floridareprofreedom.org\/es\/wp-json\/wp\/v2\/folder?post=3174"}],"curies":[{"name":"wp","href":"https:\/\/api.w.org\/{rel}","templated":true}]}}