{"id":3176,"date":"2024-01-02T22:32:05","date_gmt":"2024-01-02T22:32:05","guid":{"rendered":"https:\/\/floridareprofreedom.org\/?page_id=3176"},"modified":"2024-01-02T22:32:05","modified_gmt":"2024-01-02T22:32:05","slug":"eske-mwen-bezwen-yon-avoka","status":"publish","type":"page","link":"https:\/\/floridareprofreedom.org\/es\/judicialbypass\/egzansyon-jidisye-an-florid\/eske-mwen-bezwen-yon-avoka\/","title":{"rendered":"\u00c8ske mwen bezwen yon avoka?"},"content":{"rendered":"<p><span style=\"font-weight: 400;\">Lwa Florid pa egzije ou gen yon avoka si wap depoze yon petisyon pou egzansyon jidisy\u00e8. Un bronceado menm, <strong>ou gen dwa pouw mande yon avoka tribalal la chwazi sanw pa peye pou sa<\/strong>, poul gidew pandan pwosisis la epi akonpanyew nan lodyans devan tribunal la. Anpil moun toujou chwazi mande<\/span><span style=\"font-weight: 400;\"> es<\/span><span style=\"font-weight: 400;\"> avoka tribunal la chwazi a.<\/span><\/p>\n<p><span style=\"font-weight: 400;\">Si deseas que vle yon avoka edew pito, o ka contacte tribunal ki pi prew la epi yap baw enf<\/span><span style=\"font-weight: 400;\">o<\/span><span style=\"font-weight: 400;\">masyon avoka pouw contacte a. Oubyen tou, ou kapab contacte rezo Jane lan nan <\/span><a href=\"mailto:info@janenetworkfl.org\"><span style=\"font-weight: 400;\">info@janenetworkfl.org<\/span><\/a><span style=\"font-weight: 400;\"> pou yo edew jwenn asistans legal gratis.\u00a0<\/span><\/p>\n<p><span style=\"font-weight: 400;\">Wap di avoka a tout rezon ki f<\/span><span style=\"font-weight: 400;\">mi<\/span><span style=\"font-weight: 400;\"> ou vle kanpe gwos<\/span><span style=\"font-weight: 400;\">mi<\/span><span style=\"font-weight: 400;\">s o a. Tout sa ou di avoka ap rete yon sekr<\/span><span style=\"font-weight: 400;\">mi<\/span><span style=\"font-weight: 400;\">, avoka a pap di okenn l<\/span><span style=\"font-weight: 400;\">o<\/span><span style=\"font-weight: 400;\">t moun sa ou pataje av<\/span><span style=\"font-weight: 400;\">mi<\/span><span style=\"font-weight: 400;\">k li yo, s<\/span><span style=\"font-weight: 400;\">mi<\/span><span style=\"font-weight: 400;\">l si ou dil li kapab f\u00e8 sa.<\/span><\/p>\n<p><span style=\"font-weight: 400;\">Si avoka a prepare petisyon an pou ou, ou gen dwa pouw revizel avan li depozel. nan k<\/span><span style=\"font-weight: 400;\">mi<\/span><span style=\"font-weight: 400;\">k kominn f<\/span><span style=\"font-weight: 400;\">o<\/span><span style=\"font-weight: 400;\">k ou prezan nan tribinal la l<\/span><span style=\"font-weight: 400;\">mi<\/span><span style=\"font-weight: 400;\"> avoka a ap depoze petisyon an.<\/span><\/p>\n<p><span style=\"font-weight: 400;\">Kou petisyon an finn depoze, lalwa florid mande pou yon jij rankingontre av\u00e8w ak avokaw (siw gen youn), pou li tande plis sou sa ou mande a epi pran yon desizyon. Sa ka pran jiska 3 jou pou jij la aksepte oswa refize egzansyon an.<\/span><\/p>\n<p><span style=\"font-weight: 400;\">Siw deside ou pa bezwen yon avoka, sa pa yon pwobl<\/span><span style=\"font-weight: 400;\">mi<\/span><span style=\"font-weight: 400;\">metro. Ou pa bezwen yon avoka pouw depoze yon petisyon oubyen pouw par<\/span><span style=\"font-weight: 400;\">mi<\/span><span style=\"font-weight: 400;\">t devan jij la l<\/span><span style=\"font-weight: 400;\">mi<\/span><span style=\"font-weight: 400;\"> lodyans lan. Si ou swiv etap ki dekri nan paj avan an ou ka ekri petisyonw poukont ou.<\/span><\/p>","protected":false},"excerpt":{"rendered":"<p>Lwa Florid pa egzije ou gen yon avoka si wap depoze yon petisyon pou egzansyon\u00a0 jidisy\u00e8. An menm tan, ou gen dwa pouw mande yon avoka tribinal la chwazi sanw pa peye pou sa, poul gidew pandan pwosesis la epi akonpanyew nan lodyans devan tribinal la. Anpil moun toujou chwazi mande \u00e8d avoka tribinal la [&hellip;]<\/p>\n","protected":false},"author":7,"featured_media":0,"parent":3142,"menu_order":0,"comment_status":"closed","ping_status":"closed","template":"","meta":{"footnotes":""},"folder":[35,8],"class_list":["post-3176","page","type-page","status-publish","hentry"],"yoast_head":"<!-- This site is optimized with the Yoast SEO plugin v27.3 - https:\/\/yoast.com\/product\/yoast-seo-wordpress\/ -->\n<title>\u00c8ske mwen bezwen yon avoka? - Floridians For Reproductive Freedom<\/title>\n<meta name=\"description\" content=\"Si w pa ka jwenn p\u00e8misyon paran w oswa mande paran w, ou ka f\u00e8 yon av\u00f2tman san okenn paran w pa enplike si w ale nan tribinal epi yo ba w yon \u201cegzansyon jidisy\u00e8\u201d.\" \/>\n<meta name=\"robots\" content=\"index, follow, max-snippet:-1, max-image-preview:large, max-video-preview:-1\" \/>\n<link rel=\"canonical\" href=\"https:\/\/floridareprofreedom.org\/es\/derivacion-judicial\/egzansyon-jidisye-an-florid\/eske-mwen-bezwen-yon-avoka\/\" \/>\n<meta property=\"og:locale\" content=\"es_ES\" \/>\n<meta property=\"og:type\" content=\"article\" \/>\n<meta property=\"og:title\" content=\"\u00c8ske mwen bezwen yon avoka? - Floridians For Reproductive Freedom\" \/>\n<meta property=\"og:description\" content=\"Si w pa ka jwenn p\u00e8misyon paran w oswa mande paran w, ou ka f\u00e8 yon av\u00f2tman san okenn paran w pa enplike si w ale nan tribinal epi yo ba w yon \u201cegzansyon jidisy\u00e8\u201d.\" \/>\n<meta property=\"og:url\" content=\"https:\/\/floridareprofreedom.org\/es\/derivacion-judicial\/egzansyon-jidisye-an-florid\/eske-mwen-bezwen-yon-avoka\/\" \/>\n<meta property=\"og:site_name\" content=\"Floridians For Reproductive Freedom\" \/>\n<meta property=\"article:publisher\" content=\"https:\/\/www.facebook.com\/FloridaReproFreedom\/\" \/>\n<meta name=\"twitter:card\" content=\"summary_large_image\" \/>\n<meta name=\"twitter:site\" content=\"@FLReproFreedom\" \/>\n<meta name=\"twitter:label1\" content=\"Est. reading time\" \/>\n\t<meta name=\"twitter:data1\" content=\"2 minutos\" \/>\n<script type=\"application\/ld+json\" class=\"yoast-schema-graph\">{\"@context\":\"https:\\\/\\\/schema.org\",\"@graph\":[{\"@type\":\"WebPage\",\"@id\":\"https:\\\/\\\/floridareprofreedom.org\\\/judicialbypass\\\/egzansyon-jidisye-an-florid\\\/eske-mwen-bezwen-yon-avoka\\\/\",\"url\":\"https:\\\/\\\/floridareprofreedom.org\\\/judicialbypass\\\/egzansyon-jidisye-an-florid\\\/eske-mwen-bezwen-yon-avoka\\\/\",\"name\":\"\u00c8ske mwen bezwen yon avoka? - Floridians For Reproductive Freedom\",\"isPartOf\":{\"@id\":\"https:\\\/\\\/floridareprofreedom.org\\\/#website\"},\"datePublished\":\"2024-01-02T22:32:05+00:00\",\"description\":\"Si w pa ka jwenn p\u00e8misyon paran w oswa mande paran w, ou ka f\u00e8 yon av\u00f2tman san okenn paran w pa enplike si w ale nan tribinal epi yo ba w yon \u201cegzansyon jidisy\u00e8\u201d.\",\"breadcrumb\":{\"@id\":\"https:\\\/\\\/floridareprofreedom.org\\\/judicialbypass\\\/egzansyon-jidisye-an-florid\\\/eske-mwen-bezwen-yon-avoka\\\/#breadcrumb\"},\"inLanguage\":\"es\",\"potentialAction\":[{\"@type\":\"ReadAction\",\"target\":[\"https:\\\/\\\/floridareprofreedom.org\\\/judicialbypass\\\/egzansyon-jidisye-an-florid\\\/eske-mwen-bezwen-yon-avoka\\\/\"]}]},{\"@type\":\"BreadcrumbList\",\"@id\":\"https:\\\/\\\/floridareprofreedom.org\\\/judicialbypass\\\/egzansyon-jidisye-an-florid\\\/eske-mwen-bezwen-yon-avoka\\\/#breadcrumb\",\"itemListElement\":[{\"@type\":\"ListItem\",\"position\":1,\"name\":\"Home\",\"item\":\"https:\\\/\\\/floridareprofreedom.org\\\/\"},{\"@type\":\"ListItem\",\"position\":2,\"name\":\"Judicial Bypass in Florida\",\"item\":\"https:\\\/\\\/floridareprofreedom.org\\\/judicialbypass\\\/\"},{\"@type\":\"ListItem\",\"position\":3,\"name\":\"Egzansyon Jidisy\u00e8 an Florid\",\"item\":\"https:\\\/\\\/floridareprofreedom.org\\\/judicialbypass\\\/egzansyon-jidisye-an-florid\\\/\"},{\"@type\":\"ListItem\",\"position\":4,\"name\":\"\u00c8ske mwen bezwen yon avoka?\"}]},{\"@type\":\"WebSite\",\"@id\":\"https:\\\/\\\/floridareprofreedom.org\\\/#website\",\"url\":\"https:\\\/\\\/floridareprofreedom.org\\\/\",\"name\":\"Floridians For Reproductive Freedom\",\"description\":\"Advocating for convenient, affordable, and safe access to reproductive health care, including abortion.\",\"publisher\":{\"@id\":\"https:\\\/\\\/floridareprofreedom.org\\\/#organization\"},\"potentialAction\":[{\"@type\":\"SearchAction\",\"target\":{\"@type\":\"EntryPoint\",\"urlTemplate\":\"https:\\\/\\\/floridareprofreedom.org\\\/?s={search_term_string}\"},\"query-input\":{\"@type\":\"PropertyValueSpecification\",\"valueRequired\":true,\"valueName\":\"search_term_string\"}}],\"inLanguage\":\"es\"},{\"@type\":\"Organization\",\"@id\":\"https:\\\/\\\/floridareprofreedom.org\\\/#organization\",\"name\":\"Floridians for Reproductive Freedom\",\"url\":\"https:\\\/\\\/floridareprofreedom.org\\\/\",\"logo\":{\"@type\":\"ImageObject\",\"inLanguage\":\"es\",\"@id\":\"https:\\\/\\\/floridareprofreedom.org\\\/#\\\/schema\\\/logo\\\/image\\\/\",\"url\":\"https:\\\/\\\/floridareprofreedom.org\\\/wp-content\\\/uploads\\\/2019\\\/05\\\/Untitled.jpg\",\"contentUrl\":\"https:\\\/\\\/floridareprofreedom.org\\\/wp-content\\\/uploads\\\/2019\\\/05\\\/Untitled.jpg\",\"width\":174,\"height\":180,\"caption\":\"Floridians for Reproductive Freedom\"},\"image\":{\"@id\":\"https:\\\/\\\/floridareprofreedom.org\\\/#\\\/schema\\\/logo\\\/image\\\/\"},\"sameAs\":[\"https:\\\/\\\/www.facebook.com\\\/FloridaReproFreedom\\\/\",\"https:\\\/\\\/x.com\\\/FLReproFreedom\",\"https:\\\/\\\/www.instagram.com\\\/floridareprofreedom\\\/\"]}]}<\/script>\n<!-- \/ Yoast SEO plugin. -->","yoast_head_json":{"title":"\u00bfEske mwen bezwen yon avoka? - Floridanos por la libertad reproductiva","description":"Si w pa ka jwenn p\u00e8misyon paran w oswa mande paran w, ou ka f\u00e8 yon av\u00f2tman san okenn paran w pa enplike si w ale nan tribunal epi yo ba w yon \u201cegzansyon jidisy\u00e8\u201d.","robots":{"index":"index","follow":"follow","max-snippet":"max-snippet:-1","max-image-preview":"max-image-preview:large","max-video-preview":"max-video-preview:-1"},"canonical":"https:\/\/floridareprofreedom.org\/es\/derivacion-judicial\/egzansyon-jidisye-an-florid\/eske-mwen-bezwen-yon-avoka\/","og_locale":"es_ES","og_type":"article","og_title":"\u00c8ske mwen bezwen yon avoka? - Floridians For Reproductive Freedom","og_description":"Si w pa ka jwenn p\u00e8misyon paran w oswa mande paran w, ou ka f\u00e8 yon av\u00f2tman san okenn paran w pa enplike si w ale nan tribinal epi yo ba w yon \u201cegzansyon jidisy\u00e8\u201d.","og_url":"https:\/\/floridareprofreedom.org\/es\/derivacion-judicial\/egzansyon-jidisye-an-florid\/eske-mwen-bezwen-yon-avoka\/","og_site_name":"Floridians For Reproductive Freedom","article_publisher":"https:\/\/www.facebook.com\/FloridaReproFreedom\/","twitter_card":"summary_large_image","twitter_site":"@FLReproFreedom","twitter_misc":{"Est. reading time":"2 minutos"},"schema":{"@context":"https:\/\/schema.org","@graph":[{"@type":"WebPage","@id":"https:\/\/floridareprofreedom.org\/judicialbypass\/egzansyon-jidisye-an-florid\/eske-mwen-bezwen-yon-avoka\/","url":"https:\/\/floridareprofreedom.org\/judicialbypass\/egzansyon-jidisye-an-florid\/eske-mwen-bezwen-yon-avoka\/","name":"\u00bfEske mwen bezwen yon avoka? - Floridanos por la libertad reproductiva","isPartOf":{"@id":"https:\/\/floridareprofreedom.org\/#website"},"datePublished":"2024-01-02T22:32:05+00:00","description":"Si w pa ka jwenn p\u00e8misyon paran w oswa mande paran w, ou ka f\u00e8 yon av\u00f2tman san okenn paran w pa enplike si w ale nan tribunal epi yo ba w yon \u201cegzansyon jidisy\u00e8\u201d.","breadcrumb":{"@id":"https:\/\/floridareprofreedom.org\/judicialbypass\/egzansyon-jidisye-an-florid\/eske-mwen-bezwen-yon-avoka\/#breadcrumb"},"inLanguage":"es","potentialAction":[{"@type":"ReadAction","target":["https:\/\/floridareprofreedom.org\/judicialbypass\/egzansyon-jidisye-an-florid\/eske-mwen-bezwen-yon-avoka\/"]}]},{"@type":"BreadcrumbList","@id":"https:\/\/floridareprofreedom.org\/judicialbypass\/egzansyon-jidisye-an-florid\/eske-mwen-bezwen-yon-avoka\/#breadcrumb","itemListElement":[{"@type":"ListItem","position":1,"name":"Home","item":"https:\/\/floridareprofreedom.org\/"},{"@type":"ListItem","position":2,"name":"Judicial Bypass in Florida","item":"https:\/\/floridareprofreedom.org\/judicialbypass\/"},{"@type":"ListItem","position":3,"name":"Egzansyon Jidisy\u00e8 an Florid","item":"https:\/\/floridareprofreedom.org\/judicialbypass\/egzansyon-jidisye-an-florid\/"},{"@type":"ListItem","position":4,"name":"\u00c8ske mwen bezwen yon avoka?"}]},{"@type":"WebSite","@id":"https:\/\/floridareprofreedom.org\/#website","url":"https:\/\/floridareprofreedom.org\/","name":"Floridanos por la Libertad Reproductiva","description":"Abogando por un acceso conveniente, asequible y seguro a la atenci\u00f3n de la salud reproductiva, incluido el aborto.","publisher":{"@id":"https:\/\/floridareprofreedom.org\/#organization"},"potentialAction":[{"@type":"SearchAction","target":{"@type":"EntryPoint","urlTemplate":"https:\/\/floridareprofreedom.org\/?s={search_term_string}"},"query-input":{"@type":"PropertyValueSpecification","valueRequired":true,"valueName":"search_term_string"}}],"inLanguage":"es"},{"@type":"Organization","@id":"https:\/\/floridareprofreedom.org\/#organization","name":"Floridanos por la Libertad Reproductiva","url":"https:\/\/floridareprofreedom.org\/","logo":{"@type":"ImageObject","inLanguage":"es","@id":"https:\/\/floridareprofreedom.org\/#\/schema\/logo\/image\/","url":"https:\/\/floridareprofreedom.org\/wp-content\/uploads\/2019\/05\/Untitled.jpg","contentUrl":"https:\/\/floridareprofreedom.org\/wp-content\/uploads\/2019\/05\/Untitled.jpg","width":174,"height":180,"caption":"Floridians for Reproductive Freedom"},"image":{"@id":"https:\/\/floridareprofreedom.org\/#\/schema\/logo\/image\/"},"sameAs":["https:\/\/www.facebook.com\/FloridaReproFreedom\/","https:\/\/x.com\/FLReproFreedom","https:\/\/www.instagram.com\/floridareprofreedom\/"]}]}},"_links":{"self":[{"href":"https:\/\/floridareprofreedom.org\/es\/wp-json\/wp\/v2\/pages\/3176","targetHints":{"allow":["GET"]}}],"collection":[{"href":"https:\/\/floridareprofreedom.org\/es\/wp-json\/wp\/v2\/pages"}],"about":[{"href":"https:\/\/floridareprofreedom.org\/es\/wp-json\/wp\/v2\/types\/page"}],"author":[{"embeddable":true,"href":"https:\/\/floridareprofreedom.org\/es\/wp-json\/wp\/v2\/users\/7"}],"replies":[{"embeddable":true,"href":"https:\/\/floridareprofreedom.org\/es\/wp-json\/wp\/v2\/comments?post=3176"}],"version-history":[{"count":1,"href":"https:\/\/floridareprofreedom.org\/es\/wp-json\/wp\/v2\/pages\/3176\/revisions"}],"predecessor-version":[{"id":3178,"href":"https:\/\/floridareprofreedom.org\/es\/wp-json\/wp\/v2\/pages\/3176\/revisions\/3178"}],"up":[{"embeddable":true,"href":"https:\/\/floridareprofreedom.org\/es\/wp-json\/wp\/v2\/pages\/3142"}],"wp:attachment":[{"href":"https:\/\/floridareprofreedom.org\/es\/wp-json\/wp\/v2\/media?parent=3176"}],"wp:term":[{"taxonomy":"folder","embeddable":true,"href":"https:\/\/floridareprofreedom.org\/es\/wp-json\/wp\/v2\/folder?post=3176"}],"curies":[{"name":"wp","href":"https:\/\/api.w.org\/{rel}","templated":true}]}}