{"id":3183,"date":"2024-01-02T22:51:53","date_gmt":"2024-01-02T22:51:53","guid":{"rendered":"https:\/\/floridareprofreedom.org\/?page_id=3183"},"modified":"2024-01-02T22:51:53","modified_gmt":"2024-01-02T22:51:53","slug":"eske-moun-ap-konnen-mwen-te-ale-nan-tribal-pou-egzansyon-jidisye","status":"publish","type":"page","link":"https:\/\/floridareprofreedom.org\/es\/judicialbypass\/egzansyon-jidisye-an-florid\/eske-moun-ap-konnen-mwen-te-ale-nan-tribinal-pou-egzansyon-jidisye\/","title":{"rendered":"\u00c8ske moun ap konnen mwen te ale nan tribal pou egzansyon jidisy\u00e8?"},"content":{"rendered":"<p><span style=\"font-weight: 400;\">Pwosesis egzansyon jidisy\u00e8 a, selon la lwa se yon pwosesis konfidansy\u00e8l. Pa gen moun ki ta sipoze ka konnen non w, oubyen konnen ou depoze yon aplikasyon, pa menm paran w. Menm jij la pa bezwen konnen non ou, tout dosye tribalal yo ap itilize inisyal ou oubyen fo non ou chwazi a.\u00a0<\/span><\/p>\n<p><span style=\"font-weight: 400;\">Ou menm ak avokaw ap rankontre avek yon jij an prive nan yon chanm femen. Yo ankouraje jij yo pou kenbe lodyans sa yo nan yon kote ak tan ki p\u00e8m\u00e8t ou kenbe sa an prive. Yo sipoze asire yo okenn moun ki pa otorize pa nan sal tribal la oubyen ka w\u00e8 osinon tande pwosesis la. Jij la dwe konprann sansibilite sa wap f\u00e8 a.<\/span><\/p>\n<p><span style=\"font-weight: 400;\">An reyalite, menm si lalwa mande pou pwosesi la rete konfidansy\u00e8l, toujou gen posibilite pouw kontre yon moun ou konnen nan tribinal la, espesyalman si z\u00f2n wap viv la, kote tribal la ye a piti anpil.Si yon moun ki rekon\u00e8t ou rive w\u00e8w nan tribinal la, pa gen anyen ki anpeche yo al di l\u00f2t moun yo te w\u00e8w. Li enp\u00f2tan pouw konen e prepare pou ris yo.<\/span><\/p>\n<p><strong>Yon lot mwayen ou ka itilize pouw ale nan tribal nan kominn ou an:<\/strong><\/p>\n<ul>\n<li style=\"font-weight: 400;\" aria-level=\"1\"><span style=\"font-weight: 400;\">Si ou gen mwayen transp\u00f2 ak tan ou ka konsidere depoze petisyon w lan nan yon tribal nan yon l\u00f2t kominn men ki toujou nan sikwi ou ye a. La lwa di f\u00f2k petisyon an depoze nan yon tribal ki nan sikwi ou ye a. (kominn florid yo tout ansanm regwoupe an 20 sikwi, ch\u00e8che kominn wap viv la nan kat ki anba paj la pouw ka konen nan ki sikwi wap viv)<\/span><\/li>\n<li style=\"font-weight: 400;\" aria-level=\"1\"><span style=\"font-weight: 400;\">Detay sou ki kote pouw ale, ak ki moun pouw pale nan chak kominn, si yo disponib, wap jwenn yo nan tablo ki anba paj la. L\u00e8 wap applike pou yon detou jidisy\u00e8, <strong>konsidere contact anplwaye tribinal la avan ou ale pouw ka verificare ki kote pouw ale ak kisa pouw f\u00e8 pouw kapab koumanse pwosesis la<\/strong>. Gen kek difieren ant kominn yo. Avan ou ale konfime l\u00e8 yo fonksyone, adr\u00e8s yo ak kijan pouw pake le ou rive.<\/span><\/li>\n<\/ul>\n<p><img fetchpriority=\"high\" decoding=\"async\" class=\"wp-image-1001 aligncenter\" src=\"https:\/\/floridareprofreedom.org\/wp-content\/uploads\/2020\/05\/flcircuitmap.jpeg\" alt=\"\" width=\"601\" height=\"503\" srcset=\"https:\/\/floridareprofreedom.org\/wp-content\/uploads\/2020\/05\/flcircuitmap.jpeg 465w, https:\/\/floridareprofreedom.org\/wp-content\/uploads\/2020\/05\/flcircuitmap-300x252.jpeg 300w\" sizes=\"(max-width: 601px) 100vw, 601px\" \/><\/p>\n<p><b>Sitios web de tribunales de circuito<\/b><\/p>\n<ol>\n<li><a href=\"http:\/\/www.firstjudicialcircuit.org\/\"><span style=\"font-weight: 400;\">Primer Circuito<\/span><\/a><span style=\"font-weight: 400;\"> \u2014 Escambia, Okaloosa, Santa Rosa y Walton<\/span><\/li>\n<li><a href=\"http:\/\/2ndcircuit.leoncountyfl.gov\/\"><span style=\"font-weight: 400;\">Segundo Circuito<\/span><\/a> <span style=\"font-weight: 400;\">\u2014Franklin, Gadsden, Jefferson, Leon, Liberty y Wakulla<\/span><\/li>\n<li><a href=\"http:\/\/www.jud3.flcourts.org\/\"><span style=\"font-weight: 400;\">Tercer Circuito<\/span><\/a><span style=\"font-weight: 400;\"> \u2014 Columbia, Dixie, Hamilton, Lafayette, Madison, Suwannee y Taylor<\/span><\/li>\n<li><a href=\"http:\/\/www.coj.net\/departments\/fourth-judicial-circuit-court.aspx\"><span style=\"font-weight: 400;\">Cuarto Circuito<\/span><\/a><span style=\"font-weight: 400;\"> \u2014 Clay, Duval y Nassau<\/span><\/li>\n<li><a href=\"http:\/\/www.circuit5.org\/c5\/\"><span style=\"font-weight: 400;\">Quinto Circuito<\/span><\/a><span style=\"font-weight: 400;\"> \u2014 Citrus, Hernando, Lake, Marion y Sumter<\/span><\/li>\n<li><a href=\"http:\/\/www.jud6.org\/\"><span style=\"font-weight: 400;\">Sexto Circuito<\/span><\/a> <span style=\"font-weight: 400;\">\u2014 Pasco y Pinellas<\/span><\/li>\n<li><a href=\"http:\/\/www.circuit7.org\/\"><span style=\"font-weight: 400;\">S\u00e9ptimo Circuito<\/span> <\/a><span style=\"font-weight: 400;\">\u2014 St. Johns, Volusia, Flagler y Putnam<\/span><\/li>\n<li><a href=\"http:\/\/www.circuit8.org\/\"><span style=\"font-weight: 400;\">Octavo Circuito<\/span><\/a><span style=\"font-weight: 400;\"> \u2014 Alachua, Baker, Bradford, Gilchrist, Levy y Union<\/span><\/li>\n<li><a href=\"http:\/\/www.ninthcircuit.org\/\"><span style=\"font-weight: 400;\">Noveno Circuito<\/span><\/a><span style=\"font-weight: 400;\"> \u2014 Naranja y Osceola<\/span><\/li>\n<li><a href=\"http:\/\/www.jud10.flcourts.org\/\"><span style=\"font-weight: 400;\">D\u00e9cimo Circuito<\/span><\/a><span style=\"font-weight: 400;\">el<\/span><span style=\"font-weight: 400;\"> \u2014 Hardee, Highlands y Polk<\/span><\/li>\n<li><a href=\"http:\/\/www.jud11.flcourts.org\/\"><span style=\"font-weight: 400;\">Und\u00e9cimo Circuito<\/span><\/a><span style=\"font-weight: 400;\"> \u2014Dade<\/span><\/li>\n<li><a href=\"http:\/\/www.jud12.flcourts.org\/\"><span style=\"font-weight: 400;\">Duod\u00e9cimo Circuito<\/span><\/a><span style=\"font-weight: 400;\"> \u2014 DeSoto, Manatee y Sarasota<\/span><\/li>\n<li><a href=\"http:\/\/www.fljud13.org\/\"><span style=\"font-weight: 400;\">Decimotercer Circuito<\/span><\/a><span style=\"font-weight: 400;\"> \u2014 Hillsborough<\/span><\/li>\n<li><a href=\"http:\/\/www.jud14.flcourts.org\/index.htm\"><span style=\"font-weight: 400;\">Decimocuarto Circuito<\/span><\/a><span style=\"font-weight: 400;\">el<\/span><span style=\"font-weight: 400;\"> \u2014 Bah\u00eda, Calhoun, Golfo, Holmes, Jackson y Washington<\/span><\/li>\n<li><a href=\"http:\/\/15thcircuit.co.palm-beach.fl.us\/\"><span style=\"font-weight: 400;\">Decimoquinto Circuito<\/span> <\/a><span style=\"font-weight: 400;\">\u2014 Palm Beach<\/span><\/li>\n<li><a href=\"http:\/\/www.keyscourts.net\/\"><span style=\"font-weight: 400;\">Decimosexto Circuito<\/span><\/a><span style=\"font-weight: 400;\"> \u2014Monroe<\/span><\/li>\n<li><a href=\"http:\/\/www.17th.flcourts.org\/\"><span style=\"font-weight: 400;\">Decimos\u00e9ptimo Circuito<\/span><\/a><span style=\"font-weight: 400;\"> \u2014 Broward<\/span><\/li>\n<li><a href=\"http:\/\/www.flcourts18.org\/page.php?2\"><span style=\"font-weight: 400;\">Decimoctavo Circuito<\/span><\/a><span style=\"font-weight: 400;\"> \u2014 Brevard y Seminole<\/span><\/li>\n<li><a href=\"http:\/\/www.circuit19.org\/\"><span style=\"font-weight: 400;\">Decimonoveno Circuito<\/span><\/a><span style=\"font-weight: 400;\"> \u2014 R\u00edo Indian, Martin, Okeechobee y St. Lucie<\/span><\/li>\n<li><a href=\"http:\/\/www.ca.cjis20.org\/home\/main\/homepage.asp\"><span style=\"font-weight: 400;\">Vig\u00e9simo Circuito<\/span><\/a><span style=\"font-weight: 400;\"> \u2014 Charlotte, Collier, Glades, Hendry y Lee<\/span><\/li>\n<\/ol>\n<p><iframe src=\"https:\/\/docs.google.com\/spreadsheets\/d\/e\/2PACX-1vQB6krgtRma-96mkc9NufqrFn2t3gYItPYTXhaTc_euzRTZEXyRs9x90T-YutHr6CS_eNVijuyheuHR\/pubhtml?gid=1415876535&amp;single=true&amp;widget=true&amp;headers=false\" width=\"850\" height=\"1200\"><\/iframe><\/p>","protected":false},"excerpt":{"rendered":"<p>Pwosesis egzansyon jidisy\u00e8 a, selon la lwa se yon pwosesis konfidansy\u00e8l. Pa gen moun ki ta sipoze ka konnen non w, oubyen konnen ou depoze yon aplikasyon, pa menm paran w. Menm jij la pa bezwen konnen non ou, tout dosye tribinal yo ap itilize inisyal ou oubyen fo non ou chwazi a.\u00a0 Ou menm [&hellip;]<\/p>\n","protected":false},"author":7,"featured_media":0,"parent":3142,"menu_order":0,"comment_status":"closed","ping_status":"closed","template":"","meta":{"footnotes":""},"folder":[35,8],"class_list":["post-3183","page","type-page","status-publish","hentry"],"yoast_head":"<!-- This site is optimized with the Yoast SEO plugin v27.3 - https:\/\/yoast.com\/product\/yoast-seo-wordpress\/ -->\n<title>\u00c8ske moun ap konnen mwen te ale nan tribinal pou egzansyon jidisy\u00e8? - Floridians For Reproductive Freedom<\/title>\n<meta name=\"description\" content=\"Pwosesis egzansyon jidisy\u00e8 a, selon la lwa se yon pwosesis konfidansy\u00e8l.\" \/>\n<meta name=\"robots\" content=\"index, follow, max-snippet:-1, max-image-preview:large, max-video-preview:-1\" \/>\n<link rel=\"canonical\" href=\"https:\/\/floridareprofreedom.org\/es\/derivacion-judicial\/egzansyon-jidisye-an-florid\/eske-moun-ap-konnen-mwen-te-ale-nan-tribal-pou-egzansyon-jidisye\/\" \/>\n<meta property=\"og:locale\" content=\"es_ES\" \/>\n<meta property=\"og:type\" content=\"article\" \/>\n<meta property=\"og:title\" content=\"\u00c8ske moun ap konnen mwen te ale nan tribinal pou egzansyon jidisy\u00e8? - Floridians For Reproductive Freedom\" \/>\n<meta property=\"og:description\" content=\"Pwosesis egzansyon jidisy\u00e8 a, selon la lwa se yon pwosesis konfidansy\u00e8l.\" \/>\n<meta property=\"og:url\" content=\"https:\/\/floridareprofreedom.org\/es\/derivacion-judicial\/egzansyon-jidisye-an-florid\/eske-moun-ap-konnen-mwen-te-ale-nan-tribal-pou-egzansyon-jidisye\/\" \/>\n<meta property=\"og:site_name\" content=\"Floridians For Reproductive Freedom\" \/>\n<meta property=\"article:publisher\" content=\"https:\/\/www.facebook.com\/FloridaReproFreedom\/\" \/>\n<meta property=\"og:image\" content=\"https:\/\/floridareprofreedom.org\/wp-content\/uploads\/2020\/05\/flcircuitmap.jpeg\" \/>\n<meta name=\"twitter:card\" content=\"summary_large_image\" \/>\n<meta name=\"twitter:site\" content=\"@FLReproFreedom\" \/>\n<meta name=\"twitter:label1\" content=\"Est. reading time\" \/>\n\t<meta name=\"twitter:data1\" content=\"3 minutos\" \/>\n<script type=\"application\/ld+json\" class=\"yoast-schema-graph\">{\"@context\":\"https:\\\/\\\/schema.org\",\"@graph\":[{\"@type\":\"WebPage\",\"@id\":\"https:\\\/\\\/floridareprofreedom.org\\\/judicialbypass\\\/egzansyon-jidisye-an-florid\\\/eske-moun-ap-konnen-mwen-te-ale-nan-tribinal-pou-egzansyon-jidisye\\\/\",\"url\":\"https:\\\/\\\/floridareprofreedom.org\\\/judicialbypass\\\/egzansyon-jidisye-an-florid\\\/eske-moun-ap-konnen-mwen-te-ale-nan-tribinal-pou-egzansyon-jidisye\\\/\",\"name\":\"\u00c8ske moun ap konnen mwen te ale nan tribinal pou egzansyon jidisy\u00e8? - Floridians For Reproductive Freedom\",\"isPartOf\":{\"@id\":\"https:\\\/\\\/floridareprofreedom.org\\\/#website\"},\"primaryImageOfPage\":{\"@id\":\"https:\\\/\\\/floridareprofreedom.org\\\/judicialbypass\\\/egzansyon-jidisye-an-florid\\\/eske-moun-ap-konnen-mwen-te-ale-nan-tribinal-pou-egzansyon-jidisye\\\/#primaryimage\"},\"image\":{\"@id\":\"https:\\\/\\\/floridareprofreedom.org\\\/judicialbypass\\\/egzansyon-jidisye-an-florid\\\/eske-moun-ap-konnen-mwen-te-ale-nan-tribinal-pou-egzansyon-jidisye\\\/#primaryimage\"},\"thumbnailUrl\":\"https:\\\/\\\/floridareprofreedom.org\\\/wp-content\\\/uploads\\\/2020\\\/05\\\/flcircuitmap.jpeg\",\"datePublished\":\"2024-01-02T22:51:53+00:00\",\"description\":\"Pwosesis egzansyon jidisy\u00e8 a, selon la lwa se yon pwosesis konfidansy\u00e8l.\",\"breadcrumb\":{\"@id\":\"https:\\\/\\\/floridareprofreedom.org\\\/judicialbypass\\\/egzansyon-jidisye-an-florid\\\/eske-moun-ap-konnen-mwen-te-ale-nan-tribinal-pou-egzansyon-jidisye\\\/#breadcrumb\"},\"inLanguage\":\"es\",\"potentialAction\":[{\"@type\":\"ReadAction\",\"target\":[\"https:\\\/\\\/floridareprofreedom.org\\\/judicialbypass\\\/egzansyon-jidisye-an-florid\\\/eske-moun-ap-konnen-mwen-te-ale-nan-tribinal-pou-egzansyon-jidisye\\\/\"]}]},{\"@type\":\"ImageObject\",\"inLanguage\":\"es\",\"@id\":\"https:\\\/\\\/floridareprofreedom.org\\\/judicialbypass\\\/egzansyon-jidisye-an-florid\\\/eske-moun-ap-konnen-mwen-te-ale-nan-tribinal-pou-egzansyon-jidisye\\\/#primaryimage\",\"url\":\"https:\\\/\\\/floridareprofreedom.org\\\/wp-content\\\/uploads\\\/2020\\\/05\\\/flcircuitmap.jpeg\",\"contentUrl\":\"https:\\\/\\\/floridareprofreedom.org\\\/wp-content\\\/uploads\\\/2020\\\/05\\\/flcircuitmap.jpeg\"},{\"@type\":\"BreadcrumbList\",\"@id\":\"https:\\\/\\\/floridareprofreedom.org\\\/judicialbypass\\\/egzansyon-jidisye-an-florid\\\/eske-moun-ap-konnen-mwen-te-ale-nan-tribinal-pou-egzansyon-jidisye\\\/#breadcrumb\",\"itemListElement\":[{\"@type\":\"ListItem\",\"position\":1,\"name\":\"Home\",\"item\":\"https:\\\/\\\/floridareprofreedom.org\\\/\"},{\"@type\":\"ListItem\",\"position\":2,\"name\":\"Judicial Bypass in Florida\",\"item\":\"https:\\\/\\\/floridareprofreedom.org\\\/judicialbypass\\\/\"},{\"@type\":\"ListItem\",\"position\":3,\"name\":\"Egzansyon Jidisy\u00e8 an Florid\",\"item\":\"https:\\\/\\\/floridareprofreedom.org\\\/judicialbypass\\\/egzansyon-jidisye-an-florid\\\/\"},{\"@type\":\"ListItem\",\"position\":4,\"name\":\"\u00c8ske moun ap konnen mwen te ale nan tribinal pou egzansyon jidisy\u00e8?\"}]},{\"@type\":\"WebSite\",\"@id\":\"https:\\\/\\\/floridareprofreedom.org\\\/#website\",\"url\":\"https:\\\/\\\/floridareprofreedom.org\\\/\",\"name\":\"Floridians For Reproductive Freedom\",\"description\":\"Advocating for convenient, affordable, and safe access to reproductive health care, including abortion.\",\"publisher\":{\"@id\":\"https:\\\/\\\/floridareprofreedom.org\\\/#organization\"},\"potentialAction\":[{\"@type\":\"SearchAction\",\"target\":{\"@type\":\"EntryPoint\",\"urlTemplate\":\"https:\\\/\\\/floridareprofreedom.org\\\/?s={search_term_string}\"},\"query-input\":{\"@type\":\"PropertyValueSpecification\",\"valueRequired\":true,\"valueName\":\"search_term_string\"}}],\"inLanguage\":\"es\"},{\"@type\":\"Organization\",\"@id\":\"https:\\\/\\\/floridareprofreedom.org\\\/#organization\",\"name\":\"Floridians for Reproductive Freedom\",\"url\":\"https:\\\/\\\/floridareprofreedom.org\\\/\",\"logo\":{\"@type\":\"ImageObject\",\"inLanguage\":\"es\",\"@id\":\"https:\\\/\\\/floridareprofreedom.org\\\/#\\\/schema\\\/logo\\\/image\\\/\",\"url\":\"https:\\\/\\\/floridareprofreedom.org\\\/wp-content\\\/uploads\\\/2019\\\/05\\\/Untitled.jpg\",\"contentUrl\":\"https:\\\/\\\/floridareprofreedom.org\\\/wp-content\\\/uploads\\\/2019\\\/05\\\/Untitled.jpg\",\"width\":174,\"height\":180,\"caption\":\"Floridians for Reproductive Freedom\"},\"image\":{\"@id\":\"https:\\\/\\\/floridareprofreedom.org\\\/#\\\/schema\\\/logo\\\/image\\\/\"},\"sameAs\":[\"https:\\\/\\\/www.facebook.com\\\/FloridaReproFreedom\\\/\",\"https:\\\/\\\/x.com\\\/FLReproFreedom\",\"https:\\\/\\\/www.instagram.com\\\/floridareprofreedom\\\/\"]}]}<\/script>\n<!-- \/ Yoast SEO plugin. -->","yoast_head_json":{"title":"\u00c8ske moun ap konnen mwen te ale nan tribal pou egzansyon jidisy\u00e8? - Floridanos por la libertad reproductiva","description":"Pwosesis egzansyon jidisy\u00e8 a, selon la lwa se yon pwosesis konfidansy\u00e8l.","robots":{"index":"index","follow":"follow","max-snippet":"max-snippet:-1","max-image-preview":"max-image-preview:large","max-video-preview":"max-video-preview:-1"},"canonical":"https:\/\/floridareprofreedom.org\/es\/derivacion-judicial\/egzansyon-jidisye-an-florid\/eske-moun-ap-konnen-mwen-te-ale-nan-tribal-pou-egzansyon-jidisye\/","og_locale":"es_ES","og_type":"article","og_title":"\u00c8ske moun ap konnen mwen te ale nan tribinal pou egzansyon jidisy\u00e8? - Floridians For Reproductive Freedom","og_description":"Pwosesis egzansyon jidisy\u00e8 a, selon la lwa se yon pwosesis konfidansy\u00e8l.","og_url":"https:\/\/floridareprofreedom.org\/es\/derivacion-judicial\/egzansyon-jidisye-an-florid\/eske-moun-ap-konnen-mwen-te-ale-nan-tribal-pou-egzansyon-jidisye\/","og_site_name":"Floridians For Reproductive Freedom","article_publisher":"https:\/\/www.facebook.com\/FloridaReproFreedom\/","og_image":[{"url":"https:\/\/floridareprofreedom.org\/wp-content\/uploads\/2020\/05\/flcircuitmap.jpeg","type":"","width":"","height":""}],"twitter_card":"summary_large_image","twitter_site":"@FLReproFreedom","twitter_misc":{"Est. reading time":"3 minutos"},"schema":{"@context":"https:\/\/schema.org","@graph":[{"@type":"WebPage","@id":"https:\/\/floridareprofreedom.org\/judicialbypass\/egzansyon-jidisye-an-florid\/eske-moun-ap-konnen-mwen-te-ale-nan-tribinal-pou-egzansyon-jidisye\/","url":"https:\/\/floridareprofreedom.org\/judicialbypass\/egzansyon-jidisye-an-florid\/eske-moun-ap-konnen-mwen-te-ale-nan-tribinal-pou-egzansyon-jidisye\/","name":"\u00c8ske moun ap konnen mwen te ale nan tribal pou egzansyon jidisy\u00e8? - Floridanos por la libertad reproductiva","isPartOf":{"@id":"https:\/\/floridareprofreedom.org\/#website"},"primaryImageOfPage":{"@id":"https:\/\/floridareprofreedom.org\/judicialbypass\/egzansyon-jidisye-an-florid\/eske-moun-ap-konnen-mwen-te-ale-nan-tribinal-pou-egzansyon-jidisye\/#primaryimage"},"image":{"@id":"https:\/\/floridareprofreedom.org\/judicialbypass\/egzansyon-jidisye-an-florid\/eske-moun-ap-konnen-mwen-te-ale-nan-tribinal-pou-egzansyon-jidisye\/#primaryimage"},"thumbnailUrl":"https:\/\/floridareprofreedom.org\/wp-content\/uploads\/2020\/05\/flcircuitmap.jpeg","datePublished":"2024-01-02T22:51:53+00:00","description":"Pwosesis egzansyon jidisy\u00e8 a, selon la lwa se yon pwosesis konfidansy\u00e8l.","breadcrumb":{"@id":"https:\/\/floridareprofreedom.org\/judicialbypass\/egzansyon-jidisye-an-florid\/eske-moun-ap-konnen-mwen-te-ale-nan-tribinal-pou-egzansyon-jidisye\/#breadcrumb"},"inLanguage":"es","potentialAction":[{"@type":"ReadAction","target":["https:\/\/floridareprofreedom.org\/judicialbypass\/egzansyon-jidisye-an-florid\/eske-moun-ap-konnen-mwen-te-ale-nan-tribinal-pou-egzansyon-jidisye\/"]}]},{"@type":"ImageObject","inLanguage":"es","@id":"https:\/\/floridareprofreedom.org\/judicialbypass\/egzansyon-jidisye-an-florid\/eske-moun-ap-konnen-mwen-te-ale-nan-tribinal-pou-egzansyon-jidisye\/#primaryimage","url":"https:\/\/floridareprofreedom.org\/wp-content\/uploads\/2020\/05\/flcircuitmap.jpeg","contentUrl":"https:\/\/floridareprofreedom.org\/wp-content\/uploads\/2020\/05\/flcircuitmap.jpeg"},{"@type":"BreadcrumbList","@id":"https:\/\/floridareprofreedom.org\/judicialbypass\/egzansyon-jidisye-an-florid\/eske-moun-ap-konnen-mwen-te-ale-nan-tribinal-pou-egzansyon-jidisye\/#breadcrumb","itemListElement":[{"@type":"ListItem","position":1,"name":"Home","item":"https:\/\/floridareprofreedom.org\/"},{"@type":"ListItem","position":2,"name":"Judicial Bypass in Florida","item":"https:\/\/floridareprofreedom.org\/judicialbypass\/"},{"@type":"ListItem","position":3,"name":"Egzansyon Jidisy\u00e8 an Florid","item":"https:\/\/floridareprofreedom.org\/judicialbypass\/egzansyon-jidisye-an-florid\/"},{"@type":"ListItem","position":4,"name":"\u00c8ske moun ap konnen mwen te ale nan tribinal pou egzansyon jidisy\u00e8?"}]},{"@type":"WebSite","@id":"https:\/\/floridareprofreedom.org\/#website","url":"https:\/\/floridareprofreedom.org\/","name":"Floridanos por la Libertad Reproductiva","description":"Abogando por un acceso conveniente, asequible y seguro a la atenci\u00f3n de la salud reproductiva, incluido el aborto.","publisher":{"@id":"https:\/\/floridareprofreedom.org\/#organization"},"potentialAction":[{"@type":"SearchAction","target":{"@type":"EntryPoint","urlTemplate":"https:\/\/floridareprofreedom.org\/?s={search_term_string}"},"query-input":{"@type":"PropertyValueSpecification","valueRequired":true,"valueName":"search_term_string"}}],"inLanguage":"es"},{"@type":"Organization","@id":"https:\/\/floridareprofreedom.org\/#organization","name":"Floridanos por la Libertad Reproductiva","url":"https:\/\/floridareprofreedom.org\/","logo":{"@type":"ImageObject","inLanguage":"es","@id":"https:\/\/floridareprofreedom.org\/#\/schema\/logo\/image\/","url":"https:\/\/floridareprofreedom.org\/wp-content\/uploads\/2019\/05\/Untitled.jpg","contentUrl":"https:\/\/floridareprofreedom.org\/wp-content\/uploads\/2019\/05\/Untitled.jpg","width":174,"height":180,"caption":"Floridians for Reproductive Freedom"},"image":{"@id":"https:\/\/floridareprofreedom.org\/#\/schema\/logo\/image\/"},"sameAs":["https:\/\/www.facebook.com\/FloridaReproFreedom\/","https:\/\/x.com\/FLReproFreedom","https:\/\/www.instagram.com\/floridareprofreedom\/"]}]}},"_links":{"self":[{"href":"https:\/\/floridareprofreedom.org\/es\/wp-json\/wp\/v2\/pages\/3183","targetHints":{"allow":["GET"]}}],"collection":[{"href":"https:\/\/floridareprofreedom.org\/es\/wp-json\/wp\/v2\/pages"}],"about":[{"href":"https:\/\/floridareprofreedom.org\/es\/wp-json\/wp\/v2\/types\/page"}],"author":[{"embeddable":true,"href":"https:\/\/floridareprofreedom.org\/es\/wp-json\/wp\/v2\/users\/7"}],"replies":[{"embeddable":true,"href":"https:\/\/floridareprofreedom.org\/es\/wp-json\/wp\/v2\/comments?post=3183"}],"version-history":[{"count":1,"href":"https:\/\/floridareprofreedom.org\/es\/wp-json\/wp\/v2\/pages\/3183\/revisions"}],"predecessor-version":[{"id":3184,"href":"https:\/\/floridareprofreedom.org\/es\/wp-json\/wp\/v2\/pages\/3183\/revisions\/3184"}],"up":[{"embeddable":true,"href":"https:\/\/floridareprofreedom.org\/es\/wp-json\/wp\/v2\/pages\/3142"}],"wp:attachment":[{"href":"https:\/\/floridareprofreedom.org\/es\/wp-json\/wp\/v2\/media?parent=3183"}],"wp:term":[{"taxonomy":"folder","embeddable":true,"href":"https:\/\/floridareprofreedom.org\/es\/wp-json\/wp\/v2\/folder?post=3183"}],"curies":[{"name":"wp","href":"https:\/\/api.w.org\/{rel}","templated":true}]}}