{"id":416,"date":"2019-05-31T16:08:44","date_gmt":"2019-05-31T16:08:44","guid":{"rendered":"https:\/\/floridareprofreedom.org\/?page_id=416"},"modified":"2019-06-03T16:05:09","modified_gmt":"2019-06-03T16:05:09","slug":"aborto-2","status":"publish","type":"page","link":"https:\/\/floridareprofreedom.org\/es\/abortion-2\/","title":{"rendered":"Aborto provocado"},"content":{"rendered":"<h2>Vivir una vida segura y saludable es un derecho b\u00e1sico, como lo es la libertad de definir nuestro propio camino.<\/h2>\n<p>No somos verdaderamente libres si no podemos tomar nuestras propias decisiones sobre nuestro cuerpo, nuestra vida y nuestro futuro, ya sea decir no a insinuaciones sexuales no deseadas, no a un embarazo no deseado o s\u00ed a ser padres. Cuando alguien decide abortar, debe ser seguro, asequible y libre de castigos y juicios. La decisi\u00f3n de ser padres y cu\u00e1ndo serlo es una de las decisiones m\u00e1s importantes que tomamos en la vida. Cuando las personas pueden tomar las decisiones que mejor se adaptan a sus vidas, las familias prosperan y construimos comunidades donde cada uno de nosotros puede participar con dignidad.<\/p>\n<h2>En todo el pa\u00eds, los pol\u00edticos antiaborto han estado trabajando para poner la atenci\u00f3n del aborto fuera del alcance o prohibirla por completo.<\/h2>\n<p>Los extremistas en la Legislatura de Florida aprueban restricciones m\u00e9dicamente innecesarias y con motivaciones pol\u00edticas, creando una red de barreras que impiden el acceso a servicios de aborto seguros y asequibles, especialmente para mujeres de bajos recursos, j\u00f3venes y personas de color. Intentan aprobar leyes que obligan a los profesionales de la salud a mentir a las pacientes; obligan a las mujeres a asistir a m\u00faltiples citas m\u00e9dicamente innecesarias; y exigen a las pacientes someterse a procedimientos m\u00e9dicamente innecesarios y, a veces, invasivos. Las leyes que exigen est\u00e1ndares de construcci\u00f3n m\u00e1s estrictos para los proveedores de abortos que para otros proveedores de salud son un intento flagrante de provocar el cierre de cl\u00ednicas.<\/p>\n<p>Obligar a alguien a llevar un embarazo puede tener consecuencias devastadoras y duraderas para la mujer y su familia. <a href=\"https:\/\/www.ansirh.org\/resources\/issue-briefs\">Estudios<\/a> Muestran que una mujer a la que se le niega la atenci\u00f3n para el aborto tiene m\u00e1s probabilidades de caer en la pobreza que una mujer que recibe la atenci\u00f3n que necesita. Tras la negaci\u00f3n de un aborto, una mujer tiene tres veces m\u00e1s probabilidades de estar desempleada que una mujer que pudo acceder a la atenci\u00f3n para el aborto. Por otro lado, las mujeres que pueden acceder a la atenci\u00f3n para el aborto, en comparaci\u00f3n con aquellas a las que se les niega, tienen seis veces m\u00e1s probabilidades de tener planes de vida positivos y de alcanzarlos.<\/p>","protected":false},"excerpt":{"rendered":"<p>Living a safe and healthy life is a basic right \u2013 as is the freedom to define our own path. We aren\u2019t truly free if we cannot make our own decisions about our bodies, our lives, and our futures\u2014whether that is saying no to unwanted sexual advances, no to an unintended pregnancy, or yes to [&hellip;]<\/p>\n","protected":false},"author":3,"featured_media":0,"parent":0,"menu_order":0,"comment_status":"closed","ping_status":"closed","template":"","meta":{"footnotes":""},"folder":[],"class_list":["post-416","page","type-page","status-publish","hentry"],"yoast_head":"<!-- This site is optimized with the Yoast SEO plugin v27.4 - https:\/\/yoast.com\/product\/yoast-seo-wordpress\/ -->\n<title>Abortion - Floridians For Reproductive Freedom<\/title>\n<meta name=\"robots\" content=\"index, follow, max-snippet:-1, max-image-preview:large, max-video-preview:-1\" \/>\n<link rel=\"canonical\" href=\"https:\/\/floridareprofreedom.org\/es\/aborto-2\/\" \/>\n<meta property=\"og:locale\" content=\"es_ES\" \/>\n<meta property=\"og:type\" content=\"article\" \/>\n<meta property=\"og:title\" content=\"Abortion - Floridians For Reproductive Freedom\" \/>\n<meta property=\"og:description\" content=\"Living a safe and healthy life is a basic right \u2013 as is the freedom to define our own path. We aren\u2019t truly free if we cannot make our own decisions about our bodies, our lives, and our futures\u2014whether that is saying no to unwanted sexual advances, no to an unintended pregnancy, or yes to [&hellip;]\" \/>\n<meta property=\"og:url\" content=\"https:\/\/floridareprofreedom.org\/es\/aborto-2\/\" \/>\n<meta property=\"og:site_name\" content=\"Floridians For Reproductive Freedom\" \/>\n<meta property=\"article:publisher\" content=\"https:\/\/www.facebook.com\/FloridaReproFreedom\/\" \/>\n<meta property=\"article:modified_time\" content=\"2019-06-03T16:05:09+00:00\" \/>\n<meta name=\"twitter:card\" content=\"summary_large_image\" \/>\n<meta name=\"twitter:site\" content=\"@FLReproFreedom\" \/>\n<meta name=\"twitter:label1\" content=\"Est. reading time\" \/>\n\t<meta name=\"twitter:data1\" content=\"2 minutos\" \/>\n<script type=\"application\/ld+json\" class=\"yoast-schema-graph\">{\"@context\":\"https:\\\/\\\/schema.org\",\"@graph\":[{\"@type\":\"WebPage\",\"@id\":\"https:\\\/\\\/floridareprofreedom.org\\\/abortion-2\\\/\",\"url\":\"https:\\\/\\\/floridareprofreedom.org\\\/abortion-2\\\/\",\"name\":\"Abortion - Floridians For Reproductive Freedom\",\"isPartOf\":{\"@id\":\"https:\\\/\\\/floridareprofreedom.org\\\/#website\"},\"datePublished\":\"2019-05-31T16:08:44+00:00\",\"dateModified\":\"2019-06-03T16:05:09+00:00\",\"breadcrumb\":{\"@id\":\"https:\\\/\\\/floridareprofreedom.org\\\/abortion-2\\\/#breadcrumb\"},\"inLanguage\":\"es\",\"potentialAction\":[{\"@type\":\"ReadAction\",\"target\":[\"https:\\\/\\\/floridareprofreedom.org\\\/abortion-2\\\/\"]}]},{\"@type\":\"BreadcrumbList\",\"@id\":\"https:\\\/\\\/floridareprofreedom.org\\\/abortion-2\\\/#breadcrumb\",\"itemListElement\":[{\"@type\":\"ListItem\",\"position\":1,\"name\":\"Home\",\"item\":\"https:\\\/\\\/floridareprofreedom.org\\\/\"},{\"@type\":\"ListItem\",\"position\":2,\"name\":\"Abortion\"}]},{\"@type\":\"WebSite\",\"@id\":\"https:\\\/\\\/floridareprofreedom.org\\\/#website\",\"url\":\"https:\\\/\\\/floridareprofreedom.org\\\/\",\"name\":\"Floridians For Reproductive Freedom\",\"description\":\"Advocating for convenient, affordable, and safe access to reproductive health care, including abortion.\",\"publisher\":{\"@id\":\"https:\\\/\\\/floridareprofreedom.org\\\/#organization\"},\"potentialAction\":[{\"@type\":\"SearchAction\",\"target\":{\"@type\":\"EntryPoint\",\"urlTemplate\":\"https:\\\/\\\/floridareprofreedom.org\\\/?s={search_term_string}\"},\"query-input\":{\"@type\":\"PropertyValueSpecification\",\"valueRequired\":true,\"valueName\":\"search_term_string\"}}],\"inLanguage\":\"es\"},{\"@type\":\"Organization\",\"@id\":\"https:\\\/\\\/floridareprofreedom.org\\\/#organization\",\"name\":\"Floridians for Reproductive Freedom\",\"url\":\"https:\\\/\\\/floridareprofreedom.org\\\/\",\"logo\":{\"@type\":\"ImageObject\",\"inLanguage\":\"es\",\"@id\":\"https:\\\/\\\/floridareprofreedom.org\\\/#\\\/schema\\\/logo\\\/image\\\/\",\"url\":\"https:\\\/\\\/floridareprofreedom.org\\\/wp-content\\\/uploads\\\/2019\\\/05\\\/Untitled.jpg\",\"contentUrl\":\"https:\\\/\\\/floridareprofreedom.org\\\/wp-content\\\/uploads\\\/2019\\\/05\\\/Untitled.jpg\",\"width\":174,\"height\":180,\"caption\":\"Floridians for Reproductive Freedom\"},\"image\":{\"@id\":\"https:\\\/\\\/floridareprofreedom.org\\\/#\\\/schema\\\/logo\\\/image\\\/\"},\"sameAs\":[\"https:\\\/\\\/www.facebook.com\\\/FloridaReproFreedom\\\/\",\"https:\\\/\\\/x.com\\\/FLReproFreedom\",\"https:\\\/\\\/www.instagram.com\\\/floridareprofreedom\\\/\"]}]}<\/script>\n<!-- \/ Yoast SEO plugin. -->","yoast_head_json":{"title":"Aborto - Floridanos por la Libertad Reproductiva","robots":{"index":"index","follow":"follow","max-snippet":"max-snippet:-1","max-image-preview":"max-image-preview:large","max-video-preview":"max-video-preview:-1"},"canonical":"https:\/\/floridareprofreedom.org\/es\/aborto-2\/","og_locale":"es_ES","og_type":"article","og_title":"Abortion - Floridians For Reproductive Freedom","og_description":"Living a safe and healthy life is a basic right \u2013 as is the freedom to define our own path. We aren\u2019t truly free if we cannot make our own decisions about our bodies, our lives, and our futures\u2014whether that is saying no to unwanted sexual advances, no to an unintended pregnancy, or yes to [&hellip;]","og_url":"https:\/\/floridareprofreedom.org\/es\/aborto-2\/","og_site_name":"Floridians For Reproductive Freedom","article_publisher":"https:\/\/www.facebook.com\/FloridaReproFreedom\/","article_modified_time":"2019-06-03T16:05:09+00:00","twitter_card":"summary_large_image","twitter_site":"@FLReproFreedom","twitter_misc":{"Est. reading time":"2 minutos"},"schema":{"@context":"https:\/\/schema.org","@graph":[{"@type":"WebPage","@id":"https:\/\/floridareprofreedom.org\/abortion-2\/","url":"https:\/\/floridareprofreedom.org\/abortion-2\/","name":"Aborto - Floridanos por la Libertad Reproductiva","isPartOf":{"@id":"https:\/\/floridareprofreedom.org\/#website"},"datePublished":"2019-05-31T16:08:44+00:00","dateModified":"2019-06-03T16:05:09+00:00","breadcrumb":{"@id":"https:\/\/floridareprofreedom.org\/abortion-2\/#breadcrumb"},"inLanguage":"es","potentialAction":[{"@type":"ReadAction","target":["https:\/\/floridareprofreedom.org\/abortion-2\/"]}]},{"@type":"BreadcrumbList","@id":"https:\/\/floridareprofreedom.org\/abortion-2\/#breadcrumb","itemListElement":[{"@type":"ListItem","position":1,"name":"Home","item":"https:\/\/floridareprofreedom.org\/"},{"@type":"ListItem","position":2,"name":"Abortion"}]},{"@type":"WebSite","@id":"https:\/\/floridareprofreedom.org\/#website","url":"https:\/\/floridareprofreedom.org\/","name":"Floridanos por la Libertad Reproductiva","description":"Abogando por un acceso conveniente, asequible y seguro a la atenci\u00f3n de la salud reproductiva, incluido el aborto.","publisher":{"@id":"https:\/\/floridareprofreedom.org\/#organization"},"potentialAction":[{"@type":"SearchAction","target":{"@type":"EntryPoint","urlTemplate":"https:\/\/floridareprofreedom.org\/?s={search_term_string}"},"query-input":{"@type":"PropertyValueSpecification","valueRequired":true,"valueName":"search_term_string"}}],"inLanguage":"es"},{"@type":"Organization","@id":"https:\/\/floridareprofreedom.org\/#organization","name":"Floridanos por la Libertad Reproductiva","url":"https:\/\/floridareprofreedom.org\/","logo":{"@type":"ImageObject","inLanguage":"es","@id":"https:\/\/floridareprofreedom.org\/#\/schema\/logo\/image\/","url":"https:\/\/floridareprofreedom.org\/wp-content\/uploads\/2019\/05\/Untitled.jpg","contentUrl":"https:\/\/floridareprofreedom.org\/wp-content\/uploads\/2019\/05\/Untitled.jpg","width":174,"height":180,"caption":"Floridians for Reproductive Freedom"},"image":{"@id":"https:\/\/floridareprofreedom.org\/#\/schema\/logo\/image\/"},"sameAs":["https:\/\/www.facebook.com\/FloridaReproFreedom\/","https:\/\/x.com\/FLReproFreedom","https:\/\/www.instagram.com\/floridareprofreedom\/"]}]}},"_links":{"self":[{"href":"https:\/\/floridareprofreedom.org\/es\/wp-json\/wp\/v2\/pages\/416","targetHints":{"allow":["GET"]}}],"collection":[{"href":"https:\/\/floridareprofreedom.org\/es\/wp-json\/wp\/v2\/pages"}],"about":[{"href":"https:\/\/floridareprofreedom.org\/es\/wp-json\/wp\/v2\/types\/page"}],"author":[{"embeddable":true,"href":"https:\/\/floridareprofreedom.org\/es\/wp-json\/wp\/v2\/users\/3"}],"replies":[{"embeddable":true,"href":"https:\/\/floridareprofreedom.org\/es\/wp-json\/wp\/v2\/comments?post=416"}],"version-history":[{"count":2,"href":"https:\/\/floridareprofreedom.org\/es\/wp-json\/wp\/v2\/pages\/416\/revisions"}],"predecessor-version":[{"id":651,"href":"https:\/\/floridareprofreedom.org\/es\/wp-json\/wp\/v2\/pages\/416\/revisions\/651"}],"wp:attachment":[{"href":"https:\/\/floridareprofreedom.org\/es\/wp-json\/wp\/v2\/media?parent=416"}],"wp:term":[{"taxonomy":"folder","embeddable":true,"href":"https:\/\/floridareprofreedom.org\/es\/wp-json\/wp\/v2\/folder?post=416"}],"curies":[{"name":"wp","href":"https:\/\/api.w.org\/{rel}","templated":true}]}}