{"id":432,"date":"2019-02-18T21:31:12","date_gmt":"2019-02-18T21:31:12","guid":{"rendered":"https:\/\/floridareprofreedom.org\/?page_id=432"},"modified":"2023-08-17T14:48:27","modified_gmt":"2023-08-17T14:48:27","slug":"aborto-provocado","status":"publish","type":"page","link":"https:\/\/floridareprofreedom.org\/es\/abortion\/","title":{"rendered":"El aborto es asistencia sanitaria"},"content":{"rendered":"<h4><em><a href=\"https:\/\/floridareprofreedom.org\/es\/el-aborto-es-legal-en-florida\/\"><strong>\u00bfBuscas un proveedor de abortos? Haz clic aqu\u00ed.<\/strong><\/a><\/em><\/h4>\n<h4><strong>Cuidamos a nuestras familias cuid\u00e1ndonos a nosotros mismos.<\/strong><\/h4>\n<h4><strong><img fetchpriority=\"high\" decoding=\"async\" class=\"size-medium wp-image-489 alignleft\" src=\"https:\/\/floridareprofreedom.org\/wp-content\/uploads\/2019\/02\/acare-billboard-300x200.jpg\" alt=\"\" width=\"300\" height=\"200\" srcset=\"https:\/\/floridareprofreedom.org\/wp-content\/uploads\/2019\/02\/acare-billboard-300x200.jpg 300w, https:\/\/floridareprofreedom.org\/wp-content\/uploads\/2019\/02\/acare-billboard.jpg 600w\" sizes=\"(max-width: 300px) 100vw, 300px\" \/><\/strong><strong>La salud y la seguridad son derechos b\u00e1sicos, como tambi\u00e9n lo es la libertad de definir nuestro propio camino.<\/strong><\/h4>\n<p>Los floridanos no somos verdaderamente libres si no podemos tomar nuestras propias decisiones sobre nuestro cuerpo, nuestra vida y nuestro futuro, ya sea decir no a insinuaciones sexuales no deseadas, no a un embarazo no planeado o s\u00ed a ser padres. Cuando alguien decide abortar, debe ser seguro, asequible y libre de castigos y juicios.<\/p>\n<h4><strong>En todo el pa\u00eds y en Florida, los pol\u00edticos antiaborto han estado trabajando para poner la atenci\u00f3n del aborto fuera del alcance o prohibirla por completo.<\/strong><\/h4>\n<p><img decoding=\"async\" class=\"alignright\" src=\"\/wp-content\/uploads\/2019\/02\/oneinfour-1.jpg\" width=\"250\" height=\"250\" \/>Cada a\u00f1o, legisladores antiaborto promueven proyectos de ley con restricciones m\u00e9dicamente innecesarias y con motivaciones pol\u00edticas. Quieren crear una red de barreras que impidan el acceso a servicios de aborto seguros y asequibles, especialmente para personas de bajos ingresos, j\u00f3venes y personas de color. Estos esfuerzos se coordinan a nivel nacional como parte de una agenda para, poco a poco, ilegalizar el aborto por completo.<\/p>\n<p>Los legisladores antiaborto aprueban o intentan aprobar leyes similares a las de otros estados que obligan a los proveedores de atenci\u00f3n m\u00e9dica a mentir a las pacientes; las obligan a asistir a m\u00faltiples citas m\u00e9dicamente innecesarias; y las obligan a someterse a procedimientos m\u00e9dicamente innecesarios y, a veces, invasivos. Las leyes que exigen est\u00e1ndares de construcci\u00f3n m\u00e1s estrictos para los proveedores de abortos que para otros proveedores de salud son un intento flagrante de provocar el cierre de cl\u00ednicas en Florida. Actualmente, 70% de los condados de Florida no tienen proveedores que ofrezcan abortos.<\/p>\n<h4><strong>Obligar a alguien a llevar un embarazo puede tener consecuencias devastadoras y duraderas.<\/strong><\/h4>\n<p><img decoding=\"async\" class=\"size-medium wp-image-484 alignleft\" src=\"https:\/\/floridareprofreedom.org\/wp-content\/uploads\/2019\/02\/acare-1-1-300x300.jpg\" alt=\"\" width=\"300\" height=\"300\" srcset=\"https:\/\/floridareprofreedom.org\/wp-content\/uploads\/2019\/02\/acare-1-1-300x300.jpg 300w, https:\/\/floridareprofreedom.org\/wp-content\/uploads\/2019\/02\/acare-1-1-150x150.jpg 150w, https:\/\/floridareprofreedom.org\/wp-content\/uploads\/2019\/02\/acare-1-1-768x768.jpg 768w, https:\/\/floridareprofreedom.org\/wp-content\/uploads\/2019\/02\/acare-1-1.jpg 800w\" sizes=\"(max-width: 300px) 100vw, 300px\" \/>Los estudios demuestran que quienes se les niega la atenci\u00f3n para un aborto tienen m\u00e1s probabilidades de caer en la pobreza que quienes s\u00ed la reciben. Tras la negaci\u00f3n de un aborto, una persona tiene tres veces m\u00e1s probabilidades de estar desempleada que quien pudo acceder a ella. Por otro lado, quienes pueden acceder a ella, en comparaci\u00f3n con quienes se la niegan, tienen seis veces m\u00e1s probabilidades de tener planes de vida positivos y de alcanzarlos.<\/p>\n<div class=\"row bottom-buffer\">\n<div class=\"col-md-9\">\n<h4><strong>Es hora de alzar la voz y hacernos presentes para garantizar que la atenci\u00f3n del aborto con dignidad y respeto est\u00e9 disponible en las comunidades de Florida, y poner fin a las restricciones basadas en la edad, la identidad o el lugar donde vivimos.<\/strong><\/h4>\n<p>La coalici\u00f3n Floridanos por la Libertad Reproductiva est\u00e1 creando un futuro que protege la atenci\u00f3n del aborto, defiende los derechos b\u00e1sicos y la justicia, y respeta nuestra toma de decisiones. Estamos movilizando a siete de cada diez floridanos que apoyan el aborto legal para mantener la presi\u00f3n sobre nuestros tribunales, la Legislatura y el gobernador. \u00danase a nosotros para fortalecer la protecci\u00f3n del derecho al aborto y detener los ataques adicionales al acceso al mismo. Inscr\u00edbase ahora para recibir alertas de acci\u00f3n e informaci\u00f3n sobre c\u00f3mo unirse a nuestro movimiento.<\/p>\n<\/div>\n<\/div>\n<h4><strong>Necesitamos tu participaci\u00f3n. \u00danete hoy al movimiento por la libertad reproductiva y el derecho al aborto.<\/strong><\/h4>\n<p><a href=\"https:\/\/progressflorida.actionkit.com\/signup\/frf-grassroots-signup\" target=\"_blank\" rel=\"noopener\"><button>Reg\u00edstrate para participar<\/button><\/a><\/p>","protected":false},"excerpt":{"rendered":"<p>Seeking an abortion provider? Click here. We take care of our families by taking care of ourselves. Health and safety are basic rights \u2013 as is the freedom to define our own path. Floridians aren\u2019t truly free if we can\u2019t make our own decisions about our bodies, our lives, and our futures\u2014whether that is saying [&hellip;]<\/p>\n","protected":false},"author":4,"featured_media":0,"parent":0,"menu_order":0,"comment_status":"closed","ping_status":"closed","template":"","meta":{"footnotes":""},"folder":[],"class_list":["post-432","page","type-page","status-publish","hentry"],"yoast_head":"<!-- This site is optimized with the Yoast SEO plugin v27.3 - https:\/\/yoast.com\/product\/yoast-seo-wordpress\/ -->\n<title>Abortion is Health Care - Floridians For Reproductive Freedom<\/title>\n<meta name=\"robots\" content=\"index, follow, max-snippet:-1, max-image-preview:large, max-video-preview:-1\" \/>\n<link rel=\"canonical\" href=\"https:\/\/floridareprofreedom.org\/es\/aborto-provocado\/\" \/>\n<meta property=\"og:locale\" content=\"es_ES\" \/>\n<meta property=\"og:type\" content=\"article\" \/>\n<meta property=\"og:title\" content=\"Abortion is Health Care - Floridians For Reproductive Freedom\" \/>\n<meta property=\"og:description\" content=\"Seeking an abortion provider? Click here. We take care of our families by taking care of ourselves. Health and safety are basic rights \u2013 as is the freedom to define our own path. Floridians aren\u2019t truly free if we can\u2019t make our own decisions about our bodies, our lives, and our futures\u2014whether that is saying [&hellip;]\" \/>\n<meta property=\"og:url\" content=\"https:\/\/floridareprofreedom.org\/es\/aborto-provocado\/\" \/>\n<meta property=\"og:site_name\" content=\"Floridians For Reproductive Freedom\" \/>\n<meta property=\"article:publisher\" content=\"https:\/\/www.facebook.com\/FloridaReproFreedom\/\" \/>\n<meta property=\"article:modified_time\" content=\"2023-08-17T14:48:27+00:00\" \/>\n<meta property=\"og:image\" content=\"https:\/\/floridareprofreedom.org\/wp-content\/uploads\/2019\/02\/acare-billboard-300x200.jpg\" \/>\n<meta name=\"twitter:card\" content=\"summary_large_image\" \/>\n<meta name=\"twitter:site\" content=\"@FLReproFreedom\" \/>\n<meta name=\"twitter:label1\" content=\"Est. reading time\" \/>\n\t<meta name=\"twitter:data1\" content=\"3 minutos\" \/>\n<script type=\"application\/ld+json\" class=\"yoast-schema-graph\">{\"@context\":\"https:\\\/\\\/schema.org\",\"@graph\":[{\"@type\":\"WebPage\",\"@id\":\"https:\\\/\\\/floridareprofreedom.org\\\/abortion\\\/\",\"url\":\"https:\\\/\\\/floridareprofreedom.org\\\/abortion\\\/\",\"name\":\"Abortion is Health Care - Floridians For Reproductive Freedom\",\"isPartOf\":{\"@id\":\"https:\\\/\\\/floridareprofreedom.org\\\/#website\"},\"primaryImageOfPage\":{\"@id\":\"https:\\\/\\\/floridareprofreedom.org\\\/abortion\\\/#primaryimage\"},\"image\":{\"@id\":\"https:\\\/\\\/floridareprofreedom.org\\\/abortion\\\/#primaryimage\"},\"thumbnailUrl\":\"https:\\\/\\\/floridareprofreedom.org\\\/wp-content\\\/uploads\\\/2019\\\/02\\\/acare-billboard-300x200.jpg\",\"datePublished\":\"2019-02-18T21:31:12+00:00\",\"dateModified\":\"2023-08-17T14:48:27+00:00\",\"breadcrumb\":{\"@id\":\"https:\\\/\\\/floridareprofreedom.org\\\/abortion\\\/#breadcrumb\"},\"inLanguage\":\"es\",\"potentialAction\":[{\"@type\":\"ReadAction\",\"target\":[\"https:\\\/\\\/floridareprofreedom.org\\\/abortion\\\/\"]}]},{\"@type\":\"ImageObject\",\"inLanguage\":\"es\",\"@id\":\"https:\\\/\\\/floridareprofreedom.org\\\/abortion\\\/#primaryimage\",\"url\":\"https:\\\/\\\/floridareprofreedom.org\\\/wp-content\\\/uploads\\\/2019\\\/02\\\/acare-billboard-300x200.jpg\",\"contentUrl\":\"https:\\\/\\\/floridareprofreedom.org\\\/wp-content\\\/uploads\\\/2019\\\/02\\\/acare-billboard-300x200.jpg\"},{\"@type\":\"BreadcrumbList\",\"@id\":\"https:\\\/\\\/floridareprofreedom.org\\\/abortion\\\/#breadcrumb\",\"itemListElement\":[{\"@type\":\"ListItem\",\"position\":1,\"name\":\"Home\",\"item\":\"https:\\\/\\\/floridareprofreedom.org\\\/\"},{\"@type\":\"ListItem\",\"position\":2,\"name\":\"Abortion is Health Care\"}]},{\"@type\":\"WebSite\",\"@id\":\"https:\\\/\\\/floridareprofreedom.org\\\/#website\",\"url\":\"https:\\\/\\\/floridareprofreedom.org\\\/\",\"name\":\"Floridians For Reproductive Freedom\",\"description\":\"Advocating for convenient, affordable, and safe access to reproductive health care, including abortion.\",\"publisher\":{\"@id\":\"https:\\\/\\\/floridareprofreedom.org\\\/#organization\"},\"potentialAction\":[{\"@type\":\"SearchAction\",\"target\":{\"@type\":\"EntryPoint\",\"urlTemplate\":\"https:\\\/\\\/floridareprofreedom.org\\\/?s={search_term_string}\"},\"query-input\":{\"@type\":\"PropertyValueSpecification\",\"valueRequired\":true,\"valueName\":\"search_term_string\"}}],\"inLanguage\":\"es\"},{\"@type\":\"Organization\",\"@id\":\"https:\\\/\\\/floridareprofreedom.org\\\/#organization\",\"name\":\"Floridians for Reproductive Freedom\",\"url\":\"https:\\\/\\\/floridareprofreedom.org\\\/\",\"logo\":{\"@type\":\"ImageObject\",\"inLanguage\":\"es\",\"@id\":\"https:\\\/\\\/floridareprofreedom.org\\\/#\\\/schema\\\/logo\\\/image\\\/\",\"url\":\"https:\\\/\\\/floridareprofreedom.org\\\/wp-content\\\/uploads\\\/2019\\\/05\\\/Untitled.jpg\",\"contentUrl\":\"https:\\\/\\\/floridareprofreedom.org\\\/wp-content\\\/uploads\\\/2019\\\/05\\\/Untitled.jpg\",\"width\":174,\"height\":180,\"caption\":\"Floridians for Reproductive Freedom\"},\"image\":{\"@id\":\"https:\\\/\\\/floridareprofreedom.org\\\/#\\\/schema\\\/logo\\\/image\\\/\"},\"sameAs\":[\"https:\\\/\\\/www.facebook.com\\\/FloridaReproFreedom\\\/\",\"https:\\\/\\\/x.com\\\/FLReproFreedom\",\"https:\\\/\\\/www.instagram.com\\\/floridareprofreedom\\\/\"]}]}<\/script>\n<!-- \/ Yoast SEO plugin. -->","yoast_head_json":{"title":"El aborto es atenci\u00f3n m\u00e9dica - Floridanos por la libertad reproductiva","robots":{"index":"index","follow":"follow","max-snippet":"max-snippet:-1","max-image-preview":"max-image-preview:large","max-video-preview":"max-video-preview:-1"},"canonical":"https:\/\/floridareprofreedom.org\/es\/aborto-provocado\/","og_locale":"es_ES","og_type":"article","og_title":"Abortion is Health Care - Floridians For Reproductive Freedom","og_description":"Seeking an abortion provider? Click here. We take care of our families by taking care of ourselves. Health and safety are basic rights \u2013 as is the freedom to define our own path. Floridians aren\u2019t truly free if we can\u2019t make our own decisions about our bodies, our lives, and our futures\u2014whether that is saying [&hellip;]","og_url":"https:\/\/floridareprofreedom.org\/es\/aborto-provocado\/","og_site_name":"Floridians For Reproductive Freedom","article_publisher":"https:\/\/www.facebook.com\/FloridaReproFreedom\/","article_modified_time":"2023-08-17T14:48:27+00:00","og_image":[{"url":"https:\/\/floridareprofreedom.org\/wp-content\/uploads\/2019\/02\/acare-billboard-300x200.jpg","type":"","width":"","height":""}],"twitter_card":"summary_large_image","twitter_site":"@FLReproFreedom","twitter_misc":{"Est. reading time":"3 minutos"},"schema":{"@context":"https:\/\/schema.org","@graph":[{"@type":"WebPage","@id":"https:\/\/floridareprofreedom.org\/abortion\/","url":"https:\/\/floridareprofreedom.org\/abortion\/","name":"El aborto es atenci\u00f3n m\u00e9dica - Floridanos por la libertad reproductiva","isPartOf":{"@id":"https:\/\/floridareprofreedom.org\/#website"},"primaryImageOfPage":{"@id":"https:\/\/floridareprofreedom.org\/abortion\/#primaryimage"},"image":{"@id":"https:\/\/floridareprofreedom.org\/abortion\/#primaryimage"},"thumbnailUrl":"https:\/\/floridareprofreedom.org\/wp-content\/uploads\/2019\/02\/acare-billboard-300x200.jpg","datePublished":"2019-02-18T21:31:12+00:00","dateModified":"2023-08-17T14:48:27+00:00","breadcrumb":{"@id":"https:\/\/floridareprofreedom.org\/abortion\/#breadcrumb"},"inLanguage":"es","potentialAction":[{"@type":"ReadAction","target":["https:\/\/floridareprofreedom.org\/abortion\/"]}]},{"@type":"ImageObject","inLanguage":"es","@id":"https:\/\/floridareprofreedom.org\/abortion\/#primaryimage","url":"https:\/\/floridareprofreedom.org\/wp-content\/uploads\/2019\/02\/acare-billboard-300x200.jpg","contentUrl":"https:\/\/floridareprofreedom.org\/wp-content\/uploads\/2019\/02\/acare-billboard-300x200.jpg"},{"@type":"BreadcrumbList","@id":"https:\/\/floridareprofreedom.org\/abortion\/#breadcrumb","itemListElement":[{"@type":"ListItem","position":1,"name":"Home","item":"https:\/\/floridareprofreedom.org\/"},{"@type":"ListItem","position":2,"name":"Abortion is Health Care"}]},{"@type":"WebSite","@id":"https:\/\/floridareprofreedom.org\/#website","url":"https:\/\/floridareprofreedom.org\/","name":"Floridanos por la Libertad Reproductiva","description":"Abogando por un acceso conveniente, asequible y seguro a la atenci\u00f3n de la salud reproductiva, incluido el aborto.","publisher":{"@id":"https:\/\/floridareprofreedom.org\/#organization"},"potentialAction":[{"@type":"SearchAction","target":{"@type":"EntryPoint","urlTemplate":"https:\/\/floridareprofreedom.org\/?s={search_term_string}"},"query-input":{"@type":"PropertyValueSpecification","valueRequired":true,"valueName":"search_term_string"}}],"inLanguage":"es"},{"@type":"Organization","@id":"https:\/\/floridareprofreedom.org\/#organization","name":"Floridanos por la Libertad Reproductiva","url":"https:\/\/floridareprofreedom.org\/","logo":{"@type":"ImageObject","inLanguage":"es","@id":"https:\/\/floridareprofreedom.org\/#\/schema\/logo\/image\/","url":"https:\/\/floridareprofreedom.org\/wp-content\/uploads\/2019\/05\/Untitled.jpg","contentUrl":"https:\/\/floridareprofreedom.org\/wp-content\/uploads\/2019\/05\/Untitled.jpg","width":174,"height":180,"caption":"Floridians for Reproductive Freedom"},"image":{"@id":"https:\/\/floridareprofreedom.org\/#\/schema\/logo\/image\/"},"sameAs":["https:\/\/www.facebook.com\/FloridaReproFreedom\/","https:\/\/x.com\/FLReproFreedom","https:\/\/www.instagram.com\/floridareprofreedom\/"]}]}},"_links":{"self":[{"href":"https:\/\/floridareprofreedom.org\/es\/wp-json\/wp\/v2\/pages\/432","targetHints":{"allow":["GET"]}}],"collection":[{"href":"https:\/\/floridareprofreedom.org\/es\/wp-json\/wp\/v2\/pages"}],"about":[{"href":"https:\/\/floridareprofreedom.org\/es\/wp-json\/wp\/v2\/types\/page"}],"author":[{"embeddable":true,"href":"https:\/\/floridareprofreedom.org\/es\/wp-json\/wp\/v2\/users\/4"}],"replies":[{"embeddable":true,"href":"https:\/\/floridareprofreedom.org\/es\/wp-json\/wp\/v2\/comments?post=432"}],"version-history":[{"count":56,"href":"https:\/\/floridareprofreedom.org\/es\/wp-json\/wp\/v2\/pages\/432\/revisions"}],"predecessor-version":[{"id":2895,"href":"https:\/\/floridareprofreedom.org\/es\/wp-json\/wp\/v2\/pages\/432\/revisions\/2895"}],"wp:attachment":[{"href":"https:\/\/floridareprofreedom.org\/es\/wp-json\/wp\/v2\/media?parent=432"}],"wp:term":[{"taxonomy":"folder","embeddable":true,"href":"https:\/\/floridareprofreedom.org\/es\/wp-json\/wp\/v2\/folder?post=432"}],"curies":[{"name":"wp","href":"https:\/\/api.w.org\/{rel}","templated":true}]}}