{"id":572,"date":"2019-04-04T18:25:12","date_gmt":"2019-04-04T18:25:12","guid":{"rendered":"https:\/\/floridareprofreedom.org\/?page_id=572"},"modified":"2021-02-08T14:20:49","modified_gmt":"2021-02-08T14:20:49","slug":"unirse","status":"publish","type":"page","link":"https:\/\/floridareprofreedom.org\/es\/join\/","title":{"rendered":"\u00danase a los floridanos por la libertad reproductiva"},"content":{"rendered":"<div data-elementor-type=\"wp-page\" data-elementor-id=\"572\" class=\"elementor elementor-572\" data-elementor-post-type=\"page\">\n\t\t\t\t\t\t<section class=\"elementor-section elementor-top-section elementor-element elementor-element-6e755e27 elementor-section-boxed elementor-section-height-default elementor-section-height-default\" data-id=\"6e755e27\" data-element_type=\"section\" data-e-type=\"section\">\n\t\t\t\t\t\t<div class=\"elementor-container elementor-column-gap-default\">\n\t\t\t\t\t<div class=\"elementor-column elementor-col-100 elementor-top-column elementor-element elementor-element-22172c17\" data-id=\"22172c17\" data-element_type=\"column\" data-e-type=\"column\">\n\t\t\t<div class=\"elementor-widget-wrap elementor-element-populated\">\n\t\t\t\t\t\t<div class=\"elementor-element elementor-element-5d47b669 elementor-widget elementor-widget-text-editor\" data-id=\"5d47b669\" data-element_type=\"widget\" data-e-type=\"widget\" data-widget_type=\"text-editor.default\">\n\t\t\t\t<div class=\"elementor-widget-container\">\n\t\t\t\t\t\t\t\t\tComo floridanos, asegur\u00e9monos de conservar todos los derechos, libertades y oportunidades para controlar nuestras vidas en el nivel m\u00e1s b\u00e1sico: nuestro cuerpo, nuestra familia y nuestro camino en la vida, lo que incluye el derecho y la posibilidad de abortar. Inscr\u00edbase en la lista de correo electr\u00f3nico de Derechos Reproductivos de Florida y reciba los siguientes beneficios:\n<ul>\n \t<li>Un bolet\u00edn electr\u00f3nico semanal con un resumen seleccionado de enlaces a pr\u00f3ximos eventos, las \u00faltimas noticias, ofertas de empleo y acciones que puede tomar relacionadas con la salud y los derechos reproductivos en nuestro estado y naci\u00f3n.<\/li>\n<\/ul>\n<ul>\n \t<li>Alertas de acci\u00f3n importantes que ofrecen t\u00e1cticas efectivas para alzar la voz.<\/li>\n<\/ul>\n<ul>\n \t<li>Aviso anticipado sobre eventos relacionados con los derechos reproductivos y de desarrollo de poder de base que suceden en Florida.<\/li>\n<\/ul>\n<ul>\n \t<li>Informaci\u00f3n que llenar\u00e1 su caja de herramientas de promoci\u00f3n con hechos, mensajes clave e inspiraci\u00f3n.<\/li>\n<\/ul>\t\t\t\t\t\t\t\t<\/div>\n\t\t\t\t<\/div>\n\t\t\t\t<div class=\"elementor-element elementor-element-972c341 elementor-widget elementor-widget-html\" data-id=\"972c341\" data-element_type=\"widget\" data-e-type=\"widget\" data-widget_type=\"html.default\">\n\t\t\t\t<div class=\"elementor-widget-container\">\n\t\t\t\t\t<form class=\"action_form\" name=\"act\" method=\"POST\" action=\"https:\/\/progressflorida.actionkit.com\/act\/\" accept-charset=\"utf-8\">\n    \n    <div class=\"ak-grid-row\">\n        <div id=\"signup-story\" class=\"ak-grid-col ak-grid-col-6-of-12\">\n\n            <div class=\"ak-mobile-lead\"><\/div>\n\n        <\/div>\n\n        <div id=\"signup-form\" class=\"ak-grid-col ak-grid-col-6-of-12 ak-styled-fields ak-labels-overlaid ak-errs-below\">\n        <div class=\"statement-text-wrapper ak-field-box ak-field-box-borderless\">\n\n            <ul class=\"compact\" id=\"ak-errors\"><\/ul>\n<div id=\"unknown_user\" class=\"ak-user-form\">\n    \n\n    <div id=\"ak-fieldbox-first_name\" class=\"required\">\n        <label for=\"id_first_name\">\n            Nombre de pila<span class=\"ak-required-flag\">*<\/span>\n        <\/label>\n                <input type=\"text\" name=\"first_name\" id=\"id_first_name\" class=\"ak-userfield-input\">\n    <\/div>\n    <div id=\"ak-fieldbox-last_name\" class=\"required\">\n        <label for=\"id_last_name\">\n            Apellido<span class=\"ak-required-flag\">*<\/span>\n        <\/label>\n                <input type=\"text\" name=\"last_name\" id=\"id_last_name\" class=\"ak-userfield-input\">\n    <\/div>\n    <div id=\"ak-fieldbox-email\" class=\"required\">\n        <label for=\"id_email\">\n            Direcci\u00f3n de correo electr\u00f3nico<span class=\"ak-required-flag\">*<\/span>\n        <\/label>\n                <input type=\"text\" name=\"email\" id=\"id_email\" class=\"ak-userfield-input\">\n    <\/div>\n    <div id=\"ak-fieldbox-address1\" >\n        <label for=\"id_address1\">\n            Direcci\u00f3n de la calle\n        <\/label>\n                <input type=\"text\" name=\"address1\" id=\"id_address1\" class=\"ak-userfield-input\">\n    <\/div>\n    <div id=\"ak-fieldbox-city\" >\n        <label for=\"id_city\">\n            Ciudad\n        <\/label>\n                <input type=\"text\" name=\"city\" id=\"id_city\" class=\"ak-userfield-input\">\n    <\/div>\n    <div id=\"ak-fieldbox-state\" >\n        <label for=\"id_state\">\n            Estado\n        <\/label>\n                <select name=\"state\" id=\"id_state\" >\n    <option value=\"\">Estado<\/option>\n    <option value=\"AL\">Alabama<\/option>\n    <option value=\"AK\">Alaska<\/option>\n    <option value=\"AZ\">Arizona<\/option>\n    <option value=\"AR\">Arkansas<\/option>\n    <option value=\"CA\">California<\/option>\n    <option value=\"CO\">Colorado<\/option>\n    <option value=\"CT\">Connecticut<\/option>\n    <option value=\"DE\">Delaware<\/option>\n    <option value=\"DC\">Distrito de Columbia<\/option>\n    <option value=\"FL\">Florida<\/option>\n    <option value=\"GA\">Georgia<\/option>\n    <option value=\"HI\">Hawai<\/option>\n    <option value=\"ID\">Idaho<\/option>\n    <option value=\"IL\">Illinois<\/option>\n    <option value=\"IN\">Indiana<\/option>\n    <option value=\"IA\">Iowa<\/option>\n    <option value=\"KS\">Kansas<\/option>\n    <option value=\"KY\">Kentucky<\/option>\n    <option value=\"LA\">Luisiana<\/option>\n    <option value=\"ME\">Maine<\/option>\n    <option value=\"MD\">Maryland<\/option>\n    <option value=\"MA\">Massachusetts<\/option>\n    <option value=\"MI\">Michigan<\/option>\n    <option value=\"MN\">Minnesota<\/option>\n    <option value=\"MS\">Misisip\u00ed<\/option>\n    <option value=\"MO\">Misuri<\/option>\n    <option value=\"MT\">Montana<\/option>\n    <option value=\"NE\">Nebraska<\/option>\n    <option value=\"NV\">Nevada<\/option>\n    <option value=\"NH\">Nuevo Hampshire<\/option>\n    <option value=\"NJ\">Nueva Jersey<\/option>\n    <option value=\"NM\">Nuevo M\u00e9jico<\/option>\n    <option value=\"NY\">Nueva York<\/option>\n    <option value=\"NC\">Carolina del Norte<\/option>\n    <option value=\"ND\">Dakota del Norte<\/option>\n    <option value=\"OH\">Ohio<\/option>\n    <option value=\"OK\">Oklahoma<\/option>\n    <option value=\"OR\">Oreg\u00f3n<\/option>\n    <option value=\"PA\">Pensilvania<\/option>\n    <option value=\"RI\">Rhode Island<\/option>\n    <option value=\"SC\">Carolina del Sur<\/option>\n    <option value=\"SD\">Dakota del Sur<\/option>\n    <option value=\"TN\">Tennesse<\/option>\n    <option value=\"TX\">Texas<\/option>\n    <option value=\"UT\">Utah<\/option>\n    <option value=\"VT\">Vermont<\/option>\n    <option value=\"VA\">Virginia<\/option>\n    <option value=\"WA\">Washington<\/option>\n    <option value=\"DC\">Washington, D.C.<\/option>\n    <option value=\"WV\">Virginia Occidental<\/option>\n    <option value=\"WI\">Wisconsin<\/option>\n    <option value=\"WY\">Wyoming<\/option>\n<\/select>\n    <\/div>\n\n    <div id=\"ak-fieldbox-zip\" class=\"required\">\n        <label for=\"id_zip\">\n            C\u00f3digo postal<span class=\"ak-required-flag\">*<\/span>\n        <\/label>\n                <input type=\"text\" name=\"zip\" id=\"id_zip\" class=\"ak-userfield-input\">\n    <\/div>\n    <div id=\"ak-fieldbox-postal\" >\n        <label for=\"id_postal\">\n            C\u00f3digo Postal\n        <\/label>\n                <input type=\"text\" name=\"postal\" id=\"id_postal\" class=\"ak-userfield-input\">\n    <\/div>\n    <div id=\"ak-fieldbox-phone\" >\n        <label for=\"id_phone\">\n            Tel\u00e9fono\n        <\/label>\n                <input type=\"text\" name=\"phone\" id=\"id_phone\" class=\"ak-userfield-input\">\n    <\/div>\n    <input type=\"hidden\" name=\"country\" value=\"United States\">\n\n\n<\/div>\n\n\n            <button type=\"submit\" class=\"ak-submit-button\">Inscribirse<\/button>\n\n\n        <\/div>\n        <\/div>\n    <\/div>\n    \n    <input type=\"hidden\" name=\"page\" value=\"frf-grassroots\">\n<\/form>\t\t\t\t<\/div>\n\t\t\t\t<\/div>\n\t\t\t\t\t<\/div>\n\t\t<\/div>\n\t\t\t\t\t<\/div>\n\t\t<\/section>\n\t\t\t\t<\/div>","protected":false},"excerpt":{"rendered":"<p>As Floridians, let\u2019s make sure we keep all the rights, freedoms, and opportunities to control our lives at the most basic level: our bodies, our families, and our life\u2019s path \u2013 and that includes the right and the ability to have an abortion. Sign up to join Florida\u2019s Reproductive Rights email list and receive the [&hellip;]<\/p>\n","protected":false},"author":4,"featured_media":0,"parent":0,"menu_order":0,"comment_status":"closed","ping_status":"closed","template":"","meta":{"footnotes":""},"folder":[],"class_list":["post-572","page","type-page","status-publish","hentry"],"yoast_head":"<!-- This site is optimized with the Yoast SEO plugin v27.3 - https:\/\/yoast.com\/product\/yoast-seo-wordpress\/ -->\n<title>Join Floridians For Reproductive Freedom - Floridians For Reproductive Freedom<\/title>\n<meta name=\"robots\" content=\"index, follow, max-snippet:-1, max-image-preview:large, max-video-preview:-1\" \/>\n<link rel=\"canonical\" href=\"https:\/\/floridareprofreedom.org\/es\/unirse\/\" \/>\n<meta property=\"og:locale\" content=\"es_ES\" \/>\n<meta property=\"og:type\" content=\"article\" \/>\n<meta property=\"og:title\" content=\"Join Floridians For Reproductive Freedom - Floridians For Reproductive Freedom\" \/>\n<meta property=\"og:description\" content=\"As Floridians, let\u2019s make sure we keep all the rights, freedoms, and opportunities to control our lives at the most basic level: our bodies, our families, and our life\u2019s path \u2013 and that includes the right and the ability to have an abortion. Sign up to join Florida\u2019s Reproductive Rights email list and receive the [&hellip;]\" \/>\n<meta property=\"og:url\" content=\"https:\/\/floridareprofreedom.org\/es\/unirse\/\" \/>\n<meta property=\"og:site_name\" content=\"Floridians For Reproductive Freedom\" \/>\n<meta property=\"article:publisher\" content=\"https:\/\/www.facebook.com\/FloridaReproFreedom\/\" \/>\n<meta property=\"article:modified_time\" content=\"2021-02-08T14:20:49+00:00\" \/>\n<meta name=\"twitter:card\" content=\"summary_large_image\" \/>\n<meta name=\"twitter:site\" content=\"@FLReproFreedom\" \/>\n<meta name=\"twitter:label1\" content=\"Est. reading time\" \/>\n\t<meta name=\"twitter:data1\" content=\"1 minuto\" \/>\n<script type=\"application\/ld+json\" class=\"yoast-schema-graph\">{\"@context\":\"https:\\\/\\\/schema.org\",\"@graph\":[{\"@type\":\"WebPage\",\"@id\":\"https:\\\/\\\/floridareprofreedom.org\\\/join\\\/\",\"url\":\"https:\\\/\\\/floridareprofreedom.org\\\/join\\\/\",\"name\":\"Join Floridians For Reproductive Freedom - Floridians For Reproductive Freedom\",\"isPartOf\":{\"@id\":\"https:\\\/\\\/floridareprofreedom.org\\\/#website\"},\"datePublished\":\"2019-04-04T18:25:12+00:00\",\"dateModified\":\"2021-02-08T14:20:49+00:00\",\"breadcrumb\":{\"@id\":\"https:\\\/\\\/floridareprofreedom.org\\\/join\\\/#breadcrumb\"},\"inLanguage\":\"es\",\"potentialAction\":[{\"@type\":\"ReadAction\",\"target\":[\"https:\\\/\\\/floridareprofreedom.org\\\/join\\\/\"]}]},{\"@type\":\"BreadcrumbList\",\"@id\":\"https:\\\/\\\/floridareprofreedom.org\\\/join\\\/#breadcrumb\",\"itemListElement\":[{\"@type\":\"ListItem\",\"position\":1,\"name\":\"Home\",\"item\":\"https:\\\/\\\/floridareprofreedom.org\\\/\"},{\"@type\":\"ListItem\",\"position\":2,\"name\":\"Join Floridians For Reproductive Freedom\"}]},{\"@type\":\"WebSite\",\"@id\":\"https:\\\/\\\/floridareprofreedom.org\\\/#website\",\"url\":\"https:\\\/\\\/floridareprofreedom.org\\\/\",\"name\":\"Floridians For Reproductive Freedom\",\"description\":\"Advocating for convenient, affordable, and safe access to reproductive health care, including abortion.\",\"publisher\":{\"@id\":\"https:\\\/\\\/floridareprofreedom.org\\\/#organization\"},\"potentialAction\":[{\"@type\":\"SearchAction\",\"target\":{\"@type\":\"EntryPoint\",\"urlTemplate\":\"https:\\\/\\\/floridareprofreedom.org\\\/?s={search_term_string}\"},\"query-input\":{\"@type\":\"PropertyValueSpecification\",\"valueRequired\":true,\"valueName\":\"search_term_string\"}}],\"inLanguage\":\"es\"},{\"@type\":\"Organization\",\"@id\":\"https:\\\/\\\/floridareprofreedom.org\\\/#organization\",\"name\":\"Floridians for Reproductive Freedom\",\"url\":\"https:\\\/\\\/floridareprofreedom.org\\\/\",\"logo\":{\"@type\":\"ImageObject\",\"inLanguage\":\"es\",\"@id\":\"https:\\\/\\\/floridareprofreedom.org\\\/#\\\/schema\\\/logo\\\/image\\\/\",\"url\":\"https:\\\/\\\/floridareprofreedom.org\\\/wp-content\\\/uploads\\\/2019\\\/05\\\/Untitled.jpg\",\"contentUrl\":\"https:\\\/\\\/floridareprofreedom.org\\\/wp-content\\\/uploads\\\/2019\\\/05\\\/Untitled.jpg\",\"width\":174,\"height\":180,\"caption\":\"Floridians for Reproductive Freedom\"},\"image\":{\"@id\":\"https:\\\/\\\/floridareprofreedom.org\\\/#\\\/schema\\\/logo\\\/image\\\/\"},\"sameAs\":[\"https:\\\/\\\/www.facebook.com\\\/FloridaReproFreedom\\\/\",\"https:\\\/\\\/x.com\\\/FLReproFreedom\",\"https:\\\/\\\/www.instagram.com\\\/floridareprofreedom\\\/\"]}]}<\/script>\n<!-- \/ Yoast SEO plugin. -->","yoast_head_json":{"title":"\u00danase a los floridanos por la libertad reproductiva - Floridanos por la libertad reproductiva","robots":{"index":"index","follow":"follow","max-snippet":"max-snippet:-1","max-image-preview":"max-image-preview:large","max-video-preview":"max-video-preview:-1"},"canonical":"https:\/\/floridareprofreedom.org\/es\/unirse\/","og_locale":"es_ES","og_type":"article","og_title":"Join Floridians For Reproductive Freedom - Floridians For Reproductive Freedom","og_description":"As Floridians, let\u2019s make sure we keep all the rights, freedoms, and opportunities to control our lives at the most basic level: our bodies, our families, and our life\u2019s path \u2013 and that includes the right and the ability to have an abortion. Sign up to join Florida\u2019s Reproductive Rights email list and receive the [&hellip;]","og_url":"https:\/\/floridareprofreedom.org\/es\/unirse\/","og_site_name":"Floridians For Reproductive Freedom","article_publisher":"https:\/\/www.facebook.com\/FloridaReproFreedom\/","article_modified_time":"2021-02-08T14:20:49+00:00","twitter_card":"summary_large_image","twitter_site":"@FLReproFreedom","twitter_misc":{"Est. reading time":"1 minuto"},"schema":{"@context":"https:\/\/schema.org","@graph":[{"@type":"WebPage","@id":"https:\/\/floridareprofreedom.org\/join\/","url":"https:\/\/floridareprofreedom.org\/join\/","name":"\u00danase a los floridanos por la libertad reproductiva - Floridanos por la libertad reproductiva","isPartOf":{"@id":"https:\/\/floridareprofreedom.org\/#website"},"datePublished":"2019-04-04T18:25:12+00:00","dateModified":"2021-02-08T14:20:49+00:00","breadcrumb":{"@id":"https:\/\/floridareprofreedom.org\/join\/#breadcrumb"},"inLanguage":"es","potentialAction":[{"@type":"ReadAction","target":["https:\/\/floridareprofreedom.org\/join\/"]}]},{"@type":"BreadcrumbList","@id":"https:\/\/floridareprofreedom.org\/join\/#breadcrumb","itemListElement":[{"@type":"ListItem","position":1,"name":"Home","item":"https:\/\/floridareprofreedom.org\/"},{"@type":"ListItem","position":2,"name":"Join Floridians For Reproductive Freedom"}]},{"@type":"WebSite","@id":"https:\/\/floridareprofreedom.org\/#website","url":"https:\/\/floridareprofreedom.org\/","name":"Floridanos por la Libertad Reproductiva","description":"Abogando por un acceso conveniente, asequible y seguro a la atenci\u00f3n de la salud reproductiva, incluido el aborto.","publisher":{"@id":"https:\/\/floridareprofreedom.org\/#organization"},"potentialAction":[{"@type":"SearchAction","target":{"@type":"EntryPoint","urlTemplate":"https:\/\/floridareprofreedom.org\/?s={search_term_string}"},"query-input":{"@type":"PropertyValueSpecification","valueRequired":true,"valueName":"search_term_string"}}],"inLanguage":"es"},{"@type":"Organization","@id":"https:\/\/floridareprofreedom.org\/#organization","name":"Floridanos por la Libertad Reproductiva","url":"https:\/\/floridareprofreedom.org\/","logo":{"@type":"ImageObject","inLanguage":"es","@id":"https:\/\/floridareprofreedom.org\/#\/schema\/logo\/image\/","url":"https:\/\/floridareprofreedom.org\/wp-content\/uploads\/2019\/05\/Untitled.jpg","contentUrl":"https:\/\/floridareprofreedom.org\/wp-content\/uploads\/2019\/05\/Untitled.jpg","width":174,"height":180,"caption":"Floridians for Reproductive Freedom"},"image":{"@id":"https:\/\/floridareprofreedom.org\/#\/schema\/logo\/image\/"},"sameAs":["https:\/\/www.facebook.com\/FloridaReproFreedom\/","https:\/\/x.com\/FLReproFreedom","https:\/\/www.instagram.com\/floridareprofreedom\/"]}]}},"_links":{"self":[{"href":"https:\/\/floridareprofreedom.org\/es\/wp-json\/wp\/v2\/pages\/572","targetHints":{"allow":["GET"]}}],"collection":[{"href":"https:\/\/floridareprofreedom.org\/es\/wp-json\/wp\/v2\/pages"}],"about":[{"href":"https:\/\/floridareprofreedom.org\/es\/wp-json\/wp\/v2\/types\/page"}],"author":[{"embeddable":true,"href":"https:\/\/floridareprofreedom.org\/es\/wp-json\/wp\/v2\/users\/4"}],"replies":[{"embeddable":true,"href":"https:\/\/floridareprofreedom.org\/es\/wp-json\/wp\/v2\/comments?post=572"}],"version-history":[{"count":30,"href":"https:\/\/floridareprofreedom.org\/es\/wp-json\/wp\/v2\/pages\/572\/revisions"}],"predecessor-version":[{"id":1838,"href":"https:\/\/floridareprofreedom.org\/es\/wp-json\/wp\/v2\/pages\/572\/revisions\/1838"}],"wp:attachment":[{"href":"https:\/\/floridareprofreedom.org\/es\/wp-json\/wp\/v2\/media?parent=572"}],"wp:term":[{"taxonomy":"folder","embeddable":true,"href":"https:\/\/floridareprofreedom.org\/es\/wp-json\/wp\/v2\/folder?post=572"}],"curies":[{"name":"wp","href":"https:\/\/api.w.org\/{rel}","templated":true}]}}