{"id":963,"date":"2020-05-20T13:29:48","date_gmt":"2020-05-20T13:29:48","guid":{"rendered":"https:\/\/floridareprofreedom.org\/?page_id=963"},"modified":"2025-11-17T14:19:40","modified_gmt":"2025-11-17T14:19:40","slug":"derivacion-judicial","status":"publish","type":"page","link":"https:\/\/floridareprofreedom.org\/es\/judicialbypass\/","title":{"rendered":"Bypass judicial en Florida"},"content":{"rendered":"<h3>\u27a1\ufe0f<a href=\"https:\/\/floridareprofreedom.org\/es\/alternativa-judicial-en-florida\/\">Espa\u00f1ol<\/a><br \/>\n\u27a1\ufe0f<a href=\"https:\/\/floridareprofreedom.org\/es\/derivacion-judicial\/egzansyon-jidisye-an-florid\/\">criollo<\/a><\/h3>\n<h3><em>Obtenga un aborto sin la intervenci\u00f3n de sus padres.\u00a0 \u00a0<\/em><\/h3>\n<p>\u00bfNecesita asistencia legal gratuita para una derivaci\u00f3n judicial en Florida? Contacte a The Jane Network al\u00a0<a href=\"mailto:info@janenetworkfl.org\">info@janenetworkfl.org<\/a> o acceder <a href=\"https:\/\/janenetworkfl.org\/\">su sitio web aqu\u00ed<\/a> para obtener ayuda.<\/p>\n<p><b>La ley de Florida requiere que un padre otorgue permiso<\/b> <b>si una persona menor de 18 a\u00f1os est\u00e1 intentando abortar.<\/b><span style=\"font-weight: 400;\"> (M\u00e1s informaci\u00f3n sobre el <\/span><a href=\"https:\/\/reprolegalhelpline.org\/abortion-laws-by-state\/florida\/\"><span style=\"font-weight: 400;\">Leyes de Florida aqu\u00ed<\/span><\/a><span style=\"font-weight: 400;\">Sabemos que la mayor\u00eda de las j\u00f3venes hablan con sus padres cuando necesitan un aborto, pero algunas no pueden hacerlo por su propia seguridad o por dificultades log\u00edsticas. Todas las personas, sin importar su edad o circunstancias, deber\u00edan poder acceder a la atenci\u00f3n reproductiva, incluido el aborto.<\/span><\/p>\n<p><b>Si no puedes obtener el permiso de tus padres o no puedes ped\u00edrselo, es posible que puedas hacerte un aborto sin la participaci\u00f3n de tus padres.<\/b><span style=\"font-weight: 400;\"> Si usted va a la corte y se le concede un \u201cevitar judicial\u201d. <\/span><span style=\"font-weight: 400;\"><br \/>\n<\/span><span style=\"font-weight: 400;\">Esta es una exenci\u00f3n de un tribunal que le permitir\u00e1 obtener un aborto sin que sus padres est\u00e9n involucrados en ciertas situaciones, incluyendo <\/span><span style=\"font-weight: 400;\">pero no limitado a<\/span><span style=\"font-weight: 400;\"> si:<\/span><span style=\"font-weight: 400;\"><br \/>\n<\/span><\/p>\n<ul>\n<li style=\"font-weight: 400;\" aria-level=\"1\"><span style=\"font-weight: 400;\">Est\u00e1 en el sistema de acogida o, de lo contrario, bajo custodia estatal despu\u00e9s de la intervenci\u00f3n del Departamento de Ni\u00f1os y Familias de Florida.\u00a0<\/span><\/li>\n<li style=\"font-weight: 400;\" aria-level=\"1\"><span style=\"font-weight: 400;\">Est\u00e1s sufriendo abuso o abuso sexual por parte de tus padres o tutores legales.<\/span><\/li>\n<\/ul>\n<p><span style=\"font-weight: 400;\"><br \/>\nDebido a las restricciones de Florida sobre el aborto, este cronograma avanza r\u00e1pidamente. <\/span>Si cree que podr\u00eda necesitar una derivaci\u00f3n judicial o no est\u00e1 seguro de si su situaci\u00f3n califica,<strong>contacto\u00a0<a href=\"https:\/\/share.hsforms.com\/1jrl5GO2gThWo8Cl3yE7nUgnq4ky\" target=\"_blank\" rel=\"noopener\" data-saferedirecturl=\"https:\/\/www.google.com\/url?q=https:\/\/share.hsforms.com\/1jrl5GO2gThWo8Cl3yE7nUgnq4ky&amp;source=gmail&amp;ust=1749570774849000&amp;usg=AOvVaw2OWP7psYsEiPR3FQCIeLoz\">La red Jane<\/a>\u00a0para asistencia jur\u00eddica gratuita.<\/strong><\/p>\n<p><span style=\"font-weight: 400;\">Una reciente decisi\u00f3n de un tribunal de Florida ha limitado el acceso al proceso de derivaci\u00f3n judicial, pero Jane Network puede ayudarle a entender si se aplica a usted y c\u00f3mo. <\/span><span style=\"font-weight: 400;\">(Para obtener m\u00e1s informaci\u00f3n sobre The Jane Network, <\/span><a href=\"https:\/\/www.janenetworkfl.org\/\"><span style=\"font-weight: 400;\">haga clic aqu\u00ed<\/span><\/a><span style=\"font-weight: 400;\">.)<\/span><span style=\"font-weight: 400;\">\u00a0<\/span><\/p>\n<p><b>Puedes <\/b><b>no<\/b><b> Necesitar\u00e1 un padre, tutor o una exenci\u00f3n judicial para obtener un aborto si alguna de las siguientes situaciones se aplica a usted.<\/b><span style=\"font-weight: 400;\"> En otras palabras, usted podr\u00eda obtener un aborto sin involucrar a un padre O pasar por el proceso de derivaci\u00f3n judicial si:<\/span><\/p>\n<ul>\n<li style=\"font-weight: 400;\" aria-level=\"1\"><span style=\"font-weight: 400;\">Usted ha estado o est\u00e1 casado\u00a0<\/span><\/li>\n<li style=\"font-weight: 400;\" aria-level=\"1\"><span style=\"font-weight: 400;\">Ya tienes hijos<\/span><\/li>\n<li style=\"font-weight: 400;\" aria-level=\"1\"><span style=\"font-weight: 400;\">Usted ha sido emancipado (se le ha \u201celiminado la incapacidad de no ser mayor de edad\u201d) seg\u00fan la ley estatal<\/span><\/li>\n<\/ul>\n<p><strong><br \/>\nPreguntas frecuentes:<\/strong><\/p>\n<ul>\n<li style=\"font-weight: 400;\"><a href=\"https:\/\/floridareprofreedom.org\/es\/derivacion-judicial-2\/\"><span style=\"font-weight: 400;\">\u00bfQu\u00e9 es un bypass judicial para el aborto?<\/span><\/a><\/li>\n<li><a href=\"https:\/\/floridareprofreedom.org\/es\/donde\/\">\u00bfA d\u00f3nde puedo acudir para obtener un bypass judicial?<\/a><\/li>\n<li><a href=\"https:\/\/floridareprofreedom.org\/es\/formularios\/\">\u00bfQu\u00e9 formularios necesito?<\/a><\/li>\n<li style=\"font-weight: 400;\"><a href=\"https:\/\/floridareprofreedom.org\/es\/abogado\/\"><span style=\"font-weight: 400;\">\u00bfNecesito un abogado?<\/span><\/a><\/li>\n<li style=\"font-weight: 400;\"><a href=\"https:\/\/floridareprofreedom.org\/es\/cuanto-tiempo\/\"><span style=\"font-weight: 400;\">\u00bfCu\u00e1nto tiempo se tarda en conseguir un bypass judicial?<\/span><\/a><\/li>\n<li style=\"font-weight: 400;\"><a href=\"https:\/\/floridareprofreedom.org\/es\/costo\/\"><span style=\"font-weight: 400;\">\u00bfCuesta dinero obtener un bypass judicial?<\/span><\/a><\/li>\n<li style=\"font-weight: 400;\"><a href=\"https:\/\/floridareprofreedom.org\/es\/alguien-sabe\/\"><span style=\"font-weight: 400;\">\u00bfAlguien sabr\u00e1 si puedo obtener un bypass judicial para abortar?<\/span><\/a><\/li>\n<li style=\"font-weight: 400;\"><a href=\"https:\/\/floridareprofreedom.org\/es\/preguntasjuez\/\"><span style=\"font-weight: 400;\">\u00bfQu\u00e9 tipo de preguntas me har\u00e1 el juez?<\/span><\/a><\/li>\n<li style=\"font-weight: 400;\"><a href=\"https:\/\/floridareprofreedom.org\/es\/tener-puesto\/\"><span style=\"font-weight: 400;\">\u00bfQu\u00e9 me pongo para ir a la corte?<\/span><\/a><\/li>\n<li style=\"font-weight: 400;\"><a href=\"https:\/\/floridareprofreedom.org\/es\/programado\/\"><span style=\"font-weight: 400;\">\u00bfQu\u00e9 sucede si mi audiencia est\u00e1 programada durante un d\u00eda escolar?<\/span><\/a><\/li>\n<li style=\"font-weight: 400;\"><a href=\"https:\/\/floridareprofreedom.org\/es\/otra-persona\/\"><span style=\"font-weight: 400;\">\u00bfLa otra persona involucrada en mi embarazo tiene voz y voto sobre si decido abortar?<\/span><\/a><\/li>\n<li style=\"font-weight: 400;\"><a href=\"https:\/\/floridareprofreedom.org\/es\/ciudadano\/\"><span style=\"font-weight: 400;\">\u00bfTengo que ser ciudadana estadounidense para abortar? \u00bfQu\u00e9 pasa si no hablo bien ingl\u00e9s?<\/span><\/a><\/li>\n<li style=\"font-weight: 400;\"><a href=\"https:\/\/floridareprofreedom.org\/es\/cambiar\/\"><span style=\"font-weight: 400;\">\u00bfPuedo cambiar de opini\u00f3n despu\u00e9s de hacerme el bypass?<\/span><\/a><\/li>\n<li><a href=\"https:\/\/floridareprofreedom.org\/es\/niega\/\">\u00bfQu\u00e9 pasa si el juez niega mi solicitud de bypass?<\/a><\/li>\n<\/ul>\n<p><strong><br \/>\nLa red Jane<\/strong> Puede conectarlo con un abogado que pueda representarlo en su caso de derivaci\u00f3n judicial de forma gratuita. <a href=\"https:\/\/www.janenetworkfl.org\/\">Haga clic aqu\u00ed para acceder a su sitio web<\/a>.<\/p>\n<p><b>\u00bfEst\u00e1 buscando informaci\u00f3n sobre la derivaci\u00f3n judicial para un estado distinto a Florida? <\/b><b><br \/>\n<\/b><span style=\"font-weight: 400;\">Echa un vistazo a la <\/span><a href=\"https:\/\/judicialbypasswiki.ifwhenhow.org\/\"><span style=\"font-weight: 400;\">el sitio web de nuestro socio nacional, If\/When\/How<\/span><\/a><span style=\"font-weight: 400;\">, para pedir ayuda.<\/span><\/p>\n<p><a href=\"https:\/\/www.janenetworkfl.org\/\"><img fetchpriority=\"high\" decoding=\"async\" class=\"alignnone size-full wp-image-1325\" src=\"https:\/\/floridareprofreedom.org\/wp-content\/uploads\/2020\/08\/webpage-image-2-JB-website-1.png\" alt=\"\" width=\"820\" height=\"312\" srcset=\"https:\/\/floridareprofreedom.org\/wp-content\/uploads\/2020\/08\/webpage-image-2-JB-website-1.png 820w, https:\/\/floridareprofreedom.org\/wp-content\/uploads\/2020\/08\/webpage-image-2-JB-website-1-300x114.png 300w, https:\/\/floridareprofreedom.org\/wp-content\/uploads\/2020\/08\/webpage-image-2-JB-website-1-768x292.png 768w\" sizes=\"(max-width: 820px) 100vw, 820px\" \/><\/a><\/p>","protected":false},"excerpt":{"rendered":"<p>\u27a1\ufe0fEspa\u00f1ol \u27a1\ufe0fCreole Get an abortion without a parent involved.\u00a0 \u00a0 Need free legal assistance for a judicial bypass in\u00a0Florida? Contact The Jane\u00a0Network at\u00a0info@janenetworkfl.org or access their website here for help. Florida law requires a parent to give permission if a young person under 18 years old is trying to get an abortion. (More info on [&hellip;]<\/p>\n","protected":false},"author":3,"featured_media":0,"parent":0,"menu_order":0,"comment_status":"closed","ping_status":"closed","template":"","meta":{"footnotes":""},"folder":[],"class_list":["post-963","page","type-page","status-publish","hentry"],"yoast_head":"<!-- This site is optimized with the Yoast SEO plugin v27.3 - https:\/\/yoast.com\/product\/yoast-seo-wordpress\/ -->\n<title>Judicial Bypass in Florida - Floridians For Reproductive Freedom<\/title>\n<meta name=\"description\" content=\"Under 18 in Florida and need an abortion, but can&#039;t involve a parent? You can get an abortion without a parent involved if a judge allows it.\" \/>\n<meta name=\"robots\" content=\"index, follow, max-snippet:-1, max-image-preview:large, max-video-preview:-1\" \/>\n<link rel=\"canonical\" href=\"https:\/\/floridareprofreedom.org\/es\/derivacion-judicial\/\" \/>\n<meta property=\"og:locale\" content=\"es_ES\" \/>\n<meta property=\"og:type\" content=\"article\" \/>\n<meta property=\"og:title\" content=\"Judicial Bypass in Florida - Floridians For Reproductive Freedom\" \/>\n<meta property=\"og:description\" content=\"Under 18 in Florida and need an abortion, but can&#039;t involve a parent? You can get an abortion without a parent involved if a judge allows it.\" \/>\n<meta property=\"og:url\" content=\"https:\/\/floridareprofreedom.org\/es\/derivacion-judicial\/\" \/>\n<meta property=\"og:site_name\" content=\"Floridians For Reproductive Freedom\" \/>\n<meta property=\"article:publisher\" content=\"https:\/\/www.facebook.com\/FloridaReproFreedom\/\" \/>\n<meta property=\"article:modified_time\" content=\"2025-11-17T14:19:40+00:00\" \/>\n<meta property=\"og:image\" content=\"https:\/\/floridareprofreedom.org\/wp-content\/uploads\/2020\/08\/webpage-image-2-JB-website-1.png\" \/>\n\t<meta property=\"og:image:width\" content=\"820\" \/>\n\t<meta property=\"og:image:height\" content=\"312\" \/>\n\t<meta property=\"og:image:type\" content=\"image\/png\" \/>\n<meta name=\"twitter:card\" content=\"summary_large_image\" \/>\n<meta name=\"twitter:site\" content=\"@FLReproFreedom\" \/>\n<meta name=\"twitter:label1\" content=\"Est. reading time\" \/>\n\t<meta name=\"twitter:data1\" content=\"3 minutos\" \/>\n<script type=\"application\/ld+json\" class=\"yoast-schema-graph\">{\"@context\":\"https:\\\/\\\/schema.org\",\"@graph\":[{\"@type\":\"WebPage\",\"@id\":\"https:\\\/\\\/floridareprofreedom.org\\\/judicialbypass\\\/\",\"url\":\"https:\\\/\\\/floridareprofreedom.org\\\/judicialbypass\\\/\",\"name\":\"Judicial Bypass in Florida - Floridians For Reproductive Freedom\",\"isPartOf\":{\"@id\":\"https:\\\/\\\/floridareprofreedom.org\\\/#website\"},\"primaryImageOfPage\":{\"@id\":\"https:\\\/\\\/floridareprofreedom.org\\\/judicialbypass\\\/#primaryimage\"},\"image\":{\"@id\":\"https:\\\/\\\/floridareprofreedom.org\\\/judicialbypass\\\/#primaryimage\"},\"thumbnailUrl\":\"https:\\\/\\\/floridareprofreedom.org\\\/wp-content\\\/uploads\\\/2020\\\/08\\\/webpage-image-2-JB-website-1.png\",\"datePublished\":\"2020-05-20T13:29:48+00:00\",\"dateModified\":\"2025-11-17T14:19:40+00:00\",\"description\":\"Under 18 in Florida and need an abortion, but can't involve a parent? You can get an abortion without a parent involved if a judge allows it.\",\"breadcrumb\":{\"@id\":\"https:\\\/\\\/floridareprofreedom.org\\\/judicialbypass\\\/#breadcrumb\"},\"inLanguage\":\"es\",\"potentialAction\":[{\"@type\":\"ReadAction\",\"target\":[\"https:\\\/\\\/floridareprofreedom.org\\\/judicialbypass\\\/\"]}]},{\"@type\":\"ImageObject\",\"inLanguage\":\"es\",\"@id\":\"https:\\\/\\\/floridareprofreedom.org\\\/judicialbypass\\\/#primaryimage\",\"url\":\"https:\\\/\\\/floridareprofreedom.org\\\/wp-content\\\/uploads\\\/2020\\\/08\\\/webpage-image-2-JB-website-1.png\",\"contentUrl\":\"https:\\\/\\\/floridareprofreedom.org\\\/wp-content\\\/uploads\\\/2020\\\/08\\\/webpage-image-2-JB-website-1.png\"},{\"@type\":\"BreadcrumbList\",\"@id\":\"https:\\\/\\\/floridareprofreedom.org\\\/judicialbypass\\\/#breadcrumb\",\"itemListElement\":[{\"@type\":\"ListItem\",\"position\":1,\"name\":\"Home\",\"item\":\"https:\\\/\\\/floridareprofreedom.org\\\/\"},{\"@type\":\"ListItem\",\"position\":2,\"name\":\"Judicial Bypass in Florida\"}]},{\"@type\":\"WebSite\",\"@id\":\"https:\\\/\\\/floridareprofreedom.org\\\/#website\",\"url\":\"https:\\\/\\\/floridareprofreedom.org\\\/\",\"name\":\"Floridians For Reproductive Freedom\",\"description\":\"Advocating for convenient, affordable, and safe access to reproductive health care, including abortion.\",\"publisher\":{\"@id\":\"https:\\\/\\\/floridareprofreedom.org\\\/#organization\"},\"potentialAction\":[{\"@type\":\"SearchAction\",\"target\":{\"@type\":\"EntryPoint\",\"urlTemplate\":\"https:\\\/\\\/floridareprofreedom.org\\\/?s={search_term_string}\"},\"query-input\":{\"@type\":\"PropertyValueSpecification\",\"valueRequired\":true,\"valueName\":\"search_term_string\"}}],\"inLanguage\":\"es\"},{\"@type\":\"Organization\",\"@id\":\"https:\\\/\\\/floridareprofreedom.org\\\/#organization\",\"name\":\"Floridians for Reproductive Freedom\",\"url\":\"https:\\\/\\\/floridareprofreedom.org\\\/\",\"logo\":{\"@type\":\"ImageObject\",\"inLanguage\":\"es\",\"@id\":\"https:\\\/\\\/floridareprofreedom.org\\\/#\\\/schema\\\/logo\\\/image\\\/\",\"url\":\"https:\\\/\\\/floridareprofreedom.org\\\/wp-content\\\/uploads\\\/2019\\\/05\\\/Untitled.jpg\",\"contentUrl\":\"https:\\\/\\\/floridareprofreedom.org\\\/wp-content\\\/uploads\\\/2019\\\/05\\\/Untitled.jpg\",\"width\":174,\"height\":180,\"caption\":\"Floridians for Reproductive Freedom\"},\"image\":{\"@id\":\"https:\\\/\\\/floridareprofreedom.org\\\/#\\\/schema\\\/logo\\\/image\\\/\"},\"sameAs\":[\"https:\\\/\\\/www.facebook.com\\\/FloridaReproFreedom\\\/\",\"https:\\\/\\\/x.com\\\/FLReproFreedom\",\"https:\\\/\\\/www.instagram.com\\\/floridareprofreedom\\\/\"]}]}<\/script>\n<!-- \/ Yoast SEO plugin. -->","yoast_head_json":{"title":"Derivaci\u00f3n judicial en Florida - Floridanos por la Libertad Reproductiva","description":"\u00bfEres menor de 18 a\u00f1os en Florida y necesitas un aborto, pero no puedes involucrar a tus padres? Puedes abortar sin la participaci\u00f3n de tus padres si un juez lo autoriza.","robots":{"index":"index","follow":"follow","max-snippet":"max-snippet:-1","max-image-preview":"max-image-preview:large","max-video-preview":"max-video-preview:-1"},"canonical":"https:\/\/floridareprofreedom.org\/es\/derivacion-judicial\/","og_locale":"es_ES","og_type":"article","og_title":"Judicial Bypass in Florida - Floridians For Reproductive Freedom","og_description":"Under 18 in Florida and need an abortion, but can't involve a parent? You can get an abortion without a parent involved if a judge allows it.","og_url":"https:\/\/floridareprofreedom.org\/es\/derivacion-judicial\/","og_site_name":"Floridians For Reproductive Freedom","article_publisher":"https:\/\/www.facebook.com\/FloridaReproFreedom\/","article_modified_time":"2025-11-17T14:19:40+00:00","og_image":[{"width":820,"height":312,"url":"https:\/\/floridareprofreedom.org\/wp-content\/uploads\/2020\/08\/webpage-image-2-JB-website-1.png","type":"image\/png"}],"twitter_card":"summary_large_image","twitter_site":"@FLReproFreedom","twitter_misc":{"Est. reading time":"3 minutos"},"schema":{"@context":"https:\/\/schema.org","@graph":[{"@type":"WebPage","@id":"https:\/\/floridareprofreedom.org\/judicialbypass\/","url":"https:\/\/floridareprofreedom.org\/judicialbypass\/","name":"Derivaci\u00f3n judicial en Florida - Floridanos por la Libertad Reproductiva","isPartOf":{"@id":"https:\/\/floridareprofreedom.org\/#website"},"primaryImageOfPage":{"@id":"https:\/\/floridareprofreedom.org\/judicialbypass\/#primaryimage"},"image":{"@id":"https:\/\/floridareprofreedom.org\/judicialbypass\/#primaryimage"},"thumbnailUrl":"https:\/\/floridareprofreedom.org\/wp-content\/uploads\/2020\/08\/webpage-image-2-JB-website-1.png","datePublished":"2020-05-20T13:29:48+00:00","dateModified":"2025-11-17T14:19:40+00:00","description":"\u00bfEres menor de 18 a\u00f1os en Florida y necesitas un aborto, pero no puedes involucrar a tus padres? Puedes abortar sin la participaci\u00f3n de tus padres si un juez lo autoriza.","breadcrumb":{"@id":"https:\/\/floridareprofreedom.org\/judicialbypass\/#breadcrumb"},"inLanguage":"es","potentialAction":[{"@type":"ReadAction","target":["https:\/\/floridareprofreedom.org\/judicialbypass\/"]}]},{"@type":"ImageObject","inLanguage":"es","@id":"https:\/\/floridareprofreedom.org\/judicialbypass\/#primaryimage","url":"https:\/\/floridareprofreedom.org\/wp-content\/uploads\/2020\/08\/webpage-image-2-JB-website-1.png","contentUrl":"https:\/\/floridareprofreedom.org\/wp-content\/uploads\/2020\/08\/webpage-image-2-JB-website-1.png"},{"@type":"BreadcrumbList","@id":"https:\/\/floridareprofreedom.org\/judicialbypass\/#breadcrumb","itemListElement":[{"@type":"ListItem","position":1,"name":"Home","item":"https:\/\/floridareprofreedom.org\/"},{"@type":"ListItem","position":2,"name":"Judicial Bypass in Florida"}]},{"@type":"WebSite","@id":"https:\/\/floridareprofreedom.org\/#website","url":"https:\/\/floridareprofreedom.org\/","name":"Floridanos por la Libertad Reproductiva","description":"Abogando por un acceso conveniente, asequible y seguro a la atenci\u00f3n de la salud reproductiva, incluido el aborto.","publisher":{"@id":"https:\/\/floridareprofreedom.org\/#organization"},"potentialAction":[{"@type":"SearchAction","target":{"@type":"EntryPoint","urlTemplate":"https:\/\/floridareprofreedom.org\/?s={search_term_string}"},"query-input":{"@type":"PropertyValueSpecification","valueRequired":true,"valueName":"search_term_string"}}],"inLanguage":"es"},{"@type":"Organization","@id":"https:\/\/floridareprofreedom.org\/#organization","name":"Floridanos por la Libertad Reproductiva","url":"https:\/\/floridareprofreedom.org\/","logo":{"@type":"ImageObject","inLanguage":"es","@id":"https:\/\/floridareprofreedom.org\/#\/schema\/logo\/image\/","url":"https:\/\/floridareprofreedom.org\/wp-content\/uploads\/2019\/05\/Untitled.jpg","contentUrl":"https:\/\/floridareprofreedom.org\/wp-content\/uploads\/2019\/05\/Untitled.jpg","width":174,"height":180,"caption":"Floridians for Reproductive Freedom"},"image":{"@id":"https:\/\/floridareprofreedom.org\/#\/schema\/logo\/image\/"},"sameAs":["https:\/\/www.facebook.com\/FloridaReproFreedom\/","https:\/\/x.com\/FLReproFreedom","https:\/\/www.instagram.com\/floridareprofreedom\/"]}]}},"_links":{"self":[{"href":"https:\/\/floridareprofreedom.org\/es\/wp-json\/wp\/v2\/pages\/963","targetHints":{"allow":["GET"]}}],"collection":[{"href":"https:\/\/floridareprofreedom.org\/es\/wp-json\/wp\/v2\/pages"}],"about":[{"href":"https:\/\/floridareprofreedom.org\/es\/wp-json\/wp\/v2\/types\/page"}],"author":[{"embeddable":true,"href":"https:\/\/floridareprofreedom.org\/es\/wp-json\/wp\/v2\/users\/3"}],"replies":[{"embeddable":true,"href":"https:\/\/floridareprofreedom.org\/es\/wp-json\/wp\/v2\/comments?post=963"}],"version-history":[{"count":41,"href":"https:\/\/floridareprofreedom.org\/es\/wp-json\/wp\/v2\/pages\/963\/revisions"}],"predecessor-version":[{"id":4398,"href":"https:\/\/floridareprofreedom.org\/es\/wp-json\/wp\/v2\/pages\/963\/revisions\/4398"}],"wp:attachment":[{"href":"https:\/\/floridareprofreedom.org\/es\/wp-json\/wp\/v2\/media?parent=963"}],"wp:term":[{"taxonomy":"folder","embeddable":true,"href":"https:\/\/floridareprofreedom.org\/es\/wp-json\/wp\/v2\/folder?post=963"}],"curies":[{"name":"wp","href":"https:\/\/api.w.org\/{rel}","templated":true}]}}