{"id":965,"date":"2020-06-01T13:02:53","date_gmt":"2020-06-01T13:02:53","guid":{"rendered":"https:\/\/floridareprofreedom.org\/?page_id=965"},"modified":"2025-10-06T16:25:32","modified_gmt":"2025-10-06T16:25:32","slug":"derivacion-judicial-2","status":"publish","type":"page","link":"https:\/\/floridareprofreedom.org\/es\/judicial-bypass\/","title":{"rendered":"\u00bfQu\u00e9 es un bypass judicial para el aborto?"},"content":{"rendered":"<p><span style=\"font-weight: 400;\"><a href=\"mailto:info@janenetworkfl.org\"><img fetchpriority=\"high\" decoding=\"async\" class=\"alignright wp-image-2731 size-medium\" src=\"https:\/\/floridareprofreedom.org\/wp-content\/uploads\/2023\/05\/Jane.Network-240x300.jpg\" alt=\"\" width=\"240\" height=\"300\" srcset=\"https:\/\/floridareprofreedom.org\/wp-content\/uploads\/2023\/05\/Jane.Network-240x300.jpg 240w, https:\/\/floridareprofreedom.org\/wp-content\/uploads\/2023\/05\/Jane.Network-819x1024.jpg 819w, https:\/\/floridareprofreedom.org\/wp-content\/uploads\/2023\/05\/Jane.Network-768x960.jpg 768w, https:\/\/floridareprofreedom.org\/wp-content\/uploads\/2023\/05\/Jane.Network.jpg 1080w\" sizes=\"(max-width: 240px) 100vw, 240px\" \/><\/a><\/span><\/p>\n<h3><em>\u00bfNo puedes involucrar a tus padres en tu decisi\u00f3n de abortar? Sigue leyendo.\u00a0 \u00a0<\/em><\/h3>\n<p>\u00bfNecesita asistencia legal gratuita para una derivaci\u00f3n judicial en Florida? Contacte a The Jane Network al\u00a0<a href=\"mailto:info@janenetworkfl.org\">info@janenetworkfl.org<\/a>\u00a0o acceder\u00a0<a href=\"https:\/\/janenetworkfl.org\/\">su sitio web aqu\u00ed<\/a>\u00a0para obtener ayuda.<\/p>\n<p><b>La ley de Florida requiere que un padre otorgue permiso<\/b>\u00a0<b>si una persona menor de 18 a\u00f1os est\u00e1 intentando abortar.<\/b>\u00a0(M\u00e1s informaci\u00f3n sobre el\u00a0<a href=\"https:\/\/reprolegalhelpline.org\/abortion-laws-by-state\/florida\/\">Leyes de Florida aqu\u00ed<\/a>Sabemos que la mayor\u00eda de las j\u00f3venes hablan con sus padres cuando necesitan un aborto, pero algunas no pueden hacerlo por su propia seguridad o por dificultades log\u00edsticas. Todas las personas, sin importar su edad o circunstancias, deber\u00edan poder acceder a la atenci\u00f3n reproductiva, incluido el aborto.<\/p>\n<p><b>Si no puedes obtener el permiso de tus padres o no puedes ped\u00edrselo, es posible que puedas hacerte un aborto sin la participaci\u00f3n de tus padres.<\/b>\u00a0Si usted va a la corte y se le concede un \u201cevitar judicial\u201d.<br \/>\nEsta es una exenci\u00f3n de un tribunal que le permitir\u00e1 obtener un aborto sin que sus padres est\u00e9n involucrados en ciertas situaciones, incluidas, entre otras, si:<\/p>\n<ul>\n<li aria-level=\"1\">Est\u00e1 en el sistema de acogida o, de lo contrario, bajo custodia estatal despu\u00e9s de la intervenci\u00f3n del Departamento de Ni\u00f1os y Familias de Florida.<\/li>\n<li aria-level=\"1\">Est\u00e1s sufriendo abuso o abuso sexual por parte de tus padres o tutores legales.<\/li>\n<\/ul>\n<p>Debido a las restricciones al aborto en Florida, este plazo avanza r\u00e1pidamente. Si cree que podr\u00eda necesitar una excepci\u00f3n judicial o no est\u00e1 seguro de si su situaci\u00f3n cumple los requisitos...<strong>contacto\u00a0<a href=\"https:\/\/share.hsforms.com\/1jrl5GO2gThWo8Cl3yE7nUgnq4ky\" target=\"_blank\" rel=\"noopener\" data-saferedirecturl=\"https:\/\/www.google.com\/url?q=https:\/\/share.hsforms.com\/1jrl5GO2gThWo8Cl3yE7nUgnq4ky&amp;source=gmail&amp;ust=1749570774849000&amp;usg=AOvVaw2OWP7psYsEiPR3FQCIeLoz\">La red Jane<\/a>\u00a0para asistencia jur\u00eddica gratuita.<\/strong><\/p>\n<p>Una reciente decisi\u00f3n de un tribunal de Florida ha limitado el acceso al proceso de derivaci\u00f3n judicial, pero Jane Network puede ayudarle a comprender si se aplica a usted y c\u00f3mo. (Para obtener m\u00e1s informaci\u00f3n sobre Jane Network,\u00a0<a href=\"https:\/\/www.janenetworkfl.org\/\">haga clic aqu\u00ed<\/a>.)<\/p>\n<p><b>Puedes\u00a0<\/b><b>no<\/b><b>\u00a0Necesitar\u00e1 un padre, tutor o una exenci\u00f3n judicial para obtener un aborto si alguna de las siguientes situaciones se aplica a usted.<\/b>\u00a0En otras palabras, usted podr\u00eda obtener un aborto sin involucrar a un padre O pasar por el proceso de derivaci\u00f3n judicial si:<\/p>\n<ul>\n<li aria-level=\"1\">Usted ha estado o est\u00e1 casado<\/li>\n<li aria-level=\"1\">Ya tienes hijos<\/li>\n<li aria-level=\"1\">Usted ha sido emancipado (se le ha \u201celiminado la incapacidad de no ser mayor de edad\u201d) seg\u00fan la ley estatal<\/li>\n<\/ul>\n<p><span style=\"font-weight: 400;\">** Si est\u00e1s pensando en contarles a tus padres sobre tu decisi\u00f3n y necesitas ayuda para pensar c\u00f3mo hablar de ello, puedes buscar asesoramiento <\/span><a href=\"https:\/\/janesdueprocess.org\/blog\/talking-to-parents-about-abortion\/\"><span style=\"font-weight: 400;\">en este blog<\/span><\/a><span style=\"font-weight: 400;\"> por nuestro socio, Jane&#039;s Due Process.\u00a0<\/span><\/p>\n<p style=\"text-align: center;\"><a href=\"https:\/\/floridareprofreedom.org\/es\/derivacion-judicial\/\"><strong>Regresar a la p\u00e1gina principal de la derivaci\u00f3n judicial<\/strong><\/a>\u00a0 \u00a0 <a href=\"https:\/\/floridareprofreedom.org\/es\/donde\/\"><img decoding=\"async\" class=\"alignnone wp-image-1015 size-full\" src=\"https:\/\/floridareprofreedom.org\/wp-content\/uploads\/2020\/05\/next.gif\" alt=\"\" width=\"231\" height=\"32\" \/><\/a><\/p>\n<p><b>Preguntas relacionadas<\/b><\/p>\n<ul>\n<li><a href=\"https:\/\/floridareprofreedom.org\/es\/donde\/\" data-saferedirecturl=\"https:\/\/www.google.com\/url?q=https:\/\/floridareprofreedom.org\/where\/&amp;source=gmail&amp;ust=1683906476472000&amp;usg=AOvVaw3mu6YVFgqkD4Pez6NjG8ld\">\u00bfA d\u00f3nde puedo acudir para obtener un bypass judicial?<\/a><\/li>\n<li><a href=\"https:\/\/floridareprofreedom.org\/es\/formularios\/\" data-saferedirecturl=\"https:\/\/www.google.com\/url?q=https:\/\/floridareprofreedom.org\/forms\/&amp;source=gmail&amp;ust=1683906476472000&amp;usg=AOvVaw136dOx90JsVdnnw2DC-2w-\">\u00bfQu\u00e9 formularios necesito?<\/a><\/li>\n<li><a href=\"https:\/\/floridareprofreedom.org\/es\/juez\/\" data-saferedirecturl=\"https:\/\/www.google.com\/url?q=https:\/\/floridareprofreedom.org\/judge\/&amp;source=gmail&amp;ust=1683906476472000&amp;usg=AOvVaw2P7ymQUJRCzhqMXd4UNaJ7\">\u00bfQu\u00e9 tendr\u00e1 en cuenta el juez?<\/a><\/li>\n<li><a href=\"https:\/\/floridareprofreedom.org\/es\/abogado\/\" data-saferedirecturl=\"https:\/\/www.google.com\/url?q=https:\/\/floridareprofreedom.org\/lawyer\/&amp;source=gmail&amp;ust=1683906476472000&amp;usg=AOvVaw1VWcwoUhzhE3Mgd7GYDccH\">\u00bfNecesito un abogado?<\/a><\/li>\n<li><a href=\"https:\/\/floridareprofreedom.org\/es\/cuanto-tiempo\/\" data-saferedirecturl=\"https:\/\/www.google.com\/url?q=https:\/\/floridareprofreedom.org\/howlong\/&amp;source=gmail&amp;ust=1683906476472000&amp;usg=AOvVaw1e3sl8iXIwNIDxaizz5i5g\">\u00bfCu\u00e1nto tiempo se tarda en conseguir un bypass judicial?<\/a><\/li>\n<li><a href=\"https:\/\/floridareprofreedom.org\/es\/costo\/\" data-saferedirecturl=\"https:\/\/www.google.com\/url?q=https:\/\/floridareprofreedom.org\/cost\/&amp;source=gmail&amp;ust=1683906476472000&amp;usg=AOvVaw1fuUIxBoSRoq3s7dK2V5gQ\">\u00bfCuesta dinero obtener un bypass judicial?<\/a><\/li>\n<li><a href=\"https:\/\/floridareprofreedom.org\/es\/alguien-sabe\/\" data-saferedirecturl=\"https:\/\/www.google.com\/url?q=https:\/\/floridareprofreedom.org\/anyoneknow\/&amp;source=gmail&amp;ust=1683906476472000&amp;usg=AOvVaw37ej9zAF1sjNn2VvNU32l7\">\u00bfAlguien sabr\u00e1 si puedo obtener un bypass judicial para abortar?<\/a><\/li>\n<li><a href=\"https:\/\/floridareprofreedom.org\/es\/preguntasjuez\/\" data-saferedirecturl=\"https:\/\/www.google.com\/url?q=https:\/\/floridareprofreedom.org\/questionsjudge\/&amp;source=gmail&amp;ust=1683906476472000&amp;usg=AOvVaw3dAjcFd4rHWPQLnuW5luOy\">\u00bfQu\u00e9 tipo de preguntas me har\u00e1 el juez?<\/a><\/li>\n<li><a href=\"https:\/\/floridareprofreedom.org\/es\/tener-puesto\/\" data-saferedirecturl=\"https:\/\/www.google.com\/url?q=https:\/\/floridareprofreedom.org\/wear\/&amp;source=gmail&amp;ust=1683906476472000&amp;usg=AOvVaw1DZMIlo7hGRfuHrMBramoR\">\u00bfQu\u00e9 me pongo para ir a la corte?<\/a><\/li>\n<li><a href=\"https:\/\/floridareprofreedom.org\/es\/programado\/\" data-saferedirecturl=\"https:\/\/www.google.com\/url?q=https:\/\/floridareprofreedom.org\/scheduled\/&amp;source=gmail&amp;ust=1683906476472000&amp;usg=AOvVaw1xn17zmaHRp-mTJeGEMVJJ\">\u00bfQu\u00e9 sucede si mi audiencia est\u00e1 programada durante un d\u00eda escolar?<\/a><\/li>\n<li><a href=\"https:\/\/floridareprofreedom.org\/es\/otra-persona\/\" data-saferedirecturl=\"https:\/\/www.google.com\/url?q=https:\/\/floridareprofreedom.org\/otherperson\/&amp;source=gmail&amp;ust=1683906476472000&amp;usg=AOvVaw3uTwbO2--bonngguSJ12xd\">\u00bfLa otra persona involucrada en mi embarazo tiene voz y voto sobre si decido abortar?<\/a><\/li>\n<li><a href=\"https:\/\/floridareprofreedom.org\/es\/ciudadano\/\" data-saferedirecturl=\"https:\/\/www.google.com\/url?q=https:\/\/floridareprofreedom.org\/citizen\/&amp;source=gmail&amp;ust=1683906476472000&amp;usg=AOvVaw1Y2l43i6aWQo-5DlHJx17Y\">\u00bfTengo que ser ciudadana estadounidense para abortar? \u00bfQu\u00e9 pasa si no hablo bien ingl\u00e9s?<\/a><\/li>\n<li><a href=\"https:\/\/floridareprofreedom.org\/es\/cambiar\/\" data-saferedirecturl=\"https:\/\/www.google.com\/url?q=https:\/\/floridareprofreedom.org\/change\/&amp;source=gmail&amp;ust=1683906476472000&amp;usg=AOvVaw2NLUMPBzAbIB4_0_AwaxUX\">\u00bfPuedo cambiar de opini\u00f3n despu\u00e9s de hacerme el bypass?<\/a><\/li>\n<li><a href=\"https:\/\/floridareprofreedom.org\/es\/niega\/\" data-saferedirecturl=\"https:\/\/www.google.com\/url?q=https:\/\/floridareprofreedom.org\/denies\/&amp;source=gmail&amp;ust=1683906476472000&amp;usg=AOvVaw3bGAnbvux63X3E7mPLosTY\">\u00bfQu\u00e9 pasa si el juez niega mi solicitud de bypass?<\/a><\/li>\n<\/ul>","protected":false},"excerpt":{"rendered":"<p>Can&#8217;t get a parent involved in your decision to get an abortion? Read on.\u00a0 \u00a0 Need free legal assistance for a judicial bypass in\u00a0Florida? Contact The Jane\u00a0Network at\u00a0info@janenetworkfl.org\u00a0or access\u00a0their website here\u00a0for help. Florida law requires a parent to give permission\u00a0if a young person under 18 years old is trying to get an abortion.\u00a0(More info on [&hellip;]<\/p>\n","protected":false},"author":3,"featured_media":0,"parent":0,"menu_order":0,"comment_status":"closed","ping_status":"closed","template":"","meta":{"footnotes":""},"folder":[8],"class_list":["post-965","page","type-page","status-publish","hentry"],"yoast_head":"<!-- This site is optimized with the Yoast SEO plugin v27.3 - https:\/\/yoast.com\/product\/yoast-seo-wordpress\/ -->\n<title>What is a judicial bypass for abortion? - Floridians For Reproductive Freedom<\/title>\n<meta name=\"robots\" content=\"index, follow, max-snippet:-1, max-image-preview:large, max-video-preview:-1\" \/>\n<link rel=\"canonical\" href=\"https:\/\/floridareprofreedom.org\/es\/derivacion-judicial-2\/\" \/>\n<meta property=\"og:locale\" content=\"es_ES\" \/>\n<meta property=\"og:type\" content=\"article\" \/>\n<meta property=\"og:title\" content=\"What is a judicial bypass for abortion? - Floridians For Reproductive Freedom\" \/>\n<meta property=\"og:description\" content=\"Can&#8217;t get a parent involved in your decision to get an abortion? Read on.\u00a0 \u00a0 Need free legal assistance for a judicial bypass in\u00a0Florida? Contact The Jane\u00a0Network at\u00a0info@janenetworkfl.org\u00a0or access\u00a0their website here\u00a0for help. Florida law requires a parent to give permission\u00a0if a young person under 18 years old is trying to get an abortion.\u00a0(More info on [&hellip;]\" \/>\n<meta property=\"og:url\" content=\"https:\/\/floridareprofreedom.org\/es\/derivacion-judicial-2\/\" \/>\n<meta property=\"og:site_name\" content=\"Floridians For Reproductive Freedom\" \/>\n<meta property=\"article:publisher\" content=\"https:\/\/www.facebook.com\/FloridaReproFreedom\/\" \/>\n<meta property=\"article:modified_time\" content=\"2025-10-06T16:25:32+00:00\" \/>\n<meta property=\"og:image\" content=\"https:\/\/floridareprofreedom.org\/wp-content\/uploads\/2023\/05\/Jane.Network.jpg\" \/>\n\t<meta property=\"og:image:width\" content=\"1080\" \/>\n\t<meta property=\"og:image:height\" content=\"1350\" \/>\n\t<meta property=\"og:image:type\" content=\"image\/jpeg\" \/>\n<meta name=\"twitter:card\" content=\"summary_large_image\" \/>\n<meta name=\"twitter:site\" content=\"@FLReproFreedom\" \/>\n<meta name=\"twitter:label1\" content=\"Est. reading time\" \/>\n\t<meta name=\"twitter:data1\" content=\"3 minutos\" \/>\n<script type=\"application\/ld+json\" class=\"yoast-schema-graph\">{\"@context\":\"https:\\\/\\\/schema.org\",\"@graph\":[{\"@type\":\"WebPage\",\"@id\":\"https:\\\/\\\/floridareprofreedom.org\\\/judicial-bypass\\\/\",\"url\":\"https:\\\/\\\/floridareprofreedom.org\\\/judicial-bypass\\\/\",\"name\":\"What is a judicial bypass for abortion? - Floridians For Reproductive Freedom\",\"isPartOf\":{\"@id\":\"https:\\\/\\\/floridareprofreedom.org\\\/#website\"},\"primaryImageOfPage\":{\"@id\":\"https:\\\/\\\/floridareprofreedom.org\\\/judicial-bypass\\\/#primaryimage\"},\"image\":{\"@id\":\"https:\\\/\\\/floridareprofreedom.org\\\/judicial-bypass\\\/#primaryimage\"},\"thumbnailUrl\":\"https:\\\/\\\/floridareprofreedom.org\\\/wp-content\\\/uploads\\\/2023\\\/05\\\/Jane.Network-240x300.jpg\",\"datePublished\":\"2020-06-01T13:02:53+00:00\",\"dateModified\":\"2025-10-06T16:25:32+00:00\",\"breadcrumb\":{\"@id\":\"https:\\\/\\\/floridareprofreedom.org\\\/judicial-bypass\\\/#breadcrumb\"},\"inLanguage\":\"es\",\"potentialAction\":[{\"@type\":\"ReadAction\",\"target\":[\"https:\\\/\\\/floridareprofreedom.org\\\/judicial-bypass\\\/\"]}]},{\"@type\":\"ImageObject\",\"inLanguage\":\"es\",\"@id\":\"https:\\\/\\\/floridareprofreedom.org\\\/judicial-bypass\\\/#primaryimage\",\"url\":\"https:\\\/\\\/floridareprofreedom.org\\\/wp-content\\\/uploads\\\/2023\\\/05\\\/Jane.Network-240x300.jpg\",\"contentUrl\":\"https:\\\/\\\/floridareprofreedom.org\\\/wp-content\\\/uploads\\\/2023\\\/05\\\/Jane.Network-240x300.jpg\"},{\"@type\":\"BreadcrumbList\",\"@id\":\"https:\\\/\\\/floridareprofreedom.org\\\/judicial-bypass\\\/#breadcrumb\",\"itemListElement\":[{\"@type\":\"ListItem\",\"position\":1,\"name\":\"Home\",\"item\":\"https:\\\/\\\/floridareprofreedom.org\\\/\"},{\"@type\":\"ListItem\",\"position\":2,\"name\":\"What is a judicial bypass for abortion?\"}]},{\"@type\":\"WebSite\",\"@id\":\"https:\\\/\\\/floridareprofreedom.org\\\/#website\",\"url\":\"https:\\\/\\\/floridareprofreedom.org\\\/\",\"name\":\"Floridians For Reproductive Freedom\",\"description\":\"Advocating for convenient, affordable, and safe access to reproductive health care, including abortion.\",\"publisher\":{\"@id\":\"https:\\\/\\\/floridareprofreedom.org\\\/#organization\"},\"potentialAction\":[{\"@type\":\"SearchAction\",\"target\":{\"@type\":\"EntryPoint\",\"urlTemplate\":\"https:\\\/\\\/floridareprofreedom.org\\\/?s={search_term_string}\"},\"query-input\":{\"@type\":\"PropertyValueSpecification\",\"valueRequired\":true,\"valueName\":\"search_term_string\"}}],\"inLanguage\":\"es\"},{\"@type\":\"Organization\",\"@id\":\"https:\\\/\\\/floridareprofreedom.org\\\/#organization\",\"name\":\"Floridians for Reproductive Freedom\",\"url\":\"https:\\\/\\\/floridareprofreedom.org\\\/\",\"logo\":{\"@type\":\"ImageObject\",\"inLanguage\":\"es\",\"@id\":\"https:\\\/\\\/floridareprofreedom.org\\\/#\\\/schema\\\/logo\\\/image\\\/\",\"url\":\"https:\\\/\\\/floridareprofreedom.org\\\/wp-content\\\/uploads\\\/2019\\\/05\\\/Untitled.jpg\",\"contentUrl\":\"https:\\\/\\\/floridareprofreedom.org\\\/wp-content\\\/uploads\\\/2019\\\/05\\\/Untitled.jpg\",\"width\":174,\"height\":180,\"caption\":\"Floridians for Reproductive Freedom\"},\"image\":{\"@id\":\"https:\\\/\\\/floridareprofreedom.org\\\/#\\\/schema\\\/logo\\\/image\\\/\"},\"sameAs\":[\"https:\\\/\\\/www.facebook.com\\\/FloridaReproFreedom\\\/\",\"https:\\\/\\\/x.com\\\/FLReproFreedom\",\"https:\\\/\\\/www.instagram.com\\\/floridareprofreedom\\\/\"]}]}<\/script>\n<!-- \/ Yoast SEO plugin. -->","yoast_head_json":{"title":"\u00bfQu\u00e9 es una excepci\u00f3n judicial al aborto? - Floridanos por la Libertad Reproductiva","robots":{"index":"index","follow":"follow","max-snippet":"max-snippet:-1","max-image-preview":"max-image-preview:large","max-video-preview":"max-video-preview:-1"},"canonical":"https:\/\/floridareprofreedom.org\/es\/derivacion-judicial-2\/","og_locale":"es_ES","og_type":"article","og_title":"What is a judicial bypass for abortion? - Floridians For Reproductive Freedom","og_description":"Can&#8217;t get a parent involved in your decision to get an abortion? Read on.\u00a0 \u00a0 Need free legal assistance for a judicial bypass in\u00a0Florida? Contact The Jane\u00a0Network at\u00a0info@janenetworkfl.org\u00a0or access\u00a0their website here\u00a0for help. Florida law requires a parent to give permission\u00a0if a young person under 18 years old is trying to get an abortion.\u00a0(More info on [&hellip;]","og_url":"https:\/\/floridareprofreedom.org\/es\/derivacion-judicial-2\/","og_site_name":"Floridians For Reproductive Freedom","article_publisher":"https:\/\/www.facebook.com\/FloridaReproFreedom\/","article_modified_time":"2025-10-06T16:25:32+00:00","og_image":[{"width":1080,"height":1350,"url":"https:\/\/floridareprofreedom.org\/wp-content\/uploads\/2023\/05\/Jane.Network.jpg","type":"image\/jpeg"}],"twitter_card":"summary_large_image","twitter_site":"@FLReproFreedom","twitter_misc":{"Est. reading time":"3 minutos"},"schema":{"@context":"https:\/\/schema.org","@graph":[{"@type":"WebPage","@id":"https:\/\/floridareprofreedom.org\/judicial-bypass\/","url":"https:\/\/floridareprofreedom.org\/judicial-bypass\/","name":"\u00bfQu\u00e9 es una excepci\u00f3n judicial al aborto? - Floridanos por la Libertad Reproductiva","isPartOf":{"@id":"https:\/\/floridareprofreedom.org\/#website"},"primaryImageOfPage":{"@id":"https:\/\/floridareprofreedom.org\/judicial-bypass\/#primaryimage"},"image":{"@id":"https:\/\/floridareprofreedom.org\/judicial-bypass\/#primaryimage"},"thumbnailUrl":"https:\/\/floridareprofreedom.org\/wp-content\/uploads\/2023\/05\/Jane.Network-240x300.jpg","datePublished":"2020-06-01T13:02:53+00:00","dateModified":"2025-10-06T16:25:32+00:00","breadcrumb":{"@id":"https:\/\/floridareprofreedom.org\/judicial-bypass\/#breadcrumb"},"inLanguage":"es","potentialAction":[{"@type":"ReadAction","target":["https:\/\/floridareprofreedom.org\/judicial-bypass\/"]}]},{"@type":"ImageObject","inLanguage":"es","@id":"https:\/\/floridareprofreedom.org\/judicial-bypass\/#primaryimage","url":"https:\/\/floridareprofreedom.org\/wp-content\/uploads\/2023\/05\/Jane.Network-240x300.jpg","contentUrl":"https:\/\/floridareprofreedom.org\/wp-content\/uploads\/2023\/05\/Jane.Network-240x300.jpg"},{"@type":"BreadcrumbList","@id":"https:\/\/floridareprofreedom.org\/judicial-bypass\/#breadcrumb","itemListElement":[{"@type":"ListItem","position":1,"name":"Home","item":"https:\/\/floridareprofreedom.org\/"},{"@type":"ListItem","position":2,"name":"What is a judicial bypass for abortion?"}]},{"@type":"WebSite","@id":"https:\/\/floridareprofreedom.org\/#website","url":"https:\/\/floridareprofreedom.org\/","name":"Floridanos por la Libertad Reproductiva","description":"Abogando por un acceso conveniente, asequible y seguro a la atenci\u00f3n de la salud reproductiva, incluido el aborto.","publisher":{"@id":"https:\/\/floridareprofreedom.org\/#organization"},"potentialAction":[{"@type":"SearchAction","target":{"@type":"EntryPoint","urlTemplate":"https:\/\/floridareprofreedom.org\/?s={search_term_string}"},"query-input":{"@type":"PropertyValueSpecification","valueRequired":true,"valueName":"search_term_string"}}],"inLanguage":"es"},{"@type":"Organization","@id":"https:\/\/floridareprofreedom.org\/#organization","name":"Floridanos por la Libertad Reproductiva","url":"https:\/\/floridareprofreedom.org\/","logo":{"@type":"ImageObject","inLanguage":"es","@id":"https:\/\/floridareprofreedom.org\/#\/schema\/logo\/image\/","url":"https:\/\/floridareprofreedom.org\/wp-content\/uploads\/2019\/05\/Untitled.jpg","contentUrl":"https:\/\/floridareprofreedom.org\/wp-content\/uploads\/2019\/05\/Untitled.jpg","width":174,"height":180,"caption":"Floridians for Reproductive Freedom"},"image":{"@id":"https:\/\/floridareprofreedom.org\/#\/schema\/logo\/image\/"},"sameAs":["https:\/\/www.facebook.com\/FloridaReproFreedom\/","https:\/\/x.com\/FLReproFreedom","https:\/\/www.instagram.com\/floridareprofreedom\/"]}]}},"_links":{"self":[{"href":"https:\/\/floridareprofreedom.org\/es\/wp-json\/wp\/v2\/pages\/965","targetHints":{"allow":["GET"]}}],"collection":[{"href":"https:\/\/floridareprofreedom.org\/es\/wp-json\/wp\/v2\/pages"}],"about":[{"href":"https:\/\/floridareprofreedom.org\/es\/wp-json\/wp\/v2\/types\/page"}],"author":[{"embeddable":true,"href":"https:\/\/floridareprofreedom.org\/es\/wp-json\/wp\/v2\/users\/3"}],"replies":[{"embeddable":true,"href":"https:\/\/floridareprofreedom.org\/es\/wp-json\/wp\/v2\/comments?post=965"}],"version-history":[{"count":27,"href":"https:\/\/floridareprofreedom.org\/es\/wp-json\/wp\/v2\/pages\/965\/revisions"}],"predecessor-version":[{"id":4262,"href":"https:\/\/floridareprofreedom.org\/es\/wp-json\/wp\/v2\/pages\/965\/revisions\/4262"}],"wp:attachment":[{"href":"https:\/\/floridareprofreedom.org\/es\/wp-json\/wp\/v2\/media?parent=965"}],"wp:term":[{"taxonomy":"folder","embeddable":true,"href":"https:\/\/floridareprofreedom.org\/es\/wp-json\/wp\/v2\/folder?post=965"}],"curies":[{"name":"wp","href":"https:\/\/api.w.org\/{rel}","templated":true}]}}