{"id":973,"date":"2020-06-01T13:01:33","date_gmt":"2020-06-01T13:01:33","guid":{"rendered":"https:\/\/floridareprofreedom.org\/?page_id=973"},"modified":"2023-05-12T19:47:31","modified_gmt":"2023-05-12T19:47:31","slug":"costo","status":"publish","type":"page","link":"https:\/\/floridareprofreedom.org\/es\/cost\/","title":{"rendered":"\u00bfCuesta dinero obtener un bypass judicial?"},"content":{"rendered":"<p><img fetchpriority=\"high\" decoding=\"async\" class=\"size-medium wp-image-2731 alignright\" src=\"https:\/\/floridareprofreedom.org\/wp-content\/uploads\/2023\/05\/Jane.Network-240x300.jpg\" alt=\"\" width=\"240\" height=\"300\" srcset=\"https:\/\/floridareprofreedom.org\/wp-content\/uploads\/2023\/05\/Jane.Network-240x300.jpg 240w, https:\/\/floridareprofreedom.org\/wp-content\/uploads\/2023\/05\/Jane.Network-819x1024.jpg 819w, https:\/\/floridareprofreedom.org\/wp-content\/uploads\/2023\/05\/Jane.Network-768x960.jpg 768w, https:\/\/floridareprofreedom.org\/wp-content\/uploads\/2023\/05\/Jane.Network.jpg 1080w\" sizes=\"(max-width: 240px) 100vw, 240px\" \/><\/p>\n<p><span style=\"font-weight: 400;\">En Florida, no hay costos legales para solicitar una exenci\u00f3n judicial para el aborto. Si desea que el tribunal le asigne un abogado, no tendr\u00e1 costo alguno (Ver <\/span><a href=\"https:\/\/docs.google.com\/document\/d\/1B4AdYdocQAyBSCz2_Jl0nJHqr3P7ZelheUsQ0whwSQU\/edit?usp=sharing\"><span style=\"font-weight: 400;\">\u00bfNecesito un abogado?<\/span><\/a><span style=\"font-weight: 400;\"> (para m\u00e1s informaci\u00f3n.)\u00a0<\/span><\/p>\n<p><span style=\"font-weight: 400;\">En algunos juzgados es posible que tengas que pagar por el estacionamiento.<\/span><\/p>\n<p><span style=\"font-weight: 400;\">Tendr\u00e1 que pagar las citas cl\u00ednicas relacionadas con el procedimiento. Si no puede pagar su aborto, existen redes de financiaci\u00f3n locales y nacionales que podr\u00edan ayudarle. Consulte la lista a continuaci\u00f3n. Tambi\u00e9n deber\u00eda preguntar a su proveedor de abortos si puede ayudarle con la financiaci\u00f3n.<\/span><\/p>\n<ul>\n<li style=\"font-weight: 400;\"><a href=\"https:\/\/www.prochoice.org\/\"><span style=\"font-weight: 400;\">Federaci\u00f3n Nacional del Aborto<\/span><\/a><span style=\"font-weight: 400;\">: 1-800-772-9100<\/span><\/li>\n<li style=\"font-weight: 400;\"><a href=\"https:\/\/www.plannedparenthood.org\/teens\"><span style=\"font-weight: 400;\">Planificaci\u00f3n Familiar<\/span><\/a><span style=\"font-weight: 400;\">: 1-800-230-7526<\/span><\/li>\n<li style=\"font-weight: 400;\"><a href=\"http:\/\/www.flaccessnetwork.org\"><span style=\"font-weight: 400;\">Red de acceso de Florida<\/span><\/a><span style=\"font-weight: 400;\">:Apoyo en toda Florida<\/span><\/li>\n<li style=\"font-weight: 400;\"><a href=\"https:\/\/emawpb.org\/\"><span style=\"font-weight: 400;\">Asistencia M\u00e9dica de Emergencia Inc.<\/span><\/a><span style=\"font-weight: 400;\">: <\/span><span style=\"font-weight: 400;\">Palm Beaches y Treasure Coast<\/span><\/li>\n<li style=\"font-weight: 400;\"><a href=\"https:\/\/bwefund.org\/site\/\"><span style=\"font-weight: 400;\">Diversi\u00f3n de emergencia para mujeres de Broward<\/span><\/a><span style=\"font-weight: 400;\">d: Condado de Broward<\/span><\/li>\n<li style=\"font-weight: 400;\"><a href=\"https:\/\/abortionfunds.org\/fund\/womens-emergency-network\/\"><span style=\"font-weight: 400;\">Red de Emergencia de Mujeres<\/span><\/a><span style=\"font-weight: 400;\">:Condados de Miami-Dade, Broward y Monroe<\/span><\/li>\n<li style=\"font-weight: 400;\"><a href=\"https:\/\/abortionfunds.org\/fund\/tampa-bay-abortion-fund\/\"><span style=\"font-weight: 400;\">Fondo para el Aborto de Tampa Bay<\/span><\/a><span style=\"font-weight: 400;\">Condados de Pinellas, Hillsborough, Pasco y Polk<\/span><\/li>\n<\/ul>\n<p><a href=\"https:\/\/floridareprofreedom.org\/es\/cuanto-tiempo\/\"><img decoding=\"async\" class=\"alignnone size-full wp-image-1014\" src=\"https:\/\/floridareprofreedom.org\/wp-content\/uploads\/2020\/05\/previous.gif\" alt=\"\" width=\"231\" height=\"32\" \/><\/a> <a href=\"https:\/\/floridareprofreedom.org\/es\/alguien-sabe\/\"><img decoding=\"async\" class=\"alignnone size-full wp-image-1015\" src=\"https:\/\/floridareprofreedom.org\/wp-content\/uploads\/2020\/05\/next.gif\" alt=\"\" width=\"231\" height=\"32\" \/><\/a><\/p>\n<p><b>Preguntas relacionadas<\/b><\/p>\n<ul>\n<li style=\"font-weight: 400;\"><a href=\"https:\/\/floridareprofreedom.org\/es\/derivacion-judicial-2\/\"><span style=\"font-weight: 400;\">\u00bfQu\u00e9 es un bypass judicial para el aborto?<\/span><\/a><\/li>\n<li><a href=\"https:\/\/floridareprofreedom.org\/es\/donde\/\">\u00bfA d\u00f3nde puedo acudir para obtener un bypass judicial?<\/a><\/li>\n<li><a href=\"https:\/\/floridareprofreedom.org\/es\/formularios\/\">\u00bfQu\u00e9 formularios necesito?<\/a><\/li>\n<li><a href=\"https:\/\/floridareprofreedom.org\/es\/juez\/\"><span style=\"font-weight: 400;\">\u00bfQu\u00e9 tendr\u00e1 en cuenta el juez?<\/span><\/a><\/li>\n<li style=\"font-weight: 400;\"><a href=\"https:\/\/floridareprofreedom.org\/es\/abogado\/\"><span style=\"font-weight: 400;\">\u00bfNecesito un abogado?<\/span><\/a><\/li>\n<li style=\"font-weight: 400;\"><a href=\"https:\/\/floridareprofreedom.org\/es\/cuanto-tiempo\/\"><span style=\"font-weight: 400;\">\u00bfCu\u00e1nto tiempo se tarda en conseguir un bypass judicial?<\/span><\/a><\/li>\n<li style=\"font-weight: 400;\"><a href=\"https:\/\/floridareprofreedom.org\/es\/costo\/\"><span style=\"font-weight: 400;\">\u00bfCuesta dinero obtener un bypass judicial?<\/span><\/a><\/li>\n<li style=\"font-weight: 400;\"><a href=\"https:\/\/floridareprofreedom.org\/es\/alguien-sabe\/\"><span style=\"font-weight: 400;\">\u00bfAlguien sabr\u00e1 si puedo obtener un bypass judicial para abortar?<\/span><\/a><\/li>\n<li style=\"font-weight: 400;\"><a href=\"https:\/\/floridareprofreedom.org\/es\/preguntasjuez\/\"><span style=\"font-weight: 400;\">\u00bfQu\u00e9 tipo de preguntas me har\u00e1 el juez?<\/span><\/a><\/li>\n<li style=\"font-weight: 400;\"><a href=\"https:\/\/floridareprofreedom.org\/es\/tener-puesto\/\"><span style=\"font-weight: 400;\">\u00bfQu\u00e9 me pongo para ir a la corte?<\/span><\/a><\/li>\n<li style=\"font-weight: 400;\"><a href=\"https:\/\/floridareprofreedom.org\/es\/programado\/\"><span style=\"font-weight: 400;\">\u00bfQu\u00e9 sucede si mi audiencia est\u00e1 programada durante un d\u00eda escolar?<\/span><\/a><\/li>\n<li style=\"font-weight: 400;\"><a href=\"https:\/\/floridareprofreedom.org\/es\/otra-persona\/\"><span style=\"font-weight: 400;\">\u00bfLa otra persona involucrada en mi embarazo tiene voz y voto sobre si decido abortar?<\/span><\/a><\/li>\n<li style=\"font-weight: 400;\"><a href=\"https:\/\/floridareprofreedom.org\/es\/ciudadano\/\"><span style=\"font-weight: 400;\">\u00bfTengo que ser ciudadana estadounidense para abortar? \u00bfQu\u00e9 pasa si no hablo bien ingl\u00e9s?<\/span><\/a><\/li>\n<li style=\"font-weight: 400;\"><a href=\"https:\/\/floridareprofreedom.org\/es\/cambiar\/\"><span style=\"font-weight: 400;\">\u00bfPuedo cambiar de opini\u00f3n despu\u00e9s de hacerme el bypass?<\/span><\/a><\/li>\n<li><a href=\"https:\/\/floridareprofreedom.org\/es\/niega\/\">\u00bfQu\u00e9 pasa si el juez niega mi solicitud de bypass?<\/a><\/li>\n<\/ul>","protected":false},"excerpt":{"rendered":"<p>There are no legal fees for applying to get a judicial bypass for abortion in Florida. If you want the court to assign a lawyer to help\u00a0you, that will be at no cost to you (See Do I need a lawyer? for more information.)\u00a0 At some courthouses, you may need to pay for parking. You [&hellip;]<\/p>\n","protected":false},"author":3,"featured_media":0,"parent":0,"menu_order":0,"comment_status":"closed","ping_status":"closed","template":"","meta":{"footnotes":""},"folder":[8],"class_list":["post-973","page","type-page","status-publish","hentry"],"yoast_head":"<!-- This site is optimized with the Yoast SEO plugin v27.3 - https:\/\/yoast.com\/product\/yoast-seo-wordpress\/ -->\n<title>Does it cost money to get a judicial bypass? - Floridians For Reproductive Freedom<\/title>\n<meta name=\"robots\" content=\"index, follow, max-snippet:-1, max-image-preview:large, max-video-preview:-1\" \/>\n<link rel=\"canonical\" href=\"https:\/\/floridareprofreedom.org\/es\/costo\/\" \/>\n<meta property=\"og:locale\" content=\"es_ES\" \/>\n<meta property=\"og:type\" content=\"article\" \/>\n<meta property=\"og:title\" content=\"Does it cost money to get a judicial bypass? - Floridians For Reproductive Freedom\" \/>\n<meta property=\"og:description\" content=\"There are no legal fees for applying to get a judicial bypass for abortion in Florida. If you want the court to assign a lawyer to help\u00a0you, that will be at no cost to you (See Do I need a lawyer? for more information.)\u00a0 At some courthouses, you may need to pay for parking. You [&hellip;]\" \/>\n<meta property=\"og:url\" content=\"https:\/\/floridareprofreedom.org\/es\/costo\/\" \/>\n<meta property=\"og:site_name\" content=\"Floridians For Reproductive Freedom\" \/>\n<meta property=\"article:publisher\" content=\"https:\/\/www.facebook.com\/FloridaReproFreedom\/\" \/>\n<meta property=\"article:modified_time\" content=\"2023-05-12T19:47:31+00:00\" \/>\n<meta property=\"og:image\" content=\"https:\/\/floridareprofreedom.org\/wp-content\/uploads\/2023\/05\/Jane.Network-240x300.jpg\" \/>\n<meta name=\"twitter:card\" content=\"summary_large_image\" \/>\n<meta name=\"twitter:site\" content=\"@FLReproFreedom\" \/>\n<meta name=\"twitter:label1\" content=\"Est. reading time\" \/>\n\t<meta name=\"twitter:data1\" content=\"2 minutos\" \/>\n<script type=\"application\/ld+json\" class=\"yoast-schema-graph\">{\"@context\":\"https:\\\/\\\/schema.org\",\"@graph\":[{\"@type\":\"WebPage\",\"@id\":\"https:\\\/\\\/floridareprofreedom.org\\\/cost\\\/\",\"url\":\"https:\\\/\\\/floridareprofreedom.org\\\/cost\\\/\",\"name\":\"Does it cost money to get a judicial bypass? - Floridians For Reproductive Freedom\",\"isPartOf\":{\"@id\":\"https:\\\/\\\/floridareprofreedom.org\\\/#website\"},\"primaryImageOfPage\":{\"@id\":\"https:\\\/\\\/floridareprofreedom.org\\\/cost\\\/#primaryimage\"},\"image\":{\"@id\":\"https:\\\/\\\/floridareprofreedom.org\\\/cost\\\/#primaryimage\"},\"thumbnailUrl\":\"https:\\\/\\\/floridareprofreedom.org\\\/wp-content\\\/uploads\\\/2023\\\/05\\\/Jane.Network-240x300.jpg\",\"datePublished\":\"2020-06-01T13:01:33+00:00\",\"dateModified\":\"2023-05-12T19:47:31+00:00\",\"breadcrumb\":{\"@id\":\"https:\\\/\\\/floridareprofreedom.org\\\/cost\\\/#breadcrumb\"},\"inLanguage\":\"es\",\"potentialAction\":[{\"@type\":\"ReadAction\",\"target\":[\"https:\\\/\\\/floridareprofreedom.org\\\/cost\\\/\"]}]},{\"@type\":\"ImageObject\",\"inLanguage\":\"es\",\"@id\":\"https:\\\/\\\/floridareprofreedom.org\\\/cost\\\/#primaryimage\",\"url\":\"https:\\\/\\\/floridareprofreedom.org\\\/wp-content\\\/uploads\\\/2023\\\/05\\\/Jane.Network-240x300.jpg\",\"contentUrl\":\"https:\\\/\\\/floridareprofreedom.org\\\/wp-content\\\/uploads\\\/2023\\\/05\\\/Jane.Network-240x300.jpg\"},{\"@type\":\"BreadcrumbList\",\"@id\":\"https:\\\/\\\/floridareprofreedom.org\\\/cost\\\/#breadcrumb\",\"itemListElement\":[{\"@type\":\"ListItem\",\"position\":1,\"name\":\"Home\",\"item\":\"https:\\\/\\\/floridareprofreedom.org\\\/\"},{\"@type\":\"ListItem\",\"position\":2,\"name\":\"Does it cost money to get a judicial bypass?\"}]},{\"@type\":\"WebSite\",\"@id\":\"https:\\\/\\\/floridareprofreedom.org\\\/#website\",\"url\":\"https:\\\/\\\/floridareprofreedom.org\\\/\",\"name\":\"Floridians For Reproductive Freedom\",\"description\":\"Advocating for convenient, affordable, and safe access to reproductive health care, including abortion.\",\"publisher\":{\"@id\":\"https:\\\/\\\/floridareprofreedom.org\\\/#organization\"},\"potentialAction\":[{\"@type\":\"SearchAction\",\"target\":{\"@type\":\"EntryPoint\",\"urlTemplate\":\"https:\\\/\\\/floridareprofreedom.org\\\/?s={search_term_string}\"},\"query-input\":{\"@type\":\"PropertyValueSpecification\",\"valueRequired\":true,\"valueName\":\"search_term_string\"}}],\"inLanguage\":\"es\"},{\"@type\":\"Organization\",\"@id\":\"https:\\\/\\\/floridareprofreedom.org\\\/#organization\",\"name\":\"Floridians for Reproductive Freedom\",\"url\":\"https:\\\/\\\/floridareprofreedom.org\\\/\",\"logo\":{\"@type\":\"ImageObject\",\"inLanguage\":\"es\",\"@id\":\"https:\\\/\\\/floridareprofreedom.org\\\/#\\\/schema\\\/logo\\\/image\\\/\",\"url\":\"https:\\\/\\\/floridareprofreedom.org\\\/wp-content\\\/uploads\\\/2019\\\/05\\\/Untitled.jpg\",\"contentUrl\":\"https:\\\/\\\/floridareprofreedom.org\\\/wp-content\\\/uploads\\\/2019\\\/05\\\/Untitled.jpg\",\"width\":174,\"height\":180,\"caption\":\"Floridians for Reproductive Freedom\"},\"image\":{\"@id\":\"https:\\\/\\\/floridareprofreedom.org\\\/#\\\/schema\\\/logo\\\/image\\\/\"},\"sameAs\":[\"https:\\\/\\\/www.facebook.com\\\/FloridaReproFreedom\\\/\",\"https:\\\/\\\/x.com\\\/FLReproFreedom\",\"https:\\\/\\\/www.instagram.com\\\/floridareprofreedom\\\/\"]}]}<\/script>\n<!-- \/ Yoast SEO plugin. -->","yoast_head_json":{"title":"\u00bfCuesta dinero obtener una exenci\u00f3n judicial? - Floridanos por la Libertad Reproductiva","robots":{"index":"index","follow":"follow","max-snippet":"max-snippet:-1","max-image-preview":"max-image-preview:large","max-video-preview":"max-video-preview:-1"},"canonical":"https:\/\/floridareprofreedom.org\/es\/costo\/","og_locale":"es_ES","og_type":"article","og_title":"Does it cost money to get a judicial bypass? - Floridians For Reproductive Freedom","og_description":"There are no legal fees for applying to get a judicial bypass for abortion in Florida. If you want the court to assign a lawyer to help\u00a0you, that will be at no cost to you (See Do I need a lawyer? for more information.)\u00a0 At some courthouses, you may need to pay for parking. You [&hellip;]","og_url":"https:\/\/floridareprofreedom.org\/es\/costo\/","og_site_name":"Floridians For Reproductive Freedom","article_publisher":"https:\/\/www.facebook.com\/FloridaReproFreedom\/","article_modified_time":"2023-05-12T19:47:31+00:00","og_image":[{"url":"https:\/\/floridareprofreedom.org\/wp-content\/uploads\/2023\/05\/Jane.Network-240x300.jpg","type":"","width":"","height":""}],"twitter_card":"summary_large_image","twitter_site":"@FLReproFreedom","twitter_misc":{"Est. reading time":"2 minutos"},"schema":{"@context":"https:\/\/schema.org","@graph":[{"@type":"WebPage","@id":"https:\/\/floridareprofreedom.org\/cost\/","url":"https:\/\/floridareprofreedom.org\/cost\/","name":"\u00bfCuesta dinero obtener una exenci\u00f3n judicial? - Floridanos por la Libertad Reproductiva","isPartOf":{"@id":"https:\/\/floridareprofreedom.org\/#website"},"primaryImageOfPage":{"@id":"https:\/\/floridareprofreedom.org\/cost\/#primaryimage"},"image":{"@id":"https:\/\/floridareprofreedom.org\/cost\/#primaryimage"},"thumbnailUrl":"https:\/\/floridareprofreedom.org\/wp-content\/uploads\/2023\/05\/Jane.Network-240x300.jpg","datePublished":"2020-06-01T13:01:33+00:00","dateModified":"2023-05-12T19:47:31+00:00","breadcrumb":{"@id":"https:\/\/floridareprofreedom.org\/cost\/#breadcrumb"},"inLanguage":"es","potentialAction":[{"@type":"ReadAction","target":["https:\/\/floridareprofreedom.org\/cost\/"]}]},{"@type":"ImageObject","inLanguage":"es","@id":"https:\/\/floridareprofreedom.org\/cost\/#primaryimage","url":"https:\/\/floridareprofreedom.org\/wp-content\/uploads\/2023\/05\/Jane.Network-240x300.jpg","contentUrl":"https:\/\/floridareprofreedom.org\/wp-content\/uploads\/2023\/05\/Jane.Network-240x300.jpg"},{"@type":"BreadcrumbList","@id":"https:\/\/floridareprofreedom.org\/cost\/#breadcrumb","itemListElement":[{"@type":"ListItem","position":1,"name":"Home","item":"https:\/\/floridareprofreedom.org\/"},{"@type":"ListItem","position":2,"name":"Does it cost money to get a judicial bypass?"}]},{"@type":"WebSite","@id":"https:\/\/floridareprofreedom.org\/#website","url":"https:\/\/floridareprofreedom.org\/","name":"Floridanos por la Libertad Reproductiva","description":"Abogando por un acceso conveniente, asequible y seguro a la atenci\u00f3n de la salud reproductiva, incluido el aborto.","publisher":{"@id":"https:\/\/floridareprofreedom.org\/#organization"},"potentialAction":[{"@type":"SearchAction","target":{"@type":"EntryPoint","urlTemplate":"https:\/\/floridareprofreedom.org\/?s={search_term_string}"},"query-input":{"@type":"PropertyValueSpecification","valueRequired":true,"valueName":"search_term_string"}}],"inLanguage":"es"},{"@type":"Organization","@id":"https:\/\/floridareprofreedom.org\/#organization","name":"Floridanos por la Libertad Reproductiva","url":"https:\/\/floridareprofreedom.org\/","logo":{"@type":"ImageObject","inLanguage":"es","@id":"https:\/\/floridareprofreedom.org\/#\/schema\/logo\/image\/","url":"https:\/\/floridareprofreedom.org\/wp-content\/uploads\/2019\/05\/Untitled.jpg","contentUrl":"https:\/\/floridareprofreedom.org\/wp-content\/uploads\/2019\/05\/Untitled.jpg","width":174,"height":180,"caption":"Floridians for Reproductive Freedom"},"image":{"@id":"https:\/\/floridareprofreedom.org\/#\/schema\/logo\/image\/"},"sameAs":["https:\/\/www.facebook.com\/FloridaReproFreedom\/","https:\/\/x.com\/FLReproFreedom","https:\/\/www.instagram.com\/floridareprofreedom\/"]}]}},"_links":{"self":[{"href":"https:\/\/floridareprofreedom.org\/es\/wp-json\/wp\/v2\/pages\/973","targetHints":{"allow":["GET"]}}],"collection":[{"href":"https:\/\/floridareprofreedom.org\/es\/wp-json\/wp\/v2\/pages"}],"about":[{"href":"https:\/\/floridareprofreedom.org\/es\/wp-json\/wp\/v2\/types\/page"}],"author":[{"embeddable":true,"href":"https:\/\/floridareprofreedom.org\/es\/wp-json\/wp\/v2\/users\/3"}],"replies":[{"embeddable":true,"href":"https:\/\/floridareprofreedom.org\/es\/wp-json\/wp\/v2\/comments?post=973"}],"version-history":[{"count":8,"href":"https:\/\/floridareprofreedom.org\/es\/wp-json\/wp\/v2\/pages\/973\/revisions"}],"predecessor-version":[{"id":2782,"href":"https:\/\/floridareprofreedom.org\/es\/wp-json\/wp\/v2\/pages\/973\/revisions\/2782"}],"wp:attachment":[{"href":"https:\/\/floridareprofreedom.org\/es\/wp-json\/wp\/v2\/media?parent=973"}],"wp:term":[{"taxonomy":"folder","embeddable":true,"href":"https:\/\/floridareprofreedom.org\/es\/wp-json\/wp\/v2\/folder?post=973"}],"curies":[{"name":"wp","href":"https:\/\/api.w.org\/{rel}","templated":true}]}}