{"id":104,"date":"2018-09-07T20:08:36","date_gmt":"2018-09-07T20:08:36","guid":{"rendered":"http:\/\/frf.rayseaman.com\/?page_id=104"},"modified":"2023-09-13T16:39:39","modified_gmt":"2023-09-13T16:39:39","slug":"konpleks","status":"publish","type":"page","link":"https:\/\/floridareprofreedom.org\/ht\/compsexed\/","title":{"rendered":"Edikasyon Seksy\u00e8l Konpl\u00e8"},"content":{"rendered":"<figure id=\"attachment_105\" aria-describedby=\"caption-attachment-105\" style=\"width: 546px\" class=\"wp-caption alignright\"><img fetchpriority=\"high\" decoding=\"async\" class=\"size-full wp-image-105\" src=\"https:\/\/floridareprofreedom.org\/wp-content\/uploads\/2018\/09\/Sex-Ed-United-States.png\" alt=\"\" width=\"546\" height=\"570\" srcset=\"https:\/\/floridareprofreedom.org\/wp-content\/uploads\/2018\/09\/Sex-Ed-United-States.png 546w, https:\/\/floridareprofreedom.org\/wp-content\/uploads\/2018\/09\/Sex-Ed-United-States-287x300.png 287w\" sizes=\"(max-width: 546px) 100vw, 546px\" \/><figcaption id=\"caption-attachment-105\" class=\"wp-caption-text\">Florid pa poukont li. J\u00e8n nan anpil eta pa gen aks\u00e8 a edikasyon seksy\u00e8l konpl\u00e8 nan lek\u00f2l piblik.<\/figcaption><\/figure>\n<p class=\"zfr3Q\">Bay adolesan ak j\u00e8n yo enf\u00f2masyon yo bezwen pou yo ka pran desizyon responsab sou sante seksy\u00e8l yo se solisyon ki lojik pou diminye gwos\u00e8s adolesan ki pa te planifye ak enfeksyon seksy\u00e8lman transmisib yo. Kounye a, sepandan, edikasyon seksy\u00e8l konpl\u00e8 a lwen n\u00f2mal nan lek\u00f2l piblik Florid yo paske Eta a pa egzije li (gade <a href=\"http:\/\/www.leg.state.fl.us\/statutes\/index.cfm?App_mode=Display_Statute&amp;Search_String=&amp;URL=1000-1099\/1003\/Sections\/1003.46.html\">Lwa Florid 2018 Tit XLVIII, Chapit 1003.46<\/a>). Anjeneral, nan salklas nan Florid yo itilize matery\u00e8l ki baze sou abstinans s\u00e8lman, prensipal konsantrasyon an se sou pa f\u00e8 s\u00e8ks dey\u00f2 maryaj etewoseksy\u00e8l epi pa gen okenn enklizyon matery\u00e8l sou kontw\u00f2l nesans oswa s\u00e8ks ki pi an sekirite. An 2023, Gouv\u00e8n\u00e8 Ron DeSantis te siyen yon lwa ki anpeche edikasyon seksy\u00e8l, ki egzije pou tout kontni apwouve an premye pa Depatman Edikasyon an. Enstriksyon nan salklas sou idantite seksy\u00e8l ak oryantasyon seksy\u00e8l ent\u00e8di jiska 12y\u00e8m ane.<\/p>\n<p class=\"zfr3Q\">Dapre <a href=\"http:\/\/www.advocatesforyouth.org\/\">Defans\u00e8 pou J\u00e8n yo<\/a>, sondaj opinyon piblik yo montre toujou ke plis pase 80 pousan Ameriken sip\u00f2te ans\u00e8yman edikasyon seksy\u00e8l konpl\u00e8 nan lek\u00f2l segond\u00e8 ak nan lek\u00f2l presegond\u00e8 oswa lek\u00f2l segond\u00e8 premye sik. Nan yon sondaj, 85 pousan te kw\u00e8 ke adolesan yo ta dwe resevwa ans\u00e8yman sou kontw\u00f2l nesans ak prevansyon gwos\u00e8s; nan yon l\u00f2t, s\u00e8t sou 10 te opoze finansman gouv\u00e8nman an pou pwogram abstinans s\u00e8lman. Sip\u00f2 pou edikasyon seksy\u00e8l konpl\u00e8 tou trav\u00e8se liy pati politik yo. Nan yon sondaj ki te f\u00e8t ak 1,000 moun ki idantifye t\u00e8t yo k\u00f2m Repibliken ak Endepandan, 60 pousan Repibliken ak 81 pousan Endepandan panse ke lek\u00f2l piblik yo ta dwe anseye edikasyon seksy\u00e8l konpl\u00e8.<\/p>\n<p><b>Patisipe<\/b><\/p>\n<p>Anpil nan manm kowalisyon nou yo f\u00e8 pati de <strong>Alyans J\u00e8n ki An Sante Florid la<\/strong> \u2014 yon inisyativ enteresan, epi tr\u00e8 neses\u00e8, nan tout eta a, ki f\u00e8t pa pwofesyon\u00e8l sante ak defans\u00e8 devwe. Alyans lan sip\u00f2te edikasyon sante seksy\u00e8l medikalman egzat ak enklizif pou el\u00e8v Florid yo.<strong>.<\/strong>\u00a0Gade Alyans lan <a href=\"https:\/\/drive.google.com\/file\/d\/1ecmj8xj9UEkTws-dn4lwoehO_HQdBTfX\/view?usp=sharing\"><strong>f\u00e8y enf\u00f2masyon<\/strong> av\u00e8k pwen kle ki sip\u00f2te lek\u00f2l Florid yo k ap ofri edikasyon sou sante seksy\u00e8l<\/a> epi voye \u00f2ganizat\u00e8 a, <a href=\"mailto:ebarr@unf.edu\">Dokt\u00e8 Elissa Barr<\/a>, yon im\u00e8l pou ajoute nan lis distribisyon im\u00e8l Alyans lan epi resevwa enf\u00f2masyon sou reyinyon ak ev\u00e8nman yo.<\/p>\n<p><strong>L\u00f2t enf\u00f2masyon ak\u00a0<\/strong><b>resous<\/b><\/p>\n<ul>\n<li><a href=\"https:\/\/drive.google.com\/file\/d\/1ecmj8xj9UEkTws-dn4lwoehO_HQdBTfX\/view?usp=sharing\">Rezime 2 paj sou sip\u00f2 pou edikasyon sou sante seksy\u00e8l ki soti toupatou nan Florid<\/a><\/li>\n<li id=\"h.p_h5euOFUwYGmW\" class=\"zfr3Q\"><a href=\"http:\/\/www.siecus.org\/_data\/global\/images\/FL%20Report%20-%20Sex%20Education%20in%20the%20Sunshine%20State.pdf\">Edikasyon Seksy\u00e8l nan Eta Sol\u00e8y la: Kijan Pwogram Abstinans S\u00e8lman Jiska Maryaj yo Ap Kenbe J\u00e8n Florid yo nan F\u00e8nwa<\/a><\/li>\n<li id=\"h.p_CnSz78vXaTiT\" class=\"zfr3Q\"><a href=\"http:\/\/news.ufl.edu\/archive\/2007\/11\/sex-education-in-florida-schools-varies-widely-not-available-to-all-students.html\">Edikasyon seksy\u00e8l nan lek\u00f2l Florid yo varye anpil, li pa disponib pou tout el\u00e8v.<\/a><\/li>\n<li id=\"h.p_IiSIDC6jYgpD\" class=\"zfr3Q\"><a href=\"http:\/\/www.cltampa.com\/news-views\/article\/20762458\/abstaining-from-the-facts-floridas-lack-of-a-sex-ed-policy-may-be-screwing-its-students\">Evite bay enf\u00f2masyon yo: Mank yon politik edikasyon seksy\u00e8l nan Florid ka ap f\u00e8 el\u00e8v li yo p\u00e8di t\u00e8t yo.<\/a><\/li>\n<li id=\"h.p_AEschQ9_YKyR\" class=\"zfr3Q\"><a href=\"http:\/\/www.jahonline.org\/article\/S1054-139X(16)30004-0\/pdf\">Eta Edikasyon Seksy\u00e8l Ozetazini: Jounal Sante Adolesan<\/a><\/li>\n<li><a href=\"https:\/\/www.abcactionnews.com\/news\/region-pinellas\/parents-fuming-over-pinellas-co-sex-ed-program-in-schools\">Kanna, kanna, klamidya? Paran yo fache anpil pout\u00e8t pwogram edikasyon seksy\u00e8l nan lek\u00f2l Pinellas Co.<\/a><\/li>\n<li><a href=\"https:\/\/www.pnj.com\/story\/news\/education\/2017\/09\/25\/santa-rosa-county-sex-education-abstinence-pregnancy-resource-center\/699473001\/\">Gwoup ki pa vle f\u00e8 anyen pou anyen pral dirije edikasyon seksy\u00e8l nan lek\u00f2l segond\u00e8 nan Konte Santa Rosa.<\/a><\/li>\n<\/ul>","protected":false},"excerpt":{"rendered":"<p>Providing teens and young people with the information they need to make responsible decisions about their sexual health is the common sense solution to reducing unintended teen pregnancy and sexually transmitted infections. Currently, however, comprehensive sex education is far from the norm in Florida public schools as the State does not require it (see 2018 [&hellip;]<\/p>\n","protected":false},"author":3,"featured_media":0,"parent":0,"menu_order":0,"comment_status":"closed","ping_status":"closed","template":"","meta":{"footnotes":""},"folder":[],"class_list":["post-104","page","type-page","status-publish","hentry"],"yoast_head":"<!-- This site is optimized with the Yoast SEO plugin v27.3 - https:\/\/yoast.com\/product\/yoast-seo-wordpress\/ -->\n<title>Comprehensive Sex Education - Floridians For Reproductive Freedom<\/title>\n<meta name=\"robots\" content=\"index, follow, max-snippet:-1, max-image-preview:large, max-video-preview:-1\" \/>\n<link rel=\"canonical\" href=\"https:\/\/floridareprofreedom.org\/ht\/konpleks\/\" \/>\n<meta property=\"og:locale\" content=\"ht_HT\" \/>\n<meta property=\"og:type\" content=\"article\" \/>\n<meta property=\"og:title\" content=\"Comprehensive Sex Education - Floridians For Reproductive Freedom\" \/>\n<meta property=\"og:description\" content=\"Providing teens and young people with the information they need to make responsible decisions about their sexual health is the common sense solution to reducing unintended teen pregnancy and sexually transmitted infections. Currently, however, comprehensive sex education is far from the norm in Florida public schools as the State does not require it (see 2018 [&hellip;]\" \/>\n<meta property=\"og:url\" content=\"https:\/\/floridareprofreedom.org\/ht\/konpleks\/\" \/>\n<meta property=\"og:site_name\" content=\"Floridians For Reproductive Freedom\" \/>\n<meta property=\"article:publisher\" content=\"https:\/\/www.facebook.com\/FloridaReproFreedom\/\" \/>\n<meta property=\"article:modified_time\" content=\"2023-09-13T16:39:39+00:00\" \/>\n<meta property=\"og:image\" content=\"https:\/\/floridareprofreedom.org\/wp-content\/uploads\/2018\/09\/Sex-Ed-United-States.png\" \/>\n<meta name=\"twitter:card\" content=\"summary_large_image\" \/>\n<meta name=\"twitter:site\" content=\"@FLReproFreedom\" \/>\n<meta name=\"twitter:label1\" content=\"Est. reading time\" \/>\n\t<meta name=\"twitter:data1\" content=\"3 minutes\" \/>\n<script type=\"application\/ld+json\" class=\"yoast-schema-graph\">{\"@context\":\"https:\\\/\\\/schema.org\",\"@graph\":[{\"@type\":\"WebPage\",\"@id\":\"https:\\\/\\\/floridareprofreedom.org\\\/compsexed\\\/\",\"url\":\"https:\\\/\\\/floridareprofreedom.org\\\/compsexed\\\/\",\"name\":\"Comprehensive Sex Education - Floridians For Reproductive Freedom\",\"isPartOf\":{\"@id\":\"https:\\\/\\\/floridareprofreedom.org\\\/#website\"},\"primaryImageOfPage\":{\"@id\":\"https:\\\/\\\/floridareprofreedom.org\\\/compsexed\\\/#primaryimage\"},\"image\":{\"@id\":\"https:\\\/\\\/floridareprofreedom.org\\\/compsexed\\\/#primaryimage\"},\"thumbnailUrl\":\"https:\\\/\\\/floridareprofreedom.org\\\/wp-content\\\/uploads\\\/2018\\\/09\\\/Sex-Ed-United-States.png\",\"datePublished\":\"2018-09-07T20:08:36+00:00\",\"dateModified\":\"2023-09-13T16:39:39+00:00\",\"breadcrumb\":{\"@id\":\"https:\\\/\\\/floridareprofreedom.org\\\/compsexed\\\/#breadcrumb\"},\"inLanguage\":\"ht\",\"potentialAction\":[{\"@type\":\"ReadAction\",\"target\":[\"https:\\\/\\\/floridareprofreedom.org\\\/compsexed\\\/\"]}]},{\"@type\":\"ImageObject\",\"inLanguage\":\"ht\",\"@id\":\"https:\\\/\\\/floridareprofreedom.org\\\/compsexed\\\/#primaryimage\",\"url\":\"https:\\\/\\\/floridareprofreedom.org\\\/wp-content\\\/uploads\\\/2018\\\/09\\\/Sex-Ed-United-States.png\",\"contentUrl\":\"https:\\\/\\\/floridareprofreedom.org\\\/wp-content\\\/uploads\\\/2018\\\/09\\\/Sex-Ed-United-States.png\"},{\"@type\":\"BreadcrumbList\",\"@id\":\"https:\\\/\\\/floridareprofreedom.org\\\/compsexed\\\/#breadcrumb\",\"itemListElement\":[{\"@type\":\"ListItem\",\"position\":1,\"name\":\"Home\",\"item\":\"https:\\\/\\\/floridareprofreedom.org\\\/\"},{\"@type\":\"ListItem\",\"position\":2,\"name\":\"Comprehensive Sex Education\"}]},{\"@type\":\"WebSite\",\"@id\":\"https:\\\/\\\/floridareprofreedom.org\\\/#website\",\"url\":\"https:\\\/\\\/floridareprofreedom.org\\\/\",\"name\":\"Floridians For Reproductive Freedom\",\"description\":\"Advocating for convenient, affordable, and safe access to reproductive health care, including abortion.\",\"publisher\":{\"@id\":\"https:\\\/\\\/floridareprofreedom.org\\\/#organization\"},\"potentialAction\":[{\"@type\":\"SearchAction\",\"target\":{\"@type\":\"EntryPoint\",\"urlTemplate\":\"https:\\\/\\\/floridareprofreedom.org\\\/?s={search_term_string}\"},\"query-input\":{\"@type\":\"PropertyValueSpecification\",\"valueRequired\":true,\"valueName\":\"search_term_string\"}}],\"inLanguage\":\"ht\"},{\"@type\":\"Organization\",\"@id\":\"https:\\\/\\\/floridareprofreedom.org\\\/#organization\",\"name\":\"Floridians for Reproductive Freedom\",\"url\":\"https:\\\/\\\/floridareprofreedom.org\\\/\",\"logo\":{\"@type\":\"ImageObject\",\"inLanguage\":\"ht\",\"@id\":\"https:\\\/\\\/floridareprofreedom.org\\\/#\\\/schema\\\/logo\\\/image\\\/\",\"url\":\"https:\\\/\\\/floridareprofreedom.org\\\/wp-content\\\/uploads\\\/2019\\\/05\\\/Untitled.jpg\",\"contentUrl\":\"https:\\\/\\\/floridareprofreedom.org\\\/wp-content\\\/uploads\\\/2019\\\/05\\\/Untitled.jpg\",\"width\":174,\"height\":180,\"caption\":\"Floridians for Reproductive Freedom\"},\"image\":{\"@id\":\"https:\\\/\\\/floridareprofreedom.org\\\/#\\\/schema\\\/logo\\\/image\\\/\"},\"sameAs\":[\"https:\\\/\\\/www.facebook.com\\\/FloridaReproFreedom\\\/\",\"https:\\\/\\\/x.com\\\/FLReproFreedom\",\"https:\\\/\\\/www.instagram.com\\\/floridareprofreedom\\\/\"]}]}<\/script>\n<!-- \/ Yoast SEO plugin. -->","yoast_head_json":{"title":"Edikasyon Seksy\u00e8l Konpl\u00e8 - Floridyen Pou Lib\u00e8te Repwodiktif","robots":{"index":"index","follow":"follow","max-snippet":"max-snippet:-1","max-image-preview":"max-image-preview:large","max-video-preview":"max-video-preview:-1"},"canonical":"https:\/\/floridareprofreedom.org\/ht\/konpleks\/","og_locale":"ht_HT","og_type":"article","og_title":"Comprehensive Sex Education - Floridians For Reproductive Freedom","og_description":"Providing teens and young people with the information they need to make responsible decisions about their sexual health is the common sense solution to reducing unintended teen pregnancy and sexually transmitted infections. Currently, however, comprehensive sex education is far from the norm in Florida public schools as the State does not require it (see 2018 [&hellip;]","og_url":"https:\/\/floridareprofreedom.org\/ht\/konpleks\/","og_site_name":"Floridians For Reproductive Freedom","article_publisher":"https:\/\/www.facebook.com\/FloridaReproFreedom\/","article_modified_time":"2023-09-13T16:39:39+00:00","og_image":[{"url":"https:\/\/floridareprofreedom.org\/wp-content\/uploads\/2018\/09\/Sex-Ed-United-States.png","type":"","width":"","height":""}],"twitter_card":"summary_large_image","twitter_site":"@FLReproFreedom","twitter_misc":{"Est. reading time":"3 minutes"},"schema":{"@context":"https:\/\/schema.org","@graph":[{"@type":"WebPage","@id":"https:\/\/floridareprofreedom.org\/compsexed\/","url":"https:\/\/floridareprofreedom.org\/compsexed\/","name":"Edikasyon Seksy\u00e8l Konpl\u00e8 - Floridyen Pou Lib\u00e8te Repwodiktif","isPartOf":{"@id":"https:\/\/floridareprofreedom.org\/#website"},"primaryImageOfPage":{"@id":"https:\/\/floridareprofreedom.org\/compsexed\/#primaryimage"},"image":{"@id":"https:\/\/floridareprofreedom.org\/compsexed\/#primaryimage"},"thumbnailUrl":"https:\/\/floridareprofreedom.org\/wp-content\/uploads\/2018\/09\/Sex-Ed-United-States.png","datePublished":"2018-09-07T20:08:36+00:00","dateModified":"2023-09-13T16:39:39+00:00","breadcrumb":{"@id":"https:\/\/floridareprofreedom.org\/compsexed\/#breadcrumb"},"inLanguage":"ht","potentialAction":[{"@type":"ReadAction","target":["https:\/\/floridareprofreedom.org\/compsexed\/"]}]},{"@type":"ImageObject","inLanguage":"ht","@id":"https:\/\/floridareprofreedom.org\/compsexed\/#primaryimage","url":"https:\/\/floridareprofreedom.org\/wp-content\/uploads\/2018\/09\/Sex-Ed-United-States.png","contentUrl":"https:\/\/floridareprofreedom.org\/wp-content\/uploads\/2018\/09\/Sex-Ed-United-States.png"},{"@type":"BreadcrumbList","@id":"https:\/\/floridareprofreedom.org\/compsexed\/#breadcrumb","itemListElement":[{"@type":"ListItem","position":1,"name":"Home","item":"https:\/\/floridareprofreedom.org\/"},{"@type":"ListItem","position":2,"name":"Comprehensive Sex Education"}]},{"@type":"WebSite","@id":"https:\/\/floridareprofreedom.org\/#website","url":"https:\/\/floridareprofreedom.org\/","name":"Floridyen pou lib\u00e8te repwodiktif","description":"Ap defann aks\u00e8 pratik, ab\u00f2dab, epi an sekirite a swen sante repwodiktif, tankou av\u00f2tman.","publisher":{"@id":"https:\/\/floridareprofreedom.org\/#organization"},"potentialAction":[{"@type":"SearchAction","target":{"@type":"EntryPoint","urlTemplate":"https:\/\/floridareprofreedom.org\/?s={search_term_string}"},"query-input":{"@type":"PropertyValueSpecification","valueRequired":true,"valueName":"search_term_string"}}],"inLanguage":"ht"},{"@type":"Organization","@id":"https:\/\/floridareprofreedom.org\/#organization","name":"Floridyen pou Lib\u00e8te Repwodiktif","url":"https:\/\/floridareprofreedom.org\/","logo":{"@type":"ImageObject","inLanguage":"ht","@id":"https:\/\/floridareprofreedom.org\/#\/schema\/logo\/image\/","url":"https:\/\/floridareprofreedom.org\/wp-content\/uploads\/2019\/05\/Untitled.jpg","contentUrl":"https:\/\/floridareprofreedom.org\/wp-content\/uploads\/2019\/05\/Untitled.jpg","width":174,"height":180,"caption":"Floridians for Reproductive Freedom"},"image":{"@id":"https:\/\/floridareprofreedom.org\/#\/schema\/logo\/image\/"},"sameAs":["https:\/\/www.facebook.com\/FloridaReproFreedom\/","https:\/\/x.com\/FLReproFreedom","https:\/\/www.instagram.com\/floridareprofreedom\/"]}]}},"_links":{"self":[{"href":"https:\/\/floridareprofreedom.org\/ht\/wp-json\/wp\/v2\/pages\/104","targetHints":{"allow":["GET"]}}],"collection":[{"href":"https:\/\/floridareprofreedom.org\/ht\/wp-json\/wp\/v2\/pages"}],"about":[{"href":"https:\/\/floridareprofreedom.org\/ht\/wp-json\/wp\/v2\/types\/page"}],"author":[{"embeddable":true,"href":"https:\/\/floridareprofreedom.org\/ht\/wp-json\/wp\/v2\/users\/3"}],"replies":[{"embeddable":true,"href":"https:\/\/floridareprofreedom.org\/ht\/wp-json\/wp\/v2\/comments?post=104"}],"version-history":[{"count":20,"href":"https:\/\/floridareprofreedom.org\/ht\/wp-json\/wp\/v2\/pages\/104\/revisions"}],"predecessor-version":[{"id":2939,"href":"https:\/\/floridareprofreedom.org\/ht\/wp-json\/wp\/v2\/pages\/104\/revisions\/2939"}],"wp:attachment":[{"href":"https:\/\/floridareprofreedom.org\/ht\/wp-json\/wp\/v2\/media?parent=104"}],"wp:term":[{"taxonomy":"folder","embeddable":true,"href":"https:\/\/floridareprofreedom.org\/ht\/wp-json\/wp\/v2\/folder?post=104"}],"curies":[{"name":"wp","href":"https:\/\/api.w.org\/{rel}","templated":true}]}}