{"id":112,"date":"2018-09-10T13:36:01","date_gmt":"2018-09-10T13:36:01","guid":{"rendered":"http:\/\/frf.rayseaman.com\/?page_id=112"},"modified":"2025-10-06T17:42:44","modified_gmt":"2025-10-06T17:42:44","slug":"fo-klinik","status":"publish","type":"page","link":"https:\/\/floridareprofreedom.org\/ht\/fakeclinics\/","title":{"rendered":"F\u00e8 atansyon ak sant anti-av\u00f2tman yo: #EndTheLies"},"content":{"rendered":"<p><strong>Av\u00e8tisman: Sant anti-av\u00f2tman yo f\u00e8 Floridyen ansent yo mal.<\/strong><\/p>\n<p><em>\u201cFanm Florid yo dekri jan yo te konn ap p\u00e8sekite yo, entimide yo, epi ba yo enf\u00f2masyon ki pa kl\u00e8 nan fo klinik. Fo klinik sa yo febli konfyans ki nan fondasyon relasyon pasyan-founis\u00e8 a l\u00e8 yo pran p\u00f2z founis\u00e8 swen sante epi yo ap vann enf\u00f2masyon medikal ki pa k\u00f2r\u00e8k.\u201d \u2013 Dokt\u00e8 Nicole Fanarjian, OB\/GYN<\/em><\/p>\n<p>Nenp\u00f2t rezon ki f\u00e8 ou ka ch\u00e8che yon av\u00f2tman valab. Aprann plis sou opsyon ou yo epi jwenn yon founis\u00e8 lejitim nan <a href=\"http:\/\/ineedana.com\">ineedana.com<\/a>.<\/p>\n<p><strong><a href=\"http:\/\/fakeclinicsrealstories.com\/\">\u00c8ske ou te vizite yon sant kont av\u00f2tman? Rakonte istwa ou la a.<\/a><\/strong><\/p>\n<p><strong><iframe src=\"https:\/\/www.youtube.com\/embed\/F4-ZvuAuxIw\" width=\"560\" height=\"315\" frameborder=\"0\" allowfullscreen=\"allowfullscreen\" data-mce-fragment=\"1\"><span data-mce-type=\"bookmark\" style=\"display: inline-block; width: 0px; overflow: hidden; line-height: 0;\" class=\"mce_SELRES_start\"><\/span><\/iframe><br \/>\n<\/strong><\/p>\n<p><span style=\"font-weight: 400;\">\u00c8ske w te konnen gen 192 sant gwos\u00e8s kont av\u00f2tman k ap opere atrav\u00e8 Florid? Pafwa yo rele t\u00e8t yo &quot;<\/span><span style=\"font-weight: 400;\">sant gwos\u00e8s kriz&quot;, sant gwos\u00e8s anti-av\u00f2tman sa yo <strong>twonpe epi f\u00e8 Floridyen yo wont<\/strong> ap ch\u00e8che swen sante repwodiktif konpl\u00e8 ki gen ladan swen av\u00f2tman. Anpil nan sa yo se <strong>finanse pa leta ak lajan kontribyab yo<\/strong>Nan bidj\u00e8 2025-2026 la, Gouv\u00e8n\u00e8 Ron DeSantis te mete a dispozisyon <strong>$30.1 milyon<\/strong>\u00a0an direksyon sant sa yo.\u00a0 \u00a0<\/span><\/p>\n<figure id=\"attachment_124\" aria-describedby=\"caption-attachment-124\" style=\"width: 300px\" class=\"wp-caption alignright\"><a href=\"https:\/\/floridareprofreedom.org\/wp-content\/uploads\/2020\/11\/Anti-Abortion-Pregnancy-Centers-Ob-Gyns-Distribution-map3.pdf\"><img fetchpriority=\"high\" decoding=\"async\" class=\"wp-image-124 size-medium\" src=\"https:\/\/floridareprofreedom.org\/wp-content\/uploads\/2018\/09\/Florida-map-fake-clinics-ob-gyns-300x264.png\" alt=\"Kat jeyografik la montre plasman sant gwos\u00e8s kont av\u00f2tman ak dansite jinekol\u00f2g ak obstetrisyen nan Florid.\" width=\"300\" height=\"264\" srcset=\"https:\/\/floridareprofreedom.org\/wp-content\/uploads\/2018\/09\/Florida-map-fake-clinics-ob-gyns-300x264.png 300w, https:\/\/floridareprofreedom.org\/wp-content\/uploads\/2018\/09\/Florida-map-fake-clinics-ob-gyns-768x676.png 768w, https:\/\/floridareprofreedom.org\/wp-content\/uploads\/2018\/09\/Florida-map-fake-clinics-ob-gyns.png 1002w\" sizes=\"(max-width: 300px) 100vw, 300px\" \/><\/a><figcaption id=\"caption-attachment-124\" class=\"wp-caption-text\">Sant gwos\u00e8s kont av\u00f2tman yo depase anpil moun ki bay swen sante pou fanm yo. Klike sou imaj la pou telechaje yon kat ki pi gwo.<\/figcaption><\/figure>\n<p><span style=\"font-weight: 400;\">L\u00e8 yon moun deside f\u00e8 av\u00f2tman, yo ta dwe gen sip\u00f2 ak resp\u00e8, epi eksperyans yo ta dwe f\u00e8t san wont ni presyon. Malerezman, sant gwos\u00e8s kont av\u00f2tman yo kreye yon eksperyans opoze pou moun yo paske yo... <\/span>egziste pou konvenk fanm pou yo pa f\u00e8 av\u00f2tman. Ankouraje pa yon ajanda anti-av\u00f2tman ki byen f\u00e8m, yo itilize t\u00e8s gwos\u00e8s ak ultrason gratis pou <strong><em>p\u00e8swazyon<\/em><\/strong> olye de <strong><em>dyagnostik medikal<\/em><\/strong>Sant gwos\u00e8s anti-av\u00f2tman yo vin tounen f\u00f2s \u00f2ganizasyon\u00e8l lokal pou mouvman anti-av\u00f2tman an. <a href=\"https:\/\/docs.google.com\/spreadsheets\/d\/19P4yukoGvpESkmI8Kw0KrtuhMI8t74QtHhQnpDdePNE\/edit?usp=sharing\">Jwenn yon lis &quot;sant gwos\u00e8s an kriz&quot; nan Florid isit la<\/a>.<\/p>\n<p>Sant gwos\u00e8s kont av\u00f2tman yo pretann ofri swen sante ak s\u00e8vis medikal ki gen rap\u00f2 ak gwos\u00e8s, men yo pa bay swen medikal konpl\u00e8 ki baze sou pr\u00e8v. S\u00e8vi ak manti ak pratik manipilatif, yo travay pou f\u00e8 fanm yo wont pou yo pa jwenn swen repwodiktif - sitou kontrasepsyon ak av\u00f2tman:<\/p>\n<ul>\n<li>Yo pa gen okenn estanda medikal oswa sekirite. Ekipman y ap itilize a? Pa gen okenn fason pou konnen si y ap menm dezenfekte l ant chak pasyan.<\/li>\n<li>Ou p ap jwenn \u00e8d pou av\u00f2tman oswa menm kontrasepsyon nan yon fo klinik.<\/li>\n<li>Piblisite twonpe se fason yo f\u00e8 bagay paske yo adopte non ki sonnen tankou vr\u00e8 sant sante repwodiktif.<\/li>\n<li>Yo f\u00e8 espre mete yo sou menm bl\u00f2k la, pafwa menm nan menm bilding lan, ak founis\u00e8 av\u00f2tman rey\u00e8l yo.<\/li>\n<li>Yo mete piblisite twonpe anba rech\u00e8ch sou ent\u00e8n\u00e8t pou &quot;av\u00f2tman&quot;.<\/li>\n<li>Yo bay manti sou risk ki asosye ak pwosedi av\u00f2tman an, yo lye av\u00f2tman ak yon ogmantasyon risk pou f\u00e8 pitit ak kans\u00e8 nan tete.<\/li>\n<li>Anplwaye yo ak volont\u00e8 yo ka pran p\u00f2z pwofesyon\u00e8l medikal ki gen rad medikal oswa rad blan sou yo.<\/li>\n<li>Souvan yo pran randevou pi bon\u00e8 posib paske yo konnen moman an enp\u00f2tan anpil ak nenp\u00f2t gwos\u00e8s. Pasyan ki tann yo ka f\u00e8 fas ak depans ki tw\u00f2p oswa yo ka tw\u00f2 avanse pou yo f\u00e8 yon av\u00f2tman.<\/li>\n<\/ul>\n<p>Twonpe, f\u00e8 wont, epi f\u00e8 p\u00e8 pasyan ki potansy\u00e8lman ansent se enjis. Floridyen yo merite aks\u00e8 rapid ak yon seri konpl\u00e8 opsyon swen, pa enf\u00f2masyon medikalman ki pa k\u00f2r\u00e8k ke sant gwos\u00e8s kont av\u00f2tman yo ap enpoze sou yo.<\/p>\n<p>Ekstremis nan Lejislati Florid la atake swen sante repwodiktif plizy\u00e8 fwa, sitou aks\u00e8 a av\u00f2tman legal e an sekirite. Youn nan mwayen atak yo se lejitimize sant gwos\u00e8s anti-av\u00f2tman atrav\u00e8 lejislasyon. An 2018, <span style=\"font-weight: 400;\">Apre sa, Gouv\u00e8n\u00e8 Rick Scott te siyen yon lwa ki egzije kontribyab Florid yo pou finanse sant gwos\u00e8s anti-av\u00f2tman pou tout tan, epi an 2023, Gouv\u00e8n\u00e8 Ron DeSantis te siyen yon pwoj\u00e8 lwa pou ogmante finansman an rive nan $25 milyon dola chak ane. <\/span>Malgre bezwen sante piblik ki pwouve pou fanm ak pasyan yo kapab jwenn aks\u00e8 a tout s\u00e8vis swen sante repwodiktif ki rapid e ab\u00f2dab, gouv\u00e8nman Eta nou an ap finanse sant gwos\u00e8s kont av\u00f2tman ki f\u00e8 egzakteman opoze a. Aprann plis nan <a href=\"https:\/\/floridareprofreedom.org\/ht\/rapo\/\">ekspozisyon nou an pou ane 2021 an<\/a> ki dekouvri yon pwopagasyon enf\u00f2masyon medikal fo ak twonpe, to ranbousman gonfle, ak depans initil.<\/p>\n<header class=\"entry-header\"><\/header>\n<h2>N ap goumen ank\u00f2.<\/h2>\n<figure id=\"attachment_114\" aria-describedby=\"caption-attachment-114\" style=\"width: 300px\" class=\"wp-caption alignleft\"><a href=\"https:\/\/www.youtube.com\/watch?v=J17nsDBTLnA&amp;feature=youtu.be\"><img decoding=\"async\" class=\"wp-image-114 size-medium\" src=\"http:\/\/frf.rayseaman.com\/wp-content\/uploads\/2018\/09\/Amy.news_-300x167.png\" alt=\"\" width=\"300\" height=\"167\" srcset=\"https:\/\/floridareprofreedom.org\/wp-content\/uploads\/2018\/09\/Amy.news_-300x167.png 300w, https:\/\/floridareprofreedom.org\/wp-content\/uploads\/2018\/09\/Amy.news_.png 490w\" sizes=\"(max-width: 300px) 100vw, 300px\" \/><\/a><figcaption id=\"caption-attachment-114\" class=\"wp-caption-text\">Kouv\u00e8ti nouv\u00e8l televizyon sou livrezon petisyon an nan Kapit\u00f2l Eta a<\/figcaption><\/figure>\n<p><strong>Pibliye pr\u00e8v.\u00a0<\/strong>Pr\u00e8v yo te kolekte nan dokiman Depatman Sante Florid la, ki te jwenn atrav\u00e8 Lwa Sunshine Florid la, ansanm ak sa yo te jwenn nan sit ent\u00e8n\u00e8t ak lap\u00f2s sant gwos\u00e8s kont av\u00f2tman, te mennen nan piblikasyon yon rap\u00f2 denonsyasyon. Gade rezilta nou yo ki devwale yon pwopagasyon enf\u00f2masyon medikal fo ak twonpe, to ranbousman gonfle, ak depans initil nan rap\u00f2 nou an. <a href=\"https:\/\/floridareprofreedom.org\/ht\/rapo\/\">&quot;Inefikasite ak ideyoloji nan Pwogram S\u00e8vis Sip\u00f2 Gwos\u00e8s Florid la gaspiye plizy\u00e8 milyon dola nan lajan kontribyab yo&quot;<\/a>.<\/p>\n<p><strong>Pale verite a bay pouvwa a<\/strong>Gwoup Travay sou Klinik Fo Floridyen pou Lib\u00e8te Repwodiktif (FRF) la ap mande pou DOH rann sant gwos\u00e8s anti-av\u00f2tman yo responsab epi l ap travay pou denonse sant gwos\u00e8s anti-av\u00f2tman nan pw\u00f2p kominote nou yo. Nan mwa Jiy\u00e8 2018, nou te delivre yon <a href=\"https:\/\/news.wfsu.org\/state-news\/2018-07-31\/5-500-signature-petition-for-tighter-regulation-on-crisis-pregnancy-centers-lands-on-scotts-desk\">petisyon<\/a> Plis pase 5,500 Floridyen te siyen li pou mande plis sip\u00e8vizyon DOH sou rezo sant gwos\u00e8s anti-av\u00f2tman an ak operasyon lokal yo.<\/p>\n<p><strong>Aji lokalman.\u00a0<\/strong> Manm gwoup travay nou an \u00f2ganize ev\u00e8nman kominot\u00e8 yo regily\u00e8man pou sansibilize moun sou operasyon sant gwos\u00e8s anti-av\u00f2tman lokal yo ak lef\u00e8t ke yo pa vr\u00e8 sant sante pou fanm.<\/p>\n<p><strong>Kontakte kandida yo<\/strong>Manm yo travay pou f\u00e8 \u00f2ganizat\u00e8 fow\u00f2m kandida k ap vini yo jwenn kesyon sou sant gwos\u00e8s kont av\u00f2tman oubyen kesyon\u00e8 kandida yo poze. Sa a s\u00e8vi pou enf\u00f2me ofisy\u00e8l eli yo ak piblik la an jeneral sou egzistans sant gwos\u00e8s kont av\u00f2tman nan kominote Florid yo.<\/p>\n<p><strong>Retire fo klinik nan lek\u00f2l piblik yo<\/strong>Kons\u00e8y lek\u00f2l nan Florid yo <a href=\"https:\/\/www.abcactionnews.com\/news\/region-pinellas\/parents-fuming-over-pinellas-co-sex-ed-program-in-schools\">p\u00e8m\u00e8t anplwaye sant gwos\u00e8s anti-av\u00f2tman yo sou lis orat\u00e8 envite apwouve yo<\/a> pou pwofes\u00e8 yo envite nan salklas yo pou ab\u00f2de sij\u00e8 ki gen rap\u00f2 ak sante seksy\u00e8l.\u00a0 <a href=\"https:\/\/www.pnj.com\/story\/news\/education\/2017\/09\/25\/santa-rosa-county-sex-education-abstinence-pregnancy-resource-center\/699473001\/\">Gen k\u00e8k konte ki menm ap f\u00e8 kontra ak sant gwos\u00e8s kont av\u00f2tman.<\/a>\u00a0pou bay edikasyon sou sante seksy\u00e8l. Gwoup travay nou an ap etidye pwobl\u00e8m sa a pandan n ap devlope estrateji.<\/p>\n<h2>Patisipe. Etap pou pran kounye a.<\/h2>\n<ul>\n<li><strong>Enprime bwochi nou an<\/strong> epi mande biznis lokal yo pou montre yo. <a href=\"https:\/\/drive.google.com\/drive\/folders\/1ZC5pdN5P3d81uo7tCgrctTwqX1wLJ9Qs?usp=sharing\">Jwenn aks\u00e8 a yo an Angl\u00e8 ak an Pany\u00f2l isit la.<\/a><\/li>\n<li>Pibliye rap\u00f2 ekspozisyon nou an ak <a href=\"http:\/\/fakeclinicsrealstories.com\">f\u00f2m koleksyon istwa nou an<\/a> sou <strong>medya sosyal<\/strong>.<\/li>\n<li>Enprime, koupe, epi voye\u00a0<strong>kat postal<\/strong> bay ofisy\u00e8l eli yo. <a href=\"https:\/\/floridareprofreedom.org\/ht\/kat-postal-fo-klinik\/\">Jwenn direksyon yo epi telechaje yo isit la.<\/a><\/li>\n<li>Ekri yon\u00a0<strong>l\u00e8t bay edit\u00e8 a<\/strong> nan jounal lokal ou a.<\/li>\n<li><span style=\"font-weight: 400;\"><strong>Pibliye av\u00e8tisman sou ent\u00e8n\u00e8t<\/strong>.\u00a0<\/span>Kite k\u00f2mant\u00e8 negatif, men egzak e on\u00e8t sou Google Maps,<span style=\"font-weight: 400;\"> Yelp, Reddit, ak l\u00f2t sit evalyasyon sou sant gwos\u00e8s kont av\u00f2tman ki gen pwobl\u00e8m nan kominote w la. Gwoup Travay FRF Fo Klinik yo, an patenarya ak patn\u00e8 nasyonal la, <a href=\"https:\/\/exposefakeclinics.squarespace.com\/\">ExposeFakeClinics.com,<\/a> Objektif la se ankouraje revizyon on\u00e8t ki bay pr\u00e8v ki soti nan sit ent\u00e8n\u00e8t sant gwos\u00e8s anti-av\u00f2tman an oswa nan ap\u00e8l telefonik oswa vizit, ki klarifye s\u00e8vis operasyon an pou pasyan potansy\u00e8l ki pa abitye av\u00e8k li.<\/span><\/li>\n<\/ul>\n<p>Kit ou enterese nan travay pou chanjman politik nan nivo Eta a oswa nan denonse yon sant gwos\u00e8s kont av\u00f2tman nan pw\u00f2p vil ou a, Gwoup Travay Klinik Fo FRF la akeyi patisipasyon ou. Im\u00e8l <a href=\"\/ht\/Cheyenne@progressflorida.org\/\">Cheyenne@progressflorida.org<\/a> pou aprann plis.<\/p>\n<p><a href=\"https:\/\/actionnetwork.org\/forms\/join-floridians-for-reproductive-freedom-2?&amp;source=direct_link\" target=\"_blank\" rel=\"noopener\"><button>Enskri pou Al\u00e8t Aksyon<\/button><\/a><\/p>\n<p><strong><a href=\"http:\/\/fakeclinicsrealstories.com\/\">\u00c8ske ou te vizite yon sant kont av\u00f2tman? Rakonte istwa ou la a.<\/a><\/strong><\/p>","protected":false},"excerpt":{"rendered":"<p>Warning: Anti-abortion centers harm pregnant Floridians. \u201cFlorida women describe being harassed, bullied, and given blatantly false information at fake clinics. These fake clinics undermine the trust at the foundation of the patient-provider relationship by posing as health care providers and peddling inaccurate medical information.\u201d \u2013 Dr. Nicole Fanarjian, OB\/GYN Any reason you may seek an [&hellip;]<\/p>\n","protected":false},"author":3,"featured_media":0,"parent":0,"menu_order":0,"comment_status":"closed","ping_status":"closed","template":"","meta":{"footnotes":""},"folder":[],"class_list":["post-112","page","type-page","status-publish","hentry"],"yoast_head":"<!-- This site is optimized with the Yoast SEO plugin v27.3 - https:\/\/yoast.com\/product\/yoast-seo-wordpress\/ -->\n<title>Beware of Anti-Abortion Centers: #EndTheLies - Floridians For Reproductive Freedom<\/title>\n<meta name=\"description\" content=\"Abortion is still legal in FL! Anti-abortion pregnancy centers do NOT offer legitimate health care. Learn how to avoid them in your community\" \/>\n<meta name=\"robots\" content=\"index, follow, max-snippet:-1, max-image-preview:large, max-video-preview:-1\" \/>\n<link rel=\"canonical\" href=\"https:\/\/floridareprofreedom.org\/ht\/fo-klinik\/\" \/>\n<meta property=\"og:locale\" content=\"ht_HT\" \/>\n<meta property=\"og:type\" content=\"article\" \/>\n<meta property=\"og:title\" content=\"Beware of Anti-Abortion Centers: #EndTheLies - Floridians For Reproductive Freedom\" \/>\n<meta property=\"og:description\" content=\"Abortion is still legal in FL! Anti-abortion pregnancy centers do NOT offer legitimate health care. Learn how to avoid them in your community\" \/>\n<meta property=\"og:url\" content=\"https:\/\/floridareprofreedom.org\/ht\/fo-klinik\/\" \/>\n<meta property=\"og:site_name\" content=\"Floridians For Reproductive Freedom\" \/>\n<meta property=\"article:publisher\" content=\"https:\/\/www.facebook.com\/FloridaReproFreedom\/\" \/>\n<meta property=\"article:modified_time\" content=\"2025-10-06T17:42:44+00:00\" \/>\n<meta property=\"og:image\" content=\"https:\/\/floridareprofreedom.org\/wp-content\/uploads\/2018\/09\/Florida-map-fake-clinics-ob-gyns.png\" \/>\n\t<meta property=\"og:image:width\" content=\"1002\" \/>\n\t<meta property=\"og:image:height\" content=\"882\" \/>\n\t<meta property=\"og:image:type\" content=\"image\/png\" \/>\n<meta name=\"twitter:card\" content=\"summary_large_image\" \/>\n<meta name=\"twitter:site\" content=\"@FLReproFreedom\" \/>\n<meta name=\"twitter:label1\" content=\"Est. reading time\" \/>\n\t<meta name=\"twitter:data1\" content=\"6 minutes\" \/>\n<script type=\"application\/ld+json\" class=\"yoast-schema-graph\">{\"@context\":\"https:\\\/\\\/schema.org\",\"@graph\":[{\"@type\":\"WebPage\",\"@id\":\"https:\\\/\\\/floridareprofreedom.org\\\/fakeclinics\\\/\",\"url\":\"https:\\\/\\\/floridareprofreedom.org\\\/fakeclinics\\\/\",\"name\":\"Beware of Anti-Abortion Centers: #EndTheLies - Floridians For Reproductive Freedom\",\"isPartOf\":{\"@id\":\"https:\\\/\\\/floridareprofreedom.org\\\/#website\"},\"primaryImageOfPage\":{\"@id\":\"https:\\\/\\\/floridareprofreedom.org\\\/fakeclinics\\\/#primaryimage\"},\"image\":{\"@id\":\"https:\\\/\\\/floridareprofreedom.org\\\/fakeclinics\\\/#primaryimage\"},\"thumbnailUrl\":\"https:\\\/\\\/floridareprofreedom.org\\\/wp-content\\\/uploads\\\/2018\\\/09\\\/Florida-map-fake-clinics-ob-gyns-300x264.png\",\"datePublished\":\"2018-09-10T13:36:01+00:00\",\"dateModified\":\"2025-10-06T17:42:44+00:00\",\"description\":\"Abortion is still legal in FL! Anti-abortion pregnancy centers do NOT offer legitimate health care. Learn how to avoid them in your community\",\"breadcrumb\":{\"@id\":\"https:\\\/\\\/floridareprofreedom.org\\\/fakeclinics\\\/#breadcrumb\"},\"inLanguage\":\"ht\",\"potentialAction\":[{\"@type\":\"ReadAction\",\"target\":[\"https:\\\/\\\/floridareprofreedom.org\\\/fakeclinics\\\/\"]}]},{\"@type\":\"ImageObject\",\"inLanguage\":\"ht\",\"@id\":\"https:\\\/\\\/floridareprofreedom.org\\\/fakeclinics\\\/#primaryimage\",\"url\":\"https:\\\/\\\/floridareprofreedom.org\\\/wp-content\\\/uploads\\\/2018\\\/09\\\/Florida-map-fake-clinics-ob-gyns-300x264.png\",\"contentUrl\":\"https:\\\/\\\/floridareprofreedom.org\\\/wp-content\\\/uploads\\\/2018\\\/09\\\/Florida-map-fake-clinics-ob-gyns-300x264.png\"},{\"@type\":\"BreadcrumbList\",\"@id\":\"https:\\\/\\\/floridareprofreedom.org\\\/fakeclinics\\\/#breadcrumb\",\"itemListElement\":[{\"@type\":\"ListItem\",\"position\":1,\"name\":\"Home\",\"item\":\"https:\\\/\\\/floridareprofreedom.org\\\/\"},{\"@type\":\"ListItem\",\"position\":2,\"name\":\"Beware of Anti-Abortion Centers: #EndTheLies\"}]},{\"@type\":\"WebSite\",\"@id\":\"https:\\\/\\\/floridareprofreedom.org\\\/#website\",\"url\":\"https:\\\/\\\/floridareprofreedom.org\\\/\",\"name\":\"Floridians For Reproductive Freedom\",\"description\":\"Advocating for convenient, affordable, and safe access to reproductive health care, including abortion.\",\"publisher\":{\"@id\":\"https:\\\/\\\/floridareprofreedom.org\\\/#organization\"},\"potentialAction\":[{\"@type\":\"SearchAction\",\"target\":{\"@type\":\"EntryPoint\",\"urlTemplate\":\"https:\\\/\\\/floridareprofreedom.org\\\/?s={search_term_string}\"},\"query-input\":{\"@type\":\"PropertyValueSpecification\",\"valueRequired\":true,\"valueName\":\"search_term_string\"}}],\"inLanguage\":\"ht\"},{\"@type\":\"Organization\",\"@id\":\"https:\\\/\\\/floridareprofreedom.org\\\/#organization\",\"name\":\"Floridians for Reproductive Freedom\",\"url\":\"https:\\\/\\\/floridareprofreedom.org\\\/\",\"logo\":{\"@type\":\"ImageObject\",\"inLanguage\":\"ht\",\"@id\":\"https:\\\/\\\/floridareprofreedom.org\\\/#\\\/schema\\\/logo\\\/image\\\/\",\"url\":\"https:\\\/\\\/floridareprofreedom.org\\\/wp-content\\\/uploads\\\/2019\\\/05\\\/Untitled.jpg\",\"contentUrl\":\"https:\\\/\\\/floridareprofreedom.org\\\/wp-content\\\/uploads\\\/2019\\\/05\\\/Untitled.jpg\",\"width\":174,\"height\":180,\"caption\":\"Floridians for Reproductive Freedom\"},\"image\":{\"@id\":\"https:\\\/\\\/floridareprofreedom.org\\\/#\\\/schema\\\/logo\\\/image\\\/\"},\"sameAs\":[\"https:\\\/\\\/www.facebook.com\\\/FloridaReproFreedom\\\/\",\"https:\\\/\\\/x.com\\\/FLReproFreedom\",\"https:\\\/\\\/www.instagram.com\\\/floridareprofreedom\\\/\"]}]}<\/script>\n<!-- \/ Yoast SEO plugin. -->","yoast_head_json":{"title":"F\u00e8 atansyon ak sant anti-av\u00f2tman yo: #EndTheLies - Floridyen pou lib\u00e8te repwodiktif","description":"Av\u00f2tman toujou legal nan Florid! Sant gwos\u00e8s kont av\u00f2tman PA ofri swen sante lejitim. Aprann kijan pou evite yo nan kominote w la.","robots":{"index":"index","follow":"follow","max-snippet":"max-snippet:-1","max-image-preview":"max-image-preview:large","max-video-preview":"max-video-preview:-1"},"canonical":"https:\/\/floridareprofreedom.org\/ht\/fo-klinik\/","og_locale":"ht_HT","og_type":"article","og_title":"Beware of Anti-Abortion Centers: #EndTheLies - Floridians For Reproductive Freedom","og_description":"Abortion is still legal in FL! Anti-abortion pregnancy centers do NOT offer legitimate health care. Learn how to avoid them in your community","og_url":"https:\/\/floridareprofreedom.org\/ht\/fo-klinik\/","og_site_name":"Floridians For Reproductive Freedom","article_publisher":"https:\/\/www.facebook.com\/FloridaReproFreedom\/","article_modified_time":"2025-10-06T17:42:44+00:00","og_image":[{"width":1002,"height":882,"url":"https:\/\/floridareprofreedom.org\/wp-content\/uploads\/2018\/09\/Florida-map-fake-clinics-ob-gyns.png","type":"image\/png"}],"twitter_card":"summary_large_image","twitter_site":"@FLReproFreedom","twitter_misc":{"Est. reading time":"6 minutes"},"schema":{"@context":"https:\/\/schema.org","@graph":[{"@type":"WebPage","@id":"https:\/\/floridareprofreedom.org\/fakeclinics\/","url":"https:\/\/floridareprofreedom.org\/fakeclinics\/","name":"F\u00e8 atansyon ak sant anti-av\u00f2tman yo: #EndTheLies - Floridyen pou lib\u00e8te repwodiktif","isPartOf":{"@id":"https:\/\/floridareprofreedom.org\/#website"},"primaryImageOfPage":{"@id":"https:\/\/floridareprofreedom.org\/fakeclinics\/#primaryimage"},"image":{"@id":"https:\/\/floridareprofreedom.org\/fakeclinics\/#primaryimage"},"thumbnailUrl":"https:\/\/floridareprofreedom.org\/wp-content\/uploads\/2018\/09\/Florida-map-fake-clinics-ob-gyns-300x264.png","datePublished":"2018-09-10T13:36:01+00:00","dateModified":"2025-10-06T17:42:44+00:00","description":"Av\u00f2tman toujou legal nan Florid! Sant gwos\u00e8s kont av\u00f2tman PA ofri swen sante lejitim. Aprann kijan pou evite yo nan kominote w la.","breadcrumb":{"@id":"https:\/\/floridareprofreedom.org\/fakeclinics\/#breadcrumb"},"inLanguage":"ht","potentialAction":[{"@type":"ReadAction","target":["https:\/\/floridareprofreedom.org\/fakeclinics\/"]}]},{"@type":"ImageObject","inLanguage":"ht","@id":"https:\/\/floridareprofreedom.org\/fakeclinics\/#primaryimage","url":"https:\/\/floridareprofreedom.org\/wp-content\/uploads\/2018\/09\/Florida-map-fake-clinics-ob-gyns-300x264.png","contentUrl":"https:\/\/floridareprofreedom.org\/wp-content\/uploads\/2018\/09\/Florida-map-fake-clinics-ob-gyns-300x264.png"},{"@type":"BreadcrumbList","@id":"https:\/\/floridareprofreedom.org\/fakeclinics\/#breadcrumb","itemListElement":[{"@type":"ListItem","position":1,"name":"Home","item":"https:\/\/floridareprofreedom.org\/"},{"@type":"ListItem","position":2,"name":"Beware of Anti-Abortion Centers: #EndTheLies"}]},{"@type":"WebSite","@id":"https:\/\/floridareprofreedom.org\/#website","url":"https:\/\/floridareprofreedom.org\/","name":"Floridyen pou lib\u00e8te repwodiktif","description":"Ap defann aks\u00e8 pratik, ab\u00f2dab, epi an sekirite a swen sante repwodiktif, tankou av\u00f2tman.","publisher":{"@id":"https:\/\/floridareprofreedom.org\/#organization"},"potentialAction":[{"@type":"SearchAction","target":{"@type":"EntryPoint","urlTemplate":"https:\/\/floridareprofreedom.org\/?s={search_term_string}"},"query-input":{"@type":"PropertyValueSpecification","valueRequired":true,"valueName":"search_term_string"}}],"inLanguage":"ht"},{"@type":"Organization","@id":"https:\/\/floridareprofreedom.org\/#organization","name":"Floridyen pou Lib\u00e8te Repwodiktif","url":"https:\/\/floridareprofreedom.org\/","logo":{"@type":"ImageObject","inLanguage":"ht","@id":"https:\/\/floridareprofreedom.org\/#\/schema\/logo\/image\/","url":"https:\/\/floridareprofreedom.org\/wp-content\/uploads\/2019\/05\/Untitled.jpg","contentUrl":"https:\/\/floridareprofreedom.org\/wp-content\/uploads\/2019\/05\/Untitled.jpg","width":174,"height":180,"caption":"Floridians for Reproductive Freedom"},"image":{"@id":"https:\/\/floridareprofreedom.org\/#\/schema\/logo\/image\/"},"sameAs":["https:\/\/www.facebook.com\/FloridaReproFreedom\/","https:\/\/x.com\/FLReproFreedom","https:\/\/www.instagram.com\/floridareprofreedom\/"]}]}},"_links":{"self":[{"href":"https:\/\/floridareprofreedom.org\/ht\/wp-json\/wp\/v2\/pages\/112","targetHints":{"allow":["GET"]}}],"collection":[{"href":"https:\/\/floridareprofreedom.org\/ht\/wp-json\/wp\/v2\/pages"}],"about":[{"href":"https:\/\/floridareprofreedom.org\/ht\/wp-json\/wp\/v2\/types\/page"}],"author":[{"embeddable":true,"href":"https:\/\/floridareprofreedom.org\/ht\/wp-json\/wp\/v2\/users\/3"}],"replies":[{"embeddable":true,"href":"https:\/\/floridareprofreedom.org\/ht\/wp-json\/wp\/v2\/comments?post=112"}],"version-history":[{"count":59,"href":"https:\/\/floridareprofreedom.org\/ht\/wp-json\/wp\/v2\/pages\/112\/revisions"}],"predecessor-version":[{"id":4278,"href":"https:\/\/floridareprofreedom.org\/ht\/wp-json\/wp\/v2\/pages\/112\/revisions\/4278"}],"wp:attachment":[{"href":"https:\/\/floridareprofreedom.org\/ht\/wp-json\/wp\/v2\/media?parent=112"}],"wp:term":[{"taxonomy":"folder","embeddable":true,"href":"https:\/\/floridareprofreedom.org\/ht\/wp-json\/wp\/v2\/folder?post=112"}],"curies":[{"name":"wp","href":"https:\/\/api.w.org\/{rel}","templated":true}]}}