{"id":1233,"date":"2020-08-04T19:00:16","date_gmt":"2020-08-04T19:00:16","guid":{"rendered":"https:\/\/floridareprofreedom.org\/?page_id=1233"},"modified":"2025-06-09T16:08:38","modified_gmt":"2025-06-09T16:08:38","slug":"alternatif-jidisye-nan-florida","status":"publish","type":"page","link":"https:\/\/floridareprofreedom.org\/ht\/alternativa-judicial-en-florida\/","title":{"rendered":"Alternativa Judicial pou yon av\u00f2tman nan Florid"},"content":{"rendered":"<h3>\u27a1\ufe0f<a href=\"https:\/\/floridareprofreedom.org\/ht\/kontouneman-jidisye\/\">Angl\u00e8<\/a><br \/>\n\u27a1\ufe0f<a href=\"https:\/\/floridareprofreedom.org\/ht\/kontouneman-jidisye\/egzansyon-jidisye-an-florid\/\">Krey\u00f2l<\/a><\/h3>\n<h1><b><i>Puedes hacerte un aborto sin la intervenci\u00f3n de tus padres<\/i><\/b><\/h1>\n<p><b>Lalwa Florid mande pou papa yo otorize otorizasyon yon moun ki pi piti depi 18 ane ki vle av\u00f2te. <\/b><span style=\"font-weight: 400;\">(M\u00e1s enf\u00f2masyon sou las leys de <a href=\"https:\/\/reprolegalhelpline.org\/es\/legislacion-sobre-el-aborto-por-estado\/florida\/\">Florid isit la<\/a>). Sabemos que la mayor\u00eda de los j\u00f3venes hablan con sus padres cuando necesitan yon av\u00f2tman, men k\u00e8k pa kapab, pou pw\u00f2p sekirite oswa pou difikilte lojistik yo. Todas las personas, independientemente de su edad o circunstancias, ta dwe kapab acc\u00e8s a la atenci\u00f3n reproductiva, enkli el aborto.<\/span><\/p>\n<p><b>Si no puedes obtener el permiso de tus padres o no puedes ped\u00edrselo, <a href=\"https:\/\/share.hsforms.com\/1jrl5GO2gThWo8Cl3yE7nUgnq4ky\">podr\u00edas abortar sin la intervenci\u00f3n de tus padres si acudes<\/a> a los tribunales y se te aksepte yon \u201cexenci\u00f3n judicial\u201d.<\/b><\/p>\n<p><span style=\"font-weight: 400;\">Esto se trata de una exenci\u00f3n judicial que te permitir\u00e1 abortar sin la intervenci\u00f3n de tus padres en ciertas situaciones, incluyendo, entre otras, si:<\/span><\/p>\n<ul>\n<li style=\"font-weight: 400;\" aria-level=\"1\"><span style=\"font-weight: 400;\">Est\u00e1s en un sistema de acogida o bajo custodia estatal tras la intervenci\u00f3n del Departamento de Ni\u00f1os y Familias de Florida.<\/span><\/li>\n<li style=\"font-weight: 400;\" aria-level=\"1\"><span style=\"font-weight: 400;\">Est\u00e1s sufriendo abuso o abuso sexual por parte de tus padres o tutor legal.<\/span><\/li>\n<\/ul>\n<p><span style=\"font-weight: 400;\"><br \/>\n<\/span> Debido a las restricciones al aborto in Florida, sa rapid avans. Si w kw\u00e8 ke w ka bezwen yon eksepsyon jidisy\u00e8 oswa pa gen okenn sekirite nan sitiyasyon an ranpli kondisyon yo, <b>kontakte av\u00e8k <a href=\"https:\/\/share.hsforms.com\/1jrl5GO2gThWo8Cl3yE7nUgnq4ky\">Rezo Jane nan<\/a> para obtener asistencia legal gratuita. <\/b><span style=\"font-weight: 400;\">Yon desizyon ki sot pase yon tribinal nan Florid limite aks\u00e8 nan pwosesis eksepsyon jidisy\u00e8, men The Jane Network kapab ede w konprann si li koresponn ak kijan. (Pou plis enf\u00f2masyon sou The Jane Network, <\/span><a href=\"https:\/\/www.janenetworkfl.org\/\"><span style=\"font-weight: 400;\">klike isit la<\/span><\/a><span style=\"font-weight: 400;\">).<\/span><\/p>\n<p><b>Li posib ke <\/b><b>non <\/b><b>necesites un padre, madre, tutor legal ni una exenci\u00f3n judicial para abortar si te encuentras en alguna de las siguientes circunstancias.<\/b><span style=\"font-weight: 400;\"> En otras palabras, coulds abortar sin la intervenci\u00f3n de un padre o madre o sin pasar por el proceso de exenci\u00f3n judicial si:<\/span><\/p>\n<ul>\n<li style=\"font-weight: 400;\" aria-level=\"1\"><span style=\"font-weight: 400;\">Li nan eta sa a oswa li te marye.<\/span><\/li>\n<li style=\"font-weight: 400;\" aria-level=\"1\"><span style=\"font-weight: 400;\">Wi, nou gen pitit gason.<\/span><\/li>\n<li style=\"font-weight: 400;\" aria-level=\"1\"><span style=\"font-weight: 400;\">Te emancipaste (removieron tu incapacidad de decidir por no ser mayor de edad) seg\u00fan la ley estatal.<\/span><\/li>\n<\/ul>\n<pre id=\"tw-target-text\" class=\"tw-data-text tw-text-large tw-ta\" data-placeholder=\"Translation\" aria-label=\"T\u00e8ks tradui: kesyon\" data-ved=\"2ahUKEwjtyrD1ytONAxVmRDABHaAoGjkQ3ewLegQIChAW\"><strong><span class=\"Y2IQFc\" lang=\"es\">Kesyon:<\/span><\/strong><\/pre>\n<ol>\n<li style=\"font-weight: 400;\"><a href=\"https:\/\/floridareprofreedom.org\/ht\/jb1\/\"><span style=\"font-weight: 400;\">\u00bfQu\u00e9 es una alternativa judicial en caso de que necesite un aborto?<\/span><\/a><\/li>\n<li style=\"font-weight: 400;\"><a href=\"https:\/\/floridareprofreedom.org\/ht\/jb2\/\"><span style=\"font-weight: 400;\">\u00bf<\/span><span style=\"font-weight: 400;\">A d\u00f3nde debo acudir para poder hacerme un aborto?<\/span><\/a><\/li>\n<li style=\"font-weight: 400;\"><a href=\"https:\/\/floridareprofreedom.org\/ht\/jb3\/\"><span style=\"font-weight: 400;\">\u00bf<\/span><span style=\"font-weight: 400;\">Qu\u00e9 tipo de formulario debo ranpli<\/span><span style=\"font-weight: 400;\">?<\/span><\/a><\/li>\n<li style=\"font-weight: 400;\"><a href=\"https:\/\/floridareprofreedom.org\/ht\/jb4\/\"><span style=\"font-weight: 400;\">\u00bfQu\u00e9 considerar\u00e1 el juez para tomar una decisi\u00f3n?<\/span><\/a><\/li>\n<li style=\"font-weight: 400;\"><a href=\"https:\/\/floridareprofreedom.org\/ht\/jb5\/\"><span style=\"font-weight: 400;\">Mwen bezwen yon avoka?<\/span><\/a><\/li>\n<li style=\"font-weight: 400;\"><a href=\"https:\/\/floridareprofreedom.org\/ht\/jb6\/\"><span style=\"font-weight: 400;\">\u00bf<\/span><span style=\"font-weight: 400;\">Cu\u00e1nto tarda conseguir una alternativa judicial?<\/span><\/a><\/li>\n<li style=\"font-weight: 400;\"><a href=\"https:\/\/floridareprofreedom.org\/ht\/jb7\/\"><span style=\"font-weight: 400;\">\u00bf<\/span><span style=\"font-weight: 400;\">Cu\u00e1nto cuesta conseguir una alternativa judicial?<\/span><\/a><\/li>\n<li style=\"font-weight: 400;\"><a href=\"https:\/\/floridareprofreedom.org\/ht\/jb8\/\"><span style=\"font-weight: 400;\">\u00bf<\/span><span style=\"font-weight: 400;\">Qui\u00e9nes sabr\u00e1n si he logrado obtener una alternativa judicial?<\/span><\/a><\/li>\n<li style=\"font-weight: 400;\"><a href=\"https:\/\/floridareprofreedom.org\/ht\/jb9\/\"><span style=\"font-weight: 400;\">\u00bf<\/span><span style=\"font-weight: 400;\">Qu\u00e9 tipo de preguntas me har\u00e1 el juez?<\/span><\/a><\/li>\n<li style=\"font-weight: 400;\"><a href=\"https:\/\/floridareprofreedom.org\/ht\/jb10\/\"><span style=\"font-weight: 400;\">\u00bf<\/span><span style=\"font-weight: 400;\">Qu\u00e9 vestimenta debo usar para ir a la corte?<\/span><\/a><\/li>\n<li style=\"font-weight: 400;\"><a href=\"https:\/\/floridareprofreedom.org\/ht\/jb11\/\"><span style=\"font-weight: 400;\">\u00bf<\/span><span style=\"font-weight: 400;\">Qu\u00e9 suceder\u00eda si mi audiencia est\u00e1 programada para un d\u00eda escolar<\/span><span style=\"font-weight: 400;\">?<\/span><\/a><\/li>\n<li style=\"font-weight: 400;\"><a href=\"https:\/\/floridareprofreedom.org\/ht\/jb12\/\"><span style=\"font-weight: 400;\">\u00bf<\/span><span style=\"font-weight: 400;\">La persona involucrada en mi embarazo tiene potestad para decidir sobre si debo o no practicarme un aborto<\/span><\/a><span style=\"font-weight: 400;\">?\u00a0<\/span><\/li>\n<li style=\"font-weight: 400;\"><a href=\"https:\/\/floridareprofreedom.org\/ht\/jb13\/\"><span style=\"font-weight: 400;\">\u00a0<\/span><span style=\"font-weight: 400;\">\u00bf<\/span><span style=\"font-weight: 400;\">Gengo que ser ciudadana americana para practicarme un aborto? <\/span><span style=\"font-weight: 400;\">\u00bf<\/span><span style=\"font-weight: 400;\">Y si no puedo comunicarme en ingl\u00e9s?\u00a0<\/span><\/a><\/li>\n<li style=\"font-weight: 400;\"><a href=\"https:\/\/floridareprofreedom.org\/ht\/jb14\/\"><span style=\"font-weight: 400;\">\u00bf<\/span><span style=\"font-weight: 400;\">Ou ka chanje desizyon apre yon alt\u00e8natif jidisy\u00e8?<\/span><\/a><\/li>\n<li><a href=\"https:\/\/floridareprofreedom.org\/ht\/jb15\/\"><span style=\"font-weight: 400;\">\u00bf<\/span><span style=\"font-weight: 400;\">Qu\u00e9 pasa si el juez niega mi petisyon<\/span><span style=\"font-weight: 400;\">?<\/span><\/a><\/li>\n<\/ol>\n<p><strong><br \/>\n\u00c8ske w ap ch\u00e8che enf\u00f2masyon sou yon alt\u00e8natif jidisy\u00e8 nan eta Florid? <\/strong><a href=\"https:\/\/reprolegalhelpline.org\/es\/\"><span style=\"font-weight: 400;\">Visita a nuestros aliados de If\/When\/How para asistencia.<\/span><\/a><\/p>\n<p><a href=\"https:\/\/www.janenetworkfl.org\/\"><img fetchpriority=\"high\" decoding=\"async\" class=\"alignnone size-full wp-image-1141\" src=\"https:\/\/floridareprofreedom.org\/wp-content\/uploads\/2020\/06\/webpage-image-JB-website-1.png\" alt=\"Adolesan nan Florid ka f\u00e8 av\u00f2tman san okenn paran ki mande apwobasyon tribinal.\" width=\"820\" height=\"312\" srcset=\"https:\/\/floridareprofreedom.org\/wp-content\/uploads\/2020\/06\/webpage-image-JB-website-1.png 820w, https:\/\/floridareprofreedom.org\/wp-content\/uploads\/2020\/06\/webpage-image-JB-website-1-300x114.png 300w, https:\/\/floridareprofreedom.org\/wp-content\/uploads\/2020\/06\/webpage-image-JB-website-1-768x292.png 768w\" sizes=\"(max-width: 820px) 100vw, 820px\" \/><\/a><\/p>","protected":false},"excerpt":{"rendered":"<p>\u27a1\ufe0fEnglish \u27a1\ufe0fCreole Puedes hacerte un aborto sin la intervenci\u00f3n de tus padres La ley de Florida exige que los padres otorguen el permiso a una persona menor de 18 a\u00f1os que desee abortar. (M\u00e1s informaci\u00f3n sobre las leyes de Florida aqu\u00ed). Sabemos que la mayor\u00eda de los j\u00f3venes hablan con sus padres cuando necesitan un [&hellip;]<\/p>\n","protected":false},"author":3,"featured_media":0,"parent":0,"menu_order":0,"comment_status":"closed","ping_status":"closed","template":"","meta":{"footnotes":""},"folder":[9],"class_list":["post-1233","page","type-page","status-publish","hentry"],"yoast_head":"<!-- This site is optimized with the Yoast SEO plugin v27.3 - https:\/\/yoast.com\/product\/yoast-seo-wordpress\/ -->\n<title>Alternativa Judicial para un aborto en Florida - Floridians For Reproductive Freedom<\/title>\n<meta name=\"description\" content=\"Si no puedes obtener el permiso de tus padres o no puedes ped\u00edrselo, podr\u00edas abortar sin la intervenci\u00f3n de tus padres si acudes a los tribunales y se te concede una &quot;exenci\u00f3n judicial&quot;.\" \/>\n<meta name=\"robots\" content=\"index, follow, max-snippet:-1, max-image-preview:large, max-video-preview:-1\" \/>\n<link rel=\"canonical\" href=\"https:\/\/floridareprofreedom.org\/ht\/alternatif-jidisye-nan-florida\/\" \/>\n<meta property=\"og:locale\" content=\"ht_HT\" \/>\n<meta property=\"og:type\" content=\"article\" \/>\n<meta property=\"og:title\" content=\"Alternativa Judicial para un aborto en Florida - Floridians For Reproductive Freedom\" \/>\n<meta property=\"og:description\" content=\"Si no puedes obtener el permiso de tus padres o no puedes ped\u00edrselo, podr\u00edas abortar sin la intervenci\u00f3n de tus padres si acudes a los tribunales y se te concede una &quot;exenci\u00f3n judicial&quot;.\" \/>\n<meta property=\"og:url\" content=\"https:\/\/floridareprofreedom.org\/ht\/alternatif-jidisye-nan-florida\/\" \/>\n<meta property=\"og:site_name\" content=\"Floridians For Reproductive Freedom\" \/>\n<meta property=\"article:publisher\" content=\"https:\/\/www.facebook.com\/FloridaReproFreedom\/\" \/>\n<meta property=\"article:modified_time\" content=\"2025-06-09T16:08:38+00:00\" \/>\n<meta property=\"og:image\" content=\"https:\/\/floridareprofreedom.org\/wp-content\/uploads\/2020\/06\/webpage-image-JB-website-1.png\" \/>\n\t<meta property=\"og:image:width\" content=\"820\" \/>\n\t<meta property=\"og:image:height\" content=\"312\" \/>\n\t<meta property=\"og:image:type\" content=\"image\/png\" \/>\n<meta name=\"twitter:card\" content=\"summary_large_image\" \/>\n<meta name=\"twitter:site\" content=\"@FLReproFreedom\" \/>\n<meta name=\"twitter:label1\" content=\"Est. reading time\" \/>\n\t<meta name=\"twitter:data1\" content=\"3 minutes\" \/>\n<script type=\"application\/ld+json\" class=\"yoast-schema-graph\">{\"@context\":\"https:\\\/\\\/schema.org\",\"@graph\":[{\"@type\":\"WebPage\",\"@id\":\"https:\\\/\\\/floridareprofreedom.org\\\/alternativa-judicial-en-florida\\\/\",\"url\":\"https:\\\/\\\/floridareprofreedom.org\\\/alternativa-judicial-en-florida\\\/\",\"name\":\"Alternativa Judicial para un aborto en Florida - Floridians For Reproductive Freedom\",\"isPartOf\":{\"@id\":\"https:\\\/\\\/floridareprofreedom.org\\\/#website\"},\"primaryImageOfPage\":{\"@id\":\"https:\\\/\\\/floridareprofreedom.org\\\/alternativa-judicial-en-florida\\\/#primaryimage\"},\"image\":{\"@id\":\"https:\\\/\\\/floridareprofreedom.org\\\/alternativa-judicial-en-florida\\\/#primaryimage\"},\"thumbnailUrl\":\"https:\\\/\\\/floridareprofreedom.org\\\/wp-content\\\/uploads\\\/2020\\\/06\\\/webpage-image-JB-website-1.png\",\"datePublished\":\"2020-08-04T19:00:16+00:00\",\"dateModified\":\"2025-06-09T16:08:38+00:00\",\"description\":\"Si no puedes obtener el permiso de tus padres o no puedes ped\u00edrselo, podr\u00edas abortar sin la intervenci\u00f3n de tus padres si acudes a los tribunales y se te concede una \\\"exenci\u00f3n judicial\\\".\",\"breadcrumb\":{\"@id\":\"https:\\\/\\\/floridareprofreedom.org\\\/alternativa-judicial-en-florida\\\/#breadcrumb\"},\"inLanguage\":\"ht\",\"potentialAction\":[{\"@type\":\"ReadAction\",\"target\":[\"https:\\\/\\\/floridareprofreedom.org\\\/alternativa-judicial-en-florida\\\/\"]}]},{\"@type\":\"ImageObject\",\"inLanguage\":\"ht\",\"@id\":\"https:\\\/\\\/floridareprofreedom.org\\\/alternativa-judicial-en-florida\\\/#primaryimage\",\"url\":\"https:\\\/\\\/floridareprofreedom.org\\\/wp-content\\\/uploads\\\/2020\\\/06\\\/webpage-image-JB-website-1.png\",\"contentUrl\":\"https:\\\/\\\/floridareprofreedom.org\\\/wp-content\\\/uploads\\\/2020\\\/06\\\/webpage-image-JB-website-1.png\"},{\"@type\":\"BreadcrumbList\",\"@id\":\"https:\\\/\\\/floridareprofreedom.org\\\/alternativa-judicial-en-florida\\\/#breadcrumb\",\"itemListElement\":[{\"@type\":\"ListItem\",\"position\":1,\"name\":\"Home\",\"item\":\"https:\\\/\\\/floridareprofreedom.org\\\/\"},{\"@type\":\"ListItem\",\"position\":2,\"name\":\"Alternativa Judicial para un aborto en Florida\"}]},{\"@type\":\"WebSite\",\"@id\":\"https:\\\/\\\/floridareprofreedom.org\\\/#website\",\"url\":\"https:\\\/\\\/floridareprofreedom.org\\\/\",\"name\":\"Floridians For Reproductive Freedom\",\"description\":\"Advocating for convenient, affordable, and safe access to reproductive health care, including abortion.\",\"publisher\":{\"@id\":\"https:\\\/\\\/floridareprofreedom.org\\\/#organization\"},\"potentialAction\":[{\"@type\":\"SearchAction\",\"target\":{\"@type\":\"EntryPoint\",\"urlTemplate\":\"https:\\\/\\\/floridareprofreedom.org\\\/?s={search_term_string}\"},\"query-input\":{\"@type\":\"PropertyValueSpecification\",\"valueRequired\":true,\"valueName\":\"search_term_string\"}}],\"inLanguage\":\"ht\"},{\"@type\":\"Organization\",\"@id\":\"https:\\\/\\\/floridareprofreedom.org\\\/#organization\",\"name\":\"Floridians for Reproductive Freedom\",\"url\":\"https:\\\/\\\/floridareprofreedom.org\\\/\",\"logo\":{\"@type\":\"ImageObject\",\"inLanguage\":\"ht\",\"@id\":\"https:\\\/\\\/floridareprofreedom.org\\\/#\\\/schema\\\/logo\\\/image\\\/\",\"url\":\"https:\\\/\\\/floridareprofreedom.org\\\/wp-content\\\/uploads\\\/2019\\\/05\\\/Untitled.jpg\",\"contentUrl\":\"https:\\\/\\\/floridareprofreedom.org\\\/wp-content\\\/uploads\\\/2019\\\/05\\\/Untitled.jpg\",\"width\":174,\"height\":180,\"caption\":\"Floridians for Reproductive Freedom\"},\"image\":{\"@id\":\"https:\\\/\\\/floridareprofreedom.org\\\/#\\\/schema\\\/logo\\\/image\\\/\"},\"sameAs\":[\"https:\\\/\\\/www.facebook.com\\\/FloridaReproFreedom\\\/\",\"https:\\\/\\\/x.com\\\/FLReproFreedom\",\"https:\\\/\\\/www.instagram.com\\\/floridareprofreedom\\\/\"]}]}<\/script>\n<!-- \/ Yoast SEO plugin. -->","yoast_head_json":{"title":"Alternativa Judicial pou yon av\u00f2tman nan Florida - Floridians For Reproductive Freedom","description":"Si pa gendwa jwenn otorizasyon de ou papa yo oswa ou pa ka ped\u00edrselo, ta ka av\u00f2te sin la intervenci\u00f3n de tus padres si acudes a los tribunales y se te concede una &quot;exenci\u00f3n judicial&quot;.","robots":{"index":"index","follow":"follow","max-snippet":"max-snippet:-1","max-image-preview":"max-image-preview:large","max-video-preview":"max-video-preview:-1"},"canonical":"https:\/\/floridareprofreedom.org\/ht\/alternatif-jidisye-nan-florida\/","og_locale":"ht_HT","og_type":"article","og_title":"Alternativa Judicial para un aborto en Florida - Floridians For Reproductive Freedom","og_description":"Si no puedes obtener el permiso de tus padres o no puedes ped\u00edrselo, podr\u00edas abortar sin la intervenci\u00f3n de tus padres si acudes a los tribunales y se te concede una \"exenci\u00f3n judicial\".","og_url":"https:\/\/floridareprofreedom.org\/ht\/alternatif-jidisye-nan-florida\/","og_site_name":"Floridians For Reproductive Freedom","article_publisher":"https:\/\/www.facebook.com\/FloridaReproFreedom\/","article_modified_time":"2025-06-09T16:08:38+00:00","og_image":[{"width":820,"height":312,"url":"https:\/\/floridareprofreedom.org\/wp-content\/uploads\/2020\/06\/webpage-image-JB-website-1.png","type":"image\/png"}],"twitter_card":"summary_large_image","twitter_site":"@FLReproFreedom","twitter_misc":{"Est. reading time":"3 minutes"},"schema":{"@context":"https:\/\/schema.org","@graph":[{"@type":"WebPage","@id":"https:\/\/floridareprofreedom.org\/alternativa-judicial-en-florida\/","url":"https:\/\/floridareprofreedom.org\/alternativa-judicial-en-florida\/","name":"Alternativa Judicial pou yon av\u00f2tman nan Florida - Floridians For Reproductive Freedom","isPartOf":{"@id":"https:\/\/floridareprofreedom.org\/#website"},"primaryImageOfPage":{"@id":"https:\/\/floridareprofreedom.org\/alternativa-judicial-en-florida\/#primaryimage"},"image":{"@id":"https:\/\/floridareprofreedom.org\/alternativa-judicial-en-florida\/#primaryimage"},"thumbnailUrl":"https:\/\/floridareprofreedom.org\/wp-content\/uploads\/2020\/06\/webpage-image-JB-website-1.png","datePublished":"2020-08-04T19:00:16+00:00","dateModified":"2025-06-09T16:08:38+00:00","description":"Si pa gendwa jwenn otorizasyon de ou papa yo oswa ou pa ka ped\u00edrselo, ta ka av\u00f2te sin la intervenci\u00f3n de tus padres si acudes a los tribunales y se te concede una &quot;exenci\u00f3n judicial&quot;.","breadcrumb":{"@id":"https:\/\/floridareprofreedom.org\/alternativa-judicial-en-florida\/#breadcrumb"},"inLanguage":"ht","potentialAction":[{"@type":"ReadAction","target":["https:\/\/floridareprofreedom.org\/alternativa-judicial-en-florida\/"]}]},{"@type":"ImageObject","inLanguage":"ht","@id":"https:\/\/floridareprofreedom.org\/alternativa-judicial-en-florida\/#primaryimage","url":"https:\/\/floridareprofreedom.org\/wp-content\/uploads\/2020\/06\/webpage-image-JB-website-1.png","contentUrl":"https:\/\/floridareprofreedom.org\/wp-content\/uploads\/2020\/06\/webpage-image-JB-website-1.png"},{"@type":"BreadcrumbList","@id":"https:\/\/floridareprofreedom.org\/alternativa-judicial-en-florida\/#breadcrumb","itemListElement":[{"@type":"ListItem","position":1,"name":"Home","item":"https:\/\/floridareprofreedom.org\/"},{"@type":"ListItem","position":2,"name":"Alternativa Judicial para un aborto en Florida"}]},{"@type":"WebSite","@id":"https:\/\/floridareprofreedom.org\/#website","url":"https:\/\/floridareprofreedom.org\/","name":"Floridyen pou lib\u00e8te repwodiktif","description":"Ap defann aks\u00e8 pratik, ab\u00f2dab, epi an sekirite a swen sante repwodiktif, tankou av\u00f2tman.","publisher":{"@id":"https:\/\/floridareprofreedom.org\/#organization"},"potentialAction":[{"@type":"SearchAction","target":{"@type":"EntryPoint","urlTemplate":"https:\/\/floridareprofreedom.org\/?s={search_term_string}"},"query-input":{"@type":"PropertyValueSpecification","valueRequired":true,"valueName":"search_term_string"}}],"inLanguage":"ht"},{"@type":"Organization","@id":"https:\/\/floridareprofreedom.org\/#organization","name":"Floridyen pou Lib\u00e8te Repwodiktif","url":"https:\/\/floridareprofreedom.org\/","logo":{"@type":"ImageObject","inLanguage":"ht","@id":"https:\/\/floridareprofreedom.org\/#\/schema\/logo\/image\/","url":"https:\/\/floridareprofreedom.org\/wp-content\/uploads\/2019\/05\/Untitled.jpg","contentUrl":"https:\/\/floridareprofreedom.org\/wp-content\/uploads\/2019\/05\/Untitled.jpg","width":174,"height":180,"caption":"Floridians for Reproductive Freedom"},"image":{"@id":"https:\/\/floridareprofreedom.org\/#\/schema\/logo\/image\/"},"sameAs":["https:\/\/www.facebook.com\/FloridaReproFreedom\/","https:\/\/x.com\/FLReproFreedom","https:\/\/www.instagram.com\/floridareprofreedom\/"]}]}},"_links":{"self":[{"href":"https:\/\/floridareprofreedom.org\/ht\/wp-json\/wp\/v2\/pages\/1233","targetHints":{"allow":["GET"]}}],"collection":[{"href":"https:\/\/floridareprofreedom.org\/ht\/wp-json\/wp\/v2\/pages"}],"about":[{"href":"https:\/\/floridareprofreedom.org\/ht\/wp-json\/wp\/v2\/types\/page"}],"author":[{"embeddable":true,"href":"https:\/\/floridareprofreedom.org\/ht\/wp-json\/wp\/v2\/users\/3"}],"replies":[{"embeddable":true,"href":"https:\/\/floridareprofreedom.org\/ht\/wp-json\/wp\/v2\/comments?post=1233"}],"version-history":[{"count":14,"href":"https:\/\/floridareprofreedom.org\/ht\/wp-json\/wp\/v2\/pages\/1233\/revisions"}],"predecessor-version":[{"id":4086,"href":"https:\/\/floridareprofreedom.org\/ht\/wp-json\/wp\/v2\/pages\/1233\/revisions\/4086"}],"wp:attachment":[{"href":"https:\/\/floridareprofreedom.org\/ht\/wp-json\/wp\/v2\/media?parent=1233"}],"wp:term":[{"taxonomy":"folder","embeddable":true,"href":"https:\/\/floridareprofreedom.org\/ht\/wp-json\/wp\/v2\/folder?post=1233"}],"curies":[{"name":"wp","href":"https:\/\/api.w.org\/{rel}","templated":true}]}}