{"id":1251,"date":"2020-08-05T12:43:20","date_gmt":"2020-08-05T12:43:20","guid":{"rendered":"https:\/\/floridareprofreedom.org\/?page_id=1251"},"modified":"2020-08-05T12:43:20","modified_gmt":"2020-08-05T12:43:20","slug":"jb1","status":"publish","type":"page","link":"https:\/\/floridareprofreedom.org\/ht\/jb1\/","title":{"rendered":"\u00bfQu\u00e9 es una alternativa judicial para poder hacerme un aborto?"},"content":{"rendered":"<p><span style=\"font-weight: 400;\">L\u00e8 yon joven floridano pa ka pale ak fanmi li sou desizyon medikal li yo k\u00f2m yon fason ki pratike yon av\u00f2tman, li gen opsyon pou jwenn yon alt\u00e8natif jidisy\u00e8 konnen tou k\u00f2m yon egzansyon nan tribinal la. Yon alt\u00e8natif jidisy\u00e8 p\u00e8m\u00e8t yo f\u00e8 j\u00e8n timoun ki gen 18 ane yo av\u00f2te ak ent\u00e8vansyon papa yo.<\/span><\/p>\n<p><span style=\"font-weight: 400;\">Para obtener una alternativa judicial, debes solicitar el permiso en persona en un tribunal. La majorite de endividi yo van a la corte en su propio condado, pero si te enkyete w sou konfidansyalite, ou kapab f\u00e8 yon kout\u00e8 nan yon l\u00f2t kondado menm si se nan circuit en el que vives. Los condados de Florida est\u00e1n conformes por 20 circuitos. Ou ka jwenn kondann ou nan lis la nan kat anba a pou det\u00e8mine nan ki circuit viv. Detay yo sou kote yo dwe pale sou kote a, kote yo genyen disponiblite yo se enumerados abajo. L\u00e8 w ap mande yon l\u00f2t jijman, konsidere Sekretarya la Corte ak antisipasyon pou verifye ki kote epi ki f\u00e8 pou kapab k\u00f2manse pwosesis la. Hay ciertas diferencias de condado a condado. Konfime premye cu\u00e1les son los horarios de servicio, ubicaci\u00f3n y estacionamiento.\u00a0<\/span><\/p>\n<p><span style=\"font-weight: 400;\">Ou dwe ranpli demann yo an premye. Download la solicitud <\/span><a href=\"https:\/\/drive.google.com\/open?id=1viS619hMmAFomyK2ANCK1TPd-l4qF18E\"><span style=\"font-weight: 400;\">isit la.<\/span><\/a><\/p>\n<p><span style=\"font-weight: 400;\">Nan anpil konda, li mande yo ke ou ka f\u00e8 ak davans. En l\u00f2t condados, yon officinista de la corte te kapab ede ranpli demann yo, pandan ke l\u00f2t moun, ou kapab f\u00e8 yon sit ak yon abogado de la corte. Ellos pueden ayudarte o pueden llenar la solicitud por ti. Mira la siguiente gr\u00e1fica abajo para que sepas c\u00f3mo llenar las solicitudes en tu condado.<\/span><\/p>\n<ol>\n<li style=\"font-weight: 400;\"><span style=\"font-weight: 400;\">\u201cDeklarasyon S\u00e8man sou Vr\u00e8 Non ak Pseudonym\u201d \u2013 (Deklarasyon Jurada de Nombre Verdadero oswa Seud\u00f3nimo) Dokiman sa a pwoteje idantite w ak asire ke p\u00e8sonn sepa ke li te mande sa a. Puedes identificarte con otro nombre para uso de la corte en lugar de tu nombre de nacimiento. Una vez llenes esta petici\u00f3n la corte se referir\u00e1 a ti usando iniciales o el seud\u00f3nimo que escojas. Esto te da el derecho de obtener un aborto sin que tus padres o custodios se enteren.\u00a0<\/span><\/li>\n<li style=\"font-weight: 400;\"><span style=\"font-weight: 400;\">\u201cPetisyon Jidisy\u00e8 Bypass\u201d \u2013 Petisyon de Alternativa Judicial: Dokiman sa a se yon petisyon pou jij la. Puedes escoger ya sea escribir tu propia petici\u00f3n o traerla contigo o puedes llenar esta petici\u00f3n. La menm gen ladan:\u00a0<\/span>\n<ol>\n<li style=\"font-weight: 400;\"><span style=\"font-weight: 400;\">Ou seud\u00f3nimo o iniciales (kwalquier que escojas en tu Declaraci\u00f3n Jurada de Nombre Verdadero o pseud\u00f3nimo.<\/span><\/li>\n<li style=\"font-weight: 400;\"><span style=\"font-weight: 400;\">\u00a0Edad<\/span><\/li>\n<li style=\"font-weight: 400;\"><span style=\"font-weight: 400;\">Una declaration de que est\u00e1s embarazada ak de que tus padres no saben sobre tu aborto y que no han autorizado que te practicen yon aborto.\u00a0<\/span><\/li>\n<li style=\"font-weight: 400;\"><span style=\"font-weight: 400;\">Una declaraci\u00f3n de que quieres terminar con tu embarazo sin decirle a tus padres o custodios\u00a0<\/span><\/li>\n<li style=\"font-weight: 400;\"><span style=\"font-weight: 400;\">Una explicaci\u00f3n de porqu\u00e9 quieres interrumpir tu embarazo. Gen anpil fason pou w ka jwenn yon l\u00f2t fason jidisy\u00e8. Ou dwe probar yon de twa rezon. Si plis yon l\u00f2t alt\u00e8natif aplike, ou dwe eksplike chak rezon ki f\u00e8 aplikasyon an. Las tres razones son: 1) eres suficiente madura o (maduro) para decidir si te haces un aborto 2) eres victim de abuso dom\u00e9stico o sexual de parte de tus padres o custodios o 3) notificar a uno de tus padres o custodios no es una alternativa que velar\u00e1 por tus mejores intereses.<\/span><\/li>\n<\/ol>\n<\/li>\n<\/ol>\n<p><span style=\"font-weight: 400;\">Despu\u00e9s de contactar al tribunal, una audiencia privada se coordinar\u00e1 donde puedes decirle al juez porqu\u00e9 eres lo suficientemente madura y bien informada para interrumpir el embarazo.\u00a0<\/span><\/p>\n<p><span style=\"font-weight: 400;\">Pou plis enf\u00f2masyon detaye sou konsiderasyon yo, vizite paj la: <\/span><span style=\"font-weight: 400;\">\u00bf<\/span><a href=\"https:\/\/docs.google.com\/document\/d\/1gKdZWhxA6vWq61MQlltSlIT6OnKWRn-mpuE8VF7EjgY\/edit?usp=sharing\"><span style=\"font-weight: 400;\">qu\u00e9 tomar\u00e1 en consideraci\u00f3n el juez<\/span><\/a><span style=\"font-weight: 400;\">?<\/span><\/p>\n<p><span style=\"font-weight: 400;\">**Si est\u00e1s tomando en consideraci\u00f3n contarle a tus padres sobre tu decisi\u00f3n pero necesitas ayuda sobre c\u00f3mo hacerlo, puedes encontrar consejos \u00fatiles en esta <\/span><a href=\"https:\/\/janesdueprocess.org\/blog\/talking-to-parents-about-abortion\/\"><span style=\"font-weight: 400;\">bitak\u00f2 <\/span><\/a><span style=\"font-weight: 400;\">creada por nuestros aliados, Jane&#039;s Due Process.\u00a0<\/span><\/p>\n<p><img fetchpriority=\"high\" decoding=\"async\" class=\"alignnone size-full wp-image-1001\" src=\"https:\/\/floridareprofreedom.org\/wp-content\/uploads\/2020\/05\/flcircuitmap.jpeg\" alt=\"\" width=\"465\" height=\"390\" srcset=\"https:\/\/floridareprofreedom.org\/wp-content\/uploads\/2020\/05\/flcircuitmap.jpeg 465w, https:\/\/floridareprofreedom.org\/wp-content\/uploads\/2020\/05\/flcircuitmap-300x252.jpeg 300w\" sizes=\"(max-width: 465px) 100vw, 465px\" \/><\/p>\n<p><iframe src=\"https:\/\/docs.google.com\/spreadsheets\/d\/e\/2PACX-1vQB6krgtRma-96mkc9NufqrFn2t3gYItPYTXhaTc_euzRTZEXyRs9x90T-YutHr6CS_eNVijuyheuHR\/pubhtml?gid=1415876535&amp;single=true&amp;widget=true&amp;headers=false\" width=\"850\" height=\"1200\"><\/iframe><\/p>\n<p style=\"text-align: center;\"><a href=\"https:\/\/floridareprofreedom.org\/ht\/alternatif-jidisye-nan-florida\/\">Retounen nan k\u00f2mansman an<\/a>\u00a0 \u00a0 |\u00a0 <a href=\"https:\/\/floridareprofreedom.org\/ht\/jb2\/\">Paj kap vini an<\/a><\/p>\n<p><b>Kesyon ki gen rap\u00f2<\/b><\/p>\n<ol>\n<li style=\"font-weight: 400;\"><span style=\"font-weight: 400;\"><a href=\"https:\/\/floridareprofreedom.org\/ht\/jb1\/\">\u00bf<\/a><a href=\"https:\/\/floridareprofreedom.org\/ht\/jb1\/\">Qu\u00e9 es una alternativa judicial en caso de que necesite un aborto?<\/a><\/span><\/li>\n<li style=\"font-weight: 400;\"><a href=\"https:\/\/floridareprofreedom.org\/ht\/jb2\/\"><span style=\"font-weight: 400;\">\u00bf<\/span><span style=\"font-weight: 400;\">A d\u00f3nde debo acudir para poder hacerme un aborto?<\/span><\/a><\/li>\n<li style=\"font-weight: 400;\"><a href=\"https:\/\/floridareprofreedom.org\/ht\/jb3\/\"><span style=\"font-weight: 400;\">\u00bf<\/span><span style=\"font-weight: 400;\">Qu\u00e9 tipo de formulario debo ranpli<\/span><span style=\"font-weight: 400;\">?<\/span><\/a><\/li>\n<li style=\"font-weight: 400;\"><a href=\"https:\/\/floridareprofreedom.org\/ht\/jb4\/\"><span style=\"font-weight: 400;\">\u00bfQu\u00e9 considerar\u00e1 el juez para tomar una decisi\u00f3n?<\/span><\/a><\/li>\n<li style=\"font-weight: 400;\"><a href=\"https:\/\/floridareprofreedom.org\/ht\/jb5\/\"><span style=\"font-weight: 400;\">Mwen bezwen yon avoka?<\/span><\/a><\/li>\n<li style=\"font-weight: 400;\"><a href=\"https:\/\/floridareprofreedom.org\/ht\/jb6\/\"><span style=\"font-weight: 400;\">\u00bf<\/span><span style=\"font-weight: 400;\">Cu\u00e1nto tarda conseguir una alternativa judicial?<\/span><\/a><\/li>\n<li style=\"font-weight: 400;\"><a href=\"https:\/\/floridareprofreedom.org\/ht\/jb7\/\"><span style=\"font-weight: 400;\">\u00bf<\/span><span style=\"font-weight: 400;\">Cu\u00e1nto cuesta conseguir una alternativa judicial?<\/span><\/a><\/li>\n<li style=\"font-weight: 400;\"><a href=\"https:\/\/floridareprofreedom.org\/ht\/jb8\/\"><span style=\"font-weight: 400;\">\u00bf<\/span><span style=\"font-weight: 400;\">Qui\u00e9nes sabr\u00e1n si he logrado obtener una alternativa judicial?<\/span><\/a><\/li>\n<li style=\"font-weight: 400;\"><a href=\"https:\/\/floridareprofreedom.org\/ht\/jb9\/\"><span style=\"font-weight: 400;\">\u00bf<\/span><span style=\"font-weight: 400;\">Qu\u00e9 tipo de preguntas me har\u00e1 el juez?<\/span><\/a><\/li>\n<li style=\"font-weight: 400;\"><a href=\"https:\/\/floridareprofreedom.org\/ht\/jb10\/\"><span style=\"font-weight: 400;\">\u00bf<\/span><span style=\"font-weight: 400;\">Qu\u00e9 vestimenta debo usar para ir a la corte?<\/span><\/a><\/li>\n<li style=\"font-weight: 400;\"><a href=\"https:\/\/floridareprofreedom.org\/ht\/jb11\/\"><span style=\"font-weight: 400;\">\u00bf<\/span><span style=\"font-weight: 400;\">Qu\u00e9 suceder\u00eda si mi audiencia est\u00e1 programada para un d\u00eda escolar<\/span><span style=\"font-weight: 400;\">?<\/span><\/a><\/li>\n<li style=\"font-weight: 400;\"><a href=\"https:\/\/floridareprofreedom.org\/ht\/jb12\/\"><span style=\"font-weight: 400;\">\u00bf<\/span><span style=\"font-weight: 400;\">La persona involucrada en mi embarazo tiene potestad para decidir sobre si debo o no practicarme un aborto<\/span><\/a><span style=\"font-weight: 400;\">?\u00a0<\/span><\/li>\n<li style=\"font-weight: 400;\"><a href=\"https:\/\/floridareprofreedom.org\/ht\/jb13\/\"><span style=\"font-weight: 400;\">\u00a0<\/span><span style=\"font-weight: 400;\">\u00bf<\/span><span style=\"font-weight: 400;\">Gengo que ser ciudadana americana para practicarme un aborto? <\/span><span style=\"font-weight: 400;\">\u00bf<\/span><span style=\"font-weight: 400;\">Y si no puedo comunicarme en ingl\u00e9s?\u00a0<\/span><\/a><\/li>\n<li style=\"font-weight: 400;\"><a href=\"https:\/\/floridareprofreedom.org\/ht\/jb14\/\"><span style=\"font-weight: 400;\">\u00bf<\/span><span style=\"font-weight: 400;\">Ou ka chanje desizyon apre yon alt\u00e8natif jidisy\u00e8?<\/span><\/a><\/li>\n<li><a href=\"https:\/\/floridareprofreedom.org\/ht\/jb15\/\"><span style=\"font-weight: 400;\">\u00bf<\/span><span style=\"font-weight: 400;\">Qu\u00e9 pasa si el juez niega mi petisyon<\/span><span style=\"font-weight: 400;\">?<\/span><\/a><\/li>\n<\/ol>","protected":false},"excerpt":{"rendered":"<p>Cuando un joven floridano no puede hablar con su familia sobre sus decisiones m\u00e9dicas como la de practicarse un aborto, tiene la opci\u00f3n de conseguir una alternativa judicial conocida tambi\u00e9n como una exenci\u00f3n de la corte. Una alternativa judicial le permite a los j\u00f3venes menores de 18 a\u00f1os realizarse un aborto sin la intervenci\u00f3n de [&hellip;]<\/p>\n","protected":false},"author":4,"featured_media":0,"parent":0,"menu_order":0,"comment_status":"closed","ping_status":"closed","template":"","meta":{"footnotes":""},"folder":[9],"class_list":["post-1251","page","type-page","status-publish","hentry"],"yoast_head":"<!-- This site is optimized with the Yoast SEO plugin v27.3 - https:\/\/yoast.com\/product\/yoast-seo-wordpress\/ -->\n<title>\u00bfQu\u00e9 es una alternativa judicial para poder hacerme un aborto? - Floridians For Reproductive Freedom<\/title>\n<meta name=\"robots\" content=\"index, follow, max-snippet:-1, max-image-preview:large, max-video-preview:-1\" \/>\n<link rel=\"canonical\" href=\"https:\/\/floridareprofreedom.org\/ht\/jb1\/\" \/>\n<meta property=\"og:locale\" content=\"ht_HT\" \/>\n<meta property=\"og:type\" content=\"article\" \/>\n<meta property=\"og:title\" content=\"\u00bfQu\u00e9 es una alternativa judicial para poder hacerme un aborto? - Floridians For Reproductive Freedom\" \/>\n<meta property=\"og:description\" content=\"Cuando un joven floridano no puede hablar con su familia sobre sus decisiones m\u00e9dicas como la de practicarse un aborto, tiene la opci\u00f3n de conseguir una alternativa judicial conocida tambi\u00e9n como una exenci\u00f3n de la corte. Una alternativa judicial le permite a los j\u00f3venes menores de 18 a\u00f1os realizarse un aborto sin la intervenci\u00f3n de [&hellip;]\" \/>\n<meta property=\"og:url\" content=\"https:\/\/floridareprofreedom.org\/ht\/jb1\/\" \/>\n<meta property=\"og:site_name\" content=\"Floridians For Reproductive Freedom\" \/>\n<meta property=\"article:publisher\" content=\"https:\/\/www.facebook.com\/FloridaReproFreedom\/\" \/>\n<meta property=\"og:image\" content=\"https:\/\/floridareprofreedom.org\/wp-content\/uploads\/2020\/05\/flcircuitmap.jpeg\" \/>\n<meta name=\"twitter:card\" content=\"summary_large_image\" \/>\n<meta name=\"twitter:site\" content=\"@FLReproFreedom\" \/>\n<meta name=\"twitter:label1\" content=\"Est. reading time\" \/>\n\t<meta name=\"twitter:data1\" content=\"4 minutes\" \/>\n<script type=\"application\/ld+json\" class=\"yoast-schema-graph\">{\"@context\":\"https:\\\/\\\/schema.org\",\"@graph\":[{\"@type\":\"WebPage\",\"@id\":\"https:\\\/\\\/floridareprofreedom.org\\\/jb1\\\/\",\"url\":\"https:\\\/\\\/floridareprofreedom.org\\\/jb1\\\/\",\"name\":\"\u00bfQu\u00e9 es una alternativa judicial para poder hacerme un aborto? - Floridians For Reproductive Freedom\",\"isPartOf\":{\"@id\":\"https:\\\/\\\/floridareprofreedom.org\\\/#website\"},\"primaryImageOfPage\":{\"@id\":\"https:\\\/\\\/floridareprofreedom.org\\\/jb1\\\/#primaryimage\"},\"image\":{\"@id\":\"https:\\\/\\\/floridareprofreedom.org\\\/jb1\\\/#primaryimage\"},\"thumbnailUrl\":\"https:\\\/\\\/floridareprofreedom.org\\\/wp-content\\\/uploads\\\/2020\\\/05\\\/flcircuitmap.jpeg\",\"datePublished\":\"2020-08-05T12:43:20+00:00\",\"breadcrumb\":{\"@id\":\"https:\\\/\\\/floridareprofreedom.org\\\/jb1\\\/#breadcrumb\"},\"inLanguage\":\"ht\",\"potentialAction\":[{\"@type\":\"ReadAction\",\"target\":[\"https:\\\/\\\/floridareprofreedom.org\\\/jb1\\\/\"]}]},{\"@type\":\"ImageObject\",\"inLanguage\":\"ht\",\"@id\":\"https:\\\/\\\/floridareprofreedom.org\\\/jb1\\\/#primaryimage\",\"url\":\"https:\\\/\\\/floridareprofreedom.org\\\/wp-content\\\/uploads\\\/2020\\\/05\\\/flcircuitmap.jpeg\",\"contentUrl\":\"https:\\\/\\\/floridareprofreedom.org\\\/wp-content\\\/uploads\\\/2020\\\/05\\\/flcircuitmap.jpeg\"},{\"@type\":\"BreadcrumbList\",\"@id\":\"https:\\\/\\\/floridareprofreedom.org\\\/jb1\\\/#breadcrumb\",\"itemListElement\":[{\"@type\":\"ListItem\",\"position\":1,\"name\":\"Home\",\"item\":\"https:\\\/\\\/floridareprofreedom.org\\\/\"},{\"@type\":\"ListItem\",\"position\":2,\"name\":\"\u00bfQu\u00e9 es una alternativa judicial para poder hacerme un aborto?\"}]},{\"@type\":\"WebSite\",\"@id\":\"https:\\\/\\\/floridareprofreedom.org\\\/#website\",\"url\":\"https:\\\/\\\/floridareprofreedom.org\\\/\",\"name\":\"Floridians For Reproductive Freedom\",\"description\":\"Advocating for convenient, affordable, and safe access to reproductive health care, including abortion.\",\"publisher\":{\"@id\":\"https:\\\/\\\/floridareprofreedom.org\\\/#organization\"},\"potentialAction\":[{\"@type\":\"SearchAction\",\"target\":{\"@type\":\"EntryPoint\",\"urlTemplate\":\"https:\\\/\\\/floridareprofreedom.org\\\/?s={search_term_string}\"},\"query-input\":{\"@type\":\"PropertyValueSpecification\",\"valueRequired\":true,\"valueName\":\"search_term_string\"}}],\"inLanguage\":\"ht\"},{\"@type\":\"Organization\",\"@id\":\"https:\\\/\\\/floridareprofreedom.org\\\/#organization\",\"name\":\"Floridians for Reproductive Freedom\",\"url\":\"https:\\\/\\\/floridareprofreedom.org\\\/\",\"logo\":{\"@type\":\"ImageObject\",\"inLanguage\":\"ht\",\"@id\":\"https:\\\/\\\/floridareprofreedom.org\\\/#\\\/schema\\\/logo\\\/image\\\/\",\"url\":\"https:\\\/\\\/floridareprofreedom.org\\\/wp-content\\\/uploads\\\/2019\\\/05\\\/Untitled.jpg\",\"contentUrl\":\"https:\\\/\\\/floridareprofreedom.org\\\/wp-content\\\/uploads\\\/2019\\\/05\\\/Untitled.jpg\",\"width\":174,\"height\":180,\"caption\":\"Floridians for Reproductive Freedom\"},\"image\":{\"@id\":\"https:\\\/\\\/floridareprofreedom.org\\\/#\\\/schema\\\/logo\\\/image\\\/\"},\"sameAs\":[\"https:\\\/\\\/www.facebook.com\\\/FloridaReproFreedom\\\/\",\"https:\\\/\\\/x.com\\\/FLReproFreedom\",\"https:\\\/\\\/www.instagram.com\\\/floridareprofreedom\\\/\"]}]}<\/script>\n<!-- \/ Yoast SEO plugin. -->","yoast_head_json":{"title":"\u00bfQu\u00e9 es una alternativa judicial para poder hacerme un aborto? - Floridyen Pou Lib\u00e8te Repwodiksyon","robots":{"index":"index","follow":"follow","max-snippet":"max-snippet:-1","max-image-preview":"max-image-preview:large","max-video-preview":"max-video-preview:-1"},"canonical":"https:\/\/floridareprofreedom.org\/ht\/jb1\/","og_locale":"ht_HT","og_type":"article","og_title":"\u00bfQu\u00e9 es una alternativa judicial para poder hacerme un aborto? - Floridians For Reproductive Freedom","og_description":"Cuando un joven floridano no puede hablar con su familia sobre sus decisiones m\u00e9dicas como la de practicarse un aborto, tiene la opci\u00f3n de conseguir una alternativa judicial conocida tambi\u00e9n como una exenci\u00f3n de la corte. Una alternativa judicial le permite a los j\u00f3venes menores de 18 a\u00f1os realizarse un aborto sin la intervenci\u00f3n de [&hellip;]","og_url":"https:\/\/floridareprofreedom.org\/ht\/jb1\/","og_site_name":"Floridians For Reproductive Freedom","article_publisher":"https:\/\/www.facebook.com\/FloridaReproFreedom\/","og_image":[{"url":"https:\/\/floridareprofreedom.org\/wp-content\/uploads\/2020\/05\/flcircuitmap.jpeg","type":"","width":"","height":""}],"twitter_card":"summary_large_image","twitter_site":"@FLReproFreedom","twitter_misc":{"Est. reading time":"4 minutes"},"schema":{"@context":"https:\/\/schema.org","@graph":[{"@type":"WebPage","@id":"https:\/\/floridareprofreedom.org\/jb1\/","url":"https:\/\/floridareprofreedom.org\/jb1\/","name":"\u00bfQu\u00e9 es una alternativa judicial para poder hacerme un aborto? - Floridyen Pou Lib\u00e8te Repwodiksyon","isPartOf":{"@id":"https:\/\/floridareprofreedom.org\/#website"},"primaryImageOfPage":{"@id":"https:\/\/floridareprofreedom.org\/jb1\/#primaryimage"},"image":{"@id":"https:\/\/floridareprofreedom.org\/jb1\/#primaryimage"},"thumbnailUrl":"https:\/\/floridareprofreedom.org\/wp-content\/uploads\/2020\/05\/flcircuitmap.jpeg","datePublished":"2020-08-05T12:43:20+00:00","breadcrumb":{"@id":"https:\/\/floridareprofreedom.org\/jb1\/#breadcrumb"},"inLanguage":"ht","potentialAction":[{"@type":"ReadAction","target":["https:\/\/floridareprofreedom.org\/jb1\/"]}]},{"@type":"ImageObject","inLanguage":"ht","@id":"https:\/\/floridareprofreedom.org\/jb1\/#primaryimage","url":"https:\/\/floridareprofreedom.org\/wp-content\/uploads\/2020\/05\/flcircuitmap.jpeg","contentUrl":"https:\/\/floridareprofreedom.org\/wp-content\/uploads\/2020\/05\/flcircuitmap.jpeg"},{"@type":"BreadcrumbList","@id":"https:\/\/floridareprofreedom.org\/jb1\/#breadcrumb","itemListElement":[{"@type":"ListItem","position":1,"name":"Home","item":"https:\/\/floridareprofreedom.org\/"},{"@type":"ListItem","position":2,"name":"\u00bfQu\u00e9 es una alternativa judicial para poder hacerme un aborto?"}]},{"@type":"WebSite","@id":"https:\/\/floridareprofreedom.org\/#website","url":"https:\/\/floridareprofreedom.org\/","name":"Floridyen pou lib\u00e8te repwodiktif","description":"Ap defann aks\u00e8 pratik, ab\u00f2dab, epi an sekirite a swen sante repwodiktif, tankou av\u00f2tman.","publisher":{"@id":"https:\/\/floridareprofreedom.org\/#organization"},"potentialAction":[{"@type":"SearchAction","target":{"@type":"EntryPoint","urlTemplate":"https:\/\/floridareprofreedom.org\/?s={search_term_string}"},"query-input":{"@type":"PropertyValueSpecification","valueRequired":true,"valueName":"search_term_string"}}],"inLanguage":"ht"},{"@type":"Organization","@id":"https:\/\/floridareprofreedom.org\/#organization","name":"Floridyen pou Lib\u00e8te Repwodiktif","url":"https:\/\/floridareprofreedom.org\/","logo":{"@type":"ImageObject","inLanguage":"ht","@id":"https:\/\/floridareprofreedom.org\/#\/schema\/logo\/image\/","url":"https:\/\/floridareprofreedom.org\/wp-content\/uploads\/2019\/05\/Untitled.jpg","contentUrl":"https:\/\/floridareprofreedom.org\/wp-content\/uploads\/2019\/05\/Untitled.jpg","width":174,"height":180,"caption":"Floridians for Reproductive Freedom"},"image":{"@id":"https:\/\/floridareprofreedom.org\/#\/schema\/logo\/image\/"},"sameAs":["https:\/\/www.facebook.com\/FloridaReproFreedom\/","https:\/\/x.com\/FLReproFreedom","https:\/\/www.instagram.com\/floridareprofreedom\/"]}]}},"_links":{"self":[{"href":"https:\/\/floridareprofreedom.org\/ht\/wp-json\/wp\/v2\/pages\/1251","targetHints":{"allow":["GET"]}}],"collection":[{"href":"https:\/\/floridareprofreedom.org\/ht\/wp-json\/wp\/v2\/pages"}],"about":[{"href":"https:\/\/floridareprofreedom.org\/ht\/wp-json\/wp\/v2\/types\/page"}],"author":[{"embeddable":true,"href":"https:\/\/floridareprofreedom.org\/ht\/wp-json\/wp\/v2\/users\/4"}],"replies":[{"embeddable":true,"href":"https:\/\/floridareprofreedom.org\/ht\/wp-json\/wp\/v2\/comments?post=1251"}],"version-history":[{"count":1,"href":"https:\/\/floridareprofreedom.org\/ht\/wp-json\/wp\/v2\/pages\/1251\/revisions"}],"predecessor-version":[{"id":1260,"href":"https:\/\/floridareprofreedom.org\/ht\/wp-json\/wp\/v2\/pages\/1251\/revisions\/1260"}],"wp:attachment":[{"href":"https:\/\/floridareprofreedom.org\/ht\/wp-json\/wp\/v2\/media?parent=1251"}],"wp:term":[{"taxonomy":"folder","embeddable":true,"href":"https:\/\/floridareprofreedom.org\/ht\/wp-json\/wp\/v2\/folder?post=1251"}],"curies":[{"name":"wp","href":"https:\/\/api.w.org\/{rel}","templated":true}]}}