{"id":1255,"date":"2020-08-05T12:10:44","date_gmt":"2020-08-05T12:10:44","guid":{"rendered":"https:\/\/floridareprofreedom.org\/?page_id=1255"},"modified":"2020-08-05T12:37:05","modified_gmt":"2020-08-05T12:37:05","slug":"jb4","status":"publish","type":"page","link":"https:\/\/floridareprofreedom.org\/ht\/jb4\/","title":{"rendered":"\u00bfQu\u00e9 tomar\u00e1 en consideraci\u00f3n el juez?"},"content":{"rendered":"<p><span style=\"font-weight: 400;\">Gen twa rezon prensipal ke yon jijman pran kont nan l\u00e8 a pou aksepte yon l\u00f2t jijman. Para lograrlo, tienes que probar por lo menos una de sa tres rezon. Si gen plis rezon ki f\u00e8 w ka pwobab nan ka sa a, l\u00e8 sa a, ou dwe eksplike chak yon moun. Las tres rezon prensipal son:\u00a0<\/span><\/p>\n<p><span style=\"font-weight: 400;\"><strong>Eres lo suficientemente madura:<\/strong> <\/span><\/p>\n<p><span style=\"font-weight: 400;\">Pou probarlo, bezwen prezante \u201cevidencia clara y convincente\u201d. Sa vle di, ke las t\u00e8s yo dwe sibstans ki sou yo pou yo pran desizyon pou kont pw\u00f2p yo.\u00a0<\/span><\/p>\n<p><span style=\"font-weight: 400;\">Para determinar que eres lo suficientemente madura para tomar esta decisi\u00f3n la ley de Florida require que consideres lo siguiente: 1) edad 2) inteligencia 3) estabilidad emocional 4) credibilidad 5) habilidad de aceptar responsabilidad 6) habilidad para considerar tanto las consecuencias a corto como a largo plazo de tener un aborto 6) habilidad para entender y explicar los riesgos m\u00e9dicos y conocimientos de la toma de decisiones de embarazo.\u00a0<\/span><\/p>\n<p><span style=\"font-weight: 400;\">La ley require que el juez determine que no existe &#039;influencias externas&#039; ki gen enpak sou desizyon an pou ent\u00e8wonp pitit la. &#039;Influencias externas&#039; se refere a yon l\u00f2t moun oswa moun ki ap trate f\u00f2s pou yo pran yon desizyon si pa gen okenn desizyon ki vle pran.\u00a0<\/span><\/p>\n<p><span style=\"font-weight: 400;\">Pa egzanp, si yon novio, yon zanmi ou yon l\u00f2t moun ap trete yon konv\u00e8ti ak yon l\u00f2t moun ki f\u00e8 yon av\u00f2tman l\u00e8 li pa vle vr\u00e8man, li konsidere k\u00f2m yon l\u00e8 pou deside si yon l\u00f2t fwa ank\u00f2 ap deside.<\/span><\/p>\n<ul>\n<li style=\"font-weight: 400;\"><span style=\"font-weight: 400;\">Esto es lo que puede ayudarte a convencer a un juez que eres lo suficientemente madura para interrumpir el embarazo sin la intervenci\u00f3n de los padres: proveer al juez informaci\u00f3n sobre tu perfil como estudiante o si est\u00e1s matriculado en la escuela, liderazgo comunitario, experiencia laboral y planes concretos para el futuro de asistir a la universidad o aspiraciones a completar una carrera vocacional.<\/span><\/li>\n<li style=\"font-weight: 400;\"><span style=\"font-weight: 400;\">El juez can ke te mande si te diskite sou desizyon ou ak l\u00f2t granmoun nan konfyans. Los jueces tipikman favorize a j\u00e8n ki gen yon sist\u00e8m sip\u00f2, moun ak moun ki ka gen konplikasyon medikal oswa mantal apre av\u00f2tman, yon l\u00f2t manm fanmi, yon zanmi granmoun oswa yon konseye.<\/span><\/li>\n<li style=\"font-weight: 400;\"><span style=\"font-weight: 400;\">Debes estar preparado para explicar c\u00f3mo pagar\u00e1s por los costos del aborto, sin la ayuda de los padres.\u00a0<\/span><\/li>\n<li style=\"font-weight: 400;\"><span style=\"font-weight: 400;\">Un juez puede que quiera saber si te gen reyini ak yon dokt\u00e8 ak si est\u00e1s consciente sobre c\u00f3mo es el procedimiento m\u00e9dico y cu\u00e1les son los riesgos de hacerse un aborto.<\/span><\/li>\n<li style=\"font-weight: 400;\"><span style=\"font-weight: 400;\">Algunas veces los jueces deciden que un menor no es lo suficientemente maduro para hacerse un aborto sin el consentimiento de los padres. Esto ocurre cuando los j\u00f3venes no pueden demostrar lo siguiente: 1) no tienen conocimiento espec\u00edfico o inmediato de los riesgos f\u00edsicos a largo plazo, riesgos emocionales o sicol\u00f3gicos de hacerse un aborto 2) evidencia de que han buscado consejo emocional o apoyo de alg\u00fan adulto 3) qu\u00e9 hacer en caso de que surjan complicaciones m\u00e9dicas o emocionales despu\u00e9s del aborto 4) conocimientos sobre la experiencia de hacerse un aborto.\u00a0<\/span><\/li>\n<\/ul>\n<p><span style=\"font-weight: 400;\">Las cortes de Florida te det\u00e8mine nivo a madurez nan yon p\u00e8sonaj anba konsiderasyon sa yo: compostura, habilidad anal\u00edtica, apariencia, tono de voz, seriedad, expresiones, habilidad de articular su raciocinio y conclusiones. Las cortes adem\u00e1s de considerar la experiencia laboral, viviendo fuera de la casa de sus padres o manejando finanzas.\u00a0<\/span><\/p>\n<ul>\n<li style=\"font-weight: 400;\"><span style=\"font-weight: 400;\">Cada joven es diferente y la madurez dwe deside sou baz las circunstancias personales y el historial de vida en lugar de un s\u00f3lo est\u00e1ndar de madurez.\u00a0<\/span><\/li>\n<\/ul>\n<p><strong>Si w ap sibi abi:\u00a0<\/strong><\/p>\n<p><span style=\"font-weight: 400;\">Si yo t ap trate pwobab ke li te abize pa tus padres o custodios, bezwen probarlo ante el juez bajo \u201cpreponderancia de evidencia\u201d. Esto significa que el juez necesita escuchar m\u00e1s all\u00e1 de tu testimonio. Puede ser dif\u00edcil decirle al juez exactamente los detalles para que pueda entender el porqu\u00e9 quieres interrumpir el embarazo. Note ke si la corte encuentra evidencia de que el joven ha sido abusado f\u00edsicamente o sexualmente por alguna persona, la corte est\u00e1 en obligaci\u00f3n bajo la ley de reportarlo a las autoridades.<\/span><\/p>\n<p><strong>Pou pwoteje enter\u00e8 ou yo:\u00a0<\/strong><\/p>\n<ul>\n<li style=\"font-weight: 400;\"><span style=\"font-weight: 400;\">Si est\u00e1s tratando de probar ke involucrar a los padres o custodios in your decision de tener un aborto and that no are velando by your best interests, will have ke probarlo ante el juez using evidencia clara and convincente.\u00a0<\/span><\/li>\n<li style=\"font-weight: 400;\"><span style=\"font-weight: 400;\">Las Cortes de Florida konsidere ke yo te gen miedo nan enplike yo a los padres en la decisi\u00f3n no es motivo suficiente para conceder una alternativa judicial. Tener miedo de que los padres no entiendan la decisi\u00f3n o se molesten por el embarazo no es suficiente para establecer que es en tu mejor inter\u00e9s no involucrar a los padres o custodios.<\/span><\/li>\n<li style=\"font-weight: 400;\"><span style=\"font-weight: 400;\">Varias cortes de Florida han basado sus decisiones para conceder una alternativa judicial considerando estos factores: 1) El bienestar emocional o f\u00edsico del joven 2) la posibilidad de intimidaci\u00f3n u otras heridas emocionales, peligro f\u00edsico, 3) la estabilidad del hogar del joven y la posibilidad de que una notificaci\u00f3n pueda ocasionar da\u00f1o serio y duradero a la estructura familiar, 4) la relaci\u00f3n entre los padres y el menor y la posibilidad de llevar a cabo una relaci\u00f3n entre padres y padres. dekoneksyon emosyon\u00e8l<\/span><\/li>\n<\/ul>\n<p style=\"text-align: center;\"><a href=\"https:\/\/floridareprofreedom.org\/ht\/alternatif-jidisye-nan-florida\/\">Retounen nan k\u00f2mansman an<\/a>\u00a0 |\u00a0\u00a0<a href=\"https:\/\/floridareprofreedom.org\/ht\/jb3\/\">Kesyon anvan an<\/a>\u00a0 \u00a0 |\u00a0 <a href=\"https:\/\/floridareprofreedom.org\/ht\/jb5\/\">Paj kap vini an<\/a><\/p>\n<p><b>Kesyon ki gen rap\u00f2<\/b><\/p>\n<ol>\n<li style=\"font-weight: 400;\"><span style=\"font-weight: 400;\"><a href=\"https:\/\/floridareprofreedom.org\/ht\/jb1\/\">\u00bf<\/a><a href=\"https:\/\/floridareprofreedom.org\/ht\/jb1\/\">Qu\u00e9 es una alternativa judicial en caso de que necesite un aborto?<\/a><\/span><\/li>\n<li style=\"font-weight: 400;\"><a href=\"https:\/\/floridareprofreedom.org\/ht\/jb2\/\"><span style=\"font-weight: 400;\">\u00bf<\/span><span style=\"font-weight: 400;\">A d\u00f3nde debo acudir para poder hacerme un aborto?<\/span><\/a><\/li>\n<li style=\"font-weight: 400;\"><a href=\"https:\/\/floridareprofreedom.org\/ht\/jb3\/\"><span style=\"font-weight: 400;\">\u00bf<\/span><span style=\"font-weight: 400;\">Qu\u00e9 tipo de formulario debo ranpli<\/span><span style=\"font-weight: 400;\">?<\/span><\/a><\/li>\n<li style=\"font-weight: 400;\"><a href=\"https:\/\/floridareprofreedom.org\/ht\/jb4\/\"><span style=\"font-weight: 400;\">\u00bfQu\u00e9 considerar\u00e1 el juez para tomar una decisi\u00f3n?<\/span><\/a><\/li>\n<li style=\"font-weight: 400;\"><a href=\"https:\/\/floridareprofreedom.org\/ht\/jb5\/\"><span style=\"font-weight: 400;\">Mwen bezwen yon avoka?<\/span><\/a><\/li>\n<li style=\"font-weight: 400;\"><a href=\"https:\/\/floridareprofreedom.org\/ht\/jb6\/\"><span style=\"font-weight: 400;\">\u00bf<\/span><span style=\"font-weight: 400;\">Cu\u00e1nto tarda conseguir una alternativa judicial?<\/span><\/a><\/li>\n<li style=\"font-weight: 400;\"><a href=\"https:\/\/floridareprofreedom.org\/ht\/jb7\/\"><span style=\"font-weight: 400;\">\u00bf<\/span><span style=\"font-weight: 400;\">Cu\u00e1nto cuesta conseguir una alternativa judicial?<\/span><\/a><\/li>\n<li style=\"font-weight: 400;\"><a href=\"https:\/\/floridareprofreedom.org\/ht\/jb8\/\"><span style=\"font-weight: 400;\">\u00bf<\/span><span style=\"font-weight: 400;\">Qui\u00e9nes sabr\u00e1n si he logrado obtener una alternativa judicial?<\/span><\/a><\/li>\n<li style=\"font-weight: 400;\"><a href=\"https:\/\/floridareprofreedom.org\/ht\/jb9\/\"><span style=\"font-weight: 400;\">\u00bf<\/span><span style=\"font-weight: 400;\">Qu\u00e9 tipo de preguntas me har\u00e1 el juez?<\/span><\/a><\/li>\n<li style=\"font-weight: 400;\"><a href=\"https:\/\/floridareprofreedom.org\/ht\/jb10\/\"><span style=\"font-weight: 400;\">\u00bf<\/span><span style=\"font-weight: 400;\">Qu\u00e9 vestimenta debo usar para ir a la corte?<\/span><\/a><\/li>\n<li style=\"font-weight: 400;\"><a href=\"https:\/\/floridareprofreedom.org\/ht\/jb11\/\"><span style=\"font-weight: 400;\">\u00bf<\/span><span style=\"font-weight: 400;\">Qu\u00e9 suceder\u00eda si mi audiencia est\u00e1 programada para un d\u00eda escolar<\/span><span style=\"font-weight: 400;\">?<\/span><\/a><\/li>\n<li style=\"font-weight: 400;\"><a href=\"https:\/\/floridareprofreedom.org\/ht\/jb12\/\"><span style=\"font-weight: 400;\">\u00bf<\/span><span style=\"font-weight: 400;\">La persona involucrada en mi embarazo tiene potestad para decidir sobre si debo o no practicarme un aborto<\/span><\/a><span style=\"font-weight: 400;\">?\u00a0<\/span><\/li>\n<li style=\"font-weight: 400;\"><a href=\"https:\/\/floridareprofreedom.org\/ht\/jb13\/\"><span style=\"font-weight: 400;\">\u00a0<\/span><span style=\"font-weight: 400;\">\u00bf<\/span><span style=\"font-weight: 400;\">Gengo que ser ciudadana americana para practicarme un aborto? <\/span><span style=\"font-weight: 400;\">\u00bf<\/span><span style=\"font-weight: 400;\">Y si no puedo comunicarme en ingl\u00e9s?\u00a0<\/span><\/a><\/li>\n<li style=\"font-weight: 400;\"><a href=\"https:\/\/floridareprofreedom.org\/ht\/jb14\/\"><span style=\"font-weight: 400;\">\u00bf<\/span><span style=\"font-weight: 400;\">Ou ka chanje desizyon apre yon alt\u00e8natif jidisy\u00e8?<\/span><\/a><\/li>\n<li><a href=\"https:\/\/floridareprofreedom.org\/ht\/jb15\/\"><span style=\"font-weight: 400;\">\u00bf<\/span><span style=\"font-weight: 400;\">Qu\u00e9 pasa si el juez niega mi petisyon<\/span><span style=\"font-weight: 400;\">?<\/span><\/a><\/li>\n<\/ol>","protected":false},"excerpt":{"rendered":"<p>Hay tres razones principales que un juez toma en cuenta a la hora de conceder una alternativa judicial. Para lograrlo, tienes que probar por lo menos una de esas tres razones. Si tienes m\u00e1s de una raz\u00f3n que probar en tu caso, entonces debes explicar cada una de ellas. Las tres razones principales son:\u00a0 Eres [&hellip;]<\/p>\n","protected":false},"author":4,"featured_media":0,"parent":0,"menu_order":0,"comment_status":"closed","ping_status":"closed","template":"","meta":{"footnotes":""},"folder":[9],"class_list":["post-1255","page","type-page","status-publish","hentry"],"yoast_head":"<!-- This site is optimized with the Yoast SEO plugin v27.3 - https:\/\/yoast.com\/product\/yoast-seo-wordpress\/ -->\n<title>\u00bfQu\u00e9 tomar\u00e1 en consideraci\u00f3n el juez? - Floridians For Reproductive Freedom<\/title>\n<meta name=\"robots\" content=\"index, follow, max-snippet:-1, max-image-preview:large, max-video-preview:-1\" \/>\n<link rel=\"canonical\" href=\"https:\/\/floridareprofreedom.org\/ht\/jb4\/\" \/>\n<meta property=\"og:locale\" content=\"ht_HT\" \/>\n<meta property=\"og:type\" content=\"article\" \/>\n<meta property=\"og:title\" content=\"\u00bfQu\u00e9 tomar\u00e1 en consideraci\u00f3n el juez? - Floridians For Reproductive Freedom\" \/>\n<meta property=\"og:description\" content=\"Hay tres razones principales que un juez toma en cuenta a la hora de conceder una alternativa judicial. Para lograrlo, tienes que probar por lo menos una de esas tres razones. Si tienes m\u00e1s de una raz\u00f3n que probar en tu caso, entonces debes explicar cada una de ellas. Las tres razones principales son:\u00a0 Eres [&hellip;]\" \/>\n<meta property=\"og:url\" content=\"https:\/\/floridareprofreedom.org\/ht\/jb4\/\" \/>\n<meta property=\"og:site_name\" content=\"Floridians For Reproductive Freedom\" \/>\n<meta property=\"article:publisher\" content=\"https:\/\/www.facebook.com\/FloridaReproFreedom\/\" \/>\n<meta property=\"article:modified_time\" content=\"2020-08-05T12:37:05+00:00\" \/>\n<meta name=\"twitter:card\" content=\"summary_large_image\" \/>\n<meta name=\"twitter:site\" content=\"@FLReproFreedom\" \/>\n<meta name=\"twitter:label1\" content=\"Est. reading time\" \/>\n\t<meta name=\"twitter:data1\" content=\"5 minutes\" \/>\n<script type=\"application\/ld+json\" class=\"yoast-schema-graph\">{\"@context\":\"https:\\\/\\\/schema.org\",\"@graph\":[{\"@type\":\"WebPage\",\"@id\":\"https:\\\/\\\/floridareprofreedom.org\\\/jb4\\\/\",\"url\":\"https:\\\/\\\/floridareprofreedom.org\\\/jb4\\\/\",\"name\":\"\u00bfQu\u00e9 tomar\u00e1 en consideraci\u00f3n el juez? - Floridians For Reproductive Freedom\",\"isPartOf\":{\"@id\":\"https:\\\/\\\/floridareprofreedom.org\\\/#website\"},\"datePublished\":\"2020-08-05T12:10:44+00:00\",\"dateModified\":\"2020-08-05T12:37:05+00:00\",\"breadcrumb\":{\"@id\":\"https:\\\/\\\/floridareprofreedom.org\\\/jb4\\\/#breadcrumb\"},\"inLanguage\":\"ht\",\"potentialAction\":[{\"@type\":\"ReadAction\",\"target\":[\"https:\\\/\\\/floridareprofreedom.org\\\/jb4\\\/\"]}]},{\"@type\":\"BreadcrumbList\",\"@id\":\"https:\\\/\\\/floridareprofreedom.org\\\/jb4\\\/#breadcrumb\",\"itemListElement\":[{\"@type\":\"ListItem\",\"position\":1,\"name\":\"Home\",\"item\":\"https:\\\/\\\/floridareprofreedom.org\\\/\"},{\"@type\":\"ListItem\",\"position\":2,\"name\":\"\u00bfQu\u00e9 tomar\u00e1 en consideraci\u00f3n el juez?\"}]},{\"@type\":\"WebSite\",\"@id\":\"https:\\\/\\\/floridareprofreedom.org\\\/#website\",\"url\":\"https:\\\/\\\/floridareprofreedom.org\\\/\",\"name\":\"Floridians For Reproductive Freedom\",\"description\":\"Advocating for convenient, affordable, and safe access to reproductive health care, including abortion.\",\"publisher\":{\"@id\":\"https:\\\/\\\/floridareprofreedom.org\\\/#organization\"},\"potentialAction\":[{\"@type\":\"SearchAction\",\"target\":{\"@type\":\"EntryPoint\",\"urlTemplate\":\"https:\\\/\\\/floridareprofreedom.org\\\/?s={search_term_string}\"},\"query-input\":{\"@type\":\"PropertyValueSpecification\",\"valueRequired\":true,\"valueName\":\"search_term_string\"}}],\"inLanguage\":\"ht\"},{\"@type\":\"Organization\",\"@id\":\"https:\\\/\\\/floridareprofreedom.org\\\/#organization\",\"name\":\"Floridians for Reproductive Freedom\",\"url\":\"https:\\\/\\\/floridareprofreedom.org\\\/\",\"logo\":{\"@type\":\"ImageObject\",\"inLanguage\":\"ht\",\"@id\":\"https:\\\/\\\/floridareprofreedom.org\\\/#\\\/schema\\\/logo\\\/image\\\/\",\"url\":\"https:\\\/\\\/floridareprofreedom.org\\\/wp-content\\\/uploads\\\/2019\\\/05\\\/Untitled.jpg\",\"contentUrl\":\"https:\\\/\\\/floridareprofreedom.org\\\/wp-content\\\/uploads\\\/2019\\\/05\\\/Untitled.jpg\",\"width\":174,\"height\":180,\"caption\":\"Floridians for Reproductive Freedom\"},\"image\":{\"@id\":\"https:\\\/\\\/floridareprofreedom.org\\\/#\\\/schema\\\/logo\\\/image\\\/\"},\"sameAs\":[\"https:\\\/\\\/www.facebook.com\\\/FloridaReproFreedom\\\/\",\"https:\\\/\\\/x.com\\\/FLReproFreedom\",\"https:\\\/\\\/www.instagram.com\\\/floridareprofreedom\\\/\"]}]}<\/script>\n<!-- \/ Yoast SEO plugin. -->","yoast_head_json":{"title":"\u00bfQu\u00e9 tomar\u00e1 en consideraci\u00f3n el juez? - Floridyen Pou Lib\u00e8te Repwodiksyon","robots":{"index":"index","follow":"follow","max-snippet":"max-snippet:-1","max-image-preview":"max-image-preview:large","max-video-preview":"max-video-preview:-1"},"canonical":"https:\/\/floridareprofreedom.org\/ht\/jb4\/","og_locale":"ht_HT","og_type":"article","og_title":"\u00bfQu\u00e9 tomar\u00e1 en consideraci\u00f3n el juez? - Floridians For Reproductive Freedom","og_description":"Hay tres razones principales que un juez toma en cuenta a la hora de conceder una alternativa judicial. Para lograrlo, tienes que probar por lo menos una de esas tres razones. Si tienes m\u00e1s de una raz\u00f3n que probar en tu caso, entonces debes explicar cada una de ellas. Las tres razones principales son:\u00a0 Eres [&hellip;]","og_url":"https:\/\/floridareprofreedom.org\/ht\/jb4\/","og_site_name":"Floridians For Reproductive Freedom","article_publisher":"https:\/\/www.facebook.com\/FloridaReproFreedom\/","article_modified_time":"2020-08-05T12:37:05+00:00","twitter_card":"summary_large_image","twitter_site":"@FLReproFreedom","twitter_misc":{"Est. reading time":"5 minutes"},"schema":{"@context":"https:\/\/schema.org","@graph":[{"@type":"WebPage","@id":"https:\/\/floridareprofreedom.org\/jb4\/","url":"https:\/\/floridareprofreedom.org\/jb4\/","name":"\u00bfQu\u00e9 tomar\u00e1 en consideraci\u00f3n el juez? - Floridyen Pou Lib\u00e8te Repwodiksyon","isPartOf":{"@id":"https:\/\/floridareprofreedom.org\/#website"},"datePublished":"2020-08-05T12:10:44+00:00","dateModified":"2020-08-05T12:37:05+00:00","breadcrumb":{"@id":"https:\/\/floridareprofreedom.org\/jb4\/#breadcrumb"},"inLanguage":"ht","potentialAction":[{"@type":"ReadAction","target":["https:\/\/floridareprofreedom.org\/jb4\/"]}]},{"@type":"BreadcrumbList","@id":"https:\/\/floridareprofreedom.org\/jb4\/#breadcrumb","itemListElement":[{"@type":"ListItem","position":1,"name":"Home","item":"https:\/\/floridareprofreedom.org\/"},{"@type":"ListItem","position":2,"name":"\u00bfQu\u00e9 tomar\u00e1 en consideraci\u00f3n el juez?"}]},{"@type":"WebSite","@id":"https:\/\/floridareprofreedom.org\/#website","url":"https:\/\/floridareprofreedom.org\/","name":"Floridyen pou lib\u00e8te repwodiktif","description":"Ap defann aks\u00e8 pratik, ab\u00f2dab, epi an sekirite a swen sante repwodiktif, tankou av\u00f2tman.","publisher":{"@id":"https:\/\/floridareprofreedom.org\/#organization"},"potentialAction":[{"@type":"SearchAction","target":{"@type":"EntryPoint","urlTemplate":"https:\/\/floridareprofreedom.org\/?s={search_term_string}"},"query-input":{"@type":"PropertyValueSpecification","valueRequired":true,"valueName":"search_term_string"}}],"inLanguage":"ht"},{"@type":"Organization","@id":"https:\/\/floridareprofreedom.org\/#organization","name":"Floridyen pou Lib\u00e8te Repwodiktif","url":"https:\/\/floridareprofreedom.org\/","logo":{"@type":"ImageObject","inLanguage":"ht","@id":"https:\/\/floridareprofreedom.org\/#\/schema\/logo\/image\/","url":"https:\/\/floridareprofreedom.org\/wp-content\/uploads\/2019\/05\/Untitled.jpg","contentUrl":"https:\/\/floridareprofreedom.org\/wp-content\/uploads\/2019\/05\/Untitled.jpg","width":174,"height":180,"caption":"Floridians for Reproductive Freedom"},"image":{"@id":"https:\/\/floridareprofreedom.org\/#\/schema\/logo\/image\/"},"sameAs":["https:\/\/www.facebook.com\/FloridaReproFreedom\/","https:\/\/x.com\/FLReproFreedom","https:\/\/www.instagram.com\/floridareprofreedom\/"]}]}},"_links":{"self":[{"href":"https:\/\/floridareprofreedom.org\/ht\/wp-json\/wp\/v2\/pages\/1255","targetHints":{"allow":["GET"]}}],"collection":[{"href":"https:\/\/floridareprofreedom.org\/ht\/wp-json\/wp\/v2\/pages"}],"about":[{"href":"https:\/\/floridareprofreedom.org\/ht\/wp-json\/wp\/v2\/types\/page"}],"author":[{"embeddable":true,"href":"https:\/\/floridareprofreedom.org\/ht\/wp-json\/wp\/v2\/users\/4"}],"replies":[{"embeddable":true,"href":"https:\/\/floridareprofreedom.org\/ht\/wp-json\/wp\/v2\/comments?post=1255"}],"version-history":[{"count":5,"href":"https:\/\/floridareprofreedom.org\/ht\/wp-json\/wp\/v2\/pages\/1255\/revisions"}],"predecessor-version":[{"id":1308,"href":"https:\/\/floridareprofreedom.org\/ht\/wp-json\/wp\/v2\/pages\/1255\/revisions\/1308"}],"wp:attachment":[{"href":"https:\/\/floridareprofreedom.org\/ht\/wp-json\/wp\/v2\/media?parent=1255"}],"wp:term":[{"taxonomy":"folder","embeddable":true,"href":"https:\/\/floridareprofreedom.org\/ht\/wp-json\/wp\/v2\/folder?post=1255"}],"curies":[{"name":"wp","href":"https:\/\/api.w.org\/{rel}","templated":true}]}}