{"id":1273,"date":"2020-08-04T18:55:52","date_gmt":"2020-08-04T18:55:52","guid":{"rendered":"https:\/\/floridareprofreedom.org\/?page_id=1273"},"modified":"2020-08-05T12:31:54","modified_gmt":"2020-08-05T12:31:54","slug":"jb12","status":"publish","type":"page","link":"https:\/\/floridareprofreedom.org\/ht\/jb12\/","title":{"rendered":"\u00bfLa otra persona involucrada en mi embarazo debe saber si decido hacerme un aborto?"},"content":{"rendered":"<p><span style=\"font-weight: 400;\">Non. La personnalit\u00e9 embarazada se la unique ke dwe gen dwa deside. Pa gen okenn egzijans ki dwe gen konsantman l\u00f2t moun oswa ki dwe notifye. Sin embargo, el juez puede preguntarte sobre la otra persona y su reacci\u00f3n al embarazo. El juez peut demander si la otra persona est\u00e1 al tanto de tu decisi\u00f3n de hacerte un aborto y si te apiye nan desizyon sa a.<\/span><\/p>\n<p style=\"text-align: center;\"><a href=\"https:\/\/floridareprofreedom.org\/ht\/alternatif-jidisye-nan-florida\/\">Retounen nan k\u00f2mansman an<\/a> |\u00a0 <a href=\"https:\/\/floridareprofreedom.org\/ht\/jb11\/\">Kesyon anvan an<\/a> \u00a0 |\u00a0 <a href=\"https:\/\/floridareprofreedom.org\/ht\/jb13\/\">Paj kap vini an<\/a><\/p>\n<p><b>Kesyon ki gen rap\u00f2<\/b><\/p>\n<ol>\n<li style=\"font-weight: 400;\"><span style=\"font-weight: 400;\"><a href=\"https:\/\/floridareprofreedom.org\/ht\/jb1\/\">\u00bf<\/a><a href=\"https:\/\/floridareprofreedom.org\/ht\/jb1\/\">Qu\u00e9 es una alternativa judicial en caso de que necesite un aborto?<\/a><\/span><\/li>\n<li style=\"font-weight: 400;\"><a href=\"https:\/\/floridareprofreedom.org\/ht\/jb2\/\"><span style=\"font-weight: 400;\">\u00bf<\/span><span style=\"font-weight: 400;\">A d\u00f3nde debo acudir para poder hacerme un aborto?<\/span><\/a><\/li>\n<li style=\"font-weight: 400;\"><a href=\"https:\/\/floridareprofreedom.org\/ht\/jb3\/\"><span style=\"font-weight: 400;\">\u00bf<\/span><span style=\"font-weight: 400;\">Qu\u00e9 tipo de formulario debo ranpli<\/span><span style=\"font-weight: 400;\">?<\/span><\/a><\/li>\n<li style=\"font-weight: 400;\"><a href=\"https:\/\/floridareprofreedom.org\/ht\/jb4\/\"><span style=\"font-weight: 400;\">\u00bfQu\u00e9 considerar\u00e1 el juez para tomar una decisi\u00f3n?<\/span><\/a><\/li>\n<li style=\"font-weight: 400;\"><a href=\"https:\/\/floridareprofreedom.org\/ht\/jb5\/\"><span style=\"font-weight: 400;\">Mwen bezwen yon avoka?<\/span><\/a><\/li>\n<li style=\"font-weight: 400;\"><a href=\"https:\/\/floridareprofreedom.org\/ht\/jb6\/\"><span style=\"font-weight: 400;\">\u00bf<\/span><span style=\"font-weight: 400;\">Cu\u00e1nto tarda conseguir una alternativa judicial?<\/span><\/a><\/li>\n<li style=\"font-weight: 400;\"><a href=\"https:\/\/floridareprofreedom.org\/ht\/jb7\/\"><span style=\"font-weight: 400;\">\u00bf<\/span><span style=\"font-weight: 400;\">Cu\u00e1nto cuesta conseguir una alternativa judicial?<\/span><\/a><\/li>\n<li style=\"font-weight: 400;\"><a href=\"https:\/\/floridareprofreedom.org\/ht\/jb8\/\"><span style=\"font-weight: 400;\">\u00bf<\/span><span style=\"font-weight: 400;\">Qui\u00e9nes sabr\u00e1n si he logrado obtener una alternativa judicial?<\/span><\/a><\/li>\n<li style=\"font-weight: 400;\"><a href=\"https:\/\/floridareprofreedom.org\/ht\/jb9\/\"><span style=\"font-weight: 400;\">\u00bf<\/span><span style=\"font-weight: 400;\">Qu\u00e9 tipo de preguntas me har\u00e1 el juez?<\/span><\/a><\/li>\n<li style=\"font-weight: 400;\"><a href=\"https:\/\/floridareprofreedom.org\/ht\/jb10\/\"><span style=\"font-weight: 400;\">\u00bf<\/span><span style=\"font-weight: 400;\">Qu\u00e9 vestimenta debo usar para ir a la corte?<\/span><\/a><\/li>\n<li style=\"font-weight: 400;\"><a href=\"https:\/\/floridareprofreedom.org\/ht\/jb11\/\"><span style=\"font-weight: 400;\">\u00bf<\/span><span style=\"font-weight: 400;\">Qu\u00e9 suceder\u00eda si mi audiencia est\u00e1 programada para un d\u00eda escolar<\/span><span style=\"font-weight: 400;\">?<\/span><\/a><\/li>\n<li style=\"font-weight: 400;\"><a href=\"https:\/\/floridareprofreedom.org\/ht\/jb12\/\"><span style=\"font-weight: 400;\">\u00bf<\/span><span style=\"font-weight: 400;\">La persona involucrada en mi embarazo tiene potestad para decidir sobre si debo o no practicarme un aborto<\/span><\/a><span style=\"font-weight: 400;\">?\u00a0<\/span><\/li>\n<li style=\"font-weight: 400;\"><a href=\"https:\/\/floridareprofreedom.org\/ht\/jb13\/\"><span style=\"font-weight: 400;\">\u00a0<\/span><span style=\"font-weight: 400;\">\u00bf<\/span><span style=\"font-weight: 400;\">Gengo que ser ciudadana americana para practicarme un aborto? <\/span><span style=\"font-weight: 400;\">\u00bf<\/span><span style=\"font-weight: 400;\">Y si no puedo comunicarme en ingl\u00e9s?\u00a0<\/span><\/a><\/li>\n<li style=\"font-weight: 400;\"><a href=\"https:\/\/floridareprofreedom.org\/ht\/jb14\/\"><span style=\"font-weight: 400;\">\u00bf<\/span><span style=\"font-weight: 400;\">Ou ka chanje desizyon apre yon alt\u00e8natif jidisy\u00e8?<\/span><\/a><\/li>\n<li><a href=\"https:\/\/floridareprofreedom.org\/ht\/jb15\/\"><span style=\"font-weight: 400;\">\u00bf<\/span><span style=\"font-weight: 400;\">Qu\u00e9 pasa si el juez niega mi petisyon<\/span><span style=\"font-weight: 400;\">?<\/span><\/a><\/li>\n<\/ol>","protected":false},"excerpt":{"rendered":"<p>No. La persona embarazada es la \u00fanica que debe tener el derecho de decidir. No existe un requerimiento que debes tener el consentimiento de la otra persona o que debes notificarle. Sin embargo, el juez puede preguntarte sobre la otra persona y su reacci\u00f3n al embarazo. El juez puede preguntarte si la otra persona est\u00e1 [&hellip;]<\/p>\n","protected":false},"author":4,"featured_media":0,"parent":0,"menu_order":0,"comment_status":"closed","ping_status":"closed","template":"","meta":{"footnotes":""},"folder":[9],"class_list":["post-1273","page","type-page","status-publish","hentry"],"yoast_head":"<!-- This site is optimized with the Yoast SEO plugin v27.3 - https:\/\/yoast.com\/product\/yoast-seo-wordpress\/ -->\n<title>\u00bfLa otra persona involucrada en mi embarazo debe saber si decido hacerme un aborto? - Floridians For Reproductive Freedom<\/title>\n<meta name=\"robots\" content=\"index, follow, max-snippet:-1, max-image-preview:large, max-video-preview:-1\" \/>\n<link rel=\"canonical\" href=\"https:\/\/floridareprofreedom.org\/ht\/jb12\/\" \/>\n<meta property=\"og:locale\" content=\"ht_HT\" \/>\n<meta property=\"og:type\" content=\"article\" \/>\n<meta property=\"og:title\" content=\"\u00bfLa otra persona involucrada en mi embarazo debe saber si decido hacerme un aborto? - Floridians For Reproductive Freedom\" \/>\n<meta property=\"og:description\" content=\"No. La persona embarazada es la \u00fanica que debe tener el derecho de decidir. No existe un requerimiento que debes tener el consentimiento de la otra persona o que debes notificarle. Sin embargo, el juez puede preguntarte sobre la otra persona y su reacci\u00f3n al embarazo. El juez puede preguntarte si la otra persona est\u00e1 [&hellip;]\" \/>\n<meta property=\"og:url\" content=\"https:\/\/floridareprofreedom.org\/ht\/jb12\/\" \/>\n<meta property=\"og:site_name\" content=\"Floridians For Reproductive Freedom\" \/>\n<meta property=\"article:publisher\" content=\"https:\/\/www.facebook.com\/FloridaReproFreedom\/\" \/>\n<meta property=\"article:modified_time\" content=\"2020-08-05T12:31:54+00:00\" \/>\n<meta name=\"twitter:card\" content=\"summary_large_image\" \/>\n<meta name=\"twitter:site\" content=\"@FLReproFreedom\" \/>\n<meta name=\"twitter:label1\" content=\"Est. reading time\" \/>\n\t<meta name=\"twitter:data1\" content=\"1 minute\" \/>\n<script type=\"application\/ld+json\" class=\"yoast-schema-graph\">{\"@context\":\"https:\\\/\\\/schema.org\",\"@graph\":[{\"@type\":\"WebPage\",\"@id\":\"https:\\\/\\\/floridareprofreedom.org\\\/jb12\\\/\",\"url\":\"https:\\\/\\\/floridareprofreedom.org\\\/jb12\\\/\",\"name\":\"\u00bfLa otra persona involucrada en mi embarazo debe saber si decido hacerme un aborto? - Floridians For Reproductive Freedom\",\"isPartOf\":{\"@id\":\"https:\\\/\\\/floridareprofreedom.org\\\/#website\"},\"datePublished\":\"2020-08-04T18:55:52+00:00\",\"dateModified\":\"2020-08-05T12:31:54+00:00\",\"breadcrumb\":{\"@id\":\"https:\\\/\\\/floridareprofreedom.org\\\/jb12\\\/#breadcrumb\"},\"inLanguage\":\"ht\",\"potentialAction\":[{\"@type\":\"ReadAction\",\"target\":[\"https:\\\/\\\/floridareprofreedom.org\\\/jb12\\\/\"]}]},{\"@type\":\"BreadcrumbList\",\"@id\":\"https:\\\/\\\/floridareprofreedom.org\\\/jb12\\\/#breadcrumb\",\"itemListElement\":[{\"@type\":\"ListItem\",\"position\":1,\"name\":\"Home\",\"item\":\"https:\\\/\\\/floridareprofreedom.org\\\/\"},{\"@type\":\"ListItem\",\"position\":2,\"name\":\"\u00bfLa otra persona involucrada en mi embarazo debe saber si decido hacerme un aborto?\"}]},{\"@type\":\"WebSite\",\"@id\":\"https:\\\/\\\/floridareprofreedom.org\\\/#website\",\"url\":\"https:\\\/\\\/floridareprofreedom.org\\\/\",\"name\":\"Floridians For Reproductive Freedom\",\"description\":\"Advocating for convenient, affordable, and safe access to reproductive health care, including abortion.\",\"publisher\":{\"@id\":\"https:\\\/\\\/floridareprofreedom.org\\\/#organization\"},\"potentialAction\":[{\"@type\":\"SearchAction\",\"target\":{\"@type\":\"EntryPoint\",\"urlTemplate\":\"https:\\\/\\\/floridareprofreedom.org\\\/?s={search_term_string}\"},\"query-input\":{\"@type\":\"PropertyValueSpecification\",\"valueRequired\":true,\"valueName\":\"search_term_string\"}}],\"inLanguage\":\"ht\"},{\"@type\":\"Organization\",\"@id\":\"https:\\\/\\\/floridareprofreedom.org\\\/#organization\",\"name\":\"Floridians for Reproductive Freedom\",\"url\":\"https:\\\/\\\/floridareprofreedom.org\\\/\",\"logo\":{\"@type\":\"ImageObject\",\"inLanguage\":\"ht\",\"@id\":\"https:\\\/\\\/floridareprofreedom.org\\\/#\\\/schema\\\/logo\\\/image\\\/\",\"url\":\"https:\\\/\\\/floridareprofreedom.org\\\/wp-content\\\/uploads\\\/2019\\\/05\\\/Untitled.jpg\",\"contentUrl\":\"https:\\\/\\\/floridareprofreedom.org\\\/wp-content\\\/uploads\\\/2019\\\/05\\\/Untitled.jpg\",\"width\":174,\"height\":180,\"caption\":\"Floridians for Reproductive Freedom\"},\"image\":{\"@id\":\"https:\\\/\\\/floridareprofreedom.org\\\/#\\\/schema\\\/logo\\\/image\\\/\"},\"sameAs\":[\"https:\\\/\\\/www.facebook.com\\\/FloridaReproFreedom\\\/\",\"https:\\\/\\\/x.com\\\/FLReproFreedom\",\"https:\\\/\\\/www.instagram.com\\\/floridareprofreedom\\\/\"]}]}<\/script>\n<!-- \/ Yoast SEO plugin. -->","yoast_head_json":{"title":"\u00bfLa otra persona involucrada en mi embarazo debe saber si decido hacerme un aborto? - Floridyen pou Lib\u00e8te Repwodiksyon","robots":{"index":"index","follow":"follow","max-snippet":"max-snippet:-1","max-image-preview":"max-image-preview:large","max-video-preview":"max-video-preview:-1"},"canonical":"https:\/\/floridareprofreedom.org\/ht\/jb12\/","og_locale":"ht_HT","og_type":"article","og_title":"\u00bfLa otra persona involucrada en mi embarazo debe saber si decido hacerme un aborto? - Floridians For Reproductive Freedom","og_description":"No. La persona embarazada es la \u00fanica que debe tener el derecho de decidir. No existe un requerimiento que debes tener el consentimiento de la otra persona o que debes notificarle. Sin embargo, el juez puede preguntarte sobre la otra persona y su reacci\u00f3n al embarazo. El juez puede preguntarte si la otra persona est\u00e1 [&hellip;]","og_url":"https:\/\/floridareprofreedom.org\/ht\/jb12\/","og_site_name":"Floridians For Reproductive Freedom","article_publisher":"https:\/\/www.facebook.com\/FloridaReproFreedom\/","article_modified_time":"2020-08-05T12:31:54+00:00","twitter_card":"summary_large_image","twitter_site":"@FLReproFreedom","twitter_misc":{"Est. reading time":"1 minute"},"schema":{"@context":"https:\/\/schema.org","@graph":[{"@type":"WebPage","@id":"https:\/\/floridareprofreedom.org\/jb12\/","url":"https:\/\/floridareprofreedom.org\/jb12\/","name":"\u00bfLa otra persona involucrada en mi embarazo debe saber si decido hacerme un aborto? - Floridyen pou Lib\u00e8te Repwodiksyon","isPartOf":{"@id":"https:\/\/floridareprofreedom.org\/#website"},"datePublished":"2020-08-04T18:55:52+00:00","dateModified":"2020-08-05T12:31:54+00:00","breadcrumb":{"@id":"https:\/\/floridareprofreedom.org\/jb12\/#breadcrumb"},"inLanguage":"ht","potentialAction":[{"@type":"ReadAction","target":["https:\/\/floridareprofreedom.org\/jb12\/"]}]},{"@type":"BreadcrumbList","@id":"https:\/\/floridareprofreedom.org\/jb12\/#breadcrumb","itemListElement":[{"@type":"ListItem","position":1,"name":"Home","item":"https:\/\/floridareprofreedom.org\/"},{"@type":"ListItem","position":2,"name":"\u00bfLa otra persona involucrada en mi embarazo debe saber si decido hacerme un aborto?"}]},{"@type":"WebSite","@id":"https:\/\/floridareprofreedom.org\/#website","url":"https:\/\/floridareprofreedom.org\/","name":"Floridyen pou lib\u00e8te repwodiktif","description":"Ap defann aks\u00e8 pratik, ab\u00f2dab, epi an sekirite a swen sante repwodiktif, tankou av\u00f2tman.","publisher":{"@id":"https:\/\/floridareprofreedom.org\/#organization"},"potentialAction":[{"@type":"SearchAction","target":{"@type":"EntryPoint","urlTemplate":"https:\/\/floridareprofreedom.org\/?s={search_term_string}"},"query-input":{"@type":"PropertyValueSpecification","valueRequired":true,"valueName":"search_term_string"}}],"inLanguage":"ht"},{"@type":"Organization","@id":"https:\/\/floridareprofreedom.org\/#organization","name":"Floridyen pou Lib\u00e8te Repwodiktif","url":"https:\/\/floridareprofreedom.org\/","logo":{"@type":"ImageObject","inLanguage":"ht","@id":"https:\/\/floridareprofreedom.org\/#\/schema\/logo\/image\/","url":"https:\/\/floridareprofreedom.org\/wp-content\/uploads\/2019\/05\/Untitled.jpg","contentUrl":"https:\/\/floridareprofreedom.org\/wp-content\/uploads\/2019\/05\/Untitled.jpg","width":174,"height":180,"caption":"Floridians for Reproductive Freedom"},"image":{"@id":"https:\/\/floridareprofreedom.org\/#\/schema\/logo\/image\/"},"sameAs":["https:\/\/www.facebook.com\/FloridaReproFreedom\/","https:\/\/x.com\/FLReproFreedom","https:\/\/www.instagram.com\/floridareprofreedom\/"]}]}},"_links":{"self":[{"href":"https:\/\/floridareprofreedom.org\/ht\/wp-json\/wp\/v2\/pages\/1273","targetHints":{"allow":["GET"]}}],"collection":[{"href":"https:\/\/floridareprofreedom.org\/ht\/wp-json\/wp\/v2\/pages"}],"about":[{"href":"https:\/\/floridareprofreedom.org\/ht\/wp-json\/wp\/v2\/types\/page"}],"author":[{"embeddable":true,"href":"https:\/\/floridareprofreedom.org\/ht\/wp-json\/wp\/v2\/users\/4"}],"replies":[{"embeddable":true,"href":"https:\/\/floridareprofreedom.org\/ht\/wp-json\/wp\/v2\/comments?post=1273"}],"version-history":[{"count":2,"href":"https:\/\/floridareprofreedom.org\/ht\/wp-json\/wp\/v2\/pages\/1273\/revisions"}],"predecessor-version":[{"id":1300,"href":"https:\/\/floridareprofreedom.org\/ht\/wp-json\/wp\/v2\/pages\/1273\/revisions\/1300"}],"wp:attachment":[{"href":"https:\/\/floridareprofreedom.org\/ht\/wp-json\/wp\/v2\/media?parent=1273"}],"wp:term":[{"taxonomy":"folder","embeddable":true,"href":"https:\/\/floridareprofreedom.org\/ht\/wp-json\/wp\/v2\/folder?post=1273"}],"curies":[{"name":"wp","href":"https:\/\/api.w.org\/{rel}","templated":true}]}}