{"id":1361,"date":"2020-10-29T16:53:30","date_gmt":"2020-10-29T16:53:30","guid":{"rendered":"https:\/\/floridareprofreedom.org\/?page_id=1361"},"modified":"2020-11-19T15:25:47","modified_gmt":"2020-11-19T15:25:47","slug":"kat-postal-elektwonik","status":"publish","type":"page","link":"https:\/\/floridareprofreedom.org\/ht\/ecpostcards\/","title":{"rendered":"Hey, Publix! Pa kache kanpay kat postal EC a."},"content":{"rendered":"<p><strong>Alo, Publix! #DontHideEC<\/strong> se yon pwoj\u00e8 defans dwa pou ede Publix, yon d\u00e9tayan nan pr\u00e8ske tout kominote Florid, f\u00e8 tande vwa konsomat\u00e8 yo.\u00a0 <strong>M\u00e8si<\/strong> pou patisipasyon ou nan pwoj\u00e8 Hey, Publix! #DontHideEC la.<\/p>\n<p style=\"text-align: center;\"><a href=\"https:\/\/floridareprofreedom.org\/wp-content\/uploads\/2020\/11\/Postcards-Publix.pdf\"><img fetchpriority=\"high\" decoding=\"async\" class=\"alignnone wp-image-1374\" src=\"https:\/\/floridareprofreedom.org\/wp-content\/uploads\/2020\/10\/2-1-1024x791.png\" alt=\"\" width=\"532\" height=\"411\" srcset=\"https:\/\/floridareprofreedom.org\/wp-content\/uploads\/2020\/10\/2-1-1024x791.png 1024w, https:\/\/floridareprofreedom.org\/wp-content\/uploads\/2020\/10\/2-1-300x232.png 300w, https:\/\/floridareprofreedom.org\/wp-content\/uploads\/2020\/10\/2-1-768x593.png 768w, https:\/\/floridareprofreedom.org\/wp-content\/uploads\/2020\/10\/2-1-1536x1187.png 1536w, https:\/\/floridareprofreedom.org\/wp-content\/uploads\/2020\/10\/2-1.png 1650w\" sizes=\"(max-width: 532px) 100vw, 532px\" \/><\/a><\/p>\n<p><a href=\"https:\/\/floridareprofreedom.org\/wp-content\/uploads\/2020\/11\/Postcards-Publix.pdf\"><img decoding=\"async\" class=\"alignnone size-full wp-image-1533 aligncenter\" src=\"https:\/\/floridareprofreedom.org\/wp-content\/uploads\/2020\/11\/play-1.png\" alt=\"\" width=\"536\" height=\"352\" \/><\/a><\/p>\n<p style=\"text-align: center;\"><img decoding=\"async\" class=\"alignnone wp-image-1544\" src=\"https:\/\/floridareprofreedom.org\/wp-content\/uploads\/2020\/11\/postcard-side-2.png\" alt=\"\" width=\"532\" height=\"358\" srcset=\"https:\/\/floridareprofreedom.org\/wp-content\/uploads\/2020\/11\/postcard-side-2.png 558w, https:\/\/floridareprofreedom.org\/wp-content\/uploads\/2020\/11\/postcard-side-2-300x202.png 300w\" sizes=\"(max-width: 532px) 100vw, 532px\" \/><\/p>\n<p><a href=\"https:\/\/floridareprofreedom.org\/wp-content\/uploads\/2020\/11\/Postcards-Publix.pdf\">Telechaje PDF sa a<\/a> pou enprime pw\u00f2p seri kat postal ou yo adrese a kat gwo ofisy\u00e8l Publix sou katon. Oubyen, pou enprime plizy\u00e8 seri, voye yo nan yon enprimri lokal.<\/p>\n<p>L\u00e8 ou ajoute non ou ak omwen k\u00f2d postal ou, mesaj ou a vin pi kredib. Yo fasil pou voye im\u00e8l anonim jete. Tanpri asire w ou mete non w ak k\u00f2d postal ou l\u00e8 w ap ekri Publix. Asire w ke moun tande vwa w.<\/p>\n<p>Ede nou f\u00e8 piblisite pou pwoj\u00e8 sa a! Tanpri pran foto kat ou fin ranpli yo epi poste yo sou rezo sosyal yo av\u00e8k hashtag nou an #DontHideEC, tag @Publix, epi pataje sit ent\u00e8n\u00e8t nou an: FloridaReproFreedom.org<\/p>\n<p>Jan nou te di pi wo a, gen k\u00e8k patisipan nan kanpay kat postal #DontHideEC la k ap voye PDF la bay yo. <strong>magazen enprime lokal<\/strong> pou enprime de b\u00f2 sou katon. Gen k\u00e8k k ap koupe papye yo menm, al\u00f2ske gen l\u00f2t k ap peye pou atelye enprime a koupe katon an an kat moso. Nenp\u00f2t fason pa gen pwobl\u00e8m.<\/p>\n<h3 style=\"text-align: center;\"><strong>Kons\u00e8y pou enprime ak enstalasyon pou itilize pw\u00f2p enprimant ou lakay ou<\/strong><\/h3>\n<p>Pif\u00f2 enprimant biwo ta dwe fonksyone pou sa, si katon an ka pase.<\/p>\n<p><strong>Enstalasyon enprimant<\/strong><\/p>\n<ul>\n<li>Pa mete l nan ech\u00e8l pou anf\u00f2m oswa retresi pou anf\u00f2m<\/li>\n<li>Enprime nan 100%<\/li>\n<\/ul>\n<p><strong>Enprime TOU DE b\u00f2 kat postal la<\/strong><\/p>\n<ul>\n<li>Gen yon do pou chak dosye kat. Asire w ou enprime tou de b\u00f2 yo! D\u00e8y\u00e8 a gen p\u00f2syon adr\u00e8s la.<\/li>\n<li>Li pi bon pou enprime premye ak d\u00e8nye paj la an plizy\u00e8 pas separe. (Enprime s\u00e8lman paj ki gen desen yo l\u00e8 w chwazi &quot;ranje&quot; paj yo \u2013 pa &quot;Tout&quot;)<\/li>\n<li>Pran n\u00f2t kijan papye a ap antre nan enprimant lan (mete yon ti pwen sou yon b\u00f2 pou ou ka teste kijan papye a ap antre nan enprimant ou an)<\/li>\n<li>Enprimant ou a ka gen yon opsyon pou enprime sou de b\u00f2. Si ou ka konprann kijan pou ajiste dezy\u00e8m b\u00f2 a, ou lib pou eseye sa. Pafwa, param\u00e8t defo a mete d\u00e8y\u00e8 kat la t\u00e8t anba.<\/li>\n<\/ul>\n<p><strong>Ki kalite papye pou itilize?<\/strong><\/p>\n<ul>\n<li>Kat postal yo bezwen enprime sou katon<\/li>\n<li>Chwazi katon ki peze ant 80 ak 110 liv pou satisf\u00e8 r\u00e8gleman USPS yo.<\/li>\n<li>Ou ka achte plizy\u00e8 ram papye sa a nan nenp\u00f2t magazen founiti biwo.<\/li>\n<li>Kat la enprime an nwa ak blan, kidonk nenp\u00f2t katon koul\u00e8 bon (konsidere yon koul\u00e8 klere).<\/li>\n<\/ul>\n<p><strong>Ki fr\u00e8 lap\u00f2s ki neses\u00e8?<\/strong><\/p>\n<ul>\n<li>Kat &quot;ti&quot; yo bezwen yon tenm USPS 35 santim.<\/li>\n<\/ul>\n<p>&nbsp;<\/p>","protected":false},"excerpt":{"rendered":"<p>Hey, Publix! #DontHideEC is an advocacy project to help consumers&#8217; voices be heard by Publix, a retailer in nearly every Florida community.\u00a0 Thank you for participating in the Hey, Publix! #DontHideEC project. Download this PDF to print your own set of postcards addressed to four Publix senior officials onto cardstock. Or, to print multiple sets, [&hellip;]<\/p>\n","protected":false},"author":3,"featured_media":0,"parent":0,"menu_order":0,"comment_status":"closed","ping_status":"closed","template":"","meta":{"footnotes":""},"folder":[10],"class_list":["post-1361","page","type-page","status-publish","hentry"],"yoast_head":"<!-- This site is optimized with the Yoast SEO plugin v27.4 - https:\/\/yoast.com\/product\/yoast-seo-wordpress\/ -->\n<title>Hey, Publix! Don&#039;t hide EC postcard campaign - Floridians For Reproductive Freedom<\/title>\n<meta name=\"robots\" content=\"index, follow, max-snippet:-1, max-image-preview:large, max-video-preview:-1\" \/>\n<link rel=\"canonical\" href=\"https:\/\/floridareprofreedom.org\/ht\/kat-postal-elektwonik\/\" \/>\n<meta property=\"og:locale\" content=\"ht_HT\" \/>\n<meta property=\"og:type\" content=\"article\" \/>\n<meta property=\"og:title\" content=\"Hey, Publix! Don&#039;t hide EC postcard campaign - Floridians For Reproductive Freedom\" \/>\n<meta property=\"og:description\" content=\"Hey, Publix! #DontHideEC is an advocacy project to help consumers&#8217; voices be heard by Publix, a retailer in nearly every Florida community.\u00a0 Thank you for participating in the Hey, Publix! #DontHideEC project. Download this PDF to print your own set of postcards addressed to four Publix senior officials onto cardstock. Or, to print multiple sets, [&hellip;]\" \/>\n<meta property=\"og:url\" content=\"https:\/\/floridareprofreedom.org\/ht\/kat-postal-elektwonik\/\" \/>\n<meta property=\"og:site_name\" content=\"Floridians For Reproductive Freedom\" \/>\n<meta property=\"article:publisher\" content=\"https:\/\/www.facebook.com\/FloridaReproFreedom\/\" \/>\n<meta property=\"article:modified_time\" content=\"2020-11-19T15:25:47+00:00\" \/>\n<meta property=\"og:image\" content=\"https:\/\/floridareprofreedom.org\/wp-content\/uploads\/2020\/10\/2-1-1024x791.png\" \/>\n<meta name=\"twitter:card\" content=\"summary_large_image\" \/>\n<meta name=\"twitter:site\" content=\"@FLReproFreedom\" \/>\n<meta name=\"twitter:label1\" content=\"Est. reading time\" \/>\n\t<meta name=\"twitter:data1\" content=\"2 minutes\" \/>\n<script type=\"application\/ld+json\" class=\"yoast-schema-graph\">{\"@context\":\"https:\\\/\\\/schema.org\",\"@graph\":[{\"@type\":\"WebPage\",\"@id\":\"https:\\\/\\\/floridareprofreedom.org\\\/ecpostcards\\\/\",\"url\":\"https:\\\/\\\/floridareprofreedom.org\\\/ecpostcards\\\/\",\"name\":\"Hey, Publix! Don't hide EC postcard campaign - Floridians For Reproductive Freedom\",\"isPartOf\":{\"@id\":\"https:\\\/\\\/floridareprofreedom.org\\\/#website\"},\"primaryImageOfPage\":{\"@id\":\"https:\\\/\\\/floridareprofreedom.org\\\/ecpostcards\\\/#primaryimage\"},\"image\":{\"@id\":\"https:\\\/\\\/floridareprofreedom.org\\\/ecpostcards\\\/#primaryimage\"},\"thumbnailUrl\":\"https:\\\/\\\/floridareprofreedom.org\\\/wp-content\\\/uploads\\\/2020\\\/10\\\/2-1-1024x791.png\",\"datePublished\":\"2020-10-29T16:53:30+00:00\",\"dateModified\":\"2020-11-19T15:25:47+00:00\",\"breadcrumb\":{\"@id\":\"https:\\\/\\\/floridareprofreedom.org\\\/ecpostcards\\\/#breadcrumb\"},\"inLanguage\":\"ht\",\"potentialAction\":[{\"@type\":\"ReadAction\",\"target\":[\"https:\\\/\\\/floridareprofreedom.org\\\/ecpostcards\\\/\"]}]},{\"@type\":\"ImageObject\",\"inLanguage\":\"ht\",\"@id\":\"https:\\\/\\\/floridareprofreedom.org\\\/ecpostcards\\\/#primaryimage\",\"url\":\"https:\\\/\\\/floridareprofreedom.org\\\/wp-content\\\/uploads\\\/2020\\\/10\\\/2-1-1024x791.png\",\"contentUrl\":\"https:\\\/\\\/floridareprofreedom.org\\\/wp-content\\\/uploads\\\/2020\\\/10\\\/2-1-1024x791.png\"},{\"@type\":\"BreadcrumbList\",\"@id\":\"https:\\\/\\\/floridareprofreedom.org\\\/ecpostcards\\\/#breadcrumb\",\"itemListElement\":[{\"@type\":\"ListItem\",\"position\":1,\"name\":\"Home\",\"item\":\"https:\\\/\\\/floridareprofreedom.org\\\/\"},{\"@type\":\"ListItem\",\"position\":2,\"name\":\"Hey, Publix! Don&#8217;t hide EC postcard campaign\"}]},{\"@type\":\"WebSite\",\"@id\":\"https:\\\/\\\/floridareprofreedom.org\\\/#website\",\"url\":\"https:\\\/\\\/floridareprofreedom.org\\\/\",\"name\":\"Floridians For Reproductive Freedom\",\"description\":\"Advocating for convenient, affordable, and safe access to reproductive health care, including abortion.\",\"publisher\":{\"@id\":\"https:\\\/\\\/floridareprofreedom.org\\\/#organization\"},\"potentialAction\":[{\"@type\":\"SearchAction\",\"target\":{\"@type\":\"EntryPoint\",\"urlTemplate\":\"https:\\\/\\\/floridareprofreedom.org\\\/?s={search_term_string}\"},\"query-input\":{\"@type\":\"PropertyValueSpecification\",\"valueRequired\":true,\"valueName\":\"search_term_string\"}}],\"inLanguage\":\"ht\"},{\"@type\":\"Organization\",\"@id\":\"https:\\\/\\\/floridareprofreedom.org\\\/#organization\",\"name\":\"Floridians for Reproductive Freedom\",\"url\":\"https:\\\/\\\/floridareprofreedom.org\\\/\",\"logo\":{\"@type\":\"ImageObject\",\"inLanguage\":\"ht\",\"@id\":\"https:\\\/\\\/floridareprofreedom.org\\\/#\\\/schema\\\/logo\\\/image\\\/\",\"url\":\"https:\\\/\\\/floridareprofreedom.org\\\/wp-content\\\/uploads\\\/2019\\\/05\\\/Untitled.jpg\",\"contentUrl\":\"https:\\\/\\\/floridareprofreedom.org\\\/wp-content\\\/uploads\\\/2019\\\/05\\\/Untitled.jpg\",\"width\":174,\"height\":180,\"caption\":\"Floridians for Reproductive Freedom\"},\"image\":{\"@id\":\"https:\\\/\\\/floridareprofreedom.org\\\/#\\\/schema\\\/logo\\\/image\\\/\"},\"sameAs\":[\"https:\\\/\\\/www.facebook.com\\\/FloridaReproFreedom\\\/\",\"https:\\\/\\\/x.com\\\/FLReproFreedom\",\"https:\\\/\\\/www.instagram.com\\\/floridareprofreedom\\\/\"]}]}<\/script>\n<!-- \/ Yoast SEO plugin. -->","yoast_head_json":{"title":"Hey, Publix! Pa kache kanpay kat postal EC a - Floridyen Pou Lib\u00e8te Repwodiktif","robots":{"index":"index","follow":"follow","max-snippet":"max-snippet:-1","max-image-preview":"max-image-preview:large","max-video-preview":"max-video-preview:-1"},"canonical":"https:\/\/floridareprofreedom.org\/ht\/kat-postal-elektwonik\/","og_locale":"ht_HT","og_type":"article","og_title":"Hey, Publix! Don't hide EC postcard campaign - Floridians For Reproductive Freedom","og_description":"Hey, Publix! #DontHideEC is an advocacy project to help consumers&#8217; voices be heard by Publix, a retailer in nearly every Florida community.\u00a0 Thank you for participating in the Hey, Publix! #DontHideEC project. Download this PDF to print your own set of postcards addressed to four Publix senior officials onto cardstock. Or, to print multiple sets, [&hellip;]","og_url":"https:\/\/floridareprofreedom.org\/ht\/kat-postal-elektwonik\/","og_site_name":"Floridians For Reproductive Freedom","article_publisher":"https:\/\/www.facebook.com\/FloridaReproFreedom\/","article_modified_time":"2020-11-19T15:25:47+00:00","og_image":[{"url":"https:\/\/floridareprofreedom.org\/wp-content\/uploads\/2020\/10\/2-1-1024x791.png","type":"","width":"","height":""}],"twitter_card":"summary_large_image","twitter_site":"@FLReproFreedom","twitter_misc":{"Est. reading time":"2 minutes"},"schema":{"@context":"https:\/\/schema.org","@graph":[{"@type":"WebPage","@id":"https:\/\/floridareprofreedom.org\/ecpostcards\/","url":"https:\/\/floridareprofreedom.org\/ecpostcards\/","name":"Hey, Publix! Pa kache kanpay kat postal EC a - Floridyen Pou Lib\u00e8te Repwodiktif","isPartOf":{"@id":"https:\/\/floridareprofreedom.org\/#website"},"primaryImageOfPage":{"@id":"https:\/\/floridareprofreedom.org\/ecpostcards\/#primaryimage"},"image":{"@id":"https:\/\/floridareprofreedom.org\/ecpostcards\/#primaryimage"},"thumbnailUrl":"https:\/\/floridareprofreedom.org\/wp-content\/uploads\/2020\/10\/2-1-1024x791.png","datePublished":"2020-10-29T16:53:30+00:00","dateModified":"2020-11-19T15:25:47+00:00","breadcrumb":{"@id":"https:\/\/floridareprofreedom.org\/ecpostcards\/#breadcrumb"},"inLanguage":"ht","potentialAction":[{"@type":"ReadAction","target":["https:\/\/floridareprofreedom.org\/ecpostcards\/"]}]},{"@type":"ImageObject","inLanguage":"ht","@id":"https:\/\/floridareprofreedom.org\/ecpostcards\/#primaryimage","url":"https:\/\/floridareprofreedom.org\/wp-content\/uploads\/2020\/10\/2-1-1024x791.png","contentUrl":"https:\/\/floridareprofreedom.org\/wp-content\/uploads\/2020\/10\/2-1-1024x791.png"},{"@type":"BreadcrumbList","@id":"https:\/\/floridareprofreedom.org\/ecpostcards\/#breadcrumb","itemListElement":[{"@type":"ListItem","position":1,"name":"Home","item":"https:\/\/floridareprofreedom.org\/"},{"@type":"ListItem","position":2,"name":"Hey, Publix! Don&#8217;t hide EC postcard campaign"}]},{"@type":"WebSite","@id":"https:\/\/floridareprofreedom.org\/#website","url":"https:\/\/floridareprofreedom.org\/","name":"Floridyen pou lib\u00e8te repwodiktif","description":"Ap defann aks\u00e8 pratik, ab\u00f2dab, epi an sekirite a swen sante repwodiktif, tankou av\u00f2tman.","publisher":{"@id":"https:\/\/floridareprofreedom.org\/#organization"},"potentialAction":[{"@type":"SearchAction","target":{"@type":"EntryPoint","urlTemplate":"https:\/\/floridareprofreedom.org\/?s={search_term_string}"},"query-input":{"@type":"PropertyValueSpecification","valueRequired":true,"valueName":"search_term_string"}}],"inLanguage":"ht"},{"@type":"Organization","@id":"https:\/\/floridareprofreedom.org\/#organization","name":"Floridyen pou Lib\u00e8te Repwodiktif","url":"https:\/\/floridareprofreedom.org\/","logo":{"@type":"ImageObject","inLanguage":"ht","@id":"https:\/\/floridareprofreedom.org\/#\/schema\/logo\/image\/","url":"https:\/\/floridareprofreedom.org\/wp-content\/uploads\/2019\/05\/Untitled.jpg","contentUrl":"https:\/\/floridareprofreedom.org\/wp-content\/uploads\/2019\/05\/Untitled.jpg","width":174,"height":180,"caption":"Floridians for Reproductive Freedom"},"image":{"@id":"https:\/\/floridareprofreedom.org\/#\/schema\/logo\/image\/"},"sameAs":["https:\/\/www.facebook.com\/FloridaReproFreedom\/","https:\/\/x.com\/FLReproFreedom","https:\/\/www.instagram.com\/floridareprofreedom\/"]}]}},"_links":{"self":[{"href":"https:\/\/floridareprofreedom.org\/ht\/wp-json\/wp\/v2\/pages\/1361","targetHints":{"allow":["GET"]}}],"collection":[{"href":"https:\/\/floridareprofreedom.org\/ht\/wp-json\/wp\/v2\/pages"}],"about":[{"href":"https:\/\/floridareprofreedom.org\/ht\/wp-json\/wp\/v2\/types\/page"}],"author":[{"embeddable":true,"href":"https:\/\/floridareprofreedom.org\/ht\/wp-json\/wp\/v2\/users\/3"}],"replies":[{"embeddable":true,"href":"https:\/\/floridareprofreedom.org\/ht\/wp-json\/wp\/v2\/comments?post=1361"}],"version-history":[{"count":9,"href":"https:\/\/floridareprofreedom.org\/ht\/wp-json\/wp\/v2\/pages\/1361\/revisions"}],"predecessor-version":[{"id":1545,"href":"https:\/\/floridareprofreedom.org\/ht\/wp-json\/wp\/v2\/pages\/1361\/revisions\/1545"}],"wp:attachment":[{"href":"https:\/\/floridareprofreedom.org\/ht\/wp-json\/wp\/v2\/media?parent=1361"}],"wp:term":[{"taxonomy":"folder","embeddable":true,"href":"https:\/\/floridareprofreedom.org\/ht\/wp-json\/wp\/v2\/folder?post=1361"}],"curies":[{"name":"wp","href":"https:\/\/api.w.org\/{rel}","templated":true}]}}