{"id":1366,"date":"2020-10-29T16:51:35","date_gmt":"2020-10-29T16:51:35","guid":{"rendered":"https:\/\/floridareprofreedom.org\/?page_id=1366"},"modified":"2023-08-02T22:56:05","modified_gmt":"2023-08-02T22:56:05","slug":"ek","status":"publish","type":"page","link":"https:\/\/floridareprofreedom.org\/ht\/ec\/","title":{"rendered":"Hey, Publix! Pa kache EC"},"content":{"rendered":"<p><em><span style=\"font-weight: 400;\">Kontrasepsyon ijans (KE) se yon fason ki an sekirite epi efikas pou anpeche gwos\u00e8s, se pout\u00e8t sa Administrasyon Manje ak Medikaman (FDA) a, depi 2013, p\u00e8m\u00e8t d\u00e9taillants yo vann pwodui kontrasepsyon ijans sou etaj\u00e8 a bay nenp\u00f2t moun k\u00e8lkeswa laj oswa s\u00e8ks, epi san yo pa oblije prezante idantifikasyon. Pa gen okenn kote nan direktiv FDA yo ki sijere ke moun yo bezwen asistans nan men anplwaye famasi pou achte kontraseptif ijans ki otorize pou vann sou etaj\u00e8 a.<\/span><\/em><\/p>\n<h3><b>Publix, yon ch\u00e8n magazen prensipal nan kominote Floridyen yo, <\/b><b>gen yon r\u00e8gleman antrepriz ki anpeche kliyan yo jwenn kontrasepsyon ijans<\/b><b>\u00a0<\/b><\/h3>\n<p><span style=\"font-weight: 400;\">Nan vizit nan plis pase 100 magazen Publix, volont\u00e8 ki soti nan kowalisyon Floridians for Reproductive Freedom yo te jwenn s\u00e8l fason pou jwenn aks\u00e8 a kontraseptif ijans se te nan kontwa famasi a. Gen l\u00f2t d\u00e9taillants ki gen famasi, tankou CVS, Walgreens, Target, ak Walmart, ki ofri li san preskripsyon, nan koulwa seksyon planifikasyon familyal la. (Yon etid Sosyete Ameriken pou Kontrasepsyon Ijans te f\u00e8 te jwenn ke 76 pousan nan d\u00e9taillants nan ch\u00e8n yo deja mete kontraseptif ijans sou etaj\u00e8 a.)<\/span><\/p>\n<p><span style=\"font-weight: 400;\">Publix egzije pou kliyan yo mande anplwaye famasi a pou yo achte kontrasepsyon ijans (EC), tankou Plan B One Step, pou yo ka achte l, malgre li otorize pou vann nan magazen an. Egzijans sa a mete bary\u00e8 ki pa neses\u00e8 nan chemen kliyan Publix yo, anpil ladan yo ka j\u00e8n e vilnerab, ki bezwen pwodui swen repwodiktif esansy\u00e8l. Sa pa s\u00e8lman f\u00e8 aks\u00e8 a kontrasepsyon ijans difisil e konplike, men li se yon mepri pou kliyan yo, epi li estigmatize swen sante repwodiktif.<\/span><\/p>\n<p><span style=\"font-weight: 400;\">Moun bezwen aks\u00e8 fasil a kontrasepsyon ijans paske se yon medikaman ki pran rapidman epi ki pi efikas pi vit yo pran l. Mande kliyan yo pou yo tann famasi a ouvri, oubyen pou yo mande yon anplwaye famasi pou kontrasepsyon ijans, se obstak ki pa neses\u00e8. Pratik Publix la pou l separe kliyan ki achte kontrasepsyon ijans yo ak tout l\u00f2t kliyan ki achte medikaman san preskripsyon ki an sekirite epi efikas f\u00e8 kominote nou yo mal.<\/span><\/p>\n<p><span style=\"font-weight: 400;\">Li l\u00e8 pou nou mete kontrasepsyon ijans yo dir\u00e8kteman sou etaj\u00e8 a kote li dwe ye a. Av\u00e8k plis pase 1,200 magazen ki kouvri sis eta, anpil kliyan konte sou Publix pou jwenn aks\u00e8 a medikaman al\u00e8. Ede nou pouse Publix f\u00e8 pi byen pou kominote yo ak kliyan yo; travay av\u00e8k nou pou asire ke Publix gen kontrasepsyon ijans sou etaj\u00e8 a menm jan ak l\u00f2t d\u00e9taillants yo f\u00e8.<\/span><\/p>\n<h3><strong>Etap aksyon:<\/strong><\/h3>\n<ul>\n<li>Pibliye sou li sou <strong>medya sosyal<\/strong>. <a href=\"https:\/\/docs.google.com\/document\/d\/16rs7cWD3s-qcWDpc9XPwCgRpAKmL1mkzE0EiWODcU0U\/edit?usp=sharing\">Jwenn aks\u00e8 a twous zouti medya sosyal yo isit la<\/a>.<\/li>\n<li>Enprime, koupe, epi voye <strong>kat postal<\/strong> nan katye jeneral konpayi Publix la. <a href=\"https:\/\/floridareprofreedom.org\/ht\/kat-postal-elektwonik\/\">Jwenn direksyon yo epi telechaje yo isit la.<\/a><\/li>\n<li>Ekri yon <strong>l\u00e8t bay edit\u00e8 a<\/strong> nan jounal lokal ou a; voye yon kopi bay responsab famasi ak mak\u00e8t Publix lokal ou a. <a href=\"https:\/\/drive.google.com\/file\/d\/1E6-4ORBM-347cbTA5PgtPjW_qcRUrIkh\/view?usp=sharing\">F\u00e8y kons\u00e8y LTE a isit la<\/a>.<\/li>\n<li>Soum\u00e8t yon <strong>f\u00e8 k\u00f2mant\u00e8 sou ent\u00e8n\u00e8t<\/strong> pou la <a href=\"https:\/\/www.publix.com\/contact\/contact-us\">Depatman Relasyon Kliyan Publix<\/a>!<\/li>\n<\/ul>\n<p style=\"text-align: center;\"><a href=\"https:\/\/floridareprofreedom.org\/ht\/kat-postal-elektwonik\/\"><img fetchpriority=\"high\" decoding=\"async\" class=\"alignnone size-large wp-image-1374\" src=\"https:\/\/floridareprofreedom.org\/wp-content\/uploads\/2020\/10\/2-1-1024x791.png\" alt=\"\" width=\"800\" height=\"618\" srcset=\"https:\/\/floridareprofreedom.org\/wp-content\/uploads\/2020\/10\/2-1-1024x791.png 1024w, https:\/\/floridareprofreedom.org\/wp-content\/uploads\/2020\/10\/2-1-300x232.png 300w, https:\/\/floridareprofreedom.org\/wp-content\/uploads\/2020\/10\/2-1-768x593.png 768w, https:\/\/floridareprofreedom.org\/wp-content\/uploads\/2020\/10\/2-1-1536x1187.png 1536w, https:\/\/floridareprofreedom.org\/wp-content\/uploads\/2020\/10\/2-1.png 1650w\" sizes=\"(max-width: 800px) 100vw, 800px\" \/><\/a><\/p>","protected":false},"excerpt":{"rendered":"<p>Emergency contraception (EC) is a safe and effective way to prevent pregnancy, which is why the Food and Drug Administration (FDA) has, since 2013, allowed retailers to sell emergency contraception products on the shelf to anyone regardless of age or gender, and without a requirement to present identification. Nowhere in FDA guidelines is it suggested [&hellip;]<\/p>\n","protected":false},"author":3,"featured_media":0,"parent":0,"menu_order":0,"comment_status":"closed","ping_status":"closed","template":"","meta":{"footnotes":""},"folder":[10],"class_list":["post-1366","page","type-page","status-publish","hentry"],"yoast_head":"<!-- This site is optimized with the Yoast SEO plugin v27.4 - https:\/\/yoast.com\/product\/yoast-seo-wordpress\/ -->\n<title>Hey, Publix! Don&#039;t hide EC - Floridians For Reproductive Freedom<\/title>\n<meta name=\"robots\" content=\"index, follow, max-snippet:-1, max-image-preview:large, max-video-preview:-1\" \/>\n<link rel=\"canonical\" href=\"https:\/\/floridareprofreedom.org\/ht\/ek\/\" \/>\n<meta property=\"og:locale\" content=\"ht_HT\" \/>\n<meta property=\"og:type\" content=\"article\" \/>\n<meta property=\"og:title\" content=\"Hey, Publix! Don&#039;t hide EC - Floridians For Reproductive Freedom\" \/>\n<meta property=\"og:description\" content=\"Emergency contraception (EC) is a safe and effective way to prevent pregnancy, which is why the Food and Drug Administration (FDA) has, since 2013, allowed retailers to sell emergency contraception products on the shelf to anyone regardless of age or gender, and without a requirement to present identification. Nowhere in FDA guidelines is it suggested [&hellip;]\" \/>\n<meta property=\"og:url\" content=\"https:\/\/floridareprofreedom.org\/ht\/ek\/\" \/>\n<meta property=\"og:site_name\" content=\"Floridians For Reproductive Freedom\" \/>\n<meta property=\"article:publisher\" content=\"https:\/\/www.facebook.com\/FloridaReproFreedom\/\" \/>\n<meta property=\"article:modified_time\" content=\"2023-08-02T22:56:05+00:00\" \/>\n<meta property=\"og:image\" content=\"https:\/\/floridareprofreedom.org\/wp-content\/uploads\/2020\/10\/2-1-1024x791.png\" \/>\n<meta name=\"twitter:card\" content=\"summary_large_image\" \/>\n<meta name=\"twitter:site\" content=\"@FLReproFreedom\" \/>\n<meta name=\"twitter:label1\" content=\"Est. reading time\" \/>\n\t<meta name=\"twitter:data1\" content=\"3 minutes\" \/>\n<script type=\"application\/ld+json\" class=\"yoast-schema-graph\">{\"@context\":\"https:\\\/\\\/schema.org\",\"@graph\":[{\"@type\":\"WebPage\",\"@id\":\"https:\\\/\\\/floridareprofreedom.org\\\/ec\\\/\",\"url\":\"https:\\\/\\\/floridareprofreedom.org\\\/ec\\\/\",\"name\":\"Hey, Publix! Don't hide EC - Floridians For Reproductive Freedom\",\"isPartOf\":{\"@id\":\"https:\\\/\\\/floridareprofreedom.org\\\/#website\"},\"primaryImageOfPage\":{\"@id\":\"https:\\\/\\\/floridareprofreedom.org\\\/ec\\\/#primaryimage\"},\"image\":{\"@id\":\"https:\\\/\\\/floridareprofreedom.org\\\/ec\\\/#primaryimage\"},\"thumbnailUrl\":\"https:\\\/\\\/floridareprofreedom.org\\\/wp-content\\\/uploads\\\/2020\\\/10\\\/2-1-1024x791.png\",\"datePublished\":\"2020-10-29T16:51:35+00:00\",\"dateModified\":\"2023-08-02T22:56:05+00:00\",\"breadcrumb\":{\"@id\":\"https:\\\/\\\/floridareprofreedom.org\\\/ec\\\/#breadcrumb\"},\"inLanguage\":\"ht\",\"potentialAction\":[{\"@type\":\"ReadAction\",\"target\":[\"https:\\\/\\\/floridareprofreedom.org\\\/ec\\\/\"]}]},{\"@type\":\"ImageObject\",\"inLanguage\":\"ht\",\"@id\":\"https:\\\/\\\/floridareprofreedom.org\\\/ec\\\/#primaryimage\",\"url\":\"https:\\\/\\\/floridareprofreedom.org\\\/wp-content\\\/uploads\\\/2020\\\/10\\\/2-1-1024x791.png\",\"contentUrl\":\"https:\\\/\\\/floridareprofreedom.org\\\/wp-content\\\/uploads\\\/2020\\\/10\\\/2-1-1024x791.png\"},{\"@type\":\"BreadcrumbList\",\"@id\":\"https:\\\/\\\/floridareprofreedom.org\\\/ec\\\/#breadcrumb\",\"itemListElement\":[{\"@type\":\"ListItem\",\"position\":1,\"name\":\"Home\",\"item\":\"https:\\\/\\\/floridareprofreedom.org\\\/\"},{\"@type\":\"ListItem\",\"position\":2,\"name\":\"Hey, Publix! Don&#8217;t hide EC\"}]},{\"@type\":\"WebSite\",\"@id\":\"https:\\\/\\\/floridareprofreedom.org\\\/#website\",\"url\":\"https:\\\/\\\/floridareprofreedom.org\\\/\",\"name\":\"Floridians For Reproductive Freedom\",\"description\":\"Advocating for convenient, affordable, and safe access to reproductive health care, including abortion.\",\"publisher\":{\"@id\":\"https:\\\/\\\/floridareprofreedom.org\\\/#organization\"},\"potentialAction\":[{\"@type\":\"SearchAction\",\"target\":{\"@type\":\"EntryPoint\",\"urlTemplate\":\"https:\\\/\\\/floridareprofreedom.org\\\/?s={search_term_string}\"},\"query-input\":{\"@type\":\"PropertyValueSpecification\",\"valueRequired\":true,\"valueName\":\"search_term_string\"}}],\"inLanguage\":\"ht\"},{\"@type\":\"Organization\",\"@id\":\"https:\\\/\\\/floridareprofreedom.org\\\/#organization\",\"name\":\"Floridians for Reproductive Freedom\",\"url\":\"https:\\\/\\\/floridareprofreedom.org\\\/\",\"logo\":{\"@type\":\"ImageObject\",\"inLanguage\":\"ht\",\"@id\":\"https:\\\/\\\/floridareprofreedom.org\\\/#\\\/schema\\\/logo\\\/image\\\/\",\"url\":\"https:\\\/\\\/floridareprofreedom.org\\\/wp-content\\\/uploads\\\/2019\\\/05\\\/Untitled.jpg\",\"contentUrl\":\"https:\\\/\\\/floridareprofreedom.org\\\/wp-content\\\/uploads\\\/2019\\\/05\\\/Untitled.jpg\",\"width\":174,\"height\":180,\"caption\":\"Floridians for Reproductive Freedom\"},\"image\":{\"@id\":\"https:\\\/\\\/floridareprofreedom.org\\\/#\\\/schema\\\/logo\\\/image\\\/\"},\"sameAs\":[\"https:\\\/\\\/www.facebook.com\\\/FloridaReproFreedom\\\/\",\"https:\\\/\\\/x.com\\\/FLReproFreedom\",\"https:\\\/\\\/www.instagram.com\\\/floridareprofreedom\\\/\"]}]}<\/script>\n<!-- \/ Yoast SEO plugin. -->","yoast_head_json":{"title":"Hey, Publix! Pa kache EC - Floridyen Pou Lib\u00e8te Repwodiktif","robots":{"index":"index","follow":"follow","max-snippet":"max-snippet:-1","max-image-preview":"max-image-preview:large","max-video-preview":"max-video-preview:-1"},"canonical":"https:\/\/floridareprofreedom.org\/ht\/ek\/","og_locale":"ht_HT","og_type":"article","og_title":"Hey, Publix! Don't hide EC - Floridians For Reproductive Freedom","og_description":"Emergency contraception (EC) is a safe and effective way to prevent pregnancy, which is why the Food and Drug Administration (FDA) has, since 2013, allowed retailers to sell emergency contraception products on the shelf to anyone regardless of age or gender, and without a requirement to present identification. Nowhere in FDA guidelines is it suggested [&hellip;]","og_url":"https:\/\/floridareprofreedom.org\/ht\/ek\/","og_site_name":"Floridians For Reproductive Freedom","article_publisher":"https:\/\/www.facebook.com\/FloridaReproFreedom\/","article_modified_time":"2023-08-02T22:56:05+00:00","og_image":[{"url":"https:\/\/floridareprofreedom.org\/wp-content\/uploads\/2020\/10\/2-1-1024x791.png","type":"","width":"","height":""}],"twitter_card":"summary_large_image","twitter_site":"@FLReproFreedom","twitter_misc":{"Est. reading time":"3 minutes"},"schema":{"@context":"https:\/\/schema.org","@graph":[{"@type":"WebPage","@id":"https:\/\/floridareprofreedom.org\/ec\/","url":"https:\/\/floridareprofreedom.org\/ec\/","name":"Hey, Publix! Pa kache EC - Floridyen Pou Lib\u00e8te Repwodiktif","isPartOf":{"@id":"https:\/\/floridareprofreedom.org\/#website"},"primaryImageOfPage":{"@id":"https:\/\/floridareprofreedom.org\/ec\/#primaryimage"},"image":{"@id":"https:\/\/floridareprofreedom.org\/ec\/#primaryimage"},"thumbnailUrl":"https:\/\/floridareprofreedom.org\/wp-content\/uploads\/2020\/10\/2-1-1024x791.png","datePublished":"2020-10-29T16:51:35+00:00","dateModified":"2023-08-02T22:56:05+00:00","breadcrumb":{"@id":"https:\/\/floridareprofreedom.org\/ec\/#breadcrumb"},"inLanguage":"ht","potentialAction":[{"@type":"ReadAction","target":["https:\/\/floridareprofreedom.org\/ec\/"]}]},{"@type":"ImageObject","inLanguage":"ht","@id":"https:\/\/floridareprofreedom.org\/ec\/#primaryimage","url":"https:\/\/floridareprofreedom.org\/wp-content\/uploads\/2020\/10\/2-1-1024x791.png","contentUrl":"https:\/\/floridareprofreedom.org\/wp-content\/uploads\/2020\/10\/2-1-1024x791.png"},{"@type":"BreadcrumbList","@id":"https:\/\/floridareprofreedom.org\/ec\/#breadcrumb","itemListElement":[{"@type":"ListItem","position":1,"name":"Home","item":"https:\/\/floridareprofreedom.org\/"},{"@type":"ListItem","position":2,"name":"Hey, Publix! Don&#8217;t hide EC"}]},{"@type":"WebSite","@id":"https:\/\/floridareprofreedom.org\/#website","url":"https:\/\/floridareprofreedom.org\/","name":"Floridyen pou lib\u00e8te repwodiktif","description":"Ap defann aks\u00e8 pratik, ab\u00f2dab, epi an sekirite a swen sante repwodiktif, tankou av\u00f2tman.","publisher":{"@id":"https:\/\/floridareprofreedom.org\/#organization"},"potentialAction":[{"@type":"SearchAction","target":{"@type":"EntryPoint","urlTemplate":"https:\/\/floridareprofreedom.org\/?s={search_term_string}"},"query-input":{"@type":"PropertyValueSpecification","valueRequired":true,"valueName":"search_term_string"}}],"inLanguage":"ht"},{"@type":"Organization","@id":"https:\/\/floridareprofreedom.org\/#organization","name":"Floridyen pou Lib\u00e8te Repwodiktif","url":"https:\/\/floridareprofreedom.org\/","logo":{"@type":"ImageObject","inLanguage":"ht","@id":"https:\/\/floridareprofreedom.org\/#\/schema\/logo\/image\/","url":"https:\/\/floridareprofreedom.org\/wp-content\/uploads\/2019\/05\/Untitled.jpg","contentUrl":"https:\/\/floridareprofreedom.org\/wp-content\/uploads\/2019\/05\/Untitled.jpg","width":174,"height":180,"caption":"Floridians for Reproductive Freedom"},"image":{"@id":"https:\/\/floridareprofreedom.org\/#\/schema\/logo\/image\/"},"sameAs":["https:\/\/www.facebook.com\/FloridaReproFreedom\/","https:\/\/x.com\/FLReproFreedom","https:\/\/www.instagram.com\/floridareprofreedom\/"]}]}},"_links":{"self":[{"href":"https:\/\/floridareprofreedom.org\/ht\/wp-json\/wp\/v2\/pages\/1366","targetHints":{"allow":["GET"]}}],"collection":[{"href":"https:\/\/floridareprofreedom.org\/ht\/wp-json\/wp\/v2\/pages"}],"about":[{"href":"https:\/\/floridareprofreedom.org\/ht\/wp-json\/wp\/v2\/types\/page"}],"author":[{"embeddable":true,"href":"https:\/\/floridareprofreedom.org\/ht\/wp-json\/wp\/v2\/users\/3"}],"replies":[{"embeddable":true,"href":"https:\/\/floridareprofreedom.org\/ht\/wp-json\/wp\/v2\/comments?post=1366"}],"version-history":[{"count":7,"href":"https:\/\/floridareprofreedom.org\/ht\/wp-json\/wp\/v2\/pages\/1366\/revisions"}],"predecessor-version":[{"id":2850,"href":"https:\/\/floridareprofreedom.org\/ht\/wp-json\/wp\/v2\/pages\/1366\/revisions\/2850"}],"wp:attachment":[{"href":"https:\/\/floridareprofreedom.org\/ht\/wp-json\/wp\/v2\/media?parent=1366"}],"wp:term":[{"taxonomy":"folder","embeddable":true,"href":"https:\/\/floridareprofreedom.org\/ht\/wp-json\/wp\/v2\/folder?post=1366"}],"curies":[{"name":"wp","href":"https:\/\/api.w.org\/{rel}","templated":true}]}}