{"id":1414,"date":"2020-11-13T14:32:29","date_gmt":"2020-11-13T14:32:29","guid":{"rendered":"https:\/\/floridareprofreedom.org\/?page_id=1414"},"modified":"2026-01-27T18:51:15","modified_gmt":"2026-01-27T18:51:15","slug":"avotman-legal-nan-florid-ansyen","status":"publish","type":"page","link":"https:\/\/floridareprofreedom.org\/ht\/abortionislegalinflorida-old\/","title":{"rendered":"Wi! Av\u00f2tman toujou legal nan Florid \u2013 OLD"},"content":{"rendered":"<p><a href=\"https:\/\/floridareprofreedom.org\/ht\/avotman-legal\/\"><img decoding=\"async\" class=\"alignnone\" src=\"https:\/\/floridareprofreedom.org\/wp-content\/uploads\/2020\/08\/Espanol-Button.png\" alt=\"An pany\u00f2l\" width=\"132\" height=\"33\" \/><\/a><\/p>\n<p><span style=\"font-weight: 400;\">Moun vle e yo merite pran pw\u00f2p desizyon p\u00e8son\u00e8l, prive, medikal yo, epi nou pral f\u00e8 sa. <em>pa janm<\/em> sispann goumen pou lib\u00e8te nou genyen pou kontwole k\u00f2 nou ak lavi nou.<br \/>\n<\/span><\/p>\n<p>Av\u00f2tman se yon bagay ki an sekirite epi komen, epi ou ka jwenn swen sa a si ou bezwen li.<\/p>\n<h3><strong>Restriksyon ak egzijans akty\u00e8l sou av\u00f2tman:<\/strong><\/h3>\n<ul>\n<li><strong>D\u00e8nye a:<\/strong> <span style=\"font-weight: 400;\">Apati 1ye me 2024, av\u00f2tman ent\u00e8di apre 6 sem\u00e8n nan Florid. Nou konnen sa f\u00e8 aks\u00e8 a swen tr\u00e8 difisil pou anpil moun, men k\u00e8lkeswa sa k rive, moun yo toujou gen opsyon ak \u00f2ganizasyon ki vle ede.<\/span>\n<ul>\n<li style=\"list-style-type: none;\">\n<ul>\n<li><strong><span class=\"OYPEnA text-decoration-none text-strikethrough-none\">Mwens pase 6 sem\u00e8n ansent: <\/span><\/strong><span class=\"OYPEnA text-decoration-none text-strikethrough-none\">Yon moun ka jwenn aks\u00e8 a yon av\u00f2tman nan eta a. (Sa ap mande 2 randevou)<\/span><\/li>\n<li><strong><span class=\"OYPEnA text-decoration-none text-strikethrough-none\">Plis pase 6 sem\u00e8n ansent: <\/span><\/strong><span class=\"OYPEnA text-decoration-none text-strikethrough-none\">Yon moun ka bezwen kite eta a pou l al jwenn swen. Gen plis moun k ap jwenn aks\u00e8 a swen sa a. <\/span><strong><a class=\"OYPEnA text-decoration-underline text-strikethrough-none\" draggable=\"false\" href=\"http:\/\/plancpills.org\" target=\"_blank\" rel=\"noopener\">PlanCPills.org<\/a><\/strong><span class=\"OYPEnA text-decoration-none text-strikethrough-none\"> pou aprann sou grenn av\u00f2tman pa lap\u00f2s ak av\u00f2tman oto-jere.<\/span><\/li>\n<\/ul>\n<\/li>\n<\/ul>\n<ul>\n<li><strong>Pery\u00f2d Atant Obligatwa:<\/strong> Florid egzije yon reta obligatwa 24 \u00e8dtan, sa vle di yon pasyan dwe resevwa kons\u00e8y leta a egzije omwen 24 \u00e8dtan anvan li ka f\u00e8 av\u00f2tman.<\/li>\n<li><strong>K\u00f2m yon min\u00e8:<\/strong> Yon moun ki poko gen 18 an bezwen notifikasyon ak konsantman paran pou jwenn aks\u00e8 a yon av\u00f2tman. Si ou pa ka enplike yon paran, gen \u00e8d, men pwosesis sa a vin pi difisil depi yon desizyon tribinal te pibliye an Me 2025. Si ou bezwen \u00e8d pou jwenn yon avoka gratis oswa si ou gen kesyon legal, kontakte <strong><a href=\"https:\/\/www.janenetworkfl.org\/\">Rezo Jane nan<\/a><\/strong>.<\/li>\n<li><strong>Ou bezwen pale sou opsyon av\u00f2tman ou yo, tankou grenn av\u00f2tman pa lap\u00f2s? Ale nan <a href=\"https:\/\/www.chatwithcharley.org\/florida\/\">ChatWithCharley.org\/florida<\/a><\/strong> (oswa klike sou bwat chat ki nan kwen ekran ou ye kounye a) pou jwenn aks\u00e8 a yon chatbot prive ak konpl\u00e8 ki pral gide ou nan fason pou jwenn av\u00f2tman pa grenn, pwograme yon pwosedi, ak kijan pou navige nan lojistik ak restriksyon legal yo. <span style=\"font-weight: 400;\">Pou pale sou risk legal, moun yo ka konsilte av\u00e8k Si\/Kil\u00e8\/Kijan. <\/span><a href=\"https:\/\/www.reprolegalhelpline.org\/\"><span style=\"font-weight: 400;\">Liy \u00c8d Legal Repro<\/span><\/a><span style=\"font-weight: 400;\">.<\/span><\/li>\n<li>Moun yo toujou ap resevwa\u00a0<strong>grenn av\u00f2tman pa lap\u00f2s<\/strong>\u00a0nan\u00a0<em>tout<\/em> 50 eta. Kit se pou yon bezwen imedya oswa &quot;jis nan ka&quot;, yo itilize tarif glisman pou grenn av\u00f2tman nan<strong>\u00a0<a href=\"https:\/\/plancpills.org\/\">PlanCPills.org<\/a>.<\/strong><\/li>\n<li>Ki jan sitiyasyon imigrasyon mwen an ka afekte aks\u00e8 a av\u00f2tman? <strong><a href=\"https:\/\/www.ineedana.com\/blog\/how-can-my-immigration-status-affect-abortion-access\">Yon gid pou moun ki pa sitwayen ak kominote nou yo.<\/a><\/strong><\/li>\n<\/ul>\n<h3><strong>Vizite <a href=\"https:\/\/www.abortionfinder.org\/\">AbortionFinder.org<\/a> epi <a href=\"http:\/\/IneedanA.com\">IneedanA.com<\/a> pou jwenn enf\u00f2masyon ki an sekirite, konfidansy\u00e8l epi ajou sou kote ou ka f\u00e8 av\u00f2tman.<\/strong><\/h3>\n<p><a href=\"https:\/\/www.abortionfinder.org\/\"><img fetchpriority=\"high\" decoding=\"async\" src=\"https:\/\/floridareprofreedom.org\/wp-content\/uploads\/2020\/11\/play-300x284.png\" alt=\"Kat jeyografik FL: Founis\u00e8 av\u00f2tman\" width=\"300\" height=\"284\" \/><\/a><\/p>\n<ul>\n<li><strong>F\u00e8 atansyon ak sant kont av\u00f2tman yo<\/strong> ki f\u00e8 tankou klinik av\u00f2tman, men ki f\u00e8 wont epi twonpe Floridyen ansent yo. <a href=\"https:\/\/floridareprofreedom.org\/ht\/fo-klinik\/\">Aprann plis isit la.<\/a><\/li>\n<\/ul>\n<h2><strong>Ou bezwen \u00e8d pou peye av\u00f2tman ou an?<\/strong><\/h2>\n<p>\u00d2ganizasyon ak klinik yo ka ede ak <strong><a href=\"https:\/\/floridaabortionfunds.com\/\">sip\u00f2 finansye ak lojistik<\/a><\/strong> pou moun k ap ch\u00e8che av\u00f2tman nan Florid. Klike anba a pou aprann plis oswa mande dir\u00e8kteman nan yon klinik av\u00f2tman si yo gen asistans finansy\u00e8. <strong>Pou kalkile depans ou prevwa yo, <a href=\"https:\/\/www.ineedana.com\/estimate-abortion-costs\">klike la a<\/a>.<\/strong><\/p>\n<ul>\n<li><a href=\"https:\/\/bwefund.org\/site\/\" target=\"_blank\" rel=\"noopener noreferrer\"><strong>Fon Ijans pou Fanm Broward yo<\/strong><\/a> \u2013 Konte Broward<\/li>\n<li><strong><a href=\"https:\/\/emawpb.org\/\" target=\"_blank\" rel=\"noopener noreferrer\">Asistans Medikal Ijans Inc.<\/a><\/strong> \u2013 Palm Beaches ak Treasure Coast<\/li>\n<li><a href=\"https:\/\/www.flaccessnetwork.org\/\" target=\"_blank\" rel=\"noopener noreferrer\"><strong>Rezo Aks\u00e8 Florid (FAN)<\/strong><\/a> \u2013 Nan tout eta a<\/li>\n<li><strong><a href=\"http:\/\/tbafund.com\/\" target=\"_blank\" rel=\"noopener noreferrer\">Fon Av\u00f2tman Tampa Bay<\/a><\/strong> \u2013 Rejyon Tampa Bay la<\/li>\n<li><strong><a href=\"http:\/\/www.wen-online.org\/get-help-1.html\" target=\"_blank\" rel=\"noopener noreferrer\">Rezo Ijans pou Fanm<\/a><\/strong> \u2013 Sid Florid<\/li>\n<li><strong><a href=\"https:\/\/arc-southeast.org\/\">Aks\u00e8 a Swen Repwodiktif Sid\u00e8s (ARC)<\/a><\/strong>\u00a0\u2013 Plizy\u00e8 Eta<\/li>\n<li><a href=\"https:\/\/brigidalliance.org\/getcare-fl\/\"><strong>Alyans Brigid la<\/strong><\/a> \u2013 Plizy\u00e8 Eta, bay priyorite a pasyan ki gen plis pase 15 sem\u00e8n gwos\u00e8s<\/li>\n<li><a href=\"https:\/\/abortionfunds.org\/need-abortion\/\"><strong>Rezo Nasyonal Fon Av\u00f2tman yo<\/strong><\/a> \u2013 Nan tout peyi a<\/li>\n<\/ul>\n<h2><strong>Pran Aksyon pou Retabli Aks\u00e8 a Av\u00f2tman:<\/strong><\/h2>\n<p>Vin jwenn nou pandan n ap goumen pou tout opsyon sante repwodiktif yo. <strong><a href=\"https:\/\/actionnetwork.org\/forms\/join-floridians-for-reproductive-freedom-2?&amp;source=direct_link\">Enskri isit la pou resevwa bilten chak sem\u00e8n Floridians for Reproductive Freedom ak al\u00e8t aksyon.<\/a><\/strong><\/li>\n<\/ul>","protected":false},"excerpt":{"rendered":"<p>People want and deserve to make their own personal, private, medical decisions, and we will never stop fighting for our freedom to control our bodies and our lives. Abortion is safe and common, and you can get this care if you need it. Current Abortion Restrictions &amp; Requirements: The Latest: As of May 1st, 2024, [&hellip;]<\/p>\n","protected":false},"author":3,"featured_media":1415,"parent":0,"menu_order":0,"comment_status":"closed","ping_status":"closed","template":"","meta":{"footnotes":""},"folder":[],"class_list":["post-1414","page","type-page","status-publish","has-post-thumbnail","hentry"],"yoast_head":"<!-- This site is optimized with the Yoast SEO plugin v27.3 - https:\/\/yoast.com\/product\/yoast-seo-wordpress\/ -->\n<title>Yes! Abortion is still legal in Florida - OLD - Floridians For Reproductive Freedom<\/title>\n<meta name=\"description\" content=\"As of today, abortion is legal up the 15 weeks and 6 days in Florida. Search for the closest abortion provider &amp; get links to Florida abortion funds who can help cover costs.\" \/>\n<meta name=\"robots\" content=\"index, follow, max-snippet:-1, max-image-preview:large, max-video-preview:-1\" \/>\n<link rel=\"canonical\" href=\"https:\/\/floridareprofreedom.org\/ht\/avotman-legal-nan-florid-ansyen\/\" \/>\n<meta property=\"og:locale\" content=\"ht_HT\" \/>\n<meta property=\"og:type\" content=\"article\" \/>\n<meta property=\"og:title\" content=\"Yes! Abortion is still legal in Florida - OLD - Floridians For Reproductive Freedom\" \/>\n<meta property=\"og:description\" content=\"As of today, abortion is legal up the 15 weeks and 6 days in Florida. Search for the closest abortion provider &amp; get links to Florida abortion funds who can help cover costs.\" \/>\n<meta property=\"og:url\" content=\"https:\/\/floridareprofreedom.org\/ht\/avotman-legal-nan-florid-ansyen\/\" \/>\n<meta property=\"og:site_name\" content=\"Floridians For Reproductive Freedom\" \/>\n<meta property=\"article:publisher\" content=\"https:\/\/www.facebook.com\/FloridaReproFreedom\/\" \/>\n<meta property=\"article:modified_time\" content=\"2026-01-27T18:51:15+00:00\" \/>\n<meta property=\"og:image\" content=\"https:\/\/floridareprofreedom.org\/wp-content\/uploads\/2020\/11\/play.png\" \/>\n\t<meta property=\"og:image:width\" content=\"750\" \/>\n\t<meta property=\"og:image:height\" content=\"711\" \/>\n\t<meta property=\"og:image:type\" content=\"image\/png\" \/>\n<meta name=\"twitter:card\" content=\"summary_large_image\" \/>\n<meta name=\"twitter:site\" content=\"@FLReproFreedom\" \/>\n<meta name=\"twitter:label1\" content=\"Est. reading time\" \/>\n\t<meta name=\"twitter:data1\" content=\"3 minutes\" \/>\n<script type=\"application\/ld+json\" class=\"yoast-schema-graph\">{\"@context\":\"https:\\\/\\\/schema.org\",\"@graph\":[{\"@type\":\"WebPage\",\"@id\":\"https:\\\/\\\/floridareprofreedom.org\\\/abortionislegalinflorida-old\\\/\",\"url\":\"https:\\\/\\\/floridareprofreedom.org\\\/abortionislegalinflorida-old\\\/\",\"name\":\"Yes! Abortion is still legal in Florida - OLD - Floridians For Reproductive Freedom\",\"isPartOf\":{\"@id\":\"https:\\\/\\\/floridareprofreedom.org\\\/#website\"},\"primaryImageOfPage\":{\"@id\":\"https:\\\/\\\/floridareprofreedom.org\\\/abortionislegalinflorida-old\\\/#primaryimage\"},\"image\":{\"@id\":\"https:\\\/\\\/floridareprofreedom.org\\\/abortionislegalinflorida-old\\\/#primaryimage\"},\"thumbnailUrl\":\"https:\\\/\\\/floridareprofreedom.org\\\/wp-content\\\/uploads\\\/2020\\\/11\\\/play.png\",\"datePublished\":\"2020-11-13T14:32:29+00:00\",\"dateModified\":\"2026-01-27T18:51:15+00:00\",\"description\":\"As of today, abortion is legal up the 15 weeks and 6 days in Florida. Search for the closest abortion provider & get links to Florida abortion funds who can help cover costs.\",\"breadcrumb\":{\"@id\":\"https:\\\/\\\/floridareprofreedom.org\\\/abortionislegalinflorida-old\\\/#breadcrumb\"},\"inLanguage\":\"ht\",\"potentialAction\":[{\"@type\":\"ReadAction\",\"target\":[\"https:\\\/\\\/floridareprofreedom.org\\\/abortionislegalinflorida-old\\\/\"]}]},{\"@type\":\"ImageObject\",\"inLanguage\":\"ht\",\"@id\":\"https:\\\/\\\/floridareprofreedom.org\\\/abortionislegalinflorida-old\\\/#primaryimage\",\"url\":\"https:\\\/\\\/floridareprofreedom.org\\\/wp-content\\\/uploads\\\/2020\\\/11\\\/play.png\",\"contentUrl\":\"https:\\\/\\\/floridareprofreedom.org\\\/wp-content\\\/uploads\\\/2020\\\/11\\\/play.png\",\"width\":750,\"height\":711,\"caption\":\"FL Map: Abortion Providers\"},{\"@type\":\"BreadcrumbList\",\"@id\":\"https:\\\/\\\/floridareprofreedom.org\\\/abortionislegalinflorida-old\\\/#breadcrumb\",\"itemListElement\":[{\"@type\":\"ListItem\",\"position\":1,\"name\":\"Home\",\"item\":\"https:\\\/\\\/floridareprofreedom.org\\\/\"},{\"@type\":\"ListItem\",\"position\":2,\"name\":\"Yes! Abortion is still legal in Florida &#8211; OLD\"}]},{\"@type\":\"WebSite\",\"@id\":\"https:\\\/\\\/floridareprofreedom.org\\\/#website\",\"url\":\"https:\\\/\\\/floridareprofreedom.org\\\/\",\"name\":\"Floridians For Reproductive Freedom\",\"description\":\"Advocating for convenient, affordable, and safe access to reproductive health care, including abortion.\",\"publisher\":{\"@id\":\"https:\\\/\\\/floridareprofreedom.org\\\/#organization\"},\"potentialAction\":[{\"@type\":\"SearchAction\",\"target\":{\"@type\":\"EntryPoint\",\"urlTemplate\":\"https:\\\/\\\/floridareprofreedom.org\\\/?s={search_term_string}\"},\"query-input\":{\"@type\":\"PropertyValueSpecification\",\"valueRequired\":true,\"valueName\":\"search_term_string\"}}],\"inLanguage\":\"ht\"},{\"@type\":\"Organization\",\"@id\":\"https:\\\/\\\/floridareprofreedom.org\\\/#organization\",\"name\":\"Floridians for Reproductive Freedom\",\"url\":\"https:\\\/\\\/floridareprofreedom.org\\\/\",\"logo\":{\"@type\":\"ImageObject\",\"inLanguage\":\"ht\",\"@id\":\"https:\\\/\\\/floridareprofreedom.org\\\/#\\\/schema\\\/logo\\\/image\\\/\",\"url\":\"https:\\\/\\\/floridareprofreedom.org\\\/wp-content\\\/uploads\\\/2019\\\/05\\\/Untitled.jpg\",\"contentUrl\":\"https:\\\/\\\/floridareprofreedom.org\\\/wp-content\\\/uploads\\\/2019\\\/05\\\/Untitled.jpg\",\"width\":174,\"height\":180,\"caption\":\"Floridians for Reproductive Freedom\"},\"image\":{\"@id\":\"https:\\\/\\\/floridareprofreedom.org\\\/#\\\/schema\\\/logo\\\/image\\\/\"},\"sameAs\":[\"https:\\\/\\\/www.facebook.com\\\/FloridaReproFreedom\\\/\",\"https:\\\/\\\/x.com\\\/FLReproFreedom\",\"https:\\\/\\\/www.instagram.com\\\/floridareprofreedom\\\/\"]}]}<\/script>\n<!-- \/ Yoast SEO plugin. -->","yoast_head_json":{"title":"Wi! Av\u00f2tman toujou legal nan Florid - OLD - Floridians For Reproductive Freedom","description":"Apati jodi a, av\u00f2tman legal jiska 15 sem\u00e8n ak 6 jou nan Florid. Ch\u00e8che founis\u00e8 av\u00f2tman ki pi pre a epi jwenn lyen pou fon av\u00f2tman nan Florid ki ka ede kouvri depans yo.","robots":{"index":"index","follow":"follow","max-snippet":"max-snippet:-1","max-image-preview":"max-image-preview:large","max-video-preview":"max-video-preview:-1"},"canonical":"https:\/\/floridareprofreedom.org\/ht\/avotman-legal-nan-florid-ansyen\/","og_locale":"ht_HT","og_type":"article","og_title":"Yes! Abortion is still legal in Florida - OLD - Floridians For Reproductive Freedom","og_description":"As of today, abortion is legal up the 15 weeks and 6 days in Florida. Search for the closest abortion provider & get links to Florida abortion funds who can help cover costs.","og_url":"https:\/\/floridareprofreedom.org\/ht\/avotman-legal-nan-florid-ansyen\/","og_site_name":"Floridians For Reproductive Freedom","article_publisher":"https:\/\/www.facebook.com\/FloridaReproFreedom\/","article_modified_time":"2026-01-27T18:51:15+00:00","og_image":[{"width":750,"height":711,"url":"https:\/\/floridareprofreedom.org\/wp-content\/uploads\/2020\/11\/play.png","type":"image\/png"}],"twitter_card":"summary_large_image","twitter_site":"@FLReproFreedom","twitter_misc":{"Est. reading time":"3 minutes"},"schema":{"@context":"https:\/\/schema.org","@graph":[{"@type":"WebPage","@id":"https:\/\/floridareprofreedom.org\/abortionislegalinflorida-old\/","url":"https:\/\/floridareprofreedom.org\/abortionislegalinflorida-old\/","name":"Wi! Av\u00f2tman toujou legal nan Florid - OLD - Floridians For Reproductive Freedom","isPartOf":{"@id":"https:\/\/floridareprofreedom.org\/#website"},"primaryImageOfPage":{"@id":"https:\/\/floridareprofreedom.org\/abortionislegalinflorida-old\/#primaryimage"},"image":{"@id":"https:\/\/floridareprofreedom.org\/abortionislegalinflorida-old\/#primaryimage"},"thumbnailUrl":"https:\/\/floridareprofreedom.org\/wp-content\/uploads\/2020\/11\/play.png","datePublished":"2020-11-13T14:32:29+00:00","dateModified":"2026-01-27T18:51:15+00:00","description":"Apati jodi a, av\u00f2tman legal jiska 15 sem\u00e8n ak 6 jou nan Florid. Ch\u00e8che founis\u00e8 av\u00f2tman ki pi pre a epi jwenn lyen pou fon av\u00f2tman nan Florid ki ka ede kouvri depans yo.","breadcrumb":{"@id":"https:\/\/floridareprofreedom.org\/abortionislegalinflorida-old\/#breadcrumb"},"inLanguage":"ht","potentialAction":[{"@type":"ReadAction","target":["https:\/\/floridareprofreedom.org\/abortionislegalinflorida-old\/"]}]},{"@type":"ImageObject","inLanguage":"ht","@id":"https:\/\/floridareprofreedom.org\/abortionislegalinflorida-old\/#primaryimage","url":"https:\/\/floridareprofreedom.org\/wp-content\/uploads\/2020\/11\/play.png","contentUrl":"https:\/\/floridareprofreedom.org\/wp-content\/uploads\/2020\/11\/play.png","width":750,"height":711,"caption":"FL Map: Abortion Providers"},{"@type":"BreadcrumbList","@id":"https:\/\/floridareprofreedom.org\/abortionislegalinflorida-old\/#breadcrumb","itemListElement":[{"@type":"ListItem","position":1,"name":"Home","item":"https:\/\/floridareprofreedom.org\/"},{"@type":"ListItem","position":2,"name":"Yes! Abortion is still legal in Florida &#8211; OLD"}]},{"@type":"WebSite","@id":"https:\/\/floridareprofreedom.org\/#website","url":"https:\/\/floridareprofreedom.org\/","name":"Floridyen pou lib\u00e8te repwodiktif","description":"Ap defann aks\u00e8 pratik, ab\u00f2dab, epi an sekirite a swen sante repwodiktif, tankou av\u00f2tman.","publisher":{"@id":"https:\/\/floridareprofreedom.org\/#organization"},"potentialAction":[{"@type":"SearchAction","target":{"@type":"EntryPoint","urlTemplate":"https:\/\/floridareprofreedom.org\/?s={search_term_string}"},"query-input":{"@type":"PropertyValueSpecification","valueRequired":true,"valueName":"search_term_string"}}],"inLanguage":"ht"},{"@type":"Organization","@id":"https:\/\/floridareprofreedom.org\/#organization","name":"Floridyen pou Lib\u00e8te Repwodiktif","url":"https:\/\/floridareprofreedom.org\/","logo":{"@type":"ImageObject","inLanguage":"ht","@id":"https:\/\/floridareprofreedom.org\/#\/schema\/logo\/image\/","url":"https:\/\/floridareprofreedom.org\/wp-content\/uploads\/2019\/05\/Untitled.jpg","contentUrl":"https:\/\/floridareprofreedom.org\/wp-content\/uploads\/2019\/05\/Untitled.jpg","width":174,"height":180,"caption":"Floridians for Reproductive Freedom"},"image":{"@id":"https:\/\/floridareprofreedom.org\/#\/schema\/logo\/image\/"},"sameAs":["https:\/\/www.facebook.com\/FloridaReproFreedom\/","https:\/\/x.com\/FLReproFreedom","https:\/\/www.instagram.com\/floridareprofreedom\/"]}]}},"_links":{"self":[{"href":"https:\/\/floridareprofreedom.org\/ht\/wp-json\/wp\/v2\/pages\/1414","targetHints":{"allow":["GET"]}}],"collection":[{"href":"https:\/\/floridareprofreedom.org\/ht\/wp-json\/wp\/v2\/pages"}],"about":[{"href":"https:\/\/floridareprofreedom.org\/ht\/wp-json\/wp\/v2\/types\/page"}],"author":[{"embeddable":true,"href":"https:\/\/floridareprofreedom.org\/ht\/wp-json\/wp\/v2\/users\/3"}],"replies":[{"embeddable":true,"href":"https:\/\/floridareprofreedom.org\/ht\/wp-json\/wp\/v2\/comments?post=1414"}],"version-history":[{"count":67,"href":"https:\/\/floridareprofreedom.org\/ht\/wp-json\/wp\/v2\/pages\/1414\/revisions"}],"predecessor-version":[{"id":4754,"href":"https:\/\/floridareprofreedom.org\/ht\/wp-json\/wp\/v2\/pages\/1414\/revisions\/4754"}],"wp:featuredmedia":[{"embeddable":true,"href":"https:\/\/floridareprofreedom.org\/ht\/wp-json\/wp\/v2\/media\/1415"}],"wp:attachment":[{"href":"https:\/\/floridareprofreedom.org\/ht\/wp-json\/wp\/v2\/media?parent=1414"}],"wp:term":[{"taxonomy":"folder","embeddable":true,"href":"https:\/\/floridareprofreedom.org\/ht\/wp-json\/wp\/v2\/folder?post=1414"}],"curies":[{"name":"wp","href":"https:\/\/api.w.org\/{rel}","templated":true}]}}